{"id":2177,"date":"2023-06-05T16:40:36","date_gmt":"2023-06-05T14:40:36","guid":{"rendered":"https:\/\/macote.fr\/?post_type=product&#038;p=2177"},"modified":"2025-05-07T11:10:36","modified_gmt":"2025-05-07T09:10:36","slug":"pomo-del-cambio-cristal-bmw","status":"publish","type":"product","link":"https:\/\/macote.fr\/es\/producto\/pomo-del-cambio-cristal-bmw\/","title":{"rendered":"Pomo del cambio de cristal BMW"},"content":{"rendered":"<h2>Pomo de cristal BMW<\/h2>\n<p>El pomo de cambio Crystal para BMW es la elecci\u00f3n perfecta para los entusiastas del autom\u00f3vil que buscan un toque de elegancia y estilo en su habit\u00e1culo. Fabricado con materiales de alta calidad, este pomo de cambio combina un dise\u00f1o sofisticado y una funcionalidad excepcional para una experiencia de conducci\u00f3n incomparable.<\/p>\n<h3>Elegancia<\/h3>\n<p>El pomo de la palanca de cambios cuenta con una hermosa inserci\u00f3n de cristal, que capta sutilmente la luz y a\u00f1ade un toque de lujo al interior de su BMW. Su dise\u00f1o ergon\u00f3mico ofrece un agarre c\u00f3modo. El cristal reflejar\u00e1 todos los reflejos del sol en su habit\u00e1culo, dando a su BMW un aspecto ultra lujoso.<\/p>\n<h3>Instalaci\u00f3n sencilla<\/h3>\n<p>Dise\u00f1ado espec\u00edficamente para adaptarse a los modelos BMW, este pomo de cambio es f\u00e1cil de instalar y no requiere modificaciones adicionales. Simplemente enr\u00f3squelo en el v\u00e1stago de la palanca de cambios existente y estar\u00e1 listo para disfrutar de su refinada est\u00e9tica.<\/p>\n<p>El pomo de cristal para cambio de marchas BMW no s\u00f3lo es un accesorio atractivo, sino que tambi\u00e9n est\u00e1 fabricado para durar. Su s\u00f3lida construcci\u00f3n y su resistencia al desgaste garantizan un uso fiable y duradero a lo largo del tiempo.<\/p>\n<h3>palanca de cristal, motor de arranque de cristal, rueda selectora de cristal<\/h3>\n<p>Adem\u00e1s de la palanca de cambios, aproveche el selector I drive y el bot\u00f3n de cristal de arranque del motor para poner a punto el interior de su BMW.<\/p>\n<p>A\u00f1ada un toque de sofisticaci\u00f3n a su BMW y transforme su experiencia de conducci\u00f3n con el Pomo de Cristal BMW. Experimente la uni\u00f3n perfecta entre lujo, estilo y rendimiento, y d\u00e9jese impresionar por la atenci\u00f3n al detalle de este excepcional pomo de cambio.<\/p>\n<h3>\u00a1Atenci\u00f3n!<\/h3>\n<p>Al comprar una palanca de cambios de cristal, debe :<\/p>\n<p>-comprueba la compatibilidad de tu modelo con la rejilla proporcionada<\/p>\n<p>-Env\u00edenos una foto de su pomo de cambio y el modelo de su BMW a la siguiente direcci\u00f3n de correo electr\u00f3nico: contact@macote.fr<\/p>\n<p>-Env\u00edenos su modelo (por ejemplo): X1 F48 o Serie 3 G20<\/p>\n<p>-Especifique su modelo BMW en el momento de la compra.<\/p>\n<p>&nbsp;<\/p>","protected":false},"excerpt":{"rendered":"<p>A\u00f1ada un toque de sofisticaci\u00f3n a su BMW y transforme su experiencia de conducci\u00f3n con el Pomo de Cristal BMW. Experimente la uni\u00f3n perfecta entre lujo, estilo y rendimiento, y d\u00e9jese impresionar por la atenci\u00f3n al detalle de este excepcional pomo de cambio.<\/p>","protected":false},"featured_media":2179,"comment_status":"open","ping_status":"closed","template":"","meta":{"_eb_attr":""},"product_brand":[],"product_cat":[66],"product_tag":[],"class_list":{"0":"post-2177","1":"product","2":"type-product","3":"status-publish","4":"has-post-thumbnail","6":"product_cat-modifications-interieurs","8":"first","9":"instock","10":"taxable","11":"shipping-taxable","12":"purchasable","13":"product-type-simple"},"yoast_head":"<!-- This site is optimized with the Yoast SEO Premium plugin v20.7 (Yoast SEO v27.4) - https:\/\/yoast.com\/product\/yoast-seo-premium-wordpress\/ -->\n<title>Pommeau de vitesse cristal BMW - MaCote.fr<\/title>\n<meta name=\"description\" content=\"Gr\u00e2ce au Pommeau de Vitesse Cristal BMW, faites l&#039;exp\u00e9rience du mariage parfait entre luxe, style et performance. Profitez d&#039;une sophistication exceptionnel\" \/>\n<meta name=\"robots\" content=\"index, follow, max-snippet:-1, max-image-preview:large, max-video-preview:-1\" \/>\n<link rel=\"canonical\" href=\"https:\/\/macote.fr\/es\/producto\/pomo-del-cambio-cristal-bmw\/\" \/>\n<meta property=\"og:locale\" content=\"es_ES\" \/>\n<meta property=\"og:type\" content=\"article\" \/>\n<meta property=\"og:title\" content=\"Pommeau de vitesse cristal BMW\" \/>\n<meta property=\"og:description\" content=\"Gr\u00e2ce au Pommeau de Vitesse Cristal BMW, faites l&#039;exp\u00e9rience du mariage parfait entre luxe, style et performance. Profitez d&#039;une sophistication exceptionnel\" \/>\n<meta property=\"og:url\" content=\"https:\/\/macote.fr\/es\/producto\/pomo-del-cambio-cristal-bmw\/\" \/>\n<meta property=\"og:site_name\" content=\"MaCote.fr\" \/>\n<meta property=\"article:publisher\" content=\"https:\/\/www.facebook.com\/profile.php?id=100091476586119\" \/>\n<meta property=\"article:modified_time\" content=\"2025-05-07T09:10:36+00:00\" \/>\n<meta property=\"og:image\" content=\"https:\/\/macote.fr\/wp-content\/uploads\/2023\/06\/peaumau-de-vitessse-en-crystal-e1685975084987.jpeg\" \/>\n\t<meta property=\"og:image:width\" content=\"1000\" \/>\n\t<meta property=\"og:image:height\" content=\"685\" \/>\n\t<meta property=\"og:image:type\" content=\"image\/jpeg\" \/>\n<meta name=\"twitter:card\" content=\"summary_large_image\" \/>\n<meta name=\"twitter:label1\" content=\"Tiempo de lectura\" \/>\n\t<meta name=\"twitter:data1\" content=\"2 minutos\" \/>\n<script type=\"application\/ld+json\" class=\"yoast-schema-graph\">{\"@context\":\"https:\\\/\\\/schema.org\",\"@graph\":[{\"@type\":\"WebPage\",\"@id\":\"https:\\\/\\\/macote.fr\\\/produit\\\/pommeau-de-vitesse-cristal-bmw\\\/\",\"url\":\"https:\\\/\\\/macote.fr\\\/produit\\\/pommeau-de-vitesse-cristal-bmw\\\/\",\"name\":\"Pommeau de vitesse cristal BMW - MaCote.fr\",\"isPartOf\":{\"@id\":\"https:\\\/\\\/macote.fr\\\/#website\"},\"primaryImageOfPage\":{\"@id\":\"https:\\\/\\\/macote.fr\\\/produit\\\/pommeau-de-vitesse-cristal-bmw\\\/#primaryimage\"},\"image\":{\"@id\":\"https:\\\/\\\/macote.fr\\\/produit\\\/pommeau-de-vitesse-cristal-bmw\\\/#primaryimage\"},\"thumbnailUrl\":\"https:\\\/\\\/macote.fr\\\/wp-content\\\/uploads\\\/2023\\\/06\\\/peaumau-de-vitessse-en-crystal-e1685975084987.jpeg\",\"datePublished\":\"2023-06-05T14:40:36+00:00\",\"dateModified\":\"2025-05-07T09:10:36+00:00\",\"description\":\"Gr\u00e2ce au Pommeau de Vitesse Cristal BMW, faites l'exp\u00e9rience du mariage parfait entre luxe, style et performance. Profitez d'une sophistication exceptionnel\",\"breadcrumb\":{\"@id\":\"https:\\\/\\\/macote.fr\\\/produit\\\/pommeau-de-vitesse-cristal-bmw\\\/#breadcrumb\"},\"inLanguage\":\"es\",\"potentialAction\":[{\"@type\":\"ReadAction\",\"target\":[\"https:\\\/\\\/macote.fr\\\/produit\\\/pommeau-de-vitesse-cristal-bmw\\\/\"]}]},{\"@type\":\"ImageObject\",\"inLanguage\":\"es\",\"@id\":\"https:\\\/\\\/macote.fr\\\/produit\\\/pommeau-de-vitesse-cristal-bmw\\\/#primaryimage\",\"url\":\"https:\\\/\\\/macote.fr\\\/wp-content\\\/uploads\\\/2023\\\/06\\\/peaumau-de-vitessse-en-crystal-e1685975084987.jpeg\",\"contentUrl\":\"https:\\\/\\\/macote.fr\\\/wp-content\\\/uploads\\\/2023\\\/06\\\/peaumau-de-vitessse-en-crystal-e1685975084987.jpeg\",\"width\":1000,\"height\":685,\"caption\":\"Pommeau de vitesse cristal BMW\"},{\"@type\":\"BreadcrumbList\",\"@id\":\"https:\\\/\\\/macote.fr\\\/produit\\\/pommeau-de-vitesse-cristal-bmw\\\/#breadcrumb\",\"itemListElement\":[{\"@type\":\"ListItem\",\"position\":1,\"name\":\"Accueil\",\"item\":\"https:\\\/\\\/macote.fr\\\/\"},{\"@type\":\"ListItem\",\"position\":2,\"name\":\"Boutique\",\"item\":\"https:\\\/\\\/macote.fr\\\/boutique\\\/\"},{\"@type\":\"ListItem\",\"position\":3,\"name\":\"Pommeau de vitesse cristal BMW\"}]},{\"@type\":\"WebSite\",\"@id\":\"https:\\\/\\\/macote.fr\\\/#website\",\"url\":\"https:\\\/\\\/macote.fr\\\/\",\"name\":\"MaCote.fr\",\"description\":\"BMW best accessories\",\"publisher\":{\"@id\":\"https:\\\/\\\/macote.fr\\\/#organization\"},\"alternateName\":\"BMW tuning\",\"potentialAction\":[{\"@type\":\"SearchAction\",\"target\":{\"@type\":\"EntryPoint\",\"urlTemplate\":\"https:\\\/\\\/macote.fr\\\/?s={search_term_string}\"},\"query-input\":{\"@type\":\"PropertyValueSpecification\",\"valueRequired\":true,\"valueName\":\"search_term_string\"}}],\"inLanguage\":\"es\"},{\"@type\":\"Organization\",\"@id\":\"https:\\\/\\\/macote.fr\\\/#organization\",\"name\":\"Macote.fr\",\"alternateName\":\"BMW tuning\",\"url\":\"https:\\\/\\\/macote.fr\\\/\",\"logo\":{\"@type\":\"ImageObject\",\"inLanguage\":\"es\",\"@id\":\"https:\\\/\\\/macote.fr\\\/#\\\/schema\\\/logo\\\/image\\\/\",\"url\":\"https:\\\/\\\/macote.fr\\\/wp-content\\\/uploads\\\/2023\\\/11\\\/LOGO-macote.fr-dessin-bmw-noir-copy.jpg\",\"contentUrl\":\"https:\\\/\\\/macote.fr\\\/wp-content\\\/uploads\\\/2023\\\/11\\\/LOGO-macote.fr-dessin-bmw-noir-copy.jpg\",\"width\":732,\"height\":456,\"caption\":\"Macote.fr\"},\"image\":{\"@id\":\"https:\\\/\\\/macote.fr\\\/#\\\/schema\\\/logo\\\/image\\\/\"},\"sameAs\":[\"https:\\\/\\\/www.facebook.com\\\/profile.php?id=100091476586119\",\"https:\\\/\\\/www.youtube.com\\\/channel\\\/UCgO-YTbaxYO-w_C5GfL-_1w\",\"https:\\\/\\\/www.tiktok.com\\\/@macote.fr?is_from_webapp=1&sender_device=pc\",\"https:\\\/\\\/www.instagram.com\\\/i_xila_i\\\/\"]}]}<\/script>\n<!-- \/ Yoast SEO Premium plugin. -->","yoast_head_json":{"title":"Pomo de la palanca de cambios de cristal BMW - MaCote.fr","description":"Experimente la mezcla perfecta de lujo, estilo y rendimiento con el Pomo de Cristal BMW. Disfrute de una sofisticaci\u00f3n excepcional","robots":{"index":"index","follow":"follow","max-snippet":"max-snippet:-1","max-image-preview":"max-image-preview:large","max-video-preview":"max-video-preview:-1"},"canonical":"https:\/\/macote.fr\/es\/producto\/pomo-del-cambio-cristal-bmw\/","og_locale":"es_ES","og_type":"article","og_title":"Pommeau de vitesse cristal BMW","og_description":"Gr\u00e2ce au Pommeau de Vitesse Cristal BMW, faites l'exp\u00e9rience du mariage parfait entre luxe, style et performance. Profitez d'une sophistication exceptionnel","og_url":"https:\/\/macote.fr\/es\/producto\/pomo-del-cambio-cristal-bmw\/","og_site_name":"MaCote.fr","article_publisher":"https:\/\/www.facebook.com\/profile.php?id=100091476586119","article_modified_time":"2025-05-07T09:10:36+00:00","og_image":[{"width":1000,"height":685,"url":"https:\/\/macote.fr\/wp-content\/uploads\/2023\/06\/peaumau-de-vitessse-en-crystal-e1685975084987.jpeg","type":"image\/jpeg"}],"twitter_card":"summary_large_image","twitter_misc":{"Tiempo de lectura":"2 minutos"},"schema":{"@context":"https:\/\/schema.org","@graph":[{"@type":"WebPage","@id":"https:\/\/macote.fr\/produit\/pommeau-de-vitesse-cristal-bmw\/","url":"https:\/\/macote.fr\/produit\/pommeau-de-vitesse-cristal-bmw\/","name":"Pomo de la palanca de cambios de cristal BMW - MaCote.fr","isPartOf":{"@id":"https:\/\/macote.fr\/#website"},"primaryImageOfPage":{"@id":"https:\/\/macote.fr\/produit\/pommeau-de-vitesse-cristal-bmw\/#primaryimage"},"image":{"@id":"https:\/\/macote.fr\/produit\/pommeau-de-vitesse-cristal-bmw\/#primaryimage"},"thumbnailUrl":"https:\/\/macote.fr\/wp-content\/uploads\/2023\/06\/peaumau-de-vitessse-en-crystal-e1685975084987.jpeg","datePublished":"2023-06-05T14:40:36+00:00","dateModified":"2025-05-07T09:10:36+00:00","description":"Experimente la mezcla perfecta de lujo, estilo y rendimiento con el Pomo de Cristal BMW. Disfrute de una sofisticaci\u00f3n excepcional","breadcrumb":{"@id":"https:\/\/macote.fr\/produit\/pommeau-de-vitesse-cristal-bmw\/#breadcrumb"},"inLanguage":"es","potentialAction":[{"@type":"ReadAction","target":["https:\/\/macote.fr\/produit\/pommeau-de-vitesse-cristal-bmw\/"]}]},{"@type":"ImageObject","inLanguage":"es","@id":"https:\/\/macote.fr\/produit\/pommeau-de-vitesse-cristal-bmw\/#primaryimage","url":"https:\/\/macote.fr\/wp-content\/uploads\/2023\/06\/peaumau-de-vitessse-en-crystal-e1685975084987.jpeg","contentUrl":"https:\/\/macote.fr\/wp-content\/uploads\/2023\/06\/peaumau-de-vitessse-en-crystal-e1685975084987.jpeg","width":1000,"height":685,"caption":"Pommeau de vitesse cristal BMW"},{"@type":"BreadcrumbList","@id":"https:\/\/macote.fr\/produit\/pommeau-de-vitesse-cristal-bmw\/#breadcrumb","itemListElement":[{"@type":"ListItem","position":1,"name":"Accueil","item":"https:\/\/macote.fr\/"},{"@type":"ListItem","position":2,"name":"Boutique","item":"https:\/\/macote.fr\/boutique\/"},{"@type":"ListItem","position":3,"name":"Pommeau de vitesse cristal BMW"}]},{"@type":"WebSite","@id":"https:\/\/macote.fr\/#website","url":"https:\/\/macote.fr\/","name":"MyQuote.com","description":"Los mejores accesorios BMW","publisher":{"@id":"https:\/\/macote.fr\/#organization"},"alternateName":"BMW tuning","potentialAction":[{"@type":"SearchAction","target":{"@type":"EntryPoint","urlTemplate":"https:\/\/macote.fr\/?s={search_term_string}"},"query-input":{"@type":"PropertyValueSpecification","valueRequired":true,"valueName":"search_term_string"}}],"inLanguage":"es"},{"@type":"Organization","@id":"https:\/\/macote.fr\/#organization","name":"Macote.es","alternateName":"BMW tuning","url":"https:\/\/macote.fr\/","logo":{"@type":"ImageObject","inLanguage":"es","@id":"https:\/\/macote.fr\/#\/schema\/logo\/image\/","url":"https:\/\/macote.fr\/wp-content\/uploads\/2023\/11\/LOGO-macote.fr-dessin-bmw-noir-copy.jpg","contentUrl":"https:\/\/macote.fr\/wp-content\/uploads\/2023\/11\/LOGO-macote.fr-dessin-bmw-noir-copy.jpg","width":732,"height":456,"caption":"Macote.fr"},"image":{"@id":"https:\/\/macote.fr\/#\/schema\/logo\/image\/"},"sameAs":["https:\/\/www.facebook.com\/profile.php?id=100091476586119","https:\/\/www.youtube.com\/channel\/UCgO-YTbaxYO-w_C5GfL-_1w","https:\/\/www.tiktok.com\/@macote.fr?is_from_webapp=1&sender_device=pc","https:\/\/www.instagram.com\/i_xila_i\/"]}]}},"_links":{"self":[{"href":"https:\/\/macote.fr\/es\/wp-json\/wp\/v2\/product\/2177","targetHints":{"allow":["GET"]}}],"collection":[{"href":"https:\/\/macote.fr\/es\/wp-json\/wp\/v2\/product"}],"about":[{"href":"https:\/\/macote.fr\/es\/wp-json\/wp\/v2\/types\/product"}],"replies":[{"embeddable":true,"href":"https:\/\/macote.fr\/es\/wp-json\/wp\/v2\/comments?post=2177"}],"wp:featuredmedia":[{"embeddable":true,"href":"https:\/\/macote.fr\/es\/wp-json\/wp\/v2\/media\/2179"}],"wp:attachment":[{"href":"https:\/\/macote.fr\/es\/wp-json\/wp\/v2\/media?parent=2177"}],"wp:term":[{"taxonomy":"product_brand","embeddable":true,"href":"https:\/\/macote.fr\/es\/wp-json\/wp\/v2\/product_brand?post=2177"},{"taxonomy":"product_cat","embeddable":true,"href":"https:\/\/macote.fr\/es\/wp-json\/wp\/v2\/product_cat?post=2177"},{"taxonomy":"product_tag","embeddable":true,"href":"https:\/\/macote.fr\/es\/wp-json\/wp\/v2\/product_tag?post=2177"}],"curies":[{"name":"wp","href":"https:\/\/api.w.org\/{rel}","templated":true}]}}