{"id":2226,"date":"2023-06-19T14:17:24","date_gmt":"2023-06-19T12:17:24","guid":{"rendered":"https:\/\/macote.fr\/?post_type=product&#038;p=2226"},"modified":"2024-02-23T00:02:31","modified_gmt":"2024-02-22T23:02:31","slug":"meter-bmw-e46-cerclage-cromo","status":"publish","type":"product","link":"https:\/\/macote.fr\/es\/producto\/meter-bmw-e46-cerclage-cromo\/","title":{"rendered":"BMW E46 Chrome Clad Meter"},"content":{"rendered":"<p>Descubra nuestros impresionantes embellecedores cromados para cuentakil\u00f3metros BMW E46, el accesorio perfecto para mejorar la est\u00e9tica del interior de su veh\u00edculo. Hechos a mano con meticulosa precisi\u00f3n y cuidado, estos anillos de medidores est\u00e1n dise\u00f1ados para integrarse perfectamente en el salpicadero de su BMW E46, a\u00f1adiendo un toque de elegancia y sofisticaci\u00f3n a su experiencia de conducci\u00f3n.<\/p>\n<p>Introducido por primera vez en el BMW M3 E46, ahora puede aprovechar el refinamiento proporcionado por estos anillos cromados para resaltar la base y las manecillas de su veloc\u00edmetro.<\/p>\n<p>Fabricados con materiales cromados de alta calidad, estos anillos de contador no s\u00f3lo ofrecen una actualizaci\u00f3n elegante, sino que tambi\u00e9n garantizan una durabilidad excepcional, asegurando que resistir\u00e1n la prueba del tiempo. El acabado cromado a\u00f1ade un aspecto elegante y pulido, en armon\u00eda con el dise\u00f1o general de su BMW E46.<\/p>\n<p>La instalaci\u00f3n es un juego de ni\u00f1os gracias a las medidas precisas y el ajuste perfecto de estos anillos de veloc\u00edmetro. Est\u00e1n especialmente dise\u00f1ados para adaptarse a los contornos de la base del veloc\u00edmetro de su BMW E46, garantizando una integraci\u00f3n perfecta sin necesidad de modificaciones.<\/p>\n<p>Con su impecable dise\u00f1o y excepcional calidad, los cuentakil\u00f3metros BMW E46 Cerclage Chrom\u00e9 son una actualizaci\u00f3n esencial para cualquier entusiasta de BMW que busque mejorar su experiencia de conducci\u00f3n. Transforme su interior con un toque de lujo y refinamiento.<\/p>","protected":false},"excerpt":{"rendered":"<p>Descubra nuestros impresionantes biseles cromados de cuentakil\u00f3metros para BMW E46, el accesorio perfecto para mejorar la est\u00e9tica del interior de su veh\u00edculo. Fabricados con meticulosa precisi\u00f3n y cuidado, estos anillos de medidores est\u00e1n dise\u00f1ados para integrarse perfectamente en el salpicadero de su BMW E46, a\u00f1adiendo un toque de elegancia.<\/p>","protected":false},"featured_media":2229,"comment_status":"open","ping_status":"closed","template":"","meta":{"_eb_attr":""},"product_brand":[],"product_cat":[132,147,66],"product_tag":[],"class_list":{"0":"post-2226","1":"product","2":"type-product","3":"status-publish","4":"has-post-thumbnail","6":"product_cat-bmw-serie-3","7":"product_cat-bmw-serie-3-e46","8":"product_cat-modifications-interieurs","10":"first","11":"instock","12":"taxable","13":"shipping-taxable","14":"purchasable","15":"product-type-simple"},"yoast_head":"<!-- This site is optimized with the Yoast SEO Premium plugin v20.7 (Yoast SEO v27.3) - https:\/\/yoast.com\/product\/yoast-seo-premium-wordpress\/ -->\n<title>Compteur BMW E46 Cerclage Chrom\u00e9 - MaCote.fr<\/title>\n<meta name=\"description\" content=\"D\u00e9couvrez nos superbes Compteur BMW E46 Cerclage Chrom\u00e9, donnez un style haut de gamme \u00e0 l&#039;int\u00e9rieur de votre BMW E46 et un look de M3 !\" \/>\n<meta name=\"robots\" content=\"index, follow, max-snippet:-1, max-image-preview:large, max-video-preview:-1\" \/>\n<link rel=\"canonical\" href=\"https:\/\/macote.fr\/es\/producto\/meter-bmw-e46-cerclage-cromo\/\" \/>\n<meta property=\"og:locale\" content=\"es_ES\" \/>\n<meta property=\"og:type\" content=\"article\" \/>\n<meta property=\"og:title\" content=\"Compteur BMW E46 Cerclage Chrom\u00e9\" \/>\n<meta property=\"og:description\" content=\"D\u00e9couvrez nos superbes Compteur BMW E46 Cerclage Chrom\u00e9, donnez un style haut de gamme \u00e0 l&#039;int\u00e9rieur de votre BMW E46 et un look de M3 !\" \/>\n<meta property=\"og:url\" content=\"https:\/\/macote.fr\/es\/producto\/meter-bmw-e46-cerclage-cromo\/\" \/>\n<meta property=\"og:site_name\" content=\"MaCote.fr\" \/>\n<meta property=\"article:publisher\" content=\"https:\/\/www.facebook.com\/profile.php?id=100091476586119\" \/>\n<meta property=\"article:modified_time\" content=\"2024-02-22T23:02:31+00:00\" \/>\n<meta property=\"og:image\" content=\"https:\/\/macote.fr\/wp-content\/uploads\/2023\/06\/cerclage-chrome-compteur-bmw-e46.jpeg\" \/>\n\t<meta property=\"og:image:width\" content=\"1001\" \/>\n\t<meta property=\"og:image:height\" content=\"1001\" \/>\n\t<meta property=\"og:image:type\" content=\"image\/jpeg\" \/>\n<meta name=\"twitter:card\" content=\"summary_large_image\" \/>\n<meta name=\"twitter:label1\" content=\"Tiempo de lectura\" \/>\n\t<meta name=\"twitter:data1\" content=\"2 minutos\" \/>\n<script type=\"application\/ld+json\" class=\"yoast-schema-graph\">{\"@context\":\"https:\\\/\\\/schema.org\",\"@graph\":[{\"@type\":\"WebPage\",\"@id\":\"https:\\\/\\\/macote.fr\\\/produit\\\/compteur-bmw-e46-cerclage-chrome\\\/\",\"url\":\"https:\\\/\\\/macote.fr\\\/produit\\\/compteur-bmw-e46-cerclage-chrome\\\/\",\"name\":\"Compteur BMW E46 Cerclage Chrom\u00e9 - MaCote.fr\",\"isPartOf\":{\"@id\":\"https:\\\/\\\/macote.fr\\\/#website\"},\"primaryImageOfPage\":{\"@id\":\"https:\\\/\\\/macote.fr\\\/produit\\\/compteur-bmw-e46-cerclage-chrome\\\/#primaryimage\"},\"image\":{\"@id\":\"https:\\\/\\\/macote.fr\\\/produit\\\/compteur-bmw-e46-cerclage-chrome\\\/#primaryimage\"},\"thumbnailUrl\":\"https:\\\/\\\/macote.fr\\\/wp-content\\\/uploads\\\/2023\\\/06\\\/cerclage-chrome-compteur-bmw-e46.jpeg\",\"datePublished\":\"2023-06-19T12:17:24+00:00\",\"dateModified\":\"2024-02-22T23:02:31+00:00\",\"description\":\"D\u00e9couvrez nos superbes Compteur BMW E46 Cerclage Chrom\u00e9, donnez un style haut de gamme \u00e0 l'int\u00e9rieur de votre BMW E46 et un look de M3 !\",\"breadcrumb\":{\"@id\":\"https:\\\/\\\/macote.fr\\\/produit\\\/compteur-bmw-e46-cerclage-chrome\\\/#breadcrumb\"},\"inLanguage\":\"es\",\"potentialAction\":[{\"@type\":\"ReadAction\",\"target\":[\"https:\\\/\\\/macote.fr\\\/produit\\\/compteur-bmw-e46-cerclage-chrome\\\/\"]}]},{\"@type\":\"ImageObject\",\"inLanguage\":\"es\",\"@id\":\"https:\\\/\\\/macote.fr\\\/produit\\\/compteur-bmw-e46-cerclage-chrome\\\/#primaryimage\",\"url\":\"https:\\\/\\\/macote.fr\\\/wp-content\\\/uploads\\\/2023\\\/06\\\/cerclage-chrome-compteur-bmw-e46.jpeg\",\"contentUrl\":\"https:\\\/\\\/macote.fr\\\/wp-content\\\/uploads\\\/2023\\\/06\\\/cerclage-chrome-compteur-bmw-e46.jpeg\",\"width\":1001,\"height\":1001,\"caption\":\"compteur bmw e46 cerclage chrom\u00e9\"},{\"@type\":\"BreadcrumbList\",\"@id\":\"https:\\\/\\\/macote.fr\\\/produit\\\/compteur-bmw-e46-cerclage-chrome\\\/#breadcrumb\",\"itemListElement\":[{\"@type\":\"ListItem\",\"position\":1,\"name\":\"Accueil\",\"item\":\"https:\\\/\\\/macote.fr\\\/\"},{\"@type\":\"ListItem\",\"position\":2,\"name\":\"Boutique\",\"item\":\"https:\\\/\\\/macote.fr\\\/boutique\\\/\"},{\"@type\":\"ListItem\",\"position\":3,\"name\":\"Compteur BMW E46 Cerclage Chrom\u00e9\"}]},{\"@type\":\"WebSite\",\"@id\":\"https:\\\/\\\/macote.fr\\\/#website\",\"url\":\"https:\\\/\\\/macote.fr\\\/\",\"name\":\"MaCote.fr\",\"description\":\"BMW best accessories\",\"publisher\":{\"@id\":\"https:\\\/\\\/macote.fr\\\/#organization\"},\"alternateName\":\"BMW tuning\",\"potentialAction\":[{\"@type\":\"SearchAction\",\"target\":{\"@type\":\"EntryPoint\",\"urlTemplate\":\"https:\\\/\\\/macote.fr\\\/?s={search_term_string}\"},\"query-input\":{\"@type\":\"PropertyValueSpecification\",\"valueRequired\":true,\"valueName\":\"search_term_string\"}}],\"inLanguage\":\"es\"},{\"@type\":\"Organization\",\"@id\":\"https:\\\/\\\/macote.fr\\\/#organization\",\"name\":\"Macote.fr\",\"alternateName\":\"BMW tuning\",\"url\":\"https:\\\/\\\/macote.fr\\\/\",\"logo\":{\"@type\":\"ImageObject\",\"inLanguage\":\"es\",\"@id\":\"https:\\\/\\\/macote.fr\\\/#\\\/schema\\\/logo\\\/image\\\/\",\"url\":\"https:\\\/\\\/macote.fr\\\/wp-content\\\/uploads\\\/2023\\\/11\\\/LOGO-macote.fr-dessin-bmw-noir-copy.jpg\",\"contentUrl\":\"https:\\\/\\\/macote.fr\\\/wp-content\\\/uploads\\\/2023\\\/11\\\/LOGO-macote.fr-dessin-bmw-noir-copy.jpg\",\"width\":732,\"height\":456,\"caption\":\"Macote.fr\"},\"image\":{\"@id\":\"https:\\\/\\\/macote.fr\\\/#\\\/schema\\\/logo\\\/image\\\/\"},\"sameAs\":[\"https:\\\/\\\/www.facebook.com\\\/profile.php?id=100091476586119\",\"https:\\\/\\\/www.youtube.com\\\/channel\\\/UCgO-YTbaxYO-w_C5GfL-_1w\",\"https:\\\/\\\/www.tiktok.com\\\/@macote.fr?is_from_webapp=1&sender_device=pc\",\"https:\\\/\\\/www.instagram.com\\\/i_xila_i\\\/\"]}]}<\/script>\n<!-- \/ Yoast SEO Premium plugin. -->","yoast_head_json":{"title":"BMW E46 Anillo cromado medidor - MaCote.fr","description":"Descubra nuestros magn\u00edficos mostradores cromados BMW E46, \u00a1d\u00e9 al interior de su BMW E46 un aspecto M3 de alta gama!","robots":{"index":"index","follow":"follow","max-snippet":"max-snippet:-1","max-image-preview":"max-image-preview:large","max-video-preview":"max-video-preview:-1"},"canonical":"https:\/\/macote.fr\/es\/producto\/meter-bmw-e46-cerclage-cromo\/","og_locale":"es_ES","og_type":"article","og_title":"Compteur BMW E46 Cerclage Chrom\u00e9","og_description":"D\u00e9couvrez nos superbes Compteur BMW E46 Cerclage Chrom\u00e9, donnez un style haut de gamme \u00e0 l'int\u00e9rieur de votre BMW E46 et un look de M3 !","og_url":"https:\/\/macote.fr\/es\/producto\/meter-bmw-e46-cerclage-cromo\/","og_site_name":"MaCote.fr","article_publisher":"https:\/\/www.facebook.com\/profile.php?id=100091476586119","article_modified_time":"2024-02-22T23:02:31+00:00","og_image":[{"width":1001,"height":1001,"url":"https:\/\/macote.fr\/wp-content\/uploads\/2023\/06\/cerclage-chrome-compteur-bmw-e46.jpeg","type":"image\/jpeg"}],"twitter_card":"summary_large_image","twitter_misc":{"Tiempo de lectura":"2 minutos"},"schema":{"@context":"https:\/\/schema.org","@graph":[{"@type":"WebPage","@id":"https:\/\/macote.fr\/produit\/compteur-bmw-e46-cerclage-chrome\/","url":"https:\/\/macote.fr\/produit\/compteur-bmw-e46-cerclage-chrome\/","name":"BMW E46 Anillo cromado medidor - MaCote.fr","isPartOf":{"@id":"https:\/\/macote.fr\/#website"},"primaryImageOfPage":{"@id":"https:\/\/macote.fr\/produit\/compteur-bmw-e46-cerclage-chrome\/#primaryimage"},"image":{"@id":"https:\/\/macote.fr\/produit\/compteur-bmw-e46-cerclage-chrome\/#primaryimage"},"thumbnailUrl":"https:\/\/macote.fr\/wp-content\/uploads\/2023\/06\/cerclage-chrome-compteur-bmw-e46.jpeg","datePublished":"2023-06-19T12:17:24+00:00","dateModified":"2024-02-22T23:02:31+00:00","description":"Descubra nuestros magn\u00edficos mostradores cromados BMW E46, \u00a1d\u00e9 al interior de su BMW E46 un aspecto M3 de alta gama!","breadcrumb":{"@id":"https:\/\/macote.fr\/produit\/compteur-bmw-e46-cerclage-chrome\/#breadcrumb"},"inLanguage":"es","potentialAction":[{"@type":"ReadAction","target":["https:\/\/macote.fr\/produit\/compteur-bmw-e46-cerclage-chrome\/"]}]},{"@type":"ImageObject","inLanguage":"es","@id":"https:\/\/macote.fr\/produit\/compteur-bmw-e46-cerclage-chrome\/#primaryimage","url":"https:\/\/macote.fr\/wp-content\/uploads\/2023\/06\/cerclage-chrome-compteur-bmw-e46.jpeg","contentUrl":"https:\/\/macote.fr\/wp-content\/uploads\/2023\/06\/cerclage-chrome-compteur-bmw-e46.jpeg","width":1001,"height":1001,"caption":"compteur bmw e46 cerclage chrom\u00e9"},{"@type":"BreadcrumbList","@id":"https:\/\/macote.fr\/produit\/compteur-bmw-e46-cerclage-chrome\/#breadcrumb","itemListElement":[{"@type":"ListItem","position":1,"name":"Accueil","item":"https:\/\/macote.fr\/"},{"@type":"ListItem","position":2,"name":"Boutique","item":"https:\/\/macote.fr\/boutique\/"},{"@type":"ListItem","position":3,"name":"Compteur BMW E46 Cerclage Chrom\u00e9"}]},{"@type":"WebSite","@id":"https:\/\/macote.fr\/#website","url":"https:\/\/macote.fr\/","name":"MyQuote.com","description":"Los mejores accesorios BMW","publisher":{"@id":"https:\/\/macote.fr\/#organization"},"alternateName":"BMW tuning","potentialAction":[{"@type":"SearchAction","target":{"@type":"EntryPoint","urlTemplate":"https:\/\/macote.fr\/?s={search_term_string}"},"query-input":{"@type":"PropertyValueSpecification","valueRequired":true,"valueName":"search_term_string"}}],"inLanguage":"es"},{"@type":"Organization","@id":"https:\/\/macote.fr\/#organization","name":"Macote.es","alternateName":"BMW tuning","url":"https:\/\/macote.fr\/","logo":{"@type":"ImageObject","inLanguage":"es","@id":"https:\/\/macote.fr\/#\/schema\/logo\/image\/","url":"https:\/\/macote.fr\/wp-content\/uploads\/2023\/11\/LOGO-macote.fr-dessin-bmw-noir-copy.jpg","contentUrl":"https:\/\/macote.fr\/wp-content\/uploads\/2023\/11\/LOGO-macote.fr-dessin-bmw-noir-copy.jpg","width":732,"height":456,"caption":"Macote.fr"},"image":{"@id":"https:\/\/macote.fr\/#\/schema\/logo\/image\/"},"sameAs":["https:\/\/www.facebook.com\/profile.php?id=100091476586119","https:\/\/www.youtube.com\/channel\/UCgO-YTbaxYO-w_C5GfL-_1w","https:\/\/www.tiktok.com\/@macote.fr?is_from_webapp=1&sender_device=pc","https:\/\/www.instagram.com\/i_xila_i\/"]}]}},"_links":{"self":[{"href":"https:\/\/macote.fr\/es\/wp-json\/wp\/v2\/product\/2226","targetHints":{"allow":["GET"]}}],"collection":[{"href":"https:\/\/macote.fr\/es\/wp-json\/wp\/v2\/product"}],"about":[{"href":"https:\/\/macote.fr\/es\/wp-json\/wp\/v2\/types\/product"}],"replies":[{"embeddable":true,"href":"https:\/\/macote.fr\/es\/wp-json\/wp\/v2\/comments?post=2226"}],"wp:featuredmedia":[{"embeddable":true,"href":"https:\/\/macote.fr\/es\/wp-json\/wp\/v2\/media\/2229"}],"wp:attachment":[{"href":"https:\/\/macote.fr\/es\/wp-json\/wp\/v2\/media?parent=2226"}],"wp:term":[{"taxonomy":"product_brand","embeddable":true,"href":"https:\/\/macote.fr\/es\/wp-json\/wp\/v2\/product_brand?post=2226"},{"taxonomy":"product_cat","embeddable":true,"href":"https:\/\/macote.fr\/es\/wp-json\/wp\/v2\/product_cat?post=2226"},{"taxonomy":"product_tag","embeddable":true,"href":"https:\/\/macote.fr\/es\/wp-json\/wp\/v2\/product_tag?post=2226"}],"curies":[{"name":"wp","href":"https:\/\/api.w.org\/{rel}","templated":true}]}}