{"id":2233,"date":"2023-06-20T09:53:14","date_gmt":"2023-06-20T07:53:14","guid":{"rendered":"https:\/\/macote.fr\/?post_type=product&#038;p=2233"},"modified":"2024-02-23T00:03:40","modified_gmt":"2024-02-22T23:03:40","slug":"pomo-de-la-palanca-de-cambios-carbon-m3-f80","status":"publish","type":"product","link":"https:\/\/macote.fr\/es\/producto\/pomo-de-la-palanca-de-cambios-carbon-m3-f80\/","title":{"rendered":"Pomo del cambio de carbono + inserci\u00f3n de carbono consola central BMW M3 F80, M4 F82, M2 F87, M5 F83, X5M F86, X6M F12"},"content":{"rendered":"<h2><strong>Pomo del cambio de carbono\u00a0<\/strong><\/h2>\n<p>Descubra nuestro pomo de cambio de carbono, el accesorio definitivo para los amantes de la conducci\u00f3n deportiva y el estilo \u00fanico. Fabricado con materiales de carbono de alta calidad, este pomo de cambio aporta un toque de sofisticaci\u00f3n y modernidad al interior de tu veh\u00edculo.<\/p>\n<p>El carbono es famoso por su ligereza, su resistencia excepcional y su aspecto inconfundible. Con su elegante textura y acabado brillante, este pomo de cambio de carbono atraer\u00e1 todas las miradas y a\u00f1adir\u00e1 un toque de lujo al habit\u00e1culo.<\/p>\n<p>Nuestro pomo de cambio de carbono est\u00e1 dise\u00f1ado con precisi\u00f3n para adaptarse perfectamente a la configuraci\u00f3n de su palanca de cambios. La instalaci\u00f3n es r\u00e1pida y sencilla, sin necesidad de herramientas especiales.<\/p>\n<h3>Inserto de fibra de carbono<\/h3>\n<p>Adem\u00e1s, tambi\u00e9n ofrecemos un inserto de carbono para la consola central, que completa la tapicer\u00eda interior con un toque extra de refinamiento. Este inserto de carbono est\u00e1 especialmente dise\u00f1ado para integrarse armoniosamente en la consola central de tu veh\u00edculo, creando un aspecto coherente y limpio.<\/p>\n<p>Fabricado con materiales de carbono de alta calidad, este inserto no s\u00f3lo tiene un aspecto elegante, sino que tambi\u00e9n es extremadamente resistente y duradero. El patr\u00f3n de carbono entretejido aporta una textura \u00fanica a su interior, captando la luz de forma sutil y a\u00f1adiendo una dimensi\u00f3n visual din\u00e1mica.<\/p>\n<p>La instalaci\u00f3n del inserto de carbono para la consola central es sencilla y no requiere modificaciones permanentes.<\/p>\n<p>Adem\u00e1s de su atractivo est\u00e9tico, este inserto de carbono ofrece una superficie suave y agradable al tacto, a\u00f1adiendo una sensaci\u00f3n de calidad y lujo a su experiencia de conducci\u00f3n. Tambi\u00e9n complementa el pomo del cambio de carbono antes mencionado, creando una unidad visual y un estilo coherente en el habit\u00e1culo de su veh\u00edculo.<\/p>\n<p>Tanto si desea personalizar su coche como realzar la sensaci\u00f3n deportiva del interior, este inserto de carbono para la consola central es una opci\u00f3n ideal. Encarna la uni\u00f3n perfecta entre est\u00e9tica de alta gama y funcionalidad pr\u00e1ctica, ofreci\u00e9ndote una experiencia de conducci\u00f3n \u00fanica y excepcional.<\/p>\n<p>Este paquete est\u00e1 disponible tanto con volante a la derecha (RHD) como con volante a la izquierda (LHD).<\/p>\n<p>Si s\u00f3lo desea recibir el pomo del cambio o el inserto de carbono, p\u00f3ngase en contacto con nosotros.<\/p>\n<h3>Compatibilidad :<\/h3>\n<p><strong><span data-spm-anchor-id=\"a2g0o.detail.1000023.i2.73a47d406O5yWQ\">Para BMW M2 F87 2014-2018<\/span><\/strong><\/p>\n<p><strong><span data-spm-anchor-id=\"a2g0o.detail.1000023.i7.73a47d406O5yWQ\">Para BMW M3 F80 2014-2018<\/span><\/strong><\/p>\n<p><strong><span data-spm-anchor-id=\"a2g0o.detail.1000023.i3.73a47d406O5yWQ\">Para BMW M4 F82 2014-2018<\/span><\/strong><\/p>\n<p><strong><span data-spm-anchor-id=\"a2g0o.detail.1000023.i8.73a47d406O5yWQ\">Para BMW M5 F83 F10 F85 2005-2018<\/span><\/strong><\/p>\n<p><strong>Para BMW X5M F86 2015-2018<\/strong><\/p>\n<p><strong><span data-spm-anchor-id=\"a2g0o.detail.1000023.i4.73a47d406O5yWQ\">Para BMW X6M F12 F13 2015-2018<\/span><\/strong><\/p>","protected":false},"excerpt":{"rendered":"<p>Descubra nuestro pomo de cambio de carbono y su inserci\u00f3n de carbono, el accesorio definitivo para los amantes de la conducci\u00f3n deportiva y el estilo \u00fanico. Fabricado con materiales de carbono de alta calidad, este accesorio aporta un toque de sofisticaci\u00f3n y modernidad al interior de tu veh\u00edculo.<\/p>","protected":false},"featured_media":2235,"comment_status":"open","ping_status":"closed","template":"","meta":{"_eb_attr":""},"product_brand":[],"product_cat":[56,200,206,201,212,202,214],"product_tag":[],"class_list":{"0":"post-2233","1":"product","2":"type-product","3":"status-publish","4":"has-post-thumbnail","6":"product_cat-accessoires-divers","7":"product_cat-m2","8":"product_cat-m2-f87","9":"product_cat-m3","10":"product_cat-m3-f80","11":"product_cat-m4","12":"product_cat-m4-f82-f83","14":"first","15":"instock","16":"taxable","17":"shipping-taxable","18":"purchasable","19":"product-type-variable"},"yoast_head":"<!-- This site is optimized with the Yoast SEO Premium plugin v20.7 (Yoast SEO v27.5) - https:\/\/yoast.com\/product\/yoast-seo-premium-wordpress\/ -->\n<title>Pommeau de vitesse carbone + insert carbone console centrale BMW M3 F80, M4 F82, M2 F87, M5 F83, X5M F86, X6M F12 - MaCote.fr<\/title>\n<meta name=\"description\" content=\"D\u00e9couvrez notre pommeau de vitesse en carbone, l&#039;accessoire ultime pour les amateurs de conduite sportive et de style unique, convient parfaitement aux bmw.\" \/>\n<meta name=\"robots\" content=\"index, follow, max-snippet:-1, max-image-preview:large, max-video-preview:-1\" \/>\n<link rel=\"canonical\" href=\"https:\/\/macote.fr\/es\/producto\/pomo-de-la-palanca-de-cambios-carbon-m3-f80\/\" \/>\n<meta property=\"og:locale\" content=\"es_ES\" \/>\n<meta property=\"og:type\" content=\"article\" \/>\n<meta property=\"og:title\" content=\"Pommeau de vitesse carbone + insert carbone console centrale BMW M3 F80, M4 F82, M2 F87, M5 F83, X5M F86, X6M F12\" \/>\n<meta property=\"og:description\" content=\"D\u00e9couvrez notre pommeau de vitesse en carbone, l&#039;accessoire ultime pour les amateurs de conduite sportive et de style unique, convient parfaitement aux bmw.\" \/>\n<meta property=\"og:url\" content=\"https:\/\/macote.fr\/es\/producto\/pomo-de-la-palanca-de-cambios-carbon-m3-f80\/\" \/>\n<meta property=\"og:site_name\" content=\"MaCote.fr\" \/>\n<meta property=\"article:publisher\" content=\"https:\/\/www.facebook.com\/profile.php?id=100091476586119\" \/>\n<meta property=\"article:modified_time\" content=\"2024-02-22T23:03:40+00:00\" \/>\n<meta property=\"og:image\" content=\"https:\/\/macote.fr\/wp-content\/uploads\/2023\/06\/Pommeau-de-vitesse-carbone-M3-F80-M4-F82-M2-F87-M5.jpeg\" \/>\n\t<meta property=\"og:image:width\" content=\"1200\" \/>\n\t<meta property=\"og:image:height\" content=\"1200\" \/>\n\t<meta property=\"og:image:type\" content=\"image\/jpeg\" \/>\n<meta name=\"twitter:card\" content=\"summary_large_image\" \/>\n<meta name=\"twitter:label1\" content=\"Tiempo de lectura\" \/>\n\t<meta name=\"twitter:data1\" content=\"3 minutos\" \/>\n<script type=\"application\/ld+json\" class=\"yoast-schema-graph\">{\"@context\":\"https:\\\/\\\/schema.org\",\"@graph\":[{\"@type\":\"WebPage\",\"@id\":\"https:\\\/\\\/macote.fr\\\/produit\\\/pommeau-de-vitesse-carbone-m3-f80\\\/\",\"url\":\"https:\\\/\\\/macote.fr\\\/produit\\\/pommeau-de-vitesse-carbone-m3-f80\\\/\",\"name\":\"Pommeau de vitesse carbone + insert carbone console centrale BMW M3 F80, M4 F82, M2 F87, M5 F83, X5M F86, X6M F12 - MaCote.fr\",\"isPartOf\":{\"@id\":\"https:\\\/\\\/macote.fr\\\/#website\"},\"primaryImageOfPage\":{\"@id\":\"https:\\\/\\\/macote.fr\\\/produit\\\/pommeau-de-vitesse-carbone-m3-f80\\\/#primaryimage\"},\"image\":{\"@id\":\"https:\\\/\\\/macote.fr\\\/produit\\\/pommeau-de-vitesse-carbone-m3-f80\\\/#primaryimage\"},\"thumbnailUrl\":\"https:\\\/\\\/macote.fr\\\/wp-content\\\/uploads\\\/2023\\\/06\\\/Pommeau-de-vitesse-carbone-M3-F80-M4-F82-M2-F87-M5.jpeg\",\"datePublished\":\"2023-06-20T07:53:14+00:00\",\"dateModified\":\"2024-02-22T23:03:40+00:00\",\"description\":\"D\u00e9couvrez notre pommeau de vitesse en carbone, l'accessoire ultime pour les amateurs de conduite sportive et de style unique, convient parfaitement aux bmw.\",\"breadcrumb\":{\"@id\":\"https:\\\/\\\/macote.fr\\\/produit\\\/pommeau-de-vitesse-carbone-m3-f80\\\/#breadcrumb\"},\"inLanguage\":\"es\",\"potentialAction\":[{\"@type\":\"ReadAction\",\"target\":[\"https:\\\/\\\/macote.fr\\\/produit\\\/pommeau-de-vitesse-carbone-m3-f80\\\/\"]}]},{\"@type\":\"ImageObject\",\"inLanguage\":\"es\",\"@id\":\"https:\\\/\\\/macote.fr\\\/produit\\\/pommeau-de-vitesse-carbone-m3-f80\\\/#primaryimage\",\"url\":\"https:\\\/\\\/macote.fr\\\/wp-content\\\/uploads\\\/2023\\\/06\\\/Pommeau-de-vitesse-carbone-M3-F80-M4-F82-M2-F87-M5.jpeg\",\"contentUrl\":\"https:\\\/\\\/macote.fr\\\/wp-content\\\/uploads\\\/2023\\\/06\\\/Pommeau-de-vitesse-carbone-M3-F80-M4-F82-M2-F87-M5.jpeg\",\"width\":1200,\"height\":1200,\"caption\":\"Pommeau de vitesse carbone M3 F80, M4 F82, M2 F87, M5\"},{\"@type\":\"BreadcrumbList\",\"@id\":\"https:\\\/\\\/macote.fr\\\/produit\\\/pommeau-de-vitesse-carbone-m3-f80\\\/#breadcrumb\",\"itemListElement\":[{\"@type\":\"ListItem\",\"position\":1,\"name\":\"Accueil\",\"item\":\"https:\\\/\\\/macote.fr\\\/\"},{\"@type\":\"ListItem\",\"position\":2,\"name\":\"Boutique\",\"item\":\"https:\\\/\\\/macote.fr\\\/boutique\\\/\"},{\"@type\":\"ListItem\",\"position\":3,\"name\":\"Pommeau de vitesse carbone + insert carbone console centrale BMW M3 F80, M4 F82, M2 F87, M5 F83, X5M F86, X6M F12\"}]},{\"@type\":\"WebSite\",\"@id\":\"https:\\\/\\\/macote.fr\\\/#website\",\"url\":\"https:\\\/\\\/macote.fr\\\/\",\"name\":\"MaCote.fr\",\"description\":\"BMW best accessories\",\"publisher\":{\"@id\":\"https:\\\/\\\/macote.fr\\\/#organization\"},\"alternateName\":\"BMW tuning\",\"potentialAction\":[{\"@type\":\"SearchAction\",\"target\":{\"@type\":\"EntryPoint\",\"urlTemplate\":\"https:\\\/\\\/macote.fr\\\/?s={search_term_string}\"},\"query-input\":{\"@type\":\"PropertyValueSpecification\",\"valueRequired\":true,\"valueName\":\"search_term_string\"}}],\"inLanguage\":\"es\"},{\"@type\":\"Organization\",\"@id\":\"https:\\\/\\\/macote.fr\\\/#organization\",\"name\":\"Macote.fr\",\"alternateName\":\"BMW tuning\",\"url\":\"https:\\\/\\\/macote.fr\\\/\",\"logo\":{\"@type\":\"ImageObject\",\"inLanguage\":\"es\",\"@id\":\"https:\\\/\\\/macote.fr\\\/#\\\/schema\\\/logo\\\/image\\\/\",\"url\":\"https:\\\/\\\/macote.fr\\\/wp-content\\\/uploads\\\/2023\\\/11\\\/LOGO-macote.fr-dessin-bmw-noir-copy.jpg\",\"contentUrl\":\"https:\\\/\\\/macote.fr\\\/wp-content\\\/uploads\\\/2023\\\/11\\\/LOGO-macote.fr-dessin-bmw-noir-copy.jpg\",\"width\":732,\"height\":456,\"caption\":\"Macote.fr\"},\"image\":{\"@id\":\"https:\\\/\\\/macote.fr\\\/#\\\/schema\\\/logo\\\/image\\\/\"},\"sameAs\":[\"https:\\\/\\\/www.facebook.com\\\/profile.php?id=100091476586119\",\"https:\\\/\\\/www.youtube.com\\\/channel\\\/UCgO-YTbaxYO-w_C5GfL-_1w\",\"https:\\\/\\\/www.tiktok.com\\\/@macote.fr?is_from_webapp=1&sender_device=pc\",\"https:\\\/\\\/www.instagram.com\\\/i_xila_i\\\/\"]}]}<\/script>\n<!-- \/ Yoast SEO Premium plugin. -->","yoast_head_json":{"title":"Pomo del cambio de carbono + inserto de carbono consola central BMW M3 F80, M4 F82, M2 F87, M5 F83, X5M F86, X6M F12 - MaCote.fr","description":"Descubra nuestro pomo de cambio de carbono, el accesorio definitivo para los amantes de la conducci\u00f3n deportiva y el estilo \u00fanico, perfectamente adaptado a bmw.","robots":{"index":"index","follow":"follow","max-snippet":"max-snippet:-1","max-image-preview":"max-image-preview:large","max-video-preview":"max-video-preview:-1"},"canonical":"https:\/\/macote.fr\/es\/producto\/pomo-de-la-palanca-de-cambios-carbon-m3-f80\/","og_locale":"es_ES","og_type":"article","og_title":"Pommeau de vitesse carbone + insert carbone console centrale BMW M3 F80, M4 F82, M2 F87, M5 F83, X5M F86, X6M F12","og_description":"D\u00e9couvrez notre pommeau de vitesse en carbone, l'accessoire ultime pour les amateurs de conduite sportive et de style unique, convient parfaitement aux bmw.","og_url":"https:\/\/macote.fr\/es\/producto\/pomo-de-la-palanca-de-cambios-carbon-m3-f80\/","og_site_name":"MaCote.fr","article_publisher":"https:\/\/www.facebook.com\/profile.php?id=100091476586119","article_modified_time":"2024-02-22T23:03:40+00:00","og_image":[{"width":1200,"height":1200,"url":"https:\/\/macote.fr\/wp-content\/uploads\/2023\/06\/Pommeau-de-vitesse-carbone-M3-F80-M4-F82-M2-F87-M5.jpeg","type":"image\/jpeg"}],"twitter_card":"summary_large_image","twitter_misc":{"Tiempo de lectura":"3 minutos"},"schema":{"@context":"https:\/\/schema.org","@graph":[{"@type":"WebPage","@id":"https:\/\/macote.fr\/produit\/pommeau-de-vitesse-carbone-m3-f80\/","url":"https:\/\/macote.fr\/produit\/pommeau-de-vitesse-carbone-m3-f80\/","name":"Pomo del cambio de carbono + inserto de carbono consola central BMW M3 F80, M4 F82, M2 F87, M5 F83, X5M F86, X6M F12 - MaCote.fr","isPartOf":{"@id":"https:\/\/macote.fr\/#website"},"primaryImageOfPage":{"@id":"https:\/\/macote.fr\/produit\/pommeau-de-vitesse-carbone-m3-f80\/#primaryimage"},"image":{"@id":"https:\/\/macote.fr\/produit\/pommeau-de-vitesse-carbone-m3-f80\/#primaryimage"},"thumbnailUrl":"https:\/\/macote.fr\/wp-content\/uploads\/2023\/06\/Pommeau-de-vitesse-carbone-M3-F80-M4-F82-M2-F87-M5.jpeg","datePublished":"2023-06-20T07:53:14+00:00","dateModified":"2024-02-22T23:03:40+00:00","description":"Descubra nuestro pomo de cambio de carbono, el accesorio definitivo para los amantes de la conducci\u00f3n deportiva y el estilo \u00fanico, perfectamente adaptado a bmw.","breadcrumb":{"@id":"https:\/\/macote.fr\/produit\/pommeau-de-vitesse-carbone-m3-f80\/#breadcrumb"},"inLanguage":"es","potentialAction":[{"@type":"ReadAction","target":["https:\/\/macote.fr\/produit\/pommeau-de-vitesse-carbone-m3-f80\/"]}]},{"@type":"ImageObject","inLanguage":"es","@id":"https:\/\/macote.fr\/produit\/pommeau-de-vitesse-carbone-m3-f80\/#primaryimage","url":"https:\/\/macote.fr\/wp-content\/uploads\/2023\/06\/Pommeau-de-vitesse-carbone-M3-F80-M4-F82-M2-F87-M5.jpeg","contentUrl":"https:\/\/macote.fr\/wp-content\/uploads\/2023\/06\/Pommeau-de-vitesse-carbone-M3-F80-M4-F82-M2-F87-M5.jpeg","width":1200,"height":1200,"caption":"Pommeau de vitesse carbone M3 F80, M4 F82, M2 F87, M5"},{"@type":"BreadcrumbList","@id":"https:\/\/macote.fr\/produit\/pommeau-de-vitesse-carbone-m3-f80\/#breadcrumb","itemListElement":[{"@type":"ListItem","position":1,"name":"Accueil","item":"https:\/\/macote.fr\/"},{"@type":"ListItem","position":2,"name":"Boutique","item":"https:\/\/macote.fr\/boutique\/"},{"@type":"ListItem","position":3,"name":"Pommeau de vitesse carbone + insert carbone console centrale BMW M3 F80, M4 F82, M2 F87, M5 F83, X5M F86, X6M F12"}]},{"@type":"WebSite","@id":"https:\/\/macote.fr\/#website","url":"https:\/\/macote.fr\/","name":"MyQuote.com","description":"Los mejores accesorios BMW","publisher":{"@id":"https:\/\/macote.fr\/#organization"},"alternateName":"BMW tuning","potentialAction":[{"@type":"SearchAction","target":{"@type":"EntryPoint","urlTemplate":"https:\/\/macote.fr\/?s={search_term_string}"},"query-input":{"@type":"PropertyValueSpecification","valueRequired":true,"valueName":"search_term_string"}}],"inLanguage":"es"},{"@type":"Organization","@id":"https:\/\/macote.fr\/#organization","name":"Macote.es","alternateName":"BMW tuning","url":"https:\/\/macote.fr\/","logo":{"@type":"ImageObject","inLanguage":"es","@id":"https:\/\/macote.fr\/#\/schema\/logo\/image\/","url":"https:\/\/macote.fr\/wp-content\/uploads\/2023\/11\/LOGO-macote.fr-dessin-bmw-noir-copy.jpg","contentUrl":"https:\/\/macote.fr\/wp-content\/uploads\/2023\/11\/LOGO-macote.fr-dessin-bmw-noir-copy.jpg","width":732,"height":456,"caption":"Macote.fr"},"image":{"@id":"https:\/\/macote.fr\/#\/schema\/logo\/image\/"},"sameAs":["https:\/\/www.facebook.com\/profile.php?id=100091476586119","https:\/\/www.youtube.com\/channel\/UCgO-YTbaxYO-w_C5GfL-_1w","https:\/\/www.tiktok.com\/@macote.fr?is_from_webapp=1&sender_device=pc","https:\/\/www.instagram.com\/i_xila_i\/"]}]}},"_links":{"self":[{"href":"https:\/\/macote.fr\/es\/wp-json\/wp\/v2\/product\/2233","targetHints":{"allow":["GET"]}}],"collection":[{"href":"https:\/\/macote.fr\/es\/wp-json\/wp\/v2\/product"}],"about":[{"href":"https:\/\/macote.fr\/es\/wp-json\/wp\/v2\/types\/product"}],"replies":[{"embeddable":true,"href":"https:\/\/macote.fr\/es\/wp-json\/wp\/v2\/comments?post=2233"}],"wp:featuredmedia":[{"embeddable":true,"href":"https:\/\/macote.fr\/es\/wp-json\/wp\/v2\/media\/2235"}],"wp:attachment":[{"href":"https:\/\/macote.fr\/es\/wp-json\/wp\/v2\/media?parent=2233"}],"wp:term":[{"taxonomy":"product_brand","embeddable":true,"href":"https:\/\/macote.fr\/es\/wp-json\/wp\/v2\/product_brand?post=2233"},{"taxonomy":"product_cat","embeddable":true,"href":"https:\/\/macote.fr\/es\/wp-json\/wp\/v2\/product_cat?post=2233"},{"taxonomy":"product_tag","embeddable":true,"href":"https:\/\/macote.fr\/es\/wp-json\/wp\/v2\/product_tag?post=2233"}],"curies":[{"name":"wp","href":"https:\/\/api.w.org\/{rel}","templated":true}]}}