{"id":2258,"date":"2023-06-21T09:25:31","date_gmt":"2023-06-21T07:25:31","guid":{"rendered":"https:\/\/macote.fr\/?post_type=product&#038;p=2258"},"modified":"2023-06-21T09:39:37","modified_gmt":"2023-06-21T07:39:37","slug":"palancas-de-direccion-de-carbono-bmw-g20-g30","status":"publish","type":"product","link":"https:\/\/macote.fr\/es\/producto\/palancas-de-direccion-de-carbono-bmw-g20-g30\/","title":{"rendered":"Levas de volante de carbono BMW G20+, G30+,"},"content":{"rendered":"<h2>levas de carbono en el volante<\/h2>\n<p>Descubra nuestras nuevas levas de volante de carbono dise\u00f1adas espec\u00edficamente para los impresionantes BMW M3 G80 y M4 G82 de nueva generaci\u00f3n. Ahora disponibles para toda la gama G, desde el Serie 3 G20 hasta el Serie 4 G22, el Serie 5 G30, etc.<\/p>\n<p>Estas innovadoras levas combinan un dise\u00f1o elegante, una funcionalidad excepcional y una experiencia de conducci\u00f3n mejorada para los entusiastas de las prestaciones automovil\u00edsticas.<\/p>\n<p>Nuestras levas de volante est\u00e1n cuidadosamente dise\u00f1adas para encajar a la perfecci\u00f3n en el volante de su coche, a\u00f1adiendo un toque de deportividad y lujo al interior de su veh\u00edculo. Su acabado de alta gama, con detalles precisos y una textura agradable, realza el atractivo visual del habit\u00e1culo y subraya el car\u00e1cter deportivo de estos coches ic\u00f3nicos.<\/p>\n<h3>Alta calidad<\/h3>\n<p>Fabricadas en carbono de alta calidad, estas palas son ligeras y duraderas, y ofrecen una respuesta \u00f3ptima durante los cambios de marcha. Su s\u00f3lida construcci\u00f3n garantiza un uso fiable y duradero, incluso en las condiciones de conducci\u00f3n m\u00e1s exigentes.<\/p>\n<p>En t\u00e9rminos de funcionalidad, nuestras levas montadas en el volante ofrecen una sensaci\u00f3n t\u00e1ctil c\u00f3moda y sensible, permitiendo cambios de marcha r\u00e1pidos y precisos. Su dise\u00f1o ergon\u00f3mico y su posicionamiento intuitivo garantizan la m\u00e1xima accesibilidad sin tener que apartar las manos del volante, lo que mejora la seguridad y la concentraci\u00f3n durante la conducci\u00f3n.<\/p>\n<p>Al elegir nuestras levas de volante de carbono para su BMW, podr\u00e1 personalizar a\u00fan m\u00e1s su veh\u00edculo, a\u00f1adiendo un toque \u00fanico y exclusivo a su experiencia de conducci\u00f3n. Date el placer de tener el control total del rendimiento de tu BMW con estas levas de volante de alta calidad.<\/p>\n<p>Las levas de volante de carbono no se suministran con el m\u00f3dulo de selecci\u00f3n de marchas. Su Bmw ya debe tener levas en el volante (independientemente del estilo de las levas).<\/p>\n<p>Si no es as\u00ed, p\u00f3ngase en contacto con nosotros antes de comprar.<\/p>\n<h2>Compatibilidad :<\/h2>\n<p>BMW F30, F31, F32, F10, F20, F15, F16, G30, G20<\/p>\n<p>serie 3 G20: 2020+<\/p>\n<p>serie 5 G30, G31 : 2081++ (en franc\u00e9s)<\/p>\n<p>serie 6 G32: 2017+<\/p>\n<p>serie 7 G11, G12: 2016++ (en franc\u00e9s)<\/p>\n<p>X3 G01 : 2018+<\/p>\n<p>X4 G02 : 2019+<\/p>\n<p>X5 G05: 2019+<\/p>\n<p>X6 G06: 2020+<\/p>\n<p>X7 G07: 2019+<\/p>","protected":false},"excerpt":{"rendered":"<p>Descubra nuestras nuevas levas de volante de carbono dise\u00f1adas espec\u00edficamente para los impresionantes BMW M3 G80 y M4 G82 de nueva generaci\u00f3n. Ahora disponibles para toda la gama G, desde el Serie 3 G20 hasta el Serie 4 G22, el Serie 5 G30, etc.<\/p>","protected":false},"featured_media":2260,"comment_status":"open","ping_status":"closed","template":"","meta":{"_eb_attr":""},"product_brand":[],"product_cat":[56],"product_tag":[],"class_list":{"0":"post-2258","1":"product","2":"type-product","3":"status-publish","4":"has-post-thumbnail","6":"product_cat-accessoires-divers","8":"first","9":"instock","10":"taxable","11":"shipping-taxable","12":"purchasable","13":"product-type-simple"},"yoast_head":"<!-- This site is optimized with the Yoast SEO Premium plugin v20.7 (Yoast SEO v27.4) - https:\/\/yoast.com\/product\/yoast-seo-premium-wordpress\/ -->\n<title>palettes au volant en carbone BMW G20+, G30+, - MaCote.fr<\/title>\n<meta name=\"description\" content=\"D\u00e9couvrez nos nouvelles palettes au volant en carbone BMW con\u00e7ues \u00e0 la base sp\u00e9cialement con\u00e7u pour les impressionnantes BMW M3 G80 et M4 G82.\" \/>\n<meta name=\"robots\" content=\"index, follow, max-snippet:-1, max-image-preview:large, max-video-preview:-1\" \/>\n<link rel=\"canonical\" href=\"https:\/\/macote.fr\/es\/producto\/palancas-de-direccion-de-carbono-bmw-g20-g30\/\" \/>\n<meta property=\"og:locale\" content=\"es_ES\" \/>\n<meta property=\"og:type\" content=\"article\" \/>\n<meta property=\"og:title\" content=\"palettes au volant en carbone BMW G20+, G30+,\" \/>\n<meta property=\"og:description\" content=\"D\u00e9couvrez nos nouvelles palettes au volant en carbone BMW con\u00e7ues \u00e0 la base sp\u00e9cialement con\u00e7u pour les impressionnantes BMW M3 G80 et M4 G82.\" \/>\n<meta property=\"og:url\" content=\"https:\/\/macote.fr\/es\/producto\/palancas-de-direccion-de-carbono-bmw-g20-g30\/\" \/>\n<meta property=\"og:site_name\" content=\"MaCote.fr\" \/>\n<meta property=\"article:publisher\" content=\"https:\/\/www.facebook.com\/profile.php?id=100091476586119\" \/>\n<meta property=\"article:modified_time\" content=\"2023-06-21T07:39:37+00:00\" \/>\n<meta property=\"og:image\" content=\"https:\/\/macote.fr\/wp-content\/uploads\/2023\/06\/palette-au-volant-carbone-style-M3-g80.jpeg\" \/>\n\t<meta property=\"og:image:width\" content=\"800\" \/>\n\t<meta property=\"og:image:height\" content=\"800\" \/>\n\t<meta property=\"og:image:type\" content=\"image\/jpeg\" \/>\n<meta name=\"twitter:card\" content=\"summary_large_image\" \/>\n<meta name=\"twitter:label1\" content=\"Tiempo de lectura\" \/>\n\t<meta name=\"twitter:data1\" content=\"2 minutos\" \/>\n<script type=\"application\/ld+json\" class=\"yoast-schema-graph\">{\"@context\":\"https:\\\/\\\/schema.org\",\"@graph\":[{\"@type\":\"WebPage\",\"@id\":\"https:\\\/\\\/macote.fr\\\/produit\\\/palettes-au-volant-en-carbone-bmw-g20-g30\\\/\",\"url\":\"https:\\\/\\\/macote.fr\\\/produit\\\/palettes-au-volant-en-carbone-bmw-g20-g30\\\/\",\"name\":\"palettes au volant en carbone BMW G20+, G30+, - MaCote.fr\",\"isPartOf\":{\"@id\":\"https:\\\/\\\/macote.fr\\\/#website\"},\"primaryImageOfPage\":{\"@id\":\"https:\\\/\\\/macote.fr\\\/produit\\\/palettes-au-volant-en-carbone-bmw-g20-g30\\\/#primaryimage\"},\"image\":{\"@id\":\"https:\\\/\\\/macote.fr\\\/produit\\\/palettes-au-volant-en-carbone-bmw-g20-g30\\\/#primaryimage\"},\"thumbnailUrl\":\"https:\\\/\\\/macote.fr\\\/wp-content\\\/uploads\\\/2023\\\/06\\\/palette-au-volant-carbone-style-M3-g80.jpeg\",\"datePublished\":\"2023-06-21T07:25:31+00:00\",\"dateModified\":\"2023-06-21T07:39:37+00:00\",\"description\":\"D\u00e9couvrez nos nouvelles palettes au volant en carbone BMW con\u00e7ues \u00e0 la base sp\u00e9cialement con\u00e7u pour les impressionnantes BMW M3 G80 et M4 G82.\",\"breadcrumb\":{\"@id\":\"https:\\\/\\\/macote.fr\\\/produit\\\/palettes-au-volant-en-carbone-bmw-g20-g30\\\/#breadcrumb\"},\"inLanguage\":\"es\",\"potentialAction\":[{\"@type\":\"ReadAction\",\"target\":[\"https:\\\/\\\/macote.fr\\\/produit\\\/palettes-au-volant-en-carbone-bmw-g20-g30\\\/\"]}]},{\"@type\":\"ImageObject\",\"inLanguage\":\"es\",\"@id\":\"https:\\\/\\\/macote.fr\\\/produit\\\/palettes-au-volant-en-carbone-bmw-g20-g30\\\/#primaryimage\",\"url\":\"https:\\\/\\\/macote.fr\\\/wp-content\\\/uploads\\\/2023\\\/06\\\/palette-au-volant-carbone-style-M3-g80.jpeg\",\"contentUrl\":\"https:\\\/\\\/macote.fr\\\/wp-content\\\/uploads\\\/2023\\\/06\\\/palette-au-volant-carbone-style-M3-g80.jpeg\",\"width\":800,\"height\":800,\"caption\":\"palette au volant carbone BMW style M3 g80\"},{\"@type\":\"BreadcrumbList\",\"@id\":\"https:\\\/\\\/macote.fr\\\/produit\\\/palettes-au-volant-en-carbone-bmw-g20-g30\\\/#breadcrumb\",\"itemListElement\":[{\"@type\":\"ListItem\",\"position\":1,\"name\":\"Accueil\",\"item\":\"https:\\\/\\\/macote.fr\\\/\"},{\"@type\":\"ListItem\",\"position\":2,\"name\":\"Boutique\",\"item\":\"https:\\\/\\\/macote.fr\\\/boutique\\\/\"},{\"@type\":\"ListItem\",\"position\":3,\"name\":\"palettes au volant en carbone BMW G20+, G30+,\"}]},{\"@type\":\"WebSite\",\"@id\":\"https:\\\/\\\/macote.fr\\\/#website\",\"url\":\"https:\\\/\\\/macote.fr\\\/\",\"name\":\"MaCote.fr\",\"description\":\"BMW best accessories\",\"publisher\":{\"@id\":\"https:\\\/\\\/macote.fr\\\/#organization\"},\"alternateName\":\"BMW tuning\",\"potentialAction\":[{\"@type\":\"SearchAction\",\"target\":{\"@type\":\"EntryPoint\",\"urlTemplate\":\"https:\\\/\\\/macote.fr\\\/?s={search_term_string}\"},\"query-input\":{\"@type\":\"PropertyValueSpecification\",\"valueRequired\":true,\"valueName\":\"search_term_string\"}}],\"inLanguage\":\"es\"},{\"@type\":\"Organization\",\"@id\":\"https:\\\/\\\/macote.fr\\\/#organization\",\"name\":\"Macote.fr\",\"alternateName\":\"BMW tuning\",\"url\":\"https:\\\/\\\/macote.fr\\\/\",\"logo\":{\"@type\":\"ImageObject\",\"inLanguage\":\"es\",\"@id\":\"https:\\\/\\\/macote.fr\\\/#\\\/schema\\\/logo\\\/image\\\/\",\"url\":\"https:\\\/\\\/macote.fr\\\/wp-content\\\/uploads\\\/2023\\\/11\\\/LOGO-macote.fr-dessin-bmw-noir-copy.jpg\",\"contentUrl\":\"https:\\\/\\\/macote.fr\\\/wp-content\\\/uploads\\\/2023\\\/11\\\/LOGO-macote.fr-dessin-bmw-noir-copy.jpg\",\"width\":732,\"height\":456,\"caption\":\"Macote.fr\"},\"image\":{\"@id\":\"https:\\\/\\\/macote.fr\\\/#\\\/schema\\\/logo\\\/image\\\/\"},\"sameAs\":[\"https:\\\/\\\/www.facebook.com\\\/profile.php?id=100091476586119\",\"https:\\\/\\\/www.youtube.com\\\/channel\\\/UCgO-YTbaxYO-w_C5GfL-_1w\",\"https:\\\/\\\/www.tiktok.com\\\/@macote.fr?is_from_webapp=1&sender_device=pc\",\"https:\\\/\\\/www.instagram.com\\\/i_xila_i\\\/\"]}]}<\/script>\n<!-- \/ Yoast SEO Premium plugin. -->","yoast_head_json":{"title":"Levas de volante de carbono BMW G20+, G30+ - MaCote.fr","description":"Descubra nuestras nuevas levas de carbono para el volante BMW dise\u00f1adas espec\u00edficamente para los impresionantes BMW M3 G80 y M4 G82.","robots":{"index":"index","follow":"follow","max-snippet":"max-snippet:-1","max-image-preview":"max-image-preview:large","max-video-preview":"max-video-preview:-1"},"canonical":"https:\/\/macote.fr\/es\/producto\/palancas-de-direccion-de-carbono-bmw-g20-g30\/","og_locale":"es_ES","og_type":"article","og_title":"palettes au volant en carbone BMW G20+, G30+,","og_description":"D\u00e9couvrez nos nouvelles palettes au volant en carbone BMW con\u00e7ues \u00e0 la base sp\u00e9cialement con\u00e7u pour les impressionnantes BMW M3 G80 et M4 G82.","og_url":"https:\/\/macote.fr\/es\/producto\/palancas-de-direccion-de-carbono-bmw-g20-g30\/","og_site_name":"MaCote.fr","article_publisher":"https:\/\/www.facebook.com\/profile.php?id=100091476586119","article_modified_time":"2023-06-21T07:39:37+00:00","og_image":[{"width":800,"height":800,"url":"https:\/\/macote.fr\/wp-content\/uploads\/2023\/06\/palette-au-volant-carbone-style-M3-g80.jpeg","type":"image\/jpeg"}],"twitter_card":"summary_large_image","twitter_misc":{"Tiempo de lectura":"2 minutos"},"schema":{"@context":"https:\/\/schema.org","@graph":[{"@type":"WebPage","@id":"https:\/\/macote.fr\/produit\/palettes-au-volant-en-carbone-bmw-g20-g30\/","url":"https:\/\/macote.fr\/produit\/palettes-au-volant-en-carbone-bmw-g20-g30\/","name":"Levas de volante de carbono BMW G20+, G30+ - MaCote.fr","isPartOf":{"@id":"https:\/\/macote.fr\/#website"},"primaryImageOfPage":{"@id":"https:\/\/macote.fr\/produit\/palettes-au-volant-en-carbone-bmw-g20-g30\/#primaryimage"},"image":{"@id":"https:\/\/macote.fr\/produit\/palettes-au-volant-en-carbone-bmw-g20-g30\/#primaryimage"},"thumbnailUrl":"https:\/\/macote.fr\/wp-content\/uploads\/2023\/06\/palette-au-volant-carbone-style-M3-g80.jpeg","datePublished":"2023-06-21T07:25:31+00:00","dateModified":"2023-06-21T07:39:37+00:00","description":"Descubra nuestras nuevas levas de carbono para el volante BMW dise\u00f1adas espec\u00edficamente para los impresionantes BMW M3 G80 y M4 G82.","breadcrumb":{"@id":"https:\/\/macote.fr\/produit\/palettes-au-volant-en-carbone-bmw-g20-g30\/#breadcrumb"},"inLanguage":"es","potentialAction":[{"@type":"ReadAction","target":["https:\/\/macote.fr\/produit\/palettes-au-volant-en-carbone-bmw-g20-g30\/"]}]},{"@type":"ImageObject","inLanguage":"es","@id":"https:\/\/macote.fr\/produit\/palettes-au-volant-en-carbone-bmw-g20-g30\/#primaryimage","url":"https:\/\/macote.fr\/wp-content\/uploads\/2023\/06\/palette-au-volant-carbone-style-M3-g80.jpeg","contentUrl":"https:\/\/macote.fr\/wp-content\/uploads\/2023\/06\/palette-au-volant-carbone-style-M3-g80.jpeg","width":800,"height":800,"caption":"palette au volant carbone BMW style M3 g80"},{"@type":"BreadcrumbList","@id":"https:\/\/macote.fr\/produit\/palettes-au-volant-en-carbone-bmw-g20-g30\/#breadcrumb","itemListElement":[{"@type":"ListItem","position":1,"name":"Accueil","item":"https:\/\/macote.fr\/"},{"@type":"ListItem","position":2,"name":"Boutique","item":"https:\/\/macote.fr\/boutique\/"},{"@type":"ListItem","position":3,"name":"palettes au volant en carbone BMW G20+, G30+,"}]},{"@type":"WebSite","@id":"https:\/\/macote.fr\/#website","url":"https:\/\/macote.fr\/","name":"MyQuote.com","description":"Los mejores accesorios BMW","publisher":{"@id":"https:\/\/macote.fr\/#organization"},"alternateName":"BMW tuning","potentialAction":[{"@type":"SearchAction","target":{"@type":"EntryPoint","urlTemplate":"https:\/\/macote.fr\/?s={search_term_string}"},"query-input":{"@type":"PropertyValueSpecification","valueRequired":true,"valueName":"search_term_string"}}],"inLanguage":"es"},{"@type":"Organization","@id":"https:\/\/macote.fr\/#organization","name":"Macote.es","alternateName":"BMW tuning","url":"https:\/\/macote.fr\/","logo":{"@type":"ImageObject","inLanguage":"es","@id":"https:\/\/macote.fr\/#\/schema\/logo\/image\/","url":"https:\/\/macote.fr\/wp-content\/uploads\/2023\/11\/LOGO-macote.fr-dessin-bmw-noir-copy.jpg","contentUrl":"https:\/\/macote.fr\/wp-content\/uploads\/2023\/11\/LOGO-macote.fr-dessin-bmw-noir-copy.jpg","width":732,"height":456,"caption":"Macote.fr"},"image":{"@id":"https:\/\/macote.fr\/#\/schema\/logo\/image\/"},"sameAs":["https:\/\/www.facebook.com\/profile.php?id=100091476586119","https:\/\/www.youtube.com\/channel\/UCgO-YTbaxYO-w_C5GfL-_1w","https:\/\/www.tiktok.com\/@macote.fr?is_from_webapp=1&sender_device=pc","https:\/\/www.instagram.com\/i_xila_i\/"]}]}},"_links":{"self":[{"href":"https:\/\/macote.fr\/es\/wp-json\/wp\/v2\/product\/2258","targetHints":{"allow":["GET"]}}],"collection":[{"href":"https:\/\/macote.fr\/es\/wp-json\/wp\/v2\/product"}],"about":[{"href":"https:\/\/macote.fr\/es\/wp-json\/wp\/v2\/types\/product"}],"replies":[{"embeddable":true,"href":"https:\/\/macote.fr\/es\/wp-json\/wp\/v2\/comments?post=2258"}],"wp:featuredmedia":[{"embeddable":true,"href":"https:\/\/macote.fr\/es\/wp-json\/wp\/v2\/media\/2260"}],"wp:attachment":[{"href":"https:\/\/macote.fr\/es\/wp-json\/wp\/v2\/media?parent=2258"}],"wp:term":[{"taxonomy":"product_brand","embeddable":true,"href":"https:\/\/macote.fr\/es\/wp-json\/wp\/v2\/product_brand?post=2258"},{"taxonomy":"product_cat","embeddable":true,"href":"https:\/\/macote.fr\/es\/wp-json\/wp\/v2\/product_cat?post=2258"},{"taxonomy":"product_tag","embeddable":true,"href":"https:\/\/macote.fr\/es\/wp-json\/wp\/v2\/product_tag?post=2258"}],"curies":[{"name":"wp","href":"https:\/\/api.w.org\/{rel}","templated":true}]}}