{"id":2277,"date":"2023-06-24T15:32:03","date_gmt":"2023-06-24T13:32:03","guid":{"rendered":"https:\/\/macote.fr\/?post_type=product&#038;p=2277"},"modified":"2024-02-23T00:04:58","modified_gmt":"2024-02-22T23:04:58","slug":"porte-gobelet-bmw-e60-e61","status":"publish","type":"product","link":"https:\/\/macote.fr\/es\/producto\/porte-gobelet-bmw-e60-e61\/","title":{"rendered":"portavasos bmw e60, e61"},"content":{"rendered":"<p>D\u00e9 a su BMW E60 y E61 una nueva oportunidad de vida con nuestro kit de sustituci\u00f3n de portavasos, especialmente dise\u00f1ado para todos los propietarios de BMW E60 y E61 con portavasos rotos. Este kit es la soluci\u00f3n perfecta para restaurar la funcionalidad y la est\u00e9tica de su habit\u00e1culo.<\/p>\n<p>Nuestro kit de recambio de portavasos est\u00e1 fabricado con materiales de alta calidad, lo que garantiza una durabilidad excepcional a lo largo del tiempo. Dise\u00f1ado para soportar el uso diario, este resistente kit est\u00e1 fabricado para durar, ofreci\u00e9ndole una soluci\u00f3n fiable y duradera.<\/p>\n<p>La instalaci\u00f3n de nuestro kit de sustituci\u00f3n de portavasos es sencilla y c\u00f3moda, lo que le permitir\u00e1 devolver a su BMW E60 su aspecto original en muy poco tiempo. Puede llevar a cabo f\u00e1cilmente la sustituci\u00f3n usted mismo, sin necesidad de conocimientos t\u00e9cnicos avanzados.<\/p>\n<p>puede elegir entre el lado derecho, el izquierdo o ambos, garantizando una soluci\u00f3n completa para su BMW E60. No tendr\u00e1s que preocuparte por no tener un portavasos funcional en ambos lados.<\/p>\n<p>Compatibilidad :<\/p>\n<p align=\"start\"><strong data-spm-anchor-id=\"a2g0o.detail.1000023.i3.3fe27ae1EamIwB\">BMW Serie 5 E60, E61, M5, 525i, 528i, 530i, 535i, 550i, 2004-2010 <\/strong><\/p>","protected":false},"excerpt":{"rendered":"<p>D\u00e9 a su BMW E60 y E61 una nueva oportunidad de vida con nuestro kit de sustituci\u00f3n de portavasos, especialmente dise\u00f1ado para todos los propietarios de BMW E60 y E61 con portavasos rotos. Este kit es la soluci\u00f3n perfecta para restaurar la funcionalidad y la est\u00e9tica de su habit\u00e1culo.<\/p>","protected":false},"featured_media":2282,"comment_status":"open","ping_status":"closed","template":"","meta":{"_eb_attr":""},"product_brand":[],"product_cat":[134,157,56],"product_tag":[],"class_list":{"0":"post-2277","1":"product","2":"type-product","3":"status-publish","4":"has-post-thumbnail","6":"product_cat-bmw-serie-5","7":"product_cat-bmw-serie-5-e60-e61","8":"product_cat-accessoires-divers","10":"first","11":"instock","12":"taxable","13":"shipping-taxable","14":"purchasable","15":"product-type-variable"},"yoast_head":"<!-- This site is optimized with the Yoast SEO Premium plugin v20.7 (Yoast SEO v27.3) - https:\/\/yoast.com\/product\/yoast-seo-premium-wordpress\/ -->\n<title>porte gobelet bmw e60, e61 - MaCote.fr<\/title>\n<meta name=\"description\" content=\"Offrez une nouvelle vie \u00e0 votre BMW E60 et E61 avec notre kit de remplacement de porte-gobelet pour les propri\u00e9taires dont les porte-gobelets sont cass\u00e9s.\" \/>\n<meta name=\"robots\" content=\"index, follow, max-snippet:-1, max-image-preview:large, max-video-preview:-1\" \/>\n<link rel=\"canonical\" href=\"https:\/\/macote.fr\/es\/producto\/porte-gobelet-bmw-e60-e61\/\" \/>\n<meta property=\"og:locale\" content=\"es_ES\" \/>\n<meta property=\"og:type\" content=\"article\" \/>\n<meta property=\"og:title\" content=\"porte gobelet bmw e60, e61\" \/>\n<meta property=\"og:description\" content=\"Offrez une nouvelle vie \u00e0 votre BMW E60 et E61 avec notre kit de remplacement de porte-gobelet pour les propri\u00e9taires dont les porte-gobelets sont cass\u00e9s.\" \/>\n<meta property=\"og:url\" content=\"https:\/\/macote.fr\/es\/producto\/porte-gobelet-bmw-e60-e61\/\" \/>\n<meta property=\"og:site_name\" content=\"MaCote.fr\" \/>\n<meta property=\"article:publisher\" content=\"https:\/\/www.facebook.com\/profile.php?id=100091476586119\" \/>\n<meta property=\"article:modified_time\" content=\"2024-02-22T23:04:58+00:00\" \/>\n<meta property=\"og:image\" content=\"https:\/\/macote.fr\/wp-content\/uploads\/2023\/06\/Porte-gobelet-bmw-e60.webp\" \/>\n\t<meta property=\"og:image:width\" content=\"1000\" \/>\n\t<meta property=\"og:image:height\" content=\"1000\" \/>\n\t<meta property=\"og:image:type\" content=\"image\/webp\" \/>\n<meta name=\"twitter:card\" content=\"summary_large_image\" \/>\n<meta name=\"twitter:label1\" content=\"Tiempo de lectura\" \/>\n\t<meta name=\"twitter:data1\" content=\"1 minuto\" \/>\n<script type=\"application\/ld+json\" class=\"yoast-schema-graph\">{\"@context\":\"https:\\\/\\\/schema.org\",\"@graph\":[{\"@type\":\"WebPage\",\"@id\":\"https:\\\/\\\/macote.fr\\\/produit\\\/porte-gobelet-bmw-e60-e61\\\/\",\"url\":\"https:\\\/\\\/macote.fr\\\/produit\\\/porte-gobelet-bmw-e60-e61\\\/\",\"name\":\"porte gobelet bmw e60, e61 - MaCote.fr\",\"isPartOf\":{\"@id\":\"https:\\\/\\\/macote.fr\\\/#website\"},\"primaryImageOfPage\":{\"@id\":\"https:\\\/\\\/macote.fr\\\/produit\\\/porte-gobelet-bmw-e60-e61\\\/#primaryimage\"},\"image\":{\"@id\":\"https:\\\/\\\/macote.fr\\\/produit\\\/porte-gobelet-bmw-e60-e61\\\/#primaryimage\"},\"thumbnailUrl\":\"https:\\\/\\\/macote.fr\\\/wp-content\\\/uploads\\\/2023\\\/06\\\/Porte-gobelet-bmw-e60.webp\",\"datePublished\":\"2023-06-24T13:32:03+00:00\",\"dateModified\":\"2024-02-22T23:04:58+00:00\",\"description\":\"Offrez une nouvelle vie \u00e0 votre BMW E60 et E61 avec notre kit de remplacement de porte-gobelet pour les propri\u00e9taires dont les porte-gobelets sont cass\u00e9s.\",\"breadcrumb\":{\"@id\":\"https:\\\/\\\/macote.fr\\\/produit\\\/porte-gobelet-bmw-e60-e61\\\/#breadcrumb\"},\"inLanguage\":\"es\",\"potentialAction\":[{\"@type\":\"ReadAction\",\"target\":[\"https:\\\/\\\/macote.fr\\\/produit\\\/porte-gobelet-bmw-e60-e61\\\/\"]}]},{\"@type\":\"ImageObject\",\"inLanguage\":\"es\",\"@id\":\"https:\\\/\\\/macote.fr\\\/produit\\\/porte-gobelet-bmw-e60-e61\\\/#primaryimage\",\"url\":\"https:\\\/\\\/macote.fr\\\/wp-content\\\/uploads\\\/2023\\\/06\\\/Porte-gobelet-bmw-e60.webp\",\"contentUrl\":\"https:\\\/\\\/macote.fr\\\/wp-content\\\/uploads\\\/2023\\\/06\\\/Porte-gobelet-bmw-e60.webp\",\"width\":1000,\"height\":1000,\"caption\":\"Porte gobelet bmw e60\"},{\"@type\":\"BreadcrumbList\",\"@id\":\"https:\\\/\\\/macote.fr\\\/produit\\\/porte-gobelet-bmw-e60-e61\\\/#breadcrumb\",\"itemListElement\":[{\"@type\":\"ListItem\",\"position\":1,\"name\":\"Accueil\",\"item\":\"https:\\\/\\\/macote.fr\\\/\"},{\"@type\":\"ListItem\",\"position\":2,\"name\":\"Boutique\",\"item\":\"https:\\\/\\\/macote.fr\\\/boutique\\\/\"},{\"@type\":\"ListItem\",\"position\":3,\"name\":\"porte gobelet bmw e60, e61\"}]},{\"@type\":\"WebSite\",\"@id\":\"https:\\\/\\\/macote.fr\\\/#website\",\"url\":\"https:\\\/\\\/macote.fr\\\/\",\"name\":\"MaCote.fr\",\"description\":\"BMW best accessories\",\"publisher\":{\"@id\":\"https:\\\/\\\/macote.fr\\\/#organization\"},\"alternateName\":\"BMW tuning\",\"potentialAction\":[{\"@type\":\"SearchAction\",\"target\":{\"@type\":\"EntryPoint\",\"urlTemplate\":\"https:\\\/\\\/macote.fr\\\/?s={search_term_string}\"},\"query-input\":{\"@type\":\"PropertyValueSpecification\",\"valueRequired\":true,\"valueName\":\"search_term_string\"}}],\"inLanguage\":\"es\"},{\"@type\":\"Organization\",\"@id\":\"https:\\\/\\\/macote.fr\\\/#organization\",\"name\":\"Macote.fr\",\"alternateName\":\"BMW tuning\",\"url\":\"https:\\\/\\\/macote.fr\\\/\",\"logo\":{\"@type\":\"ImageObject\",\"inLanguage\":\"es\",\"@id\":\"https:\\\/\\\/macote.fr\\\/#\\\/schema\\\/logo\\\/image\\\/\",\"url\":\"https:\\\/\\\/macote.fr\\\/wp-content\\\/uploads\\\/2023\\\/11\\\/LOGO-macote.fr-dessin-bmw-noir-copy.jpg\",\"contentUrl\":\"https:\\\/\\\/macote.fr\\\/wp-content\\\/uploads\\\/2023\\\/11\\\/LOGO-macote.fr-dessin-bmw-noir-copy.jpg\",\"width\":732,\"height\":456,\"caption\":\"Macote.fr\"},\"image\":{\"@id\":\"https:\\\/\\\/macote.fr\\\/#\\\/schema\\\/logo\\\/image\\\/\"},\"sameAs\":[\"https:\\\/\\\/www.facebook.com\\\/profile.php?id=100091476586119\",\"https:\\\/\\\/www.youtube.com\\\/channel\\\/UCgO-YTbaxYO-w_C5GfL-_1w\",\"https:\\\/\\\/www.tiktok.com\\\/@macote.fr?is_from_webapp=1&sender_device=pc\",\"https:\\\/\\\/www.instagram.com\\\/i_xila_i\\\/\"]}]}<\/script>\n<!-- \/ Yoast SEO Premium plugin. -->","yoast_head_json":{"title":"portavasos bmw e60, e61 - MaCote.fr","description":"D\u00e9 a su BMW E60 y E61 una nueva oportunidad de vida con nuestro kit de sustituci\u00f3n de portavasos para propietarios con portavasos rotos.","robots":{"index":"index","follow":"follow","max-snippet":"max-snippet:-1","max-image-preview":"max-image-preview:large","max-video-preview":"max-video-preview:-1"},"canonical":"https:\/\/macote.fr\/es\/producto\/porte-gobelet-bmw-e60-e61\/","og_locale":"es_ES","og_type":"article","og_title":"porte gobelet bmw e60, e61","og_description":"Offrez une nouvelle vie \u00e0 votre BMW E60 et E61 avec notre kit de remplacement de porte-gobelet pour les propri\u00e9taires dont les porte-gobelets sont cass\u00e9s.","og_url":"https:\/\/macote.fr\/es\/producto\/porte-gobelet-bmw-e60-e61\/","og_site_name":"MaCote.fr","article_publisher":"https:\/\/www.facebook.com\/profile.php?id=100091476586119","article_modified_time":"2024-02-22T23:04:58+00:00","og_image":[{"width":1000,"height":1000,"url":"https:\/\/macote.fr\/wp-content\/uploads\/2023\/06\/Porte-gobelet-bmw-e60.webp","type":"image\/webp"}],"twitter_card":"summary_large_image","twitter_misc":{"Tiempo de lectura":"1 minuto"},"schema":{"@context":"https:\/\/schema.org","@graph":[{"@type":"WebPage","@id":"https:\/\/macote.fr\/produit\/porte-gobelet-bmw-e60-e61\/","url":"https:\/\/macote.fr\/produit\/porte-gobelet-bmw-e60-e61\/","name":"portavasos bmw e60, e61 - MaCote.fr","isPartOf":{"@id":"https:\/\/macote.fr\/#website"},"primaryImageOfPage":{"@id":"https:\/\/macote.fr\/produit\/porte-gobelet-bmw-e60-e61\/#primaryimage"},"image":{"@id":"https:\/\/macote.fr\/produit\/porte-gobelet-bmw-e60-e61\/#primaryimage"},"thumbnailUrl":"https:\/\/macote.fr\/wp-content\/uploads\/2023\/06\/Porte-gobelet-bmw-e60.webp","datePublished":"2023-06-24T13:32:03+00:00","dateModified":"2024-02-22T23:04:58+00:00","description":"D\u00e9 a su BMW E60 y E61 una nueva oportunidad de vida con nuestro kit de sustituci\u00f3n de portavasos para propietarios con portavasos rotos.","breadcrumb":{"@id":"https:\/\/macote.fr\/produit\/porte-gobelet-bmw-e60-e61\/#breadcrumb"},"inLanguage":"es","potentialAction":[{"@type":"ReadAction","target":["https:\/\/macote.fr\/produit\/porte-gobelet-bmw-e60-e61\/"]}]},{"@type":"ImageObject","inLanguage":"es","@id":"https:\/\/macote.fr\/produit\/porte-gobelet-bmw-e60-e61\/#primaryimage","url":"https:\/\/macote.fr\/wp-content\/uploads\/2023\/06\/Porte-gobelet-bmw-e60.webp","contentUrl":"https:\/\/macote.fr\/wp-content\/uploads\/2023\/06\/Porte-gobelet-bmw-e60.webp","width":1000,"height":1000,"caption":"Porte gobelet bmw e60"},{"@type":"BreadcrumbList","@id":"https:\/\/macote.fr\/produit\/porte-gobelet-bmw-e60-e61\/#breadcrumb","itemListElement":[{"@type":"ListItem","position":1,"name":"Accueil","item":"https:\/\/macote.fr\/"},{"@type":"ListItem","position":2,"name":"Boutique","item":"https:\/\/macote.fr\/boutique\/"},{"@type":"ListItem","position":3,"name":"porte gobelet bmw e60, e61"}]},{"@type":"WebSite","@id":"https:\/\/macote.fr\/#website","url":"https:\/\/macote.fr\/","name":"MyQuote.com","description":"Los mejores accesorios BMW","publisher":{"@id":"https:\/\/macote.fr\/#organization"},"alternateName":"BMW tuning","potentialAction":[{"@type":"SearchAction","target":{"@type":"EntryPoint","urlTemplate":"https:\/\/macote.fr\/?s={search_term_string}"},"query-input":{"@type":"PropertyValueSpecification","valueRequired":true,"valueName":"search_term_string"}}],"inLanguage":"es"},{"@type":"Organization","@id":"https:\/\/macote.fr\/#organization","name":"Macote.es","alternateName":"BMW tuning","url":"https:\/\/macote.fr\/","logo":{"@type":"ImageObject","inLanguage":"es","@id":"https:\/\/macote.fr\/#\/schema\/logo\/image\/","url":"https:\/\/macote.fr\/wp-content\/uploads\/2023\/11\/LOGO-macote.fr-dessin-bmw-noir-copy.jpg","contentUrl":"https:\/\/macote.fr\/wp-content\/uploads\/2023\/11\/LOGO-macote.fr-dessin-bmw-noir-copy.jpg","width":732,"height":456,"caption":"Macote.fr"},"image":{"@id":"https:\/\/macote.fr\/#\/schema\/logo\/image\/"},"sameAs":["https:\/\/www.facebook.com\/profile.php?id=100091476586119","https:\/\/www.youtube.com\/channel\/UCgO-YTbaxYO-w_C5GfL-_1w","https:\/\/www.tiktok.com\/@macote.fr?is_from_webapp=1&sender_device=pc","https:\/\/www.instagram.com\/i_xila_i\/"]}]}},"_links":{"self":[{"href":"https:\/\/macote.fr\/es\/wp-json\/wp\/v2\/product\/2277","targetHints":{"allow":["GET"]}}],"collection":[{"href":"https:\/\/macote.fr\/es\/wp-json\/wp\/v2\/product"}],"about":[{"href":"https:\/\/macote.fr\/es\/wp-json\/wp\/v2\/types\/product"}],"replies":[{"embeddable":true,"href":"https:\/\/macote.fr\/es\/wp-json\/wp\/v2\/comments?post=2277"}],"wp:featuredmedia":[{"embeddable":true,"href":"https:\/\/macote.fr\/es\/wp-json\/wp\/v2\/media\/2282"}],"wp:attachment":[{"href":"https:\/\/macote.fr\/es\/wp-json\/wp\/v2\/media?parent=2277"}],"wp:term":[{"taxonomy":"product_brand","embeddable":true,"href":"https:\/\/macote.fr\/es\/wp-json\/wp\/v2\/product_brand?post=2277"},{"taxonomy":"product_cat","embeddable":true,"href":"https:\/\/macote.fr\/es\/wp-json\/wp\/v2\/product_cat?post=2277"},{"taxonomy":"product_tag","embeddable":true,"href":"https:\/\/macote.fr\/es\/wp-json\/wp\/v2\/product_tag?post=2277"}],"curies":[{"name":"wp","href":"https:\/\/api.w.org\/{rel}","templated":true}]}}