{"id":2318,"date":"2023-06-28T16:50:19","date_gmt":"2023-06-28T14:50:19","guid":{"rendered":"https:\/\/macote.fr\/?post_type=product&#038;p=2318"},"modified":"2024-02-23T00:05:19","modified_gmt":"2024-02-22T23:05:19","slug":"inserto-consola-central-carbono-bmw-e90-e92-e93-2","status":"publish","type":"product","link":"https:\/\/macote.fr\/es\/producto\/inserto-consola-central-carbono-bmw-e90-e92-e93-2\/","title":{"rendered":"Consola central de carbono BMW E90, E92, E93"},"content":{"rendered":"<p>\u00bfSu consola central ha sufrido los estragos del tiempo?<\/p>\n<p>Descubra el inserto de carbono para consola central BMW E90, el complemento perfecto para realzar el interior de su veh\u00edculo. Disponible en dos elegantes acabados, fibra de carbono o plata, este inserto a\u00f1ade un toque de sofisticaci\u00f3n y modernidad a tu consola central.<\/p>\n<p>El inserto de fibra de carbono ofrece un aspecto deportivo de alta gama que realza la est\u00e9tica din\u00e1mica de su BMW. La textura \u00fanica de la fibra de carbono crea un llamativo contraste visual, captando la atenci\u00f3n en cada mirada. Para los que prefieren un acabado m\u00e1s cl\u00e1sico, la opci\u00f3n plateada aporta un toque de refinamiento atemporal, combinando a la perfecci\u00f3n con el interior de tu coche.<\/p>\n<p>Este inserto para la consola central est\u00e1 especialmente dise\u00f1ado para ser compatible con el sistema I drive, lo que permite una integraci\u00f3n perfecta y una experiencia de usuario fluida. Disfruta de todas las funciones de tu BMW sin compromisos, con un dise\u00f1o cuidadosamente pensado para encajar a la perfecci\u00f3n con tu salpicadero.<\/p>\n<p>Adem\u00e1s, para completar el aspecto general de su coche, tambi\u00e9n ofrecemos un inserto para la palanca de cambios. Disponible en los mismos acabados de carbono o plata, este inserto a\u00f1ade un toque final de estilo al interior de su BMW E90.<\/p>\n<p>Los insertos son compatibles con las cajas de cambios manuales y autom\u00e1ticas.<\/p>\n<p>D\u00e9jese seducir por la elegancia y la atenci\u00f3n al detalle de este inserto para consola central y palanca de cambios, dise\u00f1ado para mejorar la experiencia de conducci\u00f3n de su BMW E90. Dale a tu veh\u00edculo un aspecto \u00fanico y personalizado que refleje tu pasi\u00f3n por la excelencia automovil\u00edstica.<\/p>\n<p>Compatible con los siguientes modelos:<\/p>\n<p>BMW E90, E92, E93.<\/p>\n<p>Longitud: 57 cm<\/p>\n<p>anchura: 35 cm<\/p>\n<p>Entrega gratuita.<\/p>","protected":false},"excerpt":{"rendered":"<p>\u00bfSu consola central ha sufrido los estragos del tiempo?<\/p>\n<p>Descubra el inserto de carbono para consola central BMW E90, el complemento perfecto para realzar el interior de su veh\u00edculo. Disponible en dos elegantes acabados, fibra de carbono o plata.<\/p>","protected":false},"featured_media":2323,"comment_status":"open","ping_status":"closed","template":"","meta":{"_eb_attr":""},"product_brand":[],"product_cat":[132,148,66],"product_tag":[],"class_list":{"0":"post-2318","1":"product","2":"type-product","3":"status-publish","4":"has-post-thumbnail","6":"product_cat-bmw-serie-3","7":"product_cat-bmw-serie-3-e90-e91-e92-e93","8":"product_cat-modifications-interieurs","10":"first","11":"instock","12":"taxable","13":"shipping-taxable","14":"purchasable","15":"product-type-variable"},"yoast_head":"<!-- This site is optimized with the Yoast SEO Premium plugin v20.7 (Yoast SEO v27.4) - https:\/\/yoast.com\/product\/yoast-seo-premium-wordpress\/ -->\n<title>Console centrale carbone BMW E90, E92, E93 - MaCote.fr<\/title>\n<meta name=\"description\" content=\"D\u00e9couvrez l&#039;insert de Console centrale carbone BMW E90, le compl\u00e9ment parfait pour sublimer l&#039;int\u00e9rieur de votre v\u00e9hicule.\" \/>\n<meta name=\"robots\" content=\"index, follow, max-snippet:-1, max-image-preview:large, max-video-preview:-1\" \/>\n<link rel=\"canonical\" href=\"https:\/\/macote.fr\/es\/producto\/inserto-consola-central-carbono-bmw-e90-e92-e93-2\/\" \/>\n<meta property=\"og:locale\" content=\"es_ES\" \/>\n<meta property=\"og:type\" content=\"article\" \/>\n<meta property=\"og:title\" content=\"Console centrale carbone BMW E90, E92, E93\" \/>\n<meta property=\"og:description\" content=\"D\u00e9couvrez l&#039;insert de Console centrale carbone BMW E90, le compl\u00e9ment parfait pour sublimer l&#039;int\u00e9rieur de votre v\u00e9hicule.\" \/>\n<meta property=\"og:url\" content=\"https:\/\/macote.fr\/es\/producto\/inserto-consola-central-carbono-bmw-e90-e92-e93-2\/\" \/>\n<meta property=\"og:site_name\" content=\"MaCote.fr\" \/>\n<meta property=\"article:publisher\" content=\"https:\/\/www.facebook.com\/profile.php?id=100091476586119\" \/>\n<meta property=\"article:modified_time\" content=\"2024-02-22T23:05:19+00:00\" \/>\n<meta property=\"og:image\" content=\"https:\/\/macote.fr\/wp-content\/uploads\/2023\/06\/Console-centrale-bmw-e90-carbone-vide-poche.jpeg\" \/>\n\t<meta property=\"og:image:width\" content=\"750\" \/>\n\t<meta property=\"og:image:height\" content=\"1000\" \/>\n\t<meta property=\"og:image:type\" content=\"image\/jpeg\" \/>\n<meta name=\"twitter:card\" content=\"summary_large_image\" \/>\n<meta name=\"twitter:label1\" content=\"Tiempo de lectura\" \/>\n\t<meta name=\"twitter:data1\" content=\"2 minutos\" \/>\n<script type=\"application\/ld+json\" class=\"yoast-schema-graph\">{\"@context\":\"https:\\\/\\\/schema.org\",\"@graph\":[{\"@type\":\"WebPage\",\"@id\":\"https:\\\/\\\/macote.fr\\\/produit\\\/insert-console-centrale-carbone-bmw-e90-e92-e93\\\/\",\"url\":\"https:\\\/\\\/macote.fr\\\/produit\\\/insert-console-centrale-carbone-bmw-e90-e92-e93\\\/\",\"name\":\"Console centrale carbone BMW E90, E92, E93 - MaCote.fr\",\"isPartOf\":{\"@id\":\"https:\\\/\\\/macote.fr\\\/#website\"},\"primaryImageOfPage\":{\"@id\":\"https:\\\/\\\/macote.fr\\\/produit\\\/insert-console-centrale-carbone-bmw-e90-e92-e93\\\/#primaryimage\"},\"image\":{\"@id\":\"https:\\\/\\\/macote.fr\\\/produit\\\/insert-console-centrale-carbone-bmw-e90-e92-e93\\\/#primaryimage\"},\"thumbnailUrl\":\"https:\\\/\\\/macote.fr\\\/wp-content\\\/uploads\\\/2023\\\/06\\\/Console-centrale-bmw-e90-carbone-vide-poche.jpeg\",\"datePublished\":\"2023-06-28T14:50:19+00:00\",\"dateModified\":\"2024-02-22T23:05:19+00:00\",\"description\":\"D\u00e9couvrez l'insert de Console centrale carbone BMW E90, le compl\u00e9ment parfait pour sublimer l'int\u00e9rieur de votre v\u00e9hicule.\",\"breadcrumb\":{\"@id\":\"https:\\\/\\\/macote.fr\\\/produit\\\/insert-console-centrale-carbone-bmw-e90-e92-e93\\\/#breadcrumb\"},\"inLanguage\":\"es\",\"potentialAction\":[{\"@type\":\"ReadAction\",\"target\":[\"https:\\\/\\\/macote.fr\\\/produit\\\/insert-console-centrale-carbone-bmw-e90-e92-e93\\\/\"]}]},{\"@type\":\"ImageObject\",\"inLanguage\":\"es\",\"@id\":\"https:\\\/\\\/macote.fr\\\/produit\\\/insert-console-centrale-carbone-bmw-e90-e92-e93\\\/#primaryimage\",\"url\":\"https:\\\/\\\/macote.fr\\\/wp-content\\\/uploads\\\/2023\\\/06\\\/Console-centrale-bmw-e90-carbone-vide-poche.jpeg\",\"contentUrl\":\"https:\\\/\\\/macote.fr\\\/wp-content\\\/uploads\\\/2023\\\/06\\\/Console-centrale-bmw-e90-carbone-vide-poche.jpeg\",\"width\":750,\"height\":1000,\"caption\":\"Console centrale bmw e90 carbone vide poche\"},{\"@type\":\"BreadcrumbList\",\"@id\":\"https:\\\/\\\/macote.fr\\\/produit\\\/insert-console-centrale-carbone-bmw-e90-e92-e93\\\/#breadcrumb\",\"itemListElement\":[{\"@type\":\"ListItem\",\"position\":1,\"name\":\"Accueil\",\"item\":\"https:\\\/\\\/macote.fr\\\/\"},{\"@type\":\"ListItem\",\"position\":2,\"name\":\"Boutique\",\"item\":\"https:\\\/\\\/macote.fr\\\/boutique\\\/\"},{\"@type\":\"ListItem\",\"position\":3,\"name\":\"Console centrale carbone BMW E90, E92, E93\"}]},{\"@type\":\"WebSite\",\"@id\":\"https:\\\/\\\/macote.fr\\\/#website\",\"url\":\"https:\\\/\\\/macote.fr\\\/\",\"name\":\"MaCote.fr\",\"description\":\"BMW best accessories\",\"publisher\":{\"@id\":\"https:\\\/\\\/macote.fr\\\/#organization\"},\"alternateName\":\"BMW tuning\",\"potentialAction\":[{\"@type\":\"SearchAction\",\"target\":{\"@type\":\"EntryPoint\",\"urlTemplate\":\"https:\\\/\\\/macote.fr\\\/?s={search_term_string}\"},\"query-input\":{\"@type\":\"PropertyValueSpecification\",\"valueRequired\":true,\"valueName\":\"search_term_string\"}}],\"inLanguage\":\"es\"},{\"@type\":\"Organization\",\"@id\":\"https:\\\/\\\/macote.fr\\\/#organization\",\"name\":\"Macote.fr\",\"alternateName\":\"BMW tuning\",\"url\":\"https:\\\/\\\/macote.fr\\\/\",\"logo\":{\"@type\":\"ImageObject\",\"inLanguage\":\"es\",\"@id\":\"https:\\\/\\\/macote.fr\\\/#\\\/schema\\\/logo\\\/image\\\/\",\"url\":\"https:\\\/\\\/macote.fr\\\/wp-content\\\/uploads\\\/2023\\\/11\\\/LOGO-macote.fr-dessin-bmw-noir-copy.jpg\",\"contentUrl\":\"https:\\\/\\\/macote.fr\\\/wp-content\\\/uploads\\\/2023\\\/11\\\/LOGO-macote.fr-dessin-bmw-noir-copy.jpg\",\"width\":732,\"height\":456,\"caption\":\"Macote.fr\"},\"image\":{\"@id\":\"https:\\\/\\\/macote.fr\\\/#\\\/schema\\\/logo\\\/image\\\/\"},\"sameAs\":[\"https:\\\/\\\/www.facebook.com\\\/profile.php?id=100091476586119\",\"https:\\\/\\\/www.youtube.com\\\/channel\\\/UCgO-YTbaxYO-w_C5GfL-_1w\",\"https:\\\/\\\/www.tiktok.com\\\/@macote.fr?is_from_webapp=1&sender_device=pc\",\"https:\\\/\\\/www.instagram.com\\\/i_xila_i\\\/\"]}]}<\/script>\n<!-- \/ Yoast SEO Premium plugin. -->","yoast_head_json":{"title":"Consola central de carbono BMW E90, E92, E93 - MaCote.fr","description":"Descubra el inserto de carbono para consola central BMW E90, el complemento perfecto para realzar el interior de su veh\u00edculo.","robots":{"index":"index","follow":"follow","max-snippet":"max-snippet:-1","max-image-preview":"max-image-preview:large","max-video-preview":"max-video-preview:-1"},"canonical":"https:\/\/macote.fr\/es\/producto\/inserto-consola-central-carbono-bmw-e90-e92-e93-2\/","og_locale":"es_ES","og_type":"article","og_title":"Console centrale carbone BMW E90, E92, E93","og_description":"D\u00e9couvrez l'insert de Console centrale carbone BMW E90, le compl\u00e9ment parfait pour sublimer l'int\u00e9rieur de votre v\u00e9hicule.","og_url":"https:\/\/macote.fr\/es\/producto\/inserto-consola-central-carbono-bmw-e90-e92-e93-2\/","og_site_name":"MaCote.fr","article_publisher":"https:\/\/www.facebook.com\/profile.php?id=100091476586119","article_modified_time":"2024-02-22T23:05:19+00:00","og_image":[{"width":750,"height":1000,"url":"https:\/\/macote.fr\/wp-content\/uploads\/2023\/06\/Console-centrale-bmw-e90-carbone-vide-poche.jpeg","type":"image\/jpeg"}],"twitter_card":"summary_large_image","twitter_misc":{"Tiempo de lectura":"2 minutos"},"schema":{"@context":"https:\/\/schema.org","@graph":[{"@type":"WebPage","@id":"https:\/\/macote.fr\/produit\/insert-console-centrale-carbone-bmw-e90-e92-e93\/","url":"https:\/\/macote.fr\/produit\/insert-console-centrale-carbone-bmw-e90-e92-e93\/","name":"Consola central de carbono BMW E90, E92, E93 - MaCote.fr","isPartOf":{"@id":"https:\/\/macote.fr\/#website"},"primaryImageOfPage":{"@id":"https:\/\/macote.fr\/produit\/insert-console-centrale-carbone-bmw-e90-e92-e93\/#primaryimage"},"image":{"@id":"https:\/\/macote.fr\/produit\/insert-console-centrale-carbone-bmw-e90-e92-e93\/#primaryimage"},"thumbnailUrl":"https:\/\/macote.fr\/wp-content\/uploads\/2023\/06\/Console-centrale-bmw-e90-carbone-vide-poche.jpeg","datePublished":"2023-06-28T14:50:19+00:00","dateModified":"2024-02-22T23:05:19+00:00","description":"Descubra el inserto de carbono para consola central BMW E90, el complemento perfecto para realzar el interior de su veh\u00edculo.","breadcrumb":{"@id":"https:\/\/macote.fr\/produit\/insert-console-centrale-carbone-bmw-e90-e92-e93\/#breadcrumb"},"inLanguage":"es","potentialAction":[{"@type":"ReadAction","target":["https:\/\/macote.fr\/produit\/insert-console-centrale-carbone-bmw-e90-e92-e93\/"]}]},{"@type":"ImageObject","inLanguage":"es","@id":"https:\/\/macote.fr\/produit\/insert-console-centrale-carbone-bmw-e90-e92-e93\/#primaryimage","url":"https:\/\/macote.fr\/wp-content\/uploads\/2023\/06\/Console-centrale-bmw-e90-carbone-vide-poche.jpeg","contentUrl":"https:\/\/macote.fr\/wp-content\/uploads\/2023\/06\/Console-centrale-bmw-e90-carbone-vide-poche.jpeg","width":750,"height":1000,"caption":"Console centrale bmw e90 carbone vide poche"},{"@type":"BreadcrumbList","@id":"https:\/\/macote.fr\/produit\/insert-console-centrale-carbone-bmw-e90-e92-e93\/#breadcrumb","itemListElement":[{"@type":"ListItem","position":1,"name":"Accueil","item":"https:\/\/macote.fr\/"},{"@type":"ListItem","position":2,"name":"Boutique","item":"https:\/\/macote.fr\/boutique\/"},{"@type":"ListItem","position":3,"name":"Console centrale carbone BMW E90, E92, E93"}]},{"@type":"WebSite","@id":"https:\/\/macote.fr\/#website","url":"https:\/\/macote.fr\/","name":"MyQuote.com","description":"Los mejores accesorios BMW","publisher":{"@id":"https:\/\/macote.fr\/#organization"},"alternateName":"BMW tuning","potentialAction":[{"@type":"SearchAction","target":{"@type":"EntryPoint","urlTemplate":"https:\/\/macote.fr\/?s={search_term_string}"},"query-input":{"@type":"PropertyValueSpecification","valueRequired":true,"valueName":"search_term_string"}}],"inLanguage":"es"},{"@type":"Organization","@id":"https:\/\/macote.fr\/#organization","name":"Macote.es","alternateName":"BMW tuning","url":"https:\/\/macote.fr\/","logo":{"@type":"ImageObject","inLanguage":"es","@id":"https:\/\/macote.fr\/#\/schema\/logo\/image\/","url":"https:\/\/macote.fr\/wp-content\/uploads\/2023\/11\/LOGO-macote.fr-dessin-bmw-noir-copy.jpg","contentUrl":"https:\/\/macote.fr\/wp-content\/uploads\/2023\/11\/LOGO-macote.fr-dessin-bmw-noir-copy.jpg","width":732,"height":456,"caption":"Macote.fr"},"image":{"@id":"https:\/\/macote.fr\/#\/schema\/logo\/image\/"},"sameAs":["https:\/\/www.facebook.com\/profile.php?id=100091476586119","https:\/\/www.youtube.com\/channel\/UCgO-YTbaxYO-w_C5GfL-_1w","https:\/\/www.tiktok.com\/@macote.fr?is_from_webapp=1&sender_device=pc","https:\/\/www.instagram.com\/i_xila_i\/"]}]}},"_links":{"self":[{"href":"https:\/\/macote.fr\/es\/wp-json\/wp\/v2\/product\/2318","targetHints":{"allow":["GET"]}}],"collection":[{"href":"https:\/\/macote.fr\/es\/wp-json\/wp\/v2\/product"}],"about":[{"href":"https:\/\/macote.fr\/es\/wp-json\/wp\/v2\/types\/product"}],"replies":[{"embeddable":true,"href":"https:\/\/macote.fr\/es\/wp-json\/wp\/v2\/comments?post=2318"}],"wp:featuredmedia":[{"embeddable":true,"href":"https:\/\/macote.fr\/es\/wp-json\/wp\/v2\/media\/2323"}],"wp:attachment":[{"href":"https:\/\/macote.fr\/es\/wp-json\/wp\/v2\/media?parent=2318"}],"wp:term":[{"taxonomy":"product_brand","embeddable":true,"href":"https:\/\/macote.fr\/es\/wp-json\/wp\/v2\/product_brand?post=2318"},{"taxonomy":"product_cat","embeddable":true,"href":"https:\/\/macote.fr\/es\/wp-json\/wp\/v2\/product_cat?post=2318"},{"taxonomy":"product_tag","embeddable":true,"href":"https:\/\/macote.fr\/es\/wp-json\/wp\/v2\/product_tag?post=2318"}],"curies":[{"name":"wp","href":"https:\/\/api.w.org\/{rel}","templated":true}]}}