{"id":4590,"date":"2024-03-02T01:53:25","date_gmt":"2024-03-02T00:53:25","guid":{"rendered":"https:\/\/macote.fr\/?post_type=product&#038;p=4590"},"modified":"2024-03-02T20:52:38","modified_gmt":"2024-03-02T19:52:38","slug":"faros-antiniebla-amarillo-negro-transparente-oscuro-led-bmw-m3-e46","status":"publish","type":"product","link":"https:\/\/macote.fr\/es\/producto\/faros-antiniebla-amarillo-negro-transparente-oscuro-led-bmw-m3-e46\/","title":{"rendered":"Faros antiniebla Amarillo, Negro, Transparente + Fondo negro + LED BMW M3 E46 y Serie 3 E46"},"content":{"rendered":"<h1 style=\"text-align: center;\">BMW M3 E46 y Serie 3 E46 Faros Antiniebla<\/h1>\n<p>Sum\u00e9rjase en el mundo del motor con nuestros faros antiniebla hechos a medida para el BMW M3 E46 y el Serie 3 E46. Redefina el estilo y la iluminaci\u00f3n de su coche con estos excepcionales accesorios, disponibles en una gama de colores que se adaptan perfectamente a su gusto y estilo de conducci\u00f3n. Adapte su coche a sus necesidades con nuestros accesorios.<\/p>\n<h2>Elecci\u00f3n de colores: estilo personalizado para un aspecto exterior \u00fanico<\/h2>\n<h3>1. Lente amarilla de estilo retro:<\/h3>\n<p>Opte por la lente de cristal amarillo para conseguir un efecto retro y deportivo. Inspirada en los faros de los coches de carreras, esta opci\u00f3n a\u00f1ade un toque vintage a la vez que mejora la visibilidad en condiciones de niebla. Sum\u00e9rgete en la est\u00e9tica cl\u00e1sica, donde el rendimiento se une al encanto del pasado.<\/p>\n<h3>2. Lente negra ahumada, aspecto deportivo y agresivo:<\/h3>\n<p>La lente de cristal ahumado crea un aspecto deportivo y agresivo, aportando una apariencia de l\u00ednea de sombra a su BMW M3 E46 y Serie 3 E46. Elimine los elementos brillantes con esta atrevida opci\u00f3n, que combina con elegancia est\u00e9tica y funcionalidad. A pesar del tinte negro de la lente, disfrute de toda la potencia de iluminaci\u00f3n de la bombilla.<\/p>\n<h3>3. Lente transparente con fondo negro - Tres variantes:<\/h3>\n<p>- Sin bombilla**: Para los que ya tienen la bombilla original y quieren mantener un aspecto deportivo.<br \/>\n- Con bombilla hal\u00f3gena cl\u00e1sica (HB4 : 9006)**: Una opci\u00f3n potente que funciona a 12 V con 51 W de potencia para una visibilidad \u00f3ptima en cualquier condici\u00f3n meteorol\u00f3gica.<br \/>\n- Versi\u00f3n LED**: aproveche la moderna tecnolog\u00eda LED para aumentar la luminosidad y obtener una eficiencia energ\u00e9tica superior.<\/p>\n<h2>Kit completo: Listo para la aventura en coche<\/h2>\n<p>Cada kit incluye dos faros antiniebla hechos para adaptarse perfectamente a su BMW M3 E46 y Serie 3 E46. Adem\u00e1s, recibir\u00e1 dos bombillas hal\u00f3genas de alta calidad (HB4: 9006) para una iluminaci\u00f3n \u00f3ptima, excepto para las variantes sin bombilla y LED, que ofrecen opciones m\u00e1s flexibles para adaptarse a sus necesidades espec\u00edficas.<\/p>\n<h2>F\u00e1cil instalaci\u00f3n: Plug and Play<\/h2>\n<p>La instalaci\u00f3n de estos faros antiniebla es sencilla e intuitiva, lo que permite a cualquier entusiasta personalizar su BMW con facilidad. Transforma tu experiencia de conducci\u00f3n con un estilo y una funcionalidad excepcionales.<\/p>\n<p>Opte por la excelencia. Elija nuestros faros antiniebla para BMW M3 E46 y Serie 3 E46 y combine rendimiento con estilo. Redescubra la carretera de una forma totalmente nueva.<\/p>\n<h2>Compatibilidad :<\/h2>\n<p>M3 E46 2000-2006: Berlina, Coup\u00e9, Cabriolet<\/p>\n<p>M5 E39 1998-2004: Touring, Berlina, Coup\u00e9<\/p>\n<p>Serie 3 E46 2000-2004: Touring, Berlina, Coup\u00e9, Cabriolet: 316i; 318i; 320i; 325i; 330i; 318d; 320d; 325d; 330xd; 325ix; 330ix;<\/p>\n<p>&nbsp;<\/p>","protected":false},"excerpt":{"rendered":"<h1 style=\"text-align: center;\">BMW M3 E46 y Serie 3 E46 Faros Antiniebla<\/h1>\n<p>Descubra la mezcla perfecta de estilo y rendimiento con nuestros faros antiniebla hechos a medida para el BMW M3 E46 y el Serie 3 E46. Disponibles en tres opciones de color, cada opci\u00f3n ofrece una est\u00e9tica \u00fanica, desde el retro deportivo al agresivo moderno. El kit completo incluye dos faros y bombillas hal\u00f3genas de alta calidad, que garantizan una visibilidad \u00f3ptima. Transforme su experiencia de conducci\u00f3n con estos faros que combinan elegancia y funcionalidad, redefiniendo su experiencia en la carretera.<\/p>","protected":false},"featured_media":4602,"comment_status":"open","ping_status":"closed","template":"","meta":{"_eb_attr":""},"product_brand":[],"product_cat":[132,147,68,201,210],"product_tag":[],"class_list":{"0":"post-4590","1":"product","2":"type-product","3":"status-publish","4":"has-post-thumbnail","6":"product_cat-bmw-serie-3","7":"product_cat-bmw-serie-3-e46","8":"product_cat-eclairage-signature-lumineuse","9":"product_cat-m3","10":"product_cat-m3-e46","12":"first","13":"instock","14":"taxable","15":"shipping-taxable","16":"purchasable","17":"product-type-variable"},"yoast_head":"<!-- This site is optimized with the Yoast SEO Premium plugin v20.7 (Yoast SEO v27.3) - https:\/\/yoast.com\/product\/yoast-seo-premium-wordpress\/ -->\n<title>Phares anti-brouillard Jaune, Noir, Transparent + Fond noir + LED BMW M3 E46 et s\u00e9rie 3 E46 - MaCote.fr<\/title>\n<meta name=\"description\" content=\"Am\u00e9liorez le look de votre BMW M3 E46 et s\u00e9rie 3 E46 avec nos phares anti-brouillard. Choisissez parmi des style diff\u00e9rent. Kit complet inclus pour une upgrade facile.\" \/>\n<meta name=\"robots\" content=\"index, follow, max-snippet:-1, max-image-preview:large, max-video-preview:-1\" \/>\n<link rel=\"canonical\" href=\"https:\/\/macote.fr\/es\/producto\/faros-antiniebla-amarillo-negro-transparente-oscuro-led-bmw-m3-e46\/\" \/>\n<meta property=\"og:locale\" content=\"es_ES\" \/>\n<meta property=\"og:type\" content=\"article\" \/>\n<meta property=\"og:title\" content=\"Phares anti-brouillard Jaune, Noir, Transparent + Fond noir + LED BMW M3 E46 et s\u00e9rie 3 E46\" \/>\n<meta property=\"og:description\" content=\"Am\u00e9liorez le look de votre BMW M3 E46 et s\u00e9rie 3 E46 avec nos phares anti-brouillard. Choisissez parmi des style diff\u00e9rent. Kit complet inclus pour une upgrade facile.\" \/>\n<meta property=\"og:url\" content=\"https:\/\/macote.fr\/es\/producto\/faros-antiniebla-amarillo-negro-transparente-oscuro-led-bmw-m3-e46\/\" \/>\n<meta property=\"og:site_name\" content=\"MaCote.fr\" \/>\n<meta property=\"article:publisher\" content=\"https:\/\/www.facebook.com\/profile.php?id=100091476586119\" \/>\n<meta property=\"article:modified_time\" content=\"2024-03-02T19:52:38+00:00\" \/>\n<meta property=\"og:image\" content=\"https:\/\/macote.fr\/wp-content\/uploads\/2024\/03\/BMW_M3_E46_phares_antibrouillard_jaune_face_avant_2000-2006.jpg\" \/>\n\t<meta property=\"og:image:width\" content=\"728\" \/>\n\t<meta property=\"og:image:height\" content=\"729\" \/>\n\t<meta property=\"og:image:type\" content=\"image\/jpeg\" \/>\n<meta name=\"twitter:card\" content=\"summary_large_image\" \/>\n<meta name=\"twitter:label1\" content=\"Tiempo de lectura\" \/>\n\t<meta name=\"twitter:data1\" content=\"5 minutos\" \/>\n<script type=\"application\/ld+json\" class=\"yoast-schema-graph\">{\"@context\":\"https:\\\/\\\/schema.org\",\"@graph\":[{\"@type\":\"WebPage\",\"@id\":\"https:\\\/\\\/macote.fr\\\/produit\\\/phares-anti-brouillard-jaune-noir-transparent-fond-noir-led-bmw-m3-e46\\\/\",\"url\":\"https:\\\/\\\/macote.fr\\\/produit\\\/phares-anti-brouillard-jaune-noir-transparent-fond-noir-led-bmw-m3-e46\\\/\",\"name\":\"Phares anti-brouillard Jaune, Noir, Transparent + Fond noir + LED BMW M3 E46 et s\u00e9rie 3 E46 - MaCote.fr\",\"isPartOf\":{\"@id\":\"https:\\\/\\\/macote.fr\\\/#website\"},\"primaryImageOfPage\":{\"@id\":\"https:\\\/\\\/macote.fr\\\/produit\\\/phares-anti-brouillard-jaune-noir-transparent-fond-noir-led-bmw-m3-e46\\\/#primaryimage\"},\"image\":{\"@id\":\"https:\\\/\\\/macote.fr\\\/produit\\\/phares-anti-brouillard-jaune-noir-transparent-fond-noir-led-bmw-m3-e46\\\/#primaryimage\"},\"thumbnailUrl\":\"https:\\\/\\\/macote.fr\\\/wp-content\\\/uploads\\\/2024\\\/03\\\/BMW_M3_E46_phares_antibrouillard_jaune_face_avant_2000-2006.jpg\",\"datePublished\":\"2024-03-02T00:53:25+00:00\",\"dateModified\":\"2024-03-02T19:52:38+00:00\",\"description\":\"Am\u00e9liorez le look de votre BMW M3 E46 et s\u00e9rie 3 E46 avec nos phares anti-brouillard. Choisissez parmi des style diff\u00e9rent. Kit complet inclus pour une upgrade facile.\",\"breadcrumb\":{\"@id\":\"https:\\\/\\\/macote.fr\\\/produit\\\/phares-anti-brouillard-jaune-noir-transparent-fond-noir-led-bmw-m3-e46\\\/#breadcrumb\"},\"inLanguage\":\"es\",\"potentialAction\":[{\"@type\":\"ReadAction\",\"target\":[\"https:\\\/\\\/macote.fr\\\/produit\\\/phares-anti-brouillard-jaune-noir-transparent-fond-noir-led-bmw-m3-e46\\\/\"]}]},{\"@type\":\"ImageObject\",\"inLanguage\":\"es\",\"@id\":\"https:\\\/\\\/macote.fr\\\/produit\\\/phares-anti-brouillard-jaune-noir-transparent-fond-noir-led-bmw-m3-e46\\\/#primaryimage\",\"url\":\"https:\\\/\\\/macote.fr\\\/wp-content\\\/uploads\\\/2024\\\/03\\\/BMW_M3_E46_phares_antibrouillard_jaune_face_avant_2000-2006.jpg\",\"contentUrl\":\"https:\\\/\\\/macote.fr\\\/wp-content\\\/uploads\\\/2024\\\/03\\\/BMW_M3_E46_phares_antibrouillard_jaune_face_avant_2000-2006.jpg\",\"width\":728,\"height\":729,\"caption\":\"BMW_M3_E46_phares_antibrouillard_jaune_face_avant_2000-2006\"},{\"@type\":\"BreadcrumbList\",\"@id\":\"https:\\\/\\\/macote.fr\\\/produit\\\/phares-anti-brouillard-jaune-noir-transparent-fond-noir-led-bmw-m3-e46\\\/#breadcrumb\",\"itemListElement\":[{\"@type\":\"ListItem\",\"position\":1,\"name\":\"Accueil\",\"item\":\"https:\\\/\\\/macote.fr\\\/\"},{\"@type\":\"ListItem\",\"position\":2,\"name\":\"Boutique\",\"item\":\"https:\\\/\\\/macote.fr\\\/boutique\\\/\"},{\"@type\":\"ListItem\",\"position\":3,\"name\":\"Phares anti-brouillard Jaune, Noir, Transparent + Fond noir + LED BMW M3 E46 et s\u00e9rie 3 E46\"}]},{\"@type\":\"WebSite\",\"@id\":\"https:\\\/\\\/macote.fr\\\/#website\",\"url\":\"https:\\\/\\\/macote.fr\\\/\",\"name\":\"MaCote.fr\",\"description\":\"BMW best accessories\",\"publisher\":{\"@id\":\"https:\\\/\\\/macote.fr\\\/#organization\"},\"alternateName\":\"BMW tuning\",\"potentialAction\":[{\"@type\":\"SearchAction\",\"target\":{\"@type\":\"EntryPoint\",\"urlTemplate\":\"https:\\\/\\\/macote.fr\\\/?s={search_term_string}\"},\"query-input\":{\"@type\":\"PropertyValueSpecification\",\"valueRequired\":true,\"valueName\":\"search_term_string\"}}],\"inLanguage\":\"es\"},{\"@type\":\"Organization\",\"@id\":\"https:\\\/\\\/macote.fr\\\/#organization\",\"name\":\"Macote.fr\",\"alternateName\":\"BMW tuning\",\"url\":\"https:\\\/\\\/macote.fr\\\/\",\"logo\":{\"@type\":\"ImageObject\",\"inLanguage\":\"es\",\"@id\":\"https:\\\/\\\/macote.fr\\\/#\\\/schema\\\/logo\\\/image\\\/\",\"url\":\"https:\\\/\\\/macote.fr\\\/wp-content\\\/uploads\\\/2023\\\/11\\\/LOGO-macote.fr-dessin-bmw-noir-copy.jpg\",\"contentUrl\":\"https:\\\/\\\/macote.fr\\\/wp-content\\\/uploads\\\/2023\\\/11\\\/LOGO-macote.fr-dessin-bmw-noir-copy.jpg\",\"width\":732,\"height\":456,\"caption\":\"Macote.fr\"},\"image\":{\"@id\":\"https:\\\/\\\/macote.fr\\\/#\\\/schema\\\/logo\\\/image\\\/\"},\"sameAs\":[\"https:\\\/\\\/www.facebook.com\\\/profile.php?id=100091476586119\",\"https:\\\/\\\/www.youtube.com\\\/channel\\\/UCgO-YTbaxYO-w_C5GfL-_1w\",\"https:\\\/\\\/www.tiktok.com\\\/@macote.fr?is_from_webapp=1&sender_device=pc\",\"https:\\\/\\\/www.instagram.com\\\/i_xila_i\\\/\"]}]}<\/script>\n<!-- \/ Yoast SEO Premium plugin. -->","yoast_head_json":{"title":"Faros antiniebla Amarillo, Negro, Transparente + Fondo negro + LED BMW M3 E46 y Serie 3 E46 - MaCote.fr","description":"Mejore el aspecto de su BMW M3 E46 y Serie 3 E46 con nuestros faros antiniebla. Elija entre diferentes estilos. Kit completo incluido para una f\u00e1cil actualizaci\u00f3n.","robots":{"index":"index","follow":"follow","max-snippet":"max-snippet:-1","max-image-preview":"max-image-preview:large","max-video-preview":"max-video-preview:-1"},"canonical":"https:\/\/macote.fr\/es\/producto\/faros-antiniebla-amarillo-negro-transparente-oscuro-led-bmw-m3-e46\/","og_locale":"es_ES","og_type":"article","og_title":"Phares anti-brouillard Jaune, Noir, Transparent + Fond noir + LED BMW M3 E46 et s\u00e9rie 3 E46","og_description":"Am\u00e9liorez le look de votre BMW M3 E46 et s\u00e9rie 3 E46 avec nos phares anti-brouillard. Choisissez parmi des style diff\u00e9rent. Kit complet inclus pour une upgrade facile.","og_url":"https:\/\/macote.fr\/es\/producto\/faros-antiniebla-amarillo-negro-transparente-oscuro-led-bmw-m3-e46\/","og_site_name":"MaCote.fr","article_publisher":"https:\/\/www.facebook.com\/profile.php?id=100091476586119","article_modified_time":"2024-03-02T19:52:38+00:00","og_image":[{"width":728,"height":729,"url":"https:\/\/macote.fr\/wp-content\/uploads\/2024\/03\/BMW_M3_E46_phares_antibrouillard_jaune_face_avant_2000-2006.jpg","type":"image\/jpeg"}],"twitter_card":"summary_large_image","twitter_misc":{"Tiempo de lectura":"5 minutos"},"schema":{"@context":"https:\/\/schema.org","@graph":[{"@type":"WebPage","@id":"https:\/\/macote.fr\/produit\/phares-anti-brouillard-jaune-noir-transparent-fond-noir-led-bmw-m3-e46\/","url":"https:\/\/macote.fr\/produit\/phares-anti-brouillard-jaune-noir-transparent-fond-noir-led-bmw-m3-e46\/","name":"Faros antiniebla Amarillo, Negro, Transparente + Fondo negro + LED BMW M3 E46 y Serie 3 E46 - MaCote.fr","isPartOf":{"@id":"https:\/\/macote.fr\/#website"},"primaryImageOfPage":{"@id":"https:\/\/macote.fr\/produit\/phares-anti-brouillard-jaune-noir-transparent-fond-noir-led-bmw-m3-e46\/#primaryimage"},"image":{"@id":"https:\/\/macote.fr\/produit\/phares-anti-brouillard-jaune-noir-transparent-fond-noir-led-bmw-m3-e46\/#primaryimage"},"thumbnailUrl":"https:\/\/macote.fr\/wp-content\/uploads\/2024\/03\/BMW_M3_E46_phares_antibrouillard_jaune_face_avant_2000-2006.jpg","datePublished":"2024-03-02T00:53:25+00:00","dateModified":"2024-03-02T19:52:38+00:00","description":"Mejore el aspecto de su BMW M3 E46 y Serie 3 E46 con nuestros faros antiniebla. Elija entre diferentes estilos. Kit completo incluido para una f\u00e1cil actualizaci\u00f3n.","breadcrumb":{"@id":"https:\/\/macote.fr\/produit\/phares-anti-brouillard-jaune-noir-transparent-fond-noir-led-bmw-m3-e46\/#breadcrumb"},"inLanguage":"es","potentialAction":[{"@type":"ReadAction","target":["https:\/\/macote.fr\/produit\/phares-anti-brouillard-jaune-noir-transparent-fond-noir-led-bmw-m3-e46\/"]}]},{"@type":"ImageObject","inLanguage":"es","@id":"https:\/\/macote.fr\/produit\/phares-anti-brouillard-jaune-noir-transparent-fond-noir-led-bmw-m3-e46\/#primaryimage","url":"https:\/\/macote.fr\/wp-content\/uploads\/2024\/03\/BMW_M3_E46_phares_antibrouillard_jaune_face_avant_2000-2006.jpg","contentUrl":"https:\/\/macote.fr\/wp-content\/uploads\/2024\/03\/BMW_M3_E46_phares_antibrouillard_jaune_face_avant_2000-2006.jpg","width":728,"height":729,"caption":"BMW_M3_E46_phares_antibrouillard_jaune_face_avant_2000-2006"},{"@type":"BreadcrumbList","@id":"https:\/\/macote.fr\/produit\/phares-anti-brouillard-jaune-noir-transparent-fond-noir-led-bmw-m3-e46\/#breadcrumb","itemListElement":[{"@type":"ListItem","position":1,"name":"Accueil","item":"https:\/\/macote.fr\/"},{"@type":"ListItem","position":2,"name":"Boutique","item":"https:\/\/macote.fr\/boutique\/"},{"@type":"ListItem","position":3,"name":"Phares anti-brouillard Jaune, Noir, Transparent + Fond noir + LED BMW M3 E46 et s\u00e9rie 3 E46"}]},{"@type":"WebSite","@id":"https:\/\/macote.fr\/#website","url":"https:\/\/macote.fr\/","name":"MyQuote.com","description":"Los mejores accesorios BMW","publisher":{"@id":"https:\/\/macote.fr\/#organization"},"alternateName":"BMW tuning","potentialAction":[{"@type":"SearchAction","target":{"@type":"EntryPoint","urlTemplate":"https:\/\/macote.fr\/?s={search_term_string}"},"query-input":{"@type":"PropertyValueSpecification","valueRequired":true,"valueName":"search_term_string"}}],"inLanguage":"es"},{"@type":"Organization","@id":"https:\/\/macote.fr\/#organization","name":"Macote.es","alternateName":"BMW tuning","url":"https:\/\/macote.fr\/","logo":{"@type":"ImageObject","inLanguage":"es","@id":"https:\/\/macote.fr\/#\/schema\/logo\/image\/","url":"https:\/\/macote.fr\/wp-content\/uploads\/2023\/11\/LOGO-macote.fr-dessin-bmw-noir-copy.jpg","contentUrl":"https:\/\/macote.fr\/wp-content\/uploads\/2023\/11\/LOGO-macote.fr-dessin-bmw-noir-copy.jpg","width":732,"height":456,"caption":"Macote.fr"},"image":{"@id":"https:\/\/macote.fr\/#\/schema\/logo\/image\/"},"sameAs":["https:\/\/www.facebook.com\/profile.php?id=100091476586119","https:\/\/www.youtube.com\/channel\/UCgO-YTbaxYO-w_C5GfL-_1w","https:\/\/www.tiktok.com\/@macote.fr?is_from_webapp=1&sender_device=pc","https:\/\/www.instagram.com\/i_xila_i\/"]}]}},"_links":{"self":[{"href":"https:\/\/macote.fr\/es\/wp-json\/wp\/v2\/product\/4590","targetHints":{"allow":["GET"]}}],"collection":[{"href":"https:\/\/macote.fr\/es\/wp-json\/wp\/v2\/product"}],"about":[{"href":"https:\/\/macote.fr\/es\/wp-json\/wp\/v2\/types\/product"}],"replies":[{"embeddable":true,"href":"https:\/\/macote.fr\/es\/wp-json\/wp\/v2\/comments?post=4590"}],"wp:featuredmedia":[{"embeddable":true,"href":"https:\/\/macote.fr\/es\/wp-json\/wp\/v2\/media\/4602"}],"wp:attachment":[{"href":"https:\/\/macote.fr\/es\/wp-json\/wp\/v2\/media?parent=4590"}],"wp:term":[{"taxonomy":"product_brand","embeddable":true,"href":"https:\/\/macote.fr\/es\/wp-json\/wp\/v2\/product_brand?post=4590"},{"taxonomy":"product_cat","embeddable":true,"href":"https:\/\/macote.fr\/es\/wp-json\/wp\/v2\/product_cat?post=4590"},{"taxonomy":"product_tag","embeddable":true,"href":"https:\/\/macote.fr\/es\/wp-json\/wp\/v2\/product_tag?post=4590"}],"curies":[{"name":"wp","href":"https:\/\/api.w.org\/{rel}","templated":true}]}}