{"id":4899,"date":"2024-08-22T16:20:20","date_gmt":"2024-08-22T14:20:20","guid":{"rendered":"https:\/\/macote.fr\/?post_type=product&#038;p=4899"},"modified":"2025-05-13T16:11:51","modified_gmt":"2025-05-13T14:11:51","slug":"led-drl-phares-jaunes-bmw-m8-f91-serie-8-g14-2018-2024-pre-lci-style-csl-5","status":"publish","type":"product","link":"https:\/\/macote.fr\/es\/producto\/led-drl-phares-jaunes-bmw-m8-f91-serie-8-g14-2018-2024-pre-lci-style-csl-5\/","title":{"rendered":"LED DRL - Faros Amarillos - BMW X1 U11 (2023-presente) LCI - Angel Eyes"},"content":{"rendered":"<h1 style=\"text-align: center;\">DRL - Faros amarillos para BMW X1 U11 (2023-20XX) LCI<\/h1>\n<h2 style=\"text-align: left;\">\u00a1Cambia el aspecto de tu BMW X1! \ud83d\udc40<\/h2>\n<p class=\"\" data-start=\"282\" data-end=\"613\">Exprese plenamente el car\u00e1cter de su BMW con nuestro kit DRL amarillo Angel Eyes, especialmente dise\u00f1ado para los modelos X1 U11 (Fase 1 - 2023+). Gracias a nuestro <strong data-start=\"456\" data-end=\"487\">m\u00f3dulo inteligente de dos tonos<\/strong>puedes <strong data-start=\"501\" data-end=\"567\">alterna entre un discreto aspecto OEM y un agresivo estilo amarillo<\/strong> sin desmontar, sin herramientas, sin compromisos.<\/p>\n<hr class=\"\" data-start=\"615\" data-end=\"618\" \/>\n<h3 data-start=\"620\" data-end=\"656\">\u2705 <strong data-start=\"627\" data-end=\"656\">Fortalezas del producto :<\/strong><\/h3>\n<ul data-start=\"658\" data-end=\"1096\">\n<li class=\"\" data-start=\"658\" data-end=\"716\">\n<p class=\"\" data-start=\"660\" data-end=\"716\"><strong data-start=\"660\" data-end=\"677\">Compatibilidad<\/strong> BMW X1 U11 (2023-20XX)<\/p>\n<\/li>\n<li class=\"\" data-start=\"717\" data-end=\"798\">\n<p class=\"\" data-start=\"719\" data-end=\"798\"><strong data-start=\"719\" data-end=\"750\">Iluminaci\u00f3n LED de alta gama<\/strong> Amarillo intenso o blanco puro, como desee<\/p>\n<\/li>\n<li class=\"\" data-start=\"799\" data-end=\"858\">\n<p class=\"\" data-start=\"801\" data-end=\"858\"><strong data-start=\"801\" data-end=\"819\">5 a\u00f1os de garant\u00eda<\/strong> Calidad probada, certificada y sostenible<\/p>\n<\/li>\n<li class=\"\" data-start=\"859\" data-end=\"943\">\n<p class=\"\" data-start=\"861\" data-end=\"943\"><strong data-start=\"861\" data-end=\"891\">Plug &amp; Play \/ Sin fallos<\/strong> Instalaci\u00f3n del salpicadero sin errores (CANBUS)<\/p>\n<\/li>\n<li class=\"\" data-start=\"944\" data-end=\"1022\">\n<p class=\"\" data-start=\"946\" data-end=\"1022\"><strong data-start=\"946\" data-end=\"968\">100 % compatible con OEM<\/strong> Sin cortes, sin cables, sin modificaciones<\/p>\n<\/li>\n<li class=\"\" data-start=\"1023\" data-end=\"1096\">\n<p class=\"\" data-start=\"1025\" data-end=\"1096\"><strong data-start=\"1025\" data-end=\"1051\">Opci\u00f3n personalizable<\/strong> Contacte con nosotros para sus proyectos personalizados<\/p>\n<\/li>\n<\/ul>\n<hr class=\"\" data-start=\"1098\" data-end=\"1101\" \/>\n<h3 class=\"\" data-start=\"1103\" data-end=\"1166\"><strong data-start=\"1110\" data-end=\"1166\">M\u00f3dulo DRL bicolor: faros amarillo\/blanco<\/strong><\/h3>\n<p class=\"\" data-start=\"1168\" data-end=\"1235\"><strong data-start=\"1168\" data-end=\"1235\">Pasa de un look original a un look racing en un simple gesto.<\/strong><\/p>\n<p class=\"\" data-start=\"1237\" data-end=\"1457\">Nuestra <strong data-start=\"1243\" data-end=\"1271\">m\u00f3dulo inteligente<\/strong>\u00a0le permite <strong data-start=\"1287\" data-end=\"1372\">conmutaci\u00f3n entre DRL blanco y amarillo directamente desde el conmutador de luces largas<\/strong>. Una exclusiva dise\u00f1ada para los entusiastas de BMW que lo quieren todo... sin concesiones.<\/p>\n<h4 class=\"\" data-start=\"1459\" data-end=\"1491\">Caracter\u00edsticas del m\u00f3dulo :<\/h4>\n<ul data-start=\"1492\" data-end=\"1799\">\n<li class=\"\" data-start=\"1492\" data-end=\"1537\">\n<p class=\"\" data-start=\"1494\" data-end=\"1537\"><strong data-start=\"1494\" data-end=\"1509\">3 presiones<\/strong> : Faros blancos de paso \u21c6 Faros amarillos<\/p>\n<\/li>\n<li class=\"\" data-start=\"1538\" data-end=\"1607\">\n<p class=\"\" data-start=\"1540\" data-end=\"1607\"><strong data-start=\"1540\" data-end=\"1555\">5 presiones<\/strong> Modo \"Angel Eyes\" (DRL amarillas + luces blancas apagadas)<\/p>\n<\/li>\n<li class=\"\" data-start=\"1608\" data-end=\"1648\">\n<p class=\"\" data-start=\"1610\" data-end=\"1648\"><strong data-start=\"1610\" data-end=\"1625\">7 Presiones<\/strong> Modo de flash din\u00e1mico<\/p>\n<\/li>\n<li class=\"\" data-start=\"1649\" data-end=\"1708\">\n<p class=\"\" data-start=\"1651\" data-end=\"1708\"><strong data-start=\"1651\" data-end=\"1666\">9 presiones<\/strong> Volver a los ajustes de f\u00e1brica (DRL blanco)<\/p>\n<\/li>\n<li class=\"\" data-start=\"1709\" data-end=\"1799\">\n<p class=\"\" data-start=\"1711\" data-end=\"1799\"><strong data-start=\"1711\" data-end=\"1727\">11 Presiones<\/strong> Modo \"Desbloquear\" Animaci\u00f3n de respiraci\u00f3n (efecto bmw de luz de respiraci\u00f3n)<\/p>\n<\/li>\n<\/ul>\n<p class=\"\" data-start=\"1801\" data-end=\"1858\">\ud83d\udee0\ufe0f <strong data-start=\"1805\" data-end=\"1858\">Instalaci\u00f3n avanzada, pero limpia y reversible:<\/strong><\/p>\n<ul data-start=\"1859\" data-end=\"1996\">\n<li class=\"\" data-start=\"1901\" data-end=\"1933\">\n<p class=\"\" data-start=\"1903\" data-end=\"1933\">Sin conexi\u00f3n de bater\u00eda<\/p>\n<\/li>\n<li class=\"\" data-start=\"1934\" data-end=\"1954\">\n<p class=\"\" data-start=\"1936\" data-end=\"1954\">Sin cableado ACC<\/p>\n<\/li>\n<li class=\"\" data-start=\"1955\" data-end=\"1996\">\n<p class=\"\" data-start=\"1957\" data-end=\"1996\">Sin da\u00f1os en las piezas originales<\/p>\n<\/li>\n<\/ul>\n<p class=\"\" data-start=\"1998\" data-end=\"2184\">\ud83d\udca1 <strong data-start=\"2001\" data-end=\"2069\">Lo controlas todo, simplemente desde el interior de tu BMW.<\/strong><br data-start=\"2069\" data-end=\"2072\" \/>Un m\u00f3dulo que combina <strong data-start=\"2092\" data-end=\"2132\">tecnolog\u00eda, practicidad y est\u00e9tica<\/strong>para quienes necesitan algo m\u00e1s que iluminaci\u00f3n.<\/p>\n<hr class=\"\" data-start=\"2186\" data-end=\"2189\" \/>\n<h3 class=\"\" data-start=\"2191\" data-end=\"2228\">\ud83d\udd27 Otras variantes disponibles:<\/h3>\n<h4 class=\"\" data-start=\"2230\" data-end=\"2270\"><strong data-start=\"2235\" data-end=\"2270\">1. Kit DRL amarillo\u00a0<\/strong><\/h4>\n<ul data-start=\"2271\" data-end=\"2365\">\n<li class=\"\" data-start=\"2271\" data-end=\"2307\">\n<p class=\"\" data-start=\"2273\" data-end=\"2307\">Tarjetas LED amarillas + pasta t\u00e9rmica<\/p>\n<\/li>\n<li class=\"\" data-start=\"2308\" data-end=\"2365\">\n<p class=\"\" data-start=\"2310\" data-end=\"2365\">Para instalar manualmente en sus disipadores originales<\/p>\n<\/li>\n<\/ul>\n<h4 class=\"\" data-start=\"2367\" data-end=\"2408\"><strong data-start=\"2372\" data-end=\"2408\">2. Kit DRL Amarillo + Disipadores<\/strong><\/h4>\n<ul data-start=\"2409\" data-end=\"2504\">\n<li class=\"\" data-start=\"2409\" data-end=\"2455\">\n<p class=\"\" data-start=\"2411\" data-end=\"2455\">LED ya montados en disipadores de calor<\/p>\n<\/li>\n<li class=\"\" data-start=\"2456\" data-end=\"2504\">\n<p class=\"\" data-start=\"2458\" data-end=\"2504\">Sustituci\u00f3n r\u00e1pida y sencilla, sin necesidad de montaje<\/p>\n<\/li>\n<\/ul>\n<p>&nbsp;<\/p>\n<hr class=\"\" data-start=\"2506\" data-end=\"2509\" \/>\n<h3>\ud83d\udd0c DRL : Instalaci\u00f3n Plug and Play<\/h3>\n<p>La instalaci\u00f3n es pan comido, con un proceso plug and play que hace que actualizar sus luces de circulaci\u00f3n diurna sea tan sencillo como sustituir una bombilla. No se necesitan herramientas complejas, basta con retirar los disipadores de calor de los faros y sustituir la placa LED original por nuestro m\u00f3dulo. Lo que es m\u00e1s, esta modificaci\u00f3n es completamente reversible, por lo que puede devolver r\u00e1pidamente a su veh\u00edculo su aspecto original si es necesario.<\/p>\n<hr class=\"\" data-start=\"2506\" data-end=\"2509\" \/>\n<h3 class=\"\" data-start=\"2511\" data-end=\"2551\">\ud83d\udcac \u00bfPor qu\u00e9 elegir nuestra soluci\u00f3n?<\/h3>\n<p class=\"\" data-start=\"2553\" data-end=\"2823\">Porque su BMW se merece lo mejor. Tanto si conduces de d\u00eda como si quieres destacar de noche, este kit DRL (con o sin m\u00f3dulo bitono) transforma tu look en \u00fanico. <strong data-start=\"2748\" data-end=\"2776\">un fuerte elemento de identidad<\/strong>entre la elegancia OEM y la inspiraci\u00f3n Motorsport.<\/p>\n<p><strong><a href=\"https:\/\/macote.fr\/es\/categoria-de-productos\/x1\/x1-u11-u12\/\">Explora m\u00e1s accesorios para BMW X1:<\/a><\/strong><\/p>\n<p>&nbsp;<\/p>","protected":false},"excerpt":{"rendered":"<p>Dale a tu BMW X1 U11 una nueva vida desde 2023 hasta la actualidad con nuestra luz de conducci\u00f3n diurna amarilla DRL. Inspiradas en la firma de luz amarilla de los modelos BMW M5 CS, M4 CSL y M3 CS, estas placas est\u00e1n dise\u00f1adas para reemplazar f\u00e1cilmente las originales, ofreciendo un estilo agresivo o un aspecto retro. La instalaci\u00f3n es sencilla (plug and play) y reversible, transformando al instante el aspecto de su coche al tiempo que a\u00f1ade un toque de deportividad hist\u00f3rica.<\/p>","protected":false},"featured_media":4922,"comment_status":"open","ping_status":"closed","template":"","meta":{"_eb_attr":""},"product_brand":[],"product_cat":[68,247,174,183],"product_tag":[245],"class_list":{"0":"post-4899","1":"product","2":"type-product","3":"status-publish","4":"has-post-thumbnail","6":"product_cat-eclairage-signature-lumineuse","7":"product_cat-phares-jaunes-led","8":"product_cat-x1","9":"product_cat-x1-u11-u12","10":"product_tag-bmw-yellow-drl","12":"first","13":"instock","14":"taxable","15":"shipping-taxable","16":"purchasable","17":"product-type-variable"},"yoast_head":"<!-- This site is optimized with the Yoast SEO Premium plugin v20.7 (Yoast SEO v27.3) - https:\/\/yoast.com\/product\/yoast-seo-premium-wordpress\/ -->\n<title>LED DRL - Phares Jaunes - BMW X1 U11 (2023-present) LCI - Angel Eyes - MaCote.fr<\/title>\n<meta name=\"description\" content=\"Personnalisez vos phares gr\u00e2ce \u00e0 nos DRL. Bien plus qu&#039;un nouveau regard, nos DRL vous permettent de changer le look de votre BMW X1 U11 (2023-present)\" \/>\n<meta name=\"robots\" content=\"index, follow, max-snippet:-1, max-image-preview:large, max-video-preview:-1\" \/>\n<link rel=\"canonical\" href=\"https:\/\/macote.fr\/es\/producto\/led-drl-phares-jaunes-bmw-m8-f91-serie-8-g14-2018-2024-pre-lci-style-csl-5\/\" \/>\n<meta property=\"og:locale\" content=\"es_ES\" \/>\n<meta property=\"og:type\" content=\"article\" \/>\n<meta property=\"og:title\" content=\"LED DRL - Phares Jaunes - BMW X1 U11 (2023-present) LCI - Angel Eyes\" \/>\n<meta property=\"og:description\" content=\"Personnalisez vos phares gr\u00e2ce \u00e0 nos DRL. Bien plus qu&#039;un nouveau regard, nos DRL vous permettent de changer le look de votre BMW X1 U11 (2023-present)\" \/>\n<meta property=\"og:url\" content=\"https:\/\/macote.fr\/es\/producto\/led-drl-phares-jaunes-bmw-m8-f91-serie-8-g14-2018-2024-pre-lci-style-csl-5\/\" \/>\n<meta property=\"og:site_name\" content=\"MaCote.fr\" \/>\n<meta property=\"article:publisher\" content=\"https:\/\/www.facebook.com\/profile.php?id=100091476586119\" \/>\n<meta property=\"article:modified_time\" content=\"2025-05-13T14:11:51+00:00\" \/>\n<meta property=\"og:image\" content=\"https:\/\/macote.fr\/wp-content\/uploads\/2024\/08\/Yellow-DRL-board-BMW-X1-U11-2023.jpg\" \/>\n\t<meta property=\"og:image:width\" content=\"1920\" \/>\n\t<meta property=\"og:image:height\" content=\"1280\" \/>\n\t<meta property=\"og:image:type\" content=\"image\/jpeg\" \/>\n<meta name=\"twitter:card\" content=\"summary_large_image\" \/>\n<meta name=\"twitter:label1\" content=\"Tiempo de lectura\" \/>\n\t<meta name=\"twitter:data1\" content=\"3 minutos\" \/>\n<script type=\"application\/ld+json\" class=\"yoast-schema-graph\">{\"@context\":\"https:\\\/\\\/schema.org\",\"@graph\":[{\"@type\":\"WebPage\",\"@id\":\"https:\\\/\\\/macote.fr\\\/produit\\\/led-drl-phares-jaunes-bmw-x1-u11-2023-present-lci-angel-eyes\\\/\",\"url\":\"https:\\\/\\\/macote.fr\\\/produit\\\/led-drl-phares-jaunes-bmw-x1-u11-2023-present-lci-angel-eyes\\\/\",\"name\":\"LED DRL - Phares Jaunes - BMW X1 U11 (2023-present) LCI - Angel Eyes - MaCote.fr\",\"isPartOf\":{\"@id\":\"https:\\\/\\\/macote.fr\\\/#website\"},\"primaryImageOfPage\":{\"@id\":\"https:\\\/\\\/macote.fr\\\/produit\\\/led-drl-phares-jaunes-bmw-x1-u11-2023-present-lci-angel-eyes\\\/#primaryimage\"},\"image\":{\"@id\":\"https:\\\/\\\/macote.fr\\\/produit\\\/led-drl-phares-jaunes-bmw-x1-u11-2023-present-lci-angel-eyes\\\/#primaryimage\"},\"thumbnailUrl\":\"https:\\\/\\\/macote.fr\\\/wp-content\\\/uploads\\\/2024\\\/08\\\/Yellow-DRL-board-BMW-X1-U11-2023.jpg\",\"datePublished\":\"2024-08-22T14:20:20+00:00\",\"dateModified\":\"2025-05-13T14:11:51+00:00\",\"description\":\"Personnalisez vos phares gr\u00e2ce \u00e0 nos DRL. Bien plus qu'un nouveau regard, nos DRL vous permettent de changer le look de votre BMW X1 U11 (2023-present)\",\"breadcrumb\":{\"@id\":\"https:\\\/\\\/macote.fr\\\/produit\\\/led-drl-phares-jaunes-bmw-x1-u11-2023-present-lci-angel-eyes\\\/#breadcrumb\"},\"inLanguage\":\"es\",\"potentialAction\":[{\"@type\":\"ReadAction\",\"target\":[\"https:\\\/\\\/macote.fr\\\/produit\\\/led-drl-phares-jaunes-bmw-x1-u11-2023-present-lci-angel-eyes\\\/\"]}]},{\"@type\":\"ImageObject\",\"inLanguage\":\"es\",\"@id\":\"https:\\\/\\\/macote.fr\\\/produit\\\/led-drl-phares-jaunes-bmw-x1-u11-2023-present-lci-angel-eyes\\\/#primaryimage\",\"url\":\"https:\\\/\\\/macote.fr\\\/wp-content\\\/uploads\\\/2024\\\/08\\\/Yellow-DRL-board-BMW-X1-U11-2023.jpg\",\"contentUrl\":\"https:\\\/\\\/macote.fr\\\/wp-content\\\/uploads\\\/2024\\\/08\\\/Yellow-DRL-board-BMW-X1-U11-2023.jpg\",\"width\":1920,\"height\":1280,\"caption\":\"Yellow DRL board BMW X1 U11 2023\"},{\"@type\":\"BreadcrumbList\",\"@id\":\"https:\\\/\\\/macote.fr\\\/produit\\\/led-drl-phares-jaunes-bmw-x1-u11-2023-present-lci-angel-eyes\\\/#breadcrumb\",\"itemListElement\":[{\"@type\":\"ListItem\",\"position\":1,\"name\":\"Accueil\",\"item\":\"https:\\\/\\\/macote.fr\\\/\"},{\"@type\":\"ListItem\",\"position\":2,\"name\":\"Boutique\",\"item\":\"https:\\\/\\\/macote.fr\\\/boutique\\\/\"},{\"@type\":\"ListItem\",\"position\":3,\"name\":\"LED DRL &#8211; Phares Jaunes &#8211; BMW X1 U11 (2023-present) LCI &#8211; Angel Eyes\"}]},{\"@type\":\"WebSite\",\"@id\":\"https:\\\/\\\/macote.fr\\\/#website\",\"url\":\"https:\\\/\\\/macote.fr\\\/\",\"name\":\"MaCote.fr\",\"description\":\"BMW best accessories\",\"publisher\":{\"@id\":\"https:\\\/\\\/macote.fr\\\/#organization\"},\"alternateName\":\"BMW tuning\",\"potentialAction\":[{\"@type\":\"SearchAction\",\"target\":{\"@type\":\"EntryPoint\",\"urlTemplate\":\"https:\\\/\\\/macote.fr\\\/?s={search_term_string}\"},\"query-input\":{\"@type\":\"PropertyValueSpecification\",\"valueRequired\":true,\"valueName\":\"search_term_string\"}}],\"inLanguage\":\"es\"},{\"@type\":\"Organization\",\"@id\":\"https:\\\/\\\/macote.fr\\\/#organization\",\"name\":\"Macote.fr\",\"alternateName\":\"BMW tuning\",\"url\":\"https:\\\/\\\/macote.fr\\\/\",\"logo\":{\"@type\":\"ImageObject\",\"inLanguage\":\"es\",\"@id\":\"https:\\\/\\\/macote.fr\\\/#\\\/schema\\\/logo\\\/image\\\/\",\"url\":\"https:\\\/\\\/macote.fr\\\/wp-content\\\/uploads\\\/2023\\\/11\\\/LOGO-macote.fr-dessin-bmw-noir-copy.jpg\",\"contentUrl\":\"https:\\\/\\\/macote.fr\\\/wp-content\\\/uploads\\\/2023\\\/11\\\/LOGO-macote.fr-dessin-bmw-noir-copy.jpg\",\"width\":732,\"height\":456,\"caption\":\"Macote.fr\"},\"image\":{\"@id\":\"https:\\\/\\\/macote.fr\\\/#\\\/schema\\\/logo\\\/image\\\/\"},\"sameAs\":[\"https:\\\/\\\/www.facebook.com\\\/profile.php?id=100091476586119\",\"https:\\\/\\\/www.youtube.com\\\/channel\\\/UCgO-YTbaxYO-w_C5GfL-_1w\",\"https:\\\/\\\/www.tiktok.com\\\/@macote.fr?is_from_webapp=1&sender_device=pc\",\"https:\\\/\\\/www.instagram.com\\\/i_xila_i\\\/\"]}]}<\/script>\n<!-- \/ Yoast SEO Premium plugin. -->","yoast_head_json":{"title":"LED DRL - Faros Amarillos - BMW X1 U11 (2023-presente) LCI - Angel Eyes - MaCote.fr","description":"Personalice sus faros con nuestros DRLs. M\u00e1s que un nuevo look, nuestros DRL le permiten cambiar el aspecto de su BMW X1 U11 (2023-presente).","robots":{"index":"index","follow":"follow","max-snippet":"max-snippet:-1","max-image-preview":"max-image-preview:large","max-video-preview":"max-video-preview:-1"},"canonical":"https:\/\/macote.fr\/es\/producto\/led-drl-phares-jaunes-bmw-m8-f91-serie-8-g14-2018-2024-pre-lci-style-csl-5\/","og_locale":"es_ES","og_type":"article","og_title":"LED DRL - Phares Jaunes - BMW X1 U11 (2023-present) LCI - Angel Eyes","og_description":"Personnalisez vos phares gr\u00e2ce \u00e0 nos DRL. Bien plus qu'un nouveau regard, nos DRL vous permettent de changer le look de votre BMW X1 U11 (2023-present)","og_url":"https:\/\/macote.fr\/es\/producto\/led-drl-phares-jaunes-bmw-m8-f91-serie-8-g14-2018-2024-pre-lci-style-csl-5\/","og_site_name":"MaCote.fr","article_publisher":"https:\/\/www.facebook.com\/profile.php?id=100091476586119","article_modified_time":"2025-05-13T14:11:51+00:00","og_image":[{"width":1920,"height":1280,"url":"https:\/\/macote.fr\/wp-content\/uploads\/2024\/08\/Yellow-DRL-board-BMW-X1-U11-2023.jpg","type":"image\/jpeg"}],"twitter_card":"summary_large_image","twitter_misc":{"Tiempo de lectura":"3 minutos"},"schema":{"@context":"https:\/\/schema.org","@graph":[{"@type":"WebPage","@id":"https:\/\/macote.fr\/produit\/led-drl-phares-jaunes-bmw-x1-u11-2023-present-lci-angel-eyes\/","url":"https:\/\/macote.fr\/produit\/led-drl-phares-jaunes-bmw-x1-u11-2023-present-lci-angel-eyes\/","name":"LED DRL - Faros Amarillos - BMW X1 U11 (2023-presente) LCI - Angel Eyes - MaCote.fr","isPartOf":{"@id":"https:\/\/macote.fr\/#website"},"primaryImageOfPage":{"@id":"https:\/\/macote.fr\/produit\/led-drl-phares-jaunes-bmw-x1-u11-2023-present-lci-angel-eyes\/#primaryimage"},"image":{"@id":"https:\/\/macote.fr\/produit\/led-drl-phares-jaunes-bmw-x1-u11-2023-present-lci-angel-eyes\/#primaryimage"},"thumbnailUrl":"https:\/\/macote.fr\/wp-content\/uploads\/2024\/08\/Yellow-DRL-board-BMW-X1-U11-2023.jpg","datePublished":"2024-08-22T14:20:20+00:00","dateModified":"2025-05-13T14:11:51+00:00","description":"Personalice sus faros con nuestros DRLs. M\u00e1s que un nuevo look, nuestros DRL le permiten cambiar el aspecto de su BMW X1 U11 (2023-presente).","breadcrumb":{"@id":"https:\/\/macote.fr\/produit\/led-drl-phares-jaunes-bmw-x1-u11-2023-present-lci-angel-eyes\/#breadcrumb"},"inLanguage":"es","potentialAction":[{"@type":"ReadAction","target":["https:\/\/macote.fr\/produit\/led-drl-phares-jaunes-bmw-x1-u11-2023-present-lci-angel-eyes\/"]}]},{"@type":"ImageObject","inLanguage":"es","@id":"https:\/\/macote.fr\/produit\/led-drl-phares-jaunes-bmw-x1-u11-2023-present-lci-angel-eyes\/#primaryimage","url":"https:\/\/macote.fr\/wp-content\/uploads\/2024\/08\/Yellow-DRL-board-BMW-X1-U11-2023.jpg","contentUrl":"https:\/\/macote.fr\/wp-content\/uploads\/2024\/08\/Yellow-DRL-board-BMW-X1-U11-2023.jpg","width":1920,"height":1280,"caption":"Yellow DRL board BMW X1 U11 2023"},{"@type":"BreadcrumbList","@id":"https:\/\/macote.fr\/produit\/led-drl-phares-jaunes-bmw-x1-u11-2023-present-lci-angel-eyes\/#breadcrumb","itemListElement":[{"@type":"ListItem","position":1,"name":"Accueil","item":"https:\/\/macote.fr\/"},{"@type":"ListItem","position":2,"name":"Boutique","item":"https:\/\/macote.fr\/boutique\/"},{"@type":"ListItem","position":3,"name":"LED DRL &#8211; Phares Jaunes &#8211; BMW X1 U11 (2023-present) LCI &#8211; Angel Eyes"}]},{"@type":"WebSite","@id":"https:\/\/macote.fr\/#website","url":"https:\/\/macote.fr\/","name":"MyQuote.com","description":"Los mejores accesorios BMW","publisher":{"@id":"https:\/\/macote.fr\/#organization"},"alternateName":"BMW tuning","potentialAction":[{"@type":"SearchAction","target":{"@type":"EntryPoint","urlTemplate":"https:\/\/macote.fr\/?s={search_term_string}"},"query-input":{"@type":"PropertyValueSpecification","valueRequired":true,"valueName":"search_term_string"}}],"inLanguage":"es"},{"@type":"Organization","@id":"https:\/\/macote.fr\/#organization","name":"Macote.es","alternateName":"BMW tuning","url":"https:\/\/macote.fr\/","logo":{"@type":"ImageObject","inLanguage":"es","@id":"https:\/\/macote.fr\/#\/schema\/logo\/image\/","url":"https:\/\/macote.fr\/wp-content\/uploads\/2023\/11\/LOGO-macote.fr-dessin-bmw-noir-copy.jpg","contentUrl":"https:\/\/macote.fr\/wp-content\/uploads\/2023\/11\/LOGO-macote.fr-dessin-bmw-noir-copy.jpg","width":732,"height":456,"caption":"Macote.fr"},"image":{"@id":"https:\/\/macote.fr\/#\/schema\/logo\/image\/"},"sameAs":["https:\/\/www.facebook.com\/profile.php?id=100091476586119","https:\/\/www.youtube.com\/channel\/UCgO-YTbaxYO-w_C5GfL-_1w","https:\/\/www.tiktok.com\/@macote.fr?is_from_webapp=1&sender_device=pc","https:\/\/www.instagram.com\/i_xila_i\/"]}]}},"_links":{"self":[{"href":"https:\/\/macote.fr\/es\/wp-json\/wp\/v2\/product\/4899","targetHints":{"allow":["GET"]}}],"collection":[{"href":"https:\/\/macote.fr\/es\/wp-json\/wp\/v2\/product"}],"about":[{"href":"https:\/\/macote.fr\/es\/wp-json\/wp\/v2\/types\/product"}],"replies":[{"embeddable":true,"href":"https:\/\/macote.fr\/es\/wp-json\/wp\/v2\/comments?post=4899"}],"wp:featuredmedia":[{"embeddable":true,"href":"https:\/\/macote.fr\/es\/wp-json\/wp\/v2\/media\/4922"}],"wp:attachment":[{"href":"https:\/\/macote.fr\/es\/wp-json\/wp\/v2\/media?parent=4899"}],"wp:term":[{"taxonomy":"product_brand","embeddable":true,"href":"https:\/\/macote.fr\/es\/wp-json\/wp\/v2\/product_brand?post=4899"},{"taxonomy":"product_cat","embeddable":true,"href":"https:\/\/macote.fr\/es\/wp-json\/wp\/v2\/product_cat?post=4899"},{"taxonomy":"product_tag","embeddable":true,"href":"https:\/\/macote.fr\/es\/wp-json\/wp\/v2\/product_tag?post=4899"}],"curies":[{"name":"wp","href":"https:\/\/api.w.org\/{rel}","templated":true}]}}