{"id":5026,"date":"2024-10-08T16:07:49","date_gmt":"2024-10-08T14:07:49","guid":{"rendered":"https:\/\/macote.fr\/?post_type=product&#038;p=5026"},"modified":"2024-10-14T10:03:47","modified_gmt":"2024-10-14T08:03:47","slug":"tapa-cristal-faro-bmw-e46","status":"publish","type":"product","link":"https:\/\/macote.fr\/es\/producto\/tapa-cristal-faro-bmw-e46\/","title":{"rendered":"Cristal de faro - Tapa de faro - BMW E46"},"content":{"rendered":"<h1 style=\"text-align: center;\">Cristal de faro BMW E46<\/h1>\n<p>Las lunas para faros delanteros BMW E46 son la soluci\u00f3n ideal para restaurar el aspecto de su veh\u00edculo. A diferencia de otros modelos de coche, los faros delanteros del BMW E46 no son una sola unidad, lo que significa que s\u00f3lo se puede sustituir el cristal cuando se amarillea o se da\u00f1a. Esta sustituci\u00f3n es r\u00e1pida y sencilla, ofreciendo una alternativa m\u00e1s eficaz que un kit de reparaci\u00f3n de faros.<\/p>\n<p>Esta lente es perfectamente transl\u00facida y se ajusta a las dimensiones originales, garantizando un ajuste perfecto y un acabado de calidad. Dise\u00f1ada para ser resistente a los rayos UV, no amarillea, garantizando una claridad y transparencia duraderas a lo largo del tiempo. Adem\u00e1s, nuestro cristal para faros est\u00e1 disponible para modelos de la <strong>fase 1 y fase 2 del BMW Serie 3 E46<\/strong>Esto le permitir\u00e1 restaurar el aspecto de su veh\u00edculo, sea cual sea su versi\u00f3n.<\/p>\n<p>La sustituci\u00f3n del cristal de los faros restaura el aspecto original de su BMW y mejora la visibilidad durante la conducci\u00f3n, especialmente de noche o con mal tiempo. Los faros amarillentos o agrietados no s\u00f3lo reducen la luminosidad, sino que tambi\u00e9n dan a su coche un aspecto envejecido. Sustituir estos cristales es, por tanto, una excelente oportunidad para rejuvenecer su veh\u00edculo conservando su aspecto aut\u00e9ntico.<\/p>\n<p><strong>Caracter\u00edsticas principales:<\/strong><\/p>\n<ul>\n<li><strong>F\u00e1cil de sustituir<\/strong> Sustituya r\u00e1pidamente el cristal sin necesidad de herramientas especiales.<\/li>\n<li><strong>Calidad superior<\/strong> Lente transparente, se ajusta a las dimensiones originales y es resistente a los rayos UV.<\/li>\n<li><strong>Disponible para las fases 1 y 2<\/strong> Compatible con todos los modelos BMW Serie 3 E46.<\/li>\n<li><strong>Aspecto totalmente nuevo garantizado<\/strong> Dale a tu BMW E46 un lavado de cara sin el coste de un kit de reparaci\u00f3n.<\/li>\n<li><strong>Mayor visibilidad<\/strong> Faros transparentes para una conducci\u00f3n m\u00e1s segura y agradable.<\/li>\n<\/ul>\n<p>Elija este cristal de faro para BMW E46 y restaure la elegancia original de su coche en unos sencillos pasos, conservando el encanto de su Serie 3, \u00a1ya sea Fase 1 o Fase 2!<\/p>\n<blockquote class=\"wp-embedded-content\" data-secret=\"Q67FnxMhhL\"><p><a href=\"https:\/\/macote.fr\/es\/por-que-renovar-sus-faros\/\">\u00bfPor qu\u00e9 renovar los faros?<\/a><\/p><\/blockquote>\n<p><iframe class=\"wp-embedded-content\" sandbox=\"allow-scripts\" security=\"restricted\" style=\"position: absolute; visibility: hidden;\" title=\"&quot; \u00bfPor qu\u00e9 renovar sus faros? - MaCote.fr\" src=\"https:\/\/macote.fr\/pourquoi-renover-ses-phares\/embed\/#?secret=rQykubcQfw#?secret=Q67FnxMhhL\" data-secret=\"Q67FnxMhhL\" width=\"600\" height=\"338\" frameborder=\"0\" marginwidth=\"0\" marginheight=\"0\" scrolling=\"no\"><\/iframe><\/p>","protected":false},"excerpt":{"rendered":"<p>Vitre de phare BMW E46 les vitres de phare pour BMW E46 sont la solution id\u00e9ale pour redonner un aspect neuf \u00e0 votre v\u00e9hicule. Contrairement \u00e0 d&rsquo;autres mod\u00e8les de voitures, les phares de la BMW E46 ne sont pas en un seul bloc, ce qui permet de remplacer uniquement la vitre lorsqu&rsquo;elle devient jaunie ou [&hellip;]<\/p>\n","protected":false},"featured_media":5030,"comment_status":"open","ping_status":"closed","template":"","meta":{"_eb_attr":""},"product_brand":[],"product_cat":[132,147,67,201,210],"product_tag":[],"class_list":{"0":"post-5026","1":"product","2":"type-product","3":"status-publish","4":"has-post-thumbnail","6":"product_cat-bmw-serie-3","7":"product_cat-bmw-serie-3-e46","8":"product_cat-modification-exterieur-vehicule","9":"product_cat-m3","10":"product_cat-m3-e46","12":"first","13":"instock","14":"taxable","15":"shipping-taxable","16":"purchasable","17":"product-type-variable"},"yoast_head":"<!-- This site is optimized with the Yoast SEO Premium plugin v20.7 (Yoast SEO v27.4) - https:\/\/yoast.com\/product\/yoast-seo-premium-wordpress\/ -->\n<title>Vitre de phare - Couvercle de phare - BMW E46 - MaCote.fr<\/title>\n<meta name=\"description\" content=\"Redonnez un aspect neuf \u00e0 votre BMW E46 avec nos vitres de phare r\u00e9sistantes aux UV. Installation facile, qualit\u00e9 sup\u00e9rieure, et compatibilit\u00e9 parfaite.\" \/>\n<meta name=\"robots\" content=\"index, follow, max-snippet:-1, max-image-preview:large, max-video-preview:-1\" \/>\n<link rel=\"canonical\" href=\"https:\/\/macote.fr\/es\/producto\/tapa-cristal-faro-bmw-e46\/\" \/>\n<meta property=\"og:locale\" content=\"es_ES\" \/>\n<meta property=\"og:type\" content=\"article\" \/>\n<meta property=\"og:title\" content=\"Vitre de phare - Couvercle de phare - BMW E46\" \/>\n<meta property=\"og:description\" content=\"Redonnez un aspect neuf \u00e0 votre BMW E46 avec nos vitres de phare r\u00e9sistantes aux UV. Installation facile, qualit\u00e9 sup\u00e9rieure, et compatibilit\u00e9 parfaite.\" \/>\n<meta property=\"og:url\" content=\"https:\/\/macote.fr\/es\/producto\/tapa-cristal-faro-bmw-e46\/\" \/>\n<meta property=\"og:site_name\" content=\"MaCote.fr\" \/>\n<meta property=\"article:publisher\" content=\"https:\/\/www.facebook.com\/profile.php?id=100091476586119\" \/>\n<meta property=\"article:modified_time\" content=\"2024-10-14T08:03:47+00:00\" \/>\n<meta property=\"og:image\" content=\"https:\/\/macote.fr\/wp-content\/uploads\/2024\/10\/4.webp\" \/>\n\t<meta property=\"og:image:width\" content=\"800\" \/>\n\t<meta property=\"og:image:height\" content=\"800\" \/>\n\t<meta property=\"og:image:type\" content=\"image\/webp\" \/>\n<meta name=\"twitter:card\" content=\"summary_large_image\" \/>\n<meta name=\"twitter:label1\" content=\"Tiempo de lectura\" \/>\n\t<meta name=\"twitter:data1\" content=\"4 minutos\" \/>\n<script type=\"application\/ld+json\" class=\"yoast-schema-graph\">{\"@context\":\"https:\\\/\\\/schema.org\",\"@graph\":[{\"@type\":\"WebPage\",\"@id\":\"https:\\\/\\\/macote.fr\\\/produit\\\/vitre-de-phare-couvercle-de-phare-bmw-e46\\\/\",\"url\":\"https:\\\/\\\/macote.fr\\\/produit\\\/vitre-de-phare-couvercle-de-phare-bmw-e46\\\/\",\"name\":\"Vitre de phare - Couvercle de phare - BMW E46 - MaCote.fr\",\"isPartOf\":{\"@id\":\"https:\\\/\\\/macote.fr\\\/#website\"},\"primaryImageOfPage\":{\"@id\":\"https:\\\/\\\/macote.fr\\\/produit\\\/vitre-de-phare-couvercle-de-phare-bmw-e46\\\/#primaryimage\"},\"image\":{\"@id\":\"https:\\\/\\\/macote.fr\\\/produit\\\/vitre-de-phare-couvercle-de-phare-bmw-e46\\\/#primaryimage\"},\"thumbnailUrl\":\"https:\\\/\\\/macote.fr\\\/wp-content\\\/uploads\\\/2024\\\/10\\\/4.webp\",\"datePublished\":\"2024-10-08T14:07:49+00:00\",\"dateModified\":\"2024-10-14T08:03:47+00:00\",\"description\":\"Redonnez un aspect neuf \u00e0 votre BMW E46 avec nos vitres de phare r\u00e9sistantes aux UV. Installation facile, qualit\u00e9 sup\u00e9rieure, et compatibilit\u00e9 parfaite.\",\"breadcrumb\":{\"@id\":\"https:\\\/\\\/macote.fr\\\/produit\\\/vitre-de-phare-couvercle-de-phare-bmw-e46\\\/#breadcrumb\"},\"inLanguage\":\"es\",\"potentialAction\":[{\"@type\":\"ReadAction\",\"target\":[\"https:\\\/\\\/macote.fr\\\/produit\\\/vitre-de-phare-couvercle-de-phare-bmw-e46\\\/\"]}]},{\"@type\":\"ImageObject\",\"inLanguage\":\"es\",\"@id\":\"https:\\\/\\\/macote.fr\\\/produit\\\/vitre-de-phare-couvercle-de-phare-bmw-e46\\\/#primaryimage\",\"url\":\"https:\\\/\\\/macote.fr\\\/wp-content\\\/uploads\\\/2024\\\/10\\\/4.webp\",\"contentUrl\":\"https:\\\/\\\/macote.fr\\\/wp-content\\\/uploads\\\/2024\\\/10\\\/4.webp\",\"width\":800,\"height\":800,\"caption\":\"Vitre de phare BMW phase 1\"},{\"@type\":\"BreadcrumbList\",\"@id\":\"https:\\\/\\\/macote.fr\\\/produit\\\/vitre-de-phare-couvercle-de-phare-bmw-e46\\\/#breadcrumb\",\"itemListElement\":[{\"@type\":\"ListItem\",\"position\":1,\"name\":\"Accueil\",\"item\":\"https:\\\/\\\/macote.fr\\\/\"},{\"@type\":\"ListItem\",\"position\":2,\"name\":\"Boutique\",\"item\":\"https:\\\/\\\/macote.fr\\\/boutique\\\/\"},{\"@type\":\"ListItem\",\"position\":3,\"name\":\"Vitre de phare &#8211; Couvercle de phare &#8211; BMW E46\"}]},{\"@type\":\"WebSite\",\"@id\":\"https:\\\/\\\/macote.fr\\\/#website\",\"url\":\"https:\\\/\\\/macote.fr\\\/\",\"name\":\"MaCote.fr\",\"description\":\"BMW best accessories\",\"publisher\":{\"@id\":\"https:\\\/\\\/macote.fr\\\/#organization\"},\"alternateName\":\"BMW tuning\",\"potentialAction\":[{\"@type\":\"SearchAction\",\"target\":{\"@type\":\"EntryPoint\",\"urlTemplate\":\"https:\\\/\\\/macote.fr\\\/?s={search_term_string}\"},\"query-input\":{\"@type\":\"PropertyValueSpecification\",\"valueRequired\":true,\"valueName\":\"search_term_string\"}}],\"inLanguage\":\"es\"},{\"@type\":\"Organization\",\"@id\":\"https:\\\/\\\/macote.fr\\\/#organization\",\"name\":\"Macote.fr\",\"alternateName\":\"BMW tuning\",\"url\":\"https:\\\/\\\/macote.fr\\\/\",\"logo\":{\"@type\":\"ImageObject\",\"inLanguage\":\"es\",\"@id\":\"https:\\\/\\\/macote.fr\\\/#\\\/schema\\\/logo\\\/image\\\/\",\"url\":\"https:\\\/\\\/macote.fr\\\/wp-content\\\/uploads\\\/2023\\\/11\\\/LOGO-macote.fr-dessin-bmw-noir-copy.jpg\",\"contentUrl\":\"https:\\\/\\\/macote.fr\\\/wp-content\\\/uploads\\\/2023\\\/11\\\/LOGO-macote.fr-dessin-bmw-noir-copy.jpg\",\"width\":732,\"height\":456,\"caption\":\"Macote.fr\"},\"image\":{\"@id\":\"https:\\\/\\\/macote.fr\\\/#\\\/schema\\\/logo\\\/image\\\/\"},\"sameAs\":[\"https:\\\/\\\/www.facebook.com\\\/profile.php?id=100091476586119\",\"https:\\\/\\\/www.youtube.com\\\/channel\\\/UCgO-YTbaxYO-w_C5GfL-_1w\",\"https:\\\/\\\/www.tiktok.com\\\/@macote.fr?is_from_webapp=1&sender_device=pc\",\"https:\\\/\\\/www.instagram.com\\\/i_xila_i\\\/\"]}]}<\/script>\n<!-- \/ Yoast SEO Premium plugin. -->","yoast_head_json":{"title":"Cristal de faro - Tapa de faro - BMW E46 - MaCote.fr","description":"Haga que su BMW E46 luzca de nuevo como nuevo con nuestro cristal de faro resistente a los rayos UV. F\u00e1cil instalaci\u00f3n, calidad superior y compatibilidad perfecta.","robots":{"index":"index","follow":"follow","max-snippet":"max-snippet:-1","max-image-preview":"max-image-preview:large","max-video-preview":"max-video-preview:-1"},"canonical":"https:\/\/macote.fr\/es\/producto\/tapa-cristal-faro-bmw-e46\/","og_locale":"es_ES","og_type":"article","og_title":"Vitre de phare - Couvercle de phare - BMW E46","og_description":"Redonnez un aspect neuf \u00e0 votre BMW E46 avec nos vitres de phare r\u00e9sistantes aux UV. Installation facile, qualit\u00e9 sup\u00e9rieure, et compatibilit\u00e9 parfaite.","og_url":"https:\/\/macote.fr\/es\/producto\/tapa-cristal-faro-bmw-e46\/","og_site_name":"MaCote.fr","article_publisher":"https:\/\/www.facebook.com\/profile.php?id=100091476586119","article_modified_time":"2024-10-14T08:03:47+00:00","og_image":[{"width":800,"height":800,"url":"https:\/\/macote.fr\/wp-content\/uploads\/2024\/10\/4.webp","type":"image\/webp"}],"twitter_card":"summary_large_image","twitter_misc":{"Tiempo de lectura":"4 minutos"},"schema":{"@context":"https:\/\/schema.org","@graph":[{"@type":"WebPage","@id":"https:\/\/macote.fr\/produit\/vitre-de-phare-couvercle-de-phare-bmw-e46\/","url":"https:\/\/macote.fr\/produit\/vitre-de-phare-couvercle-de-phare-bmw-e46\/","name":"Cristal de faro - Tapa de faro - BMW E46 - MaCote.fr","isPartOf":{"@id":"https:\/\/macote.fr\/#website"},"primaryImageOfPage":{"@id":"https:\/\/macote.fr\/produit\/vitre-de-phare-couvercle-de-phare-bmw-e46\/#primaryimage"},"image":{"@id":"https:\/\/macote.fr\/produit\/vitre-de-phare-couvercle-de-phare-bmw-e46\/#primaryimage"},"thumbnailUrl":"https:\/\/macote.fr\/wp-content\/uploads\/2024\/10\/4.webp","datePublished":"2024-10-08T14:07:49+00:00","dateModified":"2024-10-14T08:03:47+00:00","description":"Haga que su BMW E46 luzca de nuevo como nuevo con nuestro cristal de faro resistente a los rayos UV. F\u00e1cil instalaci\u00f3n, calidad superior y compatibilidad perfecta.","breadcrumb":{"@id":"https:\/\/macote.fr\/produit\/vitre-de-phare-couvercle-de-phare-bmw-e46\/#breadcrumb"},"inLanguage":"es","potentialAction":[{"@type":"ReadAction","target":["https:\/\/macote.fr\/produit\/vitre-de-phare-couvercle-de-phare-bmw-e46\/"]}]},{"@type":"ImageObject","inLanguage":"es","@id":"https:\/\/macote.fr\/produit\/vitre-de-phare-couvercle-de-phare-bmw-e46\/#primaryimage","url":"https:\/\/macote.fr\/wp-content\/uploads\/2024\/10\/4.webp","contentUrl":"https:\/\/macote.fr\/wp-content\/uploads\/2024\/10\/4.webp","width":800,"height":800,"caption":"Vitre de phare BMW phase 1"},{"@type":"BreadcrumbList","@id":"https:\/\/macote.fr\/produit\/vitre-de-phare-couvercle-de-phare-bmw-e46\/#breadcrumb","itemListElement":[{"@type":"ListItem","position":1,"name":"Accueil","item":"https:\/\/macote.fr\/"},{"@type":"ListItem","position":2,"name":"Boutique","item":"https:\/\/macote.fr\/boutique\/"},{"@type":"ListItem","position":3,"name":"Vitre de phare &#8211; Couvercle de phare &#8211; BMW E46"}]},{"@type":"WebSite","@id":"https:\/\/macote.fr\/#website","url":"https:\/\/macote.fr\/","name":"MyQuote.com","description":"Los mejores accesorios BMW","publisher":{"@id":"https:\/\/macote.fr\/#organization"},"alternateName":"BMW tuning","potentialAction":[{"@type":"SearchAction","target":{"@type":"EntryPoint","urlTemplate":"https:\/\/macote.fr\/?s={search_term_string}"},"query-input":{"@type":"PropertyValueSpecification","valueRequired":true,"valueName":"search_term_string"}}],"inLanguage":"es"},{"@type":"Organization","@id":"https:\/\/macote.fr\/#organization","name":"Macote.es","alternateName":"BMW tuning","url":"https:\/\/macote.fr\/","logo":{"@type":"ImageObject","inLanguage":"es","@id":"https:\/\/macote.fr\/#\/schema\/logo\/image\/","url":"https:\/\/macote.fr\/wp-content\/uploads\/2023\/11\/LOGO-macote.fr-dessin-bmw-noir-copy.jpg","contentUrl":"https:\/\/macote.fr\/wp-content\/uploads\/2023\/11\/LOGO-macote.fr-dessin-bmw-noir-copy.jpg","width":732,"height":456,"caption":"Macote.fr"},"image":{"@id":"https:\/\/macote.fr\/#\/schema\/logo\/image\/"},"sameAs":["https:\/\/www.facebook.com\/profile.php?id=100091476586119","https:\/\/www.youtube.com\/channel\/UCgO-YTbaxYO-w_C5GfL-_1w","https:\/\/www.tiktok.com\/@macote.fr?is_from_webapp=1&sender_device=pc","https:\/\/www.instagram.com\/i_xila_i\/"]}]}},"_links":{"self":[{"href":"https:\/\/macote.fr\/es\/wp-json\/wp\/v2\/product\/5026","targetHints":{"allow":["GET"]}}],"collection":[{"href":"https:\/\/macote.fr\/es\/wp-json\/wp\/v2\/product"}],"about":[{"href":"https:\/\/macote.fr\/es\/wp-json\/wp\/v2\/types\/product"}],"replies":[{"embeddable":true,"href":"https:\/\/macote.fr\/es\/wp-json\/wp\/v2\/comments?post=5026"}],"wp:featuredmedia":[{"embeddable":true,"href":"https:\/\/macote.fr\/es\/wp-json\/wp\/v2\/media\/5030"}],"wp:attachment":[{"href":"https:\/\/macote.fr\/es\/wp-json\/wp\/v2\/media?parent=5026"}],"wp:term":[{"taxonomy":"product_brand","embeddable":true,"href":"https:\/\/macote.fr\/es\/wp-json\/wp\/v2\/product_brand?post=5026"},{"taxonomy":"product_cat","embeddable":true,"href":"https:\/\/macote.fr\/es\/wp-json\/wp\/v2\/product_cat?post=5026"},{"taxonomy":"product_tag","embeddable":true,"href":"https:\/\/macote.fr\/es\/wp-json\/wp\/v2\/product_tag?post=5026"}],"curies":[{"name":"wp","href":"https:\/\/api.w.org\/{rel}","templated":true}]}}