{"id":5238,"date":"2025-01-25T22:05:56","date_gmt":"2025-01-25T21:05:56","guid":{"rendered":"https:\/\/macote.fr\/?post_type=product&#038;p=5238"},"modified":"2025-01-25T22:06:27","modified_gmt":"2025-01-25T21:06:27","slug":"cubierta-central-de-rueda-bmw","status":"publish","type":"product","link":"https:\/\/macote.fr\/es\/producto\/cubierta-central-de-rueda-bmw\/","title":{"rendered":"Centro de rueda - Tapacubos BMW"},"content":{"rendered":"<h1 style=\"text-align: center;\"><strong>Cubo \/ Tapa central de rueda: el diablo est\u00e1 en los detalles<\/strong><\/h1>\n<p>A\u00f1ade un toque de elegancia y personalidad a tu BMW con el <strong>Tapa de buje BMW<\/strong> est\u00e9tica ic\u00f3nica y durabilidad. Nuestra colecci\u00f3n ofrece una variedad de estilos para adaptarse a sus gustos, incluyendo dise\u00f1os <strong>OEM<\/strong>el elegante <strong>modelos en blanco y negro<\/strong>el <strong>opciones todo negro<\/strong>los colores din\u00e1micos del <strong>M Rendimiento<\/strong>as\u00ed como los emblem\u00e1ticos centros de rueda que celebran el <strong>Logotipo del 50 aniversario<\/strong>. Cada estilo est\u00e1 dise\u00f1ado para armonizar perfectamente con la elegancia atemporal de los veh\u00edculos BMW.<\/p>\n<p>Fabricado en <strong>metal de alta calidad<\/strong>Estos centros de rueda ofrecen <strong>durabilidad excepcional<\/strong>Es resistente a la intemperie y garantiza una sujeci\u00f3n segura, incluso en las condiciones m\u00e1s duras.<\/p>\n<p>Disponible en <strong>dos tama\u00f1os universales: 56 mm y 68 mm<\/strong>Nuestros tapacubos BMW son compatibles con una amplia gama de modelos BMW.<\/p>\n<p>Estos tapacubos son el accesorio ideal para dar a su BMW un aspecto aut\u00e9ntico y de alta gama, a la vez que reflejan la personalidad \u00fanica de su veh\u00edculo. Tanto si quieres modernizar tu coche como sustituir unos tapacubos desgastados, nuestra selecci\u00f3n garantiza un ajuste perfecto y una calidad impecable.<\/p>\n<h3><strong>\u00bfPor qu\u00e9 elegir nuestros tapacubos para su BMW?<\/strong><\/h3>\n<ul>\n<li><strong>Materiales de primera calidad :<\/strong> Metal de alta calidad para una mayor durabilidad y un acabado impecable.<\/li>\n<li><strong>Estilos personalizados :<\/strong> Diferentes dise\u00f1os para adaptarse a sus preferencias.<\/li>\n<li><strong>Ajuste perfecto:<\/strong> Disponible en tama\u00f1os de 56 mm y 68 mm, compatible con muchos modelos BMW.<\/li>\n<li><strong>F\u00e1cil de instalar :<\/strong> Dise\u00f1o con clip para una instalaci\u00f3n sencilla y segura.<\/li>\n<\/ul>\n<p>Actualice hoy mismo las llantas de su BMW con estos centros de rueda de alta calidad y convierta cada viaje en una expresi\u00f3n de lujo y estilo. \u00a1Haz tu pedido ahora y dale a tu veh\u00edculo el toque final perfecto!<\/p>","protected":false},"excerpt":{"rendered":"<p>Sublima las llantas de tu BMW con <strong>Tapacubos BMW<\/strong> disponible en la gama alta <strong>OEM<\/strong>, <strong>blanco y negro<\/strong>, <strong>todo negro<\/strong>, <strong>M Colores de rendimiento<\/strong> y <strong>Logotipo del 50 aniversario<\/strong>. Fabricado en metal de alta calidad para <strong>durabilidad excepcional<\/strong>Estos centros de rueda est\u00e1n disponibles en <strong>56 mm<\/strong> y <strong>68 mm<\/strong>compatible con muchos modelos BMW. A\u00f1ade un toque elegante y personalizado a tu veh\u00edculo con estos accesorios f\u00e1ciles de instalar y fabricados para durar.<\/p>","protected":false},"featured_media":5251,"comment_status":"open","ping_status":"closed","template":"","meta":{"_eb_attr":""},"product_brand":[],"product_cat":[262],"product_tag":[],"class_list":{"0":"post-5238","1":"product","2":"type-product","3":"status-publish","4":"has-post-thumbnail","6":"product_cat-bmw-accessoires-universels","8":"first","9":"instock","10":"taxable","11":"shipping-taxable","12":"purchasable","13":"product-type-variable"},"yoast_head":"<!-- This site is optimized with the Yoast SEO Premium plugin v20.7 (Yoast SEO v27.3) - https:\/\/yoast.com\/product\/yoast-seo-premium-wordpress\/ -->\n<title>Centre de roue - Cache moyeu BMW - MaCote.fr<\/title>\n<meta name=\"robots\" content=\"index, follow, max-snippet:-1, max-image-preview:large, max-video-preview:-1\" \/>\n<link rel=\"canonical\" href=\"https:\/\/macote.fr\/es\/producto\/cubierta-central-de-rueda-bmw\/\" \/>\n<meta property=\"og:locale\" content=\"es_ES\" \/>\n<meta property=\"og:type\" content=\"article\" \/>\n<meta property=\"og:title\" content=\"Centre de roue - Cache moyeu BMW\" \/>\n<meta property=\"og:description\" content=\"Sublimez les jantes de votre BMW avec des caches moyeux BMW haut de gamme, disponibles en versions OEM, noir et blanc, enti\u00e8rement noires, couleurs M Performance et logo du 50e anniversaire. Fabriqu\u00e9s en m\u00e9tal de haute qualit\u00e9 pour une durabilit\u00e9 exceptionnelle, ces centres de roues sont propos\u00e9s en 56mm et 68mm, compatibles avec de nombreux mod\u00e8les BMW. Ajoutez une touche \u00e9l\u00e9gante et personnalis\u00e9e \u00e0 votre v\u00e9hicule avec ces accessoires faciles \u00e0 installer et con\u00e7us pour durer.\" \/>\n<meta property=\"og:url\" content=\"https:\/\/macote.fr\/es\/producto\/cubierta-central-de-rueda-bmw\/\" \/>\n<meta property=\"og:site_name\" content=\"MaCote.fr\" \/>\n<meta property=\"article:publisher\" content=\"https:\/\/www.facebook.com\/profile.php?id=100091476586119\" \/>\n<meta property=\"article:modified_time\" content=\"2025-01-25T21:06:27+00:00\" \/>\n<meta property=\"og:image\" content=\"https:\/\/macote.fr\/wp-content\/uploads\/2022\/11\/bmw-black-tuning-e1667980523590.jpg\" \/>\n\t<meta property=\"og:image:width\" content=\"1238\" \/>\n\t<meta property=\"og:image:height\" content=\"1080\" \/>\n\t<meta property=\"og:image:type\" content=\"image\/jpeg\" \/>\n<meta name=\"twitter:card\" content=\"summary_large_image\" \/>\n<meta name=\"twitter:label1\" content=\"Tiempo de lectura\" \/>\n\t<meta name=\"twitter:data1\" content=\"2 minutos\" \/>\n<script type=\"application\/ld+json\" class=\"yoast-schema-graph\">{\"@context\":\"https:\\\/\\\/schema.org\",\"@graph\":[{\"@type\":\"WebPage\",\"@id\":\"https:\\\/\\\/macote.fr\\\/produit\\\/centre-de-roue-cache-moyeu-bmw\\\/\",\"url\":\"https:\\\/\\\/macote.fr\\\/produit\\\/centre-de-roue-cache-moyeu-bmw\\\/\",\"name\":\"Centre de roue - Cache moyeu BMW - MaCote.fr\",\"isPartOf\":{\"@id\":\"https:\\\/\\\/macote.fr\\\/#website\"},\"primaryImageOfPage\":{\"@id\":\"https:\\\/\\\/macote.fr\\\/produit\\\/centre-de-roue-cache-moyeu-bmw\\\/#primaryimage\"},\"image\":{\"@id\":\"https:\\\/\\\/macote.fr\\\/produit\\\/centre-de-roue-cache-moyeu-bmw\\\/#primaryimage\"},\"thumbnailUrl\":\"https:\\\/\\\/macote.fr\\\/wp-content\\\/uploads\\\/2025\\\/01\\\/BMW-Logo-Wheel-Center-Cap-Full-Black-M-Perfomance-M-Power.avif\",\"datePublished\":\"2025-01-25T21:05:56+00:00\",\"dateModified\":\"2025-01-25T21:06:27+00:00\",\"breadcrumb\":{\"@id\":\"https:\\\/\\\/macote.fr\\\/produit\\\/centre-de-roue-cache-moyeu-bmw\\\/#breadcrumb\"},\"inLanguage\":\"es\",\"potentialAction\":[{\"@type\":\"ReadAction\",\"target\":[\"https:\\\/\\\/macote.fr\\\/produit\\\/centre-de-roue-cache-moyeu-bmw\\\/\"]}]},{\"@type\":\"ImageObject\",\"inLanguage\":\"es\",\"@id\":\"https:\\\/\\\/macote.fr\\\/produit\\\/centre-de-roue-cache-moyeu-bmw\\\/#primaryimage\",\"url\":\"https:\\\/\\\/macote.fr\\\/wp-content\\\/uploads\\\/2025\\\/01\\\/BMW-Logo-Wheel-Center-Cap-Full-Black-M-Perfomance-M-Power.avif\",\"contentUrl\":\"https:\\\/\\\/macote.fr\\\/wp-content\\\/uploads\\\/2025\\\/01\\\/BMW-Logo-Wheel-Center-Cap-Full-Black-M-Perfomance-M-Power.avif\",\"width\":1000,\"height\":1000,\"caption\":\"Centre de roue\\\/ Cache Moyeux Full Black M Perfomance M Power\"},{\"@type\":\"BreadcrumbList\",\"@id\":\"https:\\\/\\\/macote.fr\\\/produit\\\/centre-de-roue-cache-moyeu-bmw\\\/#breadcrumb\",\"itemListElement\":[{\"@type\":\"ListItem\",\"position\":1,\"name\":\"Accueil\",\"item\":\"https:\\\/\\\/macote.fr\\\/\"},{\"@type\":\"ListItem\",\"position\":2,\"name\":\"Boutique\",\"item\":\"https:\\\/\\\/macote.fr\\\/boutique\\\/\"},{\"@type\":\"ListItem\",\"position\":3,\"name\":\"Centre de roue &#8211; Cache moyeu BMW\"}]},{\"@type\":\"WebSite\",\"@id\":\"https:\\\/\\\/macote.fr\\\/#website\",\"url\":\"https:\\\/\\\/macote.fr\\\/\",\"name\":\"MaCote.fr\",\"description\":\"BMW best accessories\",\"publisher\":{\"@id\":\"https:\\\/\\\/macote.fr\\\/#organization\"},\"alternateName\":\"BMW tuning\",\"potentialAction\":[{\"@type\":\"SearchAction\",\"target\":{\"@type\":\"EntryPoint\",\"urlTemplate\":\"https:\\\/\\\/macote.fr\\\/?s={search_term_string}\"},\"query-input\":{\"@type\":\"PropertyValueSpecification\",\"valueRequired\":true,\"valueName\":\"search_term_string\"}}],\"inLanguage\":\"es\"},{\"@type\":\"Organization\",\"@id\":\"https:\\\/\\\/macote.fr\\\/#organization\",\"name\":\"Macote.fr\",\"alternateName\":\"BMW tuning\",\"url\":\"https:\\\/\\\/macote.fr\\\/\",\"logo\":{\"@type\":\"ImageObject\",\"inLanguage\":\"es\",\"@id\":\"https:\\\/\\\/macote.fr\\\/#\\\/schema\\\/logo\\\/image\\\/\",\"url\":\"https:\\\/\\\/macote.fr\\\/wp-content\\\/uploads\\\/2023\\\/11\\\/LOGO-macote.fr-dessin-bmw-noir-copy.jpg\",\"contentUrl\":\"https:\\\/\\\/macote.fr\\\/wp-content\\\/uploads\\\/2023\\\/11\\\/LOGO-macote.fr-dessin-bmw-noir-copy.jpg\",\"width\":732,\"height\":456,\"caption\":\"Macote.fr\"},\"image\":{\"@id\":\"https:\\\/\\\/macote.fr\\\/#\\\/schema\\\/logo\\\/image\\\/\"},\"sameAs\":[\"https:\\\/\\\/www.facebook.com\\\/profile.php?id=100091476586119\",\"https:\\\/\\\/www.youtube.com\\\/channel\\\/UCgO-YTbaxYO-w_C5GfL-_1w\",\"https:\\\/\\\/www.tiktok.com\\\/@macote.fr?is_from_webapp=1&sender_device=pc\",\"https:\\\/\\\/www.instagram.com\\\/i_xila_i\\\/\"]}]}<\/script>\n<!-- \/ Yoast SEO Premium plugin. -->","yoast_head_json":{"title":"Centro de rueda - Tapacubos BMW - MaCote.fr","robots":{"index":"index","follow":"follow","max-snippet":"max-snippet:-1","max-image-preview":"max-image-preview:large","max-video-preview":"max-video-preview:-1"},"canonical":"https:\/\/macote.fr\/es\/producto\/cubierta-central-de-rueda-bmw\/","og_locale":"es_ES","og_type":"article","og_title":"Centre de roue - Cache moyeu BMW","og_description":"Sublimez les jantes de votre BMW avec des caches moyeux BMW haut de gamme, disponibles en versions OEM, noir et blanc, enti\u00e8rement noires, couleurs M Performance et logo du 50e anniversaire. Fabriqu\u00e9s en m\u00e9tal de haute qualit\u00e9 pour une durabilit\u00e9 exceptionnelle, ces centres de roues sont propos\u00e9s en 56mm et 68mm, compatibles avec de nombreux mod\u00e8les BMW. Ajoutez une touche \u00e9l\u00e9gante et personnalis\u00e9e \u00e0 votre v\u00e9hicule avec ces accessoires faciles \u00e0 installer et con\u00e7us pour durer.","og_url":"https:\/\/macote.fr\/es\/producto\/cubierta-central-de-rueda-bmw\/","og_site_name":"MaCote.fr","article_publisher":"https:\/\/www.facebook.com\/profile.php?id=100091476586119","article_modified_time":"2025-01-25T21:06:27+00:00","og_image":[{"width":1238,"height":1080,"url":"https:\/\/macote.fr\/wp-content\/uploads\/2022\/11\/bmw-black-tuning-e1667980523590.jpg","type":"image\/jpeg"}],"twitter_card":"summary_large_image","twitter_misc":{"Tiempo de lectura":"2 minutos"},"schema":{"@context":"https:\/\/schema.org","@graph":[{"@type":"WebPage","@id":"https:\/\/macote.fr\/produit\/centre-de-roue-cache-moyeu-bmw\/","url":"https:\/\/macote.fr\/produit\/centre-de-roue-cache-moyeu-bmw\/","name":"Centro de rueda - Tapacubos BMW - MaCote.fr","isPartOf":{"@id":"https:\/\/macote.fr\/#website"},"primaryImageOfPage":{"@id":"https:\/\/macote.fr\/produit\/centre-de-roue-cache-moyeu-bmw\/#primaryimage"},"image":{"@id":"https:\/\/macote.fr\/produit\/centre-de-roue-cache-moyeu-bmw\/#primaryimage"},"thumbnailUrl":"https:\/\/macote.fr\/wp-content\/uploads\/2025\/01\/BMW-Logo-Wheel-Center-Cap-Full-Black-M-Perfomance-M-Power.avif","datePublished":"2025-01-25T21:05:56+00:00","dateModified":"2025-01-25T21:06:27+00:00","breadcrumb":{"@id":"https:\/\/macote.fr\/produit\/centre-de-roue-cache-moyeu-bmw\/#breadcrumb"},"inLanguage":"es","potentialAction":[{"@type":"ReadAction","target":["https:\/\/macote.fr\/produit\/centre-de-roue-cache-moyeu-bmw\/"]}]},{"@type":"ImageObject","inLanguage":"es","@id":"https:\/\/macote.fr\/produit\/centre-de-roue-cache-moyeu-bmw\/#primaryimage","url":"https:\/\/macote.fr\/wp-content\/uploads\/2025\/01\/BMW-Logo-Wheel-Center-Cap-Full-Black-M-Perfomance-M-Power.avif","contentUrl":"https:\/\/macote.fr\/wp-content\/uploads\/2025\/01\/BMW-Logo-Wheel-Center-Cap-Full-Black-M-Perfomance-M-Power.avif","width":1000,"height":1000,"caption":"Centre de roue\/ Cache Moyeux Full Black M Perfomance M Power"},{"@type":"BreadcrumbList","@id":"https:\/\/macote.fr\/produit\/centre-de-roue-cache-moyeu-bmw\/#breadcrumb","itemListElement":[{"@type":"ListItem","position":1,"name":"Accueil","item":"https:\/\/macote.fr\/"},{"@type":"ListItem","position":2,"name":"Boutique","item":"https:\/\/macote.fr\/boutique\/"},{"@type":"ListItem","position":3,"name":"Centre de roue &#8211; Cache moyeu BMW"}]},{"@type":"WebSite","@id":"https:\/\/macote.fr\/#website","url":"https:\/\/macote.fr\/","name":"MyQuote.com","description":"Los mejores accesorios BMW","publisher":{"@id":"https:\/\/macote.fr\/#organization"},"alternateName":"BMW tuning","potentialAction":[{"@type":"SearchAction","target":{"@type":"EntryPoint","urlTemplate":"https:\/\/macote.fr\/?s={search_term_string}"},"query-input":{"@type":"PropertyValueSpecification","valueRequired":true,"valueName":"search_term_string"}}],"inLanguage":"es"},{"@type":"Organization","@id":"https:\/\/macote.fr\/#organization","name":"Macote.es","alternateName":"BMW tuning","url":"https:\/\/macote.fr\/","logo":{"@type":"ImageObject","inLanguage":"es","@id":"https:\/\/macote.fr\/#\/schema\/logo\/image\/","url":"https:\/\/macote.fr\/wp-content\/uploads\/2023\/11\/LOGO-macote.fr-dessin-bmw-noir-copy.jpg","contentUrl":"https:\/\/macote.fr\/wp-content\/uploads\/2023\/11\/LOGO-macote.fr-dessin-bmw-noir-copy.jpg","width":732,"height":456,"caption":"Macote.fr"},"image":{"@id":"https:\/\/macote.fr\/#\/schema\/logo\/image\/"},"sameAs":["https:\/\/www.facebook.com\/profile.php?id=100091476586119","https:\/\/www.youtube.com\/channel\/UCgO-YTbaxYO-w_C5GfL-_1w","https:\/\/www.tiktok.com\/@macote.fr?is_from_webapp=1&sender_device=pc","https:\/\/www.instagram.com\/i_xila_i\/"]}]}},"_links":{"self":[{"href":"https:\/\/macote.fr\/es\/wp-json\/wp\/v2\/product\/5238","targetHints":{"allow":["GET"]}}],"collection":[{"href":"https:\/\/macote.fr\/es\/wp-json\/wp\/v2\/product"}],"about":[{"href":"https:\/\/macote.fr\/es\/wp-json\/wp\/v2\/types\/product"}],"replies":[{"embeddable":true,"href":"https:\/\/macote.fr\/es\/wp-json\/wp\/v2\/comments?post=5238"}],"wp:featuredmedia":[{"embeddable":true,"href":"https:\/\/macote.fr\/es\/wp-json\/wp\/v2\/media\/5251"}],"wp:attachment":[{"href":"https:\/\/macote.fr\/es\/wp-json\/wp\/v2\/media?parent=5238"}],"wp:term":[{"taxonomy":"product_brand","embeddable":true,"href":"https:\/\/macote.fr\/es\/wp-json\/wp\/v2\/product_brand?post=5238"},{"taxonomy":"product_cat","embeddable":true,"href":"https:\/\/macote.fr\/es\/wp-json\/wp\/v2\/product_cat?post=5238"},{"taxonomy":"product_tag","embeddable":true,"href":"https:\/\/macote.fr\/es\/wp-json\/wp\/v2\/product_tag?post=5238"}],"curies":[{"name":"wp","href":"https:\/\/api.w.org\/{rel}","templated":true}]}}