{"id":5254,"date":"2025-01-25T23:07:37","date_gmt":"2025-01-25T22:07:37","guid":{"rendered":"https:\/\/macote.fr\/?post_type=product&#038;p=5254"},"modified":"2025-01-25T23:09:27","modified_gmt":"2025-01-25T22:09:27","slug":"tapacubos-flotantes-centro-rueda-autonivelante-bmw","status":"publish","type":"product","link":"https:\/\/macote.fr\/es\/producto\/tapacubos-flotantes-centro-rueda-autonivelante-bmw\/","title":{"rendered":"Tapacubos flotantes BMW - Centro de rueda autonivelante"},"content":{"rendered":"<h1 style=\"text-align: center;\"><strong>Tapacubos flotantes para BMW: innovaci\u00f3n al servicio del lujo<\/strong><\/h1>\n<p>Sublima tu BMW con\u00a0<strong>centros de rueda flotantes<\/strong>una actualizaci\u00f3n innovadora que combina un dise\u00f1o de primera calidad con una funcionalidad avanzada. Estos tapacubos de alta gama presentan la misma calidad y opciones de dise\u00f1o que los tapacubos fijos tradicionales, pero integran un <strong>mecanismo de autonivelaci\u00f3n<\/strong> que garantiza que el logotipo BMW permanezca perfectamente recto, incluso cuando las ruedas est\u00e1n en movimiento.<\/p>\n<h3><strong>Dise\u00f1os excepcionales para todos los estilos<\/strong><\/h3>\n<p>Disponible en el mismo <strong>estilos elegantes<\/strong> que nuestros tapacubos fijos, puede elegir entre :<\/p>\n<ul>\n<li><strong>Dise\u00f1os OEM<\/strong> para un aspecto cl\u00e1sico y aut\u00e9ntico de BMW.<\/li>\n<li><strong>Blanco y negro<\/strong> para un sofisticado toque monocromo.<\/li>\n<li><strong>Todo negro<\/strong> para un look atrevido y moderno.<\/li>\n<li><strong>M Colores de rendimiento<\/strong> para subrayar el lado deportivo de tu veh\u00edculo.<\/li>\n<li>Le <strong>Logotipo del 50 aniversario<\/strong>celebrando la excelencia y la herencia de BMW.<\/li>\n<\/ul>\n<p>Dise\u00f1ado en <strong>metal de alta calidad y ABS<\/strong>Estos tapacubos flotantes ofrecen una durabilidad excepcional y un acabado de lujo. Disponibles en <strong>56 mm<\/strong> y <strong>68 mm<\/strong>Pueden adaptarse a una amplia gama de modelos BMW para lograr un aspecto perfectamente integrado.<\/p>\n<h3><strong>Ventajas de los cubos flotantes<\/strong><\/h3>\n<ol>\n<li><strong>Elegancia din\u00e1mica<\/strong><br \/>\nGracias al mecanismo de autonivelaci\u00f3n, el logotipo BMW permanece perfectamente alineado, incluso en movimiento. Este refinado detalle a\u00f1ade un toque de lujo y sofisticaci\u00f3n a tu veh\u00edculo.<\/li>\n<li><strong>Dise\u00f1o sofisticado en movimiento<\/strong><br \/>\nAl girar las ruedas, el mecanismo flotante estabiliza el logotipo, subrayando la ingenier\u00eda de precisi\u00f3n y la elegancia de su BMW.<\/li>\n<li><strong>Mejora est\u00e9tica<\/strong><br \/>\nTanto si est\u00e1 aparcando como conduciendo, estos centros de rueda flotantes hacen que su BMW sea \u00fanico con un dise\u00f1o moderno y refinado.<\/li>\n<li><strong>Robustez y durabilidad<\/strong><br \/>\nFabricado en <strong>metal y ABS de alta gama<\/strong>Estos tapacubos est\u00e1n dise\u00f1ados para resistir los elementos, la suciedad de la carretera y el desgaste, conservando su brillo y funcionalidad.<\/li>\n<li><strong>Adaptaci\u00f3n universal a su BMW<\/strong><br \/>\nDisponible en <strong>dos tama\u00f1os<\/strong>Estos tapacubos flotantes se adaptan a una gran variedad de modelos BMW, de 56 mm a 68 mm, garantizando una compatibilidad perfecta.<\/li>\n<li><strong>Instalaci\u00f3n f\u00e1cil y segura<\/strong><br \/>\nGracias a su dise\u00f1o de clip, estos tapacubos son f\u00e1ciles de instalar y proporcionan una sujeci\u00f3n segura y fiable.<\/li>\n<\/ol>\n<h3><strong>Compatibilidad<\/strong><\/h3>\n<ul>\n<li><strong>Tapacubos 56 mm<\/strong><\/li>\n<li><strong>Tapacubos 68mm<\/strong><\/li>\n<\/ul>\n<h3><strong>Mejore su experiencia de conducci\u00f3n<\/strong><\/h3>\n<p>Al optar por <strong>tapacubos flotantes<\/strong> o <strong>centros de rueda flotantes<\/strong>Con los Centros de Llantas BMW, no s\u00f3lo est\u00e1 mejorando sus llantas: est\u00e1 a\u00f1adiendo un toque de innovaci\u00f3n y lujo que refleja a la perfecci\u00f3n la ingenier\u00eda de primera clase de BMW. Ya sea en la autopista o en la entrada de tu casa, estos centros de llantas garantizan que tu veh\u00edculo siempre luzca su mejor aspecto.<\/p>\n<p>Pida su <strong>tapacubos flotantes<\/strong> hoy mismo y convierta las ruedas de su BMW en un s\u00edmbolo de elegancia y precisi\u00f3n.<\/p>","protected":false},"excerpt":{"rendered":"<p>Sublima el estilo de tu BMW con <strong>Cubiertas Cubos autonivelantes<\/strong>, una sofisticada actualizaci\u00f3n que combina un dise\u00f1o de alta gama con una funcionalidad innovadora. A diferencia de los embellecedores de rueda fijos tradicionales, estos embellecedores de rueda din\u00e1micos presentan un <strong>mecanismo de autonivelaci\u00f3n<\/strong> que mantiene el logotipo de BMW perfectamente recto, incluso cuando las ruedas giran.<\/p>\n<p>Disponibles en los mismos elegantes dise\u00f1os que nuestros centros de rueda fijos.<strong>OEM<\/strong>, <strong>blanco y negro<\/strong>, <strong>todo negro<\/strong>, <strong>M Colores de rendimiento<\/strong>y <strong>Logotipo del 50 aniversario<\/strong>-Estos centros de rueda a\u00f1aden un aspecto lujoso y refinado a su veh\u00edculo. Fabricados en <strong>metal de alta calidad<\/strong> para una durabilidad excepcional, est\u00e1n disponibles en <strong>56 mm<\/strong> y <strong>68 mm<\/strong>para adaptarse a una amplia gama de modelos BMW.<\/p>\n<h3><strong>Ventajas de los tapacubos autonivelantes :<\/strong><\/h3>\n<ul>\n<li><strong>Elegancia din\u00e1mica :<\/strong> El mecanismo de autonivelaci\u00f3n mantiene el logotipo BMW perfectamente alineado, creando un aspecto limpio y moderno a cualquier velocidad.<\/li>\n<li><strong>Est\u00e9tica mejorada :<\/strong> A\u00f1ade un toque de sofisticaci\u00f3n y modernidad a tus ruedas.<\/li>\n<li><strong>Calidad superior:<\/strong> Dise\u00f1ados con materiales duraderos para soportar las duras condiciones de la carretera y mantener su brillo.<\/li>\n<li><strong>Ajuste universal :<\/strong> Compatible con la mayor\u00eda de los modelos BMW gracias a las medidas disponibles (56mm y 68mm).<\/li>\n<li><strong>F\u00e1cil de instalar :<\/strong> Dise\u00f1o con clip para una instalaci\u00f3n r\u00e1pida y segura.<\/li>\n<\/ul>\n<p>Mejora tus llantas con estos centros de rueda<strong>\u00a0autonivelante<\/strong> para la combinaci\u00f3n perfecta de innovaci\u00f3n y lujo. Haga de cada viaje una declaraci\u00f3n de elegancia y precisi\u00f3n.<\/p>","protected":false},"featured_media":5268,"comment_status":"open","ping_status":"closed","template":"","meta":{"_eb_attr":""},"product_brand":[],"product_cat":[262],"product_tag":[],"class_list":{"0":"post-5254","1":"product","2":"type-product","3":"status-publish","4":"has-post-thumbnail","6":"product_cat-bmw-accessoires-universels","8":"first","9":"instock","10":"taxable","11":"shipping-taxable","12":"purchasable","13":"product-type-variable"},"yoast_head":"<!-- This site is optimized with the Yoast SEO Premium plugin v20.7 (Yoast SEO v27.3) - https:\/\/yoast.com\/product\/yoast-seo-premium-wordpress\/ -->\n<title>Caches moyeux flottants BMW - Centre de roue Auto nivelant - MaCote.fr<\/title>\n<meta name=\"robots\" content=\"index, follow, max-snippet:-1, max-image-preview:large, max-video-preview:-1\" \/>\n<link rel=\"canonical\" href=\"https:\/\/macote.fr\/es\/producto\/tapacubos-flotantes-centro-rueda-autonivelante-bmw\/\" \/>\n<meta property=\"og:locale\" content=\"es_ES\" \/>\n<meta property=\"og:type\" content=\"article\" \/>\n<meta property=\"og:title\" content=\"Caches moyeux flottants BMW - Centre de roue Auto nivelant\" \/>\n<meta property=\"og:description\" content=\"Sublimez le style de votre BMW avec des Caches Moyeux auto-nivelants, une am\u00e9lioration sophistiqu\u00e9e qui allie design haut de gamme et fonctionnalit\u00e9 innovante. Contrairement aux enjoliveurs fixes traditionnels, ces enjoliveurs dynamiques disposent d\u2019un m\u00e9canisme auto-nivelant qui maintient le logo BMW parfaitement droit, m\u00eame lorsque les roues tournent.  Disponibles dans les m\u00eames designs \u00e9l\u00e9gants que nos Centres de roue fixes\u2014OEM, noir et blanc, enti\u00e8rement noirs, couleurs M Performance, et logo du 50e anniversaire\u2014ces Centres de roue apportent un look luxueux et raffin\u00e9 \u00e0 votre v\u00e9hicule. Fabriqu\u00e9s en m\u00e9tal de haute qualit\u00e9 pour une durabilit\u00e9 exceptionnelle, ils sont propos\u00e9s en 56mm et 68mmpour s\u2019adapter \u00e0 une large gamme de mod\u00e8les BMW. Avantages des caches moyeux Auto-Nivelants :   \u00c9l\u00e9gance Dynamique : Le m\u00e9canisme auto-nivelant garde le logo BMW parfaitement align\u00e9, cr\u00e9ant une apparence soign\u00e9e et moderne \u00e0 toutes les vitesses.  Esth\u00e9tique Am\u00e9lior\u00e9e : Ajoute une touche de sophistication et de modernit\u00e9 \u00e0 vos jantes.  Qualit\u00e9 Premium : Con\u00e7us avec des mat\u00e9riaux durables pour r\u00e9sister aux conditions de route difficiles et conserver leur \u00e9clat.  Ajustement Universel : Compatibles avec la plupart des mod\u00e8les BMW gr\u00e2ce aux tailles disponibles (56mm et 68mm).  Installation Facile : Conception \u00e0 clipser pour un montage rapide et s\u00e9curis\u00e9.  Am\u00e9liorez vos jantes avec ces centres de roue\u00a0auto-nivelants pour une combinaison parfaite d\u2019innovation et de luxe. Faites de chaque trajet une d\u00e9claration d\u2019\u00e9l\u00e9gance et de pr\u00e9cision.\" \/>\n<meta property=\"og:url\" content=\"https:\/\/macote.fr\/es\/producto\/tapacubos-flotantes-centro-rueda-autonivelante-bmw\/\" \/>\n<meta property=\"og:site_name\" content=\"MaCote.fr\" \/>\n<meta property=\"article:publisher\" content=\"https:\/\/www.facebook.com\/profile.php?id=100091476586119\" \/>\n<meta property=\"article:modified_time\" content=\"2025-01-25T22:09:27+00:00\" \/>\n<meta property=\"og:image\" content=\"https:\/\/macote.fr\/wp-content\/uploads\/2022\/11\/bmw-black-tuning-e1667980523590.jpg\" \/>\n\t<meta property=\"og:image:width\" content=\"1238\" \/>\n\t<meta property=\"og:image:height\" content=\"1080\" \/>\n\t<meta property=\"og:image:type\" content=\"image\/jpeg\" \/>\n<meta name=\"twitter:card\" content=\"summary_large_image\" \/>\n<meta name=\"twitter:label1\" content=\"Tiempo de lectura\" \/>\n\t<meta name=\"twitter:data1\" content=\"3 minutos\" \/>\n<script type=\"application\/ld+json\" class=\"yoast-schema-graph\">{\"@context\":\"https:\\\/\\\/schema.org\",\"@graph\":[{\"@type\":\"WebPage\",\"@id\":\"https:\\\/\\\/macote.fr\\\/produit\\\/caches-moyeux-flottants-bmw-centre-de-roue-auto-nivelant\\\/\",\"url\":\"https:\\\/\\\/macote.fr\\\/produit\\\/caches-moyeux-flottants-bmw-centre-de-roue-auto-nivelant\\\/\",\"name\":\"Caches moyeux flottants BMW - Centre de roue Auto nivelant - MaCote.fr\",\"isPartOf\":{\"@id\":\"https:\\\/\\\/macote.fr\\\/#website\"},\"primaryImageOfPage\":{\"@id\":\"https:\\\/\\\/macote.fr\\\/produit\\\/caches-moyeux-flottants-bmw-centre-de-roue-auto-nivelant\\\/#primaryimage\"},\"image\":{\"@id\":\"https:\\\/\\\/macote.fr\\\/produit\\\/caches-moyeux-flottants-bmw-centre-de-roue-auto-nivelant\\\/#primaryimage\"},\"thumbnailUrl\":\"https:\\\/\\\/macote.fr\\\/wp-content\\\/uploads\\\/2025\\\/01\\\/OEM-BMW-Floating-center-cap-original-Part.avif\",\"datePublished\":\"2025-01-25T22:07:37+00:00\",\"dateModified\":\"2025-01-25T22:09:27+00:00\",\"breadcrumb\":{\"@id\":\"https:\\\/\\\/macote.fr\\\/produit\\\/caches-moyeux-flottants-bmw-centre-de-roue-auto-nivelant\\\/#breadcrumb\"},\"inLanguage\":\"es\",\"potentialAction\":[{\"@type\":\"ReadAction\",\"target\":[\"https:\\\/\\\/macote.fr\\\/produit\\\/caches-moyeux-flottants-bmw-centre-de-roue-auto-nivelant\\\/\"]}]},{\"@type\":\"ImageObject\",\"inLanguage\":\"es\",\"@id\":\"https:\\\/\\\/macote.fr\\\/produit\\\/caches-moyeux-flottants-bmw-centre-de-roue-auto-nivelant\\\/#primaryimage\",\"url\":\"https:\\\/\\\/macote.fr\\\/wp-content\\\/uploads\\\/2025\\\/01\\\/OEM-BMW-Floating-center-cap-original-Part.avif\",\"contentUrl\":\"https:\\\/\\\/macote.fr\\\/wp-content\\\/uploads\\\/2025\\\/01\\\/OEM-BMW-Floating-center-cap-original-Part.avif\",\"width\":800,\"height\":810,\"caption\":\"Cache moyeux Flottant BMW OEM pi\u00e9ce d'origine\"},{\"@type\":\"BreadcrumbList\",\"@id\":\"https:\\\/\\\/macote.fr\\\/produit\\\/caches-moyeux-flottants-bmw-centre-de-roue-auto-nivelant\\\/#breadcrumb\",\"itemListElement\":[{\"@type\":\"ListItem\",\"position\":1,\"name\":\"Accueil\",\"item\":\"https:\\\/\\\/macote.fr\\\/\"},{\"@type\":\"ListItem\",\"position\":2,\"name\":\"Boutique\",\"item\":\"https:\\\/\\\/macote.fr\\\/boutique\\\/\"},{\"@type\":\"ListItem\",\"position\":3,\"name\":\"Caches moyeux flottants BMW &#8211; Centre de roue Auto nivelant\"}]},{\"@type\":\"WebSite\",\"@id\":\"https:\\\/\\\/macote.fr\\\/#website\",\"url\":\"https:\\\/\\\/macote.fr\\\/\",\"name\":\"MaCote.fr\",\"description\":\"BMW best accessories\",\"publisher\":{\"@id\":\"https:\\\/\\\/macote.fr\\\/#organization\"},\"alternateName\":\"BMW tuning\",\"potentialAction\":[{\"@type\":\"SearchAction\",\"target\":{\"@type\":\"EntryPoint\",\"urlTemplate\":\"https:\\\/\\\/macote.fr\\\/?s={search_term_string}\"},\"query-input\":{\"@type\":\"PropertyValueSpecification\",\"valueRequired\":true,\"valueName\":\"search_term_string\"}}],\"inLanguage\":\"es\"},{\"@type\":\"Organization\",\"@id\":\"https:\\\/\\\/macote.fr\\\/#organization\",\"name\":\"Macote.fr\",\"alternateName\":\"BMW tuning\",\"url\":\"https:\\\/\\\/macote.fr\\\/\",\"logo\":{\"@type\":\"ImageObject\",\"inLanguage\":\"es\",\"@id\":\"https:\\\/\\\/macote.fr\\\/#\\\/schema\\\/logo\\\/image\\\/\",\"url\":\"https:\\\/\\\/macote.fr\\\/wp-content\\\/uploads\\\/2023\\\/11\\\/LOGO-macote.fr-dessin-bmw-noir-copy.jpg\",\"contentUrl\":\"https:\\\/\\\/macote.fr\\\/wp-content\\\/uploads\\\/2023\\\/11\\\/LOGO-macote.fr-dessin-bmw-noir-copy.jpg\",\"width\":732,\"height\":456,\"caption\":\"Macote.fr\"},\"image\":{\"@id\":\"https:\\\/\\\/macote.fr\\\/#\\\/schema\\\/logo\\\/image\\\/\"},\"sameAs\":[\"https:\\\/\\\/www.facebook.com\\\/profile.php?id=100091476586119\",\"https:\\\/\\\/www.youtube.com\\\/channel\\\/UCgO-YTbaxYO-w_C5GfL-_1w\",\"https:\\\/\\\/www.tiktok.com\\\/@macote.fr?is_from_webapp=1&sender_device=pc\",\"https:\\\/\\\/www.instagram.com\\\/i_xila_i\\\/\"]}]}<\/script>\n<!-- \/ Yoast SEO Premium plugin. -->","yoast_head_json":{"title":"Tapacubos flotantes BMW - Centro de rueda autonivelante - MaCote.fr","robots":{"index":"index","follow":"follow","max-snippet":"max-snippet:-1","max-image-preview":"max-image-preview:large","max-video-preview":"max-video-preview:-1"},"canonical":"https:\/\/macote.fr\/es\/producto\/tapacubos-flotantes-centro-rueda-autonivelante-bmw\/","og_locale":"es_ES","og_type":"article","og_title":"Caches moyeux flottants BMW - Centre de roue Auto nivelant","og_description":"Sublimez le style de votre BMW avec des Caches Moyeux auto-nivelants, une am\u00e9lioration sophistiqu\u00e9e qui allie design haut de gamme et fonctionnalit\u00e9 innovante. Contrairement aux enjoliveurs fixes traditionnels, ces enjoliveurs dynamiques disposent d\u2019un m\u00e9canisme auto-nivelant qui maintient le logo BMW parfaitement droit, m\u00eame lorsque les roues tournent.  Disponibles dans les m\u00eames designs \u00e9l\u00e9gants que nos Centres de roue fixes\u2014OEM, noir et blanc, enti\u00e8rement noirs, couleurs M Performance, et logo du 50e anniversaire\u2014ces Centres de roue apportent un look luxueux et raffin\u00e9 \u00e0 votre v\u00e9hicule. Fabriqu\u00e9s en m\u00e9tal de haute qualit\u00e9 pour une durabilit\u00e9 exceptionnelle, ils sont propos\u00e9s en 56mm et 68mmpour s\u2019adapter \u00e0 une large gamme de mod\u00e8les BMW. Avantages des caches moyeux Auto-Nivelants :   \u00c9l\u00e9gance Dynamique : Le m\u00e9canisme auto-nivelant garde le logo BMW parfaitement align\u00e9, cr\u00e9ant une apparence soign\u00e9e et moderne \u00e0 toutes les vitesses.  Esth\u00e9tique Am\u00e9lior\u00e9e : Ajoute une touche de sophistication et de modernit\u00e9 \u00e0 vos jantes.  Qualit\u00e9 Premium : Con\u00e7us avec des mat\u00e9riaux durables pour r\u00e9sister aux conditions de route difficiles et conserver leur \u00e9clat.  Ajustement Universel : Compatibles avec la plupart des mod\u00e8les BMW gr\u00e2ce aux tailles disponibles (56mm et 68mm).  Installation Facile : Conception \u00e0 clipser pour un montage rapide et s\u00e9curis\u00e9.  Am\u00e9liorez vos jantes avec ces centres de roue\u00a0auto-nivelants pour une combinaison parfaite d\u2019innovation et de luxe. Faites de chaque trajet une d\u00e9claration d\u2019\u00e9l\u00e9gance et de pr\u00e9cision.","og_url":"https:\/\/macote.fr\/es\/producto\/tapacubos-flotantes-centro-rueda-autonivelante-bmw\/","og_site_name":"MaCote.fr","article_publisher":"https:\/\/www.facebook.com\/profile.php?id=100091476586119","article_modified_time":"2025-01-25T22:09:27+00:00","og_image":[{"width":1238,"height":1080,"url":"https:\/\/macote.fr\/wp-content\/uploads\/2022\/11\/bmw-black-tuning-e1667980523590.jpg","type":"image\/jpeg"}],"twitter_card":"summary_large_image","twitter_misc":{"Tiempo de lectura":"3 minutos"},"schema":{"@context":"https:\/\/schema.org","@graph":[{"@type":"WebPage","@id":"https:\/\/macote.fr\/produit\/caches-moyeux-flottants-bmw-centre-de-roue-auto-nivelant\/","url":"https:\/\/macote.fr\/produit\/caches-moyeux-flottants-bmw-centre-de-roue-auto-nivelant\/","name":"Tapacubos flotantes BMW - Centro de rueda autonivelante - MaCote.fr","isPartOf":{"@id":"https:\/\/macote.fr\/#website"},"primaryImageOfPage":{"@id":"https:\/\/macote.fr\/produit\/caches-moyeux-flottants-bmw-centre-de-roue-auto-nivelant\/#primaryimage"},"image":{"@id":"https:\/\/macote.fr\/produit\/caches-moyeux-flottants-bmw-centre-de-roue-auto-nivelant\/#primaryimage"},"thumbnailUrl":"https:\/\/macote.fr\/wp-content\/uploads\/2025\/01\/OEM-BMW-Floating-center-cap-original-Part.avif","datePublished":"2025-01-25T22:07:37+00:00","dateModified":"2025-01-25T22:09:27+00:00","breadcrumb":{"@id":"https:\/\/macote.fr\/produit\/caches-moyeux-flottants-bmw-centre-de-roue-auto-nivelant\/#breadcrumb"},"inLanguage":"es","potentialAction":[{"@type":"ReadAction","target":["https:\/\/macote.fr\/produit\/caches-moyeux-flottants-bmw-centre-de-roue-auto-nivelant\/"]}]},{"@type":"ImageObject","inLanguage":"es","@id":"https:\/\/macote.fr\/produit\/caches-moyeux-flottants-bmw-centre-de-roue-auto-nivelant\/#primaryimage","url":"https:\/\/macote.fr\/wp-content\/uploads\/2025\/01\/OEM-BMW-Floating-center-cap-original-Part.avif","contentUrl":"https:\/\/macote.fr\/wp-content\/uploads\/2025\/01\/OEM-BMW-Floating-center-cap-original-Part.avif","width":800,"height":810,"caption":"Cache moyeux Flottant BMW OEM pi\u00e9ce d'origine"},{"@type":"BreadcrumbList","@id":"https:\/\/macote.fr\/produit\/caches-moyeux-flottants-bmw-centre-de-roue-auto-nivelant\/#breadcrumb","itemListElement":[{"@type":"ListItem","position":1,"name":"Accueil","item":"https:\/\/macote.fr\/"},{"@type":"ListItem","position":2,"name":"Boutique","item":"https:\/\/macote.fr\/boutique\/"},{"@type":"ListItem","position":3,"name":"Caches moyeux flottants BMW &#8211; Centre de roue Auto nivelant"}]},{"@type":"WebSite","@id":"https:\/\/macote.fr\/#website","url":"https:\/\/macote.fr\/","name":"MyQuote.com","description":"Los mejores accesorios BMW","publisher":{"@id":"https:\/\/macote.fr\/#organization"},"alternateName":"BMW tuning","potentialAction":[{"@type":"SearchAction","target":{"@type":"EntryPoint","urlTemplate":"https:\/\/macote.fr\/?s={search_term_string}"},"query-input":{"@type":"PropertyValueSpecification","valueRequired":true,"valueName":"search_term_string"}}],"inLanguage":"es"},{"@type":"Organization","@id":"https:\/\/macote.fr\/#organization","name":"Macote.es","alternateName":"BMW tuning","url":"https:\/\/macote.fr\/","logo":{"@type":"ImageObject","inLanguage":"es","@id":"https:\/\/macote.fr\/#\/schema\/logo\/image\/","url":"https:\/\/macote.fr\/wp-content\/uploads\/2023\/11\/LOGO-macote.fr-dessin-bmw-noir-copy.jpg","contentUrl":"https:\/\/macote.fr\/wp-content\/uploads\/2023\/11\/LOGO-macote.fr-dessin-bmw-noir-copy.jpg","width":732,"height":456,"caption":"Macote.fr"},"image":{"@id":"https:\/\/macote.fr\/#\/schema\/logo\/image\/"},"sameAs":["https:\/\/www.facebook.com\/profile.php?id=100091476586119","https:\/\/www.youtube.com\/channel\/UCgO-YTbaxYO-w_C5GfL-_1w","https:\/\/www.tiktok.com\/@macote.fr?is_from_webapp=1&sender_device=pc","https:\/\/www.instagram.com\/i_xila_i\/"]}]}},"_links":{"self":[{"href":"https:\/\/macote.fr\/es\/wp-json\/wp\/v2\/product\/5254","targetHints":{"allow":["GET"]}}],"collection":[{"href":"https:\/\/macote.fr\/es\/wp-json\/wp\/v2\/product"}],"about":[{"href":"https:\/\/macote.fr\/es\/wp-json\/wp\/v2\/types\/product"}],"replies":[{"embeddable":true,"href":"https:\/\/macote.fr\/es\/wp-json\/wp\/v2\/comments?post=5254"}],"wp:featuredmedia":[{"embeddable":true,"href":"https:\/\/macote.fr\/es\/wp-json\/wp\/v2\/media\/5268"}],"wp:attachment":[{"href":"https:\/\/macote.fr\/es\/wp-json\/wp\/v2\/media?parent=5254"}],"wp:term":[{"taxonomy":"product_brand","embeddable":true,"href":"https:\/\/macote.fr\/es\/wp-json\/wp\/v2\/product_brand?post=5254"},{"taxonomy":"product_cat","embeddable":true,"href":"https:\/\/macote.fr\/es\/wp-json\/wp\/v2\/product_cat?post=5254"},{"taxonomy":"product_tag","embeddable":true,"href":"https:\/\/macote.fr\/es\/wp-json\/wp\/v2\/product_tag?post=5254"}],"curies":[{"name":"wp","href":"https:\/\/api.w.org\/{rel}","templated":true}]}}