{"id":5570,"date":"2025-01-28T23:02:12","date_gmt":"2025-01-28T22:02:12","guid":{"rendered":"https:\/\/macote.fr\/?post_type=product&#038;p=5570"},"modified":"2025-07-23T16:53:24","modified_gmt":"2025-07-23T14:53:24","slug":"emblemas-bmw-de-fibra-de-carbono","status":"publish","type":"product","link":"https:\/\/macote.fr\/es\/producto\/emblemas-bmw-de-fibra-de-carbono\/","title":{"rendered":"Emblemas BMW de fibra de carbono"},"content":{"rendered":"<h1 style=\"text-align: center;\"><strong>Emblemas de fibra de carbono para BMW - Atenci\u00f3n al detalle<\/strong><\/h1>\n<p>Dale a tu BMW un toque \u00fanico con nuestros <strong>emblemas de fibra de carbono de alta gama<\/strong>Concebido para los amantes del motor que buscan calidad y detalles excepcionales. Fabricados en fibra de carbono real o fibra de carbono forjada, estos emblemas encarnan el lujo, el rendimiento y la elegancia.<\/p>\n<h3><strong>Dise\u00f1os disponibles :<\/strong><\/h3>\n<ol>\n<li><strong>Fibra de carbono forjada<\/strong> Un estilo atrevido con una textura \u00fanica y moderna.<\/li>\n<li><strong>Edici\u00f3n 50 aniversario<\/strong> Celebra la herencia de BMW con este dise\u00f1o exclusivo que combina fibra de carbono y el emblem\u00e1tico logotipo del 50 aniversario.<\/li>\n<li><strong>Logotipo OEM de fibra de carbono<\/strong> El emblema cl\u00e1sico de BMW revisitado en fibra de carbono para un aspecto sobrio y refinado.<\/li>\n<li><strong>Logotipo de fibra de carbono totalmente negro<\/strong> Un dise\u00f1o minimalista y elegante en negro para un estilo agresivo y despejado.<\/li>\n<\/ol>\n<h3><strong>Caracter\u00edsticas :<\/strong><\/h3>\n<ul>\n<li><strong>Materiales de primera calidad<\/strong> Fabricado en fibra de carbono real o fibra de carbono forjada, para un aspecto aut\u00e9ntico y deportivo.<\/li>\n<li><strong>Ajuste perfecto<\/strong> Dise\u00f1ado para adaptarse perfectamente a las dimensiones de <strong>82 mm<\/strong> para el cap\u00f3 y <strong>74 mm<\/strong> para el arranque.<\/li>\n<li><strong>Acabado de alta precisi\u00f3n<\/strong> Cada detalle est\u00e1 cuidadosamente pensado para realzar el aspecto de su BMW.<\/li>\n<li><strong>Durabilidad excepcional<\/strong> Resistentes a la intemperie, estos emblemas conservan su aspecto de primera calidad durante a\u00f1os.<\/li>\n<\/ul>\n<h3><strong>Exprese su estilo \u00fanico<\/strong><\/h3>\n<p>Destaca entre la multitud con estos dise\u00f1os exclusivos y modernos. Estos emblemas de fibra de carbono reflejan su <strong>personalidad deportiva<\/strong> y afirmar su singularidad en la carretera. Tanto si est\u00e1s parado como en movimiento, llaman la atenci\u00f3n y ponen de relieve tu pasi\u00f3n por la excelencia.<\/p>\n<h3><strong>\u00bfPor qu\u00e9 elegir nuestros emblemas de fibra de carbono?<\/strong><\/h3>\n<ul>\n<li><strong>Mejore la identidad de su BMW<\/strong> A\u00f1ada un toque de car\u00e1cter y elegancia a su veh\u00edculo con estos emblemas \u00fanicos.<\/li>\n<li><strong>F\u00e1cil de instalar<\/strong> Sustituci\u00f3n directa de los emblemas originales para una instalaci\u00f3n r\u00e1pida y sencilla.<\/li>\n<li><strong>Calidad superior<\/strong> Cada emblema est\u00e1 dise\u00f1ado con precisi\u00f3n para cumplir las normas m\u00e1s estrictas de calidad y durabilidad.<\/li>\n<\/ul>\n<p>A\u00f1ada una nueva dimensi\u00f3n a su BMW con estos <strong>Emblemas de fibra de carbono<\/strong>. Tanto si opta por un atrevido estilo forjado como por un dise\u00f1o totalmente negro, estos emblemas son la elecci\u00f3n perfecta para cualquier propietario de un BMW que busque estilo, distinci\u00f3n y rendimiento.<\/p>","protected":false},"excerpt":{"rendered":"<p>Embl\u00e8mes en Fibre de Carbone pour BMW \u2013 Attention \u00e0 tous les d\u00e9tails Offrez \u00e0 votre BMW une touche unique avec nos embl\u00e8mes haut de gamme en fibre de carbone, con\u00e7us pour les passionn\u00e9s d\u2019automobile en qu\u00eate de qualit\u00e9 et de d\u00e9tails d\u2019exception. Fabriqu\u00e9s en v\u00e9ritable fibre de carbone ou en fibre de carbone forg\u00e9e, [&hellip;]<\/p>\n","protected":false},"featured_media":5571,"comment_status":"open","ping_status":"closed","template":"","meta":{"_eb_attr":""},"product_brand":[],"product_cat":[263,262],"product_tag":[],"class_list":{"0":"post-5570","1":"product","2":"type-product","3":"status-publish","4":"has-post-thumbnail","6":"product_cat-bmw-accessoires-fibre-de-carbone","7":"product_cat-bmw-accessoires-universels","9":"first","10":"instock","11":"taxable","12":"shipping-taxable","13":"purchasable","14":"product-type-variable"},"yoast_head":"<!-- This site is optimized with the Yoast SEO Premium plugin v20.7 (Yoast SEO v27.4) - https:\/\/yoast.com\/product\/yoast-seo-premium-wordpress\/ -->\n<title>Embl\u00e8mes en Fibre de carbone BMW - MaCote.fr<\/title>\n<meta name=\"robots\" content=\"index, follow, max-snippet:-1, max-image-preview:large, max-video-preview:-1\" \/>\n<link rel=\"canonical\" href=\"https:\/\/macote.fr\/es\/producto\/emblemas-bmw-de-fibra-de-carbono\/\" \/>\n<meta property=\"og:locale\" content=\"es_ES\" \/>\n<meta property=\"og:type\" content=\"article\" \/>\n<meta property=\"og:title\" content=\"Embl\u00e8mes en Fibre de carbone BMW\" \/>\n<meta property=\"og:description\" content=\"Embl\u00e8mes en Fibre de Carbone pour BMW \u2013 Attention \u00e0 tous les d\u00e9tails Offrez \u00e0 votre BMW une touche unique avec nos embl\u00e8mes haut de gamme en fibre de carbone, con\u00e7us pour les passionn\u00e9s d\u2019automobile en qu\u00eate de qualit\u00e9 et de d\u00e9tails d\u2019exception. Fabriqu\u00e9s en v\u00e9ritable fibre de carbone ou en fibre de carbone forg\u00e9e, [&hellip;]\" \/>\n<meta property=\"og:url\" content=\"https:\/\/macote.fr\/es\/producto\/emblemas-bmw-de-fibra-de-carbono\/\" \/>\n<meta property=\"og:site_name\" content=\"MaCote.fr\" \/>\n<meta property=\"article:publisher\" content=\"https:\/\/www.facebook.com\/profile.php?id=100091476586119\" \/>\n<meta property=\"article:modified_time\" content=\"2025-07-23T14:53:24+00:00\" \/>\n<meta property=\"og:image\" content=\"https:\/\/macote.fr\/wp-content\/uploads\/2025\/01\/BMW-Carbon-Forged-Fiber-Black-Emblem-50-Year-Aniversary.jpg\" \/>\n\t<meta property=\"og:image:width\" content=\"1200\" \/>\n\t<meta property=\"og:image:height\" content=\"1200\" \/>\n\t<meta property=\"og:image:type\" content=\"image\/jpeg\" \/>\n<meta name=\"twitter:card\" content=\"summary_large_image\" \/>\n<meta name=\"twitter:label1\" content=\"Tiempo de lectura\" \/>\n\t<meta name=\"twitter:data1\" content=\"3 minutos\" \/>\n<script type=\"application\/ld+json\" class=\"yoast-schema-graph\">{\"@context\":\"https:\\\/\\\/schema.org\",\"@graph\":[{\"@type\":\"WebPage\",\"@id\":\"https:\\\/\\\/macote.fr\\\/produit\\\/emblemes-en-fibre-de-carbone-bmw\\\/\",\"url\":\"https:\\\/\\\/macote.fr\\\/produit\\\/emblemes-en-fibre-de-carbone-bmw\\\/\",\"name\":\"Embl\u00e8mes en Fibre de carbone BMW - MaCote.fr\",\"isPartOf\":{\"@id\":\"https:\\\/\\\/macote.fr\\\/#website\"},\"primaryImageOfPage\":{\"@id\":\"https:\\\/\\\/macote.fr\\\/produit\\\/emblemes-en-fibre-de-carbone-bmw\\\/#primaryimage\"},\"image\":{\"@id\":\"https:\\\/\\\/macote.fr\\\/produit\\\/emblemes-en-fibre-de-carbone-bmw\\\/#primaryimage\"},\"thumbnailUrl\":\"https:\\\/\\\/macote.fr\\\/wp-content\\\/uploads\\\/2025\\\/01\\\/BMW-Carbon-Forged-Fiber-Black-Emblem-50-Year-Aniversary.jpg\",\"datePublished\":\"2025-01-28T22:02:12+00:00\",\"dateModified\":\"2025-07-23T14:53:24+00:00\",\"breadcrumb\":{\"@id\":\"https:\\\/\\\/macote.fr\\\/produit\\\/emblemes-en-fibre-de-carbone-bmw\\\/#breadcrumb\"},\"inLanguage\":\"es\",\"potentialAction\":[{\"@type\":\"ReadAction\",\"target\":[\"https:\\\/\\\/macote.fr\\\/produit\\\/emblemes-en-fibre-de-carbone-bmw\\\/\"]}]},{\"@type\":\"ImageObject\",\"inLanguage\":\"es\",\"@id\":\"https:\\\/\\\/macote.fr\\\/produit\\\/emblemes-en-fibre-de-carbone-bmw\\\/#primaryimage\",\"url\":\"https:\\\/\\\/macote.fr\\\/wp-content\\\/uploads\\\/2025\\\/01\\\/BMW-Carbon-Forged-Fiber-Black-Emblem-50-Year-Aniversary.jpg\",\"contentUrl\":\"https:\\\/\\\/macote.fr\\\/wp-content\\\/uploads\\\/2025\\\/01\\\/BMW-Carbon-Forged-Fiber-Black-Emblem-50-Year-Aniversary.jpg\",\"width\":1200,\"height\":1200,\"caption\":\"BMW Fibre de carbone forg\u00e9e 50 ans Anniversaire\"},{\"@type\":\"BreadcrumbList\",\"@id\":\"https:\\\/\\\/macote.fr\\\/produit\\\/emblemes-en-fibre-de-carbone-bmw\\\/#breadcrumb\",\"itemListElement\":[{\"@type\":\"ListItem\",\"position\":1,\"name\":\"Accueil\",\"item\":\"https:\\\/\\\/macote.fr\\\/\"},{\"@type\":\"ListItem\",\"position\":2,\"name\":\"Boutique\",\"item\":\"https:\\\/\\\/macote.fr\\\/boutique\\\/\"},{\"@type\":\"ListItem\",\"position\":3,\"name\":\"Embl\u00e8mes en Fibre de carbone BMW\"}]},{\"@type\":\"WebSite\",\"@id\":\"https:\\\/\\\/macote.fr\\\/#website\",\"url\":\"https:\\\/\\\/macote.fr\\\/\",\"name\":\"MaCote.fr\",\"description\":\"BMW best accessories\",\"publisher\":{\"@id\":\"https:\\\/\\\/macote.fr\\\/#organization\"},\"alternateName\":\"BMW tuning\",\"potentialAction\":[{\"@type\":\"SearchAction\",\"target\":{\"@type\":\"EntryPoint\",\"urlTemplate\":\"https:\\\/\\\/macote.fr\\\/?s={search_term_string}\"},\"query-input\":{\"@type\":\"PropertyValueSpecification\",\"valueRequired\":true,\"valueName\":\"search_term_string\"}}],\"inLanguage\":\"es\"},{\"@type\":\"Organization\",\"@id\":\"https:\\\/\\\/macote.fr\\\/#organization\",\"name\":\"Macote.fr\",\"alternateName\":\"BMW tuning\",\"url\":\"https:\\\/\\\/macote.fr\\\/\",\"logo\":{\"@type\":\"ImageObject\",\"inLanguage\":\"es\",\"@id\":\"https:\\\/\\\/macote.fr\\\/#\\\/schema\\\/logo\\\/image\\\/\",\"url\":\"https:\\\/\\\/macote.fr\\\/wp-content\\\/uploads\\\/2023\\\/11\\\/LOGO-macote.fr-dessin-bmw-noir-copy.jpg\",\"contentUrl\":\"https:\\\/\\\/macote.fr\\\/wp-content\\\/uploads\\\/2023\\\/11\\\/LOGO-macote.fr-dessin-bmw-noir-copy.jpg\",\"width\":732,\"height\":456,\"caption\":\"Macote.fr\"},\"image\":{\"@id\":\"https:\\\/\\\/macote.fr\\\/#\\\/schema\\\/logo\\\/image\\\/\"},\"sameAs\":[\"https:\\\/\\\/www.facebook.com\\\/profile.php?id=100091476586119\",\"https:\\\/\\\/www.youtube.com\\\/channel\\\/UCgO-YTbaxYO-w_C5GfL-_1w\",\"https:\\\/\\\/www.tiktok.com\\\/@macote.fr?is_from_webapp=1&sender_device=pc\",\"https:\\\/\\\/www.instagram.com\\\/i_xila_i\\\/\"]}]}<\/script>\n<!-- \/ Yoast SEO Premium plugin. -->","yoast_head_json":{"title":"Emblemas BMW de fibra de carbono - MaCote.fr","robots":{"index":"index","follow":"follow","max-snippet":"max-snippet:-1","max-image-preview":"max-image-preview:large","max-video-preview":"max-video-preview:-1"},"canonical":"https:\/\/macote.fr\/es\/producto\/emblemas-bmw-de-fibra-de-carbono\/","og_locale":"es_ES","og_type":"article","og_title":"Embl\u00e8mes en Fibre de carbone BMW","og_description":"Embl\u00e8mes en Fibre de Carbone pour BMW \u2013 Attention \u00e0 tous les d\u00e9tails Offrez \u00e0 votre BMW une touche unique avec nos embl\u00e8mes haut de gamme en fibre de carbone, con\u00e7us pour les passionn\u00e9s d\u2019automobile en qu\u00eate de qualit\u00e9 et de d\u00e9tails d\u2019exception. Fabriqu\u00e9s en v\u00e9ritable fibre de carbone ou en fibre de carbone forg\u00e9e, [&hellip;]","og_url":"https:\/\/macote.fr\/es\/producto\/emblemas-bmw-de-fibra-de-carbono\/","og_site_name":"MaCote.fr","article_publisher":"https:\/\/www.facebook.com\/profile.php?id=100091476586119","article_modified_time":"2025-07-23T14:53:24+00:00","og_image":[{"width":1200,"height":1200,"url":"https:\/\/macote.fr\/wp-content\/uploads\/2025\/01\/BMW-Carbon-Forged-Fiber-Black-Emblem-50-Year-Aniversary.jpg","type":"image\/jpeg"}],"twitter_card":"summary_large_image","twitter_misc":{"Tiempo de lectura":"3 minutos"},"schema":{"@context":"https:\/\/schema.org","@graph":[{"@type":"WebPage","@id":"https:\/\/macote.fr\/produit\/emblemes-en-fibre-de-carbone-bmw\/","url":"https:\/\/macote.fr\/produit\/emblemes-en-fibre-de-carbone-bmw\/","name":"Emblemas BMW de fibra de carbono - MaCote.fr","isPartOf":{"@id":"https:\/\/macote.fr\/#website"},"primaryImageOfPage":{"@id":"https:\/\/macote.fr\/produit\/emblemes-en-fibre-de-carbone-bmw\/#primaryimage"},"image":{"@id":"https:\/\/macote.fr\/produit\/emblemes-en-fibre-de-carbone-bmw\/#primaryimage"},"thumbnailUrl":"https:\/\/macote.fr\/wp-content\/uploads\/2025\/01\/BMW-Carbon-Forged-Fiber-Black-Emblem-50-Year-Aniversary.jpg","datePublished":"2025-01-28T22:02:12+00:00","dateModified":"2025-07-23T14:53:24+00:00","breadcrumb":{"@id":"https:\/\/macote.fr\/produit\/emblemes-en-fibre-de-carbone-bmw\/#breadcrumb"},"inLanguage":"es","potentialAction":[{"@type":"ReadAction","target":["https:\/\/macote.fr\/produit\/emblemes-en-fibre-de-carbone-bmw\/"]}]},{"@type":"ImageObject","inLanguage":"es","@id":"https:\/\/macote.fr\/produit\/emblemes-en-fibre-de-carbone-bmw\/#primaryimage","url":"https:\/\/macote.fr\/wp-content\/uploads\/2025\/01\/BMW-Carbon-Forged-Fiber-Black-Emblem-50-Year-Aniversary.jpg","contentUrl":"https:\/\/macote.fr\/wp-content\/uploads\/2025\/01\/BMW-Carbon-Forged-Fiber-Black-Emblem-50-Year-Aniversary.jpg","width":1200,"height":1200,"caption":"BMW Fibre de carbone forg\u00e9e 50 ans Anniversaire"},{"@type":"BreadcrumbList","@id":"https:\/\/macote.fr\/produit\/emblemes-en-fibre-de-carbone-bmw\/#breadcrumb","itemListElement":[{"@type":"ListItem","position":1,"name":"Accueil","item":"https:\/\/macote.fr\/"},{"@type":"ListItem","position":2,"name":"Boutique","item":"https:\/\/macote.fr\/boutique\/"},{"@type":"ListItem","position":3,"name":"Embl\u00e8mes en Fibre de carbone BMW"}]},{"@type":"WebSite","@id":"https:\/\/macote.fr\/#website","url":"https:\/\/macote.fr\/","name":"MyQuote.com","description":"Los mejores accesorios BMW","publisher":{"@id":"https:\/\/macote.fr\/#organization"},"alternateName":"BMW tuning","potentialAction":[{"@type":"SearchAction","target":{"@type":"EntryPoint","urlTemplate":"https:\/\/macote.fr\/?s={search_term_string}"},"query-input":{"@type":"PropertyValueSpecification","valueRequired":true,"valueName":"search_term_string"}}],"inLanguage":"es"},{"@type":"Organization","@id":"https:\/\/macote.fr\/#organization","name":"Macote.es","alternateName":"BMW tuning","url":"https:\/\/macote.fr\/","logo":{"@type":"ImageObject","inLanguage":"es","@id":"https:\/\/macote.fr\/#\/schema\/logo\/image\/","url":"https:\/\/macote.fr\/wp-content\/uploads\/2023\/11\/LOGO-macote.fr-dessin-bmw-noir-copy.jpg","contentUrl":"https:\/\/macote.fr\/wp-content\/uploads\/2023\/11\/LOGO-macote.fr-dessin-bmw-noir-copy.jpg","width":732,"height":456,"caption":"Macote.fr"},"image":{"@id":"https:\/\/macote.fr\/#\/schema\/logo\/image\/"},"sameAs":["https:\/\/www.facebook.com\/profile.php?id=100091476586119","https:\/\/www.youtube.com\/channel\/UCgO-YTbaxYO-w_C5GfL-_1w","https:\/\/www.tiktok.com\/@macote.fr?is_from_webapp=1&sender_device=pc","https:\/\/www.instagram.com\/i_xila_i\/"]}]}},"_links":{"self":[{"href":"https:\/\/macote.fr\/es\/wp-json\/wp\/v2\/product\/5570","targetHints":{"allow":["GET"]}}],"collection":[{"href":"https:\/\/macote.fr\/es\/wp-json\/wp\/v2\/product"}],"about":[{"href":"https:\/\/macote.fr\/es\/wp-json\/wp\/v2\/types\/product"}],"replies":[{"embeddable":true,"href":"https:\/\/macote.fr\/es\/wp-json\/wp\/v2\/comments?post=5570"}],"wp:featuredmedia":[{"embeddable":true,"href":"https:\/\/macote.fr\/es\/wp-json\/wp\/v2\/media\/5571"}],"wp:attachment":[{"href":"https:\/\/macote.fr\/es\/wp-json\/wp\/v2\/media?parent=5570"}],"wp:term":[{"taxonomy":"product_brand","embeddable":true,"href":"https:\/\/macote.fr\/es\/wp-json\/wp\/v2\/product_brand?post=5570"},{"taxonomy":"product_cat","embeddable":true,"href":"https:\/\/macote.fr\/es\/wp-json\/wp\/v2\/product_cat?post=5570"},{"taxonomy":"product_tag","embeddable":true,"href":"https:\/\/macote.fr\/es\/wp-json\/wp\/v2\/product_tag?post=5570"}],"curies":[{"name":"wp","href":"https:\/\/api.w.org\/{rel}","templated":true}]}}