{"id":5628,"date":"2025-02-19T23:44:46","date_gmt":"2025-02-19T22:44:46","guid":{"rendered":"https:\/\/macote.fr\/?post_type=product&#038;p=5628"},"modified":"2025-02-19T23:46:38","modified_gmt":"2025-02-19T22:46:38","slug":"kit-de-desactivacion-start-stop-automatico-para-boton-start-stop-bmw-en-salpicadero","status":"publish","type":"product","link":"https:\/\/macote.fr\/es\/producto\/kit-de-desactivacion-start-stop-automatico-para-boton-start-stop-bmw-en-salpicadero\/","title":{"rendered":"Kit de desactivaci\u00f3n autom\u00e1tica Start\/Stop para BMW - Bot\u00f3n Start\/Stop en el salpicadero"},"content":{"rendered":"<h1 data-start=\"42\" data-end=\"146\"><strong data-start=\"42\" data-end=\"144\">Kit de desactivaci\u00f3n autom\u00e1tica Start\/Stop para BMW - Bot\u00f3n Start\/Stop en el salpicadero<\/strong><\/h1>\n<p data-start=\"148\" data-end=\"499\">Mejora tu experiencia de conducci\u00f3n desactivando permanentemente la funci\u00f3n autom\u00e1tica de arranque y parada con nuestro kit plug-and-play. Dise\u00f1ado para modelos BMW equipados con este sistema, nuestro dispositivo no solo ofrece una conducci\u00f3n m\u00e1s suave y sin interrupciones, sino que tambi\u00e9n ayuda a mejorar la durabilidad a largo plazo de tu veh\u00edculo.<\/p>\n<p data-start=\"501\" data-end=\"638\"><strong data-start=\"501\" data-end=\"511\">Nota:<\/strong> Al comprar este producto, indique el modelo, el chasis y el a\u00f1o de su coche en el formulario de pedido.<\/p>\n<h3 data-start=\"640\" data-end=\"666\"><strong data-start=\"644\" data-end=\"664\">Principales ventajas :<\/strong><\/h3>\n<h4 data-start=\"668\" data-end=\"711\"><strong data-start=\"673\" data-end=\"709\">Mayor durabilidad del motor :<\/strong><\/h4>\n<p data-start=\"712\" data-end=\"1301\">Parar y volver a arrancar el motor con frecuencia provoca el desgaste gradual de componentes esenciales como el motor de arranque, la cadena de distribuci\u00f3n y las superficies de fricci\u00f3n. En muchas situaciones reales de conducci\u00f3n -especialmente en tr\u00e1fico denso- la energ\u00eda necesaria para cada rearranque puede incluso superar el modesto ahorro que se consigue apagando el motor, lo que provoca un aumento del consumo de combustible y un desgaste prematuro. Al desactivar el sistema autom\u00e1tico de arranque y parada, puede reducir estos ciclos r\u00e1pidos y prolongar la vida \u00fatil de los componentes del motor.<\/p>\n<h4 data-start=\"1303\" data-end=\"1351\"><strong data-start=\"1308\" data-end=\"1349\">Consumo de combustible optimizado :<\/strong><\/h4>\n<p data-start=\"1352\" data-end=\"1852\">Aunque los sistemas start-stop est\u00e1n dise\u00f1ados para reducir el consumo de combustible, los estudios y las opiniones demuestran que las paradas cortas demasiado frecuentes a veces pueden provocar un aumento general del consumo, debido a la energ\u00eda necesaria para los sucesivos rearranques. Al mantener el motor en funcionamiento continuo, su BMW garantiza un rendimiento m\u00e1s constante, evitando las ineficiencias temporales asociadas a los frecuentes reinicios.<\/p>\n<h4 data-start=\"1854\" data-end=\"1899\"><strong data-start=\"1859\" data-end=\"1897\">Experiencia de conducci\u00f3n mejorada :<\/strong><\/h4>\n<p data-start=\"1900\" data-end=\"2202\">Disfrute de una transmisi\u00f3n de potencia suave sin las sacudidas o interrupciones causadas por parar y volver a arrancar el motor. Tanto si est\u00e1s atrapado en un atasco denso como si simplemente prefieres el ronroneo constante del motor, nuestro kit garantiza una conducci\u00f3n m\u00e1s \u00e1gil y agradable.<\/p>\n<h4 data-start=\"2204\" data-end=\"2285\"><strong data-start=\"2209\" data-end=\"2283\">Instalaci\u00f3n sencilla: no es necesario desmontar el salpicadero:<\/strong><\/h4>\n<p data-start=\"2286\" data-end=\"2648\">Nuestro innovador kit est\u00e1 dise\u00f1ado para que sea f\u00e1cil de instalar. Basta con retirar el bot\u00f3n de arranque-parada existente, conectar el desactivador y volver a montar el panel. No se requieren complejas modificaciones en el cableado ni herramientas especiales. Adem\u00e1s, la instalaci\u00f3n es totalmente reversible si desea restablecer los ajustes de f\u00e1brica.<\/p>\n<h4 data-start=\"2650\" data-end=\"2713\"><strong data-start=\"2655\" data-end=\"2711\">Integridad y compatibilidad con el Cuadro de Mandos :<\/strong><\/h4>\n<p data-start=\"2714\" data-end=\"3011\">El kit ha sido cuidadosamente dise\u00f1ado para integrarse con los sistemas de a bordo de su BMW sin activar mensajes de error o c\u00f3digos de aver\u00eda en el salpicadero. Es compatible con una amplia gama de modelos BMW, garantizando un rendimiento fiable en diferentes configuraciones.<\/p>\n<h3 data-start=\"3013\" data-end=\"3051\"><strong data-start=\"3017\" data-end=\"3049\">\u00bfPor qu\u00e9 elegir nuestro kit?<\/strong><\/h3>\n<p data-start=\"3052\" data-end=\"3625\">Los sistemas autom\u00e1ticos de arranque y parada se promocionan a menudo por su potencial de ahorro de combustible, pero en la pr\u00e1ctica sus beneficios son a veces limitados o incluso contraproducentes. Los frecuentes rearranques del motor no s\u00f3lo pueden suponer un esfuerzo adicional para determinados componentes mec\u00e1nicos, sino que tambi\u00e9n aumentan ligeramente el consumo de combustible cuando las paradas son demasiado breves. Nuestro kit de desactivaci\u00f3n le permite recuperar el control, ofreciendo una soluci\u00f3n sostenible y sin complicaciones que mejora el rendimiento al tiempo que reduce el desgaste innecesario.<\/p>\n<p data-start=\"3627\" data-end=\"3774\"><strong data-start=\"3627\" data-end=\"3772\">Opte por nuestro kit de desactivaci\u00f3n autom\u00e1tica Start-Stop y disfrute de una conducci\u00f3n m\u00e1s suave y duradera con su BMW.<\/strong><\/p>\n<hr data-start=\"3776\" data-end=\"3779\" \/>\n<h3 data-start=\"3781\" data-end=\"3805\"><strong data-start=\"3785\" data-end=\"3803\">Instalaci\u00f3n:<\/strong><\/h3>\n<ol data-start=\"3806\" data-end=\"3987\">\n<li data-start=\"3806\" data-end=\"3878\">Retire el embellecedor del salpicadero con la herramienta suministrada.<\/li>\n<li data-start=\"3879\" data-end=\"3958\">Conecte el cable al bot\u00f3n de arranque\/parada y al cable original del veh\u00edculo.<\/li>\n<li data-start=\"3959\" data-end=\"3987\">Vuelve a colocar todo en su sitio.<\/li>\n<\/ol>\n<p><img fetchpriority=\"high\" decoding=\"async\" class=\"alignnone size-medium wp-image-5432\" src=\"https:\/\/macote.eu\/wp-content\/uploads\/2025\/02\/S8136bec4c1dc4b80a206be3f410c18a8N.png-300x300.avif\" alt=\"\" width=\"300\" height=\"300\" \/><img decoding=\"async\" class=\"alignnone size-medium wp-image-5436\" src=\"https:\/\/macote.eu\/wp-content\/uploads\/2025\/02\/Sc90eeab1dadb4adc9a795e6c0d3eb4731.jpg-300x182.avif\" alt=\"\" width=\"300\" height=\"182\" \/><img decoding=\"async\" class=\"alignnone size-medium wp-image-5433\" src=\"https:\/\/macote.eu\/wp-content\/uploads\/2025\/02\/Sa3a2901f264f45388ace3a580d9e6df3a.jpg-300x186.avif\" alt=\"\" width=\"300\" height=\"186\" \/><img loading=\"lazy\" decoding=\"async\" class=\"alignnone size-medium wp-image-5429\" src=\"https:\/\/macote.eu\/wp-content\/uploads\/2025\/02\/S776b2b77552c40c09354aba630cc07e1o.jpg-300x153.avif\" alt=\"\" width=\"300\" height=\"153\" \/><img loading=\"lazy\" decoding=\"async\" class=\"alignnone size-medium wp-image-5428\" src=\"https:\/\/macote.eu\/wp-content\/uploads\/2025\/02\/S707ee87dedbc47ff99e51d9c0b3f342bR.jpg-300x189.avif\" alt=\"\" width=\"300\" height=\"189\" \/> <img loading=\"lazy\" decoding=\"async\" class=\"alignnone size-medium wp-image-5427\" src=\"https:\/\/macote.eu\/wp-content\/uploads\/2025\/02\/S87af84842ac540878b5202a7b70f29eeR.jpg-300x300.avif\" alt=\"\" width=\"300\" height=\"300\" \/><img loading=\"lazy\" decoding=\"async\" class=\"alignnone size-medium wp-image-5435\" src=\"https:\/\/macote.eu\/wp-content\/uploads\/2025\/02\/Sa8d1b28d97424f83b3574c2e7aad4588N.jpg-300x300.avif\" alt=\"\" width=\"300\" height=\"300\" \/><\/p>\n<hr data-start=\"3989\" data-end=\"3992\" \/>\n<h3 data-start=\"3994\" data-end=\"4076\"><strong data-start=\"3998\" data-end=\"4074\">Compatibilidad con veh\u00edculos (bot\u00f3n Start\/Stop en el salpicadero) :<\/strong><\/h3>\n<ul data-start=\"4078\" data-end=\"4698\">\n<li data-start=\"4078\" data-end=\"4120\"><strong data-start=\"4080\" data-end=\"4095\">BMW Serie 1<\/strong> F20, F21 (2012-2019)<\/li>\n<li data-start=\"4121\" data-end=\"4151\"><strong data-start=\"4123\" data-end=\"4138\">BMW Serie 2<\/strong> : F22, F23<\/li>\n<li data-start=\"4152\" data-end=\"4172\"><strong data-start=\"4154\" data-end=\"4164\">BMW M2<\/strong> : F87<\/li>\n<li data-start=\"4173\" data-end=\"4203\"><strong data-start=\"4175\" data-end=\"4190\">BMW Serie 3<\/strong> : F30, F31<\/li>\n<li data-start=\"4204\" data-end=\"4239\"><strong data-start=\"4206\" data-end=\"4221\">BMW Serie 4<\/strong> : F32, F33, F36<\/li>\n<li data-start=\"4240\" data-end=\"4273\"><strong data-start=\"4242\" data-end=\"4255\">BMW M3\/M4<\/strong> : F80, F82, F83<\/li>\n<li data-start=\"4274\" data-end=\"4309\"><strong data-start=\"4276\" data-end=\"4291\">BMW Serie 5<\/strong> : F10, F11, F07<\/li>\n<li data-start=\"4310\" data-end=\"4330\"><strong data-start=\"4312\" data-end=\"4322\">BMW M5<\/strong> : F10<\/li>\n<li data-start=\"4331\" data-end=\"4366\"><strong data-start=\"4333\" data-end=\"4348\">BMW Serie 5<\/strong> : G30, G31, G38<\/li>\n<li data-start=\"4367\" data-end=\"4387\"><strong data-start=\"4369\" data-end=\"4379\">BMW M5<\/strong> : F90<\/li>\n<li data-start=\"4388\" data-end=\"4418\"><strong data-start=\"4390\" data-end=\"4405\">BMW Serie 6<\/strong> : F12, F13<\/li>\n<li data-start=\"4419\" data-end=\"4444\"><strong data-start=\"4421\" data-end=\"4436\">BMW Serie 6<\/strong> : G32<\/li>\n<li data-start=\"4445\" data-end=\"4475\"><strong data-start=\"4447\" data-end=\"4462\">BMW Serie 7<\/strong> : F01, F02<\/li>\n<li data-start=\"4476\" data-end=\"4506\"><strong data-start=\"4478\" data-end=\"4493\">BMW Serie 7<\/strong> G11, G12<\/li>\n<li data-start=\"4507\" data-end=\"4527\"><strong data-start=\"4509\" data-end=\"4519\">BMW X1<\/strong> : F48<\/li>\n<li data-start=\"4528\" data-end=\"4548\"><strong data-start=\"4530\" data-end=\"4540\">BMW X2<\/strong> : F39<\/li>\n<li data-start=\"4549\" data-end=\"4569\"><strong data-start=\"4551\" data-end=\"4561\">BMW X3<\/strong> : F25<\/li>\n<li data-start=\"4570\" data-end=\"4602\"><strong data-start=\"4572\" data-end=\"4582\">BMW X3<\/strong> : G01 (2017-2021)<\/li>\n<li data-start=\"4603\" data-end=\"4623\"><strong data-start=\"4605\" data-end=\"4615\">BMW X4<\/strong> : F26<\/li>\n<li data-start=\"4624\" data-end=\"4656\"><strong data-start=\"4626\" data-end=\"4636\">BMW X4<\/strong> : G02 (2017-2021)<\/li>\n<li data-start=\"4657\" data-end=\"4677\"><strong data-start=\"4659\" data-end=\"4669\">BMW X5<\/strong> : F15<\/li>\n<li data-start=\"4678\" data-end=\"4698\"><strong data-start=\"4680\" data-end=\"4690\">BMW X6<\/strong> : F16<\/li>\n<\/ul>","protected":false},"excerpt":{"rendered":"<p>Kit de D\u00e9sactivation du Start\/Stop Automatique pour BMW &#8211; Bouton Start\/Stop sur le Tableau de Bord Am\u00e9liorez votre exp\u00e9rience de conduite en d\u00e9sactivant d\u00e9finitivement la fonction start-stop automatique gr\u00e2ce \u00e0 notre kit plug-and-play. Con\u00e7u pour les mod\u00e8les BMW \u00e9quip\u00e9s de ce syst\u00e8me, notre dispositif offre non seulement une conduite plus fluide et ininterrompue, mais contribue [&hellip;]<\/p>\n","protected":false},"featured_media":5630,"comment_status":"open","ping_status":"closed","template":"","meta":{"_eb_attr":""},"product_brand":[],"product_cat":[266,130,139,140,131,142,246,143,132,149,150,133,151,152,134,158,159,135,163,164,136,169,170,137,173,200,206,207,201,212,213,202,214,215,203,220,221,204,224,205,225,174,182,175,184,176,187,188,177,189,190,178,193,195,179,197,198,180,199],"product_tag":[],"class_list":{"0":"post-5628","1":"product","2":"type-product","3":"status-publish","4":"has-post-thumbnail","6":"product_cat-bmw-electronique-technologie","7":"product_cat-bmw-serie-1","8":"product_cat-bmw-serie-1-f20","9":"product_cat-bmw-serie-1-f40","10":"product_cat-bmw-serie-2","11":"product_cat-bmw-serie-2-f22-f23","12":"product_cat-bmw-serie-2-f44-grand-coupe","13":"product_cat-bmw-serie-2-g42","14":"product_cat-bmw-serie-3","15":"product_cat-bmw-serie-3-f30-f31-f34-f35","16":"product_cat-bmw-serie-3-g20-g21-g28","17":"product_cat-bmw-serie-4","18":"product_cat-bmw-serie-4-f32-f33-f36","19":"product_cat-bmw-serie-4-g22-g23-g36","20":"product_cat-bmw-serie-5","21":"product_cat-bmw-serie-5-f10-f11-f07-f18","22":"product_cat-bmw-serie-5-g30-g31-g38","23":"product_cat-bmw-serie-6","24":"product_cat-bmw-serie-6-f06-f12-f13","25":"product_cat-bmw-serie-6-g32","26":"product_cat-bmw-serie-7","27":"product_cat-bmw-serie-7-f01-f02","28":"product_cat-bmw-serie-7-g11-g12","29":"product_cat-bmw-serie-8","30":"product_cat-bmw-serie-8-g14-g15-g16","31":"product_cat-m2","32":"product_cat-m2-f87","33":"product_cat-m2-g87","34":"product_cat-m3","35":"product_cat-m3-f80","36":"product_cat-m3-g80-g81","37":"product_cat-m4","38":"product_cat-m4-f82-f83","39":"product_cat-m4-g82-g83","40":"product_cat-m5","41":"product_cat-m5-f10","42":"product_cat-m5-f90","43":"product_cat-m6","44":"product_cat-m6-f06-f12-f13","45":"product_cat-m8","46":"product_cat-m8-f91-f92-f93","47":"product_cat-x1","48":"product_cat-x1-f48","49":"product_cat-x2","50":"product_cat-x2-f39","51":"product_cat-x3","52":"product_cat-x3-f25","53":"product_cat-x3-g01","54":"product_cat-x4","55":"product_cat-x4-f26","56":"product_cat-x4m-f98-x4-g02","57":"product_cat-x5","58":"product_cat-x5-f15","59":"product_cat-x5m-f95-x5-g05-g18","60":"product_cat-x6","61":"product_cat-x6-f16","62":"product_cat-x6m-f96-x6-g06","63":"product_cat-x7","64":"product_cat-x7-g07","66":"first","67":"instock","68":"taxable","69":"shipping-taxable","70":"purchasable","71":"product-type-variable"},"yoast_head":"<!-- This site is optimized with the Yoast SEO Premium plugin v20.7 (Yoast SEO v27.4) - https:\/\/yoast.com\/product\/yoast-seo-premium-wordpress\/ -->\n<title>Kit de D\u00e9sactivation du Start\/Stop Automatique pour BMW - Bouton Start\/Stop sur le Tableau de Bord - MaCote.fr<\/title>\n<meta name=\"robots\" content=\"index, follow, max-snippet:-1, max-image-preview:large, max-video-preview:-1\" \/>\n<link rel=\"canonical\" href=\"https:\/\/macote.fr\/es\/producto\/kit-de-desactivacion-start-stop-automatico-para-boton-start-stop-bmw-en-salpicadero\/\" \/>\n<meta property=\"og:locale\" content=\"es_ES\" \/>\n<meta property=\"og:type\" content=\"article\" \/>\n<meta property=\"og:title\" content=\"Kit de D\u00e9sactivation du Start\/Stop Automatique pour BMW - Bouton Start\/Stop sur le Tableau de Bord\" \/>\n<meta property=\"og:description\" content=\"Kit de D\u00e9sactivation du Start\/Stop Automatique pour BMW &#8211; Bouton Start\/Stop sur le Tableau de Bord Am\u00e9liorez votre exp\u00e9rience de conduite en d\u00e9sactivant d\u00e9finitivement la fonction start-stop automatique gr\u00e2ce \u00e0 notre kit plug-and-play. Con\u00e7u pour les mod\u00e8les BMW \u00e9quip\u00e9s de ce syst\u00e8me, notre dispositif offre non seulement une conduite plus fluide et ininterrompue, mais contribue [&hellip;]\" \/>\n<meta property=\"og:url\" content=\"https:\/\/macote.fr\/es\/producto\/kit-de-desactivacion-start-stop-automatico-para-boton-start-stop-bmw-en-salpicadero\/\" \/>\n<meta property=\"og:site_name\" content=\"MaCote.fr\" \/>\n<meta property=\"article:publisher\" content=\"https:\/\/www.facebook.com\/profile.php?id=100091476586119\" \/>\n<meta property=\"article:modified_time\" content=\"2025-02-19T22:46:38+00:00\" \/>\n<meta property=\"og:image\" content=\"https:\/\/macote.fr\/wp-content\/uploads\/2025\/02\/sddefault.jpg\" \/>\n\t<meta property=\"og:image:width\" content=\"640\" \/>\n\t<meta property=\"og:image:height\" content=\"480\" \/>\n\t<meta property=\"og:image:type\" content=\"image\/jpeg\" \/>\n<meta name=\"twitter:card\" content=\"summary_large_image\" \/>\n<meta name=\"twitter:label1\" content=\"Tiempo de lectura\" \/>\n\t<meta name=\"twitter:data1\" content=\"5 minutos\" \/>\n<script type=\"application\/ld+json\" class=\"yoast-schema-graph\">{\"@context\":\"https:\\\/\\\/schema.org\",\"@graph\":[{\"@type\":\"WebPage\",\"@id\":\"https:\\\/\\\/macote.fr\\\/produit\\\/kit-de-desactivation-du-start-stop-automatique-pour-bmw-bouton-start-stop-sur-le-tableau-de-bord\\\/\",\"url\":\"https:\\\/\\\/macote.fr\\\/produit\\\/kit-de-desactivation-du-start-stop-automatique-pour-bmw-bouton-start-stop-sur-le-tableau-de-bord\\\/\",\"name\":\"Kit de D\u00e9sactivation du Start\\\/Stop Automatique pour BMW - Bouton Start\\\/Stop sur le Tableau de Bord - MaCote.fr\",\"isPartOf\":{\"@id\":\"https:\\\/\\\/macote.fr\\\/#website\"},\"primaryImageOfPage\":{\"@id\":\"https:\\\/\\\/macote.fr\\\/produit\\\/kit-de-desactivation-du-start-stop-automatique-pour-bmw-bouton-start-stop-sur-le-tableau-de-bord\\\/#primaryimage\"},\"image\":{\"@id\":\"https:\\\/\\\/macote.fr\\\/produit\\\/kit-de-desactivation-du-start-stop-automatique-pour-bmw-bouton-start-stop-sur-le-tableau-de-bord\\\/#primaryimage\"},\"thumbnailUrl\":\"https:\\\/\\\/macote.fr\\\/wp-content\\\/uploads\\\/2025\\\/02\\\/sddefault.jpg\",\"datePublished\":\"2025-02-19T22:44:46+00:00\",\"dateModified\":\"2025-02-19T22:46:38+00:00\",\"breadcrumb\":{\"@id\":\"https:\\\/\\\/macote.fr\\\/produit\\\/kit-de-desactivation-du-start-stop-automatique-pour-bmw-bouton-start-stop-sur-le-tableau-de-bord\\\/#breadcrumb\"},\"inLanguage\":\"es\",\"potentialAction\":[{\"@type\":\"ReadAction\",\"target\":[\"https:\\\/\\\/macote.fr\\\/produit\\\/kit-de-desactivation-du-start-stop-automatique-pour-bmw-bouton-start-stop-sur-le-tableau-de-bord\\\/\"]}]},{\"@type\":\"ImageObject\",\"inLanguage\":\"es\",\"@id\":\"https:\\\/\\\/macote.fr\\\/produit\\\/kit-de-desactivation-du-start-stop-automatique-pour-bmw-bouton-start-stop-sur-le-tableau-de-bord\\\/#primaryimage\",\"url\":\"https:\\\/\\\/macote.fr\\\/wp-content\\\/uploads\\\/2025\\\/02\\\/sddefault.jpg\",\"contentUrl\":\"https:\\\/\\\/macote.fr\\\/wp-content\\\/uploads\\\/2025\\\/02\\\/sddefault.jpg\",\"width\":640,\"height\":480,\"caption\":\"Kit de D\u00e9sactivation du Start\\\/Stop Automatique pour BMW\"},{\"@type\":\"BreadcrumbList\",\"@id\":\"https:\\\/\\\/macote.fr\\\/produit\\\/kit-de-desactivation-du-start-stop-automatique-pour-bmw-bouton-start-stop-sur-le-tableau-de-bord\\\/#breadcrumb\",\"itemListElement\":[{\"@type\":\"ListItem\",\"position\":1,\"name\":\"Accueil\",\"item\":\"https:\\\/\\\/macote.fr\\\/\"},{\"@type\":\"ListItem\",\"position\":2,\"name\":\"Boutique\",\"item\":\"https:\\\/\\\/macote.fr\\\/boutique\\\/\"},{\"@type\":\"ListItem\",\"position\":3,\"name\":\"Kit de D\u00e9sactivation du Start\\\/Stop Automatique pour BMW &#8211; Bouton Start\\\/Stop sur le Tableau de Bord\"}]},{\"@type\":\"WebSite\",\"@id\":\"https:\\\/\\\/macote.fr\\\/#website\",\"url\":\"https:\\\/\\\/macote.fr\\\/\",\"name\":\"MaCote.fr\",\"description\":\"BMW best accessories\",\"publisher\":{\"@id\":\"https:\\\/\\\/macote.fr\\\/#organization\"},\"alternateName\":\"BMW tuning\",\"potentialAction\":[{\"@type\":\"SearchAction\",\"target\":{\"@type\":\"EntryPoint\",\"urlTemplate\":\"https:\\\/\\\/macote.fr\\\/?s={search_term_string}\"},\"query-input\":{\"@type\":\"PropertyValueSpecification\",\"valueRequired\":true,\"valueName\":\"search_term_string\"}}],\"inLanguage\":\"es\"},{\"@type\":\"Organization\",\"@id\":\"https:\\\/\\\/macote.fr\\\/#organization\",\"name\":\"Macote.fr\",\"alternateName\":\"BMW tuning\",\"url\":\"https:\\\/\\\/macote.fr\\\/\",\"logo\":{\"@type\":\"ImageObject\",\"inLanguage\":\"es\",\"@id\":\"https:\\\/\\\/macote.fr\\\/#\\\/schema\\\/logo\\\/image\\\/\",\"url\":\"https:\\\/\\\/macote.fr\\\/wp-content\\\/uploads\\\/2023\\\/11\\\/LOGO-macote.fr-dessin-bmw-noir-copy.jpg\",\"contentUrl\":\"https:\\\/\\\/macote.fr\\\/wp-content\\\/uploads\\\/2023\\\/11\\\/LOGO-macote.fr-dessin-bmw-noir-copy.jpg\",\"width\":732,\"height\":456,\"caption\":\"Macote.fr\"},\"image\":{\"@id\":\"https:\\\/\\\/macote.fr\\\/#\\\/schema\\\/logo\\\/image\\\/\"},\"sameAs\":[\"https:\\\/\\\/www.facebook.com\\\/profile.php?id=100091476586119\",\"https:\\\/\\\/www.youtube.com\\\/channel\\\/UCgO-YTbaxYO-w_C5GfL-_1w\",\"https:\\\/\\\/www.tiktok.com\\\/@macote.fr?is_from_webapp=1&sender_device=pc\",\"https:\\\/\\\/www.instagram.com\\\/i_xila_i\\\/\"]}]}<\/script>\n<!-- \/ Yoast SEO Premium plugin. -->","yoast_head_json":{"title":"Kit de desactivaci\u00f3n autom\u00e1tica Start\/Stop para BMW - Bot\u00f3n Start\/Stop en el salpicadero - MaCote.fr","robots":{"index":"index","follow":"follow","max-snippet":"max-snippet:-1","max-image-preview":"max-image-preview:large","max-video-preview":"max-video-preview:-1"},"canonical":"https:\/\/macote.fr\/es\/producto\/kit-de-desactivacion-start-stop-automatico-para-boton-start-stop-bmw-en-salpicadero\/","og_locale":"es_ES","og_type":"article","og_title":"Kit de D\u00e9sactivation du Start\/Stop Automatique pour BMW - Bouton Start\/Stop sur le Tableau de Bord","og_description":"Kit de D\u00e9sactivation du Start\/Stop Automatique pour BMW &#8211; Bouton Start\/Stop sur le Tableau de Bord Am\u00e9liorez votre exp\u00e9rience de conduite en d\u00e9sactivant d\u00e9finitivement la fonction start-stop automatique gr\u00e2ce \u00e0 notre kit plug-and-play. Con\u00e7u pour les mod\u00e8les BMW \u00e9quip\u00e9s de ce syst\u00e8me, notre dispositif offre non seulement une conduite plus fluide et ininterrompue, mais contribue [&hellip;]","og_url":"https:\/\/macote.fr\/es\/producto\/kit-de-desactivacion-start-stop-automatico-para-boton-start-stop-bmw-en-salpicadero\/","og_site_name":"MaCote.fr","article_publisher":"https:\/\/www.facebook.com\/profile.php?id=100091476586119","article_modified_time":"2025-02-19T22:46:38+00:00","og_image":[{"width":640,"height":480,"url":"https:\/\/macote.fr\/wp-content\/uploads\/2025\/02\/sddefault.jpg","type":"image\/jpeg"}],"twitter_card":"summary_large_image","twitter_misc":{"Tiempo de lectura":"5 minutos"},"schema":{"@context":"https:\/\/schema.org","@graph":[{"@type":"WebPage","@id":"https:\/\/macote.fr\/produit\/kit-de-desactivation-du-start-stop-automatique-pour-bmw-bouton-start-stop-sur-le-tableau-de-bord\/","url":"https:\/\/macote.fr\/produit\/kit-de-desactivation-du-start-stop-automatique-pour-bmw-bouton-start-stop-sur-le-tableau-de-bord\/","name":"Kit de desactivaci\u00f3n autom\u00e1tica Start\/Stop para BMW - Bot\u00f3n Start\/Stop en el salpicadero - MaCote.fr","isPartOf":{"@id":"https:\/\/macote.fr\/#website"},"primaryImageOfPage":{"@id":"https:\/\/macote.fr\/produit\/kit-de-desactivation-du-start-stop-automatique-pour-bmw-bouton-start-stop-sur-le-tableau-de-bord\/#primaryimage"},"image":{"@id":"https:\/\/macote.fr\/produit\/kit-de-desactivation-du-start-stop-automatique-pour-bmw-bouton-start-stop-sur-le-tableau-de-bord\/#primaryimage"},"thumbnailUrl":"https:\/\/macote.fr\/wp-content\/uploads\/2025\/02\/sddefault.jpg","datePublished":"2025-02-19T22:44:46+00:00","dateModified":"2025-02-19T22:46:38+00:00","breadcrumb":{"@id":"https:\/\/macote.fr\/produit\/kit-de-desactivation-du-start-stop-automatique-pour-bmw-bouton-start-stop-sur-le-tableau-de-bord\/#breadcrumb"},"inLanguage":"es","potentialAction":[{"@type":"ReadAction","target":["https:\/\/macote.fr\/produit\/kit-de-desactivation-du-start-stop-automatique-pour-bmw-bouton-start-stop-sur-le-tableau-de-bord\/"]}]},{"@type":"ImageObject","inLanguage":"es","@id":"https:\/\/macote.fr\/produit\/kit-de-desactivation-du-start-stop-automatique-pour-bmw-bouton-start-stop-sur-le-tableau-de-bord\/#primaryimage","url":"https:\/\/macote.fr\/wp-content\/uploads\/2025\/02\/sddefault.jpg","contentUrl":"https:\/\/macote.fr\/wp-content\/uploads\/2025\/02\/sddefault.jpg","width":640,"height":480,"caption":"Kit de D\u00e9sactivation du Start\/Stop Automatique pour BMW"},{"@type":"BreadcrumbList","@id":"https:\/\/macote.fr\/produit\/kit-de-desactivation-du-start-stop-automatique-pour-bmw-bouton-start-stop-sur-le-tableau-de-bord\/#breadcrumb","itemListElement":[{"@type":"ListItem","position":1,"name":"Accueil","item":"https:\/\/macote.fr\/"},{"@type":"ListItem","position":2,"name":"Boutique","item":"https:\/\/macote.fr\/boutique\/"},{"@type":"ListItem","position":3,"name":"Kit de D\u00e9sactivation du Start\/Stop Automatique pour BMW &#8211; Bouton Start\/Stop sur le Tableau de Bord"}]},{"@type":"WebSite","@id":"https:\/\/macote.fr\/#website","url":"https:\/\/macote.fr\/","name":"MyQuote.com","description":"Los mejores accesorios BMW","publisher":{"@id":"https:\/\/macote.fr\/#organization"},"alternateName":"BMW tuning","potentialAction":[{"@type":"SearchAction","target":{"@type":"EntryPoint","urlTemplate":"https:\/\/macote.fr\/?s={search_term_string}"},"query-input":{"@type":"PropertyValueSpecification","valueRequired":true,"valueName":"search_term_string"}}],"inLanguage":"es"},{"@type":"Organization","@id":"https:\/\/macote.fr\/#organization","name":"Macote.es","alternateName":"BMW tuning","url":"https:\/\/macote.fr\/","logo":{"@type":"ImageObject","inLanguage":"es","@id":"https:\/\/macote.fr\/#\/schema\/logo\/image\/","url":"https:\/\/macote.fr\/wp-content\/uploads\/2023\/11\/LOGO-macote.fr-dessin-bmw-noir-copy.jpg","contentUrl":"https:\/\/macote.fr\/wp-content\/uploads\/2023\/11\/LOGO-macote.fr-dessin-bmw-noir-copy.jpg","width":732,"height":456,"caption":"Macote.fr"},"image":{"@id":"https:\/\/macote.fr\/#\/schema\/logo\/image\/"},"sameAs":["https:\/\/www.facebook.com\/profile.php?id=100091476586119","https:\/\/www.youtube.com\/channel\/UCgO-YTbaxYO-w_C5GfL-_1w","https:\/\/www.tiktok.com\/@macote.fr?is_from_webapp=1&sender_device=pc","https:\/\/www.instagram.com\/i_xila_i\/"]}]}},"_links":{"self":[{"href":"https:\/\/macote.fr\/es\/wp-json\/wp\/v2\/product\/5628","targetHints":{"allow":["GET"]}}],"collection":[{"href":"https:\/\/macote.fr\/es\/wp-json\/wp\/v2\/product"}],"about":[{"href":"https:\/\/macote.fr\/es\/wp-json\/wp\/v2\/types\/product"}],"replies":[{"embeddable":true,"href":"https:\/\/macote.fr\/es\/wp-json\/wp\/v2\/comments?post=5628"}],"wp:featuredmedia":[{"embeddable":true,"href":"https:\/\/macote.fr\/es\/wp-json\/wp\/v2\/media\/5630"}],"wp:attachment":[{"href":"https:\/\/macote.fr\/es\/wp-json\/wp\/v2\/media?parent=5628"}],"wp:term":[{"taxonomy":"product_brand","embeddable":true,"href":"https:\/\/macote.fr\/es\/wp-json\/wp\/v2\/product_brand?post=5628"},{"taxonomy":"product_cat","embeddable":true,"href":"https:\/\/macote.fr\/es\/wp-json\/wp\/v2\/product_cat?post=5628"},{"taxonomy":"product_tag","embeddable":true,"href":"https:\/\/macote.fr\/es\/wp-json\/wp\/v2\/product_tag?post=5628"}],"curies":[{"name":"wp","href":"https:\/\/api.w.org\/{rel}","templated":true}]}}