{"id":5983,"date":"2025-05-01T20:58:07","date_gmt":"2025-05-01T18:58:07","guid":{"rendered":"https:\/\/macote.fr\/?post_type=product&#038;p=5983"},"modified":"2026-02-13T15:29:28","modified_gmt":"2026-02-13T14:29:28","slug":"parrilla-led-amarilla-bmw-m5-g90-serie-5-g60-2025-pre-order","status":"publish","type":"product","link":"https:\/\/macote.fr\/es\/producto\/parrilla-led-amarilla-bmw-m5-g90-serie-5-g60-2025-pre-order\/","title":{"rendered":"Parrilla LED Amarillo - BMW M5 G90 + Serie 5 G60 (2025+) - Pre-pedido"},"content":{"rendered":"<h1 style=\"text-align: center;\">Parrilla LED amarilla - Para BMW M5 G90 y Serie 5 G60 (2025+) -Iconic Glow<\/h1>\n<h2>Un toque de car\u00e1cter para los que quieren algo m\u00e1s que lo ordinario<\/h2>\n<p>Su M5 G90 o Serie 5 G60 ya es una m\u00e1quina excepcional. Pero si est\u00e1s aqu\u00ed, es porque sabes que siempre hay una forma de ir m\u00e1s all\u00e1. Nuestro <span style=\"color: #ffd700;\"><strong data-start=\"605\" data-end=\"627\">Rejilla LED amarilla<\/strong><\/span> es el detalle que lo cambia todo. Inspirado en el famoso <strong data-start=\"681\" data-end=\"700\">BMW Iconic Glow<\/strong>Retoma el principio de <span style=\"color: #ffd700;\">retroiluminaci\u00f3n<\/span> integrado directamente en el contorno de la parrilla, pero con un cambio: <span style=\"color: #ffd700;\"><strong data-start=\"831\" data-end=\"860\">una intensa luz amarilla<\/strong><\/span>dise\u00f1ado para evocar las ra\u00edces de competici\u00f3n de BMW.<\/p>\n<h2>Un gui\u00f1o a las carreras, una firma para la carretera<\/h2>\n<p class=\"\" data-start=\"977\" data-end=\"1305\">La <span style=\"color: #ffd700;\">color amarillo<\/span> no debe nada al azar. Se ha elegido cuidadosamente para <strong data-start=\"1056\" data-end=\"1103\">encajan perfectamente con nuestro <span style=\"color: #ffd700;\">DRL amarillo<\/span><\/strong>. Resultado: a <strong data-start=\"1192\" data-end=\"1224\">firma de iluminaci\u00f3n completa<\/strong>Un dise\u00f1o coherente y llamativo que transforma literalmente el aspecto de su coche.<\/p>\n<p class=\"\" data-start=\"1307\" data-end=\"1436\">\ud83d\udd17 <em data-start=\"1310\" data-end=\"1436\">\u00bfQuiere ir m\u00e1s lejos? Descubra nuestra <a class=\"\" href=\"https:\/\/macote.fr\/es\/producto\/led-drl-phares-jaunes-bmw-m5-g90-serie-5-g60-2025-20xx-pre-lci-angel-eyes\/\" rel=\"noopener\" data-start=\"1357\" data-end=\"1389\">Faros DRL amarillos<\/a> para una combinaci\u00f3n visual que roza la perfecci\u00f3n.<\/em><\/p>\n<h3 class=\"\" data-start=\"1443\" data-end=\"1486\">Por qu\u00e9 esta parrilla LED es especial:<\/h3>\n<ul data-start=\"1488\" data-end=\"1828\">\n<li class=\"\" data-start=\"1488\" data-end=\"1606\">\n<p class=\"\" data-start=\"1490\" data-end=\"1606\"><strong data-start=\"1490\" data-end=\"1518\">Inspirado en Iconic Glow<\/strong> como los modelos de prestigio de BMW, pero en una versi\u00f3n m\u00e1s agresiva y exclusiva.<\/p>\n<\/li>\n<li class=\"\" data-start=\"1607\" data-end=\"1724\">\n<p class=\"\" data-start=\"1609\" data-end=\"1724\"><strong data-start=\"1609\" data-end=\"1629\">Color calibrado<\/strong> amarillo se armoniza para que coincida con nuestro <span style=\"color: #ffd700;\">m\u00f3dulos DRL amarillos<\/span> (ni demasiado picante, ni demasiado soso)<\/p>\n<\/li>\n<li class=\"\" data-start=\"1725\" data-end=\"1828\">\n<p class=\"\" data-start=\"1727\" data-end=\"1828\"><strong data-start=\"1727\" data-end=\"1753\">Impacto visual inmediato<\/strong> de d\u00eda o de noche, su BMW es una presencia inolvidable<\/p>\n<\/li>\n<\/ul>\n<h3 class=\"\" data-start=\"2479\" data-end=\"2520\">Por qu\u00e9 es el accesorio definitivo:<\/h3>\n<p class=\"\" data-start=\"2522\" data-end=\"2791\">\u2705 <strong data-start=\"2524\" data-end=\"2551\">Aspecto \u00fanico y asertivo<\/strong><br data-start=\"2551\" data-end=\"2554\" \/>\u2705 <strong data-start=\"2556\" data-end=\"2591\">Perfecto con nuestro <span style=\"color: #ffd700;\">DRL amarillo<\/span><\/strong><br data-start=\"2591\" data-end=\"2594\" \/>\u2705 <strong data-start=\"2596\" data-end=\"2654\">Sin predeterminaci\u00f3n ni codificaci\u00f3n<\/strong><br data-start=\"2654\" data-end=\"2657\" \/>\u2705 <strong data-start=\"2659\" data-end=\"2724\">F\u00e1cil de instalar, sin riesgo para la garant\u00eda del fabricante<\/strong><\/p>\n<h3 class=\"\" data-start=\"2798\" data-end=\"2843\">F\u00e1cil instalaci\u00f3n, resultados espectaculares<\/h3>\n<p class=\"\" data-start=\"2845\" data-end=\"3106\">En menos de una hora, su BMW cambia de cara. Y una vez combinado con <span style=\"color: #ffd700;\"><strong data-start=\"2920\" data-end=\"2941\">faros DRL amarillos<\/strong><\/span> (estilo CSL), la combinaci\u00f3n crea un <strong data-start=\"2975\" data-end=\"3003\">identidad visual \u00fanica<\/strong>. Una firma luminosa que no deja lugar a dudas: est\u00e1s conduciendo un BMW como ning\u00fan otro.<\/p>\n<p class=\"\" data-start=\"3132\" data-end=\"3430\">\u00bfTe gusta que cada detalle de tu coche cuente algo sobre ti? Este <span style=\"color: #ffd700;\"><strong data-start=\"3216\" data-end=\"3238\">Rejilla LED amarilla<\/strong><\/span>Eso es lo que habr\u00edan sido las Iconic Glow si BMW las hubiera dise\u00f1ado para el circuito. <strong data-start=\"3326\" data-end=\"3372\">Exclusividad, car\u00e1cter, coherencia visual<\/strong> - todo lo que necesita para mejorar su Serie 5 o M5.<\/p>\n<p class=\"\" data-start=\"3432\" data-end=\"3545\">\ud83d\udd17 <em data-start=\"3435\" data-end=\"3514\">Comb\u00ednalo con <a class=\"\" href=\"https:\/\/macote.fr\/es\/producto\/led-drl-phares-jaunes-bmw-m5-g90-serie-5-g60-2025-20xx-pre-lci-angel-eyes\/\" rel=\"noopener\" data-start=\"3452\" data-end=\"3513\">Faros amarillos - DRL LED Amarillo para BMW G60\/G90<\/a><\/em> para un combo 100% Motorsport.<\/p>\n<h3 class=\"\" data-start=\"1835\" data-end=\"1858\">Especificaciones t\u00e9cnicas :<\/h3>\n<ul data-start=\"1860\" data-end=\"2324\">\n<li class=\"\" data-start=\"1860\" data-end=\"1935\">\n<p class=\"\" data-start=\"1862\" data-end=\"1935\"><strong data-start=\"1862\" data-end=\"1879\">Compatibilidad<\/strong> : BMW M5 G90 y Serie 5 G60 (modelos 2025 y posteriores)<\/p>\n<\/li>\n<li class=\"\" data-start=\"1936\" data-end=\"2005\">\n<p class=\"\" data-start=\"1938\" data-end=\"2005\"><strong data-start=\"1938\" data-end=\"1948\">Dise\u00f1o<\/strong> Jud\u00eda doble con <span style=\"color: #ffd700;\">tira de luz LED amarilla<\/span> integrado<\/p>\n<\/li>\n<li class=\"\" data-start=\"2006\" data-end=\"2082\">\n<p class=\"\" data-start=\"2008\" data-end=\"2082\"><strong data-start=\"2008\" data-end=\"2021\">Materiales<\/strong> ABS de alta calidad, acabado negro brillante, resistente a los rayos UV<\/p>\n<\/li>\n<li class=\"\" data-start=\"2083\" data-end=\"2153\">\n<p class=\"\" data-start=\"2085\" data-end=\"2153\"><strong data-start=\"2085\" data-end=\"2096\">Montaje<\/strong> Plug &amp; Play en los soportes originales, sin modificaciones<\/p>\n<\/li>\n<li class=\"\" data-start=\"2154\" data-end=\"2209\">\n<p class=\"\" data-start=\"2156\" data-end=\"2209\"><strong data-start=\"2156\" data-end=\"2171\">Conexi\u00f3n<\/strong> Cableado suministrado, no requiere codificaci\u00f3n<\/p>\n<\/li>\n<li class=\"\" data-start=\"2210\" data-end=\"2324\">\n<p class=\"\" data-start=\"2212\" data-end=\"2324\"><strong data-start=\"2212\" data-end=\"2222\">Normas<\/strong> Cumple la normativa europea vigente<\/p>\n<\/li>\n<\/ul>\n<h3 class=\"\" data-start=\"2331\" data-end=\"2358\">Incluido en la caja<\/h3>\n<ul data-start=\"2360\" data-end=\"2472\">\n<li class=\"\" data-start=\"2360\" data-end=\"2402\">\n<p class=\"\" data-start=\"2362\" data-end=\"2402\">1 x Rejilla LED amarilla<\/p>\n<\/li>\n<li class=\"\" data-start=\"2403\" data-end=\"2436\">\n<p class=\"\" data-start=\"2405\" data-end=\"2436\">1 x Mazo de cables completo<\/p>\n<\/li>\n<\/ul>","protected":false},"excerpt":{"rendered":"<h3 class=\"\" data-start=\"122\" data-end=\"182\">Parrilla LED Amarillo - BMW M5 G90 \/ Serie 5 G60 (2025+)<\/h3>\n<p class=\"\" data-start=\"184\" data-end=\"460\">Dale a tu BMW un aspecto \u00fanico con este <strong data-start=\"231\" data-end=\"253\">Rejilla LED amarilla<\/strong>inspirado en el <strong data-start=\"276\" data-end=\"295\">BMW Iconic Glow<\/strong>. Su potente luz amarilla combina <strong data-start=\"336\" data-end=\"382\">perfectamente con nuestro DRL amarillo CSL Style<\/strong>para una firma luminosa coherente, deportiva y radicalmente diferente.<\/p>\n<ul data-start=\"462\" data-end=\"703\">\n<li class=\"\" data-start=\"462\" data-end=\"505\">\n<p class=\"\" data-start=\"464\" data-end=\"505\">Compatible con M5 G90 y Serie 5 G60 (2025+)<\/p>\n<\/li>\n<li class=\"\" data-start=\"506\" data-end=\"553\">\n<p class=\"\" data-start=\"508\" data-end=\"553\">\u2705 Dise\u00f1o LED amarillo integrado, estilo Iconic Glow.<\/p>\n<\/li>\n<li class=\"\" data-start=\"554\" data-end=\"618\">\n<p class=\"\" data-start=\"556\" data-end=\"618\">\u2705 Combina perfectamente con nuestros faros. <a href=\"#https:\/\/macote.fr\/categorie-produit\/eclairage-signature-lumineuse\/phares-jaunes-led\/\">DRL Amarillo<\/a><\/p>\n<\/li>\n<li class=\"\" data-start=\"619\" data-end=\"655\">\n<p class=\"\" data-start=\"621\" data-end=\"655\">\u2705 Instalaci\u00f3n Plug &amp; Play, sin codificaci\u00f3n.<\/p>\n<\/li>\n<li class=\"\" data-start=\"656\" data-end=\"703\">\n<p class=\"\" data-start=\"658\" data-end=\"703\">\u2705 Materiales de primera calidad, acabado en negro brillante.<\/p>\n<\/li>\n<\/ul>\n<p class=\"\" data-start=\"705\" data-end=\"782\">Afirma tu estilo, destaca entre la multitud y \u00fanete a los que viven BMW en 100%.<\/p>","protected":false},"featured_media":5868,"comment_status":"open","ping_status":"closed","template":"","meta":{"_eb_attr":""},"product_brand":[],"product_cat":[134,160,269,68,203,227],"product_tag":[],"class_list":{"0":"post-5983","1":"product","2":"type-product","3":"status-publish","4":"has-post-thumbnail","6":"product_cat-bmw-serie-5","7":"product_cat-bmw-serie-5-g60-g61-g68","8":"product_cat-calandre-led-iconic-glow","9":"product_cat-eclairage-signature-lumineuse","10":"product_cat-m5","11":"product_cat-m5-g90","13":"first","14":"outofstock","15":"taxable","16":"shipping-taxable","17":"purchasable","18":"product-type-simple"},"yoast_head":"<!-- This site is optimized with the Yoast SEO Premium plugin v20.7 (Yoast SEO v27.4) - https:\/\/yoast.com\/product\/yoast-seo-premium-wordpress\/ -->\n<title>Calandre LED Jaune - BMW M5 G90 + S\u00e9rie 5 G60 (2025+) - Pr\u00e9commande - MaCote.fr<\/title>\n<meta name=\"robots\" content=\"index, follow, max-snippet:-1, max-image-preview:large, max-video-preview:-1\" \/>\n<link rel=\"canonical\" href=\"https:\/\/macote.fr\/es\/producto\/parrilla-led-amarilla-bmw-m5-g90-serie-5-g60-2025-pre-order\/\" \/>\n<meta property=\"og:locale\" content=\"es_ES\" \/>\n<meta property=\"og:type\" content=\"article\" \/>\n<meta property=\"og:title\" content=\"Calandre LED Jaune - BMW M5 G90 + S\u00e9rie 5 G60 (2025+) - Pr\u00e9commande\" \/>\n<meta property=\"og:description\" content=\"Calandre LED Jaune \u2013 BMW M5 G90 \/ S\u00e9rie 5 G60 (2025+) Donnez \u00e0 votre BMW un regard unique avec cette Calandre LED Jaune, inspir\u00e9e des mod\u00e8les BMW Iconic Glow. Son \u00e9clairage jaune puissant s&#039;accorde parfaitement avec nos DRL jaunes CSL Style, pour une signature lumineuse coh\u00e9rente, sportive et radicalement diff\u00e9rente.     \u2705 Compatible M5 G90 &amp; S\u00e9rie 5 G60 (2025+)    \u2705 Design LED Jaune int\u00e9gr\u00e9, style Iconic Glow    \u2705 Parfaitement assortie \u00e0 nos Phares DRL Jaunes    \u2705 Montage Plug &amp; Play, sans codage    \u2705 Mat\u00e9riaux premium, finition noire brillante   Affirmez votre style, sortez du lot, et rejoignez ceux qui vivent BMW \u00e0 100%.\" \/>\n<meta property=\"og:url\" content=\"https:\/\/macote.fr\/es\/producto\/parrilla-led-amarilla-bmw-m5-g90-serie-5-g60-2025-pre-order\/\" \/>\n<meta property=\"og:site_name\" content=\"MaCote.fr\" \/>\n<meta property=\"article:publisher\" content=\"https:\/\/www.facebook.com\/profile.php?id=100091476586119\" \/>\n<meta property=\"article:modified_time\" content=\"2026-02-13T14:29:28+00:00\" \/>\n<meta property=\"og:image\" content=\"https:\/\/macote.fr\/wp-content\/uploads\/2025\/04\/BMW-M5-G90-Calandre-jaune.jpg\" \/>\n\t<meta property=\"og:image:width\" content=\"1440\" \/>\n\t<meta property=\"og:image:height\" content=\"960\" \/>\n\t<meta property=\"og:image:type\" content=\"image\/jpeg\" \/>\n<meta name=\"twitter:card\" content=\"summary_large_image\" \/>\n<meta name=\"twitter:label1\" content=\"Tiempo de lectura\" \/>\n\t<meta name=\"twitter:data1\" content=\"3 minutos\" \/>\n<script type=\"application\/ld+json\" class=\"yoast-schema-graph\">{\"@context\":\"https:\\\/\\\/schema.org\",\"@graph\":[{\"@type\":\"WebPage\",\"@id\":\"https:\\\/\\\/macote.fr\\\/produit\\\/calandre-led-jaune-bmw-m5-g90-serie-5-g60-2025-precommande\\\/\",\"url\":\"https:\\\/\\\/macote.fr\\\/produit\\\/calandre-led-jaune-bmw-m5-g90-serie-5-g60-2025-precommande\\\/\",\"name\":\"Calandre LED Jaune - BMW M5 G90 + S\u00e9rie 5 G60 (2025+) - Pr\u00e9commande - MaCote.fr\",\"isPartOf\":{\"@id\":\"https:\\\/\\\/macote.fr\\\/#website\"},\"primaryImageOfPage\":{\"@id\":\"https:\\\/\\\/macote.fr\\\/produit\\\/calandre-led-jaune-bmw-m5-g90-serie-5-g60-2025-precommande\\\/#primaryimage\"},\"image\":{\"@id\":\"https:\\\/\\\/macote.fr\\\/produit\\\/calandre-led-jaune-bmw-m5-g90-serie-5-g60-2025-precommande\\\/#primaryimage\"},\"thumbnailUrl\":\"https:\\\/\\\/macote.fr\\\/wp-content\\\/uploads\\\/2025\\\/04\\\/BMW-M5-G90-Calandre-jaune.jpg\",\"datePublished\":\"2025-05-01T18:58:07+00:00\",\"dateModified\":\"2026-02-13T14:29:28+00:00\",\"breadcrumb\":{\"@id\":\"https:\\\/\\\/macote.fr\\\/produit\\\/calandre-led-jaune-bmw-m5-g90-serie-5-g60-2025-precommande\\\/#breadcrumb\"},\"inLanguage\":\"es\",\"potentialAction\":[{\"@type\":\"ReadAction\",\"target\":[\"https:\\\/\\\/macote.fr\\\/produit\\\/calandre-led-jaune-bmw-m5-g90-serie-5-g60-2025-precommande\\\/\"]}]},{\"@type\":\"ImageObject\",\"inLanguage\":\"es\",\"@id\":\"https:\\\/\\\/macote.fr\\\/produit\\\/calandre-led-jaune-bmw-m5-g90-serie-5-g60-2025-precommande\\\/#primaryimage\",\"url\":\"https:\\\/\\\/macote.fr\\\/wp-content\\\/uploads\\\/2025\\\/04\\\/BMW-M5-G90-Calandre-jaune.jpg\",\"contentUrl\":\"https:\\\/\\\/macote.fr\\\/wp-content\\\/uploads\\\/2025\\\/04\\\/BMW-M5-G90-Calandre-jaune.jpg\",\"width\":1440,\"height\":960,\"caption\":\"BMW M5 G90 Calandre jaune\"},{\"@type\":\"BreadcrumbList\",\"@id\":\"https:\\\/\\\/macote.fr\\\/produit\\\/calandre-led-jaune-bmw-m5-g90-serie-5-g60-2025-precommande\\\/#breadcrumb\",\"itemListElement\":[{\"@type\":\"ListItem\",\"position\":1,\"name\":\"Accueil\",\"item\":\"https:\\\/\\\/macote.fr\\\/\"},{\"@type\":\"ListItem\",\"position\":2,\"name\":\"Boutique\",\"item\":\"https:\\\/\\\/macote.fr\\\/boutique\\\/\"},{\"@type\":\"ListItem\",\"position\":3,\"name\":\"Calandre LED Jaune &#8211; BMW M5 G90 + S\u00e9rie 5 G60 (2025+) &#8211; Pr\u00e9commande\"}]},{\"@type\":\"WebSite\",\"@id\":\"https:\\\/\\\/macote.fr\\\/#website\",\"url\":\"https:\\\/\\\/macote.fr\\\/\",\"name\":\"MaCote.fr\",\"description\":\"BMW best accessories\",\"publisher\":{\"@id\":\"https:\\\/\\\/macote.fr\\\/#organization\"},\"alternateName\":\"BMW tuning\",\"potentialAction\":[{\"@type\":\"SearchAction\",\"target\":{\"@type\":\"EntryPoint\",\"urlTemplate\":\"https:\\\/\\\/macote.fr\\\/?s={search_term_string}\"},\"query-input\":{\"@type\":\"PropertyValueSpecification\",\"valueRequired\":true,\"valueName\":\"search_term_string\"}}],\"inLanguage\":\"es\"},{\"@type\":\"Organization\",\"@id\":\"https:\\\/\\\/macote.fr\\\/#organization\",\"name\":\"Macote.fr\",\"alternateName\":\"BMW tuning\",\"url\":\"https:\\\/\\\/macote.fr\\\/\",\"logo\":{\"@type\":\"ImageObject\",\"inLanguage\":\"es\",\"@id\":\"https:\\\/\\\/macote.fr\\\/#\\\/schema\\\/logo\\\/image\\\/\",\"url\":\"https:\\\/\\\/macote.fr\\\/wp-content\\\/uploads\\\/2023\\\/11\\\/LOGO-macote.fr-dessin-bmw-noir-copy.jpg\",\"contentUrl\":\"https:\\\/\\\/macote.fr\\\/wp-content\\\/uploads\\\/2023\\\/11\\\/LOGO-macote.fr-dessin-bmw-noir-copy.jpg\",\"width\":732,\"height\":456,\"caption\":\"Macote.fr\"},\"image\":{\"@id\":\"https:\\\/\\\/macote.fr\\\/#\\\/schema\\\/logo\\\/image\\\/\"},\"sameAs\":[\"https:\\\/\\\/www.facebook.com\\\/profile.php?id=100091476586119\",\"https:\\\/\\\/www.youtube.com\\\/channel\\\/UCgO-YTbaxYO-w_C5GfL-_1w\",\"https:\\\/\\\/www.tiktok.com\\\/@macote.fr?is_from_webapp=1&sender_device=pc\",\"https:\\\/\\\/www.instagram.com\\\/i_xila_i\\\/\"]}]}<\/script>\n<!-- \/ Yoast SEO Premium plugin. -->","yoast_head_json":{"title":"Parrilla LED Amarillo - BMW M5 G90 + Serie 5 G60 (2025+) - Pre-pedido - MaCote.fr","robots":{"index":"index","follow":"follow","max-snippet":"max-snippet:-1","max-image-preview":"max-image-preview:large","max-video-preview":"max-video-preview:-1"},"canonical":"https:\/\/macote.fr\/es\/producto\/parrilla-led-amarilla-bmw-m5-g90-serie-5-g60-2025-pre-order\/","og_locale":"es_ES","og_type":"article","og_title":"Calandre LED Jaune - BMW M5 G90 + S\u00e9rie 5 G60 (2025+) - Pr\u00e9commande","og_description":"Calandre LED Jaune \u2013 BMW M5 G90 \/ S\u00e9rie 5 G60 (2025+) Donnez \u00e0 votre BMW un regard unique avec cette Calandre LED Jaune, inspir\u00e9e des mod\u00e8les BMW Iconic Glow. Son \u00e9clairage jaune puissant s'accorde parfaitement avec nos DRL jaunes CSL Style, pour une signature lumineuse coh\u00e9rente, sportive et radicalement diff\u00e9rente.     \u2705 Compatible M5 G90 &amp; S\u00e9rie 5 G60 (2025+)    \u2705 Design LED Jaune int\u00e9gr\u00e9, style Iconic Glow    \u2705 Parfaitement assortie \u00e0 nos Phares DRL Jaunes    \u2705 Montage Plug &amp; Play, sans codage    \u2705 Mat\u00e9riaux premium, finition noire brillante   Affirmez votre style, sortez du lot, et rejoignez ceux qui vivent BMW \u00e0 100%.","og_url":"https:\/\/macote.fr\/es\/producto\/parrilla-led-amarilla-bmw-m5-g90-serie-5-g60-2025-pre-order\/","og_site_name":"MaCote.fr","article_publisher":"https:\/\/www.facebook.com\/profile.php?id=100091476586119","article_modified_time":"2026-02-13T14:29:28+00:00","og_image":[{"width":1440,"height":960,"url":"https:\/\/macote.fr\/wp-content\/uploads\/2025\/04\/BMW-M5-G90-Calandre-jaune.jpg","type":"image\/jpeg"}],"twitter_card":"summary_large_image","twitter_misc":{"Tiempo de lectura":"3 minutos"},"schema":{"@context":"https:\/\/schema.org","@graph":[{"@type":"WebPage","@id":"https:\/\/macote.fr\/produit\/calandre-led-jaune-bmw-m5-g90-serie-5-g60-2025-precommande\/","url":"https:\/\/macote.fr\/produit\/calandre-led-jaune-bmw-m5-g90-serie-5-g60-2025-precommande\/","name":"Parrilla LED Amarillo - BMW M5 G90 + Serie 5 G60 (2025+) - Pre-pedido - MaCote.fr","isPartOf":{"@id":"https:\/\/macote.fr\/#website"},"primaryImageOfPage":{"@id":"https:\/\/macote.fr\/produit\/calandre-led-jaune-bmw-m5-g90-serie-5-g60-2025-precommande\/#primaryimage"},"image":{"@id":"https:\/\/macote.fr\/produit\/calandre-led-jaune-bmw-m5-g90-serie-5-g60-2025-precommande\/#primaryimage"},"thumbnailUrl":"https:\/\/macote.fr\/wp-content\/uploads\/2025\/04\/BMW-M5-G90-Calandre-jaune.jpg","datePublished":"2025-05-01T18:58:07+00:00","dateModified":"2026-02-13T14:29:28+00:00","breadcrumb":{"@id":"https:\/\/macote.fr\/produit\/calandre-led-jaune-bmw-m5-g90-serie-5-g60-2025-precommande\/#breadcrumb"},"inLanguage":"es","potentialAction":[{"@type":"ReadAction","target":["https:\/\/macote.fr\/produit\/calandre-led-jaune-bmw-m5-g90-serie-5-g60-2025-precommande\/"]}]},{"@type":"ImageObject","inLanguage":"es","@id":"https:\/\/macote.fr\/produit\/calandre-led-jaune-bmw-m5-g90-serie-5-g60-2025-precommande\/#primaryimage","url":"https:\/\/macote.fr\/wp-content\/uploads\/2025\/04\/BMW-M5-G90-Calandre-jaune.jpg","contentUrl":"https:\/\/macote.fr\/wp-content\/uploads\/2025\/04\/BMW-M5-G90-Calandre-jaune.jpg","width":1440,"height":960,"caption":"BMW M5 G90 Calandre jaune"},{"@type":"BreadcrumbList","@id":"https:\/\/macote.fr\/produit\/calandre-led-jaune-bmw-m5-g90-serie-5-g60-2025-precommande\/#breadcrumb","itemListElement":[{"@type":"ListItem","position":1,"name":"Accueil","item":"https:\/\/macote.fr\/"},{"@type":"ListItem","position":2,"name":"Boutique","item":"https:\/\/macote.fr\/boutique\/"},{"@type":"ListItem","position":3,"name":"Calandre LED Jaune &#8211; BMW M5 G90 + S\u00e9rie 5 G60 (2025+) &#8211; Pr\u00e9commande"}]},{"@type":"WebSite","@id":"https:\/\/macote.fr\/#website","url":"https:\/\/macote.fr\/","name":"MyQuote.com","description":"Los mejores accesorios BMW","publisher":{"@id":"https:\/\/macote.fr\/#organization"},"alternateName":"BMW tuning","potentialAction":[{"@type":"SearchAction","target":{"@type":"EntryPoint","urlTemplate":"https:\/\/macote.fr\/?s={search_term_string}"},"query-input":{"@type":"PropertyValueSpecification","valueRequired":true,"valueName":"search_term_string"}}],"inLanguage":"es"},{"@type":"Organization","@id":"https:\/\/macote.fr\/#organization","name":"Macote.es","alternateName":"BMW tuning","url":"https:\/\/macote.fr\/","logo":{"@type":"ImageObject","inLanguage":"es","@id":"https:\/\/macote.fr\/#\/schema\/logo\/image\/","url":"https:\/\/macote.fr\/wp-content\/uploads\/2023\/11\/LOGO-macote.fr-dessin-bmw-noir-copy.jpg","contentUrl":"https:\/\/macote.fr\/wp-content\/uploads\/2023\/11\/LOGO-macote.fr-dessin-bmw-noir-copy.jpg","width":732,"height":456,"caption":"Macote.fr"},"image":{"@id":"https:\/\/macote.fr\/#\/schema\/logo\/image\/"},"sameAs":["https:\/\/www.facebook.com\/profile.php?id=100091476586119","https:\/\/www.youtube.com\/channel\/UCgO-YTbaxYO-w_C5GfL-_1w","https:\/\/www.tiktok.com\/@macote.fr?is_from_webapp=1&sender_device=pc","https:\/\/www.instagram.com\/i_xila_i\/"]}]}},"_links":{"self":[{"href":"https:\/\/macote.fr\/es\/wp-json\/wp\/v2\/product\/5983","targetHints":{"allow":["GET"]}}],"collection":[{"href":"https:\/\/macote.fr\/es\/wp-json\/wp\/v2\/product"}],"about":[{"href":"https:\/\/macote.fr\/es\/wp-json\/wp\/v2\/types\/product"}],"replies":[{"embeddable":true,"href":"https:\/\/macote.fr\/es\/wp-json\/wp\/v2\/comments?post=5983"}],"wp:featuredmedia":[{"embeddable":true,"href":"https:\/\/macote.fr\/es\/wp-json\/wp\/v2\/media\/5868"}],"wp:attachment":[{"href":"https:\/\/macote.fr\/es\/wp-json\/wp\/v2\/media?parent=5983"}],"wp:term":[{"taxonomy":"product_brand","embeddable":true,"href":"https:\/\/macote.fr\/es\/wp-json\/wp\/v2\/product_brand?post=5983"},{"taxonomy":"product_cat","embeddable":true,"href":"https:\/\/macote.fr\/es\/wp-json\/wp\/v2\/product_cat?post=5983"},{"taxonomy":"product_tag","embeddable":true,"href":"https:\/\/macote.fr\/es\/wp-json\/wp\/v2\/product_tag?post=5983"}],"curies":[{"name":"wp","href":"https:\/\/api.w.org\/{rel}","templated":true}]}}