{"id":6396,"date":"2025-05-24T21:36:02","date_gmt":"2025-05-24T19:36:02","guid":{"rendered":"https:\/\/macote.fr\/?post_type=product&#038;p=6396"},"modified":"2025-09-14T11:38:59","modified_gmt":"2025-09-14T09:38:59","slug":"iphone-carbono-casco-forja-magsafe","status":"publish","type":"product","link":"https:\/\/macote.fr\/es\/producto\/iphone-carbono-casco-forja-magsafe\/","title":{"rendered":"Funda de carbono forjado para Iphone - MagSafe"},"content":{"rendered":"<h1 style=\"text-align: center;\" data-start=\"253\" data-end=\"306\"><strong data-start=\"259\" data-end=\"304\">Funda para iPhone\u00a0<\/strong><strong data-start=\"259\" data-end=\"304\">Carbono forjado - MagSafe<\/strong><\/h1>\n<p data-start=\"307\" data-end=\"335\"><strong data-start=\"307\" data-end=\"335\">MACOTE Motorsport Series :<\/strong><\/p>\n<p data-start=\"337\" data-end=\"386\"><strong data-start=\"337\" data-end=\"386\">Nacido para el rendimiento. Creado para el estilo.<\/strong><\/p>\n<p data-start=\"388\" data-end=\"750\">Sum\u00e9rjase en el mundo del dise\u00f1o t\u00e9cnico y la precisi\u00f3n mec\u00e1nica con nuestra funda Forged Carbon, una excepcional funda para iPhone inspirada directamente en los materiales utilizados en los supercoches m\u00e1s raros. Cada una presenta un <strong data-start=\"631\" data-end=\"661\">patr\u00f3n \u00fanico de carbono forjado<\/strong><\/p>\n<hr data-start=\"752\" data-end=\"755\" \/>\n<h3 data-start=\"757\" data-end=\"797\">\u00a0<strong data-start=\"763\" data-end=\"797\">Caracter\u00edsticas principales:<\/strong><\/h3>\n<ul data-start=\"799\" data-end=\"1252\">\n<li data-start=\"799\" data-end=\"900\">\n<p data-start=\"801\" data-end=\"900\"><strong data-start=\"801\" data-end=\"836\">Dise\u00f1o premium de carbono forjado<\/strong><\/p>\n<\/li>\n<li data-start=\"902\" data-end=\"1037\">\n<p data-start=\"904\" data-end=\"1037\"><strong data-start=\"904\" data-end=\"938\">Compatibilidad MagSafe integrada<\/strong><br data-start=\"938\" data-end=\"941\" \/>Se acopla perfectamente a todos los accesorios Apple MagSafe (cargadores, tarjeteros, soportes, etc.)<\/p>\n<\/li>\n<li data-start=\"1039\" data-end=\"1154\">\n<p data-start=\"1041\" data-end=\"1154\"><strong data-start=\"1041\" data-end=\"1065\">Protecci\u00f3n integral<\/strong><br data-start=\"1065\" data-end=\"1068\" \/>Estructura r\u00edgida, bordes reforzados, absorci\u00f3n de impactos, interior suave y resistente a los ara\u00f1azos<\/p>\n<\/li>\n<li data-start=\"1156\" data-end=\"1252\">\n<p data-start=\"1158\" data-end=\"1252\"><strong data-start=\"1158\" data-end=\"1182\">Corte de precisi\u00f3n<\/strong><br data-start=\"1182\" data-end=\"1185\" \/>Acceso fluido a todos los botones, puertos y c\u00e1maras, sin concesiones<\/p>\n<\/li>\n<\/ul>\n<hr data-start=\"1950\" data-end=\"1953\" \/>\n<h3 data-start=\"1955\" data-end=\"2003\">Compatibilidad :<\/h3>\n<p><strong>Tenga en cuenta que las im\u00e1genes son meramente ilustrativas. Aunque las fotos muestren una funda para iPhone 16 Pro, recibir\u00e1s la funda correcta para el modelo que hayas elegido.<\/strong><\/p>\n<p>Iphone 17 Air; iPhone 17; iPhone 17 pro; iPhone 17 Pro Max<\/p>\n<p>iPhone 16 Pro Max; iPhone 16 Pro; iPhone 16 Plus; iPhone 16<\/p>\n<p>iPhone 15 Pro Max; iPhone 15 Pro; iPhone 15 Plus; iPhone 15;<\/p>\n<p>iPhone 14 Pro Max; iPhone 14 Pro; iPhone 14 Plus; iPhone 14<\/p>\n<p>iPhone 13 Pro Max; iPhone 13 Pro; iPhone 13 Mini; iPhone 13;<\/p>\n<p>iPhone 12 Pro Max; iPhone 12 Pro; iPhone 12 Mini; iPhone 12<\/p>\n<hr data-start=\"1254\" data-end=\"1257\" \/>\n<h3 data-start=\"1259\" data-end=\"1310\"><strong data-start=\"1266\" data-end=\"1310\">El esp\u00edritu Motorsport. Siempre contigo.<\/strong><\/h3>\n<p data-start=\"1312\" data-end=\"1598\">Dise\u00f1ada para los entusiastas de los deportes de motor de alto rendimiento, esta funda encarna la fusi\u00f3n de estilo radical y funcionalidad absoluta. Ya est\u00e9s de viaje, en una reuni\u00f3n o al volante de tu pasi\u00f3n, nuestras carcasas en <strong data-start=\"1532\" data-end=\"1554\">carbono forjado<\/strong> le acompa\u00f1a con<strong data-start=\"1576\" data-end=\"1597\"> elegancia <\/strong>a lo largo del d\u00eda.<\/p>","protected":false},"excerpt":{"rendered":"<p>Carcasas de iPhone de carbono forjado con reflejos preciosos, inspiradas en piedras raras como el zafiro, la esmeralda y la obsidiana. Protecci\u00f3n de alto rendimiento, dise\u00f1o \u00fanico, acabado premium.<\/p>","protected":false},"featured_media":6404,"comment_status":"open","ping_status":"closed","template":"","meta":{"_eb_attr":""},"product_brand":[],"product_cat":[263,271,275],"product_tag":[],"class_list":{"0":"post-6396","1":"product","2":"type-product","3":"status-publish","4":"has-post-thumbnail","6":"product_cat-bmw-accessoires-fibre-de-carbone","7":"product_cat-bmw-accessoires-quotidien","8":"product_cat-coques-de-protection","10":"first","11":"instock","12":"taxable","13":"shipping-taxable","14":"purchasable","15":"product-type-variable"},"yoast_head":"<!-- This site is optimized with the Yoast SEO Premium plugin v20.7 (Yoast SEO v27.4) - https:\/\/yoast.com\/product\/yoast-seo-premium-wordpress\/ -->\n<title>Coque Iphone Carbone forg\u00e9 - MagSafe - MaCote.fr<\/title>\n<meta name=\"description\" content=\"Des coques iPhone en carbone forg\u00e9 aux reflets pr\u00e9cieux, inspir\u00e9es de pierres rares comme le saphir, l\u2019\u00e9meraude ou l\u2019obsidienne. Protection haute performance, design unique, finition premium.\" \/>\n<meta name=\"robots\" content=\"index, follow, max-snippet:-1, max-image-preview:large, max-video-preview:-1\" \/>\n<link rel=\"canonical\" href=\"https:\/\/macote.fr\/es\/producto\/iphone-carbono-casco-forja-magsafe\/\" \/>\n<meta property=\"og:locale\" content=\"es_ES\" \/>\n<meta property=\"og:type\" content=\"article\" \/>\n<meta property=\"og:title\" content=\"Coque Iphone Carbone forg\u00e9 - MagSafe\" \/>\n<meta property=\"og:description\" content=\"Des coques iPhone en carbone forg\u00e9 aux reflets pr\u00e9cieux, inspir\u00e9es de pierres rares comme le saphir, l\u2019\u00e9meraude ou l\u2019obsidienne. Protection haute performance, design unique, finition premium.\" \/>\n<meta property=\"og:url\" content=\"https:\/\/macote.fr\/es\/producto\/iphone-carbono-casco-forja-magsafe\/\" \/>\n<meta property=\"og:site_name\" content=\"MaCote.fr\" \/>\n<meta property=\"article:publisher\" content=\"https:\/\/www.facebook.com\/profile.php?id=100091476586119\" \/>\n<meta property=\"article:modified_time\" content=\"2025-09-14T09:38:59+00:00\" \/>\n<meta property=\"og:image\" content=\"https:\/\/macote.fr\/wp-content\/uploads\/2025\/05\/iphone-forged-new-gold_7c418b87-97d2-4695-a332-e93513fd7f6d.jpg\" \/>\n\t<meta property=\"og:image:width\" content=\"900\" \/>\n\t<meta property=\"og:image:height\" content=\"900\" \/>\n\t<meta property=\"og:image:type\" content=\"image\/jpeg\" \/>\n<meta name=\"twitter:card\" content=\"summary_large_image\" \/>\n<meta name=\"twitter:label1\" content=\"Tiempo de lectura\" \/>\n\t<meta name=\"twitter:data1\" content=\"2 minutos\" \/>\n<script type=\"application\/ld+json\" class=\"yoast-schema-graph\">{\"@context\":\"https:\\\/\\\/schema.org\",\"@graph\":[{\"@type\":\"WebPage\",\"@id\":\"https:\\\/\\\/macote.fr\\\/produit\\\/coque-iphone-carbone-forge-magsafe\\\/\",\"url\":\"https:\\\/\\\/macote.fr\\\/produit\\\/coque-iphone-carbone-forge-magsafe\\\/\",\"name\":\"Coque Iphone Carbone forg\u00e9 - MagSafe - MaCote.fr\",\"isPartOf\":{\"@id\":\"https:\\\/\\\/macote.fr\\\/#website\"},\"primaryImageOfPage\":{\"@id\":\"https:\\\/\\\/macote.fr\\\/produit\\\/coque-iphone-carbone-forge-magsafe\\\/#primaryimage\"},\"image\":{\"@id\":\"https:\\\/\\\/macote.fr\\\/produit\\\/coque-iphone-carbone-forge-magsafe\\\/#primaryimage\"},\"thumbnailUrl\":\"https:\\\/\\\/macote.fr\\\/wp-content\\\/uploads\\\/2025\\\/05\\\/iphone-forged-new-gold_7c418b87-97d2-4695-a332-e93513fd7f6d.jpg\",\"datePublished\":\"2025-05-24T19:36:02+00:00\",\"dateModified\":\"2025-09-14T09:38:59+00:00\",\"description\":\"Des coques iPhone en carbone forg\u00e9 aux reflets pr\u00e9cieux, inspir\u00e9es de pierres rares comme le saphir, l\u2019\u00e9meraude ou l\u2019obsidienne. Protection haute performance, design unique, finition premium.\",\"breadcrumb\":{\"@id\":\"https:\\\/\\\/macote.fr\\\/produit\\\/coque-iphone-carbone-forge-magsafe\\\/#breadcrumb\"},\"inLanguage\":\"es\",\"potentialAction\":[{\"@type\":\"ReadAction\",\"target\":[\"https:\\\/\\\/macote.fr\\\/produit\\\/coque-iphone-carbone-forge-magsafe\\\/\"]}]},{\"@type\":\"ImageObject\",\"inLanguage\":\"es\",\"@id\":\"https:\\\/\\\/macote.fr\\\/produit\\\/coque-iphone-carbone-forge-magsafe\\\/#primaryimage\",\"url\":\"https:\\\/\\\/macote.fr\\\/wp-content\\\/uploads\\\/2025\\\/05\\\/iphone-forged-new-gold_7c418b87-97d2-4695-a332-e93513fd7f6d.jpg\",\"contentUrl\":\"https:\\\/\\\/macote.fr\\\/wp-content\\\/uploads\\\/2025\\\/05\\\/iphone-forged-new-gold_7c418b87-97d2-4695-a332-e93513fd7f6d.jpg\",\"width\":900,\"height\":900,\"caption\":\"Coque iPhone Carbone Forg\u00e9e OR - MagSafe\"},{\"@type\":\"BreadcrumbList\",\"@id\":\"https:\\\/\\\/macote.fr\\\/produit\\\/coque-iphone-carbone-forge-magsafe\\\/#breadcrumb\",\"itemListElement\":[{\"@type\":\"ListItem\",\"position\":1,\"name\":\"Accueil\",\"item\":\"https:\\\/\\\/macote.fr\\\/\"},{\"@type\":\"ListItem\",\"position\":2,\"name\":\"Boutique\",\"item\":\"https:\\\/\\\/macote.fr\\\/boutique\\\/\"},{\"@type\":\"ListItem\",\"position\":3,\"name\":\"Coque Iphone Carbone forg\u00e9 &#8211; MagSafe\"}]},{\"@type\":\"WebSite\",\"@id\":\"https:\\\/\\\/macote.fr\\\/#website\",\"url\":\"https:\\\/\\\/macote.fr\\\/\",\"name\":\"MaCote.fr\",\"description\":\"BMW best accessories\",\"publisher\":{\"@id\":\"https:\\\/\\\/macote.fr\\\/#organization\"},\"alternateName\":\"BMW tuning\",\"potentialAction\":[{\"@type\":\"SearchAction\",\"target\":{\"@type\":\"EntryPoint\",\"urlTemplate\":\"https:\\\/\\\/macote.fr\\\/?s={search_term_string}\"},\"query-input\":{\"@type\":\"PropertyValueSpecification\",\"valueRequired\":true,\"valueName\":\"search_term_string\"}}],\"inLanguage\":\"es\"},{\"@type\":\"Organization\",\"@id\":\"https:\\\/\\\/macote.fr\\\/#organization\",\"name\":\"Macote.fr\",\"alternateName\":\"BMW tuning\",\"url\":\"https:\\\/\\\/macote.fr\\\/\",\"logo\":{\"@type\":\"ImageObject\",\"inLanguage\":\"es\",\"@id\":\"https:\\\/\\\/macote.fr\\\/#\\\/schema\\\/logo\\\/image\\\/\",\"url\":\"https:\\\/\\\/macote.fr\\\/wp-content\\\/uploads\\\/2023\\\/11\\\/LOGO-macote.fr-dessin-bmw-noir-copy.jpg\",\"contentUrl\":\"https:\\\/\\\/macote.fr\\\/wp-content\\\/uploads\\\/2023\\\/11\\\/LOGO-macote.fr-dessin-bmw-noir-copy.jpg\",\"width\":732,\"height\":456,\"caption\":\"Macote.fr\"},\"image\":{\"@id\":\"https:\\\/\\\/macote.fr\\\/#\\\/schema\\\/logo\\\/image\\\/\"},\"sameAs\":[\"https:\\\/\\\/www.facebook.com\\\/profile.php?id=100091476586119\",\"https:\\\/\\\/www.youtube.com\\\/channel\\\/UCgO-YTbaxYO-w_C5GfL-_1w\",\"https:\\\/\\\/www.tiktok.com\\\/@macote.fr?is_from_webapp=1&sender_device=pc\",\"https:\\\/\\\/www.instagram.com\\\/i_xila_i\\\/\"]}]}<\/script>\n<!-- \/ Yoast SEO Premium plugin. -->","yoast_head_json":{"title":"Funda de carbono forjado para Iphone - MagSafe - MaCote.fr","description":"Carcasas de iPhone de carbono forjado con reflejos preciosos, inspiradas en piedras raras como el zafiro, la esmeralda y la obsidiana. Protecci\u00f3n de alto rendimiento, dise\u00f1o \u00fanico, acabado premium.","robots":{"index":"index","follow":"follow","max-snippet":"max-snippet:-1","max-image-preview":"max-image-preview:large","max-video-preview":"max-video-preview:-1"},"canonical":"https:\/\/macote.fr\/es\/producto\/iphone-carbono-casco-forja-magsafe\/","og_locale":"es_ES","og_type":"article","og_title":"Coque Iphone Carbone forg\u00e9 - MagSafe","og_description":"Des coques iPhone en carbone forg\u00e9 aux reflets pr\u00e9cieux, inspir\u00e9es de pierres rares comme le saphir, l\u2019\u00e9meraude ou l\u2019obsidienne. Protection haute performance, design unique, finition premium.","og_url":"https:\/\/macote.fr\/es\/producto\/iphone-carbono-casco-forja-magsafe\/","og_site_name":"MaCote.fr","article_publisher":"https:\/\/www.facebook.com\/profile.php?id=100091476586119","article_modified_time":"2025-09-14T09:38:59+00:00","og_image":[{"width":900,"height":900,"url":"https:\/\/macote.fr\/wp-content\/uploads\/2025\/05\/iphone-forged-new-gold_7c418b87-97d2-4695-a332-e93513fd7f6d.jpg","type":"image\/jpeg"}],"twitter_card":"summary_large_image","twitter_misc":{"Tiempo de lectura":"2 minutos"},"schema":{"@context":"https:\/\/schema.org","@graph":[{"@type":"WebPage","@id":"https:\/\/macote.fr\/produit\/coque-iphone-carbone-forge-magsafe\/","url":"https:\/\/macote.fr\/produit\/coque-iphone-carbone-forge-magsafe\/","name":"Funda de carbono forjado para Iphone - MagSafe - MaCote.fr","isPartOf":{"@id":"https:\/\/macote.fr\/#website"},"primaryImageOfPage":{"@id":"https:\/\/macote.fr\/produit\/coque-iphone-carbone-forge-magsafe\/#primaryimage"},"image":{"@id":"https:\/\/macote.fr\/produit\/coque-iphone-carbone-forge-magsafe\/#primaryimage"},"thumbnailUrl":"https:\/\/macote.fr\/wp-content\/uploads\/2025\/05\/iphone-forged-new-gold_7c418b87-97d2-4695-a332-e93513fd7f6d.jpg","datePublished":"2025-05-24T19:36:02+00:00","dateModified":"2025-09-14T09:38:59+00:00","description":"Carcasas de iPhone de carbono forjado con reflejos preciosos, inspiradas en piedras raras como el zafiro, la esmeralda y la obsidiana. Protecci\u00f3n de alto rendimiento, dise\u00f1o \u00fanico, acabado premium.","breadcrumb":{"@id":"https:\/\/macote.fr\/produit\/coque-iphone-carbone-forge-magsafe\/#breadcrumb"},"inLanguage":"es","potentialAction":[{"@type":"ReadAction","target":["https:\/\/macote.fr\/produit\/coque-iphone-carbone-forge-magsafe\/"]}]},{"@type":"ImageObject","inLanguage":"es","@id":"https:\/\/macote.fr\/produit\/coque-iphone-carbone-forge-magsafe\/#primaryimage","url":"https:\/\/macote.fr\/wp-content\/uploads\/2025\/05\/iphone-forged-new-gold_7c418b87-97d2-4695-a332-e93513fd7f6d.jpg","contentUrl":"https:\/\/macote.fr\/wp-content\/uploads\/2025\/05\/iphone-forged-new-gold_7c418b87-97d2-4695-a332-e93513fd7f6d.jpg","width":900,"height":900,"caption":"Coque iPhone Carbone Forg\u00e9e OR - MagSafe"},{"@type":"BreadcrumbList","@id":"https:\/\/macote.fr\/produit\/coque-iphone-carbone-forge-magsafe\/#breadcrumb","itemListElement":[{"@type":"ListItem","position":1,"name":"Accueil","item":"https:\/\/macote.fr\/"},{"@type":"ListItem","position":2,"name":"Boutique","item":"https:\/\/macote.fr\/boutique\/"},{"@type":"ListItem","position":3,"name":"Coque Iphone Carbone forg\u00e9 &#8211; MagSafe"}]},{"@type":"WebSite","@id":"https:\/\/macote.fr\/#website","url":"https:\/\/macote.fr\/","name":"MyQuote.com","description":"Los mejores accesorios BMW","publisher":{"@id":"https:\/\/macote.fr\/#organization"},"alternateName":"BMW tuning","potentialAction":[{"@type":"SearchAction","target":{"@type":"EntryPoint","urlTemplate":"https:\/\/macote.fr\/?s={search_term_string}"},"query-input":{"@type":"PropertyValueSpecification","valueRequired":true,"valueName":"search_term_string"}}],"inLanguage":"es"},{"@type":"Organization","@id":"https:\/\/macote.fr\/#organization","name":"Macote.es","alternateName":"BMW tuning","url":"https:\/\/macote.fr\/","logo":{"@type":"ImageObject","inLanguage":"es","@id":"https:\/\/macote.fr\/#\/schema\/logo\/image\/","url":"https:\/\/macote.fr\/wp-content\/uploads\/2023\/11\/LOGO-macote.fr-dessin-bmw-noir-copy.jpg","contentUrl":"https:\/\/macote.fr\/wp-content\/uploads\/2023\/11\/LOGO-macote.fr-dessin-bmw-noir-copy.jpg","width":732,"height":456,"caption":"Macote.fr"},"image":{"@id":"https:\/\/macote.fr\/#\/schema\/logo\/image\/"},"sameAs":["https:\/\/www.facebook.com\/profile.php?id=100091476586119","https:\/\/www.youtube.com\/channel\/UCgO-YTbaxYO-w_C5GfL-_1w","https:\/\/www.tiktok.com\/@macote.fr?is_from_webapp=1&sender_device=pc","https:\/\/www.instagram.com\/i_xila_i\/"]}]}},"_links":{"self":[{"href":"https:\/\/macote.fr\/es\/wp-json\/wp\/v2\/product\/6396","targetHints":{"allow":["GET"]}}],"collection":[{"href":"https:\/\/macote.fr\/es\/wp-json\/wp\/v2\/product"}],"about":[{"href":"https:\/\/macote.fr\/es\/wp-json\/wp\/v2\/types\/product"}],"replies":[{"embeddable":true,"href":"https:\/\/macote.fr\/es\/wp-json\/wp\/v2\/comments?post=6396"}],"wp:featuredmedia":[{"embeddable":true,"href":"https:\/\/macote.fr\/es\/wp-json\/wp\/v2\/media\/6404"}],"wp:attachment":[{"href":"https:\/\/macote.fr\/es\/wp-json\/wp\/v2\/media?parent=6396"}],"wp:term":[{"taxonomy":"product_brand","embeddable":true,"href":"https:\/\/macote.fr\/es\/wp-json\/wp\/v2\/product_brand?post=6396"},{"taxonomy":"product_cat","embeddable":true,"href":"https:\/\/macote.fr\/es\/wp-json\/wp\/v2\/product_cat?post=6396"},{"taxonomy":"product_tag","embeddable":true,"href":"https:\/\/macote.fr\/es\/wp-json\/wp\/v2\/product_tag?post=6396"}],"curies":[{"name":"wp","href":"https:\/\/api.w.org\/{rel}","templated":true}]}}