{"id":6428,"date":"2025-05-28T14:56:24","date_gmt":"2025-05-28T12:56:24","guid":{"rendered":"https:\/\/macote.fr\/?post_type=product&#038;p=6428"},"modified":"2025-09-18T21:44:05","modified_gmt":"2025-09-18T19:44:05","slug":"carcasa-iphone-fibra-de-carbono-magsafe-braid","status":"publish","type":"product","link":"https:\/\/macote.fr\/es\/producto\/carcasa-iphone-fibra-de-carbono-magsafe-braid\/","title":{"rendered":"Funda de fibra de carbono trenzada para Iphone - MagSafe"},"content":{"rendered":"<h1 data-start=\"225\" data-end=\"300\">Funda de fibra de carbono trenzada original para iPhone - compatible con MagSafe<\/h1>\n<h3 data-start=\"302\" data-end=\"365\">La elegancia del rendimiento. Protecci\u00f3n sin concesiones.<\/h3>\n<p data-start=\"367\" data-end=\"733\">Dale a tu iPhone una protecci\u00f3n excepcional con nuestra funda en <strong data-start=\"436\" data-end=\"474\">Aut\u00e9ntica fibra de carbono trenzada<\/strong>dise\u00f1ado para combinar <strong data-start=\"495\" data-end=\"531\">tecnolog\u00eda, estilo y durabilidad<\/strong>. Inspirado por el mundo <strong>automoci\u00f3n<\/strong> y aviaci\u00f3n, cada casco se fabrica con la mejor calidad <strong data-start=\"619\" data-end=\"654\">carbono de calidad<\/strong>El resultado es un dise\u00f1o extremadamente ligero y resistente con un aspecto \u00fanico.<\/p>\n<hr data-start=\"735\" data-end=\"738\" \/>\n<h3 data-start=\"740\" data-end=\"760\">Lo m\u00e1s destacado:<\/h3>\n<ul data-start=\"761\" data-end=\"1327\">\n<li data-start=\"761\" data-end=\"854\">\n<p data-start=\"763\" data-end=\"854\"><strong data-start=\"763\" data-end=\"789\">Material de alta gama<\/strong> Aut\u00e9ntica fibra de carbono trenzada 3K, r\u00edgida y ultraligera.<\/p>\n<\/li>\n<li data-start=\"855\" data-end=\"966\">\n<p data-start=\"857\" data-end=\"966\"><strong data-start=\"857\" data-end=\"880\">Acabado artesanal<\/strong> Tejido visible bajo resina brillante, que ofrece una notable profundidad visual.<\/p>\n<\/li>\n<li data-start=\"967\" data-end=\"1102\">\n<p data-start=\"969\" data-end=\"1102\"><strong data-start=\"969\" data-end=\"995\">Compatibilidad con MagSafe<\/strong>\u00a0Perfectamente integrado para una carga r\u00e1pida y una fijaci\u00f3n segura con todos los accesorios MagSafe.<\/p>\n<\/li>\n<li data-start=\"1103\" data-end=\"1226\">\n<p data-start=\"1105\" data-end=\"1226\"><strong data-start=\"1105\" data-end=\"1129\">Protecci\u00f3n optimizada<\/strong> Bordes de policarbonato reforzado, esquinas absorbentes y un recorte preciso para la c\u00e1mara.<\/p>\n<\/li>\n<li data-start=\"1227\" data-end=\"1327\">\n<p data-start=\"1229\" data-end=\"1327\"><strong data-start=\"1229\" data-end=\"1262\">Dise\u00f1o refinado y minimalista<\/strong> Delgado, r\u00edgido y perfectamente adaptado a su modelo de iPhone.<\/p>\n<\/li>\n<\/ul>\n<hr data-start=\"1329\" data-end=\"1332\" \/>\n<h3 data-start=\"1334\" data-end=\"1385\">Disponible en una gama de colores exclusivos:<\/h3>\n<ul data-start=\"1386\" data-end=\"1773\">\n<li data-start=\"1386\" data-end=\"1456\">\n<p data-start=\"1388\" data-end=\"1456\"><strong data-start=\"1388\" data-end=\"1401\">Cl\u00e1sico<\/strong> Pura fibra de carbono negra, sobria y atemporal.<\/p>\n<\/li>\n<li data-start=\"1457\" data-end=\"1515\">\n<p data-start=\"1459\" data-end=\"1515\"><strong data-start=\"1459\" data-end=\"1472\">Amatista<\/strong> negro y morado: atrevidamente elegante.<\/p>\n<\/li>\n<li data-start=\"1516\" data-end=\"1568\">\n<p data-start=\"1518\" data-end=\"1568\"><strong data-start=\"1518\" data-end=\"1530\">Esmeralda<\/strong> Negro y verde: original y vibrante.<\/p>\n<\/li>\n<li data-start=\"1569\" data-end=\"1615\">\n<p data-start=\"1571\" data-end=\"1615\"><strong data-start=\"1571\" data-end=\"1577\">Oro<\/strong> negro y amarillo: lujoso y deportivo.<\/p>\n<\/li>\n<li data-start=\"1616\" data-end=\"1664\">\n<p data-start=\"1618\" data-end=\"1664\"><strong data-start=\"1618\" data-end=\"1627\">Ruby<\/strong> negro y rojo: din\u00e1mico y en\u00e9rgico.<\/p>\n<\/li>\n<li data-start=\"1665\" data-end=\"1714\">\n<p data-start=\"1667\" data-end=\"1714\"><strong data-start=\"1667\" data-end=\"1677\">Zafiro<\/strong> negro y azul: moderno y refinado.<\/p>\n<\/li>\n<li data-start=\"1715\" data-end=\"1773\">\n<p data-start=\"1717\" data-end=\"1773\"><strong data-start=\"1717\" data-end=\"1727\">Plata<\/strong> Negro y gris claro: neutros y sofisticados.<\/p>\n<\/li>\n<\/ul>\n<p>&nbsp;<\/p>\n<hr data-start=\"1950\" data-end=\"1953\" \/>\n<h3 data-start=\"1955\" data-end=\"2003\">Compatibilidad :<\/h3>\n<p><strong>Tenga en cuenta que las im\u00e1genes son meramente ilustrativas. Aunque las fotos muestren una funda para iPhone 16 Pro, recibir\u00e1s la funda correcta para el modelo que hayas elegido.<\/strong><\/p>\n<p>Iphone 17 Air; iPhone 17; iPhone 17 pro; iPhone 17 Pro Max<\/p>\n<p>iPhone 16 Pro Max; iPhone 16 Pro; iPhone 16 Plus; iPhone 16<\/p>\n<p>iPhone 15 Pro Max; iPhone 15 Pro; iPhone 15 Plus; iPhone 15;<\/p>\n<p>iPhone 14 Pro Max; iPhone 14 Pro; iPhone 14 Plus; iPhone 14<\/p>\n<p>iPhone 13 Pro Max; iPhone 13 Pro; iPhone 13 Mini; iPhone 13;<\/p>\n<p>iPhone 12 Pro Max; iPhone 12 Pro; iPhone 12 Mini; iPhone 12<\/p>\n<hr data-start=\"1950\" data-end=\"1953\" \/>\n<h3 data-start=\"1955\" data-end=\"2003\">\u00bfPor qu\u00e9 elegir fibra de carbono aut\u00e9ntica?<\/h3>\n<p data-start=\"2004\" data-end=\"2276\">A diferencia de las imitaciones de pl\u00e1stico o vinilo, nuestra carcasa est\u00e1 fabricada con un especial <strong data-start=\"2081\" data-end=\"2111\">Fibra de carbono aut\u00e9ntica<\/strong>el mismo material que se utiliza en los supercoches. El resultado es un tacto \u00fanico, una resistencia superior a la torsi\u00f3n y un aspecto de primera que perdura.<\/p>","protected":false},"excerpt":{"rendered":"<p>Carcasas de iPhone de carbono forjado con reflejos preciosos, inspiradas en piedras raras como el zafiro, la esmeralda y la obsidiana. Protecci\u00f3n de alto rendimiento, dise\u00f1o \u00fanico, acabado premium.<\/p>","protected":false},"featured_media":6449,"comment_status":"open","ping_status":"closed","template":"","meta":{"_eb_attr":""},"product_brand":[],"product_cat":[263,271,275],"product_tag":[],"class_list":{"0":"post-6428","1":"product","2":"type-product","3":"status-publish","4":"has-post-thumbnail","6":"product_cat-bmw-accessoires-fibre-de-carbone","7":"product_cat-bmw-accessoires-quotidien","8":"product_cat-coques-de-protection","10":"first","11":"instock","12":"taxable","13":"shipping-taxable","14":"purchasable","15":"product-type-variable"},"yoast_head":"<!-- This site is optimized with the Yoast SEO Premium plugin v20.7 (Yoast SEO v27.4) - https:\/\/yoast.com\/product\/yoast-seo-premium-wordpress\/ -->\n<title>Coque Iphone Fibre de carbone tress\u00e9 - MagSafe - MaCote.fr<\/title>\n<meta name=\"description\" content=\"Des coques iPhone en Fibre de carbone tress\u00e9 aux reflets pr\u00e9cieux, inspir\u00e9es de pierres rares comme le saphir, l\u2019\u00e9meraude ou l\u2019obsidienne. Protection haute performance, design unique, finition premium.\" \/>\n<meta name=\"robots\" content=\"index, follow, max-snippet:-1, max-image-preview:large, max-video-preview:-1\" \/>\n<link rel=\"canonical\" href=\"https:\/\/macote.fr\/es\/producto\/carcasa-iphone-fibra-de-carbono-magsafe-braid\/\" \/>\n<meta property=\"og:locale\" content=\"es_ES\" \/>\n<meta property=\"og:type\" content=\"article\" \/>\n<meta property=\"og:title\" content=\"Coque Iphone Fibre de carbone tress\u00e9 - MagSafe\" \/>\n<meta property=\"og:description\" content=\"Des coques iPhone en Fibre de carbone tress\u00e9 aux reflets pr\u00e9cieux, inspir\u00e9es de pierres rares comme le saphir, l\u2019\u00e9meraude ou l\u2019obsidienne. Protection haute performance, design unique, finition premium.\" \/>\n<meta property=\"og:url\" content=\"https:\/\/macote.fr\/es\/producto\/carcasa-iphone-fibra-de-carbono-magsafe-braid\/\" \/>\n<meta property=\"og:site_name\" content=\"MaCote.fr\" \/>\n<meta property=\"article:publisher\" content=\"https:\/\/www.facebook.com\/profile.php?id=100091476586119\" \/>\n<meta property=\"article:modified_time\" content=\"2025-09-18T19:44:05+00:00\" \/>\n<meta property=\"og:image\" content=\"https:\/\/macote.fr\/wp-content\/uploads\/2025\/05\/Carbone-Fiber-Iphone-Case-Silver.jpg\" \/>\n\t<meta property=\"og:image:width\" content=\"900\" \/>\n\t<meta property=\"og:image:height\" content=\"900\" \/>\n\t<meta property=\"og:image:type\" content=\"image\/jpeg\" \/>\n<meta name=\"twitter:card\" content=\"summary_large_image\" \/>\n<meta name=\"twitter:label1\" content=\"Tiempo de lectura\" \/>\n\t<meta name=\"twitter:data1\" content=\"2 minutos\" \/>\n<script type=\"application\/ld+json\" class=\"yoast-schema-graph\">{\"@context\":\"https:\\\/\\\/schema.org\",\"@graph\":[{\"@type\":\"WebPage\",\"@id\":\"https:\\\/\\\/macote.fr\\\/produit\\\/coque-iphone-fibre-de-carbone-tresse-magsafe\\\/\",\"url\":\"https:\\\/\\\/macote.fr\\\/produit\\\/coque-iphone-fibre-de-carbone-tresse-magsafe\\\/\",\"name\":\"Coque Iphone Fibre de carbone tress\u00e9 - MagSafe - MaCote.fr\",\"isPartOf\":{\"@id\":\"https:\\\/\\\/macote.fr\\\/#website\"},\"primaryImageOfPage\":{\"@id\":\"https:\\\/\\\/macote.fr\\\/produit\\\/coque-iphone-fibre-de-carbone-tresse-magsafe\\\/#primaryimage\"},\"image\":{\"@id\":\"https:\\\/\\\/macote.fr\\\/produit\\\/coque-iphone-fibre-de-carbone-tresse-magsafe\\\/#primaryimage\"},\"thumbnailUrl\":\"https:\\\/\\\/macote.fr\\\/wp-content\\\/uploads\\\/2025\\\/05\\\/Carbone-Fiber-Iphone-Case-Silver.jpg\",\"datePublished\":\"2025-05-28T12:56:24+00:00\",\"dateModified\":\"2025-09-18T19:44:05+00:00\",\"description\":\"Des coques iPhone en Fibre de carbone tress\u00e9 aux reflets pr\u00e9cieux, inspir\u00e9es de pierres rares comme le saphir, l\u2019\u00e9meraude ou l\u2019obsidienne. Protection haute performance, design unique, finition premium.\",\"breadcrumb\":{\"@id\":\"https:\\\/\\\/macote.fr\\\/produit\\\/coque-iphone-fibre-de-carbone-tresse-magsafe\\\/#breadcrumb\"},\"inLanguage\":\"es\",\"potentialAction\":[{\"@type\":\"ReadAction\",\"target\":[\"https:\\\/\\\/macote.fr\\\/produit\\\/coque-iphone-fibre-de-carbone-tresse-magsafe\\\/\"]}]},{\"@type\":\"ImageObject\",\"inLanguage\":\"es\",\"@id\":\"https:\\\/\\\/macote.fr\\\/produit\\\/coque-iphone-fibre-de-carbone-tresse-magsafe\\\/#primaryimage\",\"url\":\"https:\\\/\\\/macote.fr\\\/wp-content\\\/uploads\\\/2025\\\/05\\\/Carbone-Fiber-Iphone-Case-Silver.jpg\",\"contentUrl\":\"https:\\\/\\\/macote.fr\\\/wp-content\\\/uploads\\\/2025\\\/05\\\/Carbone-Fiber-Iphone-Case-Silver.jpg\",\"width\":900,\"height\":900,\"caption\":\"Coque Iphone Fibre de carbone tress\u00e9 Argent\"},{\"@type\":\"BreadcrumbList\",\"@id\":\"https:\\\/\\\/macote.fr\\\/produit\\\/coque-iphone-fibre-de-carbone-tresse-magsafe\\\/#breadcrumb\",\"itemListElement\":[{\"@type\":\"ListItem\",\"position\":1,\"name\":\"Accueil\",\"item\":\"https:\\\/\\\/macote.fr\\\/\"},{\"@type\":\"ListItem\",\"position\":2,\"name\":\"Boutique\",\"item\":\"https:\\\/\\\/macote.fr\\\/boutique\\\/\"},{\"@type\":\"ListItem\",\"position\":3,\"name\":\"Coque Iphone Fibre de carbone tress\u00e9 &#8211; MagSafe\"}]},{\"@type\":\"WebSite\",\"@id\":\"https:\\\/\\\/macote.fr\\\/#website\",\"url\":\"https:\\\/\\\/macote.fr\\\/\",\"name\":\"MaCote.fr\",\"description\":\"BMW best accessories\",\"publisher\":{\"@id\":\"https:\\\/\\\/macote.fr\\\/#organization\"},\"alternateName\":\"BMW tuning\",\"potentialAction\":[{\"@type\":\"SearchAction\",\"target\":{\"@type\":\"EntryPoint\",\"urlTemplate\":\"https:\\\/\\\/macote.fr\\\/?s={search_term_string}\"},\"query-input\":{\"@type\":\"PropertyValueSpecification\",\"valueRequired\":true,\"valueName\":\"search_term_string\"}}],\"inLanguage\":\"es\"},{\"@type\":\"Organization\",\"@id\":\"https:\\\/\\\/macote.fr\\\/#organization\",\"name\":\"Macote.fr\",\"alternateName\":\"BMW tuning\",\"url\":\"https:\\\/\\\/macote.fr\\\/\",\"logo\":{\"@type\":\"ImageObject\",\"inLanguage\":\"es\",\"@id\":\"https:\\\/\\\/macote.fr\\\/#\\\/schema\\\/logo\\\/image\\\/\",\"url\":\"https:\\\/\\\/macote.fr\\\/wp-content\\\/uploads\\\/2023\\\/11\\\/LOGO-macote.fr-dessin-bmw-noir-copy.jpg\",\"contentUrl\":\"https:\\\/\\\/macote.fr\\\/wp-content\\\/uploads\\\/2023\\\/11\\\/LOGO-macote.fr-dessin-bmw-noir-copy.jpg\",\"width\":732,\"height\":456,\"caption\":\"Macote.fr\"},\"image\":{\"@id\":\"https:\\\/\\\/macote.fr\\\/#\\\/schema\\\/logo\\\/image\\\/\"},\"sameAs\":[\"https:\\\/\\\/www.facebook.com\\\/profile.php?id=100091476586119\",\"https:\\\/\\\/www.youtube.com\\\/channel\\\/UCgO-YTbaxYO-w_C5GfL-_1w\",\"https:\\\/\\\/www.tiktok.com\\\/@macote.fr?is_from_webapp=1&sender_device=pc\",\"https:\\\/\\\/www.instagram.com\\\/i_xila_i\\\/\"]}]}<\/script>\n<!-- \/ Yoast SEO Premium plugin. -->","yoast_head_json":{"title":"Carcasa de fibra de carbono trenzada para Iphone - MagSafe - MaCote.fr","description":"Fundas para iPhone de fibra de carbono tejida con reflejos preciosos, inspiradas en piedras raras como el zafiro, la esmeralda y la obsidiana. Protecci\u00f3n de alto rendimiento, dise\u00f1o \u00fanico y acabado premium.","robots":{"index":"index","follow":"follow","max-snippet":"max-snippet:-1","max-image-preview":"max-image-preview:large","max-video-preview":"max-video-preview:-1"},"canonical":"https:\/\/macote.fr\/es\/producto\/carcasa-iphone-fibra-de-carbono-magsafe-braid\/","og_locale":"es_ES","og_type":"article","og_title":"Coque Iphone Fibre de carbone tress\u00e9 - MagSafe","og_description":"Des coques iPhone en Fibre de carbone tress\u00e9 aux reflets pr\u00e9cieux, inspir\u00e9es de pierres rares comme le saphir, l\u2019\u00e9meraude ou l\u2019obsidienne. Protection haute performance, design unique, finition premium.","og_url":"https:\/\/macote.fr\/es\/producto\/carcasa-iphone-fibra-de-carbono-magsafe-braid\/","og_site_name":"MaCote.fr","article_publisher":"https:\/\/www.facebook.com\/profile.php?id=100091476586119","article_modified_time":"2025-09-18T19:44:05+00:00","og_image":[{"width":900,"height":900,"url":"https:\/\/macote.fr\/wp-content\/uploads\/2025\/05\/Carbone-Fiber-Iphone-Case-Silver.jpg","type":"image\/jpeg"}],"twitter_card":"summary_large_image","twitter_misc":{"Tiempo de lectura":"2 minutos"},"schema":{"@context":"https:\/\/schema.org","@graph":[{"@type":"WebPage","@id":"https:\/\/macote.fr\/produit\/coque-iphone-fibre-de-carbone-tresse-magsafe\/","url":"https:\/\/macote.fr\/produit\/coque-iphone-fibre-de-carbone-tresse-magsafe\/","name":"Carcasa de fibra de carbono trenzada para Iphone - MagSafe - MaCote.fr","isPartOf":{"@id":"https:\/\/macote.fr\/#website"},"primaryImageOfPage":{"@id":"https:\/\/macote.fr\/produit\/coque-iphone-fibre-de-carbone-tresse-magsafe\/#primaryimage"},"image":{"@id":"https:\/\/macote.fr\/produit\/coque-iphone-fibre-de-carbone-tresse-magsafe\/#primaryimage"},"thumbnailUrl":"https:\/\/macote.fr\/wp-content\/uploads\/2025\/05\/Carbone-Fiber-Iphone-Case-Silver.jpg","datePublished":"2025-05-28T12:56:24+00:00","dateModified":"2025-09-18T19:44:05+00:00","description":"Fundas para iPhone de fibra de carbono tejida con reflejos preciosos, inspiradas en piedras raras como el zafiro, la esmeralda y la obsidiana. Protecci\u00f3n de alto rendimiento, dise\u00f1o \u00fanico y acabado premium.","breadcrumb":{"@id":"https:\/\/macote.fr\/produit\/coque-iphone-fibre-de-carbone-tresse-magsafe\/#breadcrumb"},"inLanguage":"es","potentialAction":[{"@type":"ReadAction","target":["https:\/\/macote.fr\/produit\/coque-iphone-fibre-de-carbone-tresse-magsafe\/"]}]},{"@type":"ImageObject","inLanguage":"es","@id":"https:\/\/macote.fr\/produit\/coque-iphone-fibre-de-carbone-tresse-magsafe\/#primaryimage","url":"https:\/\/macote.fr\/wp-content\/uploads\/2025\/05\/Carbone-Fiber-Iphone-Case-Silver.jpg","contentUrl":"https:\/\/macote.fr\/wp-content\/uploads\/2025\/05\/Carbone-Fiber-Iphone-Case-Silver.jpg","width":900,"height":900,"caption":"Coque Iphone Fibre de carbone tress\u00e9 Argent"},{"@type":"BreadcrumbList","@id":"https:\/\/macote.fr\/produit\/coque-iphone-fibre-de-carbone-tresse-magsafe\/#breadcrumb","itemListElement":[{"@type":"ListItem","position":1,"name":"Accueil","item":"https:\/\/macote.fr\/"},{"@type":"ListItem","position":2,"name":"Boutique","item":"https:\/\/macote.fr\/boutique\/"},{"@type":"ListItem","position":3,"name":"Coque Iphone Fibre de carbone tress\u00e9 &#8211; MagSafe"}]},{"@type":"WebSite","@id":"https:\/\/macote.fr\/#website","url":"https:\/\/macote.fr\/","name":"MyQuote.com","description":"Los mejores accesorios BMW","publisher":{"@id":"https:\/\/macote.fr\/#organization"},"alternateName":"BMW tuning","potentialAction":[{"@type":"SearchAction","target":{"@type":"EntryPoint","urlTemplate":"https:\/\/macote.fr\/?s={search_term_string}"},"query-input":{"@type":"PropertyValueSpecification","valueRequired":true,"valueName":"search_term_string"}}],"inLanguage":"es"},{"@type":"Organization","@id":"https:\/\/macote.fr\/#organization","name":"Macote.es","alternateName":"BMW tuning","url":"https:\/\/macote.fr\/","logo":{"@type":"ImageObject","inLanguage":"es","@id":"https:\/\/macote.fr\/#\/schema\/logo\/image\/","url":"https:\/\/macote.fr\/wp-content\/uploads\/2023\/11\/LOGO-macote.fr-dessin-bmw-noir-copy.jpg","contentUrl":"https:\/\/macote.fr\/wp-content\/uploads\/2023\/11\/LOGO-macote.fr-dessin-bmw-noir-copy.jpg","width":732,"height":456,"caption":"Macote.fr"},"image":{"@id":"https:\/\/macote.fr\/#\/schema\/logo\/image\/"},"sameAs":["https:\/\/www.facebook.com\/profile.php?id=100091476586119","https:\/\/www.youtube.com\/channel\/UCgO-YTbaxYO-w_C5GfL-_1w","https:\/\/www.tiktok.com\/@macote.fr?is_from_webapp=1&sender_device=pc","https:\/\/www.instagram.com\/i_xila_i\/"]}]}},"_links":{"self":[{"href":"https:\/\/macote.fr\/es\/wp-json\/wp\/v2\/product\/6428","targetHints":{"allow":["GET"]}}],"collection":[{"href":"https:\/\/macote.fr\/es\/wp-json\/wp\/v2\/product"}],"about":[{"href":"https:\/\/macote.fr\/es\/wp-json\/wp\/v2\/types\/product"}],"replies":[{"embeddable":true,"href":"https:\/\/macote.fr\/es\/wp-json\/wp\/v2\/comments?post=6428"}],"wp:featuredmedia":[{"embeddable":true,"href":"https:\/\/macote.fr\/es\/wp-json\/wp\/v2\/media\/6449"}],"wp:attachment":[{"href":"https:\/\/macote.fr\/es\/wp-json\/wp\/v2\/media?parent=6428"}],"wp:term":[{"taxonomy":"product_brand","embeddable":true,"href":"https:\/\/macote.fr\/es\/wp-json\/wp\/v2\/product_brand?post=6428"},{"taxonomy":"product_cat","embeddable":true,"href":"https:\/\/macote.fr\/es\/wp-json\/wp\/v2\/product_cat?post=6428"},{"taxonomy":"product_tag","embeddable":true,"href":"https:\/\/macote.fr\/es\/wp-json\/wp\/v2\/product_tag?post=6428"}],"curies":[{"name":"wp","href":"https:\/\/api.w.org\/{rel}","templated":true}]}}