{"id":6452,"date":"2025-05-28T16:11:18","date_gmt":"2025-05-28T14:11:18","guid":{"rendered":"https:\/\/macote.fr\/?post_type=product&#038;p=6452"},"modified":"2025-05-28T16:31:28","modified_gmt":"2025-05-28T14:31:28","slug":"airpods-estuche-protector-de-carbono-forjado","status":"publish","type":"product","link":"https:\/\/macote.fr\/es\/producto\/airpods-estuche-protector-de-carbono-forjado\/","title":{"rendered":"Carcasa protectora de carbono forjado para los Airpods"},"content":{"rendered":"<h1 style=\"text-align: center;\" data-start=\"166\" data-end=\"246\">Estuche de carbono forjado premium para los AirPods<\/h1>\n<h3 data-start=\"248\" data-end=\"310\">El accesorio definitivo para mejorar y proteger tus AirPods.<\/h3>\n<p data-start=\"312\" data-end=\"655\">Dale a tus AirPods un estuche digno de su tecnolog\u00eda con nuestro <strong data-start=\"386\" data-end=\"422\">aut\u00e9ntico casco de carbono forjado<\/strong>Este material excepcional se utiliza en autom\u00f3viles de lujo y relojes de alta gama. Cada pieza es \u00fanica, con una estructura jaspeada aleatoria realzada por destellos de color, para un acabado tan sofisticado como resistente.<\/p>\n<hr data-start=\"657\" data-end=\"660\" \/>\n<h3 data-start=\"662\" data-end=\"682\">\u2705 Aspectos destacados :<\/h3>\n<ul data-start=\"683\" data-end=\"1365\">\n<li data-start=\"683\" data-end=\"812\">\n<p data-start=\"685\" data-end=\"812\"><strong data-start=\"685\" data-end=\"717\">Material noble y aut\u00e9ntico<\/strong> : real <strong data-start=\"730\" data-end=\"747\">carbono forjado<\/strong> ultraligero y resistente a golpes y ara\u00f1azos.<\/p>\n<\/li>\n<li data-start=\"813\" data-end=\"935\">\n<p data-start=\"815\" data-end=\"935\"><strong data-start=\"815\" data-end=\"847\">Dise\u00f1o \u00fanico para cada carcasa<\/strong> estructura de fibra aleatoria, cada modelo es literalmente <strong data-start=\"914\" data-end=\"934\">una pieza \u00fanica<\/strong>.<\/p>\n<\/li>\n<li data-start=\"936\" data-end=\"1027\">\n<p data-start=\"938\" data-end=\"1027\"><strong data-start=\"938\" data-end=\"964\">Acabado de alta gama<\/strong> Barniz brillante como el espejo o mate como la seda, seg\u00fan la versi\u00f3n.<\/p>\n<\/li>\n<li data-start=\"1028\" data-end=\"1163\">\n<p data-start=\"1030\" data-end=\"1163\"><strong data-start=\"1030\" data-end=\"1054\">Protecci\u00f3n integral<\/strong> AirPods: cubre perfectamente el estuche de los AirPods, dejando libre el acceso al puerto de carga y al LED de estado.<\/p>\n<\/li>\n<li data-start=\"1164\" data-end=\"1256\">\n<p data-start=\"1166\" data-end=\"1256\"><strong data-start=\"1166\" data-end=\"1198\">Compatible con carga inal\u00e1mbrica<\/strong> Funciona perfectamente con cargadores de inducci\u00f3n.<\/p>\n<\/li>\n<li data-start=\"1257\" data-end=\"1365\">\n<p data-start=\"1259\" data-end=\"1365\"><strong data-start=\"1259\" data-end=\"1302\">Instalaci\u00f3n sencilla y sujeci\u00f3n segura<\/strong> Sin deslizamientos ni obstrucciones al abrir y cerrar la maleta.<\/p>\n<\/li>\n<\/ul>\n<hr data-start=\"1367\" data-end=\"1370\" \/>\n<h3 data-start=\"1372\" data-end=\"1405\">Variantes disponibles:<\/h3>\n<ul data-start=\"1406\" data-end=\"1906\">\n<li data-start=\"1406\" data-end=\"1465\">\n<p data-start=\"1408\" data-end=\"1465\"><strong data-start=\"1408\" data-end=\"1421\">Amatista<\/strong> - destellos p\u00farpura para una elegancia moderna.<\/p>\n<\/li>\n<li data-start=\"1466\" data-end=\"1518\">\n<p data-start=\"1468\" data-end=\"1518\"><strong data-start=\"1468\" data-end=\"1480\">Esmeralda<\/strong> - destellos verdes, estilo natural y vivo.<\/p>\n<\/li>\n<li data-start=\"1519\" data-end=\"1577\">\n<p data-start=\"1521\" data-end=\"1577\"><strong data-start=\"1521\" data-end=\"1527\">Oro<\/strong> - para los amantes del lujo.<\/p>\n<\/li>\n<li data-start=\"1578\" data-end=\"1635\">\n<p data-start=\"1580\" data-end=\"1635\"><strong data-start=\"1580\" data-end=\"1589\">Ruby<\/strong> - rojo profundo, potente y picante.<\/p>\n<\/li>\n<li data-start=\"1636\" data-end=\"1712\">\n<p data-start=\"1638\" data-end=\"1712\"><strong data-start=\"1638\" data-end=\"1648\">Zafiro<\/strong> - Destellos azules intensos, que recuerdan a la tecnolog\u00eda de precisi\u00f3n.<\/p>\n<\/li>\n<li data-start=\"1787\" data-end=\"1841\">\n<p data-start=\"1789\" data-end=\"1841\"><strong data-start=\"1789\" data-end=\"1803\">Obsidiana<\/strong> - negro profundo, efecto espejo intenso.<\/p>\n<\/li>\n<li data-start=\"1842\" data-end=\"1906\">\n<p data-start=\"1844\" data-end=\"1906\"><strong data-start=\"1844\" data-end=\"1857\">Forjado mate<\/strong> - una versi\u00f3n cruda, depurada, sobria y t\u00e9cnica.<\/p>\n<\/li>\n<\/ul>\n<hr data-start=\"1908\" data-end=\"1911\" \/>\n<h3 data-start=\"1913\" data-end=\"1935\">\ud83d\udd27 Compatibilidad:<\/h3>\n<ul data-start=\"1936\" data-end=\"2032\">\n<li data-start=\"1936\" data-end=\"1961\">\n<p data-start=\"1938\" data-end=\"1961\"><strong data-start=\"1938\" data-end=\"1959\">AirPods Pro 1 y 2<\/strong><\/p>\n<\/li>\n<li data-start=\"1962\" data-end=\"2032\">\n<p data-start=\"1964\" data-end=\"2032\"><strong data-start=\"1964\" data-end=\"2032\">AirPods 3<\/strong><\/p>\n<\/li>\n<\/ul>\n<hr data-start=\"2034\" data-end=\"2037\" \/>\n<h3 data-start=\"2039\" data-end=\"2078\">\u00bfPor qu\u00e9 elegir carbono forjado?<\/h3>\n<p data-start=\"2079\" data-end=\"2394\">Le <strong data-start=\"2082\" data-end=\"2099\">carbono forjado<\/strong> es un material excepcional fabricado con fibras comprimidas a alta presi\u00f3n. Combina <strong data-start=\"2188\" data-end=\"2226\">resistente, ligero y atractivo<\/strong>. A diferencia de las carcasas de pl\u00e1stico o silicona, no se deforma y conserva su brillo con el paso del tiempo. Este es el <strong data-start=\"2346\" data-end=\"2393\">la fusi\u00f3n perfecta de tecnolog\u00eda y dise\u00f1o<\/strong>.<\/p>\n<hr data-start=\"2396\" data-end=\"2399\" \/>","protected":false},"excerpt":{"rendered":"<p>Convierte tus AirPods en un accesorio con estilo. Robustos. Refinados. Absolutamente \u00fanicos.<\/p>","protected":false},"featured_media":6481,"comment_status":"open","ping_status":"closed","template":"","meta":{"_eb_attr":""},"product_brand":[],"product_cat":[263,271,275],"product_tag":[],"class_list":{"0":"post-6452","1":"product","2":"type-product","3":"status-publish","4":"has-post-thumbnail","6":"product_cat-bmw-accessoires-fibre-de-carbone","7":"product_cat-bmw-accessoires-quotidien","8":"product_cat-coques-de-protection","10":"first","11":"instock","12":"taxable","13":"shipping-taxable","14":"purchasable","15":"product-type-variable"},"yoast_head":"<!-- This site is optimized with the Yoast SEO Premium plugin v20.7 (Yoast SEO v27.4) - https:\/\/yoast.com\/product\/yoast-seo-premium-wordpress\/ -->\n<title>Coque de protection Airpods en Carbone Forg\u00e9 - MaCote.fr<\/title>\n<meta name=\"robots\" content=\"index, follow, max-snippet:-1, max-image-preview:large, max-video-preview:-1\" \/>\n<link rel=\"canonical\" href=\"https:\/\/macote.fr\/es\/producto\/airpods-estuche-protector-de-carbono-forjado\/\" \/>\n<meta property=\"og:locale\" content=\"es_ES\" \/>\n<meta property=\"og:type\" content=\"article\" \/>\n<meta property=\"og:title\" content=\"Coque de protection Airpods en Carbone Forg\u00e9\" \/>\n<meta property=\"og:description\" content=\"Transformez vos AirPods en accessoire de style. Robuste. Raffin\u00e9. Absolument unique.\" \/>\n<meta property=\"og:url\" content=\"https:\/\/macote.fr\/es\/producto\/airpods-estuche-protector-de-carbono-forjado\/\" \/>\n<meta property=\"og:site_name\" content=\"MaCote.fr\" \/>\n<meta property=\"article:publisher\" content=\"https:\/\/www.facebook.com\/profile.php?id=100091476586119\" \/>\n<meta property=\"article:modified_time\" content=\"2025-05-28T14:31:28+00:00\" \/>\n<meta property=\"og:image\" content=\"https:\/\/macote.fr\/wp-content\/uploads\/2025\/05\/Airpods-Forged-Carbon-Case-sapphire.jpg\" \/>\n\t<meta property=\"og:image:width\" content=\"900\" \/>\n\t<meta property=\"og:image:height\" content=\"900\" \/>\n\t<meta property=\"og:image:type\" content=\"image\/jpeg\" \/>\n<meta name=\"twitter:card\" content=\"summary_large_image\" \/>\n<meta name=\"twitter:label1\" content=\"Tiempo de lectura\" \/>\n\t<meta name=\"twitter:data1\" content=\"2 minutos\" \/>\n<script type=\"application\/ld+json\" class=\"yoast-schema-graph\">{\"@context\":\"https:\\\/\\\/schema.org\",\"@graph\":[{\"@type\":\"WebPage\",\"@id\":\"https:\\\/\\\/macote.fr\\\/produit\\\/coque-de-protection-airpods-en-carbone-forge\\\/\",\"url\":\"https:\\\/\\\/macote.fr\\\/produit\\\/coque-de-protection-airpods-en-carbone-forge\\\/\",\"name\":\"Coque de protection Airpods en Carbone Forg\u00e9 - MaCote.fr\",\"isPartOf\":{\"@id\":\"https:\\\/\\\/macote.fr\\\/#website\"},\"primaryImageOfPage\":{\"@id\":\"https:\\\/\\\/macote.fr\\\/produit\\\/coque-de-protection-airpods-en-carbone-forge\\\/#primaryimage\"},\"image\":{\"@id\":\"https:\\\/\\\/macote.fr\\\/produit\\\/coque-de-protection-airpods-en-carbone-forge\\\/#primaryimage\"},\"thumbnailUrl\":\"https:\\\/\\\/macote.fr\\\/wp-content\\\/uploads\\\/2025\\\/05\\\/Airpods-Forged-Carbon-Case-sapphire.jpg\",\"datePublished\":\"2025-05-28T14:11:18+00:00\",\"dateModified\":\"2025-05-28T14:31:28+00:00\",\"breadcrumb\":{\"@id\":\"https:\\\/\\\/macote.fr\\\/produit\\\/coque-de-protection-airpods-en-carbone-forge\\\/#breadcrumb\"},\"inLanguage\":\"es\",\"potentialAction\":[{\"@type\":\"ReadAction\",\"target\":[\"https:\\\/\\\/macote.fr\\\/produit\\\/coque-de-protection-airpods-en-carbone-forge\\\/\"]}]},{\"@type\":\"ImageObject\",\"inLanguage\":\"es\",\"@id\":\"https:\\\/\\\/macote.fr\\\/produit\\\/coque-de-protection-airpods-en-carbone-forge\\\/#primaryimage\",\"url\":\"https:\\\/\\\/macote.fr\\\/wp-content\\\/uploads\\\/2025\\\/05\\\/Airpods-Forged-Carbon-Case-sapphire.jpg\",\"contentUrl\":\"https:\\\/\\\/macote.fr\\\/wp-content\\\/uploads\\\/2025\\\/05\\\/Airpods-Forged-Carbon-Case-sapphire.jpg\",\"width\":900,\"height\":900,\"caption\":\"Coque Airpods Carbone Forg\u00e9 saphir\"},{\"@type\":\"BreadcrumbList\",\"@id\":\"https:\\\/\\\/macote.fr\\\/produit\\\/coque-de-protection-airpods-en-carbone-forge\\\/#breadcrumb\",\"itemListElement\":[{\"@type\":\"ListItem\",\"position\":1,\"name\":\"Accueil\",\"item\":\"https:\\\/\\\/macote.fr\\\/\"},{\"@type\":\"ListItem\",\"position\":2,\"name\":\"Boutique\",\"item\":\"https:\\\/\\\/macote.fr\\\/boutique\\\/\"},{\"@type\":\"ListItem\",\"position\":3,\"name\":\"Coque de protection Airpods en Carbone Forg\u00e9\"}]},{\"@type\":\"WebSite\",\"@id\":\"https:\\\/\\\/macote.fr\\\/#website\",\"url\":\"https:\\\/\\\/macote.fr\\\/\",\"name\":\"MaCote.fr\",\"description\":\"BMW best accessories\",\"publisher\":{\"@id\":\"https:\\\/\\\/macote.fr\\\/#organization\"},\"alternateName\":\"BMW tuning\",\"potentialAction\":[{\"@type\":\"SearchAction\",\"target\":{\"@type\":\"EntryPoint\",\"urlTemplate\":\"https:\\\/\\\/macote.fr\\\/?s={search_term_string}\"},\"query-input\":{\"@type\":\"PropertyValueSpecification\",\"valueRequired\":true,\"valueName\":\"search_term_string\"}}],\"inLanguage\":\"es\"},{\"@type\":\"Organization\",\"@id\":\"https:\\\/\\\/macote.fr\\\/#organization\",\"name\":\"Macote.fr\",\"alternateName\":\"BMW tuning\",\"url\":\"https:\\\/\\\/macote.fr\\\/\",\"logo\":{\"@type\":\"ImageObject\",\"inLanguage\":\"es\",\"@id\":\"https:\\\/\\\/macote.fr\\\/#\\\/schema\\\/logo\\\/image\\\/\",\"url\":\"https:\\\/\\\/macote.fr\\\/wp-content\\\/uploads\\\/2023\\\/11\\\/LOGO-macote.fr-dessin-bmw-noir-copy.jpg\",\"contentUrl\":\"https:\\\/\\\/macote.fr\\\/wp-content\\\/uploads\\\/2023\\\/11\\\/LOGO-macote.fr-dessin-bmw-noir-copy.jpg\",\"width\":732,\"height\":456,\"caption\":\"Macote.fr\"},\"image\":{\"@id\":\"https:\\\/\\\/macote.fr\\\/#\\\/schema\\\/logo\\\/image\\\/\"},\"sameAs\":[\"https:\\\/\\\/www.facebook.com\\\/profile.php?id=100091476586119\",\"https:\\\/\\\/www.youtube.com\\\/channel\\\/UCgO-YTbaxYO-w_C5GfL-_1w\",\"https:\\\/\\\/www.tiktok.com\\\/@macote.fr?is_from_webapp=1&sender_device=pc\",\"https:\\\/\\\/www.instagram.com\\\/i_xila_i\\\/\"]}]}<\/script>\n<!-- \/ Yoast SEO Premium plugin. -->","yoast_head_json":{"title":"Estuche protector de carbono forjado para los Airpods - MaCote.fr","robots":{"index":"index","follow":"follow","max-snippet":"max-snippet:-1","max-image-preview":"max-image-preview:large","max-video-preview":"max-video-preview:-1"},"canonical":"https:\/\/macote.fr\/es\/producto\/airpods-estuche-protector-de-carbono-forjado\/","og_locale":"es_ES","og_type":"article","og_title":"Coque de protection Airpods en Carbone Forg\u00e9","og_description":"Transformez vos AirPods en accessoire de style. Robuste. Raffin\u00e9. Absolument unique.","og_url":"https:\/\/macote.fr\/es\/producto\/airpods-estuche-protector-de-carbono-forjado\/","og_site_name":"MaCote.fr","article_publisher":"https:\/\/www.facebook.com\/profile.php?id=100091476586119","article_modified_time":"2025-05-28T14:31:28+00:00","og_image":[{"width":900,"height":900,"url":"https:\/\/macote.fr\/wp-content\/uploads\/2025\/05\/Airpods-Forged-Carbon-Case-sapphire.jpg","type":"image\/jpeg"}],"twitter_card":"summary_large_image","twitter_misc":{"Tiempo de lectura":"2 minutos"},"schema":{"@context":"https:\/\/schema.org","@graph":[{"@type":"WebPage","@id":"https:\/\/macote.fr\/produit\/coque-de-protection-airpods-en-carbone-forge\/","url":"https:\/\/macote.fr\/produit\/coque-de-protection-airpods-en-carbone-forge\/","name":"Estuche protector de carbono forjado para los Airpods - MaCote.fr","isPartOf":{"@id":"https:\/\/macote.fr\/#website"},"primaryImageOfPage":{"@id":"https:\/\/macote.fr\/produit\/coque-de-protection-airpods-en-carbone-forge\/#primaryimage"},"image":{"@id":"https:\/\/macote.fr\/produit\/coque-de-protection-airpods-en-carbone-forge\/#primaryimage"},"thumbnailUrl":"https:\/\/macote.fr\/wp-content\/uploads\/2025\/05\/Airpods-Forged-Carbon-Case-sapphire.jpg","datePublished":"2025-05-28T14:11:18+00:00","dateModified":"2025-05-28T14:31:28+00:00","breadcrumb":{"@id":"https:\/\/macote.fr\/produit\/coque-de-protection-airpods-en-carbone-forge\/#breadcrumb"},"inLanguage":"es","potentialAction":[{"@type":"ReadAction","target":["https:\/\/macote.fr\/produit\/coque-de-protection-airpods-en-carbone-forge\/"]}]},{"@type":"ImageObject","inLanguage":"es","@id":"https:\/\/macote.fr\/produit\/coque-de-protection-airpods-en-carbone-forge\/#primaryimage","url":"https:\/\/macote.fr\/wp-content\/uploads\/2025\/05\/Airpods-Forged-Carbon-Case-sapphire.jpg","contentUrl":"https:\/\/macote.fr\/wp-content\/uploads\/2025\/05\/Airpods-Forged-Carbon-Case-sapphire.jpg","width":900,"height":900,"caption":"Coque Airpods Carbone Forg\u00e9 saphir"},{"@type":"BreadcrumbList","@id":"https:\/\/macote.fr\/produit\/coque-de-protection-airpods-en-carbone-forge\/#breadcrumb","itemListElement":[{"@type":"ListItem","position":1,"name":"Accueil","item":"https:\/\/macote.fr\/"},{"@type":"ListItem","position":2,"name":"Boutique","item":"https:\/\/macote.fr\/boutique\/"},{"@type":"ListItem","position":3,"name":"Coque de protection Airpods en Carbone Forg\u00e9"}]},{"@type":"WebSite","@id":"https:\/\/macote.fr\/#website","url":"https:\/\/macote.fr\/","name":"MyQuote.com","description":"Los mejores accesorios BMW","publisher":{"@id":"https:\/\/macote.fr\/#organization"},"alternateName":"BMW tuning","potentialAction":[{"@type":"SearchAction","target":{"@type":"EntryPoint","urlTemplate":"https:\/\/macote.fr\/?s={search_term_string}"},"query-input":{"@type":"PropertyValueSpecification","valueRequired":true,"valueName":"search_term_string"}}],"inLanguage":"es"},{"@type":"Organization","@id":"https:\/\/macote.fr\/#organization","name":"Macote.es","alternateName":"BMW tuning","url":"https:\/\/macote.fr\/","logo":{"@type":"ImageObject","inLanguage":"es","@id":"https:\/\/macote.fr\/#\/schema\/logo\/image\/","url":"https:\/\/macote.fr\/wp-content\/uploads\/2023\/11\/LOGO-macote.fr-dessin-bmw-noir-copy.jpg","contentUrl":"https:\/\/macote.fr\/wp-content\/uploads\/2023\/11\/LOGO-macote.fr-dessin-bmw-noir-copy.jpg","width":732,"height":456,"caption":"Macote.fr"},"image":{"@id":"https:\/\/macote.fr\/#\/schema\/logo\/image\/"},"sameAs":["https:\/\/www.facebook.com\/profile.php?id=100091476586119","https:\/\/www.youtube.com\/channel\/UCgO-YTbaxYO-w_C5GfL-_1w","https:\/\/www.tiktok.com\/@macote.fr?is_from_webapp=1&sender_device=pc","https:\/\/www.instagram.com\/i_xila_i\/"]}]}},"_links":{"self":[{"href":"https:\/\/macote.fr\/es\/wp-json\/wp\/v2\/product\/6452","targetHints":{"allow":["GET"]}}],"collection":[{"href":"https:\/\/macote.fr\/es\/wp-json\/wp\/v2\/product"}],"about":[{"href":"https:\/\/macote.fr\/es\/wp-json\/wp\/v2\/types\/product"}],"replies":[{"embeddable":true,"href":"https:\/\/macote.fr\/es\/wp-json\/wp\/v2\/comments?post=6452"}],"wp:featuredmedia":[{"embeddable":true,"href":"https:\/\/macote.fr\/es\/wp-json\/wp\/v2\/media\/6481"}],"wp:attachment":[{"href":"https:\/\/macote.fr\/es\/wp-json\/wp\/v2\/media?parent=6452"}],"wp:term":[{"taxonomy":"product_brand","embeddable":true,"href":"https:\/\/macote.fr\/es\/wp-json\/wp\/v2\/product_brand?post=6452"},{"taxonomy":"product_cat","embeddable":true,"href":"https:\/\/macote.fr\/es\/wp-json\/wp\/v2\/product_cat?post=6452"},{"taxonomy":"product_tag","embeddable":true,"href":"https:\/\/macote.fr\/es\/wp-json\/wp\/v2\/product_tag?post=6452"}],"curies":[{"name":"wp","href":"https:\/\/api.w.org\/{rel}","templated":true}]}}