{"id":6526,"date":"2025-06-20T16:42:37","date_gmt":"2025-06-20T14:42:37","guid":{"rendered":"https:\/\/macote.fr\/?post_type=product&#038;p=6526"},"modified":"2025-09-17T21:38:01","modified_gmt":"2025-09-17T19:38:01","slug":"tapa-de-valvula-metalica-bmw","status":"publish","type":"product","link":"https:\/\/macote.fr\/es\/producto\/tapa-de-valvula-metalica-bmw\/","title":{"rendered":"Tapa de v\u00e1lvula met\u00e1lica BMW"},"content":{"rendered":"<h2 style=\"text-align: center;\" data-start=\"190\" data-end=\"244\"><strong data-start=\"193\" data-end=\"244\">Tapa de v\u00e1lvula BMW - Acabado met\u00e1lico<\/strong><\/h2>\n<h3 data-start=\"246\" data-end=\"287\"><strong data-start=\"250\" data-end=\"287\">El detalle que marca la diferencia.<\/strong><\/h3>\n<p data-start=\"289\" data-end=\"590\">Exprese su pasi\u00f3n por la perfecci\u00f3n con nuestros tapones de v\u00e1lvula met\u00e1licos BMW. Dise\u00f1adas para realzar cada rueda con elegancia, encarnan la atenci\u00f3n al detalle tan t\u00edpica del mundo BMW. Combinando estilo, robustez y funcionalidad, aportan un acabado de alta gama a su veh\u00edculo.<\/p>\n<h3 data-start=\"597\" data-end=\"636\">\u00a0<strong data-start=\"603\" data-end=\"636\">Especificaciones t\u00e9cnicas :<\/strong><\/h3>\n<ul data-start=\"638\" data-end=\"996\">\n<li data-start=\"638\" data-end=\"710\">\n<p data-start=\"640\" data-end=\"710\"><strong data-start=\"640\" data-end=\"654\">Material :<\/strong> Aleaci\u00f3n <strong>aluminio<\/strong> anodizado, resistente a la corrosi\u00f3n<\/p>\n<\/li>\n<li data-start=\"711\" data-end=\"789\">\n<p data-start=\"713\" data-end=\"789\"><strong data-start=\"713\" data-end=\"723\">Logotipo :<\/strong> Emblema BMW 3D protegido por resina curvada de alto brillo<\/p>\n<\/li>\n<li data-start=\"790\" data-end=\"846\">\n<p data-start=\"792\" data-end=\"846\"><strong data-start=\"792\" data-end=\"808\">Dimensiones :<\/strong> 11 mm de ancho \/ 12 mm de alto<\/p>\n<\/li>\n<li data-start=\"847\" data-end=\"920\">\n<p data-start=\"849\" data-end=\"920\"><strong data-start=\"849\" data-end=\"860\">Conjunto :<\/strong> Anillo de goma integrado para un sellado perfecto<\/p>\n<\/li>\n<li data-start=\"921\" data-end=\"996\">\n<p data-start=\"923\" data-end=\"996\"><strong data-start=\"923\" data-end=\"942\">Compatibilidad :<\/strong> Todas las v\u00e1lvulas Schrader est\u00e1ndar (coche y moto)<\/p>\n<\/li>\n<\/ul>\n<h3 data-start=\"1003\" data-end=\"1042\">\u00a0<strong data-start=\"1010\" data-end=\"1042\">Dos acabados disponibles:<\/strong><\/h3>\n<ul data-start=\"1044\" data-end=\"1137\">\n<li data-start=\"1044\" data-end=\"1089\">\n<p data-start=\"1046\" data-end=\"1089\"><strong data-start=\"1046\" data-end=\"1061\">Sombra Noir :<\/strong>\u00a0Aspecto discreto y deportivo<\/p>\n<\/li>\n<li data-start=\"1090\" data-end=\"1137\">\n<p data-start=\"1092\" data-end=\"1137\"><strong data-start=\"1092\" data-end=\"1109\">Alpine plata :<\/strong>\u00a0Elegancia OEM atemporal<\/p>\n<\/li>\n<\/ul>\n<h3 data-start=\"1144\" data-end=\"1195\">\u00a0<strong data-start=\"1151\" data-end=\"1195\">F\u00e1cil instalaci\u00f3n y protecci\u00f3n duradera<\/strong><\/h3>\n<p data-start=\"1197\" data-end=\"1436\">Cada tapa tiene un <strong data-start=\"1226\" data-end=\"1249\">sello de caucho<\/strong> para evitar cualquier p\u00e9rdida de presi\u00f3n, mantener alejado el polvo y proteger la v\u00e1lvula de la humedad. La instalaci\u00f3n manual se realiza en cuesti\u00f3n de segundos (sin necesidad de herramientas).<\/p>\n<h3 data-start=\"1443\" data-end=\"1471\">\u00a0Incluido en el paquete:<\/h3>\n<ul data-start=\"1472\" data-end=\"1569\">\n<li data-start=\"1472\" data-end=\"1500\">\n<p data-start=\"1474\" data-end=\"1500\">4x tapones de v\u00e1lvulas BMW<\/p>\n<\/li>\n<li data-start=\"1501\" data-end=\"1527\">\n<p data-start=\"1503\" data-end=\"1527\">4x juntas<\/p>\n<\/li>\n<\/ul>","protected":false},"excerpt":{"rendered":"<p>A\u00f1ade un toque premium a tus llantas con estos tapones de v\u00e1lvula met\u00e1licos BMW, con logotipo en 3D y junta de goma para una protecci\u00f3n \u00f3ptima. Acabado en negro o plata, compatibles con coche y moto.<\/p>","protected":false},"featured_media":6531,"comment_status":"open","ping_status":"closed","template":"","meta":{"_eb_attr":""},"product_brand":[],"product_cat":[262],"product_tag":[],"class_list":{"0":"post-6526","1":"product","2":"type-product","3":"status-publish","4":"has-post-thumbnail","6":"product_cat-bmw-accessoires-universels","8":"first","9":"instock","10":"taxable","11":"shipping-taxable","12":"purchasable","13":"product-type-variable"},"yoast_head":"<!-- This site is optimized with the Yoast SEO Premium plugin v20.7 (Yoast SEO v27.3) - https:\/\/yoast.com\/product\/yoast-seo-premium-wordpress\/ -->\n<title>Bouchon de valve BMW en M\u00e9tal - MaCote.fr<\/title>\n<meta name=\"robots\" content=\"index, follow, max-snippet:-1, max-image-preview:large, max-video-preview:-1\" \/>\n<link rel=\"canonical\" href=\"https:\/\/macote.fr\/es\/producto\/tapa-de-valvula-metalica-bmw\/\" \/>\n<meta property=\"og:locale\" content=\"es_ES\" \/>\n<meta property=\"og:type\" content=\"article\" \/>\n<meta property=\"og:title\" content=\"Bouchon de valve BMW en M\u00e9tal\" \/>\n<meta property=\"og:description\" content=\"Ajoutez une touche premium \u00e0 vos jantes avec ces capsules de valve BMW en m\u00e9tal, dot\u00e9es d\u2019un logo 3D et d\u2019un joint en caoutchouc pour une protection optimale. Finition noir ou argent, compatibles voiture et moto.\" \/>\n<meta property=\"og:url\" content=\"https:\/\/macote.fr\/es\/producto\/tapa-de-valvula-metalica-bmw\/\" \/>\n<meta property=\"og:site_name\" content=\"MaCote.fr\" \/>\n<meta property=\"article:publisher\" content=\"https:\/\/www.facebook.com\/profile.php?id=100091476586119\" \/>\n<meta property=\"article:modified_time\" content=\"2025-09-17T19:38:01+00:00\" \/>\n<meta property=\"og:image\" content=\"https:\/\/macote.fr\/wp-content\/uploads\/2025\/06\/S6b8b853cac0f41d29b39eefe3d88cbfc9.jpg.webp\" \/>\n\t<meta property=\"og:image:width\" content=\"1000\" \/>\n\t<meta property=\"og:image:height\" content=\"1000\" \/>\n\t<meta property=\"og:image:type\" content=\"image\/webp\" \/>\n<meta name=\"twitter:card\" content=\"summary_large_image\" \/>\n<meta name=\"twitter:label1\" content=\"Tiempo de lectura\" \/>\n\t<meta name=\"twitter:data1\" content=\"2 minutos\" \/>\n<script type=\"application\/ld+json\" class=\"yoast-schema-graph\">{\"@context\":\"https:\\\/\\\/schema.org\",\"@graph\":[{\"@type\":\"WebPage\",\"@id\":\"https:\\\/\\\/macote.fr\\\/produit\\\/bouchon-de-valve-bmw-en-metal\\\/\",\"url\":\"https:\\\/\\\/macote.fr\\\/produit\\\/bouchon-de-valve-bmw-en-metal\\\/\",\"name\":\"Bouchon de valve BMW en M\u00e9tal - MaCote.fr\",\"isPartOf\":{\"@id\":\"https:\\\/\\\/macote.fr\\\/#website\"},\"primaryImageOfPage\":{\"@id\":\"https:\\\/\\\/macote.fr\\\/produit\\\/bouchon-de-valve-bmw-en-metal\\\/#primaryimage\"},\"image\":{\"@id\":\"https:\\\/\\\/macote.fr\\\/produit\\\/bouchon-de-valve-bmw-en-metal\\\/#primaryimage\"},\"thumbnailUrl\":\"https:\\\/\\\/macote.fr\\\/wp-content\\\/uploads\\\/2025\\\/06\\\/S6b8b853cac0f41d29b39eefe3d88cbfc9.jpg.webp\",\"datePublished\":\"2025-06-20T14:42:37+00:00\",\"dateModified\":\"2025-09-17T19:38:01+00:00\",\"breadcrumb\":{\"@id\":\"https:\\\/\\\/macote.fr\\\/produit\\\/bouchon-de-valve-bmw-en-metal\\\/#breadcrumb\"},\"inLanguage\":\"es\",\"potentialAction\":[{\"@type\":\"ReadAction\",\"target\":[\"https:\\\/\\\/macote.fr\\\/produit\\\/bouchon-de-valve-bmw-en-metal\\\/\"]}]},{\"@type\":\"ImageObject\",\"inLanguage\":\"es\",\"@id\":\"https:\\\/\\\/macote.fr\\\/produit\\\/bouchon-de-valve-bmw-en-metal\\\/#primaryimage\",\"url\":\"https:\\\/\\\/macote.fr\\\/wp-content\\\/uploads\\\/2025\\\/06\\\/S6b8b853cac0f41d29b39eefe3d88cbfc9.jpg.webp\",\"contentUrl\":\"https:\\\/\\\/macote.fr\\\/wp-content\\\/uploads\\\/2025\\\/06\\\/S6b8b853cac0f41d29b39eefe3d88cbfc9.jpg.webp\",\"width\":1000,\"height\":1000,\"caption\":\"Lot de 4 bouchon de valve BMW argent \u2013 Finition m\u00e9tal\"},{\"@type\":\"BreadcrumbList\",\"@id\":\"https:\\\/\\\/macote.fr\\\/produit\\\/bouchon-de-valve-bmw-en-metal\\\/#breadcrumb\",\"itemListElement\":[{\"@type\":\"ListItem\",\"position\":1,\"name\":\"Accueil\",\"item\":\"https:\\\/\\\/macote.fr\\\/\"},{\"@type\":\"ListItem\",\"position\":2,\"name\":\"Boutique\",\"item\":\"https:\\\/\\\/macote.fr\\\/boutique\\\/\"},{\"@type\":\"ListItem\",\"position\":3,\"name\":\"Bouchon de valve BMW en M\u00e9tal\"}]},{\"@type\":\"WebSite\",\"@id\":\"https:\\\/\\\/macote.fr\\\/#website\",\"url\":\"https:\\\/\\\/macote.fr\\\/\",\"name\":\"MaCote.fr\",\"description\":\"BMW best accessories\",\"publisher\":{\"@id\":\"https:\\\/\\\/macote.fr\\\/#organization\"},\"alternateName\":\"BMW tuning\",\"potentialAction\":[{\"@type\":\"SearchAction\",\"target\":{\"@type\":\"EntryPoint\",\"urlTemplate\":\"https:\\\/\\\/macote.fr\\\/?s={search_term_string}\"},\"query-input\":{\"@type\":\"PropertyValueSpecification\",\"valueRequired\":true,\"valueName\":\"search_term_string\"}}],\"inLanguage\":\"es\"},{\"@type\":\"Organization\",\"@id\":\"https:\\\/\\\/macote.fr\\\/#organization\",\"name\":\"Macote.fr\",\"alternateName\":\"BMW tuning\",\"url\":\"https:\\\/\\\/macote.fr\\\/\",\"logo\":{\"@type\":\"ImageObject\",\"inLanguage\":\"es\",\"@id\":\"https:\\\/\\\/macote.fr\\\/#\\\/schema\\\/logo\\\/image\\\/\",\"url\":\"https:\\\/\\\/macote.fr\\\/wp-content\\\/uploads\\\/2023\\\/11\\\/LOGO-macote.fr-dessin-bmw-noir-copy.jpg\",\"contentUrl\":\"https:\\\/\\\/macote.fr\\\/wp-content\\\/uploads\\\/2023\\\/11\\\/LOGO-macote.fr-dessin-bmw-noir-copy.jpg\",\"width\":732,\"height\":456,\"caption\":\"Macote.fr\"},\"image\":{\"@id\":\"https:\\\/\\\/macote.fr\\\/#\\\/schema\\\/logo\\\/image\\\/\"},\"sameAs\":[\"https:\\\/\\\/www.facebook.com\\\/profile.php?id=100091476586119\",\"https:\\\/\\\/www.youtube.com\\\/channel\\\/UCgO-YTbaxYO-w_C5GfL-_1w\",\"https:\\\/\\\/www.tiktok.com\\\/@macote.fr?is_from_webapp=1&sender_device=pc\",\"https:\\\/\\\/www.instagram.com\\\/i_xila_i\\\/\"]}]}<\/script>\n<!-- \/ Yoast SEO Premium plugin. -->","yoast_head_json":{"title":"Tap\u00f3n de v\u00e1lvula met\u00e1lico BMW - MaCote.fr","robots":{"index":"index","follow":"follow","max-snippet":"max-snippet:-1","max-image-preview":"max-image-preview:large","max-video-preview":"max-video-preview:-1"},"canonical":"https:\/\/macote.fr\/es\/producto\/tapa-de-valvula-metalica-bmw\/","og_locale":"es_ES","og_type":"article","og_title":"Bouchon de valve BMW en M\u00e9tal","og_description":"Ajoutez une touche premium \u00e0 vos jantes avec ces capsules de valve BMW en m\u00e9tal, dot\u00e9es d\u2019un logo 3D et d\u2019un joint en caoutchouc pour une protection optimale. Finition noir ou argent, compatibles voiture et moto.","og_url":"https:\/\/macote.fr\/es\/producto\/tapa-de-valvula-metalica-bmw\/","og_site_name":"MaCote.fr","article_publisher":"https:\/\/www.facebook.com\/profile.php?id=100091476586119","article_modified_time":"2025-09-17T19:38:01+00:00","og_image":[{"width":1000,"height":1000,"url":"https:\/\/macote.fr\/wp-content\/uploads\/2025\/06\/S6b8b853cac0f41d29b39eefe3d88cbfc9.jpg.webp","type":"image\/webp"}],"twitter_card":"summary_large_image","twitter_misc":{"Tiempo de lectura":"2 minutos"},"schema":{"@context":"https:\/\/schema.org","@graph":[{"@type":"WebPage","@id":"https:\/\/macote.fr\/produit\/bouchon-de-valve-bmw-en-metal\/","url":"https:\/\/macote.fr\/produit\/bouchon-de-valve-bmw-en-metal\/","name":"Tap\u00f3n de v\u00e1lvula met\u00e1lico BMW - MaCote.fr","isPartOf":{"@id":"https:\/\/macote.fr\/#website"},"primaryImageOfPage":{"@id":"https:\/\/macote.fr\/produit\/bouchon-de-valve-bmw-en-metal\/#primaryimage"},"image":{"@id":"https:\/\/macote.fr\/produit\/bouchon-de-valve-bmw-en-metal\/#primaryimage"},"thumbnailUrl":"https:\/\/macote.fr\/wp-content\/uploads\/2025\/06\/S6b8b853cac0f41d29b39eefe3d88cbfc9.jpg.webp","datePublished":"2025-06-20T14:42:37+00:00","dateModified":"2025-09-17T19:38:01+00:00","breadcrumb":{"@id":"https:\/\/macote.fr\/produit\/bouchon-de-valve-bmw-en-metal\/#breadcrumb"},"inLanguage":"es","potentialAction":[{"@type":"ReadAction","target":["https:\/\/macote.fr\/produit\/bouchon-de-valve-bmw-en-metal\/"]}]},{"@type":"ImageObject","inLanguage":"es","@id":"https:\/\/macote.fr\/produit\/bouchon-de-valve-bmw-en-metal\/#primaryimage","url":"https:\/\/macote.fr\/wp-content\/uploads\/2025\/06\/S6b8b853cac0f41d29b39eefe3d88cbfc9.jpg.webp","contentUrl":"https:\/\/macote.fr\/wp-content\/uploads\/2025\/06\/S6b8b853cac0f41d29b39eefe3d88cbfc9.jpg.webp","width":1000,"height":1000,"caption":"Lot de 4 bouchon de valve BMW argent \u2013 Finition m\u00e9tal"},{"@type":"BreadcrumbList","@id":"https:\/\/macote.fr\/produit\/bouchon-de-valve-bmw-en-metal\/#breadcrumb","itemListElement":[{"@type":"ListItem","position":1,"name":"Accueil","item":"https:\/\/macote.fr\/"},{"@type":"ListItem","position":2,"name":"Boutique","item":"https:\/\/macote.fr\/boutique\/"},{"@type":"ListItem","position":3,"name":"Bouchon de valve BMW en M\u00e9tal"}]},{"@type":"WebSite","@id":"https:\/\/macote.fr\/#website","url":"https:\/\/macote.fr\/","name":"MyQuote.com","description":"Los mejores accesorios BMW","publisher":{"@id":"https:\/\/macote.fr\/#organization"},"alternateName":"BMW tuning","potentialAction":[{"@type":"SearchAction","target":{"@type":"EntryPoint","urlTemplate":"https:\/\/macote.fr\/?s={search_term_string}"},"query-input":{"@type":"PropertyValueSpecification","valueRequired":true,"valueName":"search_term_string"}}],"inLanguage":"es"},{"@type":"Organization","@id":"https:\/\/macote.fr\/#organization","name":"Macote.es","alternateName":"BMW tuning","url":"https:\/\/macote.fr\/","logo":{"@type":"ImageObject","inLanguage":"es","@id":"https:\/\/macote.fr\/#\/schema\/logo\/image\/","url":"https:\/\/macote.fr\/wp-content\/uploads\/2023\/11\/LOGO-macote.fr-dessin-bmw-noir-copy.jpg","contentUrl":"https:\/\/macote.fr\/wp-content\/uploads\/2023\/11\/LOGO-macote.fr-dessin-bmw-noir-copy.jpg","width":732,"height":456,"caption":"Macote.fr"},"image":{"@id":"https:\/\/macote.fr\/#\/schema\/logo\/image\/"},"sameAs":["https:\/\/www.facebook.com\/profile.php?id=100091476586119","https:\/\/www.youtube.com\/channel\/UCgO-YTbaxYO-w_C5GfL-_1w","https:\/\/www.tiktok.com\/@macote.fr?is_from_webapp=1&sender_device=pc","https:\/\/www.instagram.com\/i_xila_i\/"]}]}},"_links":{"self":[{"href":"https:\/\/macote.fr\/es\/wp-json\/wp\/v2\/product\/6526","targetHints":{"allow":["GET"]}}],"collection":[{"href":"https:\/\/macote.fr\/es\/wp-json\/wp\/v2\/product"}],"about":[{"href":"https:\/\/macote.fr\/es\/wp-json\/wp\/v2\/types\/product"}],"replies":[{"embeddable":true,"href":"https:\/\/macote.fr\/es\/wp-json\/wp\/v2\/comments?post=6526"}],"wp:featuredmedia":[{"embeddable":true,"href":"https:\/\/macote.fr\/es\/wp-json\/wp\/v2\/media\/6531"}],"wp:attachment":[{"href":"https:\/\/macote.fr\/es\/wp-json\/wp\/v2\/media?parent=6526"}],"wp:term":[{"taxonomy":"product_brand","embeddable":true,"href":"https:\/\/macote.fr\/es\/wp-json\/wp\/v2\/product_brand?post=6526"},{"taxonomy":"product_cat","embeddable":true,"href":"https:\/\/macote.fr\/es\/wp-json\/wp\/v2\/product_cat?post=6526"},{"taxonomy":"product_tag","embeddable":true,"href":"https:\/\/macote.fr\/es\/wp-json\/wp\/v2\/product_tag?post=6526"}],"curies":[{"name":"wp","href":"https:\/\/api.w.org\/{rel}","templated":true}]}}