{"id":6536,"date":"2025-06-22T22:48:04","date_gmt":"2025-06-22T20:48:04","guid":{"rendered":"https:\/\/macote.fr\/?post_type=product&#038;p=6536"},"modified":"2026-02-25T21:02:10","modified_gmt":"2026-02-25T20:02:10","slug":"llavero-m-performance-tela-mosqueton","status":"publish","type":"product","link":"https:\/\/macote.fr\/es\/producto\/llavero-m-performance-tela-mosqueton\/","title":{"rendered":"Llavero y mosquet\u00f3n M Performance Fabric"},"content":{"rendered":"<h1 style=\"text-align: center;\" data-start=\"224\" data-end=\"670\">Llavero BMW M Performance - Mosquet\u00f3n t\u00e1ctico<\/h1>\n<p data-start=\"224\" data-end=\"670\">A\u00f1ade un toque de estilo de competici\u00f3n a tus llaves con este llavero BMW M Performance con un robusto mosquet\u00f3n. Fabricado en resistente cinta de nailon, incorpora el logotipo M Performance con las ic\u00f3nicas rayas rojas, azules y celestes.<br data-start=\"558\" data-end=\"561\" \/>El mosquet\u00f3n negro mate permite engancharlo f\u00e1cilmente a una trabilla, a un bolso o a un gancho de pared.<\/p>\n<h2 data-start=\"672\" data-end=\"694\"><strong data-start=\"672\" data-end=\"694\">Caracter\u00edsticas :<\/strong><\/h2>\n<ul data-start=\"695\" data-end=\"880\">\n<li data-start=\"695\" data-end=\"745\">\n<p data-start=\"697\" data-end=\"745\">Cinta de nailon negra con impresi\u00f3n M Performance<\/p>\n<\/li>\n<li data-start=\"746\" data-end=\"785\">\n<p data-start=\"748\" data-end=\"785\">Mosquet\u00f3n t\u00e1ctico de metal negro mate<\/p>\n<\/li>\n<li data-start=\"786\" data-end=\"825\">\n<p data-start=\"788\" data-end=\"825\">Cierre a presi\u00f3n seguro<\/p>\n<\/li>\n<li data-start=\"850\" data-end=\"880\">\n<p data-start=\"852\" data-end=\"880\">Ligero y resistente<\/p>\n<\/li>\n<\/ul>","protected":false},"excerpt":{"rendered":"<p>Porte-cl\u00e9s BMW M Performance \u2013 Mousqueton tactique Ajoutez une touche de style racing \u00e0 vos cl\u00e9s avec ce porte-cl\u00e9s BMW M Performance dot\u00e9 d\u2019un mousqueton robuste. Fabriqu\u00e9 en sangle nylon r\u00e9sistante, il est orn\u00e9 du logo M Performance avec les embl\u00e9matiques bandes rouge, bleu et bleu clair.Le mousqueton noir mat permet de l&rsquo;accrocher facilement \u00e0 [&hellip;]<\/p>\n","protected":false},"featured_media":6537,"comment_status":"open","ping_status":"closed","template":"","meta":{"_eb_attr":""},"product_brand":[],"product_cat":[271,274],"product_tag":[],"class_list":{"0":"post-6536","1":"product","2":"type-product","3":"status-publish","4":"has-post-thumbnail","6":"product_cat-bmw-accessoires-quotidien","7":"product_cat-portes-clefs-bmw","9":"first","10":"instock","11":"taxable","12":"shipping-taxable","13":"purchasable","14":"product-type-simple"},"yoast_head":"<!-- This site is optimized with the Yoast SEO Premium plugin v20.7 (Yoast SEO v27.4) - https:\/\/yoast.com\/product\/yoast-seo-premium-wordpress\/ -->\n<title>Porte-cl\u00e9s M Performance Tissu &amp; Mousqueton - MaCote.fr<\/title>\n<meta name=\"robots\" content=\"index, follow, max-snippet:-1, max-image-preview:large, max-video-preview:-1\" \/>\n<link rel=\"canonical\" href=\"https:\/\/macote.fr\/es\/producto\/llavero-m-performance-tela-mosqueton\/\" \/>\n<meta property=\"og:locale\" content=\"es_ES\" \/>\n<meta property=\"og:type\" content=\"article\" \/>\n<meta property=\"og:title\" content=\"Porte-cl\u00e9s M Performance Tissu &amp; Mousqueton\" \/>\n<meta property=\"og:description\" content=\"Porte-cl\u00e9s BMW M Performance \u2013 Mousqueton tactique Ajoutez une touche de style racing \u00e0 vos cl\u00e9s avec ce porte-cl\u00e9s BMW M Performance dot\u00e9 d\u2019un mousqueton robuste. Fabriqu\u00e9 en sangle nylon r\u00e9sistante, il est orn\u00e9 du logo M Performance avec les embl\u00e9matiques bandes rouge, bleu et bleu clair.Le mousqueton noir mat permet de l&rsquo;accrocher facilement \u00e0 [&hellip;]\" \/>\n<meta property=\"og:url\" content=\"https:\/\/macote.fr\/es\/producto\/llavero-m-performance-tela-mosqueton\/\" \/>\n<meta property=\"og:site_name\" content=\"MaCote.fr\" \/>\n<meta property=\"article:publisher\" content=\"https:\/\/www.facebook.com\/profile.php?id=100091476586119\" \/>\n<meta property=\"article:modified_time\" content=\"2026-02-25T20:02:10+00:00\" \/>\n<meta property=\"og:image\" content=\"https:\/\/macote.fr\/wp-content\/uploads\/2025\/06\/porte-clef-bmw-m-performance-mousqueton-noir.webp\" \/>\n\t<meta property=\"og:image:width\" content=\"800\" \/>\n\t<meta property=\"og:image:height\" content=\"800\" \/>\n\t<meta property=\"og:image:type\" content=\"image\/webp\" \/>\n<meta name=\"twitter:card\" content=\"summary_large_image\" \/>\n<meta name=\"twitter:label1\" content=\"Tiempo de lectura\" \/>\n\t<meta name=\"twitter:data1\" content=\"1 minuto\" \/>\n<script type=\"application\/ld+json\" class=\"yoast-schema-graph\">{\"@context\":\"https:\\\/\\\/schema.org\",\"@graph\":[{\"@type\":\"WebPage\",\"@id\":\"https:\\\/\\\/macote.fr\\\/produit\\\/porte-cles-m-performance-tissu-mousqueton\\\/\",\"url\":\"https:\\\/\\\/macote.fr\\\/produit\\\/porte-cles-m-performance-tissu-mousqueton\\\/\",\"name\":\"Porte-cl\u00e9s M Performance Tissu & Mousqueton - MaCote.fr\",\"isPartOf\":{\"@id\":\"https:\\\/\\\/macote.fr\\\/#website\"},\"primaryImageOfPage\":{\"@id\":\"https:\\\/\\\/macote.fr\\\/produit\\\/porte-cles-m-performance-tissu-mousqueton\\\/#primaryimage\"},\"image\":{\"@id\":\"https:\\\/\\\/macote.fr\\\/produit\\\/porte-cles-m-performance-tissu-mousqueton\\\/#primaryimage\"},\"thumbnailUrl\":\"https:\\\/\\\/macote.fr\\\/wp-content\\\/uploads\\\/2025\\\/06\\\/porte-clef-bmw-m-performance-mousqueton-noir.webp\",\"datePublished\":\"2025-06-22T20:48:04+00:00\",\"dateModified\":\"2026-02-25T20:02:10+00:00\",\"breadcrumb\":{\"@id\":\"https:\\\/\\\/macote.fr\\\/produit\\\/porte-cles-m-performance-tissu-mousqueton\\\/#breadcrumb\"},\"inLanguage\":\"es\",\"potentialAction\":[{\"@type\":\"ReadAction\",\"target\":[\"https:\\\/\\\/macote.fr\\\/produit\\\/porte-cles-m-performance-tissu-mousqueton\\\/\"]}]},{\"@type\":\"ImageObject\",\"inLanguage\":\"es\",\"@id\":\"https:\\\/\\\/macote.fr\\\/produit\\\/porte-cles-m-performance-tissu-mousqueton\\\/#primaryimage\",\"url\":\"https:\\\/\\\/macote.fr\\\/wp-content\\\/uploads\\\/2025\\\/06\\\/porte-clef-bmw-m-performance-mousqueton-noir.webp\",\"contentUrl\":\"https:\\\/\\\/macote.fr\\\/wp-content\\\/uploads\\\/2025\\\/06\\\/porte-clef-bmw-m-performance-mousqueton-noir.webp\",\"width\":800,\"height\":800,\"caption\":\"porte-clef-bmw-m-performance-mousqueton-noir\"},{\"@type\":\"BreadcrumbList\",\"@id\":\"https:\\\/\\\/macote.fr\\\/produit\\\/porte-cles-m-performance-tissu-mousqueton\\\/#breadcrumb\",\"itemListElement\":[{\"@type\":\"ListItem\",\"position\":1,\"name\":\"Accueil\",\"item\":\"https:\\\/\\\/macote.fr\\\/\"},{\"@type\":\"ListItem\",\"position\":2,\"name\":\"Boutique\",\"item\":\"https:\\\/\\\/macote.fr\\\/boutique\\\/\"},{\"@type\":\"ListItem\",\"position\":3,\"name\":\"Porte-cl\u00e9s M Performance Tissu &#038; Mousqueton\"}]},{\"@type\":\"WebSite\",\"@id\":\"https:\\\/\\\/macote.fr\\\/#website\",\"url\":\"https:\\\/\\\/macote.fr\\\/\",\"name\":\"MaCote.fr\",\"description\":\"BMW best accessories\",\"publisher\":{\"@id\":\"https:\\\/\\\/macote.fr\\\/#organization\"},\"alternateName\":\"BMW tuning\",\"potentialAction\":[{\"@type\":\"SearchAction\",\"target\":{\"@type\":\"EntryPoint\",\"urlTemplate\":\"https:\\\/\\\/macote.fr\\\/?s={search_term_string}\"},\"query-input\":{\"@type\":\"PropertyValueSpecification\",\"valueRequired\":true,\"valueName\":\"search_term_string\"}}],\"inLanguage\":\"es\"},{\"@type\":\"Organization\",\"@id\":\"https:\\\/\\\/macote.fr\\\/#organization\",\"name\":\"Macote.fr\",\"alternateName\":\"BMW tuning\",\"url\":\"https:\\\/\\\/macote.fr\\\/\",\"logo\":{\"@type\":\"ImageObject\",\"inLanguage\":\"es\",\"@id\":\"https:\\\/\\\/macote.fr\\\/#\\\/schema\\\/logo\\\/image\\\/\",\"url\":\"https:\\\/\\\/macote.fr\\\/wp-content\\\/uploads\\\/2023\\\/11\\\/LOGO-macote.fr-dessin-bmw-noir-copy.jpg\",\"contentUrl\":\"https:\\\/\\\/macote.fr\\\/wp-content\\\/uploads\\\/2023\\\/11\\\/LOGO-macote.fr-dessin-bmw-noir-copy.jpg\",\"width\":732,\"height\":456,\"caption\":\"Macote.fr\"},\"image\":{\"@id\":\"https:\\\/\\\/macote.fr\\\/#\\\/schema\\\/logo\\\/image\\\/\"},\"sameAs\":[\"https:\\\/\\\/www.facebook.com\\\/profile.php?id=100091476586119\",\"https:\\\/\\\/www.youtube.com\\\/channel\\\/UCgO-YTbaxYO-w_C5GfL-_1w\",\"https:\\\/\\\/www.tiktok.com\\\/@macote.fr?is_from_webapp=1&sender_device=pc\",\"https:\\\/\\\/www.instagram.com\\\/i_xila_i\\\/\"]}]}<\/script>\n<!-- \/ Yoast SEO Premium plugin. -->","yoast_head_json":{"title":"Llavero y mosquet\u00f3n M Performance Fabric - MaCote.fr","robots":{"index":"index","follow":"follow","max-snippet":"max-snippet:-1","max-image-preview":"max-image-preview:large","max-video-preview":"max-video-preview:-1"},"canonical":"https:\/\/macote.fr\/es\/producto\/llavero-m-performance-tela-mosqueton\/","og_locale":"es_ES","og_type":"article","og_title":"Porte-cl\u00e9s M Performance Tissu & Mousqueton","og_description":"Porte-cl\u00e9s BMW M Performance \u2013 Mousqueton tactique Ajoutez une touche de style racing \u00e0 vos cl\u00e9s avec ce porte-cl\u00e9s BMW M Performance dot\u00e9 d\u2019un mousqueton robuste. Fabriqu\u00e9 en sangle nylon r\u00e9sistante, il est orn\u00e9 du logo M Performance avec les embl\u00e9matiques bandes rouge, bleu et bleu clair.Le mousqueton noir mat permet de l&rsquo;accrocher facilement \u00e0 [&hellip;]","og_url":"https:\/\/macote.fr\/es\/producto\/llavero-m-performance-tela-mosqueton\/","og_site_name":"MaCote.fr","article_publisher":"https:\/\/www.facebook.com\/profile.php?id=100091476586119","article_modified_time":"2026-02-25T20:02:10+00:00","og_image":[{"width":800,"height":800,"url":"https:\/\/macote.fr\/wp-content\/uploads\/2025\/06\/porte-clef-bmw-m-performance-mousqueton-noir.webp","type":"image\/webp"}],"twitter_card":"summary_large_image","twitter_misc":{"Tiempo de lectura":"1 minuto"},"schema":{"@context":"https:\/\/schema.org","@graph":[{"@type":"WebPage","@id":"https:\/\/macote.fr\/produit\/porte-cles-m-performance-tissu-mousqueton\/","url":"https:\/\/macote.fr\/produit\/porte-cles-m-performance-tissu-mousqueton\/","name":"Llavero y mosquet\u00f3n M Performance Fabric - MaCote.fr","isPartOf":{"@id":"https:\/\/macote.fr\/#website"},"primaryImageOfPage":{"@id":"https:\/\/macote.fr\/produit\/porte-cles-m-performance-tissu-mousqueton\/#primaryimage"},"image":{"@id":"https:\/\/macote.fr\/produit\/porte-cles-m-performance-tissu-mousqueton\/#primaryimage"},"thumbnailUrl":"https:\/\/macote.fr\/wp-content\/uploads\/2025\/06\/porte-clef-bmw-m-performance-mousqueton-noir.webp","datePublished":"2025-06-22T20:48:04+00:00","dateModified":"2026-02-25T20:02:10+00:00","breadcrumb":{"@id":"https:\/\/macote.fr\/produit\/porte-cles-m-performance-tissu-mousqueton\/#breadcrumb"},"inLanguage":"es","potentialAction":[{"@type":"ReadAction","target":["https:\/\/macote.fr\/produit\/porte-cles-m-performance-tissu-mousqueton\/"]}]},{"@type":"ImageObject","inLanguage":"es","@id":"https:\/\/macote.fr\/produit\/porte-cles-m-performance-tissu-mousqueton\/#primaryimage","url":"https:\/\/macote.fr\/wp-content\/uploads\/2025\/06\/porte-clef-bmw-m-performance-mousqueton-noir.webp","contentUrl":"https:\/\/macote.fr\/wp-content\/uploads\/2025\/06\/porte-clef-bmw-m-performance-mousqueton-noir.webp","width":800,"height":800,"caption":"porte-clef-bmw-m-performance-mousqueton-noir"},{"@type":"BreadcrumbList","@id":"https:\/\/macote.fr\/produit\/porte-cles-m-performance-tissu-mousqueton\/#breadcrumb","itemListElement":[{"@type":"ListItem","position":1,"name":"Accueil","item":"https:\/\/macote.fr\/"},{"@type":"ListItem","position":2,"name":"Boutique","item":"https:\/\/macote.fr\/boutique\/"},{"@type":"ListItem","position":3,"name":"Porte-cl\u00e9s M Performance Tissu &#038; Mousqueton"}]},{"@type":"WebSite","@id":"https:\/\/macote.fr\/#website","url":"https:\/\/macote.fr\/","name":"MyQuote.com","description":"Los mejores accesorios BMW","publisher":{"@id":"https:\/\/macote.fr\/#organization"},"alternateName":"BMW tuning","potentialAction":[{"@type":"SearchAction","target":{"@type":"EntryPoint","urlTemplate":"https:\/\/macote.fr\/?s={search_term_string}"},"query-input":{"@type":"PropertyValueSpecification","valueRequired":true,"valueName":"search_term_string"}}],"inLanguage":"es"},{"@type":"Organization","@id":"https:\/\/macote.fr\/#organization","name":"Macote.es","alternateName":"BMW tuning","url":"https:\/\/macote.fr\/","logo":{"@type":"ImageObject","inLanguage":"es","@id":"https:\/\/macote.fr\/#\/schema\/logo\/image\/","url":"https:\/\/macote.fr\/wp-content\/uploads\/2023\/11\/LOGO-macote.fr-dessin-bmw-noir-copy.jpg","contentUrl":"https:\/\/macote.fr\/wp-content\/uploads\/2023\/11\/LOGO-macote.fr-dessin-bmw-noir-copy.jpg","width":732,"height":456,"caption":"Macote.fr"},"image":{"@id":"https:\/\/macote.fr\/#\/schema\/logo\/image\/"},"sameAs":["https:\/\/www.facebook.com\/profile.php?id=100091476586119","https:\/\/www.youtube.com\/channel\/UCgO-YTbaxYO-w_C5GfL-_1w","https:\/\/www.tiktok.com\/@macote.fr?is_from_webapp=1&sender_device=pc","https:\/\/www.instagram.com\/i_xila_i\/"]}]}},"_links":{"self":[{"href":"https:\/\/macote.fr\/es\/wp-json\/wp\/v2\/product\/6536","targetHints":{"allow":["GET"]}}],"collection":[{"href":"https:\/\/macote.fr\/es\/wp-json\/wp\/v2\/product"}],"about":[{"href":"https:\/\/macote.fr\/es\/wp-json\/wp\/v2\/types\/product"}],"replies":[{"embeddable":true,"href":"https:\/\/macote.fr\/es\/wp-json\/wp\/v2\/comments?post=6536"}],"wp:featuredmedia":[{"embeddable":true,"href":"https:\/\/macote.fr\/es\/wp-json\/wp\/v2\/media\/6537"}],"wp:attachment":[{"href":"https:\/\/macote.fr\/es\/wp-json\/wp\/v2\/media?parent=6536"}],"wp:term":[{"taxonomy":"product_brand","embeddable":true,"href":"https:\/\/macote.fr\/es\/wp-json\/wp\/v2\/product_brand?post=6536"},{"taxonomy":"product_cat","embeddable":true,"href":"https:\/\/macote.fr\/es\/wp-json\/wp\/v2\/product_cat?post=6536"},{"taxonomy":"product_tag","embeddable":true,"href":"https:\/\/macote.fr\/es\/wp-json\/wp\/v2\/product_tag?post=6536"}],"curies":[{"name":"wp","href":"https:\/\/api.w.org\/{rel}","templated":true}]}}