{"id":6541,"date":"2025-06-22T22:55:25","date_gmt":"2025-06-22T20:55:25","guid":{"rendered":"https:\/\/macote.fr\/?post_type=product&#038;p=6541"},"modified":"2025-06-22T22:55:26","modified_gmt":"2025-06-22T20:55:26","slug":"llavero-m-performance-brode","status":"publish","type":"product","link":"https:\/\/macote.fr\/es\/producto\/llavero-m-performance-brode\/","title":{"rendered":"M Performance Llavero bordado"},"content":{"rendered":"<h1 style=\"text-align: center;\">Llavero bordado M Performance (estilo Remove Before Flight)<\/h1>\n<p data-start=\"1102\" data-end=\"1475\">Inspirado en el estilo aeron\u00e1utico, este llavero bordado \"Quitarse antes de volar\" muestra con orgullo los colores de la divisi\u00f3n M Performance. Disponible en blanco o negro, combina elegancia y deportividad con su cuidado bordado y su dise\u00f1o plano, perfecto para guardarlo fuera del bolsillo.<\/p>\n<p data-start=\"1477\" data-end=\"1499\"><strong data-start=\"1477\" data-end=\"1499\">Caracter\u00edsticas :<\/strong><\/p>\n<ul data-start=\"1500\" data-end=\"1700\">\n<li data-start=\"1500\" data-end=\"1538\">\n<p data-start=\"1502\" data-end=\"1538\">Tejido resistente con bordes reforzados<\/p>\n<\/li>\n<li data-start=\"1539\" data-end=\"1600\">\n<p data-start=\"1541\" data-end=\"1600\">Bordado \"PERFORMANCE\" + barras M (rojo, azul, azul claro)<\/p>\n<\/li>\n<li data-start=\"1601\" data-end=\"1639\">\n<p data-start=\"1603\" data-end=\"1639\">Colores disponibles: blanco o negro<\/p>\n<\/li>\n<li data-start=\"1640\" data-end=\"1674\">\n<p data-start=\"1642\" data-end=\"1674\">Anillo de metal plateado incluido<\/p>\n<\/li>\n<\/ul>","protected":false},"excerpt":{"rendered":"<p>Porte-cl\u00e9s M Performance Brod\u00e9 (Style \u00ab\u00a0Remove Before Flight\u00a0\u00bb) Inspir\u00e9 du style aviation, ce porte-cl\u00e9s brod\u00e9 \u00ab\u00a0Remove Before Flight\u00a0\u00bb affiche fi\u00e8rement les couleurs de la division M Performance. Disponible en noir ou blanc, il associe \u00e9l\u00e9gance et sportivit\u00e9 avec sa broderie soign\u00e9e et son design plat, parfait pour ne pas encombrer votre poche. Caract\u00e9ristiques : Tissu [&hellip;]<\/p>\n","protected":false},"featured_media":6542,"comment_status":"open","ping_status":"closed","template":"","meta":{"_eb_attr":""},"product_brand":[],"product_cat":[271,274],"product_tag":[],"class_list":{"0":"post-6541","1":"product","2":"type-product","3":"status-publish","4":"has-post-thumbnail","6":"product_cat-bmw-accessoires-quotidien","7":"product_cat-portes-clefs-bmw","9":"first","10":"instock","11":"taxable","12":"shipping-taxable","13":"purchasable","14":"product-type-variable"},"yoast_head":"<!-- This site is optimized with the Yoast SEO Premium plugin v20.7 (Yoast SEO v27.4) - https:\/\/yoast.com\/product\/yoast-seo-premium-wordpress\/ -->\n<title>Porte-cl\u00e9s M Performance Brod\u00e9 - MaCote.fr<\/title>\n<meta name=\"robots\" content=\"index, follow, max-snippet:-1, max-image-preview:large, max-video-preview:-1\" \/>\n<link rel=\"canonical\" href=\"https:\/\/macote.fr\/es\/producto\/llavero-m-performance-brode\/\" \/>\n<meta property=\"og:locale\" content=\"es_ES\" \/>\n<meta property=\"og:type\" content=\"article\" \/>\n<meta property=\"og:title\" content=\"Porte-cl\u00e9s M Performance Brod\u00e9\" \/>\n<meta property=\"og:description\" content=\"Porte-cl\u00e9s M Performance Brod\u00e9 (Style \u00ab\u00a0Remove Before Flight\u00a0\u00bb) Inspir\u00e9 du style aviation, ce porte-cl\u00e9s brod\u00e9 \u00ab\u00a0Remove Before Flight\u00a0\u00bb affiche fi\u00e8rement les couleurs de la division M Performance. Disponible en noir ou blanc, il associe \u00e9l\u00e9gance et sportivit\u00e9 avec sa broderie soign\u00e9e et son design plat, parfait pour ne pas encombrer votre poche. Caract\u00e9ristiques : Tissu [&hellip;]\" \/>\n<meta property=\"og:url\" content=\"https:\/\/macote.fr\/es\/producto\/llavero-m-performance-brode\/\" \/>\n<meta property=\"og:site_name\" content=\"MaCote.fr\" \/>\n<meta property=\"article:publisher\" content=\"https:\/\/www.facebook.com\/profile.php?id=100091476586119\" \/>\n<meta property=\"article:modified_time\" content=\"2025-06-22T20:55:26+00:00\" \/>\n<meta property=\"og:image\" content=\"https:\/\/macote.fr\/wp-content\/uploads\/2025\/06\/Port-Clefs-BMW-M-PERFORMANCE-Brode.webp\" \/>\n\t<meta property=\"og:image:width\" content=\"800\" \/>\n\t<meta property=\"og:image:height\" content=\"800\" \/>\n\t<meta property=\"og:image:type\" content=\"image\/webp\" \/>\n<meta name=\"twitter:card\" content=\"summary_large_image\" \/>\n<meta name=\"twitter:label1\" content=\"Tiempo de lectura\" \/>\n\t<meta name=\"twitter:data1\" content=\"1 minuto\" \/>\n<script type=\"application\/ld+json\" class=\"yoast-schema-graph\">{\"@context\":\"https:\\\/\\\/schema.org\",\"@graph\":[{\"@type\":\"WebPage\",\"@id\":\"https:\\\/\\\/macote.fr\\\/produit\\\/porte-cles-m-performance-brode\\\/\",\"url\":\"https:\\\/\\\/macote.fr\\\/produit\\\/porte-cles-m-performance-brode\\\/\",\"name\":\"Porte-cl\u00e9s M Performance Brod\u00e9 - MaCote.fr\",\"isPartOf\":{\"@id\":\"https:\\\/\\\/macote.fr\\\/#website\"},\"primaryImageOfPage\":{\"@id\":\"https:\\\/\\\/macote.fr\\\/produit\\\/porte-cles-m-performance-brode\\\/#primaryimage\"},\"image\":{\"@id\":\"https:\\\/\\\/macote.fr\\\/produit\\\/porte-cles-m-performance-brode\\\/#primaryimage\"},\"thumbnailUrl\":\"https:\\\/\\\/macote.fr\\\/wp-content\\\/uploads\\\/2025\\\/06\\\/Port-Clefs-BMW-M-PERFORMANCE-Brode.webp\",\"datePublished\":\"2025-06-22T20:55:25+00:00\",\"dateModified\":\"2025-06-22T20:55:26+00:00\",\"breadcrumb\":{\"@id\":\"https:\\\/\\\/macote.fr\\\/produit\\\/porte-cles-m-performance-brode\\\/#breadcrumb\"},\"inLanguage\":\"es\",\"potentialAction\":[{\"@type\":\"ReadAction\",\"target\":[\"https:\\\/\\\/macote.fr\\\/produit\\\/porte-cles-m-performance-brode\\\/\"]}]},{\"@type\":\"ImageObject\",\"inLanguage\":\"es\",\"@id\":\"https:\\\/\\\/macote.fr\\\/produit\\\/porte-cles-m-performance-brode\\\/#primaryimage\",\"url\":\"https:\\\/\\\/macote.fr\\\/wp-content\\\/uploads\\\/2025\\\/06\\\/Port-Clefs-BMW-M-PERFORMANCE-Brode.webp\",\"contentUrl\":\"https:\\\/\\\/macote.fr\\\/wp-content\\\/uploads\\\/2025\\\/06\\\/Port-Clefs-BMW-M-PERFORMANCE-Brode.webp\",\"width\":800,\"height\":800,\"caption\":\"Port Clefs BMW M PERFORMANCE Brod\u00e9 Blanc + Noir\"},{\"@type\":\"BreadcrumbList\",\"@id\":\"https:\\\/\\\/macote.fr\\\/produit\\\/porte-cles-m-performance-brode\\\/#breadcrumb\",\"itemListElement\":[{\"@type\":\"ListItem\",\"position\":1,\"name\":\"Accueil\",\"item\":\"https:\\\/\\\/macote.fr\\\/\"},{\"@type\":\"ListItem\",\"position\":2,\"name\":\"Boutique\",\"item\":\"https:\\\/\\\/macote.fr\\\/boutique\\\/\"},{\"@type\":\"ListItem\",\"position\":3,\"name\":\"Porte-cl\u00e9s M Performance Brod\u00e9\"}]},{\"@type\":\"WebSite\",\"@id\":\"https:\\\/\\\/macote.fr\\\/#website\",\"url\":\"https:\\\/\\\/macote.fr\\\/\",\"name\":\"MaCote.fr\",\"description\":\"BMW best accessories\",\"publisher\":{\"@id\":\"https:\\\/\\\/macote.fr\\\/#organization\"},\"alternateName\":\"BMW tuning\",\"potentialAction\":[{\"@type\":\"SearchAction\",\"target\":{\"@type\":\"EntryPoint\",\"urlTemplate\":\"https:\\\/\\\/macote.fr\\\/?s={search_term_string}\"},\"query-input\":{\"@type\":\"PropertyValueSpecification\",\"valueRequired\":true,\"valueName\":\"search_term_string\"}}],\"inLanguage\":\"es\"},{\"@type\":\"Organization\",\"@id\":\"https:\\\/\\\/macote.fr\\\/#organization\",\"name\":\"Macote.fr\",\"alternateName\":\"BMW tuning\",\"url\":\"https:\\\/\\\/macote.fr\\\/\",\"logo\":{\"@type\":\"ImageObject\",\"inLanguage\":\"es\",\"@id\":\"https:\\\/\\\/macote.fr\\\/#\\\/schema\\\/logo\\\/image\\\/\",\"url\":\"https:\\\/\\\/macote.fr\\\/wp-content\\\/uploads\\\/2023\\\/11\\\/LOGO-macote.fr-dessin-bmw-noir-copy.jpg\",\"contentUrl\":\"https:\\\/\\\/macote.fr\\\/wp-content\\\/uploads\\\/2023\\\/11\\\/LOGO-macote.fr-dessin-bmw-noir-copy.jpg\",\"width\":732,\"height\":456,\"caption\":\"Macote.fr\"},\"image\":{\"@id\":\"https:\\\/\\\/macote.fr\\\/#\\\/schema\\\/logo\\\/image\\\/\"},\"sameAs\":[\"https:\\\/\\\/www.facebook.com\\\/profile.php?id=100091476586119\",\"https:\\\/\\\/www.youtube.com\\\/channel\\\/UCgO-YTbaxYO-w_C5GfL-_1w\",\"https:\\\/\\\/www.tiktok.com\\\/@macote.fr?is_from_webapp=1&sender_device=pc\",\"https:\\\/\\\/www.instagram.com\\\/i_xila_i\\\/\"]}]}<\/script>\n<!-- \/ Yoast SEO Premium plugin. -->","yoast_head_json":{"title":"Llavero bordado M Performance - MaCote.fr","robots":{"index":"index","follow":"follow","max-snippet":"max-snippet:-1","max-image-preview":"max-image-preview:large","max-video-preview":"max-video-preview:-1"},"canonical":"https:\/\/macote.fr\/es\/producto\/llavero-m-performance-brode\/","og_locale":"es_ES","og_type":"article","og_title":"Porte-cl\u00e9s M Performance Brod\u00e9","og_description":"Porte-cl\u00e9s M Performance Brod\u00e9 (Style \u00ab\u00a0Remove Before Flight\u00a0\u00bb) Inspir\u00e9 du style aviation, ce porte-cl\u00e9s brod\u00e9 \u00ab\u00a0Remove Before Flight\u00a0\u00bb affiche fi\u00e8rement les couleurs de la division M Performance. Disponible en noir ou blanc, il associe \u00e9l\u00e9gance et sportivit\u00e9 avec sa broderie soign\u00e9e et son design plat, parfait pour ne pas encombrer votre poche. Caract\u00e9ristiques : Tissu [&hellip;]","og_url":"https:\/\/macote.fr\/es\/producto\/llavero-m-performance-brode\/","og_site_name":"MaCote.fr","article_publisher":"https:\/\/www.facebook.com\/profile.php?id=100091476586119","article_modified_time":"2025-06-22T20:55:26+00:00","og_image":[{"width":800,"height":800,"url":"https:\/\/macote.fr\/wp-content\/uploads\/2025\/06\/Port-Clefs-BMW-M-PERFORMANCE-Brode.webp","type":"image\/webp"}],"twitter_card":"summary_large_image","twitter_misc":{"Tiempo de lectura":"1 minuto"},"schema":{"@context":"https:\/\/schema.org","@graph":[{"@type":"WebPage","@id":"https:\/\/macote.fr\/produit\/porte-cles-m-performance-brode\/","url":"https:\/\/macote.fr\/produit\/porte-cles-m-performance-brode\/","name":"Llavero bordado M Performance - MaCote.fr","isPartOf":{"@id":"https:\/\/macote.fr\/#website"},"primaryImageOfPage":{"@id":"https:\/\/macote.fr\/produit\/porte-cles-m-performance-brode\/#primaryimage"},"image":{"@id":"https:\/\/macote.fr\/produit\/porte-cles-m-performance-brode\/#primaryimage"},"thumbnailUrl":"https:\/\/macote.fr\/wp-content\/uploads\/2025\/06\/Port-Clefs-BMW-M-PERFORMANCE-Brode.webp","datePublished":"2025-06-22T20:55:25+00:00","dateModified":"2025-06-22T20:55:26+00:00","breadcrumb":{"@id":"https:\/\/macote.fr\/produit\/porte-cles-m-performance-brode\/#breadcrumb"},"inLanguage":"es","potentialAction":[{"@type":"ReadAction","target":["https:\/\/macote.fr\/produit\/porte-cles-m-performance-brode\/"]}]},{"@type":"ImageObject","inLanguage":"es","@id":"https:\/\/macote.fr\/produit\/porte-cles-m-performance-brode\/#primaryimage","url":"https:\/\/macote.fr\/wp-content\/uploads\/2025\/06\/Port-Clefs-BMW-M-PERFORMANCE-Brode.webp","contentUrl":"https:\/\/macote.fr\/wp-content\/uploads\/2025\/06\/Port-Clefs-BMW-M-PERFORMANCE-Brode.webp","width":800,"height":800,"caption":"Port Clefs BMW M PERFORMANCE Brod\u00e9 Blanc + Noir"},{"@type":"BreadcrumbList","@id":"https:\/\/macote.fr\/produit\/porte-cles-m-performance-brode\/#breadcrumb","itemListElement":[{"@type":"ListItem","position":1,"name":"Accueil","item":"https:\/\/macote.fr\/"},{"@type":"ListItem","position":2,"name":"Boutique","item":"https:\/\/macote.fr\/boutique\/"},{"@type":"ListItem","position":3,"name":"Porte-cl\u00e9s M Performance Brod\u00e9"}]},{"@type":"WebSite","@id":"https:\/\/macote.fr\/#website","url":"https:\/\/macote.fr\/","name":"MyQuote.com","description":"Los mejores accesorios BMW","publisher":{"@id":"https:\/\/macote.fr\/#organization"},"alternateName":"BMW tuning","potentialAction":[{"@type":"SearchAction","target":{"@type":"EntryPoint","urlTemplate":"https:\/\/macote.fr\/?s={search_term_string}"},"query-input":{"@type":"PropertyValueSpecification","valueRequired":true,"valueName":"search_term_string"}}],"inLanguage":"es"},{"@type":"Organization","@id":"https:\/\/macote.fr\/#organization","name":"Macote.es","alternateName":"BMW tuning","url":"https:\/\/macote.fr\/","logo":{"@type":"ImageObject","inLanguage":"es","@id":"https:\/\/macote.fr\/#\/schema\/logo\/image\/","url":"https:\/\/macote.fr\/wp-content\/uploads\/2023\/11\/LOGO-macote.fr-dessin-bmw-noir-copy.jpg","contentUrl":"https:\/\/macote.fr\/wp-content\/uploads\/2023\/11\/LOGO-macote.fr-dessin-bmw-noir-copy.jpg","width":732,"height":456,"caption":"Macote.fr"},"image":{"@id":"https:\/\/macote.fr\/#\/schema\/logo\/image\/"},"sameAs":["https:\/\/www.facebook.com\/profile.php?id=100091476586119","https:\/\/www.youtube.com\/channel\/UCgO-YTbaxYO-w_C5GfL-_1w","https:\/\/www.tiktok.com\/@macote.fr?is_from_webapp=1&sender_device=pc","https:\/\/www.instagram.com\/i_xila_i\/"]}]}},"_links":{"self":[{"href":"https:\/\/macote.fr\/es\/wp-json\/wp\/v2\/product\/6541","targetHints":{"allow":["GET"]}}],"collection":[{"href":"https:\/\/macote.fr\/es\/wp-json\/wp\/v2\/product"}],"about":[{"href":"https:\/\/macote.fr\/es\/wp-json\/wp\/v2\/types\/product"}],"replies":[{"embeddable":true,"href":"https:\/\/macote.fr\/es\/wp-json\/wp\/v2\/comments?post=6541"}],"wp:featuredmedia":[{"embeddable":true,"href":"https:\/\/macote.fr\/es\/wp-json\/wp\/v2\/media\/6542"}],"wp:attachment":[{"href":"https:\/\/macote.fr\/es\/wp-json\/wp\/v2\/media?parent=6541"}],"wp:term":[{"taxonomy":"product_brand","embeddable":true,"href":"https:\/\/macote.fr\/es\/wp-json\/wp\/v2\/product_brand?post=6541"},{"taxonomy":"product_cat","embeddable":true,"href":"https:\/\/macote.fr\/es\/wp-json\/wp\/v2\/product_cat?post=6541"},{"taxonomy":"product_tag","embeddable":true,"href":"https:\/\/macote.fr\/es\/wp-json\/wp\/v2\/product_tag?post=6541"}],"curies":[{"name":"wp","href":"https:\/\/api.w.org\/{rel}","templated":true}]}}