{"id":6564,"date":"2025-06-24T22:36:46","date_gmt":"2025-06-24T20:36:46","guid":{"rendered":"https:\/\/macote.fr\/?post_type=product&#038;p=6564"},"modified":"2025-09-25T16:05:56","modified_gmt":"2025-09-25T14:05:56","slug":"llavero-bmw-m-en-polipiel","status":"publish","type":"product","link":"https:\/\/macote.fr\/es\/producto\/llavero-bmw-m-en-polipiel\/","title":{"rendered":"Llavero BMW M en polipiel"},"content":{"rendered":"<h1 style=\"text-align: center;\">Llavero BMW M en polipiel<\/h1>\n<p data-start=\"1206\" data-end=\"1426\">A\u00f1ade un toque de car\u00e1cter a tus llaves con este llavero inspirado en el mundo de BMW \/\/\/M. Dise\u00f1ado para los entusiastas de los coches, combina una est\u00e9tica premium, una robustez impecable y un estilo atemporal.<\/p>\n<p data-start=\"1428\" data-end=\"1474\"><strong data-start=\"1428\" data-end=\"1472\">Disponible en una gama de elegantes colores<\/strong> :<\/p>\n<ul data-start=\"1475\" data-end=\"1688\">\n<li data-start=\"1475\" data-end=\"1514\">\n<p data-start=\"1477\" data-end=\"1514\"><strong data-start=\"1477\" data-end=\"1485\">Negro<\/strong> Un look sobrio y atemporal<\/p>\n<\/li>\n<li data-start=\"1515\" data-end=\"1566\">\n<p data-start=\"1517\" data-end=\"1566\"><strong data-start=\"1517\" data-end=\"1533\">Marr\u00f3n oscuro<\/strong> un toque cl\u00e1sico y refinado<\/p>\n<\/li>\n<li data-start=\"1567\" data-end=\"1626\">\n<p data-start=\"1569\" data-end=\"1626\"><strong data-start=\"1569\" data-end=\"1587\">Marr\u00f3n vintage<\/strong> retro chic con efecto patinado<\/p>\n<\/li>\n<li data-start=\"1627\" data-end=\"1688\">\n<p data-start=\"1629\" data-end=\"1688\"><strong data-start=\"1629\" data-end=\"1643\">Verde oscuro<\/strong> raro y original, para un estilo distintivo<\/p>\n<\/li>\n<\/ul>\n<p data-start=\"1690\" data-end=\"1712\"><strong data-start=\"1690\" data-end=\"1710\">Caracter\u00edsticas<\/strong> :<\/p>\n<ul data-start=\"1713\" data-end=\"2108\">\n<li data-start=\"1713\" data-end=\"1795\">\n<p data-start=\"1715\" data-end=\"1795\"><strong data-start=\"1715\" data-end=\"1742\">Materiales de alta gama<\/strong> Piel sint\u00e9tica texturizada y estructura de metal negro mate<\/p>\n<\/li>\n<li data-start=\"1796\" data-end=\"1847\">\n<p data-start=\"1798\" data-end=\"1847\"><strong data-start=\"1798\" data-end=\"1819\">Logotipo \/\/\/M recortado<\/strong> dise\u00f1o deportivo y discreto<\/p>\n<\/li>\n<li data-start=\"1848\" data-end=\"1935\">\n<p data-start=\"1850\" data-end=\"1935\"><strong data-start=\"1850\" data-end=\"1870\">Anillos robustos<\/strong> Anilla principal + minianillas para una organizaci\u00f3n pr\u00e1ctica<\/p>\n<\/li>\n<li data-start=\"1936\" data-end=\"2021\">\n<p data-start=\"1938\" data-end=\"2021\"><strong data-start=\"1938\" data-end=\"1956\">Montaje cuidadoso<\/strong> Se suministra con una herramienta de desmontaje y un sistema de fijaci\u00f3n seguro<\/p>\n<\/li>\n<li data-start=\"2022\" data-end=\"2108\">\n<p data-start=\"2024\" data-end=\"2108\"><strong data-start=\"2024\" data-end=\"2053\">Compatibilidad universal<\/strong> Caben todas tus llaves (coche, casa, placa, etc.)<\/p>\n<\/li>\n<\/ul>\n<p data-start=\"2110\" data-end=\"2257\">Este llavero BMW M es m\u00e1s que un accesorio: es un gui\u00f1o al mundo del Motorsport, un objeto cotidiano que refleja tu pasi\u00f3n.<\/p>","protected":false},"excerpt":{"rendered":"<p>Llavero BMW \/\/\/M de polipiel, disponible en una gama de elegantes colores. Acabado met\u00e1lico en negro mate, logotipo recortado y anillas resistentes. Perfecto para dar un toque Motorsport a tus llaves.<\/p>","protected":false},"featured_media":6569,"comment_status":"open","ping_status":"closed","template":"","meta":{"_eb_attr":""},"product_brand":[],"product_cat":[271,274],"product_tag":[],"class_list":{"0":"post-6564","1":"product","2":"type-product","3":"status-publish","4":"has-post-thumbnail","6":"product_cat-bmw-accessoires-quotidien","7":"product_cat-portes-clefs-bmw","9":"first","10":"instock","11":"taxable","12":"shipping-taxable","13":"purchasable","14":"product-type-variable"},"yoast_head":"<!-- This site is optimized with the Yoast SEO Premium plugin v20.7 (Yoast SEO v27.4) - https:\/\/yoast.com\/product\/yoast-seo-premium-wordpress\/ -->\n<title>Porte-cl\u00e9s BMW M en simili cuir - MaCote.fr<\/title>\n<meta name=\"robots\" content=\"index, follow, max-snippet:-1, max-image-preview:large, max-video-preview:-1\" \/>\n<link rel=\"canonical\" href=\"https:\/\/macote.fr\/es\/producto\/llavero-bmw-m-en-polipiel\/\" \/>\n<meta property=\"og:locale\" content=\"es_ES\" \/>\n<meta property=\"og:type\" content=\"article\" \/>\n<meta property=\"og:title\" content=\"Porte-cl\u00e9s BMW M en simili cuir\" \/>\n<meta property=\"og:description\" content=\"Porte-cl\u00e9s BMW \/\/\/M en simili cuir, d\u00e9clin\u00e9 en plusieurs coloris \u00e9l\u00e9gants. Finition m\u00e9tal noir mat, logo d\u00e9coup\u00e9 et anneaux robustes. Parfait pour ajouter une touche Motorsport \u00e0 vos cl\u00e9s.\" \/>\n<meta property=\"og:url\" content=\"https:\/\/macote.fr\/es\/producto\/llavero-bmw-m-en-polipiel\/\" \/>\n<meta property=\"og:site_name\" content=\"MaCote.fr\" \/>\n<meta property=\"article:publisher\" content=\"https:\/\/www.facebook.com\/profile.php?id=100091476586119\" \/>\n<meta property=\"article:modified_time\" content=\"2025-09-25T14:05:56+00:00\" \/>\n<meta property=\"og:image\" content=\"https:\/\/macote.fr\/wp-content\/uploads\/2025\/06\/porte-cles-bmw-m-cuir-multicolore-collection-macote.webp\" \/>\n\t<meta property=\"og:image:width\" content=\"800\" \/>\n\t<meta property=\"og:image:height\" content=\"800\" \/>\n\t<meta property=\"og:image:type\" content=\"image\/webp\" \/>\n<meta name=\"twitter:card\" content=\"summary_large_image\" \/>\n<meta name=\"twitter:label1\" content=\"Tiempo de lectura\" \/>\n\t<meta name=\"twitter:data1\" content=\"1 minuto\" \/>\n<script type=\"application\/ld+json\" class=\"yoast-schema-graph\">{\"@context\":\"https:\\\/\\\/schema.org\",\"@graph\":[{\"@type\":\"WebPage\",\"@id\":\"https:\\\/\\\/macote.fr\\\/produit\\\/porte-cles-bmw-m-en-simili-cuir\\\/\",\"url\":\"https:\\\/\\\/macote.fr\\\/produit\\\/porte-cles-bmw-m-en-simili-cuir\\\/\",\"name\":\"Porte-cl\u00e9s BMW M en simili cuir - MaCote.fr\",\"isPartOf\":{\"@id\":\"https:\\\/\\\/macote.fr\\\/#website\"},\"primaryImageOfPage\":{\"@id\":\"https:\\\/\\\/macote.fr\\\/produit\\\/porte-cles-bmw-m-en-simili-cuir\\\/#primaryimage\"},\"image\":{\"@id\":\"https:\\\/\\\/macote.fr\\\/produit\\\/porte-cles-bmw-m-en-simili-cuir\\\/#primaryimage\"},\"thumbnailUrl\":\"https:\\\/\\\/macote.fr\\\/wp-content\\\/uploads\\\/2025\\\/06\\\/porte-cles-bmw-m-cuir-multicolore-collection-macote.webp\",\"datePublished\":\"2025-06-24T20:36:46+00:00\",\"dateModified\":\"2025-09-25T14:05:56+00:00\",\"breadcrumb\":{\"@id\":\"https:\\\/\\\/macote.fr\\\/produit\\\/porte-cles-bmw-m-en-simili-cuir\\\/#breadcrumb\"},\"inLanguage\":\"es\",\"potentialAction\":[{\"@type\":\"ReadAction\",\"target\":[\"https:\\\/\\\/macote.fr\\\/produit\\\/porte-cles-bmw-m-en-simili-cuir\\\/\"]}]},{\"@type\":\"ImageObject\",\"inLanguage\":\"es\",\"@id\":\"https:\\\/\\\/macote.fr\\\/produit\\\/porte-cles-bmw-m-en-simili-cuir\\\/#primaryimage\",\"url\":\"https:\\\/\\\/macote.fr\\\/wp-content\\\/uploads\\\/2025\\\/06\\\/porte-cles-bmw-m-cuir-multicolore-collection-macote.webp\",\"contentUrl\":\"https:\\\/\\\/macote.fr\\\/wp-content\\\/uploads\\\/2025\\\/06\\\/porte-cles-bmw-m-cuir-multicolore-collection-macote.webp\",\"width\":800,\"height\":800,\"caption\":\"porte-cles-bmw-m-cuir-multicolore-collection-macote\"},{\"@type\":\"BreadcrumbList\",\"@id\":\"https:\\\/\\\/macote.fr\\\/produit\\\/porte-cles-bmw-m-en-simili-cuir\\\/#breadcrumb\",\"itemListElement\":[{\"@type\":\"ListItem\",\"position\":1,\"name\":\"Accueil\",\"item\":\"https:\\\/\\\/macote.fr\\\/\"},{\"@type\":\"ListItem\",\"position\":2,\"name\":\"Boutique\",\"item\":\"https:\\\/\\\/macote.fr\\\/boutique\\\/\"},{\"@type\":\"ListItem\",\"position\":3,\"name\":\"Porte-cl\u00e9s BMW M en simili cuir\"}]},{\"@type\":\"WebSite\",\"@id\":\"https:\\\/\\\/macote.fr\\\/#website\",\"url\":\"https:\\\/\\\/macote.fr\\\/\",\"name\":\"MaCote.fr\",\"description\":\"BMW best accessories\",\"publisher\":{\"@id\":\"https:\\\/\\\/macote.fr\\\/#organization\"},\"alternateName\":\"BMW tuning\",\"potentialAction\":[{\"@type\":\"SearchAction\",\"target\":{\"@type\":\"EntryPoint\",\"urlTemplate\":\"https:\\\/\\\/macote.fr\\\/?s={search_term_string}\"},\"query-input\":{\"@type\":\"PropertyValueSpecification\",\"valueRequired\":true,\"valueName\":\"search_term_string\"}}],\"inLanguage\":\"es\"},{\"@type\":\"Organization\",\"@id\":\"https:\\\/\\\/macote.fr\\\/#organization\",\"name\":\"Macote.fr\",\"alternateName\":\"BMW tuning\",\"url\":\"https:\\\/\\\/macote.fr\\\/\",\"logo\":{\"@type\":\"ImageObject\",\"inLanguage\":\"es\",\"@id\":\"https:\\\/\\\/macote.fr\\\/#\\\/schema\\\/logo\\\/image\\\/\",\"url\":\"https:\\\/\\\/macote.fr\\\/wp-content\\\/uploads\\\/2023\\\/11\\\/LOGO-macote.fr-dessin-bmw-noir-copy.jpg\",\"contentUrl\":\"https:\\\/\\\/macote.fr\\\/wp-content\\\/uploads\\\/2023\\\/11\\\/LOGO-macote.fr-dessin-bmw-noir-copy.jpg\",\"width\":732,\"height\":456,\"caption\":\"Macote.fr\"},\"image\":{\"@id\":\"https:\\\/\\\/macote.fr\\\/#\\\/schema\\\/logo\\\/image\\\/\"},\"sameAs\":[\"https:\\\/\\\/www.facebook.com\\\/profile.php?id=100091476586119\",\"https:\\\/\\\/www.youtube.com\\\/channel\\\/UCgO-YTbaxYO-w_C5GfL-_1w\",\"https:\\\/\\\/www.tiktok.com\\\/@macote.fr?is_from_webapp=1&sender_device=pc\",\"https:\\\/\\\/www.instagram.com\\\/i_xila_i\\\/\"]}]}<\/script>\n<!-- \/ Yoast SEO Premium plugin. -->","yoast_head_json":{"title":"Llavero BMW M en polipiel - MaCote.fr","robots":{"index":"index","follow":"follow","max-snippet":"max-snippet:-1","max-image-preview":"max-image-preview:large","max-video-preview":"max-video-preview:-1"},"canonical":"https:\/\/macote.fr\/es\/producto\/llavero-bmw-m-en-polipiel\/","og_locale":"es_ES","og_type":"article","og_title":"Porte-cl\u00e9s BMW M en simili cuir","og_description":"Porte-cl\u00e9s BMW \/\/\/M en simili cuir, d\u00e9clin\u00e9 en plusieurs coloris \u00e9l\u00e9gants. Finition m\u00e9tal noir mat, logo d\u00e9coup\u00e9 et anneaux robustes. Parfait pour ajouter une touche Motorsport \u00e0 vos cl\u00e9s.","og_url":"https:\/\/macote.fr\/es\/producto\/llavero-bmw-m-en-polipiel\/","og_site_name":"MaCote.fr","article_publisher":"https:\/\/www.facebook.com\/profile.php?id=100091476586119","article_modified_time":"2025-09-25T14:05:56+00:00","og_image":[{"width":800,"height":800,"url":"https:\/\/macote.fr\/wp-content\/uploads\/2025\/06\/porte-cles-bmw-m-cuir-multicolore-collection-macote.webp","type":"image\/webp"}],"twitter_card":"summary_large_image","twitter_misc":{"Tiempo de lectura":"1 minuto"},"schema":{"@context":"https:\/\/schema.org","@graph":[{"@type":"WebPage","@id":"https:\/\/macote.fr\/produit\/porte-cles-bmw-m-en-simili-cuir\/","url":"https:\/\/macote.fr\/produit\/porte-cles-bmw-m-en-simili-cuir\/","name":"Llavero BMW M en polipiel - MaCote.fr","isPartOf":{"@id":"https:\/\/macote.fr\/#website"},"primaryImageOfPage":{"@id":"https:\/\/macote.fr\/produit\/porte-cles-bmw-m-en-simili-cuir\/#primaryimage"},"image":{"@id":"https:\/\/macote.fr\/produit\/porte-cles-bmw-m-en-simili-cuir\/#primaryimage"},"thumbnailUrl":"https:\/\/macote.fr\/wp-content\/uploads\/2025\/06\/porte-cles-bmw-m-cuir-multicolore-collection-macote.webp","datePublished":"2025-06-24T20:36:46+00:00","dateModified":"2025-09-25T14:05:56+00:00","breadcrumb":{"@id":"https:\/\/macote.fr\/produit\/porte-cles-bmw-m-en-simili-cuir\/#breadcrumb"},"inLanguage":"es","potentialAction":[{"@type":"ReadAction","target":["https:\/\/macote.fr\/produit\/porte-cles-bmw-m-en-simili-cuir\/"]}]},{"@type":"ImageObject","inLanguage":"es","@id":"https:\/\/macote.fr\/produit\/porte-cles-bmw-m-en-simili-cuir\/#primaryimage","url":"https:\/\/macote.fr\/wp-content\/uploads\/2025\/06\/porte-cles-bmw-m-cuir-multicolore-collection-macote.webp","contentUrl":"https:\/\/macote.fr\/wp-content\/uploads\/2025\/06\/porte-cles-bmw-m-cuir-multicolore-collection-macote.webp","width":800,"height":800,"caption":"porte-cles-bmw-m-cuir-multicolore-collection-macote"},{"@type":"BreadcrumbList","@id":"https:\/\/macote.fr\/produit\/porte-cles-bmw-m-en-simili-cuir\/#breadcrumb","itemListElement":[{"@type":"ListItem","position":1,"name":"Accueil","item":"https:\/\/macote.fr\/"},{"@type":"ListItem","position":2,"name":"Boutique","item":"https:\/\/macote.fr\/boutique\/"},{"@type":"ListItem","position":3,"name":"Porte-cl\u00e9s BMW M en simili cuir"}]},{"@type":"WebSite","@id":"https:\/\/macote.fr\/#website","url":"https:\/\/macote.fr\/","name":"MyQuote.com","description":"Los mejores accesorios BMW","publisher":{"@id":"https:\/\/macote.fr\/#organization"},"alternateName":"BMW tuning","potentialAction":[{"@type":"SearchAction","target":{"@type":"EntryPoint","urlTemplate":"https:\/\/macote.fr\/?s={search_term_string}"},"query-input":{"@type":"PropertyValueSpecification","valueRequired":true,"valueName":"search_term_string"}}],"inLanguage":"es"},{"@type":"Organization","@id":"https:\/\/macote.fr\/#organization","name":"Macote.es","alternateName":"BMW tuning","url":"https:\/\/macote.fr\/","logo":{"@type":"ImageObject","inLanguage":"es","@id":"https:\/\/macote.fr\/#\/schema\/logo\/image\/","url":"https:\/\/macote.fr\/wp-content\/uploads\/2023\/11\/LOGO-macote.fr-dessin-bmw-noir-copy.jpg","contentUrl":"https:\/\/macote.fr\/wp-content\/uploads\/2023\/11\/LOGO-macote.fr-dessin-bmw-noir-copy.jpg","width":732,"height":456,"caption":"Macote.fr"},"image":{"@id":"https:\/\/macote.fr\/#\/schema\/logo\/image\/"},"sameAs":["https:\/\/www.facebook.com\/profile.php?id=100091476586119","https:\/\/www.youtube.com\/channel\/UCgO-YTbaxYO-w_C5GfL-_1w","https:\/\/www.tiktok.com\/@macote.fr?is_from_webapp=1&sender_device=pc","https:\/\/www.instagram.com\/i_xila_i\/"]}]}},"_links":{"self":[{"href":"https:\/\/macote.fr\/es\/wp-json\/wp\/v2\/product\/6564","targetHints":{"allow":["GET"]}}],"collection":[{"href":"https:\/\/macote.fr\/es\/wp-json\/wp\/v2\/product"}],"about":[{"href":"https:\/\/macote.fr\/es\/wp-json\/wp\/v2\/types\/product"}],"replies":[{"embeddable":true,"href":"https:\/\/macote.fr\/es\/wp-json\/wp\/v2\/comments?post=6564"}],"wp:featuredmedia":[{"embeddable":true,"href":"https:\/\/macote.fr\/es\/wp-json\/wp\/v2\/media\/6569"}],"wp:attachment":[{"href":"https:\/\/macote.fr\/es\/wp-json\/wp\/v2\/media?parent=6564"}],"wp:term":[{"taxonomy":"product_brand","embeddable":true,"href":"https:\/\/macote.fr\/es\/wp-json\/wp\/v2\/product_brand?post=6564"},{"taxonomy":"product_cat","embeddable":true,"href":"https:\/\/macote.fr\/es\/wp-json\/wp\/v2\/product_cat?post=6564"},{"taxonomy":"product_tag","embeddable":true,"href":"https:\/\/macote.fr\/es\/wp-json\/wp\/v2\/product_tag?post=6564"}],"curies":[{"name":"wp","href":"https:\/\/api.w.org\/{rel}","templated":true}]}}