{"id":6631,"date":"2025-07-25T22:51:29","date_gmt":"2025-07-25T20:51:29","guid":{"rendered":"https:\/\/macote.fr\/?post_type=product&#038;p=6631"},"modified":"2025-07-25T23:34:21","modified_gmt":"2025-07-25T21:34:21","slug":"cable-de-carga-magnetico-usb-c-lightning-trenzado-a-prueba-de-nudos","status":"publish","type":"product","link":"https:\/\/macote.fr\/es\/producto\/cable-de-carga-magnetico-usb-c-lightning-trenzado-a-prueba-de-nudos\/","title":{"rendered":"Cable de carga trenzado magn\u00e9tico USB-C\/Lightning - A prueba de nodos"},"content":{"rendered":"<h1 style=\"text-align: center;\" data-start=\"371\" data-end=\"689\">Cable de carga magn\u00e9tico<\/h1>\n<h2 style=\"text-align: left;\" data-start=\"371\" data-end=\"689\">Ordenado, r\u00e1pido, listo para salir.<\/h2>\n<p data-start=\"371\" data-end=\"689\">En un coche, el espacio cuenta. Con los cables tirados por la consola central, cayendo al suelo o enredados alrededor de la palanca de cambios, mantener el interior ordenado se convierte r\u00e1pidamente en un reto. Este cable magn\u00e9tico se ha dise\u00f1ado para resolver este problema de forma inteligente, sin comprometer el rendimiento.<\/p>\n<p data-start=\"691\" data-end=\"991\">Con imanes integrados a lo largo de todo el cable, se sujeta sobre s\u00ed mismo con un solo movimiento, creando una espiral compacta y ordenada. No hay necesidad de hacer nudos, utilizar clips o meterlo inc\u00f3modamente en un bolsillo. Se mantiene organizado, accesible y visualmente elegante.<\/p>\n<h4 data-start=\"993\" data-end=\"1031\">Dise\u00f1ado para los desplazamientos diarios:<\/h4>\n<ul data-start=\"1033\" data-end=\"1578\">\n<li data-start=\"1033\" data-end=\"1154\">\n<p data-start=\"1035\" data-end=\"1154\"><strong data-start=\"1035\" data-end=\"1062\">No interfiere en la conducci\u00f3n<\/strong> Su forma en espiral evita que el cable sobrante se enrolle alrededor de la palanca de cambios o los mandos.<\/p>\n<\/li>\n<li data-start=\"1155\" data-end=\"1333\">\n<p data-start=\"1157\" data-end=\"1333\"><strong data-start=\"1157\" data-end=\"1190\">Se adapta a todos los veh\u00edculos<\/strong> Tanto si lo conectas a un puerto USB-A, a un adaptador USB-C para encendedor de cigarrillos o directamente a un concentrador integrado, hay una versi\u00f3n que se adapta a ti.<\/p>\n<\/li>\n<li data-start=\"1334\" data-end=\"1460\">\n<p data-start=\"1336\" data-end=\"1460\"><strong data-start=\"1336\" data-end=\"1384\">Se mantiene perfectamente enrollado incluso en movimiento<\/strong> No hay riesgo de que se desenrolle y arrastre por las alfombras o bajo los asientos.<\/p>\n<\/li>\n<li data-start=\"1461\" data-end=\"1578\">\n<p data-start=\"1463\" data-end=\"1578\"><strong data-start=\"1463\" data-end=\"1496\">Listo para usar en cualquier momento<\/strong> Se despliega hasta alcanzar la longitud justa y luego vuelve a su forma original.<\/p>\n<\/li>\n<\/ul>\n<h4 data-start=\"1580\" data-end=\"1614\">Especificaciones t\u00e9cnicas :<\/h4>\n<ul data-start=\"1616\" data-end=\"2221\">\n<li data-start=\"1616\" data-end=\"1746\">\n<p data-start=\"1618\" data-end=\"1648\"><strong data-start=\"1618\" data-end=\"1646\">Conectores disponibles<\/strong> :<\/p>\n<ul data-start=\"1651\" data-end=\"1746\">\n<li data-start=\"1651\" data-end=\"1669\">\n<p data-start=\"1653\" data-end=\"1669\">USB-C a USB-C<\/p>\n<\/li>\n<li data-start=\"1672\" data-end=\"1721\">\n<p data-start=\"1674\" data-end=\"1721\">USB-C a Lightning (compatible con iPhone \/ iPad)<\/p>\n<\/li>\n<li data-start=\"1724\" data-end=\"1746\">\n<p data-start=\"1726\" data-end=\"1746\">USB-A a Lightning<\/p>\n<\/li>\n<\/ul>\n<\/li>\n<li data-start=\"1747\" data-end=\"1872\">\n<p data-start=\"1749\" data-end=\"1872\"><strong data-start=\"1749\" data-end=\"1772\">Longitudes disponibles<\/strong> 1 metro para un uso compacto, 2 metros para una mayor flexibilidad en la parte trasera del veh\u00edculo.<\/p>\n<\/li>\n<li data-start=\"1873\" data-end=\"2043\">\n<p data-start=\"1875\" data-end=\"1894\"><strong data-start=\"1875\" data-end=\"1892\">Carga r\u00e1pida<\/strong> :<\/p>\n<ul data-start=\"1897\" data-end=\"2043\">\n<li data-start=\"1897\" data-end=\"1938\">\n<p data-start=\"1899\" data-end=\"1938\">60 W: ideal para smartphones o tabletas<\/p>\n<\/li>\n<li data-start=\"1941\" data-end=\"1994\">\n<p data-start=\"1943\" data-end=\"1994\">100 W: para port\u00e1tiles compatibles con USB-C<\/p>\n<\/li>\n<li data-start=\"1997\" data-end=\"2043\">\n<p data-start=\"1999\" data-end=\"2043\">240 W: para los aparatos m\u00e1s exigentes<\/p>\n<\/li>\n<\/ul>\n<\/li>\n<li data-start=\"2044\" data-end=\"2095\">\n<p data-start=\"2046\" data-end=\"2095\"><strong data-start=\"2046\" data-end=\"2093\">Transferencia de datos y recarga simult\u00e1nea<\/strong><\/p>\n<\/li>\n<li data-start=\"2096\" data-end=\"2221\">\n<p data-start=\"2098\" data-end=\"2221\"><strong data-start=\"2098\" data-end=\"2128\">Revestimiento trenzado reforzado<\/strong> Resistente al desgaste, la torsi\u00f3n, el calor del habit\u00e1culo y el uso intensivo.<\/p>\n<\/li>\n<\/ul>\n<h4 data-start=\"2223\" data-end=\"2272\">Dise\u00f1ado para durar. Dise\u00f1ado para ser discreto.<\/h4>\n<p data-start=\"2274\" data-end=\"2550\">Este cable no es un simple accesorio. Es una soluci\u00f3n de almacenamiento y recarga de alta gama, dise\u00f1ada para quienes pasan mucho tiempo en el coche y se niegan a ser desordenados. Encaja perfectamente en un interior moderno y mejora la est\u00e9tica de su habit\u00e1culo.<\/p>","protected":false},"excerpt":{"rendered":"<p>El cable magn\u00e9tico dise\u00f1ado para el coche: sin enredos, potente (hasta 240 W) y siempre perfectamente ordenado. Disponible en USB-C y Lightning, 1 m o 2 m. Dise\u00f1o limpio, carga r\u00e1pida y cero l\u00edos.<\/p>","protected":false},"featured_media":6639,"comment_status":"open","ping_status":"closed","template":"","meta":{"_eb_attr":""},"product_brand":[],"product_cat":[266],"product_tag":[],"class_list":{"0":"post-6631","1":"product","2":"type-product","3":"status-publish","4":"has-post-thumbnail","6":"product_cat-bmw-electronique-technologie","8":"first","9":"instock","10":"taxable","11":"shipping-taxable","12":"purchasable","13":"product-type-variable"},"yoast_head":"<!-- This site is optimized with the Yoast SEO Premium plugin v20.7 (Yoast SEO v27.4) - https:\/\/yoast.com\/product\/yoast-seo-premium-wordpress\/ -->\n<title>C\u00e2ble de recharge Magn\u00e9tique tr\u00e9ss\u00e9 USB-C\/Lightning - Anti-noeuds - MaCote.fr<\/title>\n<meta name=\"robots\" content=\"index, follow, max-snippet:-1, max-image-preview:large, max-video-preview:-1\" \/>\n<link rel=\"canonical\" href=\"https:\/\/macote.fr\/es\/producto\/cable-de-carga-magnetico-usb-c-lightning-trenzado-a-prueba-de-nudos\/\" \/>\n<meta property=\"og:locale\" content=\"es_ES\" \/>\n<meta property=\"og:type\" content=\"article\" \/>\n<meta property=\"og:title\" content=\"C\u00e2ble de recharge Magn\u00e9tique tr\u00e9ss\u00e9 USB-C\/Lightning - Anti-noeuds\" \/>\n<meta property=\"og:description\" content=\"Le c\u00e2ble magn\u00e9tique pens\u00e9 pour la voiture : anti-n\u0153uds, puissant (jusqu\u2019\u00e0 240W), et toujours parfaitement rang\u00e9. Disponible en USB-C et Lightning, 1m ou 2m. Un design propre, une charge rapide, z\u00e9ro encombrement.\" \/>\n<meta property=\"og:url\" content=\"https:\/\/macote.fr\/es\/producto\/cable-de-carga-magnetico-usb-c-lightning-trenzado-a-prueba-de-nudos\/\" \/>\n<meta property=\"og:site_name\" content=\"MaCote.fr\" \/>\n<meta property=\"article:publisher\" content=\"https:\/\/www.facebook.com\/profile.php?id=100091476586119\" \/>\n<meta property=\"article:modified_time\" content=\"2025-07-25T21:34:21+00:00\" \/>\n<meta property=\"og:image\" content=\"https:\/\/macote.fr\/wp-content\/uploads\/2025\/07\/Cable-Magnetique-tresse-Argent-Apple-Iphone-USB-C-USB-C.png\" \/>\n\t<meta property=\"og:image:width\" content=\"700\" \/>\n\t<meta property=\"og:image:height\" content=\"700\" \/>\n\t<meta property=\"og:image:type\" content=\"image\/png\" \/>\n<meta name=\"twitter:card\" content=\"summary_large_image\" \/>\n<meta name=\"twitter:label1\" content=\"Tiempo de lectura\" \/>\n\t<meta name=\"twitter:data1\" content=\"2 minutos\" \/>\n<script type=\"application\/ld+json\" class=\"yoast-schema-graph\">{\"@context\":\"https:\\\/\\\/schema.org\",\"@graph\":[{\"@type\":\"WebPage\",\"@id\":\"https:\\\/\\\/macote.fr\\\/produit\\\/cable-de-recharge-magnetique-tresse-usb-c-lightning-anti-noeuds\\\/\",\"url\":\"https:\\\/\\\/macote.fr\\\/produit\\\/cable-de-recharge-magnetique-tresse-usb-c-lightning-anti-noeuds\\\/\",\"name\":\"C\u00e2ble de recharge Magn\u00e9tique tr\u00e9ss\u00e9 USB-C\\\/Lightning - Anti-noeuds - MaCote.fr\",\"isPartOf\":{\"@id\":\"https:\\\/\\\/macote.fr\\\/#website\"},\"primaryImageOfPage\":{\"@id\":\"https:\\\/\\\/macote.fr\\\/produit\\\/cable-de-recharge-magnetique-tresse-usb-c-lightning-anti-noeuds\\\/#primaryimage\"},\"image\":{\"@id\":\"https:\\\/\\\/macote.fr\\\/produit\\\/cable-de-recharge-magnetique-tresse-usb-c-lightning-anti-noeuds\\\/#primaryimage\"},\"thumbnailUrl\":\"https:\\\/\\\/macote.fr\\\/wp-content\\\/uploads\\\/2025\\\/07\\\/Cable-Magnetique-tresse-Argent-Apple-Iphone-USB-C-USB-C.png\",\"datePublished\":\"2025-07-25T20:51:29+00:00\",\"dateModified\":\"2025-07-25T21:34:21+00:00\",\"breadcrumb\":{\"@id\":\"https:\\\/\\\/macote.fr\\\/produit\\\/cable-de-recharge-magnetique-tresse-usb-c-lightning-anti-noeuds\\\/#breadcrumb\"},\"inLanguage\":\"es\",\"potentialAction\":[{\"@type\":\"ReadAction\",\"target\":[\"https:\\\/\\\/macote.fr\\\/produit\\\/cable-de-recharge-magnetique-tresse-usb-c-lightning-anti-noeuds\\\/\"]}]},{\"@type\":\"ImageObject\",\"inLanguage\":\"es\",\"@id\":\"https:\\\/\\\/macote.fr\\\/produit\\\/cable-de-recharge-magnetique-tresse-usb-c-lightning-anti-noeuds\\\/#primaryimage\",\"url\":\"https:\\\/\\\/macote.fr\\\/wp-content\\\/uploads\\\/2025\\\/07\\\/Cable-Magnetique-tresse-Argent-Apple-Iphone-USB-C-USB-C.png\",\"contentUrl\":\"https:\\\/\\\/macote.fr\\\/wp-content\\\/uploads\\\/2025\\\/07\\\/Cable-Magnetique-tresse-Argent-Apple-Iphone-USB-C-USB-C.png\",\"width\":700,\"height\":700,\"caption\":\"Cable Magn\u00e9tique tr\u00e9ss\u00e9 Argent Apple Iphone USB C - USB C\"},{\"@type\":\"BreadcrumbList\",\"@id\":\"https:\\\/\\\/macote.fr\\\/produit\\\/cable-de-recharge-magnetique-tresse-usb-c-lightning-anti-noeuds\\\/#breadcrumb\",\"itemListElement\":[{\"@type\":\"ListItem\",\"position\":1,\"name\":\"Accueil\",\"item\":\"https:\\\/\\\/macote.fr\\\/\"},{\"@type\":\"ListItem\",\"position\":2,\"name\":\"Boutique\",\"item\":\"https:\\\/\\\/macote.fr\\\/boutique\\\/\"},{\"@type\":\"ListItem\",\"position\":3,\"name\":\"C\u00e2ble de recharge Magn\u00e9tique tr\u00e9ss\u00e9 USB-C\\\/Lightning &#8211; Anti-noeuds\"}]},{\"@type\":\"WebSite\",\"@id\":\"https:\\\/\\\/macote.fr\\\/#website\",\"url\":\"https:\\\/\\\/macote.fr\\\/\",\"name\":\"MaCote.fr\",\"description\":\"BMW best accessories\",\"publisher\":{\"@id\":\"https:\\\/\\\/macote.fr\\\/#organization\"},\"alternateName\":\"BMW tuning\",\"potentialAction\":[{\"@type\":\"SearchAction\",\"target\":{\"@type\":\"EntryPoint\",\"urlTemplate\":\"https:\\\/\\\/macote.fr\\\/?s={search_term_string}\"},\"query-input\":{\"@type\":\"PropertyValueSpecification\",\"valueRequired\":true,\"valueName\":\"search_term_string\"}}],\"inLanguage\":\"es\"},{\"@type\":\"Organization\",\"@id\":\"https:\\\/\\\/macote.fr\\\/#organization\",\"name\":\"Macote.fr\",\"alternateName\":\"BMW tuning\",\"url\":\"https:\\\/\\\/macote.fr\\\/\",\"logo\":{\"@type\":\"ImageObject\",\"inLanguage\":\"es\",\"@id\":\"https:\\\/\\\/macote.fr\\\/#\\\/schema\\\/logo\\\/image\\\/\",\"url\":\"https:\\\/\\\/macote.fr\\\/wp-content\\\/uploads\\\/2023\\\/11\\\/LOGO-macote.fr-dessin-bmw-noir-copy.jpg\",\"contentUrl\":\"https:\\\/\\\/macote.fr\\\/wp-content\\\/uploads\\\/2023\\\/11\\\/LOGO-macote.fr-dessin-bmw-noir-copy.jpg\",\"width\":732,\"height\":456,\"caption\":\"Macote.fr\"},\"image\":{\"@id\":\"https:\\\/\\\/macote.fr\\\/#\\\/schema\\\/logo\\\/image\\\/\"},\"sameAs\":[\"https:\\\/\\\/www.facebook.com\\\/profile.php?id=100091476586119\",\"https:\\\/\\\/www.youtube.com\\\/channel\\\/UCgO-YTbaxYO-w_C5GfL-_1w\",\"https:\\\/\\\/www.tiktok.com\\\/@macote.fr?is_from_webapp=1&sender_device=pc\",\"https:\\\/\\\/www.instagram.com\\\/i_xila_i\\\/\"]}]}<\/script>\n<!-- \/ Yoast SEO Premium plugin. -->","yoast_head_json":{"title":"Cable de carga trenzado magn\u00e9tico USB-C\/Lightning - Antirruido - MaCote.fr","robots":{"index":"index","follow":"follow","max-snippet":"max-snippet:-1","max-image-preview":"max-image-preview:large","max-video-preview":"max-video-preview:-1"},"canonical":"https:\/\/macote.fr\/es\/producto\/cable-de-carga-magnetico-usb-c-lightning-trenzado-a-prueba-de-nudos\/","og_locale":"es_ES","og_type":"article","og_title":"C\u00e2ble de recharge Magn\u00e9tique tr\u00e9ss\u00e9 USB-C\/Lightning - Anti-noeuds","og_description":"Le c\u00e2ble magn\u00e9tique pens\u00e9 pour la voiture : anti-n\u0153uds, puissant (jusqu\u2019\u00e0 240W), et toujours parfaitement rang\u00e9. Disponible en USB-C et Lightning, 1m ou 2m. Un design propre, une charge rapide, z\u00e9ro encombrement.","og_url":"https:\/\/macote.fr\/es\/producto\/cable-de-carga-magnetico-usb-c-lightning-trenzado-a-prueba-de-nudos\/","og_site_name":"MaCote.fr","article_publisher":"https:\/\/www.facebook.com\/profile.php?id=100091476586119","article_modified_time":"2025-07-25T21:34:21+00:00","og_image":[{"width":700,"height":700,"url":"https:\/\/macote.fr\/wp-content\/uploads\/2025\/07\/Cable-Magnetique-tresse-Argent-Apple-Iphone-USB-C-USB-C.png","type":"image\/png"}],"twitter_card":"summary_large_image","twitter_misc":{"Tiempo de lectura":"2 minutos"},"schema":{"@context":"https:\/\/schema.org","@graph":[{"@type":"WebPage","@id":"https:\/\/macote.fr\/produit\/cable-de-recharge-magnetique-tresse-usb-c-lightning-anti-noeuds\/","url":"https:\/\/macote.fr\/produit\/cable-de-recharge-magnetique-tresse-usb-c-lightning-anti-noeuds\/","name":"Cable de carga trenzado magn\u00e9tico USB-C\/Lightning - Antirruido - MaCote.fr","isPartOf":{"@id":"https:\/\/macote.fr\/#website"},"primaryImageOfPage":{"@id":"https:\/\/macote.fr\/produit\/cable-de-recharge-magnetique-tresse-usb-c-lightning-anti-noeuds\/#primaryimage"},"image":{"@id":"https:\/\/macote.fr\/produit\/cable-de-recharge-magnetique-tresse-usb-c-lightning-anti-noeuds\/#primaryimage"},"thumbnailUrl":"https:\/\/macote.fr\/wp-content\/uploads\/2025\/07\/Cable-Magnetique-tresse-Argent-Apple-Iphone-USB-C-USB-C.png","datePublished":"2025-07-25T20:51:29+00:00","dateModified":"2025-07-25T21:34:21+00:00","breadcrumb":{"@id":"https:\/\/macote.fr\/produit\/cable-de-recharge-magnetique-tresse-usb-c-lightning-anti-noeuds\/#breadcrumb"},"inLanguage":"es","potentialAction":[{"@type":"ReadAction","target":["https:\/\/macote.fr\/produit\/cable-de-recharge-magnetique-tresse-usb-c-lightning-anti-noeuds\/"]}]},{"@type":"ImageObject","inLanguage":"es","@id":"https:\/\/macote.fr\/produit\/cable-de-recharge-magnetique-tresse-usb-c-lightning-anti-noeuds\/#primaryimage","url":"https:\/\/macote.fr\/wp-content\/uploads\/2025\/07\/Cable-Magnetique-tresse-Argent-Apple-Iphone-USB-C-USB-C.png","contentUrl":"https:\/\/macote.fr\/wp-content\/uploads\/2025\/07\/Cable-Magnetique-tresse-Argent-Apple-Iphone-USB-C-USB-C.png","width":700,"height":700,"caption":"Cable Magn\u00e9tique tr\u00e9ss\u00e9 Argent Apple Iphone USB C - USB C"},{"@type":"BreadcrumbList","@id":"https:\/\/macote.fr\/produit\/cable-de-recharge-magnetique-tresse-usb-c-lightning-anti-noeuds\/#breadcrumb","itemListElement":[{"@type":"ListItem","position":1,"name":"Accueil","item":"https:\/\/macote.fr\/"},{"@type":"ListItem","position":2,"name":"Boutique","item":"https:\/\/macote.fr\/boutique\/"},{"@type":"ListItem","position":3,"name":"C\u00e2ble de recharge Magn\u00e9tique tr\u00e9ss\u00e9 USB-C\/Lightning &#8211; Anti-noeuds"}]},{"@type":"WebSite","@id":"https:\/\/macote.fr\/#website","url":"https:\/\/macote.fr\/","name":"MyQuote.com","description":"Los mejores accesorios BMW","publisher":{"@id":"https:\/\/macote.fr\/#organization"},"alternateName":"BMW tuning","potentialAction":[{"@type":"SearchAction","target":{"@type":"EntryPoint","urlTemplate":"https:\/\/macote.fr\/?s={search_term_string}"},"query-input":{"@type":"PropertyValueSpecification","valueRequired":true,"valueName":"search_term_string"}}],"inLanguage":"es"},{"@type":"Organization","@id":"https:\/\/macote.fr\/#organization","name":"Macote.es","alternateName":"BMW tuning","url":"https:\/\/macote.fr\/","logo":{"@type":"ImageObject","inLanguage":"es","@id":"https:\/\/macote.fr\/#\/schema\/logo\/image\/","url":"https:\/\/macote.fr\/wp-content\/uploads\/2023\/11\/LOGO-macote.fr-dessin-bmw-noir-copy.jpg","contentUrl":"https:\/\/macote.fr\/wp-content\/uploads\/2023\/11\/LOGO-macote.fr-dessin-bmw-noir-copy.jpg","width":732,"height":456,"caption":"Macote.fr"},"image":{"@id":"https:\/\/macote.fr\/#\/schema\/logo\/image\/"},"sameAs":["https:\/\/www.facebook.com\/profile.php?id=100091476586119","https:\/\/www.youtube.com\/channel\/UCgO-YTbaxYO-w_C5GfL-_1w","https:\/\/www.tiktok.com\/@macote.fr?is_from_webapp=1&sender_device=pc","https:\/\/www.instagram.com\/i_xila_i\/"]}]}},"_links":{"self":[{"href":"https:\/\/macote.fr\/es\/wp-json\/wp\/v2\/product\/6631","targetHints":{"allow":["GET"]}}],"collection":[{"href":"https:\/\/macote.fr\/es\/wp-json\/wp\/v2\/product"}],"about":[{"href":"https:\/\/macote.fr\/es\/wp-json\/wp\/v2\/types\/product"}],"replies":[{"embeddable":true,"href":"https:\/\/macote.fr\/es\/wp-json\/wp\/v2\/comments?post=6631"}],"wp:featuredmedia":[{"embeddable":true,"href":"https:\/\/macote.fr\/es\/wp-json\/wp\/v2\/media\/6639"}],"wp:attachment":[{"href":"https:\/\/macote.fr\/es\/wp-json\/wp\/v2\/media?parent=6631"}],"wp:term":[{"taxonomy":"product_brand","embeddable":true,"href":"https:\/\/macote.fr\/es\/wp-json\/wp\/v2\/product_brand?post=6631"},{"taxonomy":"product_cat","embeddable":true,"href":"https:\/\/macote.fr\/es\/wp-json\/wp\/v2\/product_cat?post=6631"},{"taxonomy":"product_tag","embeddable":true,"href":"https:\/\/macote.fr\/es\/wp-json\/wp\/v2\/product_tag?post=6631"}],"curies":[{"name":"wp","href":"https:\/\/api.w.org\/{rel}","templated":true}]}}