{"id":6691,"date":"2025-07-31T10:12:17","date_gmt":"2025-07-31T08:12:17","guid":{"rendered":"https:\/\/macote.fr\/?post_type=product&#038;p=6691"},"modified":"2025-07-31T10:41:36","modified_gmt":"2025-07-31T08:41:36","slug":"led-parrilla-iconic-glow-bmw-serie-1-e87-2004-2012","status":"publish","type":"product","link":"https:\/\/macote.fr\/es\/producto\/led-parrilla-iconic-glow-bmw-serie-1-e87-2004-2012\/","title":{"rendered":"Parrilla LED - Iconic Glow - BMW Serie 1 E87 (2004-2012)"},"content":{"rendered":"<h1 style=\"text-align: center;\" data-start=\"237\" data-end=\"296\">Parrilla LED - Iconic Glow - BMW Serie 1 E87 (2004-2012)<\/h1>\n<h3 data-start=\"298\" data-end=\"355\">El aspecto cl\u00e1sico del E87, actualizado<\/h3>\n<p data-start=\"357\" data-end=\"703\">Devuelve la vida a tu BMW Serie 1 E87 con esta parrilla LED retroiluminada, dise\u00f1ada para combinar el estilo original con un toque de tecnolog\u00eda.<br data-start=\"491\" data-end=\"494\" \/>A diferencia de los modelos m\u00e1s recientes, con el ribete iluminado, esta parrilla se ilumina desde la parte superior de las barras, creando un llamativo efecto visual al tiempo que mantiene el ic\u00f3nico dise\u00f1o de doble grano de BMW.<\/p>\n<hr data-start=\"705\" data-end=\"708\" \/>\n<h3 data-start=\"710\" data-end=\"755\">Estilo retro + LED = un E87 actualizado<\/h3>\n<p data-start=\"757\" data-end=\"1118\">La generaci\u00f3n E87 es un cl\u00e1sico apreciado por los entusiastas de BMW por su estilo de conducci\u00f3n din\u00e1mico y su autenticidad.<br data-start=\"867\" data-end=\"870\" \/>Esta rejilla LED para el radiador forma parte de un nuevo enfoque para <strong data-start=\"919\" data-end=\"942\">est\u00e9tica restomod<\/strong> Mantiene la forma original, pero a\u00f1ade un <strong>iluminaci\u00f3n sutil y moderna<\/strong>Esto es posible gracias a unos LED discretamente integrados en la parte superior de la parrilla.<\/p>\n<hr data-start=\"1120\" data-end=\"1123\" \/>\n<h3 data-start=\"1125\" data-end=\"1157\">\u00bfPor qu\u00e9 elegir este modelo?<\/h3>\n<ul data-start=\"1159\" data-end=\"1640\">\n<li data-start=\"1159\" data-end=\"1268\">\n<p data-start=\"1161\" data-end=\"1268\"><strong data-start=\"1161\" data-end=\"1190\">Efecto retroiluminado<\/strong>\u00a0la iluminaci\u00f3n procede de arriba, para un aspecto \u00fanico sin tira de LED visible.<\/p>\n<\/li>\n<li data-start=\"1269\" data-end=\"1366\">\n<p data-start=\"1271\" data-end=\"1366\"><strong data-start=\"1271\" data-end=\"1294\">Se mantiene el dise\u00f1o OEM<\/strong> Misma forma, mismas proporciones, montaje id\u00e9ntico a la pieza original.<\/p>\n<\/li>\n<li data-start=\"1367\" data-end=\"1468\">\n<p data-start=\"1369\" data-end=\"1468\"><strong data-start=\"1369\" data-end=\"1400\">Puesta a punto discreta pero visible<\/strong> <strong>(OEM+)<\/strong>Perfecto para los que quieren destacar entre la multitud sin cambiar el aspecto de su coche.<\/p>\n<\/li>\n<li data-start=\"1469\" data-end=\"1534\">\n<p data-start=\"1471\" data-end=\"1534\"><strong data-start=\"1471\" data-end=\"1494\">F\u00e1cil de instalar<\/strong><\/p>\n<\/li>\n<\/ul>\n<hr data-start=\"1642\" data-end=\"1645\" \/>\n<h3 data-start=\"1647\" data-end=\"1669\">Ficha t\u00e9cnica<\/h3>\n<ul data-start=\"1671\" data-end=\"2178\">\n<li data-start=\"1671\" data-end=\"1744\">\n<p data-start=\"1673\" data-end=\"1744\"><strong data-start=\"1673\" data-end=\"1690\">Compatibilidad<\/strong> : BMW <strong>Serie 1 E87<\/strong> (2004 a 2012), todos los motores<\/p>\n<\/li>\n<li data-start=\"1745\" data-end=\"1854\">\n<p data-start=\"1747\" data-end=\"1854\"><strong data-start=\"1747\" data-end=\"1760\">Iluminaci\u00f3n<\/strong> LED blanco integrado en la parte superior de la rejilla (retroiluminaci\u00f3n de las barras)<\/p>\n<\/li>\n<li data-start=\"1855\" data-end=\"1925\">\n<p data-start=\"1857\" data-end=\"1925\"><strong data-start=\"1857\" data-end=\"1873\">Instalaci\u00f3n<\/strong> sin recorte, fijaci\u00f3n original, mazo de cables suministrado<\/p>\n<\/li>\n<li data-start=\"1926\" data-end=\"2004\">\n<p data-start=\"1928\" data-end=\"2004\"><strong data-start=\"1928\" data-end=\"1943\">Conexi\u00f3n<\/strong> en ACC, luces piloto o interruptor independiente (seg\u00fan sea necesario)<\/p>\n<\/li>\n<li data-start=\"2005\" data-end=\"2063\">\n<p data-start=\"2007\" data-end=\"2063\"><strong data-start=\"2007\" data-end=\"2019\">Material<\/strong> ABS de alta calidad, acabado negro brillante<\/p>\n<\/li>\n<li data-start=\"2064\" data-end=\"2122\">\n<p data-start=\"2066\" data-end=\"2122\"><strong data-start=\"2066\" data-end=\"2080\">Estanqueidad<\/strong> Conformidad IP67 (lluvia, lavado, humedad)<\/p>\n<\/li>\n<li data-start=\"2123\" data-end=\"2178\">\n<p data-start=\"2125\" data-end=\"2178\"><strong data-start=\"2125\" data-end=\"2144\">Sin errores DAB<\/strong> ning\u00fan fallo en el salpicadero<\/p>\n<\/li>\n<\/ul>\n<hr data-start=\"2180\" data-end=\"2183\" \/>\n<h3 data-start=\"2185\" data-end=\"2209\">Incluido en el paquete<\/h3>\n<ul data-start=\"2211\" data-end=\"2353\">\n<li data-start=\"2211\" data-end=\"2272\">\n<p data-start=\"2213\" data-end=\"2272\">1 par de rejillas LED retroiluminadas (izquierda + derecha)<\/p>\n<\/li>\n<\/ul>\n<hr data-start=\"2355\" data-end=\"2358\" \/>\n<h3 data-start=\"2360\" data-end=\"2428\">5 a\u00f1os de garant\u00eda - Porque confiamos en nuestro producto<\/h3>\n<p data-start=\"2430\" data-end=\"2723\">Hemos dise\u00f1ado esta rejilla para que resista el paso del tiempo. Por eso tiene un <strong data-start=\"2533\" data-end=\"2563\">5 a\u00f1os de garant\u00eda total<\/strong>Esta garant\u00eda cubre cualquier defecto de fabricaci\u00f3n o problema de iluminaci\u00f3n. Esta garant\u00eda es una expresi\u00f3n directa de la confianza que tenemos en la durabilidad de nuestros productos.<\/p>\n<hr data-start=\"2725\" data-end=\"2728\" \/>\n<h3 data-start=\"2730\" data-end=\"2772\">Dale a tu E87 lo que se merece<\/h3>\n<p data-start=\"2774\" data-end=\"2997\">Con esta rejilla de radiador LED, podr\u00e1 dar un nuevo aspecto a su Serie 1. <strong data-start=\"2831\" data-end=\"2862\">iluminaci\u00f3n moderna firma<\/strong>sin traicionar su identidad.<br data-start=\"2889\" data-end=\"2892\" \/>Un equilibrio perfecto entre autenticidad e innovaci\u00f3n, para que tu youngtimer reviva con estilo.<\/p>","protected":false},"excerpt":{"rendered":"<p>Calandre LED &#8211; Iconic Glow \u2013 BMW S\u00e9rie 1 E87 (2004\u20132012) Le look classique de la E87, modernis\u00e9 Redonnez vie \u00e0 votre BMW S\u00e9rie 1 E87 avec cette calandre LED r\u00e9tro\u00e9clair\u00e9e, con\u00e7ue pour allier style original et touche technologique.Contrairement aux mod\u00e8les plus r\u00e9cent \u00e0 liseret lumineux, cette calandre \u00e9claire par le haut des barreaux, cr\u00e9ant [&hellip;]<\/p>\n","protected":false},"featured_media":6694,"comment_status":"open","ping_status":"closed","template":"","meta":{"_eb_attr":""},"product_brand":[],"product_cat":[130,138,269,68],"product_tag":[],"class_list":{"0":"post-6691","1":"product","2":"type-product","3":"status-publish","4":"has-post-thumbnail","6":"product_cat-bmw-serie-1","7":"product_cat-bmw-serie-1-e87","8":"product_cat-calandre-led-iconic-glow","9":"product_cat-eclairage-signature-lumineuse","11":"first","12":"instock","13":"taxable","14":"shipping-taxable","15":"purchasable","16":"product-type-variable"},"yoast_head":"<!-- This site is optimized with the Yoast SEO Premium plugin v20.7 (Yoast SEO v27.4) - https:\/\/yoast.com\/product\/yoast-seo-premium-wordpress\/ -->\n<title>Calandre LED - Iconic Glow - BMW S\u00e9rie 1 E87 (2004-2012) - MaCote.fr<\/title>\n<meta name=\"robots\" content=\"index, follow, max-snippet:-1, max-image-preview:large, max-video-preview:-1\" \/>\n<link rel=\"canonical\" href=\"https:\/\/macote.fr\/es\/producto\/led-parrilla-iconic-glow-bmw-serie-1-e87-2004-2012\/\" \/>\n<meta property=\"og:locale\" content=\"es_ES\" \/>\n<meta property=\"og:type\" content=\"article\" \/>\n<meta property=\"og:title\" content=\"Calandre LED - Iconic Glow - BMW S\u00e9rie 1 E87 (2004-2012)\" \/>\n<meta property=\"og:description\" content=\"Calandre LED &#8211; Iconic Glow \u2013 BMW S\u00e9rie 1 E87 (2004\u20132012) Le look classique de la E87, modernis\u00e9 Redonnez vie \u00e0 votre BMW S\u00e9rie 1 E87 avec cette calandre LED r\u00e9tro\u00e9clair\u00e9e, con\u00e7ue pour allier style original et touche technologique.Contrairement aux mod\u00e8les plus r\u00e9cent \u00e0 liseret lumineux, cette calandre \u00e9claire par le haut des barreaux, cr\u00e9ant [&hellip;]\" \/>\n<meta property=\"og:url\" content=\"https:\/\/macote.fr\/es\/producto\/led-parrilla-iconic-glow-bmw-serie-1-e87-2004-2012\/\" \/>\n<meta property=\"og:site_name\" content=\"MaCote.fr\" \/>\n<meta property=\"article:publisher\" content=\"https:\/\/www.facebook.com\/profile.php?id=100091476586119\" \/>\n<meta property=\"article:modified_time\" content=\"2025-07-31T08:41:36+00:00\" \/>\n<meta property=\"og:image\" content=\"https:\/\/macote.fr\/wp-content\/uploads\/2025\/07\/Calandre-LED-Iconic-Glow-DRL-BMW-Serie-1-e87.jpg\" \/>\n\t<meta property=\"og:image:width\" content=\"800\" \/>\n\t<meta property=\"og:image:height\" content=\"800\" \/>\n\t<meta property=\"og:image:type\" content=\"image\/jpeg\" \/>\n<meta name=\"twitter:card\" content=\"summary_large_image\" \/>\n<meta name=\"twitter:label1\" content=\"Tiempo de lectura\" \/>\n\t<meta name=\"twitter:data1\" content=\"3 minutos\" \/>\n<script type=\"application\/ld+json\" class=\"yoast-schema-graph\">{\"@context\":\"https:\\\/\\\/schema.org\",\"@graph\":[{\"@type\":\"WebPage\",\"@id\":\"https:\\\/\\\/macote.fr\\\/produit\\\/calandre-led-iconic-glow-bmw-serie-1-e87-2004-2012\\\/\",\"url\":\"https:\\\/\\\/macote.fr\\\/produit\\\/calandre-led-iconic-glow-bmw-serie-1-e87-2004-2012\\\/\",\"name\":\"Calandre LED - Iconic Glow - BMW S\u00e9rie 1 E87 (2004-2012) - MaCote.fr\",\"isPartOf\":{\"@id\":\"https:\\\/\\\/macote.fr\\\/#website\"},\"primaryImageOfPage\":{\"@id\":\"https:\\\/\\\/macote.fr\\\/produit\\\/calandre-led-iconic-glow-bmw-serie-1-e87-2004-2012\\\/#primaryimage\"},\"image\":{\"@id\":\"https:\\\/\\\/macote.fr\\\/produit\\\/calandre-led-iconic-glow-bmw-serie-1-e87-2004-2012\\\/#primaryimage\"},\"thumbnailUrl\":\"https:\\\/\\\/macote.fr\\\/wp-content\\\/uploads\\\/2025\\\/07\\\/Calandre-LED-Iconic-Glow-DRL-BMW-Serie-1-e87.jpg\",\"datePublished\":\"2025-07-31T08:12:17+00:00\",\"dateModified\":\"2025-07-31T08:41:36+00:00\",\"breadcrumb\":{\"@id\":\"https:\\\/\\\/macote.fr\\\/produit\\\/calandre-led-iconic-glow-bmw-serie-1-e87-2004-2012\\\/#breadcrumb\"},\"inLanguage\":\"es\",\"potentialAction\":[{\"@type\":\"ReadAction\",\"target\":[\"https:\\\/\\\/macote.fr\\\/produit\\\/calandre-led-iconic-glow-bmw-serie-1-e87-2004-2012\\\/\"]}]},{\"@type\":\"ImageObject\",\"inLanguage\":\"es\",\"@id\":\"https:\\\/\\\/macote.fr\\\/produit\\\/calandre-led-iconic-glow-bmw-serie-1-e87-2004-2012\\\/#primaryimage\",\"url\":\"https:\\\/\\\/macote.fr\\\/wp-content\\\/uploads\\\/2025\\\/07\\\/Calandre-LED-Iconic-Glow-DRL-BMW-Serie-1-e87.jpg\",\"contentUrl\":\"https:\\\/\\\/macote.fr\\\/wp-content\\\/uploads\\\/2025\\\/07\\\/Calandre-LED-Iconic-Glow-DRL-BMW-Serie-1-e87.jpg\",\"width\":800,\"height\":800,\"caption\":\"Calandre LED - Iconic Glow - DRL - BMW S\u00e9rie 1 e87\"},{\"@type\":\"BreadcrumbList\",\"@id\":\"https:\\\/\\\/macote.fr\\\/produit\\\/calandre-led-iconic-glow-bmw-serie-1-e87-2004-2012\\\/#breadcrumb\",\"itemListElement\":[{\"@type\":\"ListItem\",\"position\":1,\"name\":\"Accueil\",\"item\":\"https:\\\/\\\/macote.fr\\\/\"},{\"@type\":\"ListItem\",\"position\":2,\"name\":\"Boutique\",\"item\":\"https:\\\/\\\/macote.fr\\\/boutique\\\/\"},{\"@type\":\"ListItem\",\"position\":3,\"name\":\"Calandre LED &#8211; Iconic Glow &#8211; BMW S\u00e9rie 1 E87 (2004-2012)\"}]},{\"@type\":\"WebSite\",\"@id\":\"https:\\\/\\\/macote.fr\\\/#website\",\"url\":\"https:\\\/\\\/macote.fr\\\/\",\"name\":\"MaCote.fr\",\"description\":\"BMW best accessories\",\"publisher\":{\"@id\":\"https:\\\/\\\/macote.fr\\\/#organization\"},\"alternateName\":\"BMW tuning\",\"potentialAction\":[{\"@type\":\"SearchAction\",\"target\":{\"@type\":\"EntryPoint\",\"urlTemplate\":\"https:\\\/\\\/macote.fr\\\/?s={search_term_string}\"},\"query-input\":{\"@type\":\"PropertyValueSpecification\",\"valueRequired\":true,\"valueName\":\"search_term_string\"}}],\"inLanguage\":\"es\"},{\"@type\":\"Organization\",\"@id\":\"https:\\\/\\\/macote.fr\\\/#organization\",\"name\":\"Macote.fr\",\"alternateName\":\"BMW tuning\",\"url\":\"https:\\\/\\\/macote.fr\\\/\",\"logo\":{\"@type\":\"ImageObject\",\"inLanguage\":\"es\",\"@id\":\"https:\\\/\\\/macote.fr\\\/#\\\/schema\\\/logo\\\/image\\\/\",\"url\":\"https:\\\/\\\/macote.fr\\\/wp-content\\\/uploads\\\/2023\\\/11\\\/LOGO-macote.fr-dessin-bmw-noir-copy.jpg\",\"contentUrl\":\"https:\\\/\\\/macote.fr\\\/wp-content\\\/uploads\\\/2023\\\/11\\\/LOGO-macote.fr-dessin-bmw-noir-copy.jpg\",\"width\":732,\"height\":456,\"caption\":\"Macote.fr\"},\"image\":{\"@id\":\"https:\\\/\\\/macote.fr\\\/#\\\/schema\\\/logo\\\/image\\\/\"},\"sameAs\":[\"https:\\\/\\\/www.facebook.com\\\/profile.php?id=100091476586119\",\"https:\\\/\\\/www.youtube.com\\\/channel\\\/UCgO-YTbaxYO-w_C5GfL-_1w\",\"https:\\\/\\\/www.tiktok.com\\\/@macote.fr?is_from_webapp=1&sender_device=pc\",\"https:\\\/\\\/www.instagram.com\\\/i_xila_i\\\/\"]}]}<\/script>\n<!-- \/ Yoast SEO Premium plugin. -->","yoast_head_json":{"title":"Parrilla LED - Iconic Glow - BMW Serie 1 E87 (2004-2012) - MaCote.es","robots":{"index":"index","follow":"follow","max-snippet":"max-snippet:-1","max-image-preview":"max-image-preview:large","max-video-preview":"max-video-preview:-1"},"canonical":"https:\/\/macote.fr\/es\/producto\/led-parrilla-iconic-glow-bmw-serie-1-e87-2004-2012\/","og_locale":"es_ES","og_type":"article","og_title":"Calandre LED - Iconic Glow - BMW S\u00e9rie 1 E87 (2004-2012)","og_description":"Calandre LED &#8211; Iconic Glow \u2013 BMW S\u00e9rie 1 E87 (2004\u20132012) Le look classique de la E87, modernis\u00e9 Redonnez vie \u00e0 votre BMW S\u00e9rie 1 E87 avec cette calandre LED r\u00e9tro\u00e9clair\u00e9e, con\u00e7ue pour allier style original et touche technologique.Contrairement aux mod\u00e8les plus r\u00e9cent \u00e0 liseret lumineux, cette calandre \u00e9claire par le haut des barreaux, cr\u00e9ant [&hellip;]","og_url":"https:\/\/macote.fr\/es\/producto\/led-parrilla-iconic-glow-bmw-serie-1-e87-2004-2012\/","og_site_name":"MaCote.fr","article_publisher":"https:\/\/www.facebook.com\/profile.php?id=100091476586119","article_modified_time":"2025-07-31T08:41:36+00:00","og_image":[{"width":800,"height":800,"url":"https:\/\/macote.fr\/wp-content\/uploads\/2025\/07\/Calandre-LED-Iconic-Glow-DRL-BMW-Serie-1-e87.jpg","type":"image\/jpeg"}],"twitter_card":"summary_large_image","twitter_misc":{"Tiempo de lectura":"3 minutos"},"schema":{"@context":"https:\/\/schema.org","@graph":[{"@type":"WebPage","@id":"https:\/\/macote.fr\/produit\/calandre-led-iconic-glow-bmw-serie-1-e87-2004-2012\/","url":"https:\/\/macote.fr\/produit\/calandre-led-iconic-glow-bmw-serie-1-e87-2004-2012\/","name":"Parrilla LED - Iconic Glow - BMW Serie 1 E87 (2004-2012) - MaCote.es","isPartOf":{"@id":"https:\/\/macote.fr\/#website"},"primaryImageOfPage":{"@id":"https:\/\/macote.fr\/produit\/calandre-led-iconic-glow-bmw-serie-1-e87-2004-2012\/#primaryimage"},"image":{"@id":"https:\/\/macote.fr\/produit\/calandre-led-iconic-glow-bmw-serie-1-e87-2004-2012\/#primaryimage"},"thumbnailUrl":"https:\/\/macote.fr\/wp-content\/uploads\/2025\/07\/Calandre-LED-Iconic-Glow-DRL-BMW-Serie-1-e87.jpg","datePublished":"2025-07-31T08:12:17+00:00","dateModified":"2025-07-31T08:41:36+00:00","breadcrumb":{"@id":"https:\/\/macote.fr\/produit\/calandre-led-iconic-glow-bmw-serie-1-e87-2004-2012\/#breadcrumb"},"inLanguage":"es","potentialAction":[{"@type":"ReadAction","target":["https:\/\/macote.fr\/produit\/calandre-led-iconic-glow-bmw-serie-1-e87-2004-2012\/"]}]},{"@type":"ImageObject","inLanguage":"es","@id":"https:\/\/macote.fr\/produit\/calandre-led-iconic-glow-bmw-serie-1-e87-2004-2012\/#primaryimage","url":"https:\/\/macote.fr\/wp-content\/uploads\/2025\/07\/Calandre-LED-Iconic-Glow-DRL-BMW-Serie-1-e87.jpg","contentUrl":"https:\/\/macote.fr\/wp-content\/uploads\/2025\/07\/Calandre-LED-Iconic-Glow-DRL-BMW-Serie-1-e87.jpg","width":800,"height":800,"caption":"Calandre LED - Iconic Glow - DRL - BMW S\u00e9rie 1 e87"},{"@type":"BreadcrumbList","@id":"https:\/\/macote.fr\/produit\/calandre-led-iconic-glow-bmw-serie-1-e87-2004-2012\/#breadcrumb","itemListElement":[{"@type":"ListItem","position":1,"name":"Accueil","item":"https:\/\/macote.fr\/"},{"@type":"ListItem","position":2,"name":"Boutique","item":"https:\/\/macote.fr\/boutique\/"},{"@type":"ListItem","position":3,"name":"Calandre LED &#8211; Iconic Glow &#8211; BMW S\u00e9rie 1 E87 (2004-2012)"}]},{"@type":"WebSite","@id":"https:\/\/macote.fr\/#website","url":"https:\/\/macote.fr\/","name":"MyQuote.com","description":"Los mejores accesorios BMW","publisher":{"@id":"https:\/\/macote.fr\/#organization"},"alternateName":"BMW tuning","potentialAction":[{"@type":"SearchAction","target":{"@type":"EntryPoint","urlTemplate":"https:\/\/macote.fr\/?s={search_term_string}"},"query-input":{"@type":"PropertyValueSpecification","valueRequired":true,"valueName":"search_term_string"}}],"inLanguage":"es"},{"@type":"Organization","@id":"https:\/\/macote.fr\/#organization","name":"Macote.es","alternateName":"BMW tuning","url":"https:\/\/macote.fr\/","logo":{"@type":"ImageObject","inLanguage":"es","@id":"https:\/\/macote.fr\/#\/schema\/logo\/image\/","url":"https:\/\/macote.fr\/wp-content\/uploads\/2023\/11\/LOGO-macote.fr-dessin-bmw-noir-copy.jpg","contentUrl":"https:\/\/macote.fr\/wp-content\/uploads\/2023\/11\/LOGO-macote.fr-dessin-bmw-noir-copy.jpg","width":732,"height":456,"caption":"Macote.fr"},"image":{"@id":"https:\/\/macote.fr\/#\/schema\/logo\/image\/"},"sameAs":["https:\/\/www.facebook.com\/profile.php?id=100091476586119","https:\/\/www.youtube.com\/channel\/UCgO-YTbaxYO-w_C5GfL-_1w","https:\/\/www.tiktok.com\/@macote.fr?is_from_webapp=1&sender_device=pc","https:\/\/www.instagram.com\/i_xila_i\/"]}]}},"_links":{"self":[{"href":"https:\/\/macote.fr\/es\/wp-json\/wp\/v2\/product\/6691","targetHints":{"allow":["GET"]}}],"collection":[{"href":"https:\/\/macote.fr\/es\/wp-json\/wp\/v2\/product"}],"about":[{"href":"https:\/\/macote.fr\/es\/wp-json\/wp\/v2\/types\/product"}],"replies":[{"embeddable":true,"href":"https:\/\/macote.fr\/es\/wp-json\/wp\/v2\/comments?post=6691"}],"wp:featuredmedia":[{"embeddable":true,"href":"https:\/\/macote.fr\/es\/wp-json\/wp\/v2\/media\/6694"}],"wp:attachment":[{"href":"https:\/\/macote.fr\/es\/wp-json\/wp\/v2\/media?parent=6691"}],"wp:term":[{"taxonomy":"product_brand","embeddable":true,"href":"https:\/\/macote.fr\/es\/wp-json\/wp\/v2\/product_brand?post=6691"},{"taxonomy":"product_cat","embeddable":true,"href":"https:\/\/macote.fr\/es\/wp-json\/wp\/v2\/product_cat?post=6691"},{"taxonomy":"product_tag","embeddable":true,"href":"https:\/\/macote.fr\/es\/wp-json\/wp\/v2\/product_tag?post=6691"}],"curies":[{"name":"wp","href":"https:\/\/api.w.org\/{rel}","templated":true}]}}