{"id":6734,"date":"2025-08-01T17:01:55","date_gmt":"2025-08-01T15:01:55","guid":{"rendered":"https:\/\/macote.fr\/?post_type=product&#038;p=6734"},"modified":"2025-08-01T17:09:34","modified_gmt":"2025-08-01T15:09:34","slug":"led-parrilla-iconic-glow-bmw-serie-4-f32-f33-2014-2020","status":"publish","type":"product","link":"https:\/\/macote.fr\/es\/producto\/led-parrilla-iconic-glow-bmw-serie-4-f32-f33-2014-2020\/","title":{"rendered":"Parrilla LED - Iconic Glow - BMW Serie 4 F32, F33 (2014-2020)"},"content":{"rendered":"<h1 style=\"text-align: center;\" data-start=\"271\" data-end=\"329\">Parrilla Iconic Glow LED - Para BMW Serie 4 F32, F33 (2014-2020)<\/h1>\n<h2 data-start=\"331\" data-end=\"401\">Un look de autor<\/h2>\n<p data-start=\"403\" data-end=\"791\">Su <strong>BMW Serie 4 F32, F33 <\/strong>ya es un concentrado de agilidad y dise\u00f1o. Pero si est\u00e1s aqu\u00ed es porque sabes que siempre hay una forma de sublimar una base ya de por s\u00ed deportiva. Este <strong data-start=\"582\" data-end=\"610\">Ic\u00f3nica rejilla Glow LED<\/strong> transforma la parte delantera de su <strong>BMW<\/strong>\u00a0con una tira de luz blanca integrada en el contorno de la parrilla del radiador, directamente inspirada en los \u00faltimos y m\u00e1s exclusivos modelos de BMW, como la Serie 5, la Serie 7 y el XM.<\/p>\n<hr data-start=\"793\" data-end=\"796\" \/>\n<h3 data-start=\"798\" data-end=\"848\">Una firma luminosa de alta gama<\/h3>\n<p data-start=\"850\" data-end=\"1185\">La parrilla se basa en el principio de retroiluminaci\u00f3n integral desarrollado por BMW para sus modelos de prestigio. Aqu\u00ed, la <strong>Embellecedor LED blanco integrado<\/strong> acent\u00faa las l\u00edneas del cl\u00e1sico rayo doble con un acabado brillante y elegante. De d\u00eda o de noche, su BMW desprende un <strong data-start=\"1128\" data-end=\"1158\">fuerte presencia visual<\/strong>\u00fanico en su categor\u00eda.<\/p>\n<ul data-start=\"1215\" data-end=\"1377\">\n<li data-start=\"1215\" data-end=\"1290\">\n<p data-start=\"1187\" data-end=\"1214\">Disponible en dos estilos:<\/p>\n<ul data-start=\"1215\" data-end=\"1377\">\n<li data-start=\"1215\" data-end=\"1290\">\n<p data-start=\"1217\" data-end=\"1290\"><strong data-start=\"1217\" data-end=\"1237\">Dise\u00f1o cl\u00e1sico<\/strong> con barras verticales: sobrio, elegante, cl\u00e1sico.<\/p>\n<\/li>\n<li data-start=\"1291\" data-end=\"1377\">\n<p data-start=\"1293\" data-end=\"1377\"><strong data-start=\"1293\" data-end=\"1314\">Dise\u00f1o de diamantes<\/strong> Una estructura de panal m\u00e1s radical.<\/p>\n<\/li>\n<\/ul>\n<\/li>\n<\/ul>\n<hr data-start=\"1379\" data-end=\"1382\" \/>\n<h3 data-start=\"1384\" data-end=\"1428\">\u00bfPor qu\u00e9 es diferente esta rejilla?<\/h3>\n<ul data-start=\"1430\" data-end=\"1882\">\n<li data-start=\"1430\" data-end=\"1563\">\n<p data-start=\"1432\" data-end=\"1563\"><strong data-start=\"1432\" data-end=\"1472\">Tecnolog\u00eda inspirada en Iconic Glow<\/strong> Un nuevo look para tu bmw: tomado directamente de los BMW de alta gama, adaptado a tu bmw con un aspecto m\u00e1s vanguardista.<\/p>\n<\/li>\n<li data-start=\"1564\" data-end=\"1675\">\n<p data-start=\"1566\" data-end=\"1675\"><strong data-start=\"1566\" data-end=\"1601\">Luz blanca, n\u00edtida y uniforme<\/strong>integrado en el marco: sin bricolaje, sin LED a\u00f1adidos a mano.<\/p>\n<\/li>\n<li data-start=\"1676\" data-end=\"1763\">\n<p data-start=\"1678\" data-end=\"1763\"><strong data-start=\"1678\" data-end=\"1703\">Dos estilos a elegir<\/strong>para adaptarse a su visi\u00f3n del restyling OEM+.<\/p>\n<\/li>\n<li data-start=\"1764\" data-end=\"1882\">\n<p data-start=\"1766\" data-end=\"1882\"><strong data-start=\"1766\" data-end=\"1792\">Impacto visual inmediato<\/strong> Desde el momento en que enciendes el contacto, tu coche tiene un aspecto transformado, reconocible y exclusivo.<\/p>\n<\/li>\n<\/ul>\n<hr data-start=\"1884\" data-end=\"1887\" \/>\n<h3 data-start=\"127\" data-end=\"169\">\u00a05 a\u00f1os de garant\u00eda<\/h3>\n<p data-start=\"171\" data-end=\"513\">Hemos dise\u00f1ado esta rejilla LED para que cumpla los m\u00e1s altos est\u00e1ndares de calidad, fiabilidad y acabado.<br data-start=\"359\" data-end=\"362\" \/>Por eso lo acompa\u00f1amos de un <strong data-start=\"403\" data-end=\"433\">5 a\u00f1os de garant\u00eda total<\/strong>Esta garant\u00eda cubre cualquier defecto de fabricaci\u00f3n, funcionamiento o sellado del sistema LED. Esta garant\u00eda es una expresi\u00f3n directa de la confianza que tenemos en la durabilidad de nuestros productos.<\/p>\n<hr data-start=\"1884\" data-end=\"1887\" \/>\n<h3 data-start=\"1889\" data-end=\"1931\">Lo que realmente apreciar\u00e1:<\/h3>\n<ul data-start=\"1933\" data-end=\"2291\">\n<li data-start=\"1933\" data-end=\"2003\">\n<p data-start=\"1935\" data-end=\"2003\"><strong data-start=\"1935\" data-end=\"1968\">F\u00e1cil instalaci\u00f3n, no requiere codificaci\u00f3n<\/strong><\/p>\n<\/li>\n<li data-start=\"2004\" data-end=\"2050\">\n<p data-start=\"2006\" data-end=\"2050\"><strong data-start=\"2006\" data-end=\"2050\">No hay indicador de aver\u00eda en el salpicadero<\/strong><\/p>\n<\/li>\n<li data-start=\"2051\" data-end=\"2132\">\n<p data-start=\"2053\" data-end=\"2132\"><strong data-start=\"2053\" data-end=\"2077\">Compatibilidad total<\/strong> con todas las versiones F32, F33<\/p>\n<\/li>\n<li data-start=\"2133\" data-end=\"2210\">\n<p data-start=\"2135\" data-end=\"2210\"><strong data-start=\"2135\" data-end=\"2161\">Acabado de alta gama<\/strong> ABS inyectado, negro brillante, tratamiento anti-UV<\/p>\n<\/li>\n<li data-start=\"2211\" data-end=\"2291\">\n<p data-start=\"2213\" data-end=\"2291\"><strong data-start=\"2213\" data-end=\"2234\">Resistencia total<\/strong> lluvia, lavado, sal de carretera, calor, todo est\u00e1 previsto<\/p>\n<\/li>\n<\/ul>\n<hr data-start=\"2293\" data-end=\"2296\" \/>\n<h3 data-start=\"2298\" data-end=\"2329\">Especificaciones t\u00e9cnicas<\/h3>\n<ul data-start=\"2331\" data-end=\"2812\">\n<li data-start=\"2331\" data-end=\"2376\">\n<p data-start=\"2333\" data-end=\"2376\"><strong data-start=\"2333\" data-end=\"2350\">Compatibilidad<\/strong> : BMW Serie 4 F32, F33 (2014-2020)<\/p>\n<\/li>\n<li data-start=\"2377\" data-end=\"2450\">\n<p data-start=\"2379\" data-end=\"2450\"><strong data-start=\"2379\" data-end=\"2392\">Iluminaci\u00f3n<\/strong> Tira de LED blancos integrada en el contorno, efecto Iconic Glow<\/p>\n<\/li>\n<li data-start=\"2451\" data-end=\"2540\">\n<p data-start=\"2453\" data-end=\"2540\"><strong data-start=\"2453\" data-end=\"2468\">Conexi\u00f3n<\/strong> Arn\u00e9s suministrado (conexi\u00f3n a pilotos o interruptor dedicado)<\/p>\n<\/li>\n<li data-start=\"2541\" data-end=\"2609\">\n<p data-start=\"2543\" data-end=\"2609\"><strong data-start=\"2543\" data-end=\"2559\">Instalaci\u00f3n<\/strong> : en fijaciones originales, sin cortar ni codificar<\/p>\n<\/li>\n<li data-start=\"2610\" data-end=\"2674\">\n<p data-start=\"2612\" data-end=\"2674\"><strong data-start=\"2612\" data-end=\"2625\">Materiales<\/strong> ABS de alta resistencia, acabado negro brillante<\/p>\n<\/li>\n<li data-start=\"2675\" data-end=\"2704\">\n<p data-start=\"2677\" data-end=\"2704\"><strong data-start=\"2677\" data-end=\"2691\">Estanqueidad<\/strong> Norma IP67<\/p>\n<\/li>\n<li data-start=\"2705\" data-end=\"2812\">\n<p data-start=\"2707\" data-end=\"2812\"><strong data-start=\"2707\" data-end=\"2723\">Certificaci\u00f3n<\/strong> Conformidad CE. Utilizaci\u00f3n bajo la responsabilidad del usuario de conformidad con las normas locales.<\/p>\n<\/li>\n<\/ul>\n<hr data-start=\"2814\" data-end=\"2817\" \/>\n<h3 data-start=\"2983\" data-end=\"3019\">Un BMW como t\u00fa<\/h3>\n<p data-start=\"3021\" data-end=\"3327\">Esta rejilla LED es mucho m\u00e1s que un accesorio. Es un <strong data-start=\"3081\" data-end=\"3106\">fuerte elecci\u00f3n est\u00e9tica<\/strong>a <strong data-start=\"3112\" data-end=\"3144\">firma luminosa distintiva<\/strong>y una forma de <strong data-start=\"3164\" data-end=\"3207\">el dise\u00f1o de los modelos premium<\/strong> sin dejar de ser fiel a su BMW. Lo que BMW no ofrece de serie, puedes tenerlo hoy.<\/p>\n<p data-start=\"3329\" data-end=\"3407\"><strong data-start=\"3329\" data-end=\"3407\">No est\u00e1s conduciendo un Serie 4 como cualquier otro. \u00a1Este detalle lo demuestra!<\/strong><\/p>","protected":false},"excerpt":{"rendered":"<p data-start=\"268\" data-end=\"506\">Transforma el aspecto de tu <strong>BMW<\/strong>\u00a0con esta parrilla LED inspirada en los modelos BMW m\u00e1s prestigiosos. La franja de luz blanca integrada en el contorno crea una firma visual \u00fanica que resulta elegante y llamativa, tanto de d\u00eda como de noche.<\/p>\n<p data-start=\"508\" data-end=\"538\">Disponible en dos acabados:<\/p>\n<ul data-start=\"539\" data-end=\"643\">\n<li data-start=\"539\" data-end=\"592\">\n<p data-start=\"541\" data-end=\"592\"><strong data-start=\"541\" data-end=\"554\">Cl\u00e1sico<\/strong> con barras verticales: sobrio y despejado<\/p>\n<\/li>\n<li data-start=\"593\" data-end=\"643\">\n<p data-start=\"595\" data-end=\"643\"><strong data-start=\"595\" data-end=\"606\">Diamante<\/strong> tipo de malla: m\u00e1s agresivo y asertivo<\/p>\n<\/li>\n<\/ul>\n<p data-start=\"645\" data-end=\"804\"><strong data-start=\"645\" data-end=\"682\">Instalaci\u00f3n sencilla (Plug &amp; Play)<\/strong>, Sin codificaci\u00f3n, sin errores en el salpicadero.<br data-start=\"725\" data-end=\"728\" \/><strong data-start=\"728\" data-end=\"755\">Materiales de alta gama<\/strong>, LED homog\u00e9neo, estanqueidad IP67, haz de luz incluido.<\/p>\n<p data-start=\"806\" data-end=\"900\">Un elemento exclusivo que confiere a su BMW un aspecto digno de los escalones superiores de la gama.<\/p>","protected":false},"featured_media":6737,"comment_status":"open","ping_status":"closed","template":"","meta":{"_eb_attr":""},"product_brand":[],"product_cat":[133,151,269,68],"product_tag":[],"class_list":{"0":"post-6734","1":"product","2":"type-product","3":"status-publish","4":"has-post-thumbnail","6":"product_cat-bmw-serie-4","7":"product_cat-bmw-serie-4-f32-f33-f36","8":"product_cat-calandre-led-iconic-glow","9":"product_cat-eclairage-signature-lumineuse","11":"first","12":"instock","13":"taxable","14":"shipping-taxable","15":"purchasable","16":"product-type-variable"},"yoast_head":"<!-- This site is optimized with the Yoast SEO Premium plugin v20.7 (Yoast SEO v27.3) - https:\/\/yoast.com\/product\/yoast-seo-premium-wordpress\/ -->\n<title>Calandre LED - Iconic Glow - BMW Serie 4 F32, F33 (2014-2020) - MaCote.fr<\/title>\n<meta name=\"robots\" content=\"index, follow, max-snippet:-1, max-image-preview:large, max-video-preview:-1\" \/>\n<link rel=\"canonical\" href=\"https:\/\/macote.fr\/es\/producto\/led-parrilla-iconic-glow-bmw-serie-4-f32-f33-2014-2020\/\" \/>\n<meta property=\"og:locale\" content=\"es_ES\" \/>\n<meta property=\"og:type\" content=\"article\" \/>\n<meta property=\"og:title\" content=\"Calandre LED - Iconic Glow - BMW Serie 4 F32, F33 (2014-2020)\" \/>\n<meta property=\"og:description\" content=\"Transformez le regard de votre BMW\u00a0avec cette calandre LED inspir\u00e9e des mod\u00e8les BMW les plus prestigieux. Son bandeau lumineux blanc int\u00e9gr\u00e9 au contour apporte une signature visuelle in\u00e9dite, \u00e9l\u00e9gante et percutante, de jour comme de nuit. Disponible en deux finitions :     Classique \u00e0 barreaux verticaux : sobre et \u00e9pur\u00e9    Diamant type mesh : plus agressif et affirm\u00e9   Installation simple (Plug &amp; Play), sans codage ni erreur au tableau de bord.Mat\u00e9riaux haut de gamme, LED homog\u00e8ne, \u00e9tanch\u00e9it\u00e9 IP67, faisceau fourni. Une exclusivit\u00e9 qui donne \u00e0 votre BMW une allure digne des hautes sph\u00e8res de la gamme.\" \/>\n<meta property=\"og:url\" content=\"https:\/\/macote.fr\/es\/producto\/led-parrilla-iconic-glow-bmw-serie-4-f32-f33-2014-2020\/\" \/>\n<meta property=\"og:site_name\" content=\"MaCote.fr\" \/>\n<meta property=\"article:publisher\" content=\"https:\/\/www.facebook.com\/profile.php?id=100091476586119\" \/>\n<meta property=\"article:modified_time\" content=\"2025-08-01T15:09:34+00:00\" \/>\n<meta property=\"og:image\" content=\"https:\/\/macote.fr\/wp-content\/uploads\/2025\/08\/Amelioration-Calandre-LED-BMW-serie-4-F32-Effet-Iconic-Glow.webp\" \/>\n\t<meta property=\"og:image:width\" content=\"800\" \/>\n\t<meta property=\"og:image:height\" content=\"800\" \/>\n\t<meta property=\"og:image:type\" content=\"image\/webp\" \/>\n<meta name=\"twitter:card\" content=\"summary_large_image\" \/>\n<meta name=\"twitter:label1\" content=\"Tiempo de lectura\" \/>\n\t<meta name=\"twitter:data1\" content=\"3 minutos\" \/>\n<script type=\"application\/ld+json\" class=\"yoast-schema-graph\">{\"@context\":\"https:\\\/\\\/schema.org\",\"@graph\":[{\"@type\":\"WebPage\",\"@id\":\"https:\\\/\\\/macote.fr\\\/produit\\\/calandre-led-iconic-glow-bmw-serie-4-f32-f33-2014-2020\\\/\",\"url\":\"https:\\\/\\\/macote.fr\\\/produit\\\/calandre-led-iconic-glow-bmw-serie-4-f32-f33-2014-2020\\\/\",\"name\":\"Calandre LED - Iconic Glow - BMW Serie 4 F32, F33 (2014-2020) - MaCote.fr\",\"isPartOf\":{\"@id\":\"https:\\\/\\\/macote.fr\\\/#website\"},\"primaryImageOfPage\":{\"@id\":\"https:\\\/\\\/macote.fr\\\/produit\\\/calandre-led-iconic-glow-bmw-serie-4-f32-f33-2014-2020\\\/#primaryimage\"},\"image\":{\"@id\":\"https:\\\/\\\/macote.fr\\\/produit\\\/calandre-led-iconic-glow-bmw-serie-4-f32-f33-2014-2020\\\/#primaryimage\"},\"thumbnailUrl\":\"https:\\\/\\\/macote.fr\\\/wp-content\\\/uploads\\\/2025\\\/08\\\/Amelioration-Calandre-LED-BMW-serie-4-F32-Effet-Iconic-Glow.webp\",\"datePublished\":\"2025-08-01T15:01:55+00:00\",\"dateModified\":\"2025-08-01T15:09:34+00:00\",\"breadcrumb\":{\"@id\":\"https:\\\/\\\/macote.fr\\\/produit\\\/calandre-led-iconic-glow-bmw-serie-4-f32-f33-2014-2020\\\/#breadcrumb\"},\"inLanguage\":\"es\",\"potentialAction\":[{\"@type\":\"ReadAction\",\"target\":[\"https:\\\/\\\/macote.fr\\\/produit\\\/calandre-led-iconic-glow-bmw-serie-4-f32-f33-2014-2020\\\/\"]}]},{\"@type\":\"ImageObject\",\"inLanguage\":\"es\",\"@id\":\"https:\\\/\\\/macote.fr\\\/produit\\\/calandre-led-iconic-glow-bmw-serie-4-f32-f33-2014-2020\\\/#primaryimage\",\"url\":\"https:\\\/\\\/macote.fr\\\/wp-content\\\/uploads\\\/2025\\\/08\\\/Amelioration-Calandre-LED-BMW-serie-4-F32-Effet-Iconic-Glow.webp\",\"contentUrl\":\"https:\\\/\\\/macote.fr\\\/wp-content\\\/uploads\\\/2025\\\/08\\\/Amelioration-Calandre-LED-BMW-serie-4-F32-Effet-Iconic-Glow.webp\",\"width\":800,\"height\":800,\"caption\":\"Am\u00e9lioration Calandre LED BMW serie 4 F32 - Effet Iconic Glow\"},{\"@type\":\"BreadcrumbList\",\"@id\":\"https:\\\/\\\/macote.fr\\\/produit\\\/calandre-led-iconic-glow-bmw-serie-4-f32-f33-2014-2020\\\/#breadcrumb\",\"itemListElement\":[{\"@type\":\"ListItem\",\"position\":1,\"name\":\"Accueil\",\"item\":\"https:\\\/\\\/macote.fr\\\/\"},{\"@type\":\"ListItem\",\"position\":2,\"name\":\"Boutique\",\"item\":\"https:\\\/\\\/macote.fr\\\/boutique\\\/\"},{\"@type\":\"ListItem\",\"position\":3,\"name\":\"Calandre LED &#8211; Iconic Glow &#8211; BMW Serie 4 F32, F33 (2014-2020)\"}]},{\"@type\":\"WebSite\",\"@id\":\"https:\\\/\\\/macote.fr\\\/#website\",\"url\":\"https:\\\/\\\/macote.fr\\\/\",\"name\":\"MaCote.fr\",\"description\":\"BMW best accessories\",\"publisher\":{\"@id\":\"https:\\\/\\\/macote.fr\\\/#organization\"},\"alternateName\":\"BMW tuning\",\"potentialAction\":[{\"@type\":\"SearchAction\",\"target\":{\"@type\":\"EntryPoint\",\"urlTemplate\":\"https:\\\/\\\/macote.fr\\\/?s={search_term_string}\"},\"query-input\":{\"@type\":\"PropertyValueSpecification\",\"valueRequired\":true,\"valueName\":\"search_term_string\"}}],\"inLanguage\":\"es\"},{\"@type\":\"Organization\",\"@id\":\"https:\\\/\\\/macote.fr\\\/#organization\",\"name\":\"Macote.fr\",\"alternateName\":\"BMW tuning\",\"url\":\"https:\\\/\\\/macote.fr\\\/\",\"logo\":{\"@type\":\"ImageObject\",\"inLanguage\":\"es\",\"@id\":\"https:\\\/\\\/macote.fr\\\/#\\\/schema\\\/logo\\\/image\\\/\",\"url\":\"https:\\\/\\\/macote.fr\\\/wp-content\\\/uploads\\\/2023\\\/11\\\/LOGO-macote.fr-dessin-bmw-noir-copy.jpg\",\"contentUrl\":\"https:\\\/\\\/macote.fr\\\/wp-content\\\/uploads\\\/2023\\\/11\\\/LOGO-macote.fr-dessin-bmw-noir-copy.jpg\",\"width\":732,\"height\":456,\"caption\":\"Macote.fr\"},\"image\":{\"@id\":\"https:\\\/\\\/macote.fr\\\/#\\\/schema\\\/logo\\\/image\\\/\"},\"sameAs\":[\"https:\\\/\\\/www.facebook.com\\\/profile.php?id=100091476586119\",\"https:\\\/\\\/www.youtube.com\\\/channel\\\/UCgO-YTbaxYO-w_C5GfL-_1w\",\"https:\\\/\\\/www.tiktok.com\\\/@macote.fr?is_from_webapp=1&sender_device=pc\",\"https:\\\/\\\/www.instagram.com\\\/i_xila_i\\\/\"]}]}<\/script>\n<!-- \/ Yoast SEO Premium plugin. -->","yoast_head_json":{"title":"Parrilla LED - Iconic Glow - BMW Serie 4 F32, F33 (2014-2020) - MaCote.es","robots":{"index":"index","follow":"follow","max-snippet":"max-snippet:-1","max-image-preview":"max-image-preview:large","max-video-preview":"max-video-preview:-1"},"canonical":"https:\/\/macote.fr\/es\/producto\/led-parrilla-iconic-glow-bmw-serie-4-f32-f33-2014-2020\/","og_locale":"es_ES","og_type":"article","og_title":"Calandre LED - Iconic Glow - BMW Serie 4 F32, F33 (2014-2020)","og_description":"Transformez le regard de votre BMW\u00a0avec cette calandre LED inspir\u00e9e des mod\u00e8les BMW les plus prestigieux. Son bandeau lumineux blanc int\u00e9gr\u00e9 au contour apporte une signature visuelle in\u00e9dite, \u00e9l\u00e9gante et percutante, de jour comme de nuit. Disponible en deux finitions :     Classique \u00e0 barreaux verticaux : sobre et \u00e9pur\u00e9    Diamant type mesh : plus agressif et affirm\u00e9   Installation simple (Plug &amp; Play), sans codage ni erreur au tableau de bord.Mat\u00e9riaux haut de gamme, LED homog\u00e8ne, \u00e9tanch\u00e9it\u00e9 IP67, faisceau fourni. Une exclusivit\u00e9 qui donne \u00e0 votre BMW une allure digne des hautes sph\u00e8res de la gamme.","og_url":"https:\/\/macote.fr\/es\/producto\/led-parrilla-iconic-glow-bmw-serie-4-f32-f33-2014-2020\/","og_site_name":"MaCote.fr","article_publisher":"https:\/\/www.facebook.com\/profile.php?id=100091476586119","article_modified_time":"2025-08-01T15:09:34+00:00","og_image":[{"width":800,"height":800,"url":"https:\/\/macote.fr\/wp-content\/uploads\/2025\/08\/Amelioration-Calandre-LED-BMW-serie-4-F32-Effet-Iconic-Glow.webp","type":"image\/webp"}],"twitter_card":"summary_large_image","twitter_misc":{"Tiempo de lectura":"3 minutos"},"schema":{"@context":"https:\/\/schema.org","@graph":[{"@type":"WebPage","@id":"https:\/\/macote.fr\/produit\/calandre-led-iconic-glow-bmw-serie-4-f32-f33-2014-2020\/","url":"https:\/\/macote.fr\/produit\/calandre-led-iconic-glow-bmw-serie-4-f32-f33-2014-2020\/","name":"Parrilla LED - Iconic Glow - BMW Serie 4 F32, F33 (2014-2020) - MaCote.es","isPartOf":{"@id":"https:\/\/macote.fr\/#website"},"primaryImageOfPage":{"@id":"https:\/\/macote.fr\/produit\/calandre-led-iconic-glow-bmw-serie-4-f32-f33-2014-2020\/#primaryimage"},"image":{"@id":"https:\/\/macote.fr\/produit\/calandre-led-iconic-glow-bmw-serie-4-f32-f33-2014-2020\/#primaryimage"},"thumbnailUrl":"https:\/\/macote.fr\/wp-content\/uploads\/2025\/08\/Amelioration-Calandre-LED-BMW-serie-4-F32-Effet-Iconic-Glow.webp","datePublished":"2025-08-01T15:01:55+00:00","dateModified":"2025-08-01T15:09:34+00:00","breadcrumb":{"@id":"https:\/\/macote.fr\/produit\/calandre-led-iconic-glow-bmw-serie-4-f32-f33-2014-2020\/#breadcrumb"},"inLanguage":"es","potentialAction":[{"@type":"ReadAction","target":["https:\/\/macote.fr\/produit\/calandre-led-iconic-glow-bmw-serie-4-f32-f33-2014-2020\/"]}]},{"@type":"ImageObject","inLanguage":"es","@id":"https:\/\/macote.fr\/produit\/calandre-led-iconic-glow-bmw-serie-4-f32-f33-2014-2020\/#primaryimage","url":"https:\/\/macote.fr\/wp-content\/uploads\/2025\/08\/Amelioration-Calandre-LED-BMW-serie-4-F32-Effet-Iconic-Glow.webp","contentUrl":"https:\/\/macote.fr\/wp-content\/uploads\/2025\/08\/Amelioration-Calandre-LED-BMW-serie-4-F32-Effet-Iconic-Glow.webp","width":800,"height":800,"caption":"Am\u00e9lioration Calandre LED BMW serie 4 F32 - Effet Iconic Glow"},{"@type":"BreadcrumbList","@id":"https:\/\/macote.fr\/produit\/calandre-led-iconic-glow-bmw-serie-4-f32-f33-2014-2020\/#breadcrumb","itemListElement":[{"@type":"ListItem","position":1,"name":"Accueil","item":"https:\/\/macote.fr\/"},{"@type":"ListItem","position":2,"name":"Boutique","item":"https:\/\/macote.fr\/boutique\/"},{"@type":"ListItem","position":3,"name":"Calandre LED &#8211; Iconic Glow &#8211; BMW Serie 4 F32, F33 (2014-2020)"}]},{"@type":"WebSite","@id":"https:\/\/macote.fr\/#website","url":"https:\/\/macote.fr\/","name":"MyQuote.com","description":"Los mejores accesorios BMW","publisher":{"@id":"https:\/\/macote.fr\/#organization"},"alternateName":"BMW tuning","potentialAction":[{"@type":"SearchAction","target":{"@type":"EntryPoint","urlTemplate":"https:\/\/macote.fr\/?s={search_term_string}"},"query-input":{"@type":"PropertyValueSpecification","valueRequired":true,"valueName":"search_term_string"}}],"inLanguage":"es"},{"@type":"Organization","@id":"https:\/\/macote.fr\/#organization","name":"Macote.es","alternateName":"BMW tuning","url":"https:\/\/macote.fr\/","logo":{"@type":"ImageObject","inLanguage":"es","@id":"https:\/\/macote.fr\/#\/schema\/logo\/image\/","url":"https:\/\/macote.fr\/wp-content\/uploads\/2023\/11\/LOGO-macote.fr-dessin-bmw-noir-copy.jpg","contentUrl":"https:\/\/macote.fr\/wp-content\/uploads\/2023\/11\/LOGO-macote.fr-dessin-bmw-noir-copy.jpg","width":732,"height":456,"caption":"Macote.fr"},"image":{"@id":"https:\/\/macote.fr\/#\/schema\/logo\/image\/"},"sameAs":["https:\/\/www.facebook.com\/profile.php?id=100091476586119","https:\/\/www.youtube.com\/channel\/UCgO-YTbaxYO-w_C5GfL-_1w","https:\/\/www.tiktok.com\/@macote.fr?is_from_webapp=1&sender_device=pc","https:\/\/www.instagram.com\/i_xila_i\/"]}]}},"_links":{"self":[{"href":"https:\/\/macote.fr\/es\/wp-json\/wp\/v2\/product\/6734","targetHints":{"allow":["GET"]}}],"collection":[{"href":"https:\/\/macote.fr\/es\/wp-json\/wp\/v2\/product"}],"about":[{"href":"https:\/\/macote.fr\/es\/wp-json\/wp\/v2\/types\/product"}],"replies":[{"embeddable":true,"href":"https:\/\/macote.fr\/es\/wp-json\/wp\/v2\/comments?post=6734"}],"wp:featuredmedia":[{"embeddable":true,"href":"https:\/\/macote.fr\/es\/wp-json\/wp\/v2\/media\/6737"}],"wp:attachment":[{"href":"https:\/\/macote.fr\/es\/wp-json\/wp\/v2\/media?parent=6734"}],"wp:term":[{"taxonomy":"product_brand","embeddable":true,"href":"https:\/\/macote.fr\/es\/wp-json\/wp\/v2\/product_brand?post=6734"},{"taxonomy":"product_cat","embeddable":true,"href":"https:\/\/macote.fr\/es\/wp-json\/wp\/v2\/product_cat?post=6734"},{"taxonomy":"product_tag","embeddable":true,"href":"https:\/\/macote.fr\/es\/wp-json\/wp\/v2\/product_tag?post=6734"}],"curies":[{"name":"wp","href":"https:\/\/api.w.org\/{rel}","templated":true}]}}