{"id":6939,"date":"2025-10-29T22:51:35","date_gmt":"2025-10-29T21:51:35","guid":{"rendered":"https:\/\/macote.fr\/?post_type=product&#038;p=6939"},"modified":"2025-10-31T23:08:23","modified_gmt":"2025-10-31T22:08:23","slug":"pomo-cambio-bmw-m-performance-led-retro-iluminado","status":"publish","type":"product","link":"https:\/\/macote.fr\/es\/producto\/pomo-cambio-bmw-m-performance-led-retro-iluminado\/","title":{"rendered":"Pomo del cambio BMW M Performance LED con retroiluminaci\u00f3n"},"content":{"rendered":"<h1 style=\"text-align: center;\">Pomo del cambio BMW M Performance LED con retroiluminaci\u00f3n<\/h1>\n<p data-start=\"721\" data-end=\"1056\">Este pomo de cambio es algo m\u00e1s que un accesorio: es un <strong data-start=\"782\" data-end=\"805\">firma luminosa<\/strong>.<br data-start=\"806\" data-end=\"809\" \/>Su logotipo \/\/\/M retroiluminado en <strong data-start=\"840\" data-end=\"856\">\u00e1mbar anaranjado<\/strong> combina armoniosamente con los tonos c\u00e1lidos del <strong data-start=\"909\" data-end=\"965\">botones de control e iluminaci\u00f3n ambiental BMW<\/strong>, Esto crea una coherencia visual total entre la consola, el salpicadero y la palanca.<\/p>\n<p data-start=\"1058\" data-end=\"1115\">Cada detalle se ha dise\u00f1ado pensando en el conductor exigente:<\/p>\n<ul data-start=\"1116\" data-end=\"1348\">\n<li data-start=\"1116\" data-end=\"1203\">\n<p data-start=\"1118\" data-end=\"1203\"><strong data-start=\"1118\" data-end=\"1144\">Acabado en cuero<\/strong>\u00a0e inserciones de aluminio cepillado para un tacto refinado.<\/p>\n<\/li>\n<li data-start=\"1204\" data-end=\"1270\">\n<p data-start=\"1206\" data-end=\"1270\"><strong data-start=\"1206\" data-end=\"1231\">Iluminaci\u00f3n LED integrada<\/strong>, discreta de d\u00eda, cautivadora de noche.<\/p>\n<\/li>\n<li data-start=\"1271\" data-end=\"1348\">\n<p data-start=\"1273\" data-end=\"1348\"><strong data-start=\"1273\" data-end=\"1294\">Forma ergon\u00f3mica<\/strong> para un agarre natural y deportivo.<\/p>\n<\/li>\n<li data-start=\"1271\" data-end=\"1348\"><strong>F\u00e1cil de instalar<\/strong><\/li>\n<\/ul>\n<p data-start=\"1350\" data-end=\"1540\">El resultado es una cabina transformada, m\u00e1s exclusiva, m\u00e1s moderna, m\u00e1s viva.<br data-start=\"1430\" data-end=\"1433\" \/>Cada cambio de marcha se convierte en una extensi\u00f3n de la experiencia BMW M Performance.<\/p>\n<h2 data-start=\"1547\" data-end=\"1583\"><strong data-start=\"1551\" data-end=\"1581\">Principales ventajas est\u00e9ticas<\/strong><\/h2>\n<ul data-start=\"1584\" data-end=\"2095\">\n<li data-start=\"1584\" data-end=\"1682\">\n<p data-start=\"1586\" data-end=\"1682\"><strong data-start=\"1586\" data-end=\"1610\">Iluminaci\u00f3n LED naranja<\/strong> Perfectamente adaptado al color original del salpicadero BMW.<\/p>\n<\/li>\n<li data-start=\"1683\" data-end=\"1751\">\n<p data-start=\"1685\" data-end=\"1751\"><strong data-start=\"1685\" data-end=\"1712\">Logotipo \/\/\/M retroiluminado<\/strong> efecto premium, discreto y deportivo.<\/p>\n<\/li>\n<li data-start=\"1752\" data-end=\"1833\">\n<p data-start=\"1754\" data-end=\"1833\"><strong data-start=\"1754\" data-end=\"1781\">Materiales de alta gama<\/strong> Cuero aut\u00e9ntico, aluminio pulido, montaje OEM.<\/p>\n<\/li>\n<li data-start=\"1834\" data-end=\"1927\">\n<p data-start=\"1836\" data-end=\"1927\"><strong data-start=\"1836\" data-end=\"1858\">Coherencia visual<\/strong> Actualizaci\u00f3n instant\u00e1nea de la consola central y el estilo interior.<\/p>\n<\/li>\n<li data-start=\"1928\" data-end=\"2018\">\n<p data-start=\"1930\" data-end=\"2018\"><strong data-start=\"1930\" data-end=\"1968\">Aut\u00e9ntico acabado M Performance<\/strong> Est\u00e9tica automovil\u00edstica del fabricante.<\/p>\n<\/li>\n<li data-start=\"2019\" data-end=\"2095\">\n<p data-start=\"2021\" data-end=\"2095\"><strong data-start=\"2021\" data-end=\"2041\">Atm\u00f3sfera de cabina<\/strong> Un interior moderno sin comprometer el dise\u00f1o de BMW.<\/p>\n<\/li>\n<\/ul>\n<h2>Compatibilidad<\/h2>\n<p id=\"tl_2\">Para BMW Serie 1 E81, E82, E87, F20<\/p>\n<p id=\"tl_3\">Para BMW Serie 3 E30, E36, E46, E90, E91, E92, F30<\/p>\n<p id=\"tl_4\">Para BMW Serie 5 E28, E34, E39, E60, E61<\/p>\n<p id=\"tl_5\">Para BMW E63 Serie 6<\/p>\n<p>Para BMW Serie 7 E23, E32, E38<\/p>\n<p id=\"tl_6\">Para BMW X1 E84<\/p>\n<p id=\"tl_7\">Para BMW X3 E83<\/p>\n<p id=\"tl_8\">Para BMW X5 E53<\/p>\n<p style=\"font-weight: 400;\">S\u00f3lo hemos enumerado algunos de los modelos de coche disponibles<\/p>\n<p style=\"font-weight: 400;\">Si no est\u00e1 seguro de si es adecuado para su coche, p\u00f3ngase en contacto con nosotros.<\/p>\n<p style=\"font-weight: 400;\">Las letras \u00abR\u00bb y \u00ab5\u00bb \u00ab6\u00bb pueden no ser tan brillantes como las otras letras, y esto es normal.<\/p>\n<h2 data-start=\"2409\" data-end=\"2721\">\u00bfPor qu\u00e9 elegirlo?<\/h2>\n<p data-start=\"2409\" data-end=\"2721\">Porque cada detalle cuenta.<br data-start=\"2440\" data-end=\"2443\" \/>Este pomo LED es m\u00e1s que un accesorio: es una pieza de car\u00e1cter que afirma tu pasi\u00f3n por la marca y refuerza tu v\u00ednculo con la m\u00e1quina.<br data-start=\"2600\" data-end=\"2603\" \/>La sutil iluminaci\u00f3n del logotipo M por la noche es un recordatorio de que est\u00e1s conduciendo algo m\u00e1s que un coche. a <strong>\u00a1BMW M Performance!<\/strong><\/p>","protected":false},"excerpt":{"rendered":"<p data-start=\"501\" data-end=\"683\">Lleve el ambiente interior de su BMW al siguiente nivel.<br data-start=\"565\" data-end=\"568\" \/>Le <strong data-start=\"571\" data-end=\"600\">M Mando LED de rendimiento<\/strong> ilumina cada trayecto con un sutil resplandor, en perfecta sinton\u00eda con el ADN visual de BMW.<\/p>","protected":false},"featured_media":6962,"comment_status":"open","ping_status":"closed","template":"","meta":{"_eb_attr":""},"product_brand":[],"product_cat":[130,138,139,132,145,146,147,148,149,134,154,155,156,157,135,162,136,165,166,167,66,201,208,209,210,211,203,216,217,218,174,181,176,186,178,191],"product_tag":[],"class_list":{"0":"post-6939","1":"product","2":"type-product","3":"status-publish","4":"has-post-thumbnail","6":"product_cat-bmw-serie-1","7":"product_cat-bmw-serie-1-e87","8":"product_cat-bmw-serie-1-f20","9":"product_cat-bmw-serie-3","10":"product_cat-bmw-serie-3-e30","11":"product_cat-bmw-serie-3-e36","12":"product_cat-bmw-serie-3-e46","13":"product_cat-bmw-serie-3-e90-e91-e92-e93","14":"product_cat-bmw-serie-3-f30-f31-f34-f35","15":"product_cat-bmw-serie-5","16":"product_cat-bmw-serie-5-e28","17":"product_cat-bmw-serie-5-e34","18":"product_cat-bmw-serie-5-e39","19":"product_cat-bmw-serie-5-e60-e61","20":"product_cat-bmw-serie-6","21":"product_cat-bmw-serie-6-e63-e64","22":"product_cat-bmw-serie-7","23":"product_cat-bmw-serie-7-e23","24":"product_cat-bmw-serie-7-e32","25":"product_cat-bmw-serie-7-e38","26":"product_cat-modifications-interieurs","27":"product_cat-m3","28":"product_cat-m3-e30","29":"product_cat-m3-e36","30":"product_cat-m3-e46","31":"product_cat-m3-e90-e91-e92-e93","32":"product_cat-m5","33":"product_cat-m5-e28","34":"product_cat-m5-e34","35":"product_cat-m5-e39","36":"product_cat-x1","37":"product_cat-x1-e84","38":"product_cat-x3","39":"product_cat-x3-e83","40":"product_cat-x5","41":"product_cat-x5-e53","43":"first","44":"instock","45":"taxable","46":"shipping-taxable","47":"purchasable","48":"product-type-variable"},"yoast_head":"<!-- This site is optimized with the Yoast SEO Premium plugin v20.7 (Yoast SEO v27.4) - https:\/\/yoast.com\/product\/yoast-seo-premium-wordpress\/ -->\n<title>Pommeau de vitesse BMW M Performance LED r\u00e9tro-\u00e9clair\u00e9 - MaCote.fr<\/title>\n<meta name=\"robots\" content=\"index, follow, max-snippet:-1, max-image-preview:large, max-video-preview:-1\" \/>\n<link rel=\"canonical\" href=\"https:\/\/macote.fr\/es\/producto\/pomo-cambio-bmw-m-performance-led-retro-iluminado\/\" \/>\n<meta property=\"og:locale\" content=\"es_ES\" \/>\n<meta property=\"og:type\" content=\"article\" \/>\n<meta property=\"og:title\" content=\"Pommeau de vitesse BMW M Performance LED r\u00e9tro-\u00e9clair\u00e9\" \/>\n<meta property=\"og:description\" content=\"\u00c9levez l\u2019ambiance int\u00e9rieure de votre BMW \u00e0 un niveau sup\u00e9rieur.Le pommeau M Performance LED illumine chaque trajet d\u2019un \u00e9clat subtil, parfaitement accord\u00e9 \u00e0 l\u2019ADN visuel BMW.\" \/>\n<meta property=\"og:url\" content=\"https:\/\/macote.fr\/es\/producto\/pomo-cambio-bmw-m-performance-led-retro-iluminado\/\" \/>\n<meta property=\"og:site_name\" content=\"MaCote.fr\" \/>\n<meta property=\"article:publisher\" content=\"https:\/\/www.facebook.com\/profile.php?id=100091476586119\" \/>\n<meta property=\"article:modified_time\" content=\"2025-10-31T22:08:23+00:00\" \/>\n<meta property=\"og:image\" content=\"https:\/\/macote.fr\/wp-content\/uploads\/2025\/10\/3fcfc1f0-d442-418e-9f1f-dd6d4663f045.png\" \/>\n\t<meta property=\"og:image:width\" content=\"1024\" \/>\n\t<meta property=\"og:image:height\" content=\"1024\" \/>\n\t<meta property=\"og:image:type\" content=\"image\/png\" \/>\n<meta name=\"twitter:card\" content=\"summary_large_image\" \/>\n<meta name=\"twitter:label1\" content=\"Tiempo de lectura\" \/>\n\t<meta name=\"twitter:data1\" content=\"2 minutos\" \/>\n<script type=\"application\/ld+json\" class=\"yoast-schema-graph\">{\"@context\":\"https:\\\/\\\/schema.org\",\"@graph\":[{\"@type\":\"WebPage\",\"@id\":\"https:\\\/\\\/macote.fr\\\/produit\\\/pommeau-de-vitesse-bmw-m-performance-led-retro-eclaire\\\/\",\"url\":\"https:\\\/\\\/macote.fr\\\/produit\\\/pommeau-de-vitesse-bmw-m-performance-led-retro-eclaire\\\/\",\"name\":\"Pommeau de vitesse BMW M Performance LED r\u00e9tro-\u00e9clair\u00e9 - MaCote.fr\",\"isPartOf\":{\"@id\":\"https:\\\/\\\/macote.fr\\\/#website\"},\"primaryImageOfPage\":{\"@id\":\"https:\\\/\\\/macote.fr\\\/produit\\\/pommeau-de-vitesse-bmw-m-performance-led-retro-eclaire\\\/#primaryimage\"},\"image\":{\"@id\":\"https:\\\/\\\/macote.fr\\\/produit\\\/pommeau-de-vitesse-bmw-m-performance-led-retro-eclaire\\\/#primaryimage\"},\"thumbnailUrl\":\"https:\\\/\\\/macote.fr\\\/wp-content\\\/uploads\\\/2025\\\/10\\\/3fcfc1f0-d442-418e-9f1f-dd6d4663f045.png\",\"datePublished\":\"2025-10-29T21:51:35+00:00\",\"dateModified\":\"2025-10-31T22:08:23+00:00\",\"breadcrumb\":{\"@id\":\"https:\\\/\\\/macote.fr\\\/produit\\\/pommeau-de-vitesse-bmw-m-performance-led-retro-eclaire\\\/#breadcrumb\"},\"inLanguage\":\"es\",\"potentialAction\":[{\"@type\":\"ReadAction\",\"target\":[\"https:\\\/\\\/macote.fr\\\/produit\\\/pommeau-de-vitesse-bmw-m-performance-led-retro-eclaire\\\/\"]}]},{\"@type\":\"ImageObject\",\"inLanguage\":\"es\",\"@id\":\"https:\\\/\\\/macote.fr\\\/produit\\\/pommeau-de-vitesse-bmw-m-performance-led-retro-eclaire\\\/#primaryimage\",\"url\":\"https:\\\/\\\/macote.fr\\\/wp-content\\\/uploads\\\/2025\\\/10\\\/3fcfc1f0-d442-418e-9f1f-dd6d4663f045.png\",\"contentUrl\":\"https:\\\/\\\/macote.fr\\\/wp-content\\\/uploads\\\/2025\\\/10\\\/3fcfc1f0-d442-418e-9f1f-dd6d4663f045.png\",\"width\":1024,\"height\":1024,\"caption\":\"Pommeau de vitesse BMW M Performance LED r\u00e9tro\u00e9clair\u00e9 \u2013 cuir noir avec logo M tricolore pour BMW E30, E36, E46, E60, E90, E92, E82, E87, F20, F30\"},{\"@type\":\"BreadcrumbList\",\"@id\":\"https:\\\/\\\/macote.fr\\\/produit\\\/pommeau-de-vitesse-bmw-m-performance-led-retro-eclaire\\\/#breadcrumb\",\"itemListElement\":[{\"@type\":\"ListItem\",\"position\":1,\"name\":\"Accueil\",\"item\":\"https:\\\/\\\/macote.fr\\\/\"},{\"@type\":\"ListItem\",\"position\":2,\"name\":\"Boutique\",\"item\":\"https:\\\/\\\/macote.fr\\\/boutique\\\/\"},{\"@type\":\"ListItem\",\"position\":3,\"name\":\"Pommeau de vitesse BMW M Performance LED r\u00e9tro-\u00e9clair\u00e9\"}]},{\"@type\":\"WebSite\",\"@id\":\"https:\\\/\\\/macote.fr\\\/#website\",\"url\":\"https:\\\/\\\/macote.fr\\\/\",\"name\":\"MaCote.fr\",\"description\":\"BMW best accessories\",\"publisher\":{\"@id\":\"https:\\\/\\\/macote.fr\\\/#organization\"},\"alternateName\":\"BMW tuning\",\"potentialAction\":[{\"@type\":\"SearchAction\",\"target\":{\"@type\":\"EntryPoint\",\"urlTemplate\":\"https:\\\/\\\/macote.fr\\\/?s={search_term_string}\"},\"query-input\":{\"@type\":\"PropertyValueSpecification\",\"valueRequired\":true,\"valueName\":\"search_term_string\"}}],\"inLanguage\":\"es\"},{\"@type\":\"Organization\",\"@id\":\"https:\\\/\\\/macote.fr\\\/#organization\",\"name\":\"Macote.fr\",\"alternateName\":\"BMW tuning\",\"url\":\"https:\\\/\\\/macote.fr\\\/\",\"logo\":{\"@type\":\"ImageObject\",\"inLanguage\":\"es\",\"@id\":\"https:\\\/\\\/macote.fr\\\/#\\\/schema\\\/logo\\\/image\\\/\",\"url\":\"https:\\\/\\\/macote.fr\\\/wp-content\\\/uploads\\\/2023\\\/11\\\/LOGO-macote.fr-dessin-bmw-noir-copy.jpg\",\"contentUrl\":\"https:\\\/\\\/macote.fr\\\/wp-content\\\/uploads\\\/2023\\\/11\\\/LOGO-macote.fr-dessin-bmw-noir-copy.jpg\",\"width\":732,\"height\":456,\"caption\":\"Macote.fr\"},\"image\":{\"@id\":\"https:\\\/\\\/macote.fr\\\/#\\\/schema\\\/logo\\\/image\\\/\"},\"sameAs\":[\"https:\\\/\\\/www.facebook.com\\\/profile.php?id=100091476586119\",\"https:\\\/\\\/www.youtube.com\\\/channel\\\/UCgO-YTbaxYO-w_C5GfL-_1w\",\"https:\\\/\\\/www.tiktok.com\\\/@macote.fr?is_from_webapp=1&sender_device=pc\",\"https:\\\/\\\/www.instagram.com\\\/i_xila_i\\\/\"]}]}<\/script>\n<!-- \/ Yoast SEO Premium plugin. -->","yoast_head_json":{"title":"Pomo del cambio BMW M Performance LED con retroiluminaci\u00f3n - MaCote.fr","robots":{"index":"index","follow":"follow","max-snippet":"max-snippet:-1","max-image-preview":"max-image-preview:large","max-video-preview":"max-video-preview:-1"},"canonical":"https:\/\/macote.fr\/es\/producto\/pomo-cambio-bmw-m-performance-led-retro-iluminado\/","og_locale":"es_ES","og_type":"article","og_title":"Pommeau de vitesse BMW M Performance LED r\u00e9tro-\u00e9clair\u00e9","og_description":"\u00c9levez l\u2019ambiance int\u00e9rieure de votre BMW \u00e0 un niveau sup\u00e9rieur.Le pommeau M Performance LED illumine chaque trajet d\u2019un \u00e9clat subtil, parfaitement accord\u00e9 \u00e0 l\u2019ADN visuel BMW.","og_url":"https:\/\/macote.fr\/es\/producto\/pomo-cambio-bmw-m-performance-led-retro-iluminado\/","og_site_name":"MaCote.fr","article_publisher":"https:\/\/www.facebook.com\/profile.php?id=100091476586119","article_modified_time":"2025-10-31T22:08:23+00:00","og_image":[{"width":1024,"height":1024,"url":"https:\/\/macote.fr\/wp-content\/uploads\/2025\/10\/3fcfc1f0-d442-418e-9f1f-dd6d4663f045.png","type":"image\/png"}],"twitter_card":"summary_large_image","twitter_misc":{"Tiempo de lectura":"2 minutos"},"schema":{"@context":"https:\/\/schema.org","@graph":[{"@type":"WebPage","@id":"https:\/\/macote.fr\/produit\/pommeau-de-vitesse-bmw-m-performance-led-retro-eclaire\/","url":"https:\/\/macote.fr\/produit\/pommeau-de-vitesse-bmw-m-performance-led-retro-eclaire\/","name":"Pomo del cambio BMW M Performance LED con retroiluminaci\u00f3n - MaCote.fr","isPartOf":{"@id":"https:\/\/macote.fr\/#website"},"primaryImageOfPage":{"@id":"https:\/\/macote.fr\/produit\/pommeau-de-vitesse-bmw-m-performance-led-retro-eclaire\/#primaryimage"},"image":{"@id":"https:\/\/macote.fr\/produit\/pommeau-de-vitesse-bmw-m-performance-led-retro-eclaire\/#primaryimage"},"thumbnailUrl":"https:\/\/macote.fr\/wp-content\/uploads\/2025\/10\/3fcfc1f0-d442-418e-9f1f-dd6d4663f045.png","datePublished":"2025-10-29T21:51:35+00:00","dateModified":"2025-10-31T22:08:23+00:00","breadcrumb":{"@id":"https:\/\/macote.fr\/produit\/pommeau-de-vitesse-bmw-m-performance-led-retro-eclaire\/#breadcrumb"},"inLanguage":"es","potentialAction":[{"@type":"ReadAction","target":["https:\/\/macote.fr\/produit\/pommeau-de-vitesse-bmw-m-performance-led-retro-eclaire\/"]}]},{"@type":"ImageObject","inLanguage":"es","@id":"https:\/\/macote.fr\/produit\/pommeau-de-vitesse-bmw-m-performance-led-retro-eclaire\/#primaryimage","url":"https:\/\/macote.fr\/wp-content\/uploads\/2025\/10\/3fcfc1f0-d442-418e-9f1f-dd6d4663f045.png","contentUrl":"https:\/\/macote.fr\/wp-content\/uploads\/2025\/10\/3fcfc1f0-d442-418e-9f1f-dd6d4663f045.png","width":1024,"height":1024,"caption":"Pommeau de vitesse BMW M Performance LED r\u00e9tro\u00e9clair\u00e9 \u2013 cuir noir avec logo M tricolore pour BMW E30, E36, E46, E60, E90, E92, E82, E87, F20, F30"},{"@type":"BreadcrumbList","@id":"https:\/\/macote.fr\/produit\/pommeau-de-vitesse-bmw-m-performance-led-retro-eclaire\/#breadcrumb","itemListElement":[{"@type":"ListItem","position":1,"name":"Accueil","item":"https:\/\/macote.fr\/"},{"@type":"ListItem","position":2,"name":"Boutique","item":"https:\/\/macote.fr\/boutique\/"},{"@type":"ListItem","position":3,"name":"Pommeau de vitesse BMW M Performance LED r\u00e9tro-\u00e9clair\u00e9"}]},{"@type":"WebSite","@id":"https:\/\/macote.fr\/#website","url":"https:\/\/macote.fr\/","name":"MyQuote.com","description":"Los mejores accesorios BMW","publisher":{"@id":"https:\/\/macote.fr\/#organization"},"alternateName":"BMW tuning","potentialAction":[{"@type":"SearchAction","target":{"@type":"EntryPoint","urlTemplate":"https:\/\/macote.fr\/?s={search_term_string}"},"query-input":{"@type":"PropertyValueSpecification","valueRequired":true,"valueName":"search_term_string"}}],"inLanguage":"es"},{"@type":"Organization","@id":"https:\/\/macote.fr\/#organization","name":"Macote.es","alternateName":"BMW tuning","url":"https:\/\/macote.fr\/","logo":{"@type":"ImageObject","inLanguage":"es","@id":"https:\/\/macote.fr\/#\/schema\/logo\/image\/","url":"https:\/\/macote.fr\/wp-content\/uploads\/2023\/11\/LOGO-macote.fr-dessin-bmw-noir-copy.jpg","contentUrl":"https:\/\/macote.fr\/wp-content\/uploads\/2023\/11\/LOGO-macote.fr-dessin-bmw-noir-copy.jpg","width":732,"height":456,"caption":"Macote.fr"},"image":{"@id":"https:\/\/macote.fr\/#\/schema\/logo\/image\/"},"sameAs":["https:\/\/www.facebook.com\/profile.php?id=100091476586119","https:\/\/www.youtube.com\/channel\/UCgO-YTbaxYO-w_C5GfL-_1w","https:\/\/www.tiktok.com\/@macote.fr?is_from_webapp=1&sender_device=pc","https:\/\/www.instagram.com\/i_xila_i\/"]}]}},"_links":{"self":[{"href":"https:\/\/macote.fr\/es\/wp-json\/wp\/v2\/product\/6939","targetHints":{"allow":["GET"]}}],"collection":[{"href":"https:\/\/macote.fr\/es\/wp-json\/wp\/v2\/product"}],"about":[{"href":"https:\/\/macote.fr\/es\/wp-json\/wp\/v2\/types\/product"}],"replies":[{"embeddable":true,"href":"https:\/\/macote.fr\/es\/wp-json\/wp\/v2\/comments?post=6939"}],"wp:featuredmedia":[{"embeddable":true,"href":"https:\/\/macote.fr\/es\/wp-json\/wp\/v2\/media\/6962"}],"wp:attachment":[{"href":"https:\/\/macote.fr\/es\/wp-json\/wp\/v2\/media?parent=6939"}],"wp:term":[{"taxonomy":"product_brand","embeddable":true,"href":"https:\/\/macote.fr\/es\/wp-json\/wp\/v2\/product_brand?post=6939"},{"taxonomy":"product_cat","embeddable":true,"href":"https:\/\/macote.fr\/es\/wp-json\/wp\/v2\/product_cat?post=6939"},{"taxonomy":"product_tag","embeddable":true,"href":"https:\/\/macote.fr\/es\/wp-json\/wp\/v2\/product_tag?post=6939"}],"curies":[{"name":"wp","href":"https:\/\/api.w.org\/{rel}","templated":true}]}}