{"id":7006,"date":"2025-11-11T23:14:13","date_gmt":"2025-11-11T22:14:13","guid":{"rendered":"https:\/\/macote.fr\/?post_type=product&#038;p=7006"},"modified":"2025-11-11T23:30:35","modified_gmt":"2025-11-11T22:30:35","slug":"kit-de-supresion-clapets-dadmission-bmw-m57tu-m47tu-pack-4-ou-6-bouchons-22-mm-ou-33-mm","status":"publish","type":"product","link":"https:\/\/macote.fr\/es\/producto\/kit-de-supresion-clapets-dadmission-bmw-m57tu-m47tu-pack-4-ou-6-bouchons-22-mm-ou-33-mm\/","title":{"rendered":"BMW M57TU &amp; M47TU kit de supresi\u00f3n de la v\u00e1lvula de admisi\u00f3n - Paquete de 4 o 6 tapones 22 mm o 33 mm"},"content":{"rendered":"<h1 style=\"text-align: center;\" data-start=\"578\" data-end=\"1036\">BMW M57TU &amp; M47TU kit de supresi\u00f3n de la v\u00e1lvula de admisi\u00f3n - Paquete de 4 o 6 tapones 22 mm o 33 mm<\/h1>\n<p data-start=\"578\" data-end=\"1036\">Optimice la fiabilidad de su motor diesel BMW equipado con bloques M57TU o M47TU anticip\u00e1ndose a un problema recurrente: la obstrucci\u00f3n y rotura de las aletas de turbulencia de admisi\u00f3n. Con el tiempo, las aletas originales se cargan de carbonilla, se vuelven pesadas, se aflojan o incluso se desprenden. Esto puede hacer que caigan fragmentos en el motor, provocando graves da\u00f1os en el mismo.<\/p>\n<p data-start=\"1038\" data-end=\"1522\">Este <strong data-start=\"1041\" data-end=\"1082\"><span class=\"entity-underline hover:entity-accent inline cursor-pointer align-baseline\"><span class=\"whitespace-normal\">Kit de supresi\u00f3n de la v\u00e1lvula de admisi\u00f3n BMW M57TU\/M47TU<\/span><\/span><\/strong> est\u00e1 dise\u00f1ado para sustituir sus obturadores por tapones de aluminio de alta resistencia mecanizados mediante CNC y las juntas correspondientes. Puede elegir entre dos di\u00e1metros: 22 mm (modelos anteriores a ~2000-2004) y 33 mm (modelos 2005 y +). Pero cuidado: la f\u00e1brica no siempre se adapta al tama\u00f1o \u00abcl\u00e1sico\u00bb. Es imprescindible desmontar el colector y medir para confirmar.<\/p>\n<h2 data-start=\"1524\" data-end=\"1548\">El kit consta de :<\/h2>\n<ul data-start=\"1549\" data-end=\"1964\">\n<li data-start=\"1549\" data-end=\"1613\">\n<p data-start=\"1551\" data-end=\"1613\">4 \u00f3 6 tapones de aluminio mecanizados en una m\u00e1quina digital en Francia.<\/p>\n<\/li>\n<li data-start=\"1614\" data-end=\"1696\">\n<p data-start=\"1616\" data-end=\"1696\">4 o 6 juntas de admisi\u00f3n (adecuado) + 1 junta t\u00f3rica grande para la EGR \/ admisi\u00f3n si se opta por la <a href=\"https:\/\/macote.fr\/es\/producto\/kit-desmontaje-valvula-egr-e90-diesel\/\">desmontaje de la v\u00e1lvula EGR<\/a>.<\/p>\n<\/li>\n<li data-start=\"1697\" data-end=\"1804\">\n<p data-start=\"1699\" data-end=\"1804\">Instalaci\u00f3n sencilla: incluso un aficionado con herramientas est\u00e1ndar puede hacerlo.<\/p>\n<\/li>\n<li data-start=\"1805\" data-end=\"1964\">\n<p data-start=\"1807\" data-end=\"1964\">Materiales compatibles con el aceite del motor y las temperaturas altas\/bajas.<\/p>\n<\/li>\n<\/ul>\n<h2 data-start=\"1966\" data-end=\"2013\"><strong data-start=\"1966\" data-end=\"2011\">Ventajas de instalar este kit ahora:<\/strong><\/h2>\n<ul data-start=\"2014\" data-end=\"2490\">\n<li data-start=\"2014\" data-end=\"2147\">\n<p data-start=\"2016\" data-end=\"2147\">Protecci\u00f3n inmediata para su motor: no hay riesgo de que fragmentos de la aleta de admisi\u00f3n caigan en los cilindros.<\/p>\n<\/li>\n<li data-start=\"2148\" data-end=\"2253\">\n<p data-start=\"2150\" data-end=\"2253\">Funcionamiento \u00f3ptimo: sin zonas de aire muerto en el colector, mejor combusti\u00f3n.<\/p>\n<\/li>\n<li data-start=\"2254\" data-end=\"2357\">\n<p data-start=\"2256\" data-end=\"2357\">Menos atascos: al eliminar las persianas defectuosas, se reducen los dep\u00f3sitos y la acumulaci\u00f3n de carbonilla.<\/p>\n<\/li>\n<li data-start=\"2358\" data-end=\"2428\">\n<p data-start=\"2360\" data-end=\"2428\">Consumo reducido y vida \u00fatil prolongada: m\u00e1xima fiabilidad.<\/p>\n<\/li>\n<li data-start=\"2429\" data-end=\"2490\">\n<p data-start=\"2431\" data-end=\"2490\">F\u00e1cil de instalar, sin necesidad de realizar grandes modificaciones en el veh\u00edculo.<\/p>\n<\/li>\n<\/ul>\n<h2 data-start=\"2492\" data-end=\"2544\"><strong data-start=\"2492\" data-end=\"2520\">Compatibilidad con veh\u00edculos :<\/strong><br data-start=\"2520\" data-end=\"2523\" \/>Series afectadas :<\/h2>\n<ul data-start=\"2545\" data-end=\"2924\">\n<li data-start=\"2545\" data-end=\"2643\">\n<p data-start=\"2547\" data-end=\"2643\">Serie 3: E46 320d (2001-2005), 330d, 330Cd, 330xd; E90\/E91\/E92 320d, 325d, 330d, 330xd, 335d<\/p>\n<\/li>\n<li data-start=\"2644\" data-end=\"2731\">\n<p data-start=\"2646\" data-end=\"2731\">Serie 5: E39 525d (2000-2003), 530d; E60\/E61 520d, 525d, 525xd, 530d, 530xd, 535d<\/p>\n<\/li>\n<li data-start=\"2732\" data-end=\"2758\">\n<p data-start=\"2734\" data-end=\"2758\">Serie 7: E38\/E65 730d<\/p>\n<\/li>\n<li data-start=\"2759\" data-end=\"2787\">\n<p data-start=\"2761\" data-end=\"2787\">X3: E83 2.0d\/3.0d\/3.0dd<\/p>\n<\/li>\n<li data-start=\"2788\" data-end=\"2924\">\n<p data-start=\"2790\" data-end=\"2924\">X5: E53 3.0d, E70 3.0sd<br data-start=\"2814\" data-end=\"2817\" \/>Motores: M47N, M47TU, M47TUD20, M57, M57D25, M57N, M57TU, M57TUD25, M57D30, M57D29, M57TUD30, M57TU2D30.<\/p>\n<\/li>\n<\/ul>\n<h3 data-start=\"2926\" data-end=\"3165\"><strong data-start=\"2926\" data-end=\"2941\">Informaci\u00f3n importante:<\/strong><\/h3>\n<p data-start=\"2926\" data-end=\"3165\">Antes de realizar el pedido, desmonte su colector de admisi\u00f3n para medir el orificio para las aletas originales (di\u00e1metro 22 mm o 33 mm). Un tama\u00f1o incorrecto puede comprometer la instalaci\u00f3n.<\/p>\n<h2 data-start=\"3172\" data-end=\"3224\"><strong data-start=\"3172\" data-end=\"3222\">Caracter\u00edsticas principales:<\/strong><\/h2>\n<ul data-start=\"3225\" data-end=\"3942\">\n<li data-start=\"3225\" data-end=\"3331\">\n<p data-start=\"3227\" data-end=\"3331\">4 \u00f3 6 tapones de aluminio mecanizado CNC - muy alta resistencia, dilataci\u00f3n t\u00e9rmica id\u00e9ntica a la del colector.<\/p>\n<\/li>\n<li data-start=\"3332\" data-end=\"3439\">\n<p data-start=\"3334\" data-end=\"3439\">4 \u00f3 6 juntas de admisi\u00f3n + 1 junta t\u00f3rica EGR\/admisi\u00f3n - compatible con aceite y alta\/baja temperatura.<\/p>\n<\/li>\n<li data-start=\"3440\" data-end=\"3508\">\n<p data-start=\"3442\" data-end=\"3508\">Di\u00e1metros a elegir: 22 mm o 33 mm (a medir antes de la instalaci\u00f3n).<\/p>\n<\/li>\n<li data-start=\"3509\" data-end=\"3606\">\n<p data-start=\"3511\" data-end=\"3606\">Materiales: aluminio de calidad + fibra de vidrio reforzada + caucho fluorado.<\/p>\n<\/li>\n<li data-start=\"3607\" data-end=\"3683\">\n<p data-start=\"3609\" data-end=\"3683\">Instalaci\u00f3n sencilla: sustituci\u00f3n directa de las persianas sin necesidad de ajustar la ECU.<\/p>\n<\/li>\n<li data-start=\"3684\" data-end=\"3753\">\n<p data-start=\"3686\" data-end=\"3753\">Compatible con motores diesel BMW M57TU &amp; M47TU (y variantes).<\/p>\n<\/li>\n<li data-start=\"3754\" data-end=\"3842\">\n<p data-start=\"3756\" data-end=\"3842\">Servicio \u00abkit completo\u00bb: todos los elementos para una eliminaci\u00f3n segura y duradera.<\/p>\n<\/li>\n<li data-start=\"3843\" data-end=\"3942\">\n<p data-start=\"3845\" data-end=\"3942\">Objetivo: eliminar las aletas de admisi\u00f3n defectuosas, prevenir los fallos del motor, optimizar la combusti\u00f3n<\/p>\n<\/li>\n<\/ul>","protected":false},"excerpt":{"rendered":"<p data-start=\"309\" data-end=\"571\">Proteja su motor diesel BMW (M57TU \/ M47TU) contra roturas debidas a aletas de admisi\u00f3n defectuosas con este completo kit de desmontaje de aletas. F\u00e1cil de instalar, compatible con 22 mm o 33 mm, ofrece fiabilidad y durabilidad.<\/p>","protected":false},"featured_media":7011,"comment_status":"open","ping_status":"closed","template":"","meta":{"_eb_attr":""},"product_brand":[],"product_cat":[132,147,148,134,156,157,136,167,168,69,176,186,178,191,192],"product_tag":[],"class_list":{"0":"post-7006","1":"product","2":"type-product","3":"status-publish","4":"has-post-thumbnail","6":"product_cat-bmw-serie-3","7":"product_cat-bmw-serie-3-e46","8":"product_cat-bmw-serie-3-e90-e91-e92-e93","9":"product_cat-bmw-serie-5","10":"product_cat-bmw-serie-5-e39","11":"product_cat-bmw-serie-5-e60-e61","12":"product_cat-bmw-serie-7","13":"product_cat-bmw-serie-7-e38","14":"product_cat-bmw-serie-7-e65-e66-67-e68","15":"product_cat-modification-de-performance","16":"product_cat-x3","17":"product_cat-x3-e83","18":"product_cat-x5","19":"product_cat-x5-e53","20":"product_cat-x5-e70","22":"first","23":"instock","24":"taxable","25":"shipping-taxable","26":"purchasable","27":"product-type-variable"},"yoast_head":"<!-- This site is optimized with the Yoast SEO Premium plugin v20.7 (Yoast SEO v27.4) - https:\/\/yoast.com\/product\/yoast-seo-premium-wordpress\/ -->\n<title>Kit de suppression clapets d\u2019admission BMW M57TU &amp; M47TU \u2013 Pack 4 ou 6 bouchons 22 mm ou 33 mm - MaCote.fr<\/title>\n<meta name=\"robots\" content=\"index, follow, max-snippet:-1, max-image-preview:large, max-video-preview:-1\" \/>\n<link rel=\"canonical\" href=\"https:\/\/macote.fr\/es\/producto\/kit-de-supresion-clapets-dadmission-bmw-m57tu-m47tu-pack-4-ou-6-bouchons-22-mm-ou-33-mm\/\" \/>\n<meta property=\"og:locale\" content=\"es_ES\" \/>\n<meta property=\"og:type\" content=\"article\" \/>\n<meta property=\"og:title\" content=\"Kit de suppression clapets d\u2019admission BMW M57TU &amp; M47TU \u2013 Pack 4 ou 6 bouchons 22 mm ou 33 mm\" \/>\n<meta property=\"og:description\" content=\"Prot\u00e9gez votre moteur BMW diesel (M57TU \/ M47TU) contre la casse due aux volets d\u2019admission d\u00e9fectueux gr\u00e2ce \u00e0 ce kit complet de suppression de clapets. Installable facilement, compatible 22 mm ou 33 mm, offre fiabilit\u00e9 et p\u00e9rennit\u00e9.\" \/>\n<meta property=\"og:url\" content=\"https:\/\/macote.fr\/es\/producto\/kit-de-supresion-clapets-dadmission-bmw-m57tu-m47tu-pack-4-ou-6-bouchons-22-mm-ou-33-mm\/\" \/>\n<meta property=\"og:site_name\" content=\"MaCote.fr\" \/>\n<meta property=\"article:publisher\" content=\"https:\/\/www.facebook.com\/profile.php?id=100091476586119\" \/>\n<meta property=\"article:modified_time\" content=\"2025-11-11T22:30:35+00:00\" \/>\n<meta property=\"og:image\" content=\"https:\/\/macote.fr\/wp-content\/uploads\/2022\/11\/bmw-black-tuning-e1667980523590.jpg\" \/>\n\t<meta property=\"og:image:width\" content=\"1238\" \/>\n\t<meta property=\"og:image:height\" content=\"1080\" \/>\n\t<meta property=\"og:image:type\" content=\"image\/jpeg\" \/>\n<meta name=\"twitter:card\" content=\"summary_large_image\" \/>\n<meta name=\"twitter:label1\" content=\"Tiempo de lectura\" \/>\n\t<meta name=\"twitter:data1\" content=\"3 minutos\" \/>\n<script type=\"application\/ld+json\" class=\"yoast-schema-graph\">{\"@context\":\"https:\\\/\\\/schema.org\",\"@graph\":[{\"@type\":\"WebPage\",\"@id\":\"https:\\\/\\\/macote.fr\\\/produit\\\/kit-de-suppression-clapets-dadmission-bmw-m57tu-m47tu-pack-4-ou-6-bouchons-22-mm-ou-33-mm\\\/\",\"url\":\"https:\\\/\\\/macote.fr\\\/produit\\\/kit-de-suppression-clapets-dadmission-bmw-m57tu-m47tu-pack-4-ou-6-bouchons-22-mm-ou-33-mm\\\/\",\"name\":\"Kit de suppression clapets d\u2019admission BMW M57TU & M47TU \u2013 Pack 4 ou 6 bouchons 22 mm ou 33 mm - MaCote.fr\",\"isPartOf\":{\"@id\":\"https:\\\/\\\/macote.fr\\\/#website\"},\"primaryImageOfPage\":{\"@id\":\"https:\\\/\\\/macote.fr\\\/produit\\\/kit-de-suppression-clapets-dadmission-bmw-m57tu-m47tu-pack-4-ou-6-bouchons-22-mm-ou-33-mm\\\/#primaryimage\"},\"image\":{\"@id\":\"https:\\\/\\\/macote.fr\\\/produit\\\/kit-de-suppression-clapets-dadmission-bmw-m57tu-m47tu-pack-4-ou-6-bouchons-22-mm-ou-33-mm\\\/#primaryimage\"},\"thumbnailUrl\":\"https:\\\/\\\/macote.fr\\\/wp-content\\\/uploads\\\/2025\\\/11\\\/bouchon-admission-bmw-m47tu-m57tu-installation-detail.avif\",\"datePublished\":\"2025-11-11T22:14:13+00:00\",\"dateModified\":\"2025-11-11T22:30:35+00:00\",\"breadcrumb\":{\"@id\":\"https:\\\/\\\/macote.fr\\\/produit\\\/kit-de-suppression-clapets-dadmission-bmw-m57tu-m47tu-pack-4-ou-6-bouchons-22-mm-ou-33-mm\\\/#breadcrumb\"},\"inLanguage\":\"es\",\"potentialAction\":[{\"@type\":\"ReadAction\",\"target\":[\"https:\\\/\\\/macote.fr\\\/produit\\\/kit-de-suppression-clapets-dadmission-bmw-m57tu-m47tu-pack-4-ou-6-bouchons-22-mm-ou-33-mm\\\/\"]}]},{\"@type\":\"ImageObject\",\"inLanguage\":\"es\",\"@id\":\"https:\\\/\\\/macote.fr\\\/produit\\\/kit-de-suppression-clapets-dadmission-bmw-m57tu-m47tu-pack-4-ou-6-bouchons-22-mm-ou-33-mm\\\/#primaryimage\",\"url\":\"https:\\\/\\\/macote.fr\\\/wp-content\\\/uploads\\\/2025\\\/11\\\/bouchon-admission-bmw-m47tu-m57tu-installation-detail.avif\",\"contentUrl\":\"https:\\\/\\\/macote.fr\\\/wp-content\\\/uploads\\\/2025\\\/11\\\/bouchon-admission-bmw-m47tu-m57tu-installation-detail.avif\",\"width\":800,\"height\":800,\"caption\":\"bouchon-admission-bmw-m47tu-m57tu-installation-detail\"},{\"@type\":\"BreadcrumbList\",\"@id\":\"https:\\\/\\\/macote.fr\\\/produit\\\/kit-de-suppression-clapets-dadmission-bmw-m57tu-m47tu-pack-4-ou-6-bouchons-22-mm-ou-33-mm\\\/#breadcrumb\",\"itemListElement\":[{\"@type\":\"ListItem\",\"position\":1,\"name\":\"Accueil\",\"item\":\"https:\\\/\\\/macote.fr\\\/\"},{\"@type\":\"ListItem\",\"position\":2,\"name\":\"Boutique\",\"item\":\"https:\\\/\\\/macote.fr\\\/boutique\\\/\"},{\"@type\":\"ListItem\",\"position\":3,\"name\":\"Kit de suppression clapets d\u2019admission BMW M57TU &#038; M47TU \u2013 Pack 4 ou 6 bouchons 22 mm ou 33 mm\"}]},{\"@type\":\"WebSite\",\"@id\":\"https:\\\/\\\/macote.fr\\\/#website\",\"url\":\"https:\\\/\\\/macote.fr\\\/\",\"name\":\"MaCote.fr\",\"description\":\"BMW best accessories\",\"publisher\":{\"@id\":\"https:\\\/\\\/macote.fr\\\/#organization\"},\"alternateName\":\"BMW tuning\",\"potentialAction\":[{\"@type\":\"SearchAction\",\"target\":{\"@type\":\"EntryPoint\",\"urlTemplate\":\"https:\\\/\\\/macote.fr\\\/?s={search_term_string}\"},\"query-input\":{\"@type\":\"PropertyValueSpecification\",\"valueRequired\":true,\"valueName\":\"search_term_string\"}}],\"inLanguage\":\"es\"},{\"@type\":\"Organization\",\"@id\":\"https:\\\/\\\/macote.fr\\\/#organization\",\"name\":\"Macote.fr\",\"alternateName\":\"BMW tuning\",\"url\":\"https:\\\/\\\/macote.fr\\\/\",\"logo\":{\"@type\":\"ImageObject\",\"inLanguage\":\"es\",\"@id\":\"https:\\\/\\\/macote.fr\\\/#\\\/schema\\\/logo\\\/image\\\/\",\"url\":\"https:\\\/\\\/macote.fr\\\/wp-content\\\/uploads\\\/2023\\\/11\\\/LOGO-macote.fr-dessin-bmw-noir-copy.jpg\",\"contentUrl\":\"https:\\\/\\\/macote.fr\\\/wp-content\\\/uploads\\\/2023\\\/11\\\/LOGO-macote.fr-dessin-bmw-noir-copy.jpg\",\"width\":732,\"height\":456,\"caption\":\"Macote.fr\"},\"image\":{\"@id\":\"https:\\\/\\\/macote.fr\\\/#\\\/schema\\\/logo\\\/image\\\/\"},\"sameAs\":[\"https:\\\/\\\/www.facebook.com\\\/profile.php?id=100091476586119\",\"https:\\\/\\\/www.youtube.com\\\/channel\\\/UCgO-YTbaxYO-w_C5GfL-_1w\",\"https:\\\/\\\/www.tiktok.com\\\/@macote.fr?is_from_webapp=1&sender_device=pc\",\"https:\\\/\\\/www.instagram.com\\\/i_xila_i\\\/\"]}]}<\/script>\n<!-- \/ Yoast SEO Premium plugin. -->","yoast_head_json":{"title":"Kit de desmontaje de v\u00e1lvulas de admisi\u00f3n BMW M57TU &amp; M47TU - Paquete de 4 o 6 tapones 22 mm o 33 mm - MaCote.fr","robots":{"index":"index","follow":"follow","max-snippet":"max-snippet:-1","max-image-preview":"max-image-preview:large","max-video-preview":"max-video-preview:-1"},"canonical":"https:\/\/macote.fr\/es\/producto\/kit-de-supresion-clapets-dadmission-bmw-m57tu-m47tu-pack-4-ou-6-bouchons-22-mm-ou-33-mm\/","og_locale":"es_ES","og_type":"article","og_title":"Kit de suppression clapets d\u2019admission BMW M57TU & M47TU \u2013 Pack 4 ou 6 bouchons 22 mm ou 33 mm","og_description":"Prot\u00e9gez votre moteur BMW diesel (M57TU \/ M47TU) contre la casse due aux volets d\u2019admission d\u00e9fectueux gr\u00e2ce \u00e0 ce kit complet de suppression de clapets. Installable facilement, compatible 22 mm ou 33 mm, offre fiabilit\u00e9 et p\u00e9rennit\u00e9.","og_url":"https:\/\/macote.fr\/es\/producto\/kit-de-supresion-clapets-dadmission-bmw-m57tu-m47tu-pack-4-ou-6-bouchons-22-mm-ou-33-mm\/","og_site_name":"MaCote.fr","article_publisher":"https:\/\/www.facebook.com\/profile.php?id=100091476586119","article_modified_time":"2025-11-11T22:30:35+00:00","og_image":[{"width":1238,"height":1080,"url":"https:\/\/macote.fr\/wp-content\/uploads\/2022\/11\/bmw-black-tuning-e1667980523590.jpg","type":"image\/jpeg"}],"twitter_card":"summary_large_image","twitter_misc":{"Tiempo de lectura":"3 minutos"},"schema":{"@context":"https:\/\/schema.org","@graph":[{"@type":"WebPage","@id":"https:\/\/macote.fr\/produit\/kit-de-suppression-clapets-dadmission-bmw-m57tu-m47tu-pack-4-ou-6-bouchons-22-mm-ou-33-mm\/","url":"https:\/\/macote.fr\/produit\/kit-de-suppression-clapets-dadmission-bmw-m57tu-m47tu-pack-4-ou-6-bouchons-22-mm-ou-33-mm\/","name":"Kit de desmontaje de v\u00e1lvulas de admisi\u00f3n BMW M57TU &amp; M47TU - Paquete de 4 o 6 tapones 22 mm o 33 mm - MaCote.fr","isPartOf":{"@id":"https:\/\/macote.fr\/#website"},"primaryImageOfPage":{"@id":"https:\/\/macote.fr\/produit\/kit-de-suppression-clapets-dadmission-bmw-m57tu-m47tu-pack-4-ou-6-bouchons-22-mm-ou-33-mm\/#primaryimage"},"image":{"@id":"https:\/\/macote.fr\/produit\/kit-de-suppression-clapets-dadmission-bmw-m57tu-m47tu-pack-4-ou-6-bouchons-22-mm-ou-33-mm\/#primaryimage"},"thumbnailUrl":"https:\/\/macote.fr\/wp-content\/uploads\/2025\/11\/bouchon-admission-bmw-m47tu-m57tu-installation-detail.avif","datePublished":"2025-11-11T22:14:13+00:00","dateModified":"2025-11-11T22:30:35+00:00","breadcrumb":{"@id":"https:\/\/macote.fr\/produit\/kit-de-suppression-clapets-dadmission-bmw-m57tu-m47tu-pack-4-ou-6-bouchons-22-mm-ou-33-mm\/#breadcrumb"},"inLanguage":"es","potentialAction":[{"@type":"ReadAction","target":["https:\/\/macote.fr\/produit\/kit-de-suppression-clapets-dadmission-bmw-m57tu-m47tu-pack-4-ou-6-bouchons-22-mm-ou-33-mm\/"]}]},{"@type":"ImageObject","inLanguage":"es","@id":"https:\/\/macote.fr\/produit\/kit-de-suppression-clapets-dadmission-bmw-m57tu-m47tu-pack-4-ou-6-bouchons-22-mm-ou-33-mm\/#primaryimage","url":"https:\/\/macote.fr\/wp-content\/uploads\/2025\/11\/bouchon-admission-bmw-m47tu-m57tu-installation-detail.avif","contentUrl":"https:\/\/macote.fr\/wp-content\/uploads\/2025\/11\/bouchon-admission-bmw-m47tu-m57tu-installation-detail.avif","width":800,"height":800,"caption":"bouchon-admission-bmw-m47tu-m57tu-installation-detail"},{"@type":"BreadcrumbList","@id":"https:\/\/macote.fr\/produit\/kit-de-suppression-clapets-dadmission-bmw-m57tu-m47tu-pack-4-ou-6-bouchons-22-mm-ou-33-mm\/#breadcrumb","itemListElement":[{"@type":"ListItem","position":1,"name":"Accueil","item":"https:\/\/macote.fr\/"},{"@type":"ListItem","position":2,"name":"Boutique","item":"https:\/\/macote.fr\/boutique\/"},{"@type":"ListItem","position":3,"name":"Kit de suppression clapets d\u2019admission BMW M57TU &#038; M47TU \u2013 Pack 4 ou 6 bouchons 22 mm ou 33 mm"}]},{"@type":"WebSite","@id":"https:\/\/macote.fr\/#website","url":"https:\/\/macote.fr\/","name":"MyQuote.com","description":"Los mejores accesorios BMW","publisher":{"@id":"https:\/\/macote.fr\/#organization"},"alternateName":"BMW tuning","potentialAction":[{"@type":"SearchAction","target":{"@type":"EntryPoint","urlTemplate":"https:\/\/macote.fr\/?s={search_term_string}"},"query-input":{"@type":"PropertyValueSpecification","valueRequired":true,"valueName":"search_term_string"}}],"inLanguage":"es"},{"@type":"Organization","@id":"https:\/\/macote.fr\/#organization","name":"Macote.es","alternateName":"BMW tuning","url":"https:\/\/macote.fr\/","logo":{"@type":"ImageObject","inLanguage":"es","@id":"https:\/\/macote.fr\/#\/schema\/logo\/image\/","url":"https:\/\/macote.fr\/wp-content\/uploads\/2023\/11\/LOGO-macote.fr-dessin-bmw-noir-copy.jpg","contentUrl":"https:\/\/macote.fr\/wp-content\/uploads\/2023\/11\/LOGO-macote.fr-dessin-bmw-noir-copy.jpg","width":732,"height":456,"caption":"Macote.fr"},"image":{"@id":"https:\/\/macote.fr\/#\/schema\/logo\/image\/"},"sameAs":["https:\/\/www.facebook.com\/profile.php?id=100091476586119","https:\/\/www.youtube.com\/channel\/UCgO-YTbaxYO-w_C5GfL-_1w","https:\/\/www.tiktok.com\/@macote.fr?is_from_webapp=1&sender_device=pc","https:\/\/www.instagram.com\/i_xila_i\/"]}]}},"_links":{"self":[{"href":"https:\/\/macote.fr\/es\/wp-json\/wp\/v2\/product\/7006","targetHints":{"allow":["GET"]}}],"collection":[{"href":"https:\/\/macote.fr\/es\/wp-json\/wp\/v2\/product"}],"about":[{"href":"https:\/\/macote.fr\/es\/wp-json\/wp\/v2\/types\/product"}],"replies":[{"embeddable":true,"href":"https:\/\/macote.fr\/es\/wp-json\/wp\/v2\/comments?post=7006"}],"wp:featuredmedia":[{"embeddable":true,"href":"https:\/\/macote.fr\/es\/wp-json\/wp\/v2\/media\/7011"}],"wp:attachment":[{"href":"https:\/\/macote.fr\/es\/wp-json\/wp\/v2\/media?parent=7006"}],"wp:term":[{"taxonomy":"product_brand","embeddable":true,"href":"https:\/\/macote.fr\/es\/wp-json\/wp\/v2\/product_brand?post=7006"},{"taxonomy":"product_cat","embeddable":true,"href":"https:\/\/macote.fr\/es\/wp-json\/wp\/v2\/product_cat?post=7006"},{"taxonomy":"product_tag","embeddable":true,"href":"https:\/\/macote.fr\/es\/wp-json\/wp\/v2\/product_tag?post=7006"}],"curies":[{"name":"wp","href":"https:\/\/api.w.org\/{rel}","templated":true}]}}