{"id":7033,"date":"2025-11-21T12:04:01","date_gmt":"2025-11-21T11:04:01","guid":{"rendered":"https:\/\/macote.fr\/?post_type=product&#038;p=7033"},"modified":"2025-11-21T14:39:29","modified_gmt":"2025-11-21T13:39:29","slug":"soporte-extintor-bajo-asiento-fibra-de-carbono-bmw-serie-3-e46-1998-2006","status":"publish","type":"product","link":"https:\/\/macote.fr\/es\/producto\/soporte-extintor-bajo-asiento-fibra-de-carbono-bmw-serie-3-e46-1998-2006\/","title":{"rendered":"Soporte de fibra de carbono para extintor bajo el asiento - BMW Serie 3 E46 (1998-2006)"},"content":{"rendered":"<h1 style=\"text-align: center;\" data-start=\"163\" data-end=\"599\">Soporte de fibra de carbono para extintor bajo el asiento - BMW Serie 3 E46 (1998-2006)<\/h1>\n<p data-start=\"163\" data-end=\"599\">Optimice la seguridad de su BMW E46 preservando al mismo tiempo su est\u00e9tica interior con este soporte de extintor bajo el asiento de fibra de carbono. Especialmente dise\u00f1ado para el BMW Serie 3 E46 (1999-2005), este soporte ofrece una soluci\u00f3n robusta, elegante y perfectamente integrada para instalar un extintor en su habit\u00e1culo, esencial para la conducci\u00f3n deportiva, trackday o simplemente cotidiana.<\/p>\n<p data-start=\"601\" data-end=\"957\">Fabricado en <strong data-start=\"613\" data-end=\"643\">Fibra de carbono aut\u00e9ntica<\/strong>, Esta ayuda combina <strong data-start=\"662\" data-end=\"689\">resistencia excepcional<\/strong>, <strong data-start=\"691\" data-end=\"719\">resistencia en el tiempo<\/strong> y <strong data-start=\"723\" data-end=\"741\">aspecto premium<\/strong>. Su mecanizado CNC garantiza una precisi\u00f3n perfecta: alineaci\u00f3n de los orificios, ajuste ideal bajo el asiento y rigidez \u00f3ptima para mantener el extintor en posici\u00f3n, incluso con cargas pesadas o frenadas.<\/p>\n<p data-start=\"959\" data-end=\"1311\">Dise\u00f1ado para no interferir en el uso del asiento, este soporte ofrece un <strong data-start=\"1024\" data-end=\"1057\">posici\u00f3n de montaje ajustable<\/strong>, El asiento puede desplazarse completamente hacia delante o hacia atr\u00e1s <strong data-start=\"1113\" data-end=\"1141\">sin ninguna interferencia<\/strong>. Puede instalarse directamente debajo de los puntos de montaje originales del asiento, sin necesidad de modificaciones ni taladros: una instalaci\u00f3n muy sencilla. <strong data-start=\"1251\" data-end=\"1284\">instalaci\u00f3n sencilla y limpia<\/strong>, de acuerdo con el esp\u00edritu OEM+.<\/p>\n<p data-start=\"1313\" data-end=\"1639\">Tener un extintor al alcance de la mano significa que puede <strong data-start=\"1362\" data-end=\"1404\">reaccionar instant\u00e1neamente en caso de emergencia<\/strong> Se trata de un activo indispensable para los coches m\u00e1s antiguos, preparados o muy usados. Este soporte garantiza que el extintor permanezca <strong data-start=\"1580\" data-end=\"1614\">accesible, estable y segura<\/strong> en cualquier circunstancia.<\/p>\n<hr data-start=\"1641\" data-end=\"1644\" \/>\n<h2 data-start=\"1646\" data-end=\"1680\"><strong data-start=\"1646\" data-end=\"1680\">Caracter\u00edsticas principales:<\/strong><\/h2>\n<ul data-start=\"1682\" data-end=\"2154\">\n<li data-start=\"1682\" data-end=\"1750\">\n<p data-start=\"1684\" data-end=\"1750\"><strong data-start=\"1684\" data-end=\"1704\">Fibra de carbono<\/strong> Ligereza, rigidez y durabilidad de primera.<\/p>\n<\/li>\n<li data-start=\"1751\" data-end=\"1822\">\n<p data-start=\"1753\" data-end=\"1822\"><strong data-start=\"1753\" data-end=\"1768\">Mecanizado CNC<\/strong> Dimensiones perfectas, agujeros perfectamente alineados.<\/p>\n<\/li>\n<li data-start=\"1823\" data-end=\"1903\">\n<p data-start=\"1825\" data-end=\"1903\"><strong data-start=\"1825\" data-end=\"1847\">Mayor seguridad<\/strong> Acceso r\u00e1pido al extintor en caso de emergencia.<\/p>\n<\/li>\n<li data-start=\"1904\" data-end=\"1985\">\n<p data-start=\"1906\" data-end=\"1985\"><strong data-start=\"1906\" data-end=\"1939\">Se mantiene la compatibilidad de los asientos<\/strong> El asiento se desliza con normalidad, sin molestias.<\/p>\n<\/li>\n<li data-start=\"1986\" data-end=\"2071\">\n<p data-start=\"1988\" data-end=\"2071\"><strong data-start=\"1988\" data-end=\"2011\">F\u00e1cil de instalar<\/strong> El asiento se fija con los tornillos originales, sin necesidad de taladrar.<\/p>\n<\/li>\n<li data-start=\"2072\" data-end=\"2154\">\n<p data-start=\"2074\" data-end=\"2154\"><strong data-start=\"2074\" data-end=\"2105\">Dise\u00f1o discreto y est\u00e9tico<\/strong> El aspecto del carbono es id\u00e9ntico al de las piezas de alto rendimiento.<\/p>\n<\/li>\n<\/ul>\n<hr data-start=\"2156\" data-end=\"2159\" \/>\n<h2 data-start=\"2161\" data-end=\"2181\"><strong data-start=\"2161\" data-end=\"2181\">Especificaciones:<\/strong><\/h2>\n<ul data-start=\"2183\" data-end=\"2371\">\n<li data-start=\"2229\" data-end=\"2275\">\n<p data-start=\"2231\" data-end=\"2275\">Tipo : <strong data-start=\"2238\" data-end=\"2273\">Soporte para extintor bajo el asiento<\/strong><\/p>\n<\/li>\n<li data-start=\"2276\" data-end=\"2311\">\n<p data-start=\"2278\" data-end=\"2311\">Material : <strong data-start=\"2289\" data-end=\"2309\">Fibra de carbono<\/strong><\/p>\n<\/li>\n<li data-start=\"2312\" data-end=\"2371\">\n<p data-start=\"2314\" data-end=\"2371\">Veh\u00edculos compatibles : <strong data-start=\"2338\" data-end=\"2371\">BMW Serie 3 E46 - 1998 a 2006<\/strong><\/p>\n<\/li>\n<\/ul>\n<hr data-start=\"2373\" data-end=\"2376\" \/>\n<h2 data-start=\"2378\" data-end=\"2405\"><strong data-start=\"2378\" data-end=\"2405\">Notas importantes:<\/strong><\/h2>\n<ul data-start=\"2407\" data-end=\"2598\">\n<li data-start=\"2407\" data-end=\"2498\">\n<p data-start=\"2409\" data-end=\"2498\">El soporte est\u00e1 dise\u00f1ado para ser instalado <strong data-start=\"2449\" data-end=\"2495\">debajo de los puntos de fijaci\u00f3n del asiento delantero<\/strong>.<\/p>\n<\/li>\n<li data-start=\"2499\" data-end=\"2529\">\n<p data-start=\"2501\" data-end=\"2529\"><strong data-start=\"2501\" data-end=\"2526\">Extintor no suministrado<\/strong>.<\/p>\n<\/li>\n<li data-start=\"2530\" data-end=\"2598\">\n<p data-start=\"2532\" data-end=\"2598\"><strong data-start=\"2532\" data-end=\"2565\">Soporte de presi\u00f3n no incluido<\/strong> (se proporcionar\u00e1n collares\/corbatas).<\/p>\n<\/li>\n<\/ul>","protected":false},"excerpt":{"rendered":"<p data-start=\"2631\" data-end=\"2891\">Soporte de extintor de fibra de carbono especialmente dise\u00f1ado para BMW E46 (1999-2005). F\u00e1cil instalaci\u00f3n bajo el asiento, mecanizado CNC preciso, compatible con el deslizamiento del asiento y perfecto para mejorar la seguridad interior sin comprometer la comodidad.<\/p>","protected":false},"featured_media":7035,"comment_status":"open","ping_status":"closed","template":"","meta":{"_eb_attr":""},"product_brand":[],"product_cat":[263,132,147],"product_tag":[],"class_list":{"0":"post-7033","1":"product","2":"type-product","3":"status-publish","4":"has-post-thumbnail","6":"product_cat-bmw-accessoires-fibre-de-carbone","7":"product_cat-bmw-serie-3","8":"product_cat-bmw-serie-3-e46","10":"first","11":"instock","12":"taxable","13":"shipping-taxable","14":"purchasable","15":"product-type-simple"},"yoast_head":"<!-- This site is optimized with the Yoast SEO Premium plugin v20.7 (Yoast SEO v27.3) - https:\/\/yoast.com\/product\/yoast-seo-premium-wordpress\/ -->\n<title>Support d\u2019Extincteur Sous Si\u00e8ge en Fibre de Carbone \u2013 BMW S\u00e9rie 3 E46 (1998\u20132006) - MaCote.fr<\/title>\n<meta name=\"robots\" content=\"index, follow, max-snippet:-1, max-image-preview:large, max-video-preview:-1\" \/>\n<link rel=\"canonical\" href=\"https:\/\/macote.fr\/es\/producto\/soporte-extintor-bajo-asiento-fibra-de-carbono-bmw-serie-3-e46-1998-2006\/\" \/>\n<meta property=\"og:locale\" content=\"es_ES\" \/>\n<meta property=\"og:type\" content=\"article\" \/>\n<meta property=\"og:title\" content=\"Support d\u2019Extincteur Sous Si\u00e8ge en Fibre de Carbone \u2013 BMW S\u00e9rie 3 E46 (1998\u20132006)\" \/>\n<meta property=\"og:description\" content=\"Support d\u2019extincteur en fibre de carbone sp\u00e9cialement con\u00e7u pour BMW E46 (1999\u20132005). Installation simple sous le si\u00e8ge, usinage CNC pr\u00e9cis, compatible avec le coulissement du si\u00e8ge et parfait pour renforcer la s\u00e9curit\u00e9 int\u00e9rieure sans compromettre le confort.\" \/>\n<meta property=\"og:url\" content=\"https:\/\/macote.fr\/es\/producto\/soporte-extintor-bajo-asiento-fibra-de-carbono-bmw-serie-3-e46-1998-2006\/\" \/>\n<meta property=\"og:site_name\" content=\"MaCote.fr\" \/>\n<meta property=\"article:publisher\" content=\"https:\/\/www.facebook.com\/profile.php?id=100091476586119\" \/>\n<meta property=\"article:modified_time\" content=\"2025-11-21T13:39:29+00:00\" \/>\n<meta property=\"og:image\" content=\"https:\/\/macote.fr\/wp-content\/uploads\/2025\/11\/xtincteur-sous-siege-support-carbone-automobile.jpg\" \/>\n\t<meta property=\"og:image:width\" content=\"893\" \/>\n\t<meta property=\"og:image:height\" content=\"1580\" \/>\n\t<meta property=\"og:image:type\" content=\"image\/jpeg\" \/>\n<meta name=\"twitter:card\" content=\"summary_large_image\" \/>\n<meta name=\"twitter:label1\" content=\"Tiempo de lectura\" \/>\n\t<meta name=\"twitter:data1\" content=\"2 minutos\" \/>\n<script type=\"application\/ld+json\" class=\"yoast-schema-graph\">{\"@context\":\"https:\\\/\\\/schema.org\",\"@graph\":[{\"@type\":\"WebPage\",\"@id\":\"https:\\\/\\\/macote.fr\\\/produit\\\/support-dextincteur-sous-siege-en-fibre-de-carbone-bmw-serie-3-e46-1998-2006\\\/\",\"url\":\"https:\\\/\\\/macote.fr\\\/produit\\\/support-dextincteur-sous-siege-en-fibre-de-carbone-bmw-serie-3-e46-1998-2006\\\/\",\"name\":\"Support d\u2019Extincteur Sous Si\u00e8ge en Fibre de Carbone \u2013 BMW S\u00e9rie 3 E46 (1998\u20132006) - MaCote.fr\",\"isPartOf\":{\"@id\":\"https:\\\/\\\/macote.fr\\\/#website\"},\"primaryImageOfPage\":{\"@id\":\"https:\\\/\\\/macote.fr\\\/produit\\\/support-dextincteur-sous-siege-en-fibre-de-carbone-bmw-serie-3-e46-1998-2006\\\/#primaryimage\"},\"image\":{\"@id\":\"https:\\\/\\\/macote.fr\\\/produit\\\/support-dextincteur-sous-siege-en-fibre-de-carbone-bmw-serie-3-e46-1998-2006\\\/#primaryimage\"},\"thumbnailUrl\":\"https:\\\/\\\/macote.fr\\\/wp-content\\\/uploads\\\/2025\\\/11\\\/xtincteur-sous-siege-support-carbone-automobile.jpg\",\"datePublished\":\"2025-11-21T11:04:01+00:00\",\"dateModified\":\"2025-11-21T13:39:29+00:00\",\"breadcrumb\":{\"@id\":\"https:\\\/\\\/macote.fr\\\/produit\\\/support-dextincteur-sous-siege-en-fibre-de-carbone-bmw-serie-3-e46-1998-2006\\\/#breadcrumb\"},\"inLanguage\":\"es\",\"potentialAction\":[{\"@type\":\"ReadAction\",\"target\":[\"https:\\\/\\\/macote.fr\\\/produit\\\/support-dextincteur-sous-siege-en-fibre-de-carbone-bmw-serie-3-e46-1998-2006\\\/\"]}]},{\"@type\":\"ImageObject\",\"inLanguage\":\"es\",\"@id\":\"https:\\\/\\\/macote.fr\\\/produit\\\/support-dextincteur-sous-siege-en-fibre-de-carbone-bmw-serie-3-e46-1998-2006\\\/#primaryimage\",\"url\":\"https:\\\/\\\/macote.fr\\\/wp-content\\\/uploads\\\/2025\\\/11\\\/xtincteur-sous-siege-support-carbone-automobile.jpg\",\"contentUrl\":\"https:\\\/\\\/macote.fr\\\/wp-content\\\/uploads\\\/2025\\\/11\\\/xtincteur-sous-siege-support-carbone-automobile.jpg\",\"width\":893,\"height\":1580,\"caption\":\"extincteur-sous-siege-support-carbone-automobile\"},{\"@type\":\"BreadcrumbList\",\"@id\":\"https:\\\/\\\/macote.fr\\\/produit\\\/support-dextincteur-sous-siege-en-fibre-de-carbone-bmw-serie-3-e46-1998-2006\\\/#breadcrumb\",\"itemListElement\":[{\"@type\":\"ListItem\",\"position\":1,\"name\":\"Accueil\",\"item\":\"https:\\\/\\\/macote.fr\\\/\"},{\"@type\":\"ListItem\",\"position\":2,\"name\":\"Boutique\",\"item\":\"https:\\\/\\\/macote.fr\\\/boutique\\\/\"},{\"@type\":\"ListItem\",\"position\":3,\"name\":\"Support d\u2019Extincteur Sous Si\u00e8ge en Fibre de Carbone \u2013 BMW S\u00e9rie 3 E46 (1998\u20132006)\"}]},{\"@type\":\"WebSite\",\"@id\":\"https:\\\/\\\/macote.fr\\\/#website\",\"url\":\"https:\\\/\\\/macote.fr\\\/\",\"name\":\"MaCote.fr\",\"description\":\"BMW best accessories\",\"publisher\":{\"@id\":\"https:\\\/\\\/macote.fr\\\/#organization\"},\"alternateName\":\"BMW tuning\",\"potentialAction\":[{\"@type\":\"SearchAction\",\"target\":{\"@type\":\"EntryPoint\",\"urlTemplate\":\"https:\\\/\\\/macote.fr\\\/?s={search_term_string}\"},\"query-input\":{\"@type\":\"PropertyValueSpecification\",\"valueRequired\":true,\"valueName\":\"search_term_string\"}}],\"inLanguage\":\"es\"},{\"@type\":\"Organization\",\"@id\":\"https:\\\/\\\/macote.fr\\\/#organization\",\"name\":\"Macote.fr\",\"alternateName\":\"BMW tuning\",\"url\":\"https:\\\/\\\/macote.fr\\\/\",\"logo\":{\"@type\":\"ImageObject\",\"inLanguage\":\"es\",\"@id\":\"https:\\\/\\\/macote.fr\\\/#\\\/schema\\\/logo\\\/image\\\/\",\"url\":\"https:\\\/\\\/macote.fr\\\/wp-content\\\/uploads\\\/2023\\\/11\\\/LOGO-macote.fr-dessin-bmw-noir-copy.jpg\",\"contentUrl\":\"https:\\\/\\\/macote.fr\\\/wp-content\\\/uploads\\\/2023\\\/11\\\/LOGO-macote.fr-dessin-bmw-noir-copy.jpg\",\"width\":732,\"height\":456,\"caption\":\"Macote.fr\"},\"image\":{\"@id\":\"https:\\\/\\\/macote.fr\\\/#\\\/schema\\\/logo\\\/image\\\/\"},\"sameAs\":[\"https:\\\/\\\/www.facebook.com\\\/profile.php?id=100091476586119\",\"https:\\\/\\\/www.youtube.com\\\/channel\\\/UCgO-YTbaxYO-w_C5GfL-_1w\",\"https:\\\/\\\/www.tiktok.com\\\/@macote.fr?is_from_webapp=1&sender_device=pc\",\"https:\\\/\\\/www.instagram.com\\\/i_xila_i\\\/\"]}]}<\/script>\n<!-- \/ Yoast SEO Premium plugin. -->","yoast_head_json":{"title":"Soporte de fibra de carbono para extintor bajo el asiento - BMW Serie 3 E46 (1998-2006) - MaCote.es","robots":{"index":"index","follow":"follow","max-snippet":"max-snippet:-1","max-image-preview":"max-image-preview:large","max-video-preview":"max-video-preview:-1"},"canonical":"https:\/\/macote.fr\/es\/producto\/soporte-extintor-bajo-asiento-fibra-de-carbono-bmw-serie-3-e46-1998-2006\/","og_locale":"es_ES","og_type":"article","og_title":"Support d\u2019Extincteur Sous Si\u00e8ge en Fibre de Carbone \u2013 BMW S\u00e9rie 3 E46 (1998\u20132006)","og_description":"Support d\u2019extincteur en fibre de carbone sp\u00e9cialement con\u00e7u pour BMW E46 (1999\u20132005). Installation simple sous le si\u00e8ge, usinage CNC pr\u00e9cis, compatible avec le coulissement du si\u00e8ge et parfait pour renforcer la s\u00e9curit\u00e9 int\u00e9rieure sans compromettre le confort.","og_url":"https:\/\/macote.fr\/es\/producto\/soporte-extintor-bajo-asiento-fibra-de-carbono-bmw-serie-3-e46-1998-2006\/","og_site_name":"MaCote.fr","article_publisher":"https:\/\/www.facebook.com\/profile.php?id=100091476586119","article_modified_time":"2025-11-21T13:39:29+00:00","og_image":[{"width":893,"height":1580,"url":"https:\/\/macote.fr\/wp-content\/uploads\/2025\/11\/xtincteur-sous-siege-support-carbone-automobile.jpg","type":"image\/jpeg"}],"twitter_card":"summary_large_image","twitter_misc":{"Tiempo de lectura":"2 minutos"},"schema":{"@context":"https:\/\/schema.org","@graph":[{"@type":"WebPage","@id":"https:\/\/macote.fr\/produit\/support-dextincteur-sous-siege-en-fibre-de-carbone-bmw-serie-3-e46-1998-2006\/","url":"https:\/\/macote.fr\/produit\/support-dextincteur-sous-siege-en-fibre-de-carbone-bmw-serie-3-e46-1998-2006\/","name":"Soporte de fibra de carbono para extintor bajo el asiento - BMW Serie 3 E46 (1998-2006) - MaCote.es","isPartOf":{"@id":"https:\/\/macote.fr\/#website"},"primaryImageOfPage":{"@id":"https:\/\/macote.fr\/produit\/support-dextincteur-sous-siege-en-fibre-de-carbone-bmw-serie-3-e46-1998-2006\/#primaryimage"},"image":{"@id":"https:\/\/macote.fr\/produit\/support-dextincteur-sous-siege-en-fibre-de-carbone-bmw-serie-3-e46-1998-2006\/#primaryimage"},"thumbnailUrl":"https:\/\/macote.fr\/wp-content\/uploads\/2025\/11\/xtincteur-sous-siege-support-carbone-automobile.jpg","datePublished":"2025-11-21T11:04:01+00:00","dateModified":"2025-11-21T13:39:29+00:00","breadcrumb":{"@id":"https:\/\/macote.fr\/produit\/support-dextincteur-sous-siege-en-fibre-de-carbone-bmw-serie-3-e46-1998-2006\/#breadcrumb"},"inLanguage":"es","potentialAction":[{"@type":"ReadAction","target":["https:\/\/macote.fr\/produit\/support-dextincteur-sous-siege-en-fibre-de-carbone-bmw-serie-3-e46-1998-2006\/"]}]},{"@type":"ImageObject","inLanguage":"es","@id":"https:\/\/macote.fr\/produit\/support-dextincteur-sous-siege-en-fibre-de-carbone-bmw-serie-3-e46-1998-2006\/#primaryimage","url":"https:\/\/macote.fr\/wp-content\/uploads\/2025\/11\/xtincteur-sous-siege-support-carbone-automobile.jpg","contentUrl":"https:\/\/macote.fr\/wp-content\/uploads\/2025\/11\/xtincteur-sous-siege-support-carbone-automobile.jpg","width":893,"height":1580,"caption":"extincteur-sous-siege-support-carbone-automobile"},{"@type":"BreadcrumbList","@id":"https:\/\/macote.fr\/produit\/support-dextincteur-sous-siege-en-fibre-de-carbone-bmw-serie-3-e46-1998-2006\/#breadcrumb","itemListElement":[{"@type":"ListItem","position":1,"name":"Accueil","item":"https:\/\/macote.fr\/"},{"@type":"ListItem","position":2,"name":"Boutique","item":"https:\/\/macote.fr\/boutique\/"},{"@type":"ListItem","position":3,"name":"Support d\u2019Extincteur Sous Si\u00e8ge en Fibre de Carbone \u2013 BMW S\u00e9rie 3 E46 (1998\u20132006)"}]},{"@type":"WebSite","@id":"https:\/\/macote.fr\/#website","url":"https:\/\/macote.fr\/","name":"MyQuote.com","description":"Los mejores accesorios BMW","publisher":{"@id":"https:\/\/macote.fr\/#organization"},"alternateName":"BMW tuning","potentialAction":[{"@type":"SearchAction","target":{"@type":"EntryPoint","urlTemplate":"https:\/\/macote.fr\/?s={search_term_string}"},"query-input":{"@type":"PropertyValueSpecification","valueRequired":true,"valueName":"search_term_string"}}],"inLanguage":"es"},{"@type":"Organization","@id":"https:\/\/macote.fr\/#organization","name":"Macote.es","alternateName":"BMW tuning","url":"https:\/\/macote.fr\/","logo":{"@type":"ImageObject","inLanguage":"es","@id":"https:\/\/macote.fr\/#\/schema\/logo\/image\/","url":"https:\/\/macote.fr\/wp-content\/uploads\/2023\/11\/LOGO-macote.fr-dessin-bmw-noir-copy.jpg","contentUrl":"https:\/\/macote.fr\/wp-content\/uploads\/2023\/11\/LOGO-macote.fr-dessin-bmw-noir-copy.jpg","width":732,"height":456,"caption":"Macote.fr"},"image":{"@id":"https:\/\/macote.fr\/#\/schema\/logo\/image\/"},"sameAs":["https:\/\/www.facebook.com\/profile.php?id=100091476586119","https:\/\/www.youtube.com\/channel\/UCgO-YTbaxYO-w_C5GfL-_1w","https:\/\/www.tiktok.com\/@macote.fr?is_from_webapp=1&sender_device=pc","https:\/\/www.instagram.com\/i_xila_i\/"]}]}},"_links":{"self":[{"href":"https:\/\/macote.fr\/es\/wp-json\/wp\/v2\/product\/7033","targetHints":{"allow":["GET"]}}],"collection":[{"href":"https:\/\/macote.fr\/es\/wp-json\/wp\/v2\/product"}],"about":[{"href":"https:\/\/macote.fr\/es\/wp-json\/wp\/v2\/types\/product"}],"replies":[{"embeddable":true,"href":"https:\/\/macote.fr\/es\/wp-json\/wp\/v2\/comments?post=7033"}],"wp:featuredmedia":[{"embeddable":true,"href":"https:\/\/macote.fr\/es\/wp-json\/wp\/v2\/media\/7035"}],"wp:attachment":[{"href":"https:\/\/macote.fr\/es\/wp-json\/wp\/v2\/media?parent=7033"}],"wp:term":[{"taxonomy":"product_brand","embeddable":true,"href":"https:\/\/macote.fr\/es\/wp-json\/wp\/v2\/product_brand?post=7033"},{"taxonomy":"product_cat","embeddable":true,"href":"https:\/\/macote.fr\/es\/wp-json\/wp\/v2\/product_cat?post=7033"},{"taxonomy":"product_tag","embeddable":true,"href":"https:\/\/macote.fr\/es\/wp-json\/wp\/v2\/product_tag?post=7033"}],"curies":[{"name":"wp","href":"https:\/\/api.w.org\/{rel}","templated":true}]}}