{"id":7048,"date":"2025-11-22T23:55:29","date_gmt":"2025-11-22T22:55:29","guid":{"rendered":"https:\/\/macote.fr\/?post_type=product&#038;p=7048"},"modified":"2025-11-25T22:03:19","modified_gmt":"2025-11-25T21:03:19","slug":"gato-reforzado-para-bmw-adaptador-de-elevacion-compatible-con-puntos-oem","status":"publish","type":"product","link":"https:\/\/macote.fr\/es\/producto\/gato-reforzado-para-bmw-adaptador-de-elevacion-compatible-con-puntos-oem\/","title":{"rendered":"Almohadilla de elevaci\u00f3n reforzada para BMW - Adaptador de elevaci\u00f3n compatible con puntos OEM"},"content":{"rendered":"<p data-start=\"364\" data-end=\"757\">Esta almohadilla de gato reforzada est\u00e1 dise\u00f1ada para proporcionar una soluci\u00f3n de elevaci\u00f3n perfectamente segura y profesional para todos los veh\u00edculos BMW. Se inserta directamente en la barandilla met\u00e1lica del punto de elevaci\u00f3n OEM, evitando cualquier distorsi\u00f3n, pellizco o agrietamiento de los ra\u00edles del chasis cuando se utiliza un gato o elevador.<\/p>\n<p data-start=\"759\" data-end=\"1104\">Fabricada con un material de alta densidad, esta almohadilla combina robustez y flexibilidad: lo suficientemente resistente para soportar el peso del veh\u00edculo, pero lo suficientemente blanda para proteger la zona de contacto. Su dise\u00f1o preciso, que reproduce la forma rectangular de las pastillas de BMW, garantiza una estabilidad perfecta y evita cualquier deslizamiento durante el funcionamiento.<\/p>\n<p data-start=\"1106\" data-end=\"1412\">Este adaptador es ideal para cualquiera que quiera levantar su coche como un profesional: cambios de ruedas, mantenimiento, detallado, instalaci\u00f3n de piezas o trackdays. Gracias a su amplia compatibilidad, es una herramienta esencial para cualquier entusiasta de BMW.<\/p>\n<p data-start=\"1414\" data-end=\"2001\"><strong data-start=\"1414\" data-end=\"1429\">Ventajas :<\/strong><br data-start=\"1429\" data-end=\"1432\" \/>- Protege la parte met\u00e1lica y los ra\u00edles del chasis<br data-start=\"1490\" data-end=\"1493\" \/>- Evita pellizcos, dobleces y roturas en los puntos de elevaci\u00f3n<br data-start=\"1552\" data-end=\"1555\" \/>- Material de alta densidad, duradero y resistente a los da\u00f1os<br data-start=\"1614\" data-end=\"1617\" \/>- Suficientemente resistente para mantenerlo en su sitio \/ suficientemente flexible para no da\u00f1arlo<br data-start=\"1683\" data-end=\"1686\" \/>- Fabricaci\u00f3n profesional, garant\u00eda de calidad<br data-start=\"1734\" data-end=\"1737\" data-is-only-node=\"\" \/>- Instalaci\u00f3n instant\u00e1nea, manejo intuitivo<br data-start=\"1786\" data-end=\"1789\" \/>- Adecuado para gatos hidr\u00e1ulicos, gatos rodantes y elevadores<br data-start=\"1856\" data-end=\"1859\" \/>- Permite elevar el veh\u00edculo en los 4 puntos OEM especificados por BMW<\/p>\n<p data-start=\"2003\" data-end=\"2693\"><strong data-start=\"2003\" data-end=\"2032\">Montaje \/ Compatibilidad :<\/strong><br data-start=\"2032\" data-end=\"2035\" \/>Compatible con casi todos los modelos BMW y MINI equipados con puntos de elevaci\u00f3n rectangulares, incluidos :<br data-start=\"2143\" data-end=\"2146\" \/>- Serie 1: E81 E82 E88 F20 F21 1M<br data-start=\"2180\" data-end=\"2183\" \/>- Serie 2: F22 F23 F87 M2<br data-start=\"2209\" data-end=\"2212\" \/>- Serie 3: E46 E90 E91 E93 F30 F31 M3 F80 G20<br data-start=\"2258\" data-end=\"2261\" \/>- Serie 4: F32 F33 F36 F82 M4<br data-start=\"2291\" data-end=\"2294\" data-is-only-node=\"\" \/>- Serie 5: E39 E60 E61 E63 F07 F10 F11 M5 G30 G31 G38<br data-start=\"2348\" data-end=\"2351\" \/>- Serie 6: E63 E64 F06 F12 F13 M6<br data-start=\"2385\" data-end=\"2388\" \/>- Serie 7: E38 E65 E66 F01 F02 G11 G12<br data-start=\"2427\" data-end=\"2430\" \/>- Z3 \/ Z4 : E36 E37 E85 E86 E89<br data-start=\"2461\" data-end=\"2464\" \/>- i3 \/ i8 : i01, i12<br data-start=\"2484\" data-end=\"2487\" \/>- X1 : E84 F48<br data-start=\"2501\" data-end=\"2504\" \/>- X3 : E83 F25<br data-start=\"2518\" data-end=\"2521\" \/>- X4 : F26<br data-start=\"2531\" data-end=\"2534\" \/>- X5 : E53 E70 LCI F15 M F85<br data-start=\"2562\" data-end=\"2565\" \/>- X6 : E71 E72 F16 M F86<br data-start=\"2589\" data-end=\"2592\" \/>- X7 : G07<br data-start=\"2602\" data-end=\"2605\" \/>- Z8 : E52<br data-start=\"2615\" data-end=\"2618\" \/>- MINI \/ MINI S \/ JCW : R50 R53 R56 LCI R55 LCI F54 R52 R57 LCI R58 R59<\/p>\n<p data-start=\"2695\" data-end=\"2749\"><strong data-start=\"2695\" data-end=\"2708\">Contenido:<\/strong><br data-start=\"2708\" data-end=\"2711\" \/>- 1 \u00d7 Almohadilla de gato reforzada para BMW<\/p>","protected":false},"excerpt":{"rendered":"<p data-start=\"101\" data-end=\"362\">Almohadilla de elevaci\u00f3n de alta resistencia para BMW. Protege los bajos de la carrocer\u00eda, evita la deformaci\u00f3n del chasis y permite una elevaci\u00f3n segura desde los 4 puntos OEM previstos por el fabricante. Compatible con la mayor\u00eda de los modelos BMW y MINI.<\/p>","protected":false},"featured_media":7053,"comment_status":"open","ping_status":"closed","template":"","meta":{"_eb_attr":""},"product_brand":[],"product_cat":[279],"product_tag":[],"class_list":{"0":"post-7048","1":"product","2":"type-product","3":"status-publish","4":"has-post-thumbnail","6":"product_cat-bmw-outils-specialise","8":"first","9":"instock","10":"taxable","11":"shipping-taxable","12":"purchasable","13":"product-type-variable"},"yoast_head":"<!-- This site is optimized with the Yoast SEO Premium plugin v20.7 (Yoast SEO v27.4) - https:\/\/yoast.com\/product\/yoast-seo-premium-wordpress\/ -->\n<title>Tampon de Cric Renforc\u00e9 pour BMW \u2013 Adaptateur de Levage Compatible Points OEM - MaCote.fr<\/title>\n<meta name=\"robots\" content=\"index, follow, max-snippet:-1, max-image-preview:large, max-video-preview:-1\" \/>\n<link rel=\"canonical\" href=\"https:\/\/macote.fr\/es\/producto\/gato-reforzado-para-bmw-adaptador-de-elevacion-compatible-con-puntos-oem\/\" \/>\n<meta property=\"og:locale\" content=\"es_ES\" \/>\n<meta property=\"og:type\" content=\"article\" \/>\n<meta property=\"og:title\" content=\"Tampon de Cric Renforc\u00e9 pour BMW \u2013 Adaptateur de Levage Compatible Points OEM\" \/>\n<meta property=\"og:description\" content=\"Tampon de cric haute r\u00e9sistance pour BMW. Prot\u00e8ge les bas de caisse, \u00e9vite toute d\u00e9formation du ch\u00e2ssis et permet un levage s\u00fbr \u00e0 partir des 4 points OEM pr\u00e9vus par le constructeur. Compatible avec la majorit\u00e9 des mod\u00e8les BMW et MINI.\" \/>\n<meta property=\"og:url\" content=\"https:\/\/macote.fr\/es\/producto\/gato-reforzado-para-bmw-adaptador-de-elevacion-compatible-con-puntos-oem\/\" \/>\n<meta property=\"og:site_name\" content=\"MaCote.fr\" \/>\n<meta property=\"article:publisher\" content=\"https:\/\/www.facebook.com\/profile.php?id=100091476586119\" \/>\n<meta property=\"article:modified_time\" content=\"2025-11-25T21:03:19+00:00\" \/>\n<meta property=\"og:image\" content=\"https:\/\/macote.fr\/wp-content\/uploads\/2025\/11\/Adaptateur-de-cric-haute-resistance-BMW.jpg\" \/>\n\t<meta property=\"og:image:width\" content=\"1200\" \/>\n\t<meta property=\"og:image:height\" content=\"1200\" \/>\n\t<meta property=\"og:image:type\" content=\"image\/jpeg\" \/>\n<meta name=\"twitter:card\" content=\"summary_large_image\" \/>\n<meta name=\"twitter:label1\" content=\"Tiempo de lectura\" \/>\n\t<meta name=\"twitter:data1\" content=\"2 minutos\" \/>\n<script type=\"application\/ld+json\" class=\"yoast-schema-graph\">{\"@context\":\"https:\\\/\\\/schema.org\",\"@graph\":[{\"@type\":\"WebPage\",\"@id\":\"https:\\\/\\\/macote.fr\\\/produit\\\/tampon-de-cric-renforce-pour-bmw-adaptateur-de-levage-compatible-points-oem\\\/\",\"url\":\"https:\\\/\\\/macote.fr\\\/produit\\\/tampon-de-cric-renforce-pour-bmw-adaptateur-de-levage-compatible-points-oem\\\/\",\"name\":\"Tampon de Cric Renforc\u00e9 pour BMW \u2013 Adaptateur de Levage Compatible Points OEM - MaCote.fr\",\"isPartOf\":{\"@id\":\"https:\\\/\\\/macote.fr\\\/#website\"},\"primaryImageOfPage\":{\"@id\":\"https:\\\/\\\/macote.fr\\\/produit\\\/tampon-de-cric-renforce-pour-bmw-adaptateur-de-levage-compatible-points-oem\\\/#primaryimage\"},\"image\":{\"@id\":\"https:\\\/\\\/macote.fr\\\/produit\\\/tampon-de-cric-renforce-pour-bmw-adaptateur-de-levage-compatible-points-oem\\\/#primaryimage\"},\"thumbnailUrl\":\"https:\\\/\\\/macote.fr\\\/wp-content\\\/uploads\\\/2025\\\/11\\\/Adaptateur-de-cric-haute-resistance-BMW.jpg\",\"datePublished\":\"2025-11-22T22:55:29+00:00\",\"dateModified\":\"2025-11-25T21:03:19+00:00\",\"breadcrumb\":{\"@id\":\"https:\\\/\\\/macote.fr\\\/produit\\\/tampon-de-cric-renforce-pour-bmw-adaptateur-de-levage-compatible-points-oem\\\/#breadcrumb\"},\"inLanguage\":\"es\",\"potentialAction\":[{\"@type\":\"ReadAction\",\"target\":[\"https:\\\/\\\/macote.fr\\\/produit\\\/tampon-de-cric-renforce-pour-bmw-adaptateur-de-levage-compatible-points-oem\\\/\"]}]},{\"@type\":\"ImageObject\",\"inLanguage\":\"es\",\"@id\":\"https:\\\/\\\/macote.fr\\\/produit\\\/tampon-de-cric-renforce-pour-bmw-adaptateur-de-levage-compatible-points-oem\\\/#primaryimage\",\"url\":\"https:\\\/\\\/macote.fr\\\/wp-content\\\/uploads\\\/2025\\\/11\\\/Adaptateur-de-cric-haute-resistance-BMW.jpg\",\"contentUrl\":\"https:\\\/\\\/macote.fr\\\/wp-content\\\/uploads\\\/2025\\\/11\\\/Adaptateur-de-cric-haute-resistance-BMW.jpg\",\"width\":1200,\"height\":1200,\"caption\":\"Adaptateur de cric haute r\u00e9sistance BMW\"},{\"@type\":\"BreadcrumbList\",\"@id\":\"https:\\\/\\\/macote.fr\\\/produit\\\/tampon-de-cric-renforce-pour-bmw-adaptateur-de-levage-compatible-points-oem\\\/#breadcrumb\",\"itemListElement\":[{\"@type\":\"ListItem\",\"position\":1,\"name\":\"Accueil\",\"item\":\"https:\\\/\\\/macote.fr\\\/\"},{\"@type\":\"ListItem\",\"position\":2,\"name\":\"Boutique\",\"item\":\"https:\\\/\\\/macote.fr\\\/boutique\\\/\"},{\"@type\":\"ListItem\",\"position\":3,\"name\":\"Tampon de Cric Renforc\u00e9 pour BMW \u2013 Adaptateur de Levage Compatible Points OEM\"}]},{\"@type\":\"WebSite\",\"@id\":\"https:\\\/\\\/macote.fr\\\/#website\",\"url\":\"https:\\\/\\\/macote.fr\\\/\",\"name\":\"MaCote.fr\",\"description\":\"BMW best accessories\",\"publisher\":{\"@id\":\"https:\\\/\\\/macote.fr\\\/#organization\"},\"alternateName\":\"BMW tuning\",\"potentialAction\":[{\"@type\":\"SearchAction\",\"target\":{\"@type\":\"EntryPoint\",\"urlTemplate\":\"https:\\\/\\\/macote.fr\\\/?s={search_term_string}\"},\"query-input\":{\"@type\":\"PropertyValueSpecification\",\"valueRequired\":true,\"valueName\":\"search_term_string\"}}],\"inLanguage\":\"es\"},{\"@type\":\"Organization\",\"@id\":\"https:\\\/\\\/macote.fr\\\/#organization\",\"name\":\"Macote.fr\",\"alternateName\":\"BMW tuning\",\"url\":\"https:\\\/\\\/macote.fr\\\/\",\"logo\":{\"@type\":\"ImageObject\",\"inLanguage\":\"es\",\"@id\":\"https:\\\/\\\/macote.fr\\\/#\\\/schema\\\/logo\\\/image\\\/\",\"url\":\"https:\\\/\\\/macote.fr\\\/wp-content\\\/uploads\\\/2023\\\/11\\\/LOGO-macote.fr-dessin-bmw-noir-copy.jpg\",\"contentUrl\":\"https:\\\/\\\/macote.fr\\\/wp-content\\\/uploads\\\/2023\\\/11\\\/LOGO-macote.fr-dessin-bmw-noir-copy.jpg\",\"width\":732,\"height\":456,\"caption\":\"Macote.fr\"},\"image\":{\"@id\":\"https:\\\/\\\/macote.fr\\\/#\\\/schema\\\/logo\\\/image\\\/\"},\"sameAs\":[\"https:\\\/\\\/www.facebook.com\\\/profile.php?id=100091476586119\",\"https:\\\/\\\/www.youtube.com\\\/channel\\\/UCgO-YTbaxYO-w_C5GfL-_1w\",\"https:\\\/\\\/www.tiktok.com\\\/@macote.fr?is_from_webapp=1&sender_device=pc\",\"https:\\\/\\\/www.instagram.com\\\/i_xila_i\\\/\"]}]}<\/script>\n<!-- \/ Yoast SEO Premium plugin. -->","yoast_head_json":{"title":"Almohadilla de elevaci\u00f3n reforzada para BMW - Adaptador de elevaci\u00f3n compatible con puntos OEM - MaCote.fr","robots":{"index":"index","follow":"follow","max-snippet":"max-snippet:-1","max-image-preview":"max-image-preview:large","max-video-preview":"max-video-preview:-1"},"canonical":"https:\/\/macote.fr\/es\/producto\/gato-reforzado-para-bmw-adaptador-de-elevacion-compatible-con-puntos-oem\/","og_locale":"es_ES","og_type":"article","og_title":"Tampon de Cric Renforc\u00e9 pour BMW \u2013 Adaptateur de Levage Compatible Points OEM","og_description":"Tampon de cric haute r\u00e9sistance pour BMW. Prot\u00e8ge les bas de caisse, \u00e9vite toute d\u00e9formation du ch\u00e2ssis et permet un levage s\u00fbr \u00e0 partir des 4 points OEM pr\u00e9vus par le constructeur. Compatible avec la majorit\u00e9 des mod\u00e8les BMW et MINI.","og_url":"https:\/\/macote.fr\/es\/producto\/gato-reforzado-para-bmw-adaptador-de-elevacion-compatible-con-puntos-oem\/","og_site_name":"MaCote.fr","article_publisher":"https:\/\/www.facebook.com\/profile.php?id=100091476586119","article_modified_time":"2025-11-25T21:03:19+00:00","og_image":[{"width":1200,"height":1200,"url":"https:\/\/macote.fr\/wp-content\/uploads\/2025\/11\/Adaptateur-de-cric-haute-resistance-BMW.jpg","type":"image\/jpeg"}],"twitter_card":"summary_large_image","twitter_misc":{"Tiempo de lectura":"2 minutos"},"schema":{"@context":"https:\/\/schema.org","@graph":[{"@type":"WebPage","@id":"https:\/\/macote.fr\/produit\/tampon-de-cric-renforce-pour-bmw-adaptateur-de-levage-compatible-points-oem\/","url":"https:\/\/macote.fr\/produit\/tampon-de-cric-renforce-pour-bmw-adaptateur-de-levage-compatible-points-oem\/","name":"Almohadilla de elevaci\u00f3n reforzada para BMW - Adaptador de elevaci\u00f3n compatible con puntos OEM - MaCote.fr","isPartOf":{"@id":"https:\/\/macote.fr\/#website"},"primaryImageOfPage":{"@id":"https:\/\/macote.fr\/produit\/tampon-de-cric-renforce-pour-bmw-adaptateur-de-levage-compatible-points-oem\/#primaryimage"},"image":{"@id":"https:\/\/macote.fr\/produit\/tampon-de-cric-renforce-pour-bmw-adaptateur-de-levage-compatible-points-oem\/#primaryimage"},"thumbnailUrl":"https:\/\/macote.fr\/wp-content\/uploads\/2025\/11\/Adaptateur-de-cric-haute-resistance-BMW.jpg","datePublished":"2025-11-22T22:55:29+00:00","dateModified":"2025-11-25T21:03:19+00:00","breadcrumb":{"@id":"https:\/\/macote.fr\/produit\/tampon-de-cric-renforce-pour-bmw-adaptateur-de-levage-compatible-points-oem\/#breadcrumb"},"inLanguage":"es","potentialAction":[{"@type":"ReadAction","target":["https:\/\/macote.fr\/produit\/tampon-de-cric-renforce-pour-bmw-adaptateur-de-levage-compatible-points-oem\/"]}]},{"@type":"ImageObject","inLanguage":"es","@id":"https:\/\/macote.fr\/produit\/tampon-de-cric-renforce-pour-bmw-adaptateur-de-levage-compatible-points-oem\/#primaryimage","url":"https:\/\/macote.fr\/wp-content\/uploads\/2025\/11\/Adaptateur-de-cric-haute-resistance-BMW.jpg","contentUrl":"https:\/\/macote.fr\/wp-content\/uploads\/2025\/11\/Adaptateur-de-cric-haute-resistance-BMW.jpg","width":1200,"height":1200,"caption":"Adaptateur de cric haute r\u00e9sistance BMW"},{"@type":"BreadcrumbList","@id":"https:\/\/macote.fr\/produit\/tampon-de-cric-renforce-pour-bmw-adaptateur-de-levage-compatible-points-oem\/#breadcrumb","itemListElement":[{"@type":"ListItem","position":1,"name":"Accueil","item":"https:\/\/macote.fr\/"},{"@type":"ListItem","position":2,"name":"Boutique","item":"https:\/\/macote.fr\/boutique\/"},{"@type":"ListItem","position":3,"name":"Tampon de Cric Renforc\u00e9 pour BMW \u2013 Adaptateur de Levage Compatible Points OEM"}]},{"@type":"WebSite","@id":"https:\/\/macote.fr\/#website","url":"https:\/\/macote.fr\/","name":"MyQuote.com","description":"Los mejores accesorios BMW","publisher":{"@id":"https:\/\/macote.fr\/#organization"},"alternateName":"BMW tuning","potentialAction":[{"@type":"SearchAction","target":{"@type":"EntryPoint","urlTemplate":"https:\/\/macote.fr\/?s={search_term_string}"},"query-input":{"@type":"PropertyValueSpecification","valueRequired":true,"valueName":"search_term_string"}}],"inLanguage":"es"},{"@type":"Organization","@id":"https:\/\/macote.fr\/#organization","name":"Macote.es","alternateName":"BMW tuning","url":"https:\/\/macote.fr\/","logo":{"@type":"ImageObject","inLanguage":"es","@id":"https:\/\/macote.fr\/#\/schema\/logo\/image\/","url":"https:\/\/macote.fr\/wp-content\/uploads\/2023\/11\/LOGO-macote.fr-dessin-bmw-noir-copy.jpg","contentUrl":"https:\/\/macote.fr\/wp-content\/uploads\/2023\/11\/LOGO-macote.fr-dessin-bmw-noir-copy.jpg","width":732,"height":456,"caption":"Macote.fr"},"image":{"@id":"https:\/\/macote.fr\/#\/schema\/logo\/image\/"},"sameAs":["https:\/\/www.facebook.com\/profile.php?id=100091476586119","https:\/\/www.youtube.com\/channel\/UCgO-YTbaxYO-w_C5GfL-_1w","https:\/\/www.tiktok.com\/@macote.fr?is_from_webapp=1&sender_device=pc","https:\/\/www.instagram.com\/i_xila_i\/"]}]}},"_links":{"self":[{"href":"https:\/\/macote.fr\/es\/wp-json\/wp\/v2\/product\/7048","targetHints":{"allow":["GET"]}}],"collection":[{"href":"https:\/\/macote.fr\/es\/wp-json\/wp\/v2\/product"}],"about":[{"href":"https:\/\/macote.fr\/es\/wp-json\/wp\/v2\/types\/product"}],"replies":[{"embeddable":true,"href":"https:\/\/macote.fr\/es\/wp-json\/wp\/v2\/comments?post=7048"}],"wp:featuredmedia":[{"embeddable":true,"href":"https:\/\/macote.fr\/es\/wp-json\/wp\/v2\/media\/7053"}],"wp:attachment":[{"href":"https:\/\/macote.fr\/es\/wp-json\/wp\/v2\/media?parent=7048"}],"wp:term":[{"taxonomy":"product_brand","embeddable":true,"href":"https:\/\/macote.fr\/es\/wp-json\/wp\/v2\/product_brand?post=7048"},{"taxonomy":"product_cat","embeddable":true,"href":"https:\/\/macote.fr\/es\/wp-json\/wp\/v2\/product_cat?post=7048"},{"taxonomy":"product_tag","embeddable":true,"href":"https:\/\/macote.fr\/es\/wp-json\/wp\/v2\/product_tag?post=7048"}],"curies":[{"name":"wp","href":"https:\/\/api.w.org\/{rel}","templated":true}]}}