{"id":7061,"date":"2025-11-28T14:41:40","date_gmt":"2025-11-28T13:41:40","guid":{"rendered":"https:\/\/macote.fr\/?post_type=product&#038;p=7061"},"modified":"2025-11-28T14:44:03","modified_gmt":"2025-11-28T13:44:03","slug":"soporte-iphone-ipad-magsafe-bmw-travel-comfort-fijacion-asiento-trasero","status":"publish","type":"product","link":"https:\/\/macote.fr\/es\/producto\/soporte-iphone-ipad-magsafe-bmw-travel-comfort-fijacion-asiento-trasero\/","title":{"rendered":"Soporte para Iphone \/ Ipad MagSafe BMW Travel &amp; Comfort - Fijaci\u00f3n asiento trasero"},"content":{"rendered":"<h1 style=\"text-align: center;\">Soporte BMW Travel &amp; Comfort MagSafe - Fijaci\u00f3n trasera para iPhone y Tablet (versi\u00f3n MagSafe + Recarga \/ s\u00f3lo versi\u00f3n MagSafe)<\/h1>\n<p data-start=\"212\" data-end=\"458\">Este apoyo <strong data-start=\"223\" data-end=\"257\">MagSafe dedicado a los BMW recientes<\/strong> encaja directamente en la ranura <strong data-start=\"297\" data-end=\"317\">Viaje y comodidad<\/strong> integrado en el respaldo de los asientos. Transforma al instante el habit\u00e1culo en un espacio multimedia de alta gama para los pasajeros de las plazas traseras.<\/p>\n<p data-start=\"460\" data-end=\"574\">El m\u00f3dulo ofrece <strong data-start=\"489\" data-end=\"505\">100 % estable<\/strong>, Se integra perfectamente en el dise\u00f1o de BMW y est\u00e1 disponible en dos versiones:<\/p>\n<ol data-start=\"575\" data-end=\"730\">\n<li data-start=\"575\" data-end=\"662\">\n<p data-start=\"578\" data-end=\"662\"><strong data-start=\"578\" data-end=\"621\">Versi\u00f3n MagSafe + recarga inal\u00e1mbrica de 15 W<\/strong> sujeci\u00f3n magn\u00e9tica + carga r\u00e1pida.<\/p>\n<\/li>\n<li data-start=\"663\" data-end=\"730\">\n<p data-start=\"666\" data-end=\"730\"><strong data-start=\"666\" data-end=\"691\">S\u00f3lo versi\u00f3n MagSafe<\/strong> sujeci\u00f3n magn\u00e9tica sin recargar.<\/p>\n<\/li>\n<\/ol>\n<p data-start=\"732\" data-end=\"1008\">Gracias a su sistema de rotaci\u00f3n de 360\u00b0 y a su base reforzada, sujeta un iPhone, una tableta o cualquier otro dispositivo equipado con un <strong data-start=\"874\" data-end=\"891\">Anillo MagSafe<\/strong>. No se necesitan herramientas para su instalaci\u00f3n: basta con enganchar el soporte en el cierre Travel &amp; Comfort del asiento.<\/p>\n<hr data-start=\"1010\" data-end=\"1013\" \/>\n<h2 data-start=\"1015\" data-end=\"1042\"><strong data-start=\"1018\" data-end=\"1042\">Ventajas del producto<\/strong><\/h2>\n<h3 data-start=\"1044\" data-end=\"1099\"><strong data-start=\"1048\" data-end=\"1097\">1. Perfecta integraci\u00f3n con los BMW recientes<\/strong><\/h3>\n<p data-start=\"1100\" data-end=\"1240\">Especialmente dise\u00f1ado para la muesca Travel &amp; Comfort detr\u00e1s de los asientos delanteros. Sin adaptadores, sin bricolaje, instalaci\u00f3n instant\u00e1nea.<\/p>\n<h3 data-start=\"1242\" data-end=\"1292\"><strong data-start=\"1246\" data-end=\"1290\">2. Potente cierre magn\u00e9tico MagSafe<\/strong><\/h3>\n<p data-start=\"1293\" data-end=\"1425\">El soporte mantiene el iPhone o la tableta en su sitio incluso en carreteras irregulares. El sistema es compatible con todas las fundas MagSafe.<\/p>\n<h3 data-start=\"1427\" data-end=\"1465\"><strong data-start=\"1431\" data-end=\"1463\">3. Dos versiones disponibles<\/strong><\/h3>\n<ul data-start=\"1466\" data-end=\"1644\">\n<li data-start=\"1466\" data-end=\"1565\">\n<p data-start=\"1468\" data-end=\"1565\"><strong data-start=\"1468\" data-end=\"1494\">MagSafe + Recarga 15W<\/strong> carga r\u00e1pida durante el uso (v\u00eddeos, GPS, juegos, FaceTime).<\/p>\n<\/li>\n<li data-start=\"1566\" data-end=\"1644\">\n<p data-start=\"1568\" data-end=\"1644\"><strong data-start=\"1568\" data-end=\"1585\">S\u00f3lo MagSafe<\/strong> una soluci\u00f3n m\u00e1s econ\u00f3mica si la recarga no es necesaria.<\/p>\n<\/li>\n<\/ul>\n<h3 data-start=\"1646\" data-end=\"1695\"><strong data-start=\"1650\" data-end=\"1693\">4. Rotaci\u00f3n de 360\u00b0 + inclinaci\u00f3n ajustable<\/strong><\/h3>\n<p data-start=\"1696\" data-end=\"1808\">Orientaci\u00f3n vertical u horizontal. Ideal para ver una pel\u00edcula, seguir una ruta o trabajar en movimiento.<\/p>\n<h3 data-start=\"1810\" data-end=\"1878\"><strong data-start=\"1814\" data-end=\"1876\">5. Compatible con iPhone, iPad y dispositivos universales MagSafe<\/strong><\/h3>\n<p data-start=\"1879\" data-end=\"1931\">Gracias a su magnetismo reforzado, puede albergar :<\/p>\n<ul data-start=\"1932\" data-end=\"2060\">\n<li data-start=\"1932\" data-end=\"1957\">\n<p data-start=\"1934\" data-end=\"1957\">iPhone 12 \u2192 iPhone 15<\/p>\n<\/li>\n<li data-start=\"1958\" data-end=\"1985\">\n<p data-start=\"1960\" data-end=\"1985\">iPad con funda MagSafe<\/p>\n<\/li>\n<li data-start=\"1986\" data-end=\"2040\">\n<p data-start=\"1988\" data-end=\"2040\">Smartphones Android con anillo magn\u00e9tico<\/p>\n<\/li>\n<li data-start=\"2041\" data-end=\"2060\">\n<p data-start=\"2043\" data-end=\"2060\">Estanter\u00edas peque\u00f1as<\/p>\n<\/li>\n<\/ul>\n<h3 data-start=\"2062\" data-end=\"2114\"><strong data-start=\"2066\" data-end=\"2112\">6. Puerto USB-C plug &amp; play (versi\u00f3n de carga)<\/strong><\/h3>\n<p data-start=\"2115\" data-end=\"2228\">El cable USB-C incluido permite aprovechar inmediatamente la carga inal\u00e1mbrica a trav\u00e9s de los puertos traseros del veh\u00edculo.<\/p>\n<h3 data-start=\"2230\" data-end=\"2280\"><strong data-start=\"2234\" data-end=\"2278\">7. Accesorio premium discreto y robusto<\/strong><\/h3>\n<p data-start=\"2281\" data-end=\"2355\">Dise\u00f1o en aluminio + ABS, perfectamente adaptado al dise\u00f1o interior de BMW.<\/p>\n<hr data-start=\"2357\" data-end=\"2360\" \/>\n<h2 data-start=\"2362\" data-end=\"2398\"><strong data-start=\"2365\" data-end=\"2398\">Compatibilidad de los modelos BMW<\/strong><\/h2>\n<p data-start=\"2400\" data-end=\"2498\">Compatible con todos los modelos con <strong data-start=\"2446\" data-end=\"2496\">Sistema Travel &amp; Comfort integrado en el asiento<\/strong> :<\/p>\n<h3 data-start=\"2500\" data-end=\"2516\"><strong data-start=\"2504\" data-end=\"2516\">Berlinas<\/strong><\/h3>\n<ul data-start=\"2517\" data-end=\"2690\">\n<li data-start=\"2517\" data-end=\"2552\">\n<p data-start=\"2519\" data-end=\"2552\">BMW Serie 5 (G60\/G61) - incluido i5<\/p>\n<\/li>\n<li data-start=\"2553\" data-end=\"2584\">\n<p data-start=\"2555\" data-end=\"2584\">BMW Serie 7 (G70) - incluido el i7<\/p>\n<\/li>\n<li data-start=\"2585\" data-end=\"2628\">\n<p data-start=\"2587\" data-end=\"2628\">BMW Serie 6 GT (G32) - si est\u00e1 equipado con T&amp;C<\/p>\n<\/li>\n<li data-start=\"2629\" data-end=\"2690\">\n<p data-start=\"2631\" data-end=\"2690\">BMW Serie 3\/4 (G20\/G21\/G22\/G23) - paquetes de opciones seleccionados<\/p>\n<\/li>\n<\/ul>\n<h3 data-start=\"2692\" data-end=\"2716\"><strong data-start=\"2696\" data-end=\"2716\">SUV \/ Crossover<\/strong><\/h3>\n<ul data-start=\"2717\" data-end=\"2816\">\n<li data-start=\"2717\" data-end=\"2733\">\n<p data-start=\"2719\" data-end=\"2733\">BMW X3 (G01)<\/p>\n<\/li>\n<li data-start=\"2734\" data-end=\"2750\">\n<p data-start=\"2736\" data-end=\"2750\">BMW X4 (G02)<\/p>\n<\/li>\n<li data-start=\"2751\" data-end=\"2767\">\n<p data-start=\"2753\" data-end=\"2767\">BMW X5 (G05)<\/p>\n<\/li>\n<li data-start=\"2768\" data-end=\"2784\">\n<p data-start=\"2770\" data-end=\"2784\">BMW X6 (G06)<\/p>\n<\/li>\n<li data-start=\"2785\" data-end=\"2801\">\n<p data-start=\"2787\" data-end=\"2801\">BMW X7 (G07)<\/p>\n<\/li>\n<li data-start=\"2802\" data-end=\"2816\">\n<p data-start=\"2804\" data-end=\"2816\">BMW iX (I20)<\/p>\n<\/li>\n<\/ul>\n<h3 data-start=\"2870\" data-end=\"2908\"><strong data-start=\"2874\" data-end=\"2906\">Compatibilidad :<\/strong><\/h3>\n<p data-start=\"2909\" data-end=\"3031\">El asiento debe tener el <strong data-start=\"2935\" data-end=\"2978\">Soporte rectangular Travel &amp; Comfort<\/strong> detr\u00e1s del respaldo (visible como en tus fotos).<\/p>","protected":false},"excerpt":{"rendered":"<article class=\"text-token-text-primary w-full focus:outline-none [--shadow-height:45px] has-data-writing-block:pointer-events-none has-data-writing-block:-mt-(--shadow-height) has-data-writing-block:pt-(--shadow-height) [&amp;:has([data-writing-block])&gt;*]:pointer-events-auto scroll-mt-[calc(var(--header-height)+min(200px,max(70px,20svh)))]\" dir=\"auto\" tabindex=\"-1\" data-turn-id=\"request-WEB:9dff2a11-c905-410b-9bec-f2c73d84afff-5\" data-testid=\"conversation-turn-8\" data-scroll-anchor=\"true\" data-turn=\"assistant\">\n<div class=\"text-base my-auto mx-auto pb-10 [--thread-content-margin:--spacing(4)] thread-sm:[--thread-content-margin:--spacing(6)] thread-lg:[--thread-content-margin:--spacing(16)] px-(--thread-content-margin)\">\n<div class=\"[--thread-content-max-width:40rem] thread-lg:[--thread-content-max-width:48rem] mx-auto max-w-(--thread-content-max-width) flex-1 group\/turn-messages focus-visible:outline-hidden relative flex w-full min-w-0 flex-col agent-turn\" tabindex=\"-1\">\n<div class=\"flex max-w-full flex-col grow\">\n<div class=\"min-h-8 text-message relative flex w-full flex-col items-end gap-2 text-start break-words whitespace-normal [.text-message+&amp;]:mt-1\" dir=\"auto\" data-message-author-role=\"assistant\" data-message-id=\"f5d06459-5621-4991-b5c6-a5eff2be981e\" data-message-model-slug=\"gpt-5-1\">\n<div class=\"flex w-full flex-col gap-1 empty:hidden first:pt-[1px]\">\n<div class=\"markdown prose dark:prose-invert w-full break-words dark markdown-new-styling\">\n<p data-start=\"0\" data-end=\"607\" data-is-last-node=\"\" data-is-only-node=\"\">Support MagSafe sp\u00e9cialement con\u00e7u pour les BMW \u00e9quip\u00e9es du syst\u00e8me Travel &amp; Comfort. Il se fixe directement \u00e0 l\u2019arri\u00e8re du si\u00e8ge pour offrir une solution \u00e9l\u00e9gante et stable afin de maintenir un iPhone ou une tablette. Disponible en <strong data-start=\"260\" data-end=\"285\">version MagSafe seule<\/strong> ou <strong data-start=\"289\" data-end=\"324\">MagSafe + recharge sans fil 15W<\/strong>, il permet de regarder des vid\u00e9os, utiliser des applications ou travailler confortablement en mode portrait ou paysage gr\u00e2ce \u00e0 sa rotation 360\u00b0. Compatible iPhone 12 \u00e0 15, iPad (coque MagSafe), et tous appareils \u00e9quip\u00e9s d\u2019un anneau magn\u00e9tique. Adaptation parfaite \u00e0 l\u2019int\u00e9rieur BMW.<\/p>\n<\/div>\n<\/div>\n<\/div>\n<\/div>\n<div class=\"z-0 flex min-h-[46px] justify-start\"><\/div>\n<div class=\"mt-3 w-full empty:hidden\"><\/div>\n<\/div>\n<\/div>\n<\/article>\n","protected":false},"featured_media":7070,"comment_status":"open","ping_status":"closed","template":"","meta":{"_eb_attr":""},"product_brand":[],"product_cat":[266,134,160,136,171,176,188,177,190,178,195,179,198,180,199],"product_tag":[],"class_list":{"0":"post-7061","1":"product","2":"type-product","3":"status-publish","4":"has-post-thumbnail","6":"product_cat-bmw-electronique-technologie","7":"product_cat-bmw-serie-5","8":"product_cat-bmw-serie-5-g60-g61-g68","9":"product_cat-bmw-serie-7","10":"product_cat-bmw-serie-7-g70","11":"product_cat-x3","12":"product_cat-x3-g01","13":"product_cat-x4","14":"product_cat-x4m-f98-x4-g02","15":"product_cat-x5","16":"product_cat-x5m-f95-x5-g05-g18","17":"product_cat-x6","18":"product_cat-x6m-f96-x6-g06","19":"product_cat-x7","20":"product_cat-x7-g07","22":"first","23":"instock","24":"taxable","25":"shipping-taxable","26":"purchasable","27":"product-type-variable"},"yoast_head":"<!-- This site is optimized with the Yoast SEO Premium plugin v20.7 (Yoast SEO v27.3) - https:\/\/yoast.com\/product\/yoast-seo-premium-wordpress\/ -->\n<title>Support Iphone \/ Ipad MagSafe BMW Travel &amp; Comfort \u2013 Fixation si\u00e8ge arri\u00e8re - MaCote.fr<\/title>\n<meta name=\"robots\" content=\"index, follow, max-snippet:-1, max-image-preview:large, max-video-preview:-1\" \/>\n<link rel=\"canonical\" href=\"https:\/\/macote.fr\/es\/producto\/soporte-iphone-ipad-magsafe-bmw-travel-comfort-fijacion-asiento-trasero\/\" \/>\n<meta property=\"og:locale\" content=\"es_ES\" \/>\n<meta property=\"og:type\" content=\"article\" \/>\n<meta property=\"og:title\" content=\"Support Iphone \/ Ipad MagSafe BMW Travel &amp; Comfort \u2013 Fixation si\u00e8ge arri\u00e8re\" \/>\n<meta property=\"og:description\" content=\"Support MagSafe sp\u00e9cialement con\u00e7u pour les BMW \u00e9quip\u00e9es du syst\u00e8me Travel &amp; Comfort. Il se fixe directement \u00e0 l\u2019arri\u00e8re du si\u00e8ge pour offrir une solution \u00e9l\u00e9gante et stable afin de maintenir un iPhone ou une tablette. Disponible en version MagSafe seule ou MagSafe + recharge sans fil 15W, il permet de regarder des vid\u00e9os, utiliser des applications ou travailler confortablement en mode portrait ou paysage gr\u00e2ce \u00e0 sa rotation 360\u00b0. Compatible iPhone 12 \u00e0 15, iPad (coque MagSafe), et tous appareils \u00e9quip\u00e9s d\u2019un anneau magn\u00e9tique. Adaptation parfaite \u00e0 l\u2019int\u00e9rieur BMW.\" \/>\n<meta property=\"og:url\" content=\"https:\/\/macote.fr\/es\/producto\/soporte-iphone-ipad-magsafe-bmw-travel-comfort-fijacion-asiento-trasero\/\" \/>\n<meta property=\"og:site_name\" content=\"MaCote.fr\" \/>\n<meta property=\"article:publisher\" content=\"https:\/\/www.facebook.com\/profile.php?id=100091476586119\" \/>\n<meta property=\"article:modified_time\" content=\"2025-11-28T13:44:03+00:00\" \/>\n<meta property=\"og:image\" content=\"https:\/\/macote.fr\/wp-content\/uploads\/2025\/11\/S1395f4e955c54bc18c0bed2b1df9a5d21.jpg\" \/>\n\t<meta property=\"og:image:width\" content=\"800\" \/>\n\t<meta property=\"og:image:height\" content=\"800\" \/>\n\t<meta property=\"og:image:type\" content=\"image\/jpeg\" \/>\n<meta name=\"twitter:card\" content=\"summary_large_image\" \/>\n<meta name=\"twitter:label1\" content=\"Tiempo de lectura\" \/>\n\t<meta name=\"twitter:data1\" content=\"3 minutos\" \/>\n<script type=\"application\/ld+json\" class=\"yoast-schema-graph\">{\"@context\":\"https:\\\/\\\/schema.org\",\"@graph\":[{\"@type\":\"WebPage\",\"@id\":\"https:\\\/\\\/macote.fr\\\/produit\\\/support-iphone-ipad-magsafe-bmw-travel-comfort-fixation-siege-arriere\\\/\",\"url\":\"https:\\\/\\\/macote.fr\\\/produit\\\/support-iphone-ipad-magsafe-bmw-travel-comfort-fixation-siege-arriere\\\/\",\"name\":\"Support Iphone \\\/ Ipad MagSafe BMW Travel & Comfort \u2013 Fixation si\u00e8ge arri\u00e8re - MaCote.fr\",\"isPartOf\":{\"@id\":\"https:\\\/\\\/macote.fr\\\/#website\"},\"primaryImageOfPage\":{\"@id\":\"https:\\\/\\\/macote.fr\\\/produit\\\/support-iphone-ipad-magsafe-bmw-travel-comfort-fixation-siege-arriere\\\/#primaryimage\"},\"image\":{\"@id\":\"https:\\\/\\\/macote.fr\\\/produit\\\/support-iphone-ipad-magsafe-bmw-travel-comfort-fixation-siege-arriere\\\/#primaryimage\"},\"thumbnailUrl\":\"https:\\\/\\\/macote.fr\\\/wp-content\\\/uploads\\\/2025\\\/11\\\/S1395f4e955c54bc18c0bed2b1df9a5d21.jpg\",\"datePublished\":\"2025-11-28T13:41:40+00:00\",\"dateModified\":\"2025-11-28T13:44:03+00:00\",\"breadcrumb\":{\"@id\":\"https:\\\/\\\/macote.fr\\\/produit\\\/support-iphone-ipad-magsafe-bmw-travel-comfort-fixation-siege-arriere\\\/#breadcrumb\"},\"inLanguage\":\"es\",\"potentialAction\":[{\"@type\":\"ReadAction\",\"target\":[\"https:\\\/\\\/macote.fr\\\/produit\\\/support-iphone-ipad-magsafe-bmw-travel-comfort-fixation-siege-arriere\\\/\"]}]},{\"@type\":\"ImageObject\",\"inLanguage\":\"es\",\"@id\":\"https:\\\/\\\/macote.fr\\\/produit\\\/support-iphone-ipad-magsafe-bmw-travel-comfort-fixation-siege-arriere\\\/#primaryimage\",\"url\":\"https:\\\/\\\/macote.fr\\\/wp-content\\\/uploads\\\/2025\\\/11\\\/S1395f4e955c54bc18c0bed2b1df9a5d21.jpg\",\"contentUrl\":\"https:\\\/\\\/macote.fr\\\/wp-content\\\/uploads\\\/2025\\\/11\\\/S1395f4e955c54bc18c0bed2b1df9a5d21.jpg\",\"width\":800,\"height\":800,\"caption\":\"charge sans fil bmw magsafe\"},{\"@type\":\"BreadcrumbList\",\"@id\":\"https:\\\/\\\/macote.fr\\\/produit\\\/support-iphone-ipad-magsafe-bmw-travel-comfort-fixation-siege-arriere\\\/#breadcrumb\",\"itemListElement\":[{\"@type\":\"ListItem\",\"position\":1,\"name\":\"Accueil\",\"item\":\"https:\\\/\\\/macote.fr\\\/\"},{\"@type\":\"ListItem\",\"position\":2,\"name\":\"Boutique\",\"item\":\"https:\\\/\\\/macote.fr\\\/boutique\\\/\"},{\"@type\":\"ListItem\",\"position\":3,\"name\":\"Support Iphone \\\/ Ipad MagSafe BMW Travel &#038; Comfort \u2013 Fixation si\u00e8ge arri\u00e8re\"}]},{\"@type\":\"WebSite\",\"@id\":\"https:\\\/\\\/macote.fr\\\/#website\",\"url\":\"https:\\\/\\\/macote.fr\\\/\",\"name\":\"MaCote.fr\",\"description\":\"BMW best accessories\",\"publisher\":{\"@id\":\"https:\\\/\\\/macote.fr\\\/#organization\"},\"alternateName\":\"BMW tuning\",\"potentialAction\":[{\"@type\":\"SearchAction\",\"target\":{\"@type\":\"EntryPoint\",\"urlTemplate\":\"https:\\\/\\\/macote.fr\\\/?s={search_term_string}\"},\"query-input\":{\"@type\":\"PropertyValueSpecification\",\"valueRequired\":true,\"valueName\":\"search_term_string\"}}],\"inLanguage\":\"es\"},{\"@type\":\"Organization\",\"@id\":\"https:\\\/\\\/macote.fr\\\/#organization\",\"name\":\"Macote.fr\",\"alternateName\":\"BMW tuning\",\"url\":\"https:\\\/\\\/macote.fr\\\/\",\"logo\":{\"@type\":\"ImageObject\",\"inLanguage\":\"es\",\"@id\":\"https:\\\/\\\/macote.fr\\\/#\\\/schema\\\/logo\\\/image\\\/\",\"url\":\"https:\\\/\\\/macote.fr\\\/wp-content\\\/uploads\\\/2023\\\/11\\\/LOGO-macote.fr-dessin-bmw-noir-copy.jpg\",\"contentUrl\":\"https:\\\/\\\/macote.fr\\\/wp-content\\\/uploads\\\/2023\\\/11\\\/LOGO-macote.fr-dessin-bmw-noir-copy.jpg\",\"width\":732,\"height\":456,\"caption\":\"Macote.fr\"},\"image\":{\"@id\":\"https:\\\/\\\/macote.fr\\\/#\\\/schema\\\/logo\\\/image\\\/\"},\"sameAs\":[\"https:\\\/\\\/www.facebook.com\\\/profile.php?id=100091476586119\",\"https:\\\/\\\/www.youtube.com\\\/channel\\\/UCgO-YTbaxYO-w_C5GfL-_1w\",\"https:\\\/\\\/www.tiktok.com\\\/@macote.fr?is_from_webapp=1&sender_device=pc\",\"https:\\\/\\\/www.instagram.com\\\/i_xila_i\\\/\"]}]}<\/script>\n<!-- \/ Yoast SEO Premium plugin. -->","yoast_head_json":{"title":"Soporte Iphone \/ Ipad MagSafe BMW Travel &amp; Comfort - Fijaci\u00f3n asiento trasero - MaCote.fr","robots":{"index":"index","follow":"follow","max-snippet":"max-snippet:-1","max-image-preview":"max-image-preview:large","max-video-preview":"max-video-preview:-1"},"canonical":"https:\/\/macote.fr\/es\/producto\/soporte-iphone-ipad-magsafe-bmw-travel-comfort-fijacion-asiento-trasero\/","og_locale":"es_ES","og_type":"article","og_title":"Support Iphone \/ Ipad MagSafe BMW Travel & Comfort \u2013 Fixation si\u00e8ge arri\u00e8re","og_description":"Support MagSafe sp\u00e9cialement con\u00e7u pour les BMW \u00e9quip\u00e9es du syst\u00e8me Travel &amp; Comfort. Il se fixe directement \u00e0 l\u2019arri\u00e8re du si\u00e8ge pour offrir une solution \u00e9l\u00e9gante et stable afin de maintenir un iPhone ou une tablette. Disponible en version MagSafe seule ou MagSafe + recharge sans fil 15W, il permet de regarder des vid\u00e9os, utiliser des applications ou travailler confortablement en mode portrait ou paysage gr\u00e2ce \u00e0 sa rotation 360\u00b0. Compatible iPhone 12 \u00e0 15, iPad (coque MagSafe), et tous appareils \u00e9quip\u00e9s d\u2019un anneau magn\u00e9tique. Adaptation parfaite \u00e0 l\u2019int\u00e9rieur BMW.","og_url":"https:\/\/macote.fr\/es\/producto\/soporte-iphone-ipad-magsafe-bmw-travel-comfort-fijacion-asiento-trasero\/","og_site_name":"MaCote.fr","article_publisher":"https:\/\/www.facebook.com\/profile.php?id=100091476586119","article_modified_time":"2025-11-28T13:44:03+00:00","og_image":[{"width":800,"height":800,"url":"https:\/\/macote.fr\/wp-content\/uploads\/2025\/11\/S1395f4e955c54bc18c0bed2b1df9a5d21.jpg","type":"image\/jpeg"}],"twitter_card":"summary_large_image","twitter_misc":{"Tiempo de lectura":"3 minutos"},"schema":{"@context":"https:\/\/schema.org","@graph":[{"@type":"WebPage","@id":"https:\/\/macote.fr\/produit\/support-iphone-ipad-magsafe-bmw-travel-comfort-fixation-siege-arriere\/","url":"https:\/\/macote.fr\/produit\/support-iphone-ipad-magsafe-bmw-travel-comfort-fixation-siege-arriere\/","name":"Soporte Iphone \/ Ipad MagSafe BMW Travel &amp; Comfort - Fijaci\u00f3n asiento trasero - MaCote.fr","isPartOf":{"@id":"https:\/\/macote.fr\/#website"},"primaryImageOfPage":{"@id":"https:\/\/macote.fr\/produit\/support-iphone-ipad-magsafe-bmw-travel-comfort-fixation-siege-arriere\/#primaryimage"},"image":{"@id":"https:\/\/macote.fr\/produit\/support-iphone-ipad-magsafe-bmw-travel-comfort-fixation-siege-arriere\/#primaryimage"},"thumbnailUrl":"https:\/\/macote.fr\/wp-content\/uploads\/2025\/11\/S1395f4e955c54bc18c0bed2b1df9a5d21.jpg","datePublished":"2025-11-28T13:41:40+00:00","dateModified":"2025-11-28T13:44:03+00:00","breadcrumb":{"@id":"https:\/\/macote.fr\/produit\/support-iphone-ipad-magsafe-bmw-travel-comfort-fixation-siege-arriere\/#breadcrumb"},"inLanguage":"es","potentialAction":[{"@type":"ReadAction","target":["https:\/\/macote.fr\/produit\/support-iphone-ipad-magsafe-bmw-travel-comfort-fixation-siege-arriere\/"]}]},{"@type":"ImageObject","inLanguage":"es","@id":"https:\/\/macote.fr\/produit\/support-iphone-ipad-magsafe-bmw-travel-comfort-fixation-siege-arriere\/#primaryimage","url":"https:\/\/macote.fr\/wp-content\/uploads\/2025\/11\/S1395f4e955c54bc18c0bed2b1df9a5d21.jpg","contentUrl":"https:\/\/macote.fr\/wp-content\/uploads\/2025\/11\/S1395f4e955c54bc18c0bed2b1df9a5d21.jpg","width":800,"height":800,"caption":"charge sans fil bmw magsafe"},{"@type":"BreadcrumbList","@id":"https:\/\/macote.fr\/produit\/support-iphone-ipad-magsafe-bmw-travel-comfort-fixation-siege-arriere\/#breadcrumb","itemListElement":[{"@type":"ListItem","position":1,"name":"Accueil","item":"https:\/\/macote.fr\/"},{"@type":"ListItem","position":2,"name":"Boutique","item":"https:\/\/macote.fr\/boutique\/"},{"@type":"ListItem","position":3,"name":"Support Iphone \/ Ipad MagSafe BMW Travel &#038; Comfort \u2013 Fixation si\u00e8ge arri\u00e8re"}]},{"@type":"WebSite","@id":"https:\/\/macote.fr\/#website","url":"https:\/\/macote.fr\/","name":"MyQuote.com","description":"Los mejores accesorios BMW","publisher":{"@id":"https:\/\/macote.fr\/#organization"},"alternateName":"BMW tuning","potentialAction":[{"@type":"SearchAction","target":{"@type":"EntryPoint","urlTemplate":"https:\/\/macote.fr\/?s={search_term_string}"},"query-input":{"@type":"PropertyValueSpecification","valueRequired":true,"valueName":"search_term_string"}}],"inLanguage":"es"},{"@type":"Organization","@id":"https:\/\/macote.fr\/#organization","name":"Macote.es","alternateName":"BMW tuning","url":"https:\/\/macote.fr\/","logo":{"@type":"ImageObject","inLanguage":"es","@id":"https:\/\/macote.fr\/#\/schema\/logo\/image\/","url":"https:\/\/macote.fr\/wp-content\/uploads\/2023\/11\/LOGO-macote.fr-dessin-bmw-noir-copy.jpg","contentUrl":"https:\/\/macote.fr\/wp-content\/uploads\/2023\/11\/LOGO-macote.fr-dessin-bmw-noir-copy.jpg","width":732,"height":456,"caption":"Macote.fr"},"image":{"@id":"https:\/\/macote.fr\/#\/schema\/logo\/image\/"},"sameAs":["https:\/\/www.facebook.com\/profile.php?id=100091476586119","https:\/\/www.youtube.com\/channel\/UCgO-YTbaxYO-w_C5GfL-_1w","https:\/\/www.tiktok.com\/@macote.fr?is_from_webapp=1&sender_device=pc","https:\/\/www.instagram.com\/i_xila_i\/"]}]}},"_links":{"self":[{"href":"https:\/\/macote.fr\/es\/wp-json\/wp\/v2\/product\/7061","targetHints":{"allow":["GET"]}}],"collection":[{"href":"https:\/\/macote.fr\/es\/wp-json\/wp\/v2\/product"}],"about":[{"href":"https:\/\/macote.fr\/es\/wp-json\/wp\/v2\/types\/product"}],"replies":[{"embeddable":true,"href":"https:\/\/macote.fr\/es\/wp-json\/wp\/v2\/comments?post=7061"}],"wp:featuredmedia":[{"embeddable":true,"href":"https:\/\/macote.fr\/es\/wp-json\/wp\/v2\/media\/7070"}],"wp:attachment":[{"href":"https:\/\/macote.fr\/es\/wp-json\/wp\/v2\/media?parent=7061"}],"wp:term":[{"taxonomy":"product_brand","embeddable":true,"href":"https:\/\/macote.fr\/es\/wp-json\/wp\/v2\/product_brand?post=7061"},{"taxonomy":"product_cat","embeddable":true,"href":"https:\/\/macote.fr\/es\/wp-json\/wp\/v2\/product_cat?post=7061"},{"taxonomy":"product_tag","embeddable":true,"href":"https:\/\/macote.fr\/es\/wp-json\/wp\/v2\/product_tag?post=7061"}],"curies":[{"name":"wp","href":"https:\/\/api.w.org\/{rel}","templated":true}]}}