{"id":7095,"date":"2025-12-02T22:58:50","date_gmt":"2025-12-02T21:58:50","guid":{"rendered":"https:\/\/macote.fr\/?post_type=product&#038;p=7095"},"modified":"2025-12-02T23:08:52","modified_gmt":"2025-12-02T22:08:52","slug":"colgador-coche-bmw-travel-comfort","status":"publish","type":"product","link":"https:\/\/macote.fr\/es\/producto\/colgador-coche-bmw-travel-comfort\/","title":{"rendered":"Percha BMW Travel &amp; Comfort"},"content":{"rendered":"<h1 style=\"text-align: center;\" data-start=\"123\" data-end=\"477\"><strong>Percha para coche BMW Travel &amp; Comfort - Compatible con reposacabezas universales e interfaz BMW T&amp;C<\/strong><\/h1>\n<p data-start=\"123\" data-end=\"477\"><br data-start=\"149\" data-end=\"152\" \/>Este colgador de coche premium de la <strong data-start=\"197\" data-end=\"221\">BMW Viaje y Confort<\/strong> le permite transportar sus chaquetas, abrigos y trajes sin que se arruguen, al tiempo que mantiene el interior perfectamente organizado. Su elegante dise\u00f1o en negro y plata, inspirado en las l\u00edneas de BMW, lo convierte en un atractivo complemento para cualquier interior moderno.<\/p>\n<p data-start=\"479\" data-end=\"528\">Este modelo se beneficia de un <strong data-start=\"514\" data-end=\"524\">2 en 1<\/strong> :<\/p>\n<ul data-start=\"529\" data-end=\"811\">\n<li data-start=\"529\" data-end=\"656\">\n<p data-start=\"531\" data-end=\"656\"><strong data-start=\"531\" data-end=\"553\">Percha ancha 45 cm<\/strong> para ropa y trajes, ideal para viajes de negocios, eventos o viajes largos.<\/p>\n<\/li>\n<li data-start=\"657\" data-end=\"811\">\n<p data-start=\"659\" data-end=\"811\"><strong data-start=\"659\" data-end=\"688\">Gancho para bolsas integrado<\/strong>, Se puede utilizar cuando se quita la percha, para colgar bolsos, peque\u00f1as bolsas de la compra o bolsos de mano sin que arrastren por el suelo.<\/p>\n<\/li>\n<\/ul>\n<p data-start=\"813\" data-end=\"893\">Gracias a su <strong data-start=\"825\" data-end=\"855\">doble sistema de fijaci\u00f3n<\/strong>, Se adapta a todos los veh\u00edculos:<\/p>\n<ol data-start=\"894\" data-end=\"1122\">\n<li data-start=\"894\" data-end=\"988\">\n<p data-start=\"897\" data-end=\"988\"><strong data-start=\"897\" data-end=\"921\">Adaptador universal<\/strong> para reposacabezas con varillas regulables (todas las marcas de autom\u00f3viles).<\/p>\n<\/li>\n<li data-start=\"989\" data-end=\"1122\">\n<p data-start=\"992\" data-end=\"1122\"><strong data-start=\"992\" data-end=\"1026\">Interfaz BMW Travel &amp; Comfort<\/strong> para un montaje plug-and-play en los BMW recientes equipados con el soporte integrado en el respaldo.<\/p>\n<\/li>\n<\/ol>\n<hr data-start=\"1124\" data-end=\"1127\" \/>\n<h2 data-start=\"1129\" data-end=\"1153\"><strong data-start=\"1129\" data-end=\"1151\">Caracter\u00edsticas :<\/strong><\/h2>\n<ul data-start=\"1154\" data-end=\"1550\">\n<li data-start=\"1154\" data-end=\"1187\">\n<p data-start=\"1156\" data-end=\"1187\">Anchura del manillar : <strong data-start=\"1176\" data-end=\"1185\">45 cm<\/strong><\/p>\n<\/li>\n<li data-start=\"1188\" data-end=\"1211\">\n<p data-start=\"1190\" data-end=\"1211\">Altura : <strong data-start=\"1200\" data-end=\"1209\">20 cm<\/strong><\/p>\n<\/li>\n<li data-start=\"1212\" data-end=\"1260\">\n<p data-start=\"1214\" data-end=\"1260\">Material: ABS reforzado + acabado cromado<\/p>\n<\/li>\n<li data-start=\"1261\" data-end=\"1292\">\n<p data-start=\"1263\" data-end=\"1292\">BMW Travel &amp; Comfort Design<\/p>\n<\/li>\n<li data-start=\"1293\" data-end=\"1371\">\n<p data-start=\"1295\" data-end=\"1371\">Sistema extra\u00edble para pasar del modo percha al modo gancho para bolsas<\/p>\n<\/li>\n<li data-start=\"1372\" data-end=\"1422\">\n<p data-start=\"1374\" data-end=\"1422\">Instalaci\u00f3n sin herramientas en segundos<\/p>\n<\/li>\n<li data-start=\"1423\" data-end=\"1479\">\n<p data-start=\"1425\" data-end=\"1479\">Sujeci\u00f3n estable, sin ruidos ni vibraciones al rodar<\/p>\n<\/li>\n<li data-start=\"1480\" data-end=\"1550\">\n<p data-start=\"1482\" data-end=\"1550\">Forma ergon\u00f3mica para preservar la estructura de chaquetas y trajes<\/p>\n<\/li>\n<\/ul>\n<hr data-start=\"1552\" data-end=\"1555\" \/>\n<h2 data-start=\"1557\" data-end=\"1574\"><strong data-start=\"1557\" data-end=\"1572\">Ventajas :<\/strong><\/h2>\n<ul data-start=\"1575\" data-end=\"1929\">\n<li data-start=\"1575\" data-end=\"1636\">\n<p data-start=\"1577\" data-end=\"1636\"><strong data-start=\"1577\" data-end=\"1612\">Ropa protegida y sin arrugas<\/strong>, incluso en viajes largos<\/p>\n<\/li>\n<li data-start=\"1637\" data-end=\"1672\">\n<p data-start=\"1639\" data-end=\"1672\"><strong data-start=\"1639\" data-end=\"1670\">Interior limpio y ordenado<\/strong><\/p>\n<\/li>\n<li data-start=\"1673\" data-end=\"1724\">\n<p data-start=\"1675\" data-end=\"1724\"><strong data-start=\"1675\" data-end=\"1695\">Montaje robusto<\/strong> inspirado en los est\u00e1ndares de BMW<\/p>\n<\/li>\n<li data-start=\"1725\" data-end=\"1766\">\n<p data-start=\"1727\" data-end=\"1766\"><strong data-start=\"1727\" data-end=\"1741\">Vers\u00e1til<\/strong> percha + gancho para bolsas<\/p>\n<\/li>\n<li data-start=\"1767\" data-end=\"1835\">\n<p data-start=\"1769\" data-end=\"1835\"><strong data-start=\"1769\" data-end=\"1795\">M\u00e1xima compatibilidad<\/strong> mediante el adaptador universal suministrado<\/p>\n<\/li>\n<li data-start=\"1836\" data-end=\"1929\">\n<p data-start=\"1838\" data-end=\"1929\"><strong data-start=\"1838\" data-end=\"1860\">Est\u00e9tica premium<\/strong> se adapta perfectamente a los interiores de BMW, Mercedes, Audi, Lexus, etc.<\/p>\n<\/li>\n<\/ul>\n<hr data-start=\"1931\" data-end=\"1934\" \/>\n<h2 data-start=\"1936\" data-end=\"1955\"><strong data-start=\"1936\" data-end=\"1955\">Compatibilidad :<\/strong><\/h2>\n<h3 data-start=\"1957\" data-end=\"2087\"><strong data-start=\"1957\" data-end=\"2000\">1. Con adaptador universal (incluido) :<\/strong><\/h3>\n<p data-start=\"1957\" data-end=\"2087\"><br data-start=\"2000\" data-end=\"2003\" \/>Compatible con todos los coches equipados con reposacabezas con <strong data-start=\"2064\" data-end=\"2083\">barras ajustables<\/strong> :<\/p>\n<ul data-start=\"2088\" data-end=\"2250\">\n<li data-start=\"2088\" data-end=\"2110\">\n<p data-start=\"2090\" data-end=\"2110\">BMW (todos los modelos), Mercedes, Audi, Volkswagen, Toyota, Lexus, Ford, Hyundai, Kia, Peugeot, Renault, Citro\u00ebn<br data-start=\"2223\" data-end=\"2226\" \/>... y cualquier otra marca.<\/p>\n<\/li>\n<\/ul>\n<h3 data-start=\"2252\" data-end=\"2414\"><strong data-start=\"2252\" data-end=\"2303\">2. Compatibilidad directa con BMW Travel &amp; Comfort :<\/strong><\/h3>\n<p data-start=\"2252\" data-end=\"2414\"><br data-start=\"2303\" data-end=\"2306\" \/>Se acopla directamente a la interfaz de T&amp;C integrada (sin necesidad de adaptador adicional) en los siguientes modelos:<\/p>\n<ul data-start=\"2415\" data-end=\"2635\">\n<li data-start=\"2415\" data-end=\"2443\">\n<p data-start=\"2417\" data-end=\"2443\"><strong data-start=\"2417\" data-end=\"2441\">BMW Serie 7 i7 (G70)<\/strong><\/p>\n<\/li>\n<li data-start=\"2444\" data-end=\"2472\">\n<p data-start=\"2446\" data-end=\"2472\"><strong data-start=\"2446\" data-end=\"2470\">BMW Serie 5 i5 (G60)<\/strong><\/p>\n<\/li>\n<li data-start=\"2473\" data-end=\"2502\">\n<p data-start=\"2475\" data-end=\"2502\"><strong data-start=\"2475\" data-end=\"2500\">BMW X5 \/ X6 (G05\/G06)<\/strong><\/p>\n<\/li>\n<li data-start=\"2503\" data-end=\"2541\">\n<p data-start=\"2505\" data-end=\"2541\"><strong data-start=\"2505\" data-end=\"2539\">BMW X3 (G01 LCI seg\u00fan opciones)<\/strong><\/p>\n<\/li>\n<li data-start=\"2542\" data-end=\"2562\">\n<p data-start=\"2544\" data-end=\"2562\"><strong data-start=\"2544\" data-end=\"2560\">BMW iX (I20)<\/strong><\/p>\n<\/li>\n<li data-start=\"2563\" data-end=\"2635\">\n<p data-start=\"2565\" data-end=\"2635\">Y todos los modelos BMW recientes equipados con el soporte oficial T&amp;C.<\/p>\n<\/li>\n<\/ul>\n<hr data-start=\"2637\" data-end=\"2640\" \/>\n<h2 data-start=\"2642\" data-end=\"2661\"><strong data-start=\"2642\" data-end=\"2659\">Caso pr\u00e1ctico :<\/strong><\/h2>\n<ul data-start=\"2662\" data-end=\"3049\">\n<li data-start=\"2662\" data-end=\"2715\">\n<p data-start=\"2664\" data-end=\"2715\">Desplazamientos en traje de negocios<\/p>\n<\/li>\n<li data-start=\"2716\" data-end=\"2768\">\n<p data-start=\"2718\" data-end=\"2768\">Viaje de negocios con traje o sastre<\/p>\n<\/li>\n<li data-start=\"2769\" data-end=\"2835\">\n<p data-start=\"2771\" data-end=\"2835\">Viajes o fines de semana que requieran vestimenta formal<\/p>\n<\/li>\n<li data-start=\"2836\" data-end=\"2909\">\n<p data-start=\"2838\" data-end=\"2909\">Mantener las bolsas y efectos personales alejados del suelo en el uso diario<\/p>\n<\/li>\n<li data-start=\"2910\" data-end=\"2982\">\n<p data-start=\"2912\" data-end=\"2982\">Conductores privados \/ VTC que buscan ofrecer un servicio de alta gama<\/p>\n<\/li>\n<li data-start=\"2983\" data-end=\"3049\">\n<p data-start=\"2985\" data-end=\"3049\">Propietarios de BMW que deseen completar la gama Travel &amp; Comfort<\/p>\n<\/li>\n<\/ul>\n<hr data-start=\"3051\" data-end=\"3054\" \/>\n<h2 data-start=\"3056\" data-end=\"3075\"><strong data-start=\"3056\" data-end=\"3073\">Modo de empleo :<\/strong><\/h2>\n<ol data-start=\"3076\" data-end=\"3389\">\n<li data-start=\"3076\" data-end=\"3188\">\n<p data-start=\"3079\" data-end=\"3188\">Fije el adaptador universal a las varillas del reposacabezas (o eng\u00e1nchelo directamente a BMW Travel &amp; Comfort).<\/p>\n<\/li>\n<li data-start=\"3189\" data-end=\"3243\">\n<p data-start=\"3192\" data-end=\"3243\">Introduzca el manillar en el soporte hasta que encaje.<\/p>\n<\/li>\n<li data-start=\"3244\" data-end=\"3306\">\n<p data-start=\"3247\" data-end=\"3306\">Cuelgue una chaqueta o un traje directamente detr\u00e1s del asiento.<\/p>\n<\/li>\n<li data-start=\"3307\" data-end=\"3389\">\n<p data-start=\"3310\" data-end=\"3389\">Para cambiar a <strong data-start=\"3330\" data-end=\"3343\">soporte para bolsas<\/strong>, Retira la percha y utiliza la base sola.<\/p>\n<\/li>\n<\/ol>","protected":false},"excerpt":{"rendered":"<p>Percha de coche premium compatible con todos los reposacabezas ajustables y con el <strong data-start=\"120\" data-end=\"144\">BMW Viaje y Confort<\/strong>. Su dise\u00f1o de 46 cm de ancho sujeta chaquetas, trajes y abrigos sin arrugarlos. El m\u00f3dulo puede extraerse para convertirse en <strong data-start=\"266\" data-end=\"287\">gancho para bolsa<\/strong>, Pr\u00e1ctico para el uso diario. Instalaci\u00f3n r\u00e1pida, fijaci\u00f3n estable y un aspecto moderno a juego con los interiores de BMW. Ideal para mantener limpio el interior y llevar la ropa en perfectas condiciones en cada viaje.<\/p>","protected":false},"featured_media":7104,"comment_status":"open","ping_status":"closed","template":"","meta":{"_eb_attr":""},"product_brand":[],"product_cat":[262,66],"product_tag":[],"class_list":{"0":"post-7095","1":"product","2":"type-product","3":"status-publish","4":"has-post-thumbnail","6":"product_cat-bmw-accessoires-universels","7":"product_cat-modifications-interieurs","9":"first","10":"instock","11":"taxable","12":"shipping-taxable","13":"purchasable","14":"product-type-simple"},"yoast_head":"<!-- This site is optimized with the Yoast SEO Premium plugin v20.7 (Yoast SEO v27.4) - https:\/\/yoast.com\/product\/yoast-seo-premium-wordpress\/ -->\n<title>Cintre de Voiture BMW Travel &amp; Comfort - MaCote.fr<\/title>\n<meta name=\"robots\" content=\"index, follow, max-snippet:-1, max-image-preview:large, max-video-preview:-1\" \/>\n<link rel=\"canonical\" href=\"https:\/\/macote.fr\/es\/producto\/colgador-coche-bmw-travel-comfort\/\" \/>\n<meta property=\"og:locale\" content=\"es_ES\" \/>\n<meta property=\"og:type\" content=\"article\" \/>\n<meta property=\"og:title\" content=\"Cintre de Voiture BMW Travel &amp; Comfort\" \/>\n<meta property=\"og:description\" content=\"Cintre de voiture premium compatible avec tous les appuie-t\u00eates r\u00e9glables et avec le syst\u00e8me BMW Travel &amp; Comfort. Son design large de 46 cm maintient vestes, costumes et manteaux sans les froisser. Le module se retire pour devenir un crochet porte-sac, pratique au quotidien. Installation rapide, fixation stable et esth\u00e9tique moderne assortie aux int\u00e9rieurs BMW. Id\u00e9al pour garder un habitacle propre et transporter ses v\u00eatements en parfait \u00e9tat lors de chaque trajet.\" \/>\n<meta property=\"og:url\" content=\"https:\/\/macote.fr\/es\/producto\/colgador-coche-bmw-travel-comfort\/\" \/>\n<meta property=\"og:site_name\" content=\"MaCote.fr\" \/>\n<meta property=\"article:publisher\" content=\"https:\/\/www.facebook.com\/profile.php?id=100091476586119\" \/>\n<meta property=\"article:modified_time\" content=\"2025-12-02T22:08:52+00:00\" \/>\n<meta property=\"og:image\" content=\"https:\/\/macote.fr\/wp-content\/uploads\/2025\/12\/Cintre-universel-pour-voiture.jpg\" \/>\n\t<meta property=\"og:image:width\" content=\"800\" \/>\n\t<meta property=\"og:image:height\" content=\"800\" \/>\n\t<meta property=\"og:image:type\" content=\"image\/jpeg\" \/>\n<meta name=\"twitter:card\" content=\"summary_large_image\" \/>\n<meta name=\"twitter:label1\" content=\"Tiempo de lectura\" \/>\n\t<meta name=\"twitter:data1\" content=\"3 minutos\" \/>\n<script type=\"application\/ld+json\" class=\"yoast-schema-graph\">{\"@context\":\"https:\\\/\\\/schema.org\",\"@graph\":[{\"@type\":\"WebPage\",\"@id\":\"https:\\\/\\\/macote.fr\\\/produit\\\/cintre-de-voiture-bmw-travel-comfort\\\/\",\"url\":\"https:\\\/\\\/macote.fr\\\/produit\\\/cintre-de-voiture-bmw-travel-comfort\\\/\",\"name\":\"Cintre de Voiture BMW Travel & Comfort - MaCote.fr\",\"isPartOf\":{\"@id\":\"https:\\\/\\\/macote.fr\\\/#website\"},\"primaryImageOfPage\":{\"@id\":\"https:\\\/\\\/macote.fr\\\/produit\\\/cintre-de-voiture-bmw-travel-comfort\\\/#primaryimage\"},\"image\":{\"@id\":\"https:\\\/\\\/macote.fr\\\/produit\\\/cintre-de-voiture-bmw-travel-comfort\\\/#primaryimage\"},\"thumbnailUrl\":\"https:\\\/\\\/macote.fr\\\/wp-content\\\/uploads\\\/2025\\\/12\\\/Cintre-universel-pour-voiture.jpg\",\"datePublished\":\"2025-12-02T21:58:50+00:00\",\"dateModified\":\"2025-12-02T22:08:52+00:00\",\"breadcrumb\":{\"@id\":\"https:\\\/\\\/macote.fr\\\/produit\\\/cintre-de-voiture-bmw-travel-comfort\\\/#breadcrumb\"},\"inLanguage\":\"es\",\"potentialAction\":[{\"@type\":\"ReadAction\",\"target\":[\"https:\\\/\\\/macote.fr\\\/produit\\\/cintre-de-voiture-bmw-travel-comfort\\\/\"]}]},{\"@type\":\"ImageObject\",\"inLanguage\":\"es\",\"@id\":\"https:\\\/\\\/macote.fr\\\/produit\\\/cintre-de-voiture-bmw-travel-comfort\\\/#primaryimage\",\"url\":\"https:\\\/\\\/macote.fr\\\/wp-content\\\/uploads\\\/2025\\\/12\\\/Cintre-universel-pour-voiture.jpg\",\"contentUrl\":\"https:\\\/\\\/macote.fr\\\/wp-content\\\/uploads\\\/2025\\\/12\\\/Cintre-universel-pour-voiture.jpg\",\"width\":800,\"height\":800,\"caption\":\"Cintre universel pour voiture\"},{\"@type\":\"BreadcrumbList\",\"@id\":\"https:\\\/\\\/macote.fr\\\/produit\\\/cintre-de-voiture-bmw-travel-comfort\\\/#breadcrumb\",\"itemListElement\":[{\"@type\":\"ListItem\",\"position\":1,\"name\":\"Accueil\",\"item\":\"https:\\\/\\\/macote.fr\\\/\"},{\"@type\":\"ListItem\",\"position\":2,\"name\":\"Boutique\",\"item\":\"https:\\\/\\\/macote.fr\\\/boutique\\\/\"},{\"@type\":\"ListItem\",\"position\":3,\"name\":\"Cintre de Voiture BMW Travel &#038; Comfort\"}]},{\"@type\":\"WebSite\",\"@id\":\"https:\\\/\\\/macote.fr\\\/#website\",\"url\":\"https:\\\/\\\/macote.fr\\\/\",\"name\":\"MaCote.fr\",\"description\":\"BMW best accessories\",\"publisher\":{\"@id\":\"https:\\\/\\\/macote.fr\\\/#organization\"},\"alternateName\":\"BMW tuning\",\"potentialAction\":[{\"@type\":\"SearchAction\",\"target\":{\"@type\":\"EntryPoint\",\"urlTemplate\":\"https:\\\/\\\/macote.fr\\\/?s={search_term_string}\"},\"query-input\":{\"@type\":\"PropertyValueSpecification\",\"valueRequired\":true,\"valueName\":\"search_term_string\"}}],\"inLanguage\":\"es\"},{\"@type\":\"Organization\",\"@id\":\"https:\\\/\\\/macote.fr\\\/#organization\",\"name\":\"Macote.fr\",\"alternateName\":\"BMW tuning\",\"url\":\"https:\\\/\\\/macote.fr\\\/\",\"logo\":{\"@type\":\"ImageObject\",\"inLanguage\":\"es\",\"@id\":\"https:\\\/\\\/macote.fr\\\/#\\\/schema\\\/logo\\\/image\\\/\",\"url\":\"https:\\\/\\\/macote.fr\\\/wp-content\\\/uploads\\\/2023\\\/11\\\/LOGO-macote.fr-dessin-bmw-noir-copy.jpg\",\"contentUrl\":\"https:\\\/\\\/macote.fr\\\/wp-content\\\/uploads\\\/2023\\\/11\\\/LOGO-macote.fr-dessin-bmw-noir-copy.jpg\",\"width\":732,\"height\":456,\"caption\":\"Macote.fr\"},\"image\":{\"@id\":\"https:\\\/\\\/macote.fr\\\/#\\\/schema\\\/logo\\\/image\\\/\"},\"sameAs\":[\"https:\\\/\\\/www.facebook.com\\\/profile.php?id=100091476586119\",\"https:\\\/\\\/www.youtube.com\\\/channel\\\/UCgO-YTbaxYO-w_C5GfL-_1w\",\"https:\\\/\\\/www.tiktok.com\\\/@macote.fr?is_from_webapp=1&sender_device=pc\",\"https:\\\/\\\/www.instagram.com\\\/i_xila_i\\\/\"]}]}<\/script>\n<!-- \/ Yoast SEO Premium plugin. -->","yoast_head_json":{"title":"Percha BMW Travel &amp; Comfort - MaCote.fr","robots":{"index":"index","follow":"follow","max-snippet":"max-snippet:-1","max-image-preview":"max-image-preview:large","max-video-preview":"max-video-preview:-1"},"canonical":"https:\/\/macote.fr\/es\/producto\/colgador-coche-bmw-travel-comfort\/","og_locale":"es_ES","og_type":"article","og_title":"Cintre de Voiture BMW Travel & Comfort","og_description":"Cintre de voiture premium compatible avec tous les appuie-t\u00eates r\u00e9glables et avec le syst\u00e8me BMW Travel &amp; Comfort. Son design large de 46 cm maintient vestes, costumes et manteaux sans les froisser. Le module se retire pour devenir un crochet porte-sac, pratique au quotidien. Installation rapide, fixation stable et esth\u00e9tique moderne assortie aux int\u00e9rieurs BMW. Id\u00e9al pour garder un habitacle propre et transporter ses v\u00eatements en parfait \u00e9tat lors de chaque trajet.","og_url":"https:\/\/macote.fr\/es\/producto\/colgador-coche-bmw-travel-comfort\/","og_site_name":"MaCote.fr","article_publisher":"https:\/\/www.facebook.com\/profile.php?id=100091476586119","article_modified_time":"2025-12-02T22:08:52+00:00","og_image":[{"width":800,"height":800,"url":"https:\/\/macote.fr\/wp-content\/uploads\/2025\/12\/Cintre-universel-pour-voiture.jpg","type":"image\/jpeg"}],"twitter_card":"summary_large_image","twitter_misc":{"Tiempo de lectura":"3 minutos"},"schema":{"@context":"https:\/\/schema.org","@graph":[{"@type":"WebPage","@id":"https:\/\/macote.fr\/produit\/cintre-de-voiture-bmw-travel-comfort\/","url":"https:\/\/macote.fr\/produit\/cintre-de-voiture-bmw-travel-comfort\/","name":"Percha BMW Travel &amp; Comfort - MaCote.fr","isPartOf":{"@id":"https:\/\/macote.fr\/#website"},"primaryImageOfPage":{"@id":"https:\/\/macote.fr\/produit\/cintre-de-voiture-bmw-travel-comfort\/#primaryimage"},"image":{"@id":"https:\/\/macote.fr\/produit\/cintre-de-voiture-bmw-travel-comfort\/#primaryimage"},"thumbnailUrl":"https:\/\/macote.fr\/wp-content\/uploads\/2025\/12\/Cintre-universel-pour-voiture.jpg","datePublished":"2025-12-02T21:58:50+00:00","dateModified":"2025-12-02T22:08:52+00:00","breadcrumb":{"@id":"https:\/\/macote.fr\/produit\/cintre-de-voiture-bmw-travel-comfort\/#breadcrumb"},"inLanguage":"es","potentialAction":[{"@type":"ReadAction","target":["https:\/\/macote.fr\/produit\/cintre-de-voiture-bmw-travel-comfort\/"]}]},{"@type":"ImageObject","inLanguage":"es","@id":"https:\/\/macote.fr\/produit\/cintre-de-voiture-bmw-travel-comfort\/#primaryimage","url":"https:\/\/macote.fr\/wp-content\/uploads\/2025\/12\/Cintre-universel-pour-voiture.jpg","contentUrl":"https:\/\/macote.fr\/wp-content\/uploads\/2025\/12\/Cintre-universel-pour-voiture.jpg","width":800,"height":800,"caption":"Cintre universel pour voiture"},{"@type":"BreadcrumbList","@id":"https:\/\/macote.fr\/produit\/cintre-de-voiture-bmw-travel-comfort\/#breadcrumb","itemListElement":[{"@type":"ListItem","position":1,"name":"Accueil","item":"https:\/\/macote.fr\/"},{"@type":"ListItem","position":2,"name":"Boutique","item":"https:\/\/macote.fr\/boutique\/"},{"@type":"ListItem","position":3,"name":"Cintre de Voiture BMW Travel &#038; Comfort"}]},{"@type":"WebSite","@id":"https:\/\/macote.fr\/#website","url":"https:\/\/macote.fr\/","name":"MyQuote.com","description":"Los mejores accesorios BMW","publisher":{"@id":"https:\/\/macote.fr\/#organization"},"alternateName":"BMW tuning","potentialAction":[{"@type":"SearchAction","target":{"@type":"EntryPoint","urlTemplate":"https:\/\/macote.fr\/?s={search_term_string}"},"query-input":{"@type":"PropertyValueSpecification","valueRequired":true,"valueName":"search_term_string"}}],"inLanguage":"es"},{"@type":"Organization","@id":"https:\/\/macote.fr\/#organization","name":"Macote.es","alternateName":"BMW tuning","url":"https:\/\/macote.fr\/","logo":{"@type":"ImageObject","inLanguage":"es","@id":"https:\/\/macote.fr\/#\/schema\/logo\/image\/","url":"https:\/\/macote.fr\/wp-content\/uploads\/2023\/11\/LOGO-macote.fr-dessin-bmw-noir-copy.jpg","contentUrl":"https:\/\/macote.fr\/wp-content\/uploads\/2023\/11\/LOGO-macote.fr-dessin-bmw-noir-copy.jpg","width":732,"height":456,"caption":"Macote.fr"},"image":{"@id":"https:\/\/macote.fr\/#\/schema\/logo\/image\/"},"sameAs":["https:\/\/www.facebook.com\/profile.php?id=100091476586119","https:\/\/www.youtube.com\/channel\/UCgO-YTbaxYO-w_C5GfL-_1w","https:\/\/www.tiktok.com\/@macote.fr?is_from_webapp=1&sender_device=pc","https:\/\/www.instagram.com\/i_xila_i\/"]}]}},"_links":{"self":[{"href":"https:\/\/macote.fr\/es\/wp-json\/wp\/v2\/product\/7095","targetHints":{"allow":["GET"]}}],"collection":[{"href":"https:\/\/macote.fr\/es\/wp-json\/wp\/v2\/product"}],"about":[{"href":"https:\/\/macote.fr\/es\/wp-json\/wp\/v2\/types\/product"}],"replies":[{"embeddable":true,"href":"https:\/\/macote.fr\/es\/wp-json\/wp\/v2\/comments?post=7095"}],"wp:featuredmedia":[{"embeddable":true,"href":"https:\/\/macote.fr\/es\/wp-json\/wp\/v2\/media\/7104"}],"wp:attachment":[{"href":"https:\/\/macote.fr\/es\/wp-json\/wp\/v2\/media?parent=7095"}],"wp:term":[{"taxonomy":"product_brand","embeddable":true,"href":"https:\/\/macote.fr\/es\/wp-json\/wp\/v2\/product_brand?post=7095"},{"taxonomy":"product_cat","embeddable":true,"href":"https:\/\/macote.fr\/es\/wp-json\/wp\/v2\/product_cat?post=7095"},{"taxonomy":"product_tag","embeddable":true,"href":"https:\/\/macote.fr\/es\/wp-json\/wp\/v2\/product_tag?post=7095"}],"curies":[{"name":"wp","href":"https:\/\/api.w.org\/{rel}","templated":true}]}}