{"id":7162,"date":"2025-12-21T19:38:40","date_gmt":"2025-12-21T18:38:40","guid":{"rendered":"https:\/\/macote.fr\/?post_type=product&#038;p=7162"},"modified":"2025-12-22T14:29:19","modified_gmt":"2025-12-22T13:29:19","slug":"placas-de-refuerzo-soporte-amortiguador-trasero-bmw-e30-e36-e46-z3-z4","status":"publish","type":"product","link":"https:\/\/macote.fr\/es\/producto\/placas-de-refuerzo-soporte-amortiguador-trasero-bmw-e30-e36-e46-z3-z4\/","title":{"rendered":"Placas de refuerzo soporte amortiguador trasero BMW E30 \/ E36 \/ E46 \/ Z3 \/ Z4"},"content":{"rendered":"<h1 style=\"text-align: center;\" data-start=\"227\" data-end=\"313\">Placas de refuerzo del soporte del amortiguador trasero BMW<\/h1>\n<p data-start=\"263\" data-end=\"603\">Las torres de los amortiguadores traseros de los BMW E30, E36 y E46 presentan una debilidad estructural bien conocida. Con el tiempo, las tensiones y los impactos repetidos pueden provocar deformaciones o incluso desgarros de la chapa, sobre todo en veh\u00edculos equipados con suspensi\u00f3n deportiva o sometidos a una conducci\u00f3n din\u00e1mica.<\/p>\n<p data-start=\"605\" data-end=\"1033\">En un BMW E46, una deformaci\u00f3n o rotura del chasis en esta zona es especialmente cr\u00edtica: compromete la conexi\u00f3n al suelo, la alineaci\u00f3n del eje trasero y la integridad estructural del veh\u00edculo, lo que puede provocar una p\u00e9rdida inesperada de adherencia y un manejo inestable. En los casos m\u00e1s graves, las reparaciones necesarias pueden superar r\u00e1pidamente el valor del veh\u00edculo.<\/p>\n<p data-start=\"1035\" data-end=\"1295\">Estas placas de refuerzo de aluminio mecanizado CNC se colocan sobre los soportes de los amortiguadores traseros para repartir las fuerzas sobre un \u00e1rea m\u00e1s amplia y proteger eficazmente la carrocer\u00eda contra el agrietamiento o el desgarro del soporte.<\/p>\n<p data-start=\"1297\" data-end=\"1555\">Es una soluci\u00f3n de fiabilidad preventiva esencial, ideal cuando se sustituyen amortiguadores o cuando se mejora el chasis, lo que permite preservar la estructura y la adherencia del veh\u00edculo a largo plazo.<\/p>\n<p data-start=\"1297\" data-end=\"1555\"><strong>Gu\u00eda de instalaci\u00f3n :<\/strong> <a href=\"https:\/\/macote.fr\/es\/por-que-reforzar-el-chasis-de-su-bmw-e30-e36-e46-z3-z4\/\"><strong>https:\/\/macote.fr\/pourquoi-renforcer-le-chassis-de-sa-bmw-e30-e36-e46-z3-z4\/<\/strong><\/a><\/p>\n<hr data-start=\"1085\" data-end=\"1088\" \/>\n<h3 data-start=\"1090\" data-end=\"1117\">Compatibilidad con veh\u00edculos<\/h3>\n<p data-start=\"1118\" data-end=\"1174\">\u2714\ufe0f <strong data-start=\"1121\" data-end=\"1140\">BMW Serie 3 E30<\/strong> (1986-1991)<br data-start=\"1152\" data-end=\"1155\" \/>- 318 \/ 323 \/ 325<\/p>\n<p data-start=\"1176\" data-end=\"1243\">\u2714\ufe0f <strong data-start=\"1179\" data-end=\"1198\">BMW Serie 3 E36<\/strong> (1992-1999)<br data-start=\"1210\" data-end=\"1213\" \/>- 318 \/ 323 \/ 325 \/ 328 \/ M3<\/p>\n<p data-start=\"1245\" data-end=\"1342\">\u2714\ufe0f <strong data-start=\"1248\" data-end=\"1267\">BMW Serie 3 E46<\/strong> (1999-2006)<br data-start=\"1279\" data-end=\"1282\" \/>- 323 \/ 325 \/ 328 \/ 330 \/ M3<br data-start=\"1310\" data-end=\"1313\" \/>\u26a0\ufe0f <em data-start=\"1316\" data-end=\"1342\">No compatible con convertibles<\/em><\/p>\n<p data-start=\"1344\" data-end=\"1405\">\u2714\ufe0f <strong data-start=\"1347\" data-end=\"1363\">BMW Z3 E36\/7<\/strong>\u00a0(1996-2003)<br data-start=\"1375\" data-end=\"1378\" \/>- 2.0 \/ 2.3 \/ 2.5 \/ 3.0 L<\/p>\n<p data-start=\"1407\" data-end=\"1493\">\u2714\ufe0f <strong data-start=\"1410\" data-end=\"1424\">BMW Z4 E85<\/strong>\u00a0(2003-2008)<br data-start=\"1436\" data-end=\"1439\" \/>- 2.5 \/ 3.0 L<br data-start=\"1452\" data-end=\"1455\" \/>\u26a0\ufe0f <em data-start=\"1458\" data-end=\"1493\">No compatible con versiones cabriolet<\/em><\/p>\n<h3 data-start=\"1500\" data-end=\"1533\">Puntos importantes<\/h3>\n<p data-start=\"1534\" data-end=\"1905\">En algunos BMW E30 M3, la f\u00e1brica ha aplicado una cantidad significativa de sellador alrededor de la zona de fijaci\u00f3n superior del amortiguador trasero.<br data-start=\"1703\" data-end=\"1706\" \/>\u27a1\ufe0f Esto puede impedir que la placa de refuerzo quede perfectamente plana.<br data-start=\"1780\" data-end=\"1783\" \/>\u27a1\ufe0f Pueden ser necesarios ligeros ajustes para cumplir con las tolerancias de fabricaci\u00f3n espec\u00edficas de este modelo.<\/p>\n<h3 data-start=\"1912\" data-end=\"1925\">Beneficios<\/h3>\n<ul data-start=\"1926\" data-end=\"2183\">\n<li data-start=\"1926\" data-end=\"1983\">\n<p data-start=\"1928\" data-end=\"1983\">Prevenci\u00f3n de grietas y roturas en la chapa met\u00e1lica<\/p>\n<\/li>\n<li data-start=\"1984\" data-end=\"2022\">\n<p data-start=\"1986\" data-end=\"2022\">Protecci\u00f3n duradera del chasis<\/p>\n<\/li>\n<li data-start=\"2023\" data-end=\"2064\">\n<p data-start=\"2025\" data-end=\"2064\">Distribuci\u00f3n \u00f3ptima de la tensi\u00f3n<\/p>\n<\/li>\n<li data-start=\"2065\" data-end=\"2135\">\n<p data-start=\"2067\" data-end=\"2135\">Una soluci\u00f3n sencilla y eficaz para sustituir los amortiguadores<\/p>\n<\/li>\n<li data-start=\"2136\" data-end=\"2183\">\n<p data-start=\"2138\" data-end=\"2183\">Compatible con carretera deportiva \/ uso intensivo<\/p>\n<\/li>\n<\/ul>\n<h3 data-start=\"2190\" data-end=\"2221\">Especificaciones t\u00e9cnicas<\/h3>\n<ul data-start=\"2222\" data-end=\"2560\">\n<li data-start=\"2222\" data-end=\"2284\">\n<p data-start=\"2224\" data-end=\"2284\">Tipo: placas de refuerzo del soporte del amortiguador trasero<\/p>\n<\/li>\n<li data-start=\"2285\" data-end=\"2325\">\n<p data-start=\"2287\" data-end=\"2325\">Posici\u00f3n: trasera (izquierda + derecha)<\/p>\n<\/li>\n<li data-start=\"2326\" data-end=\"2367\">\n<p data-start=\"2328\" data-end=\"2367\">Material: aluminio de alta resistencia<\/p>\n<\/li>\n<li data-start=\"2368\" data-end=\"2413\">\n<p data-start=\"2370\" data-end=\"2413\">Fabricaci\u00f3n: mecanizado CNC de alta precisi\u00f3n<\/p>\n<\/li>\n<li data-start=\"2414\" data-end=\"2444\">\n<p data-start=\"2416\" data-end=\"2444\">Acabado: aluminio esmerilado<\/p>\n<\/li>\n<li data-start=\"2445\" data-end=\"2498\">\n<p data-start=\"2447\" data-end=\"2498\">Montaje: atornillado (montaje\/desmontaje r\u00e1pido)<\/p>\n<\/li>\n<li data-start=\"2499\" data-end=\"2514\">\n<p data-start=\"2501\" data-end=\"2514\">Estado: nuevo<\/p>\n<\/li>\n<li data-start=\"2515\" data-end=\"2560\">\n<p data-start=\"2517\" data-end=\"2560\">N\u00famero de pieza equivalente OEM : <strong data-start=\"2545\" data-end=\"2560\">33526772864<\/strong><\/p>\n<\/li>\n<\/ul>\n<h3 data-start=\"2567\" data-end=\"2585\">Contenido del kit<\/h3>\n<ul data-start=\"2586\" data-end=\"2642\">\n<li data-start=\"2586\" data-end=\"2642\">\n<p data-start=\"2588\" data-end=\"2642\"><strong data-start=\"2591\" data-end=\"2624\">1 par de placas de refuerzo<\/strong> (izquierda + derecha)<\/p>\n<\/li>\n<\/ul>\n<h3 data-start=\"2649\" data-end=\"2678\">Recomendaci\u00f3n de montaje<\/h3>\n<p data-start=\"2679\" data-end=\"2815\">Es aconsejable aplicar un <strong data-start=\"2712\" data-end=\"2737\">gota de fijador de roscas<\/strong> en los dos tornillos de fijaci\u00f3n para evitar que se aflojen con el tiempo.<\/p>","protected":false},"excerpt":{"rendered":"<p data-start=\"90\" data-end=\"455\">Torres de amortiguador traseras BMW <strong data-start=\"130\" data-end=\"149\">E30, E36 y E46<\/strong> tienen una debilidad estructural conocida que, con el tiempo, puede conducir al desarrollo de <strong data-start=\"233\" data-end=\"276\">deformaci\u00f3n o desgarro de la chapa<\/strong>. En un <strong data-start=\"286\" data-end=\"293\">E46<\/strong>, Este tipo de da\u00f1o es especialmente grave porque compromete el <strong data-start=\"361\" data-end=\"379\">enlace terrestre<\/strong> y el\u2019<strong data-start=\"385\" data-end=\"409\">integridad del chasis<\/strong>, Las reparaciones suelen ser muy costosas.<\/p>\n<p data-start=\"457\" data-end=\"794\" data-is-last-node=\"\" data-is-only-node=\"\">Estos <strong data-start=\"461\" data-end=\"506\">Placas de refuerzo de aluminio mecanizadas mediante CNC<\/strong> se montan encima de los soportes del amortiguador trasero con el fin de <strong data-start=\"571\" data-end=\"599\">distribuir las restricciones<\/strong>, <strong data-start=\"601\" data-end=\"623\">proteger la caja<\/strong> y <strong data-start=\"627\" data-end=\"664\">prevenci\u00f3n de grietas a largo plazo<\/strong>. Una soluci\u00f3n de fiabilidad sencilla y esencial cuando se sustituyen amortiguadores o se actualiza el chasis.<\/p>","protected":false},"featured_media":7165,"comment_status":"open","ping_status":"closed","template":"","meta":{"_eb_attr":""},"product_brand":[],"product_cat":[132,145,146,147,281,69],"product_tag":[],"class_list":{"0":"post-7162","1":"product","2":"type-product","3":"status-publish","4":"has-post-thumbnail","6":"product_cat-bmw-serie-3","7":"product_cat-bmw-serie-3-e30","8":"product_cat-bmw-serie-3-e36","9":"product_cat-bmw-serie-3-e46","10":"product_cat-chassis","11":"product_cat-modification-de-performance","13":"first","14":"instock","15":"taxable","16":"shipping-taxable","17":"purchasable","18":"product-type-simple"},"yoast_head":"<!-- This site is optimized with the Yoast SEO Premium plugin v20.7 (Yoast SEO v27.3) - https:\/\/yoast.com\/product\/yoast-seo-premium-wordpress\/ -->\n<title>Plaques de renfort de support d\u2019amortisseur arri\u00e8re BMW E30 \/ E36 \/ E46 \/ Z3 \/ Z4 - MaCote.fr<\/title>\n<meta name=\"robots\" content=\"index, follow, max-snippet:-1, max-image-preview:large, max-video-preview:-1\" \/>\n<link rel=\"canonical\" href=\"https:\/\/macote.fr\/es\/producto\/placas-de-refuerzo-soporte-amortiguador-trasero-bmw-e30-e36-e46-z3-z4\/\" \/>\n<meta property=\"og:locale\" content=\"es_ES\" \/>\n<meta property=\"og:type\" content=\"article\" \/>\n<meta property=\"og:title\" content=\"Plaques de renfort de support d\u2019amortisseur arri\u00e8re BMW E30 \/ E36 \/ E46 \/ Z3 \/ Z4\" \/>\n<meta property=\"og:description\" content=\"Les tours d\u2019amortisseur arri\u00e8re des BMW E30, E36 et E46 pr\u00e9sentent une faiblesse structurelle connue pouvant entra\u00eener, avec le temps, une d\u00e9formation ou une d\u00e9chirure de la t\u00f4le. Sur une E46, ce type de dommage est particuli\u00e8rement grave car il compromet la liaison au sol et l\u2019int\u00e9grit\u00e9 du ch\u00e2ssis, avec des r\u00e9parations souvent tr\u00e8s co\u00fbteuses. Ces plaques de renfort en aluminium usin\u00e9 CNC se montent au-dessus des supports d\u2019amortisseur arri\u00e8re afin de r\u00e9partir les contraintes, prot\u00e9ger la caisse et pr\u00e9venir durablement les fissures. Une solution de fiabilisation simple et indispensable lors d\u2019un remplacement d\u2019amortisseurs ou d\u2019une remise \u00e0 niveau du ch\u00e2ssis.\" \/>\n<meta property=\"og:url\" content=\"https:\/\/macote.fr\/es\/producto\/placas-de-refuerzo-soporte-amortiguador-trasero-bmw-e30-e36-e46-z3-z4\/\" \/>\n<meta property=\"og:site_name\" content=\"MaCote.fr\" \/>\n<meta property=\"article:publisher\" content=\"https:\/\/www.facebook.com\/profile.php?id=100091476586119\" \/>\n<meta property=\"article:modified_time\" content=\"2025-12-22T13:29:19+00:00\" \/>\n<meta property=\"og:image\" content=\"https:\/\/macote.fr\/wp-content\/uploads\/2025\/12\/plaque-de-renfort-support-amortisseur-arriere-bmw-aluminium-cnc-1024x683.png\" \/>\n\t<meta property=\"og:image:width\" content=\"1024\" \/>\n\t<meta property=\"og:image:height\" content=\"683\" \/>\n\t<meta property=\"og:image:type\" content=\"image\/png\" \/>\n<meta name=\"twitter:card\" content=\"summary_large_image\" \/>\n<meta name=\"twitter:label1\" content=\"Tiempo de lectura\" \/>\n\t<meta name=\"twitter:data1\" content=\"3 minutos\" \/>\n<script type=\"application\/ld+json\" class=\"yoast-schema-graph\">{\"@context\":\"https:\\\/\\\/schema.org\",\"@graph\":[{\"@type\":\"WebPage\",\"@id\":\"https:\\\/\\\/macote.fr\\\/produit\\\/plaques-de-renfort-de-support-damortisseur-arriere-bmw-e30-e36-e46-z3-z4\\\/\",\"url\":\"https:\\\/\\\/macote.fr\\\/produit\\\/plaques-de-renfort-de-support-damortisseur-arriere-bmw-e30-e36-e46-z3-z4\\\/\",\"name\":\"Plaques de renfort de support d\u2019amortisseur arri\u00e8re BMW E30 \\\/ E36 \\\/ E46 \\\/ Z3 \\\/ Z4 - MaCote.fr\",\"isPartOf\":{\"@id\":\"https:\\\/\\\/macote.fr\\\/#website\"},\"primaryImageOfPage\":{\"@id\":\"https:\\\/\\\/macote.fr\\\/produit\\\/plaques-de-renfort-de-support-damortisseur-arriere-bmw-e30-e36-e46-z3-z4\\\/#primaryimage\"},\"image\":{\"@id\":\"https:\\\/\\\/macote.fr\\\/produit\\\/plaques-de-renfort-de-support-damortisseur-arriere-bmw-e30-e36-e46-z3-z4\\\/#primaryimage\"},\"thumbnailUrl\":\"https:\\\/\\\/macote.fr\\\/wp-content\\\/uploads\\\/2025\\\/12\\\/plaque-de-renfort-support-amortisseur-arriere-bmw-aluminium-cnc.png\",\"datePublished\":\"2025-12-21T18:38:40+00:00\",\"dateModified\":\"2025-12-22T13:29:19+00:00\",\"breadcrumb\":{\"@id\":\"https:\\\/\\\/macote.fr\\\/produit\\\/plaques-de-renfort-de-support-damortisseur-arriere-bmw-e30-e36-e46-z3-z4\\\/#breadcrumb\"},\"inLanguage\":\"es\",\"potentialAction\":[{\"@type\":\"ReadAction\",\"target\":[\"https:\\\/\\\/macote.fr\\\/produit\\\/plaques-de-renfort-de-support-damortisseur-arriere-bmw-e30-e36-e46-z3-z4\\\/\"]}]},{\"@type\":\"ImageObject\",\"inLanguage\":\"es\",\"@id\":\"https:\\\/\\\/macote.fr\\\/produit\\\/plaques-de-renfort-de-support-damortisseur-arriere-bmw-e30-e36-e46-z3-z4\\\/#primaryimage\",\"url\":\"https:\\\/\\\/macote.fr\\\/wp-content\\\/uploads\\\/2025\\\/12\\\/plaque-de-renfort-support-amortisseur-arriere-bmw-aluminium-cnc.png\",\"contentUrl\":\"https:\\\/\\\/macote.fr\\\/wp-content\\\/uploads\\\/2025\\\/12\\\/plaque-de-renfort-support-amortisseur-arriere-bmw-aluminium-cnc.png\",\"width\":1536,\"height\":1024,\"caption\":\"plaque de renfort support amortisseur arri\u00e8re bmw aluminium cnc\"},{\"@type\":\"BreadcrumbList\",\"@id\":\"https:\\\/\\\/macote.fr\\\/produit\\\/plaques-de-renfort-de-support-damortisseur-arriere-bmw-e30-e36-e46-z3-z4\\\/#breadcrumb\",\"itemListElement\":[{\"@type\":\"ListItem\",\"position\":1,\"name\":\"Accueil\",\"item\":\"https:\\\/\\\/macote.fr\\\/\"},{\"@type\":\"ListItem\",\"position\":2,\"name\":\"Boutique\",\"item\":\"https:\\\/\\\/macote.fr\\\/boutique\\\/\"},{\"@type\":\"ListItem\",\"position\":3,\"name\":\"Plaques de renfort de support d\u2019amortisseur arri\u00e8re BMW E30 \\\/ E36 \\\/ E46 \\\/ Z3 \\\/ Z4\"}]},{\"@type\":\"WebSite\",\"@id\":\"https:\\\/\\\/macote.fr\\\/#website\",\"url\":\"https:\\\/\\\/macote.fr\\\/\",\"name\":\"MaCote.fr\",\"description\":\"BMW best accessories\",\"publisher\":{\"@id\":\"https:\\\/\\\/macote.fr\\\/#organization\"},\"alternateName\":\"BMW tuning\",\"potentialAction\":[{\"@type\":\"SearchAction\",\"target\":{\"@type\":\"EntryPoint\",\"urlTemplate\":\"https:\\\/\\\/macote.fr\\\/?s={search_term_string}\"},\"query-input\":{\"@type\":\"PropertyValueSpecification\",\"valueRequired\":true,\"valueName\":\"search_term_string\"}}],\"inLanguage\":\"es\"},{\"@type\":\"Organization\",\"@id\":\"https:\\\/\\\/macote.fr\\\/#organization\",\"name\":\"Macote.fr\",\"alternateName\":\"BMW tuning\",\"url\":\"https:\\\/\\\/macote.fr\\\/\",\"logo\":{\"@type\":\"ImageObject\",\"inLanguage\":\"es\",\"@id\":\"https:\\\/\\\/macote.fr\\\/#\\\/schema\\\/logo\\\/image\\\/\",\"url\":\"https:\\\/\\\/macote.fr\\\/wp-content\\\/uploads\\\/2023\\\/11\\\/LOGO-macote.fr-dessin-bmw-noir-copy.jpg\",\"contentUrl\":\"https:\\\/\\\/macote.fr\\\/wp-content\\\/uploads\\\/2023\\\/11\\\/LOGO-macote.fr-dessin-bmw-noir-copy.jpg\",\"width\":732,\"height\":456,\"caption\":\"Macote.fr\"},\"image\":{\"@id\":\"https:\\\/\\\/macote.fr\\\/#\\\/schema\\\/logo\\\/image\\\/\"},\"sameAs\":[\"https:\\\/\\\/www.facebook.com\\\/profile.php?id=100091476586119\",\"https:\\\/\\\/www.youtube.com\\\/channel\\\/UCgO-YTbaxYO-w_C5GfL-_1w\",\"https:\\\/\\\/www.tiktok.com\\\/@macote.fr?is_from_webapp=1&sender_device=pc\",\"https:\\\/\\\/www.instagram.com\\\/i_xila_i\\\/\"]}]}<\/script>\n<!-- \/ Yoast SEO Premium plugin. -->","yoast_head_json":{"title":"Placas de refuerzo soporte amortiguador trasero BMW E30 \/ E36 \/ E46 \/ Z3 \/ Z4 - MaCote.fr","robots":{"index":"index","follow":"follow","max-snippet":"max-snippet:-1","max-image-preview":"max-image-preview:large","max-video-preview":"max-video-preview:-1"},"canonical":"https:\/\/macote.fr\/es\/producto\/placas-de-refuerzo-soporte-amortiguador-trasero-bmw-e30-e36-e46-z3-z4\/","og_locale":"es_ES","og_type":"article","og_title":"Plaques de renfort de support d\u2019amortisseur arri\u00e8re BMW E30 \/ E36 \/ E46 \/ Z3 \/ Z4","og_description":"Les tours d\u2019amortisseur arri\u00e8re des BMW E30, E36 et E46 pr\u00e9sentent une faiblesse structurelle connue pouvant entra\u00eener, avec le temps, une d\u00e9formation ou une d\u00e9chirure de la t\u00f4le. Sur une E46, ce type de dommage est particuli\u00e8rement grave car il compromet la liaison au sol et l\u2019int\u00e9grit\u00e9 du ch\u00e2ssis, avec des r\u00e9parations souvent tr\u00e8s co\u00fbteuses. Ces plaques de renfort en aluminium usin\u00e9 CNC se montent au-dessus des supports d\u2019amortisseur arri\u00e8re afin de r\u00e9partir les contraintes, prot\u00e9ger la caisse et pr\u00e9venir durablement les fissures. Une solution de fiabilisation simple et indispensable lors d\u2019un remplacement d\u2019amortisseurs ou d\u2019une remise \u00e0 niveau du ch\u00e2ssis.","og_url":"https:\/\/macote.fr\/es\/producto\/placas-de-refuerzo-soporte-amortiguador-trasero-bmw-e30-e36-e46-z3-z4\/","og_site_name":"MaCote.fr","article_publisher":"https:\/\/www.facebook.com\/profile.php?id=100091476586119","article_modified_time":"2025-12-22T13:29:19+00:00","og_image":[{"width":1024,"height":683,"url":"https:\/\/macote.fr\/wp-content\/uploads\/2025\/12\/plaque-de-renfort-support-amortisseur-arriere-bmw-aluminium-cnc-1024x683.png","type":"image\/png"}],"twitter_card":"summary_large_image","twitter_misc":{"Tiempo de lectura":"3 minutos"},"schema":{"@context":"https:\/\/schema.org","@graph":[{"@type":"WebPage","@id":"https:\/\/macote.fr\/produit\/plaques-de-renfort-de-support-damortisseur-arriere-bmw-e30-e36-e46-z3-z4\/","url":"https:\/\/macote.fr\/produit\/plaques-de-renfort-de-support-damortisseur-arriere-bmw-e30-e36-e46-z3-z4\/","name":"Placas de refuerzo soporte amortiguador trasero BMW E30 \/ E36 \/ E46 \/ Z3 \/ Z4 - MaCote.fr","isPartOf":{"@id":"https:\/\/macote.fr\/#website"},"primaryImageOfPage":{"@id":"https:\/\/macote.fr\/produit\/plaques-de-renfort-de-support-damortisseur-arriere-bmw-e30-e36-e46-z3-z4\/#primaryimage"},"image":{"@id":"https:\/\/macote.fr\/produit\/plaques-de-renfort-de-support-damortisseur-arriere-bmw-e30-e36-e46-z3-z4\/#primaryimage"},"thumbnailUrl":"https:\/\/macote.fr\/wp-content\/uploads\/2025\/12\/plaque-de-renfort-support-amortisseur-arriere-bmw-aluminium-cnc.png","datePublished":"2025-12-21T18:38:40+00:00","dateModified":"2025-12-22T13:29:19+00:00","breadcrumb":{"@id":"https:\/\/macote.fr\/produit\/plaques-de-renfort-de-support-damortisseur-arriere-bmw-e30-e36-e46-z3-z4\/#breadcrumb"},"inLanguage":"es","potentialAction":[{"@type":"ReadAction","target":["https:\/\/macote.fr\/produit\/plaques-de-renfort-de-support-damortisseur-arriere-bmw-e30-e36-e46-z3-z4\/"]}]},{"@type":"ImageObject","inLanguage":"es","@id":"https:\/\/macote.fr\/produit\/plaques-de-renfort-de-support-damortisseur-arriere-bmw-e30-e36-e46-z3-z4\/#primaryimage","url":"https:\/\/macote.fr\/wp-content\/uploads\/2025\/12\/plaque-de-renfort-support-amortisseur-arriere-bmw-aluminium-cnc.png","contentUrl":"https:\/\/macote.fr\/wp-content\/uploads\/2025\/12\/plaque-de-renfort-support-amortisseur-arriere-bmw-aluminium-cnc.png","width":1536,"height":1024,"caption":"plaque de renfort support amortisseur arri\u00e8re bmw aluminium cnc"},{"@type":"BreadcrumbList","@id":"https:\/\/macote.fr\/produit\/plaques-de-renfort-de-support-damortisseur-arriere-bmw-e30-e36-e46-z3-z4\/#breadcrumb","itemListElement":[{"@type":"ListItem","position":1,"name":"Accueil","item":"https:\/\/macote.fr\/"},{"@type":"ListItem","position":2,"name":"Boutique","item":"https:\/\/macote.fr\/boutique\/"},{"@type":"ListItem","position":3,"name":"Plaques de renfort de support d\u2019amortisseur arri\u00e8re BMW E30 \/ E36 \/ E46 \/ Z3 \/ Z4"}]},{"@type":"WebSite","@id":"https:\/\/macote.fr\/#website","url":"https:\/\/macote.fr\/","name":"MyQuote.com","description":"Los mejores accesorios BMW","publisher":{"@id":"https:\/\/macote.fr\/#organization"},"alternateName":"BMW tuning","potentialAction":[{"@type":"SearchAction","target":{"@type":"EntryPoint","urlTemplate":"https:\/\/macote.fr\/?s={search_term_string}"},"query-input":{"@type":"PropertyValueSpecification","valueRequired":true,"valueName":"search_term_string"}}],"inLanguage":"es"},{"@type":"Organization","@id":"https:\/\/macote.fr\/#organization","name":"Macote.es","alternateName":"BMW tuning","url":"https:\/\/macote.fr\/","logo":{"@type":"ImageObject","inLanguage":"es","@id":"https:\/\/macote.fr\/#\/schema\/logo\/image\/","url":"https:\/\/macote.fr\/wp-content\/uploads\/2023\/11\/LOGO-macote.fr-dessin-bmw-noir-copy.jpg","contentUrl":"https:\/\/macote.fr\/wp-content\/uploads\/2023\/11\/LOGO-macote.fr-dessin-bmw-noir-copy.jpg","width":732,"height":456,"caption":"Macote.fr"},"image":{"@id":"https:\/\/macote.fr\/#\/schema\/logo\/image\/"},"sameAs":["https:\/\/www.facebook.com\/profile.php?id=100091476586119","https:\/\/www.youtube.com\/channel\/UCgO-YTbaxYO-w_C5GfL-_1w","https:\/\/www.tiktok.com\/@macote.fr?is_from_webapp=1&sender_device=pc","https:\/\/www.instagram.com\/i_xila_i\/"]}]}},"_links":{"self":[{"href":"https:\/\/macote.fr\/es\/wp-json\/wp\/v2\/product\/7162","targetHints":{"allow":["GET"]}}],"collection":[{"href":"https:\/\/macote.fr\/es\/wp-json\/wp\/v2\/product"}],"about":[{"href":"https:\/\/macote.fr\/es\/wp-json\/wp\/v2\/types\/product"}],"replies":[{"embeddable":true,"href":"https:\/\/macote.fr\/es\/wp-json\/wp\/v2\/comments?post=7162"}],"wp:featuredmedia":[{"embeddable":true,"href":"https:\/\/macote.fr\/es\/wp-json\/wp\/v2\/media\/7165"}],"wp:attachment":[{"href":"https:\/\/macote.fr\/es\/wp-json\/wp\/v2\/media?parent=7162"}],"wp:term":[{"taxonomy":"product_brand","embeddable":true,"href":"https:\/\/macote.fr\/es\/wp-json\/wp\/v2\/product_brand?post=7162"},{"taxonomy":"product_cat","embeddable":true,"href":"https:\/\/macote.fr\/es\/wp-json\/wp\/v2\/product_cat?post=7162"},{"taxonomy":"product_tag","embeddable":true,"href":"https:\/\/macote.fr\/es\/wp-json\/wp\/v2\/product_tag?post=7162"}],"curies":[{"name":"wp","href":"https:\/\/api.w.org\/{rel}","templated":true}]}}