{"id":7172,"date":"2025-12-22T11:16:36","date_gmt":"2025-12-22T10:16:36","guid":{"rendered":"https:\/\/macote.fr\/?post_type=product&#038;p=7172"},"modified":"2025-12-22T15:59:32","modified_gmt":"2025-12-22T14:59:32","slug":"poliuretano-reforzado-soportes-amortiguador-trasero-bmw-e30-e36-e46-z3-z4","status":"publish","type":"product","link":"https:\/\/macote.fr\/es\/producto\/poliuretano-reforzado-soportes-amortiguador-trasero-bmw-e30-e36-e46-z3-z4\/","title":{"rendered":"Soportes amortiguadores traseros reforzados de poliuretano BMW E30 E36 E46 Z3 Z4"},"content":{"rendered":"<h1 style=\"text-align: center;\" data-start=\"411\" data-end=\"499\">Soportes de amortiguadores traseros reforzados BMW<\/h1>\n<p data-start=\"548\" data-end=\"978\">BMWs <strong data-start=\"556\" data-end=\"583\">E30, E36, E46, Z3 y Z4<\/strong> son conocidos por ofrecer un excelente equilibrio del chasis, pero comparten un importante punto d\u00e9bil en los soportes originales del amortiguador trasero. Dise\u00f1ados con casquillos de goma, estos soportes tienden a deformarse y comprimirse bajo carga, sobre todo en veh\u00edculos equipados con suspensiones deportivas, casquillos roscados o de conducci\u00f3n din\u00e1mica.<\/p>\n<p data-start=\"980\" data-end=\"1342\">Las copas de amortiguador trasero reforzadas MACOTE son una mejora mec\u00e1nica imprescindible para aquellos que buscan rendimiento en su BMW. Es una mejora genuina, no s\u00f3lo un reemplazo OEM. Combinan una <strong data-start=\"1144\" data-end=\"1180\">estructura de aluminio<\/strong>\u00a0con <strong data-start=\"1190\" data-end=\"1238\">bujes de poliuretano de alto rendimiento<\/strong>, Esto reduce dr\u00e1sticamente el movimiento par\u00e1sito y el juego con los soportes originales.<\/p>\n<p data-start=\"1344\" data-end=\"1547\">A diferencia del caucho, el poliuretano tiene una compresi\u00f3n mucho m\u00e1s estable\/lineal, lo que significa que el amortiguador se mantiene perfectamente en su posici\u00f3n, incluso bajo una carga pesada. Resultado:<\/p>\n<ul data-start=\"1548\" data-end=\"1793\">\n<li data-start=\"1548\" data-end=\"1602\">\n<p data-start=\"1550\" data-end=\"1602\">un amortiguador trasero que funcione correctamente,<\/p>\n<\/li>\n<li data-start=\"1603\" data-end=\"1635\">\n<p data-start=\"1605\" data-end=\"1635\">una suspensi\u00f3n m\u00e1s precisa,<\/p>\n<\/li>\n<li data-start=\"1636\" data-end=\"1688\">\n<p data-start=\"1638\" data-end=\"1688\">un agarre en carretera m\u00e1s consistente,<\/p>\n<\/li>\n<li data-start=\"1689\" data-end=\"1793\">\n<p data-start=\"1691\" data-end=\"1793\">y la desaparici\u00f3n gradual de <strong data-start=\"1725\" data-end=\"1748\">golpes por la espalda<\/strong> a menudo causado por el desgaste de los soportes OEM.<\/p>\n<\/li>\n<\/ul>\n<p data-start=\"1795\" data-end=\"2039\">Adem\u00e1s de esta mejora, recomendamos encarecidamente reforzar la estructura de las torres de los amortiguadores traseros. Esta modificaci\u00f3n pone m\u00e1s tensi\u00f3n en las ya fr\u00e1giles torres de choque. Para proteger las torres de choque traseras, puede instalar <a href=\"https:\/\/macote.fr\/es\/producto\/placas-de-refuerzo-soporte-amortiguador-trasero-bmw-e30-e36-e46-z3-z4\/\">placas de refuerzo<\/a> torres de amortiguaci\u00f3n para limitar el riesgo de deformaci\u00f3n o agrietamiento del chasis a largo plazo.<\/p>\n<p data-start=\"1795\" data-end=\"2039\"><strong>Gu\u00eda de instalaci\u00f3n :<\/strong> <a href=\"https:\/\/macote.fr\/es\/por-que-reforzar-el-chasis-de-su-bmw-e30-e36-e46-z3-z4\/\"><strong>https:\/\/macote.fr\/pourquoi-renforcer-le-chassis-de-sa-bmw-e30-e36-e46-z3-z4\/<\/strong><\/a><\/p>\n<hr data-start=\"2183\" data-end=\"2186\" \/>\n<h2 data-start=\"2188\" data-end=\"2217\">\u2705 <strong data-start=\"2193\" data-end=\"2217\">Principales ventajas<\/strong><\/h2>\n<ul data-start=\"2219\" data-end=\"2636\">\n<li data-start=\"2219\" data-end=\"2286\">\n<p data-start=\"2221\" data-end=\"2286\">Reducci\u00f3n pr\u00e1cticamente total de la deformaci\u00f3n de los sustratos originales<\/p>\n<\/li>\n<li data-start=\"2287\" data-end=\"2351\">\n<p data-start=\"2289\" data-end=\"2351\">Mejora del funcionamiento real de los amortiguadores traseros<\/p>\n<\/li>\n<li data-start=\"2352\" data-end=\"2399\">\n<p data-start=\"2354\" data-end=\"2399\">Mantenimiento preciso de la geometr\u00eda bajo carga<\/p>\n<\/li>\n<li data-start=\"2400\" data-end=\"2461\">\n<p data-start=\"2402\" data-end=\"2461\">Eliminaci\u00f3n del ruido trasero asociado al caucho desgastado<\/p>\n<\/li>\n<li data-start=\"2462\" data-end=\"2529\">\n<p data-start=\"2464\" data-end=\"2529\">Poliuretano 85A: duradero, estable, resistente al envejecimiento<\/p>\n<\/li>\n<li data-start=\"2530\" data-end=\"2575\">\n<p data-start=\"2532\" data-end=\"2575\">Estructura reforzada de aluminio y acero<\/p>\n<\/li>\n<li data-start=\"2576\" data-end=\"2636\">\n<p data-start=\"2578\" data-end=\"2636\">Acabado anodizado resistente a la corrosi\u00f3n y al desgaste<\/p>\n<\/li>\n<\/ul>\n<hr data-start=\"2638\" data-end=\"2641\" \/>\n<h2 data-start=\"2643\" data-end=\"2680\">\u2699\ufe0f <strong data-start=\"2649\" data-end=\"2680\">Especificaciones t\u00e9cnicas<\/strong><\/h2>\n<ul data-start=\"2682\" data-end=\"3026\">\n<li data-start=\"2706\" data-end=\"2758\">\n<p data-start=\"2708\" data-end=\"2758\">Tipo: Soportes de amortiguador trasero reforzados<\/p>\n<\/li>\n<li data-start=\"2759\" data-end=\"2805\">\n<p data-start=\"2761\" data-end=\"2805\">Materiales: Aluminio, acero, poliuretano<\/p>\n<\/li>\n<li data-start=\"2845\" data-end=\"2891\">\n<p data-start=\"2847\" data-end=\"2891\">Di\u00e1metro del eje del amortiguador : <strong data-start=\"2880\" data-end=\"2889\">10 mm<\/strong><\/p>\n<\/li>\n<li data-start=\"2892\" data-end=\"2915\">\n<p data-start=\"2894\" data-end=\"2915\">Acabado : Anodizado<\/p>\n<\/li>\n<li data-start=\"2970\" data-end=\"3026\">\n<p data-start=\"2972\" data-end=\"3026\">Uso recomendado : Carretera \/ conducci\u00f3n din\u00e1mica<\/p>\n<\/li>\n<\/ul>\n<p data-start=\"3028\" data-end=\"3116\">\u26a0\ufe0f <strong data-start=\"3031\" data-end=\"3116\">Los casquillos de poliuretano deben engrasarse durante el montaje.<\/strong><\/p>\n<hr data-start=\"3118\" data-end=\"3121\" \/>\n<h2 data-start=\"3123\" data-end=\"3180\">\ud83d\udccf <strong data-start=\"3129\" data-end=\"3180\">Informaci\u00f3n muy importante - Elecci\u00f3n del di\u00e1metro<\/strong><\/h2>\n<p data-start=\"3182\" data-end=\"3289\">La dimensi\u00f3n de 10 mm \/ 12 mm corresponde al di\u00e1metro interior del manguito de montaje, no del tornillo.<\/p>\n<h3 data-start=\"3291\" data-end=\"3328\">\ud83d\udd39 Versi\u00f3n <strong data-start=\"3306\" data-end=\"3315\">10 mm<\/strong> (este producto)<\/h3>\n<p data-start=\"3329\" data-end=\"3346\">Compatible con :<\/p>\n<ul data-start=\"3347\" data-end=\"3513\">\n<li data-start=\"3347\" data-end=\"3377\">\n<p data-start=\"3349\" data-end=\"3377\">Amortiguadores originales BMW<\/p>\n<\/li>\n<li data-start=\"3378\" data-end=\"3403\">\n<p data-start=\"3380\" data-end=\"3403\">Bilstein PSS9 \/ PSS10<\/p>\n<\/li>\n<li data-start=\"3404\" data-end=\"3423\">\n<p data-start=\"3406\" data-end=\"3423\">KW V1 \/ V2 \/ V3<\/p>\n<\/li>\n<li data-start=\"3424\" data-end=\"3441\">\n<p data-start=\"3426\" data-end=\"3441\">Suspensi\u00f3n ST<\/p>\n<\/li>\n<li data-start=\"3442\" data-end=\"3463\">\n<p data-start=\"3444\" data-end=\"3463\">H&amp;R, FK, Raceland<\/p>\n<\/li>\n<li data-start=\"3464\" data-end=\"3486\">\n<p data-start=\"3466\" data-end=\"3486\">Koni Sport \/ Dinan<\/p>\n<\/li>\n<li data-start=\"3487\" data-end=\"3513\">\n<p data-start=\"3489\" data-end=\"3513\">AST serie 4XXX \/ 5XXX<\/p>\n<\/li>\n<\/ul>\n<p data-start=\"3515\" data-end=\"3638\">\ud83d\udc49 En caso de duda, mida el di\u00e1metro de la varilla roscada superior del amortiguador o consulte al fabricante.<\/p>\n<hr data-start=\"3640\" data-end=\"3643\" \/>\n<h2 data-start=\"3645\" data-end=\"3678\">\ud83d\ude97 <strong data-start=\"3651\" data-end=\"3678\">Compatibilidad con veh\u00edculos<\/strong><\/h2>\n<h3 data-start=\"3680\" data-end=\"3695\">BMW Serie 3<\/h3>\n<ul data-start=\"3696\" data-end=\"3910\">\n<li data-start=\"3696\" data-end=\"3729\">\n<p data-start=\"3698\" data-end=\"3729\">BMW E30 323 \/ 325 (1986-1991)<\/p>\n<\/li>\n<li data-start=\"3730\" data-end=\"3756\">\n<p data-start=\"3732\" data-end=\"3756\">BMW E30 M3 (1986-1991)<\/p>\n<\/li>\n<li data-start=\"3757\" data-end=\"3799\">\n<p data-start=\"3759\" data-end=\"3799\">BMW E36 323i \/ 325i \/ 328i (1992-1999)<\/p>\n<\/li>\n<li data-start=\"3800\" data-end=\"3826\">\n<p data-start=\"3802\" data-end=\"3826\">BMW E36 M3 (1995-1999)<\/p>\n<\/li>\n<li data-start=\"3827\" data-end=\"3883\">\n<p data-start=\"3829\" data-end=\"3883\">BMW E46 320i \/ 323i \/ 325i \/ 328i \/ 330i (1999-2006)<\/p>\n<\/li>\n<li data-start=\"3884\" data-end=\"3910\">\n<p data-start=\"3886\" data-end=\"3910\">BMW E46 M3 (2001-2006)<\/p>\n<\/li>\n<\/ul>\n<h3 data-start=\"3912\" data-end=\"3921\">BMW Z<\/h3>\n<ul data-start=\"3922\" data-end=\"4006\">\n<li data-start=\"3922\" data-end=\"3961\">\n<p data-start=\"3924\" data-end=\"3961\">BMW Z3 2.5 \/ 2.8 \/ 3.0i (1996-2002)<\/p>\n<\/li>\n<li data-start=\"3962\" data-end=\"4006\">\n<p data-start=\"3964\" data-end=\"4006\">BMW Z4 E85 \/ E86 2.5i \/ 3.0i (2003-2008)<\/p>\n<\/li>\n<\/ul>\n<p data-start=\"4008\" data-end=\"4031\">\u274c No compatible con:<\/p>\n<ul data-start=\"4032\" data-end=\"4084\">\n<li data-start=\"4032\" data-end=\"4059\">\n<p data-start=\"4034\" data-end=\"4059\">BMW E36 \/ E46 <strong data-start=\"4048\" data-end=\"4057\">318ti<\/strong><\/p>\n<\/li>\n<li data-start=\"4060\" data-end=\"4084\">\n<p data-start=\"4062\" data-end=\"4084\">Modelos <strong data-start=\"4070\" data-end=\"4084\">descapotables<\/strong><\/p>\n<\/li>\n<\/ul>\n<hr data-start=\"4086\" data-end=\"4089\" \/>\n<h2 data-start=\"4091\" data-end=\"4117\">\ud83d\udce6 <strong data-start=\"4097\" data-end=\"4117\">Contenido del paquete<\/strong><\/h2>\n<ul data-start=\"4119\" data-end=\"4226\">\n<li data-start=\"4119\" data-end=\"4193\">\n<p data-start=\"4121\" data-end=\"4193\">1 par de soportes de amortiguador trasero reforzados (izquierdo + derecho)<\/p>\n<\/li>\n<\/ul>","protected":false},"excerpt":{"rendered":"<div class=\"flex flex-col text-sm pb-25\">\n<article class=\"text-token-text-primary w-full focus:outline-none [--shadow-height:45px] has-data-writing-block:pointer-events-none has-data-writing-block:-mt-(--shadow-height) has-data-writing-block:pt-(--shadow-height) [&amp;:has([data-writing-block])&gt;*]:pointer-events-auto scroll-mt-[calc(var(--header-height)+min(200px,max(70px,20svh)))]\" dir=\"auto\" tabindex=\"-1\" data-turn-id=\"request-69483179-9a60-832e-928d-53e5249d8582-0\" data-testid=\"conversation-turn-44\" data-scroll-anchor=\"true\" data-turn=\"assistant\">\n<div class=\"text-base my-auto mx-auto pb-10 [--thread-content-margin:--spacing(4)] @w-sm\/main:[--thread-content-margin:--spacing(6)] @w-lg\/main:[--thread-content-margin:--spacing(16)] px-(--thread-content-margin)\">\n<div class=\"[--thread-content-max-width:40rem] @w-lg\/main:[--thread-content-max-width:48rem] mx-auto max-w-(--thread-content-max-width) flex-1 group\/turn-messages focus-visible:outline-hidden relative flex w-full min-w-0 flex-col agent-turn\" tabindex=\"-1\">\n<div class=\"flex max-w-full flex-col grow\">\n<div class=\"min-h-8 text-message relative flex w-full flex-col items-end gap-2 text-start break-words whitespace-normal [.text-message+&amp;]:mt-1\" dir=\"auto\" data-message-author-role=\"assistant\" data-message-id=\"8299c10f-5a54-4ce4-91f7-937a8749821c\" data-message-model-slug=\"gpt-5-2\">\n<div class=\"flex w-full flex-col gap-1 empty:hidden first:pt-[1px]\">\n<div class=\"markdown prose dark:prose-invert w-full break-words dark markdown-new-styling\">\n<p data-start=\"105\" data-end=\"386\">Les supports d\u2019amortisseurs arri\u00e8re d\u2019origine des BMW <strong data-start=\"159\" data-end=\"186\">E30, E36, E46, Z3 et Z4<\/strong> se d\u00e9forment avec le temps, surtout sur les v\u00e9hicules \u00e9quip\u00e9s de suspensions sport. Cette d\u00e9formation nuit au bon fonctionnement de l\u2019amortisseur et peut g\u00e9n\u00e9rer des bruits ou une perte de pr\u00e9cision.<\/p>\n<p data-start=\"388\" data-end=\"748\" data-is-last-node=\"\" data-is-only-node=\"\">Les <strong data-start=\"392\" data-end=\"444\">supports d\u2019amortisseurs arri\u00e8re renforc\u00e9s MACOTE<\/strong> en <strong data-start=\"448\" data-end=\"471\">aluminium usin\u00e9 CNC<\/strong> avec <strong data-start=\"477\" data-end=\"507\">bagues en polyur\u00e9thane 85A<\/strong> r\u00e9duisent fortement les mouvements parasites, maintiennent l\u2019amortisseur parfaitement en place et am\u00e9liorent la stabilit\u00e9 du train arri\u00e8re, tout en offrant un excellent compromis entre performance et confort pour un usage routier dynamique.<\/p>\n<\/div>\n<\/div>\n<\/div>\n<\/div>\n<\/div>\n<\/div>\n<\/article>\n<\/div>\n","protected":false},"featured_media":7179,"comment_status":"open","ping_status":"closed","template":"","meta":{"_eb_attr":""},"product_brand":[],"product_cat":[132,145,146,147,281,69],"product_tag":[],"class_list":{"0":"post-7172","1":"product","2":"type-product","3":"status-publish","4":"has-post-thumbnail","6":"product_cat-bmw-serie-3","7":"product_cat-bmw-serie-3-e30","8":"product_cat-bmw-serie-3-e36","9":"product_cat-bmw-serie-3-e46","10":"product_cat-chassis","11":"product_cat-modification-de-performance","13":"first","14":"instock","15":"taxable","16":"shipping-taxable","17":"purchasable","18":"product-type-variable"},"yoast_head":"<!-- This site is optimized with the Yoast SEO Premium plugin v20.7 (Yoast SEO v27.3) - https:\/\/yoast.com\/product\/yoast-seo-premium-wordpress\/ -->\n<title>Supports d\u2019amortisseurs arri\u00e8re renforc\u00e9s polyur\u00e9thane BMW E30 E36 E46 Z3 Z4 - MaCote.fr<\/title>\n<meta name=\"description\" content=\"Supports d\u2019amortisseurs arri\u00e8re renforc\u00e9s en polyur\u00e9thane pour BMW E30, E36, E46, Z3 et Z4. Pr\u00e9cision de suspension, fiabilit\u00e9 accrue et installation compatible route et conduite sportive.\" \/>\n<meta name=\"robots\" content=\"index, follow, max-snippet:-1, max-image-preview:large, max-video-preview:-1\" \/>\n<link rel=\"canonical\" href=\"https:\/\/macote.fr\/es\/producto\/poliuretano-reforzado-soportes-amortiguador-trasero-bmw-e30-e36-e46-z3-z4\/\" \/>\n<meta property=\"og:locale\" content=\"es_ES\" \/>\n<meta property=\"og:type\" content=\"article\" \/>\n<meta property=\"og:title\" content=\"Supports d\u2019amortisseurs arri\u00e8re renforc\u00e9s polyur\u00e9thane BMW E30 E36 E46 Z3 Z4\" \/>\n<meta property=\"og:description\" content=\"Supports d\u2019amortisseurs arri\u00e8re renforc\u00e9s en polyur\u00e9thane pour BMW E30, E36, E46, Z3 et Z4. Pr\u00e9cision de suspension, fiabilit\u00e9 accrue et installation compatible route et conduite sportive.\" \/>\n<meta property=\"og:url\" content=\"https:\/\/macote.fr\/es\/producto\/poliuretano-reforzado-soportes-amortiguador-trasero-bmw-e30-e36-e46-z3-z4\/\" \/>\n<meta property=\"og:site_name\" content=\"MaCote.fr\" \/>\n<meta property=\"article:publisher\" content=\"https:\/\/www.facebook.com\/profile.php?id=100091476586119\" \/>\n<meta property=\"article:modified_time\" content=\"2025-12-22T14:59:32+00:00\" \/>\n<meta property=\"og:image\" content=\"https:\/\/macote.fr\/wp-content\/uploads\/2025\/12\/support-amortisseur-arriere-polyurethanes-85a.png\" \/>\n\t<meta property=\"og:image:width\" content=\"1024\" \/>\n\t<meta property=\"og:image:height\" content=\"1024\" \/>\n\t<meta property=\"og:image:type\" content=\"image\/png\" \/>\n<meta name=\"twitter:card\" content=\"summary_large_image\" \/>\n<meta name=\"twitter:label1\" content=\"Tiempo de lectura\" \/>\n\t<meta name=\"twitter:data1\" content=\"3 minutos\" \/>\n<script type=\"application\/ld+json\" class=\"yoast-schema-graph\">{\"@context\":\"https:\\\/\\\/schema.org\",\"@graph\":[{\"@type\":\"WebPage\",\"@id\":\"https:\\\/\\\/macote.fr\\\/produit\\\/supports-damortisseurs-arriere-renforces-polyurethane-bmw-e30-e36-e46-z3-z4\\\/\",\"url\":\"https:\\\/\\\/macote.fr\\\/produit\\\/supports-damortisseurs-arriere-renforces-polyurethane-bmw-e30-e36-e46-z3-z4\\\/\",\"name\":\"Supports d\u2019amortisseurs arri\u00e8re renforc\u00e9s polyur\u00e9thane BMW E30 E36 E46 Z3 Z4 - MaCote.fr\",\"isPartOf\":{\"@id\":\"https:\\\/\\\/macote.fr\\\/#website\"},\"primaryImageOfPage\":{\"@id\":\"https:\\\/\\\/macote.fr\\\/produit\\\/supports-damortisseurs-arriere-renforces-polyurethane-bmw-e30-e36-e46-z3-z4\\\/#primaryimage\"},\"image\":{\"@id\":\"https:\\\/\\\/macote.fr\\\/produit\\\/supports-damortisseurs-arriere-renforces-polyurethane-bmw-e30-e36-e46-z3-z4\\\/#primaryimage\"},\"thumbnailUrl\":\"https:\\\/\\\/macote.fr\\\/wp-content\\\/uploads\\\/2025\\\/12\\\/support-amortisseur-arriere-polyurethanes-85a.png\",\"datePublished\":\"2025-12-22T10:16:36+00:00\",\"dateModified\":\"2025-12-22T14:59:32+00:00\",\"description\":\"Supports d\u2019amortisseurs arri\u00e8re renforc\u00e9s en polyur\u00e9thane pour BMW E30, E36, E46, Z3 et Z4. Pr\u00e9cision de suspension, fiabilit\u00e9 accrue et installation compatible route et conduite sportive.\",\"breadcrumb\":{\"@id\":\"https:\\\/\\\/macote.fr\\\/produit\\\/supports-damortisseurs-arriere-renforces-polyurethane-bmw-e30-e36-e46-z3-z4\\\/#breadcrumb\"},\"inLanguage\":\"es\",\"potentialAction\":[{\"@type\":\"ReadAction\",\"target\":[\"https:\\\/\\\/macote.fr\\\/produit\\\/supports-damortisseurs-arriere-renforces-polyurethane-bmw-e30-e36-e46-z3-z4\\\/\"]}]},{\"@type\":\"ImageObject\",\"inLanguage\":\"es\",\"@id\":\"https:\\\/\\\/macote.fr\\\/produit\\\/supports-damortisseurs-arriere-renforces-polyurethane-bmw-e30-e36-e46-z3-z4\\\/#primaryimage\",\"url\":\"https:\\\/\\\/macote.fr\\\/wp-content\\\/uploads\\\/2025\\\/12\\\/support-amortisseur-arriere-polyurethanes-85a.png\",\"contentUrl\":\"https:\\\/\\\/macote.fr\\\/wp-content\\\/uploads\\\/2025\\\/12\\\/support-amortisseur-arriere-polyurethanes-85a.png\",\"width\":1024,\"height\":1024,\"caption\":\"support amortisseur arriere polyurethanes 85a\"},{\"@type\":\"BreadcrumbList\",\"@id\":\"https:\\\/\\\/macote.fr\\\/produit\\\/supports-damortisseurs-arriere-renforces-polyurethane-bmw-e30-e36-e46-z3-z4\\\/#breadcrumb\",\"itemListElement\":[{\"@type\":\"ListItem\",\"position\":1,\"name\":\"Accueil\",\"item\":\"https:\\\/\\\/macote.fr\\\/\"},{\"@type\":\"ListItem\",\"position\":2,\"name\":\"Boutique\",\"item\":\"https:\\\/\\\/macote.fr\\\/boutique\\\/\"},{\"@type\":\"ListItem\",\"position\":3,\"name\":\"Supports d\u2019amortisseurs arri\u00e8re renforc\u00e9s polyur\u00e9thane BMW E30 E36 E46 Z3 Z4\"}]},{\"@type\":\"WebSite\",\"@id\":\"https:\\\/\\\/macote.fr\\\/#website\",\"url\":\"https:\\\/\\\/macote.fr\\\/\",\"name\":\"MaCote.fr\",\"description\":\"BMW best accessories\",\"publisher\":{\"@id\":\"https:\\\/\\\/macote.fr\\\/#organization\"},\"alternateName\":\"BMW tuning\",\"potentialAction\":[{\"@type\":\"SearchAction\",\"target\":{\"@type\":\"EntryPoint\",\"urlTemplate\":\"https:\\\/\\\/macote.fr\\\/?s={search_term_string}\"},\"query-input\":{\"@type\":\"PropertyValueSpecification\",\"valueRequired\":true,\"valueName\":\"search_term_string\"}}],\"inLanguage\":\"es\"},{\"@type\":\"Organization\",\"@id\":\"https:\\\/\\\/macote.fr\\\/#organization\",\"name\":\"Macote.fr\",\"alternateName\":\"BMW tuning\",\"url\":\"https:\\\/\\\/macote.fr\\\/\",\"logo\":{\"@type\":\"ImageObject\",\"inLanguage\":\"es\",\"@id\":\"https:\\\/\\\/macote.fr\\\/#\\\/schema\\\/logo\\\/image\\\/\",\"url\":\"https:\\\/\\\/macote.fr\\\/wp-content\\\/uploads\\\/2023\\\/11\\\/LOGO-macote.fr-dessin-bmw-noir-copy.jpg\",\"contentUrl\":\"https:\\\/\\\/macote.fr\\\/wp-content\\\/uploads\\\/2023\\\/11\\\/LOGO-macote.fr-dessin-bmw-noir-copy.jpg\",\"width\":732,\"height\":456,\"caption\":\"Macote.fr\"},\"image\":{\"@id\":\"https:\\\/\\\/macote.fr\\\/#\\\/schema\\\/logo\\\/image\\\/\"},\"sameAs\":[\"https:\\\/\\\/www.facebook.com\\\/profile.php?id=100091476586119\",\"https:\\\/\\\/www.youtube.com\\\/channel\\\/UCgO-YTbaxYO-w_C5GfL-_1w\",\"https:\\\/\\\/www.tiktok.com\\\/@macote.fr?is_from_webapp=1&sender_device=pc\",\"https:\\\/\\\/www.instagram.com\\\/i_xila_i\\\/\"]}]}<\/script>\n<!-- \/ Yoast SEO Premium plugin. -->","yoast_head_json":{"title":"Soportes amortiguadores traseros reforzados de poliuretano BMW E30 E36 E46 Z3 Z4 - MaCote.fr","description":"Soportes de amortiguador trasero de poliuretano reforzado para BMW E30, E36, E46, Z3 y Z4. Suspensi\u00f3n precisa, mayor fiabilidad e instalaci\u00f3n compatible con la conducci\u00f3n por carretera y deportiva.","robots":{"index":"index","follow":"follow","max-snippet":"max-snippet:-1","max-image-preview":"max-image-preview:large","max-video-preview":"max-video-preview:-1"},"canonical":"https:\/\/macote.fr\/es\/producto\/poliuretano-reforzado-soportes-amortiguador-trasero-bmw-e30-e36-e46-z3-z4\/","og_locale":"es_ES","og_type":"article","og_title":"Supports d\u2019amortisseurs arri\u00e8re renforc\u00e9s polyur\u00e9thane BMW E30 E36 E46 Z3 Z4","og_description":"Supports d\u2019amortisseurs arri\u00e8re renforc\u00e9s en polyur\u00e9thane pour BMW E30, E36, E46, Z3 et Z4. Pr\u00e9cision de suspension, fiabilit\u00e9 accrue et installation compatible route et conduite sportive.","og_url":"https:\/\/macote.fr\/es\/producto\/poliuretano-reforzado-soportes-amortiguador-trasero-bmw-e30-e36-e46-z3-z4\/","og_site_name":"MaCote.fr","article_publisher":"https:\/\/www.facebook.com\/profile.php?id=100091476586119","article_modified_time":"2025-12-22T14:59:32+00:00","og_image":[{"width":1024,"height":1024,"url":"https:\/\/macote.fr\/wp-content\/uploads\/2025\/12\/support-amortisseur-arriere-polyurethanes-85a.png","type":"image\/png"}],"twitter_card":"summary_large_image","twitter_misc":{"Tiempo de lectura":"3 minutos"},"schema":{"@context":"https:\/\/schema.org","@graph":[{"@type":"WebPage","@id":"https:\/\/macote.fr\/produit\/supports-damortisseurs-arriere-renforces-polyurethane-bmw-e30-e36-e46-z3-z4\/","url":"https:\/\/macote.fr\/produit\/supports-damortisseurs-arriere-renforces-polyurethane-bmw-e30-e36-e46-z3-z4\/","name":"Soportes amortiguadores traseros reforzados de poliuretano BMW E30 E36 E46 Z3 Z4 - MaCote.fr","isPartOf":{"@id":"https:\/\/macote.fr\/#website"},"primaryImageOfPage":{"@id":"https:\/\/macote.fr\/produit\/supports-damortisseurs-arriere-renforces-polyurethane-bmw-e30-e36-e46-z3-z4\/#primaryimage"},"image":{"@id":"https:\/\/macote.fr\/produit\/supports-damortisseurs-arriere-renforces-polyurethane-bmw-e30-e36-e46-z3-z4\/#primaryimage"},"thumbnailUrl":"https:\/\/macote.fr\/wp-content\/uploads\/2025\/12\/support-amortisseur-arriere-polyurethanes-85a.png","datePublished":"2025-12-22T10:16:36+00:00","dateModified":"2025-12-22T14:59:32+00:00","description":"Soportes de amortiguador trasero de poliuretano reforzado para BMW E30, E36, E46, Z3 y Z4. Suspensi\u00f3n precisa, mayor fiabilidad e instalaci\u00f3n compatible con la conducci\u00f3n por carretera y deportiva.","breadcrumb":{"@id":"https:\/\/macote.fr\/produit\/supports-damortisseurs-arriere-renforces-polyurethane-bmw-e30-e36-e46-z3-z4\/#breadcrumb"},"inLanguage":"es","potentialAction":[{"@type":"ReadAction","target":["https:\/\/macote.fr\/produit\/supports-damortisseurs-arriere-renforces-polyurethane-bmw-e30-e36-e46-z3-z4\/"]}]},{"@type":"ImageObject","inLanguage":"es","@id":"https:\/\/macote.fr\/produit\/supports-damortisseurs-arriere-renforces-polyurethane-bmw-e30-e36-e46-z3-z4\/#primaryimage","url":"https:\/\/macote.fr\/wp-content\/uploads\/2025\/12\/support-amortisseur-arriere-polyurethanes-85a.png","contentUrl":"https:\/\/macote.fr\/wp-content\/uploads\/2025\/12\/support-amortisseur-arriere-polyurethanes-85a.png","width":1024,"height":1024,"caption":"support amortisseur arriere polyurethanes 85a"},{"@type":"BreadcrumbList","@id":"https:\/\/macote.fr\/produit\/supports-damortisseurs-arriere-renforces-polyurethane-bmw-e30-e36-e46-z3-z4\/#breadcrumb","itemListElement":[{"@type":"ListItem","position":1,"name":"Accueil","item":"https:\/\/macote.fr\/"},{"@type":"ListItem","position":2,"name":"Boutique","item":"https:\/\/macote.fr\/boutique\/"},{"@type":"ListItem","position":3,"name":"Supports d\u2019amortisseurs arri\u00e8re renforc\u00e9s polyur\u00e9thane BMW E30 E36 E46 Z3 Z4"}]},{"@type":"WebSite","@id":"https:\/\/macote.fr\/#website","url":"https:\/\/macote.fr\/","name":"MyQuote.com","description":"Los mejores accesorios BMW","publisher":{"@id":"https:\/\/macote.fr\/#organization"},"alternateName":"BMW tuning","potentialAction":[{"@type":"SearchAction","target":{"@type":"EntryPoint","urlTemplate":"https:\/\/macote.fr\/?s={search_term_string}"},"query-input":{"@type":"PropertyValueSpecification","valueRequired":true,"valueName":"search_term_string"}}],"inLanguage":"es"},{"@type":"Organization","@id":"https:\/\/macote.fr\/#organization","name":"Macote.es","alternateName":"BMW tuning","url":"https:\/\/macote.fr\/","logo":{"@type":"ImageObject","inLanguage":"es","@id":"https:\/\/macote.fr\/#\/schema\/logo\/image\/","url":"https:\/\/macote.fr\/wp-content\/uploads\/2023\/11\/LOGO-macote.fr-dessin-bmw-noir-copy.jpg","contentUrl":"https:\/\/macote.fr\/wp-content\/uploads\/2023\/11\/LOGO-macote.fr-dessin-bmw-noir-copy.jpg","width":732,"height":456,"caption":"Macote.fr"},"image":{"@id":"https:\/\/macote.fr\/#\/schema\/logo\/image\/"},"sameAs":["https:\/\/www.facebook.com\/profile.php?id=100091476586119","https:\/\/www.youtube.com\/channel\/UCgO-YTbaxYO-w_C5GfL-_1w","https:\/\/www.tiktok.com\/@macote.fr?is_from_webapp=1&sender_device=pc","https:\/\/www.instagram.com\/i_xila_i\/"]}]}},"_links":{"self":[{"href":"https:\/\/macote.fr\/es\/wp-json\/wp\/v2\/product\/7172","targetHints":{"allow":["GET"]}}],"collection":[{"href":"https:\/\/macote.fr\/es\/wp-json\/wp\/v2\/product"}],"about":[{"href":"https:\/\/macote.fr\/es\/wp-json\/wp\/v2\/types\/product"}],"replies":[{"embeddable":true,"href":"https:\/\/macote.fr\/es\/wp-json\/wp\/v2\/comments?post=7172"}],"wp:featuredmedia":[{"embeddable":true,"href":"https:\/\/macote.fr\/es\/wp-json\/wp\/v2\/media\/7179"}],"wp:attachment":[{"href":"https:\/\/macote.fr\/es\/wp-json\/wp\/v2\/media?parent=7172"}],"wp:term":[{"taxonomy":"product_brand","embeddable":true,"href":"https:\/\/macote.fr\/es\/wp-json\/wp\/v2\/product_brand?post=7172"},{"taxonomy":"product_cat","embeddable":true,"href":"https:\/\/macote.fr\/es\/wp-json\/wp\/v2\/product_cat?post=7172"},{"taxonomy":"product_tag","embeddable":true,"href":"https:\/\/macote.fr\/es\/wp-json\/wp\/v2\/product_tag?post=7172"}],"curies":[{"name":"wp","href":"https:\/\/api.w.org\/{rel}","templated":true}]}}