{"id":7292,"date":"2026-02-27T14:18:56","date_gmt":"2026-02-27T13:18:56","guid":{"rendered":"https:\/\/macote.fr\/"},"modified":"2026-02-27T14:19:35","modified_gmt":"2026-02-27T13:19:35","slug":"modulo-bluetooth-compatible-bmw-adaptador-jack-a-usb","status":"publish","type":"product","link":"https:\/\/macote.fr\/es\/producto\/modulo-bluetooth-compatible-bmw-adaptador-jack-a-usb\/","title":{"rendered":"M\u00f3dulo Bluetooth 5.0 compatible con BMW - Adaptador Jack\/Aux\/Usb"},"content":{"rendered":"<h1 style=\"text-align: center;\">M\u00f3dulo AUX Bluetooth BMW<\/h1>\n<h2 style=\"text-align: center;\" data-start=\"167\" data-end=\"236\">\u00a0Integraci\u00f3n discreta y sin modificaciones<\/h2>\n<h3 style=\"text-align: left;\" data-start=\"238\" data-end=\"279\">Moderniza tu BMW sin cambiar su aspecto<\/h3>\n<p data-start=\"281\" data-end=\"441\">Muchos BMW, especialmente la generaci\u00f3n E y algunos de los primeros modelos F, est\u00e1n equipados con una toma AUX, pero no disponen de transmisi\u00f3n de audio Bluetooth nativa, aunque s\u00ed tienen la opci\u00f3n de realizar llamadas.<\/p>\n<p data-start=\"443\" data-end=\"574\">Este m\u00f3dulo te permite a\u00f1adir la reproducci\u00f3n inal\u00e1mbrica de m\u00fasica a trav\u00e9s de Bluetooth simplemente utilizando la entrada AUX original del veh\u00edculo.<\/p>\n<p data-start=\"576\" data-end=\"648\">Sin cambios.<br data-start=\"596\" data-end=\"599\" \/>Sin codificaci\u00f3n.<br data-start=\"612\" data-end=\"615\" \/>No hay da\u00f1os en el sistema BMW.<\/p>\n<p data-start=\"650\" data-end=\"729\">Conservar\u00e1 la arquitectura original y disfrutar\u00e1 de un confort moderno, invisible y sin cables.<\/p>\n<hr data-start=\"731\" data-end=\"734\" \/>\n<h2 data-start=\"736\" data-end=\"765\">Principio de funcionamiento<\/h2>\n<p data-start=\"767\" data-end=\"790\">El m\u00f3dulo conecta :<\/p>\n<ul data-start=\"792\" data-end=\"903\">\n<li data-start=\"792\" data-end=\"828\">\n<p data-start=\"794\" data-end=\"828\">A la toma AUX de 3,5 mm del veh\u00edculo<\/p>\n<\/li>\n<li data-start=\"829\" data-end=\"903\">\n<p data-start=\"831\" data-end=\"903\">Fuente de alimentaci\u00f3n USB (enchufe USB original o adaptador para mechero)<\/p>\n<\/li>\n<\/ul>\n<p data-start=\"905\" data-end=\"1011\">Convierte la se\u00f1al Bluetooth de tu smartphone en una se\u00f1al de audio anal\u00f3gica transmitida a trav\u00e9s de la entrada AUX.<\/p>\n<p data-start=\"1013\" data-end=\"1053\">El veh\u00edculo sigue siendo totalmente original.<\/p>\n<hr data-start=\"1055\" data-end=\"1058\" \/>\n<h2 data-start=\"1060\" data-end=\"1080\">Compatibilidad BMW<\/h2>\n<p data-start=\"1082\" data-end=\"1146\">Compatible con cualquier BMW equipado con una toma AUX funcional.<\/p>\n<h3 data-start=\"1148\" data-end=\"1164\">Generaci\u00f3n E<\/h3>\n<p data-start=\"1166\" data-end=\"1199\">Serie 1<br data-start=\"1173\" data-end=\"1176\" \/>E81 \/ E82 \/ E87 \/ E88<\/p>\n<p data-start=\"1201\" data-end=\"1259\">Serie 3<br data-start=\"1208\" data-end=\"1211\" \/>E46 (con AUX activado)<br data-start=\"1233\" data-end=\"1236\" \/>E90 \/ E91 \/ E92 \/ E93<\/p>\n<p data-start=\"1261\" data-end=\"1308\">Serie 5<br data-start=\"1268\" data-end=\"1271\" \/>E39 (con actualizaci\u00f3n AUX)<br data-start=\"1294\" data-end=\"1297\" \/>E60 \/ E61<\/p>\n<p data-start=\"1310\" data-end=\"1331\">Serie 6<br data-start=\"1317\" data-end=\"1320\" \/>E63 \/ E64<\/p>\n<p data-start=\"1333\" data-end=\"1408\">Serie X<br data-start=\"1341\" data-end=\"1344\" \/>X1 E84<br data-start=\"1350\" data-end=\"1353\" \/>X3 E83<br data-start=\"1359\" data-end=\"1362\" \/>X3 F25<br data-start=\"1368\" data-end=\"1371\" \/>X5 E53 (con AUX)<br data-start=\"1388\" data-end=\"1391\" \/>X5 E70<br data-start=\"1397\" data-end=\"1400\" \/>X6 E71<\/p>\n<p data-start=\"1410\" data-end=\"1447\">Serie Z<br data-start=\"1418\" data-end=\"1421\" \/>Z4 E85<br data-start=\"1427\" data-end=\"1430\" \/>Z4 E86<br data-start=\"1436\" data-end=\"1439\" \/>Z4 E89<\/p>\n<hr data-start=\"1449\" data-end=\"1452\" \/>\n<h3 data-start=\"1454\" data-end=\"1470\">Generaci\u00f3n F<\/h3>\n<p data-start=\"1472\" data-end=\"1493\">Serie 1<br data-start=\"1479\" data-end=\"1482\" \/>F20 \/ F21<\/p>\n<p data-start=\"1495\" data-end=\"1528\">Serie 2<br data-start=\"1502\" data-end=\"1505\" \/>F22 \/ F23<br data-start=\"1514\" data-end=\"1517\" \/>F45 \/ F46<\/p>\n<p data-start=\"1530\" data-end=\"1557\">Serie 3<br data-start=\"1537\" data-end=\"1540\" \/>F30 \/ F31<br data-start=\"1549\" data-end=\"1552\" \/>F34<\/p>\n<p data-start=\"1559\" data-end=\"1586\">Serie 4<br data-start=\"1566\" data-end=\"1569\" \/>F32 \/ F33<br data-start=\"1578\" data-end=\"1581\" \/>F36<\/p>\n<p data-start=\"1588\" data-end=\"1615\">Serie 5<br data-start=\"1595\" data-end=\"1598\" \/>F07<br data-start=\"1601\" data-end=\"1604\" \/>F10 \/ F11<\/p>\n<p data-start=\"1617\" data-end=\"1644\">Serie 6<br data-start=\"1624\" data-end=\"1627\" \/>F06<br data-start=\"1630\" data-end=\"1633\" \/>F12 \/ F13<\/p>\n<p data-start=\"1646\" data-end=\"1673\">Serie 7<br data-start=\"1653\" data-end=\"1656\" \/>F01 \/ F02<br data-start=\"1665\" data-end=\"1668\" \/>F04<\/p>\n<p data-start=\"1675\" data-end=\"1730\">Serie X<br data-start=\"1683\" data-end=\"1686\" \/>X1 F48<br data-start=\"1692\" data-end=\"1695\" \/>X3 F25<br data-start=\"1701\" data-end=\"1704\" \/>X4 F26<br data-start=\"1710\" data-end=\"1713\" \/>X5 F15<br data-start=\"1719\" data-end=\"1722\" \/>X6 F16<\/p>\n<p data-start=\"1732\" data-end=\"1805\">Tambi\u00e9n compatible con cualquier otro BMW equipado con una entrada AUX de 3,5 mm.<\/p>\n<hr data-start=\"1807\" data-end=\"1810\" \/>\n<h2 data-start=\"1812\" data-end=\"1824\">Importante<\/h2>\n<p data-start=\"1826\" data-end=\"1863\">Este m\u00f3dulo requiere :<\/p>\n<ul data-start=\"1865\" data-end=\"1983\">\n<li data-start=\"1865\" data-end=\"1905\">\n<p data-start=\"1867\" data-end=\"1905\">Una toma AUX f\u00edsica funcional<\/p>\n<\/li>\n<li data-start=\"1906\" data-end=\"1983\">\n<p data-start=\"1908\" data-end=\"1983\">Posibilidad de seleccionar la fuente \u00abAUX\u00bb en el sistema multimedia.<\/p>\n<\/li>\n<\/ul>\n<p data-start=\"1985\" data-end=\"2077\">Si tu veh\u00edculo no dispone de entrada AUX, es posible que necesites un kit de activaci\u00f3n BMW.<\/p>\n<hr data-start=\"2079\" data-end=\"2082\" \/>\n<h2 data-start=\"2084\" data-end=\"2096\">Beneficios<\/h2>\n<p data-start=\"2098\" data-end=\"2242\">Instalaci\u00f3n Plug &amp; Play<br data-start=\"2122\" data-end=\"2125\" \/>Sin programaci\u00f3n<br data-start=\"2145\" data-end=\"2148\" \/>Sin fibra \u00f3ptica<br data-start=\"2168\" data-end=\"2171\" \/>Ninguna intervenci\u00f3n en la red CAN<br data-start=\"2208\" data-end=\"2211\" \/>Sin errores en el salpicadero<\/p>\n<p data-start=\"2244\" data-end=\"2334\">Compatible con iPhone y Android<br data-start=\"2272\" data-end=\"2275\" \/>Funciona con Spotify, Apple Music, Deezer, YouTube, etc.<\/p>\n<hr data-start=\"2336\" data-end=\"2339\" \/>\n<h2 data-start=\"2341\" data-end=\"2376\">\u00bfPara qu\u00e9 tipo de propietario?<\/h2>\n<p data-start=\"2378\" data-end=\"2404\">Este m\u00f3dulo es ideal para :<\/p>\n<ul data-start=\"2406\" data-end=\"2563\">\n<li data-start=\"2406\" data-end=\"2429\">\n<p data-start=\"2408\" data-end=\"2429\">BMW con iDrive CCC<\/p>\n<\/li>\n<li data-start=\"2430\" data-end=\"2457\">\n<p data-start=\"2432\" data-end=\"2457\">BMW con Business Radio<\/p>\n<\/li>\n<li data-start=\"2458\" data-end=\"2497\">\n<p data-start=\"2460\" data-end=\"2497\">BMW sin opci\u00f3n de transmisi\u00f3n Bluetooth<\/p>\n<\/li>\n<li data-start=\"2498\" data-end=\"2563\">\n<p data-start=\"2500\" data-end=\"2563\">Propietarios que deseen preservar la autenticidad del veh\u00edculo<\/p>\n<\/li>\n<\/ul>","protected":false},"excerpt":{"rendered":"<div class=\"flex flex-col text-sm pb-25\">\n<article class=\"text-token-text-primary w-full focus:outline-none [--shadow-height:45px] has-data-writing-block:pointer-events-none has-data-writing-block:-mt-(--shadow-height) has-data-writing-block:pt-(--shadow-height) [&amp;:has([data-writing-block])&gt;*]:pointer-events-auto scroll-mt-[calc(var(--header-height)+min(200px,max(70px,20svh)))]\" dir=\"auto\" tabindex=\"-1\" data-turn-id=\"request-WEB:8a4af5e4-d148-42f2-ae74-ec4b0c355b8f-8\" data-testid=\"conversation-turn-18\" data-scroll-anchor=\"true\" data-turn=\"assistant\">\n<div class=\"text-base my-auto mx-auto pb-10 [--thread-content-margin:--spacing(4)] @w-sm\/main:[--thread-content-margin:--spacing(6)] @w-lg\/main:[--thread-content-margin:--spacing(16)] px-(--thread-content-margin)\">\n<div class=\"[--thread-content-max-width:40rem] @w-lg\/main:[--thread-content-max-width:48rem] mx-auto max-w-(--thread-content-max-width) flex-1 group\/turn-messages focus-visible:outline-hidden relative flex w-full min-w-0 flex-col agent-turn\" tabindex=\"-1\">\n<div class=\"flex max-w-full flex-col grow\">\n<div class=\"min-h-8 text-message relative flex w-full flex-col items-end gap-2 text-start break-words whitespace-normal [.text-message+&amp;]:mt-1\" dir=\"auto\" data-message-author-role=\"assistant\" data-message-id=\"392e4bcc-4b61-4a58-90bf-b7875df92d82\" data-message-model-slug=\"gpt-5-2\">\n<div class=\"flex w-full flex-col gap-1 empty:hidden first:pt-[1px]\">\n<div class=\"markdown prose dark:prose-invert w-full wrap-break-word dark markdown-new-styling\">\n<p data-start=\"87\" data-end=\"154\"><strong data-start=\"87\" data-end=\"154\">Ajoutez le streaming Bluetooth \u00e0 votre BMW en toute simplicit\u00e9.<\/strong><\/p>\n<p data-start=\"156\" data-end=\"366\">Ce module Bluetooth AUX permet de diffuser votre musique sans fil via la prise AUX d\u2019origine de votre v\u00e9hicule.<br data-start=\"267\" data-end=\"270\" \/>Installation rapide, sans codage ni modification, tout en conservant l\u2019int\u00e9grit\u00e9 du syst\u00e8me BMW.<\/p>\n<p data-start=\"368\" data-end=\"453\">Compatible avec toutes les BMW \u00e9quip\u00e9es d\u2019une entr\u00e9e AUX 3.5 mm (g\u00e9n\u00e9rations E et F).<\/p>\n<p data-start=\"455\" data-end=\"516\" data-is-last-node=\"\" data-is-only-node=\"\">Solution discr\u00e8te, r\u00e9versible et imm\u00e9diatement fonctionnelle.<\/p>\n<\/div>\n<\/div>\n<\/div>\n<\/div>\n<\/div>\n<\/div>\n<\/article>\n<\/div>\n","protected":false},"featured_media":7296,"comment_status":"open","ping_status":"closed","template":"","meta":{"_eb_attr":""},"product_brand":[],"product_cat":[266,130,138,139,131,142,132,147,148,149,134,156,157,158,135,162,163,168,169,174,181,182,175,176,186,187,178,192,193],"product_tag":[],"class_list":{"0":"post-7292","1":"product","2":"type-product","3":"status-publish","4":"has-post-thumbnail","6":"product_cat-bmw-electronique-technologie","7":"product_cat-bmw-serie-1","8":"product_cat-bmw-serie-1-e87","9":"product_cat-bmw-serie-1-f20","10":"product_cat-bmw-serie-2","11":"product_cat-bmw-serie-2-f22-f23","12":"product_cat-bmw-serie-3","13":"product_cat-bmw-serie-3-e46","14":"product_cat-bmw-serie-3-e90-e91-e92-e93","15":"product_cat-bmw-serie-3-f30-f31-f34-f35","16":"product_cat-bmw-serie-5","17":"product_cat-bmw-serie-5-e39","18":"product_cat-bmw-serie-5-e60-e61","19":"product_cat-bmw-serie-5-f10-f11-f07-f18","20":"product_cat-bmw-serie-6","21":"product_cat-bmw-serie-6-e63-e64","22":"product_cat-bmw-serie-6-f06-f12-f13","23":"product_cat-bmw-serie-7-e65-e66-67-e68","24":"product_cat-bmw-serie-7-f01-f02","25":"product_cat-x1","26":"product_cat-x1-e84","27":"product_cat-x1-f48","28":"product_cat-x2","29":"product_cat-x3","30":"product_cat-x3-e83","31":"product_cat-x3-f25","32":"product_cat-x5","33":"product_cat-x5-e70","34":"product_cat-x5-f15","36":"first","37":"instock","38":"taxable","39":"shipping-taxable","40":"purchasable","41":"product-type-simple"},"yoast_head":"<!-- This site is optimized with the Yoast SEO Premium plugin v20.7 (Yoast SEO v27.3) - https:\/\/yoast.com\/product\/yoast-seo-premium-wordpress\/ -->\n<title>Module Bluetooth 5.0 compatible BMW - Adapateur Jack\/Aux\/Usb - MaCote.fr<\/title>\n<meta name=\"robots\" content=\"index, follow, max-snippet:-1, max-image-preview:large, max-video-preview:-1\" \/>\n<link rel=\"canonical\" href=\"https:\/\/macote.fr\/es\/producto\/modulo-bluetooth-compatible-bmw-adaptador-jack-a-usb\/\" \/>\n<meta property=\"og:locale\" content=\"es_ES\" \/>\n<meta property=\"og:type\" content=\"article\" \/>\n<meta property=\"og:title\" content=\"Module Bluetooth 5.0 compatible BMW - Adapateur Jack\/Aux\/Usb\" \/>\n<meta property=\"og:description\" content=\"Ajoutez le streaming Bluetooth \u00e0 votre BMW en toute simplicit\u00e9. Ce module Bluetooth AUX permet de diffuser votre musique sans fil via la prise AUX d\u2019origine de votre v\u00e9hicule.Installation rapide, sans codage ni modification, tout en conservant l\u2019int\u00e9grit\u00e9 du syst\u00e8me BMW. Compatible avec toutes les BMW \u00e9quip\u00e9es d\u2019une entr\u00e9e AUX 3.5 mm (g\u00e9n\u00e9rations E et F). Solution discr\u00e8te, r\u00e9versible et imm\u00e9diatement fonctionnelle.\" \/>\n<meta property=\"og:url\" content=\"https:\/\/macote.fr\/es\/producto\/modulo-bluetooth-compatible-bmw-adaptador-jack-a-usb\/\" \/>\n<meta property=\"og:site_name\" content=\"MaCote.fr\" \/>\n<meta property=\"article:publisher\" content=\"https:\/\/www.facebook.com\/profile.php?id=100091476586119\" \/>\n<meta property=\"article:modified_time\" content=\"2026-02-27T13:19:35+00:00\" \/>\n<meta property=\"og:image\" content=\"https:\/\/macote.fr\/wp-content\/uploads\/2026\/02\/adaptateur-bluetooth-prise-aux-bmw.webp\" \/>\n\t<meta property=\"og:image:width\" content=\"1001\" \/>\n\t<meta property=\"og:image:height\" content=\"1001\" \/>\n\t<meta property=\"og:image:type\" content=\"image\/webp\" \/>\n<meta name=\"twitter:card\" content=\"summary_large_image\" \/>\n<meta name=\"twitter:label1\" content=\"Tiempo de lectura\" \/>\n\t<meta name=\"twitter:data1\" content=\"3 minutos\" \/>\n<script type=\"application\/ld+json\" class=\"yoast-schema-graph\">{\"@context\":\"https:\\\/\\\/schema.org\",\"@graph\":[{\"@type\":\"WebPage\",\"@id\":\"https:\\\/\\\/macote.fr\\\/produit\\\/module-bluetooth-compatible-bmw-adapateur-jack-aux-usb\\\/\",\"url\":\"https:\\\/\\\/macote.fr\\\/produit\\\/module-bluetooth-compatible-bmw-adapateur-jack-aux-usb\\\/\",\"name\":\"Module Bluetooth 5.0 compatible BMW - Adapateur Jack\\\/Aux\\\/Usb - MaCote.fr\",\"isPartOf\":{\"@id\":\"https:\\\/\\\/macote.fr\\\/#website\"},\"primaryImageOfPage\":{\"@id\":\"https:\\\/\\\/macote.fr\\\/produit\\\/module-bluetooth-compatible-bmw-adapateur-jack-aux-usb\\\/#primaryimage\"},\"image\":{\"@id\":\"https:\\\/\\\/macote.fr\\\/produit\\\/module-bluetooth-compatible-bmw-adapateur-jack-aux-usb\\\/#primaryimage\"},\"thumbnailUrl\":\"https:\\\/\\\/macote.fr\\\/wp-content\\\/uploads\\\/2026\\\/02\\\/adaptateur-bluetooth-prise-aux-bmw.webp\",\"datePublished\":\"2026-02-27T13:18:56+00:00\",\"dateModified\":\"2026-02-27T13:19:35+00:00\",\"breadcrumb\":{\"@id\":\"https:\\\/\\\/macote.fr\\\/produit\\\/module-bluetooth-compatible-bmw-adapateur-jack-aux-usb\\\/#breadcrumb\"},\"inLanguage\":\"es\",\"potentialAction\":[{\"@type\":\"ReadAction\",\"target\":[\"https:\\\/\\\/macote.fr\\\/produit\\\/module-bluetooth-compatible-bmw-adapateur-jack-aux-usb\\\/\"]}]},{\"@type\":\"ImageObject\",\"inLanguage\":\"es\",\"@id\":\"https:\\\/\\\/macote.fr\\\/produit\\\/module-bluetooth-compatible-bmw-adapateur-jack-aux-usb\\\/#primaryimage\",\"url\":\"https:\\\/\\\/macote.fr\\\/wp-content\\\/uploads\\\/2026\\\/02\\\/adaptateur-bluetooth-prise-aux-bmw.webp\",\"contentUrl\":\"https:\\\/\\\/macote.fr\\\/wp-content\\\/uploads\\\/2026\\\/02\\\/adaptateur-bluetooth-prise-aux-bmw.webp\",\"width\":1001,\"height\":1001,\"caption\":\"adaptateur bluetooth prise aux bmw\"},{\"@type\":\"BreadcrumbList\",\"@id\":\"https:\\\/\\\/macote.fr\\\/produit\\\/module-bluetooth-compatible-bmw-adapateur-jack-aux-usb\\\/#breadcrumb\",\"itemListElement\":[{\"@type\":\"ListItem\",\"position\":1,\"name\":\"Accueil\",\"item\":\"https:\\\/\\\/macote.fr\\\/\"},{\"@type\":\"ListItem\",\"position\":2,\"name\":\"Boutique\",\"item\":\"https:\\\/\\\/macote.fr\\\/boutique\\\/\"},{\"@type\":\"ListItem\",\"position\":3,\"name\":\"Module Bluetooth 5.0 compatible BMW &#8211; Adapateur Jack\\\/Aux\\\/Usb\"}]},{\"@type\":\"WebSite\",\"@id\":\"https:\\\/\\\/macote.fr\\\/#website\",\"url\":\"https:\\\/\\\/macote.fr\\\/\",\"name\":\"MaCote.fr\",\"description\":\"BMW best accessories\",\"publisher\":{\"@id\":\"https:\\\/\\\/macote.fr\\\/#organization\"},\"alternateName\":\"BMW tuning\",\"potentialAction\":[{\"@type\":\"SearchAction\",\"target\":{\"@type\":\"EntryPoint\",\"urlTemplate\":\"https:\\\/\\\/macote.fr\\\/?s={search_term_string}\"},\"query-input\":{\"@type\":\"PropertyValueSpecification\",\"valueRequired\":true,\"valueName\":\"search_term_string\"}}],\"inLanguage\":\"es\"},{\"@type\":\"Organization\",\"@id\":\"https:\\\/\\\/macote.fr\\\/#organization\",\"name\":\"Macote.fr\",\"alternateName\":\"BMW tuning\",\"url\":\"https:\\\/\\\/macote.fr\\\/\",\"logo\":{\"@type\":\"ImageObject\",\"inLanguage\":\"es\",\"@id\":\"https:\\\/\\\/macote.fr\\\/#\\\/schema\\\/logo\\\/image\\\/\",\"url\":\"https:\\\/\\\/macote.fr\\\/wp-content\\\/uploads\\\/2023\\\/11\\\/LOGO-macote.fr-dessin-bmw-noir-copy.jpg\",\"contentUrl\":\"https:\\\/\\\/macote.fr\\\/wp-content\\\/uploads\\\/2023\\\/11\\\/LOGO-macote.fr-dessin-bmw-noir-copy.jpg\",\"width\":732,\"height\":456,\"caption\":\"Macote.fr\"},\"image\":{\"@id\":\"https:\\\/\\\/macote.fr\\\/#\\\/schema\\\/logo\\\/image\\\/\"},\"sameAs\":[\"https:\\\/\\\/www.facebook.com\\\/profile.php?id=100091476586119\",\"https:\\\/\\\/www.youtube.com\\\/channel\\\/UCgO-YTbaxYO-w_C5GfL-_1w\",\"https:\\\/\\\/www.tiktok.com\\\/@macote.fr?is_from_webapp=1&sender_device=pc\",\"https:\\\/\\\/www.instagram.com\\\/i_xila_i\\\/\"]}]}<\/script>\n<!-- \/ Yoast SEO Premium plugin. -->","yoast_head_json":{"title":"M\u00f3dulo Bluetooth 5.0 compatible BMW - Adaptador Jack\/Aux\/Usb - MaCote.fr","robots":{"index":"index","follow":"follow","max-snippet":"max-snippet:-1","max-image-preview":"max-image-preview:large","max-video-preview":"max-video-preview:-1"},"canonical":"https:\/\/macote.fr\/es\/producto\/modulo-bluetooth-compatible-bmw-adaptador-jack-a-usb\/","og_locale":"es_ES","og_type":"article","og_title":"Module Bluetooth 5.0 compatible BMW - Adapateur Jack\/Aux\/Usb","og_description":"Ajoutez le streaming Bluetooth \u00e0 votre BMW en toute simplicit\u00e9. Ce module Bluetooth AUX permet de diffuser votre musique sans fil via la prise AUX d\u2019origine de votre v\u00e9hicule.Installation rapide, sans codage ni modification, tout en conservant l\u2019int\u00e9grit\u00e9 du syst\u00e8me BMW. Compatible avec toutes les BMW \u00e9quip\u00e9es d\u2019une entr\u00e9e AUX 3.5 mm (g\u00e9n\u00e9rations E et F). Solution discr\u00e8te, r\u00e9versible et imm\u00e9diatement fonctionnelle.","og_url":"https:\/\/macote.fr\/es\/producto\/modulo-bluetooth-compatible-bmw-adaptador-jack-a-usb\/","og_site_name":"MaCote.fr","article_publisher":"https:\/\/www.facebook.com\/profile.php?id=100091476586119","article_modified_time":"2026-02-27T13:19:35+00:00","og_image":[{"width":1001,"height":1001,"url":"https:\/\/macote.fr\/wp-content\/uploads\/2026\/02\/adaptateur-bluetooth-prise-aux-bmw.webp","type":"image\/webp"}],"twitter_card":"summary_large_image","twitter_misc":{"Tiempo de lectura":"3 minutos"},"schema":{"@context":"https:\/\/schema.org","@graph":[{"@type":"WebPage","@id":"https:\/\/macote.fr\/produit\/module-bluetooth-compatible-bmw-adapateur-jack-aux-usb\/","url":"https:\/\/macote.fr\/produit\/module-bluetooth-compatible-bmw-adapateur-jack-aux-usb\/","name":"M\u00f3dulo Bluetooth 5.0 compatible BMW - Adaptador Jack\/Aux\/Usb - MaCote.fr","isPartOf":{"@id":"https:\/\/macote.fr\/#website"},"primaryImageOfPage":{"@id":"https:\/\/macote.fr\/produit\/module-bluetooth-compatible-bmw-adapateur-jack-aux-usb\/#primaryimage"},"image":{"@id":"https:\/\/macote.fr\/produit\/module-bluetooth-compatible-bmw-adapateur-jack-aux-usb\/#primaryimage"},"thumbnailUrl":"https:\/\/macote.fr\/wp-content\/uploads\/2026\/02\/adaptateur-bluetooth-prise-aux-bmw.webp","datePublished":"2026-02-27T13:18:56+00:00","dateModified":"2026-02-27T13:19:35+00:00","breadcrumb":{"@id":"https:\/\/macote.fr\/produit\/module-bluetooth-compatible-bmw-adapateur-jack-aux-usb\/#breadcrumb"},"inLanguage":"es","potentialAction":[{"@type":"ReadAction","target":["https:\/\/macote.fr\/produit\/module-bluetooth-compatible-bmw-adapateur-jack-aux-usb\/"]}]},{"@type":"ImageObject","inLanguage":"es","@id":"https:\/\/macote.fr\/produit\/module-bluetooth-compatible-bmw-adapateur-jack-aux-usb\/#primaryimage","url":"https:\/\/macote.fr\/wp-content\/uploads\/2026\/02\/adaptateur-bluetooth-prise-aux-bmw.webp","contentUrl":"https:\/\/macote.fr\/wp-content\/uploads\/2026\/02\/adaptateur-bluetooth-prise-aux-bmw.webp","width":1001,"height":1001,"caption":"adaptateur bluetooth prise aux bmw"},{"@type":"BreadcrumbList","@id":"https:\/\/macote.fr\/produit\/module-bluetooth-compatible-bmw-adapateur-jack-aux-usb\/#breadcrumb","itemListElement":[{"@type":"ListItem","position":1,"name":"Accueil","item":"https:\/\/macote.fr\/"},{"@type":"ListItem","position":2,"name":"Boutique","item":"https:\/\/macote.fr\/boutique\/"},{"@type":"ListItem","position":3,"name":"Module Bluetooth 5.0 compatible BMW &#8211; Adapateur Jack\/Aux\/Usb"}]},{"@type":"WebSite","@id":"https:\/\/macote.fr\/#website","url":"https:\/\/macote.fr\/","name":"MyQuote.com","description":"Los mejores accesorios BMW","publisher":{"@id":"https:\/\/macote.fr\/#organization"},"alternateName":"BMW tuning","potentialAction":[{"@type":"SearchAction","target":{"@type":"EntryPoint","urlTemplate":"https:\/\/macote.fr\/?s={search_term_string}"},"query-input":{"@type":"PropertyValueSpecification","valueRequired":true,"valueName":"search_term_string"}}],"inLanguage":"es"},{"@type":"Organization","@id":"https:\/\/macote.fr\/#organization","name":"Macote.es","alternateName":"BMW tuning","url":"https:\/\/macote.fr\/","logo":{"@type":"ImageObject","inLanguage":"es","@id":"https:\/\/macote.fr\/#\/schema\/logo\/image\/","url":"https:\/\/macote.fr\/wp-content\/uploads\/2023\/11\/LOGO-macote.fr-dessin-bmw-noir-copy.jpg","contentUrl":"https:\/\/macote.fr\/wp-content\/uploads\/2023\/11\/LOGO-macote.fr-dessin-bmw-noir-copy.jpg","width":732,"height":456,"caption":"Macote.fr"},"image":{"@id":"https:\/\/macote.fr\/#\/schema\/logo\/image\/"},"sameAs":["https:\/\/www.facebook.com\/profile.php?id=100091476586119","https:\/\/www.youtube.com\/channel\/UCgO-YTbaxYO-w_C5GfL-_1w","https:\/\/www.tiktok.com\/@macote.fr?is_from_webapp=1&sender_device=pc","https:\/\/www.instagram.com\/i_xila_i\/"]}]}},"_links":{"self":[{"href":"https:\/\/macote.fr\/es\/wp-json\/wp\/v2\/product\/7292","targetHints":{"allow":["GET"]}}],"collection":[{"href":"https:\/\/macote.fr\/es\/wp-json\/wp\/v2\/product"}],"about":[{"href":"https:\/\/macote.fr\/es\/wp-json\/wp\/v2\/types\/product"}],"replies":[{"embeddable":true,"href":"https:\/\/macote.fr\/es\/wp-json\/wp\/v2\/comments?post=7292"}],"wp:featuredmedia":[{"embeddable":true,"href":"https:\/\/macote.fr\/es\/wp-json\/wp\/v2\/media\/7296"}],"wp:attachment":[{"href":"https:\/\/macote.fr\/es\/wp-json\/wp\/v2\/media?parent=7292"}],"wp:term":[{"taxonomy":"product_brand","embeddable":true,"href":"https:\/\/macote.fr\/es\/wp-json\/wp\/v2\/product_brand?post=7292"},{"taxonomy":"product_cat","embeddable":true,"href":"https:\/\/macote.fr\/es\/wp-json\/wp\/v2\/product_cat?post=7292"},{"taxonomy":"product_tag","embeddable":true,"href":"https:\/\/macote.fr\/es\/wp-json\/wp\/v2\/product_tag?post=7292"}],"curies":[{"name":"wp","href":"https:\/\/api.w.org\/{rel}","templated":true}]}}